{"id":21778,"date":"2024-04-27T18:11:56","date_gmt":"2024-04-27T18:11:56","guid":{"rendered":"https:\/\/joyasyasmin.com\/producto\/bracelet-veilleuse-celeste\/"},"modified":"2025-09-01T07:43:50","modified_gmt":"2025-09-01T07:43:50","slug":"bracelet-veilleuse-celeste","status":"publish","type":"product","link":"https:\/\/joyasyasmin.com\/fr\/producto\/bracelet-veilleuse-celeste\/","title":{"rendered":"Bracelet Veilleuse C\u00e9leste"},"content":{"rendered":"","protected":false},"excerpt":{"rendered":"<p>D\u00e9couvrez le Bracelet Veilleuse C\u00e9leste et ajoutez une touche de magie \u00e0 votre style ! Fabriqu\u00e9e en argent sterling 925, cette pi\u00e8ce \u00e9blouissante allie une \u00e9l\u00e9gance intemporelle \u00e0 une touche de myst\u00e8re paradisiaque. Chaque d\u00e9tail a \u00e9t\u00e9 m\u00e9ticuleusement con\u00e7u pour capturer la beaut\u00e9 \u00e9th\u00e9r\u00e9e de l\u2019univers.  <\/p>\n<p>Le bracelet est dot\u00e9 d\u2019une cha\u00eene rolo douce et d\u00e9licate de 1 mm qui unit deux \u00e9toiles enchanteresses et deux lunes, le tout orn\u00e9 de zircons brillants qui ajoutent une lueur c\u00e9leste. Avec une longueur de 16 cm, plus une extension de 3 cm, ce bracelet s\u2019adapte parfaitement \u00e0 votre poignet, offrant confort et style sans effort. <\/p>\n","protected":false},"featured_media":21780,"comment_status":"open","ping_status":"closed","template":"","meta":{"_acf_changed":false,"_joinchat":[]},"product_brand":[],"product_cat":[1790],"product_tag":[],"class_list":{"0":"post-21778","1":"product","2":"type-product","3":"status-publish","4":"has-post-thumbnail","6":"product_cat-bracelets","8":"first","9":"instock","10":"shipping-taxable","11":"purchasable","12":"product-type-simple"},"acf":[],"yoast_head":"<!-- This site is optimized with the Yoast SEO plugin v27.2 - https:\/\/yoast.com\/product\/yoast-seo-wordpress\/ -->\n<title>Bracelet Veilleuse C\u00e9leste - Yasmin<\/title>\n<meta name=\"description\" content=\"Le bracelet veilleuse c\u00e9leste ajoute une touche de magie \u00e0 votre style ! Il est fabriqu\u00e9 en argent sterling 925, alliant \u00e9l\u00e9gance et myst\u00e8re c\u00e9leste.\" \/>\n<meta name=\"robots\" content=\"index, follow, max-snippet:-1, max-image-preview:large, max-video-preview:-1\" \/>\n<link rel=\"canonical\" href=\"https:\/\/joyasyasmin.com\/fr\/producto\/bracelet-veilleuse-celeste\/\" \/>\n<meta property=\"og:locale\" content=\"fr_FR\" \/>\n<meta property=\"og:title\" content=\"Bracelet Veilleuse C\u00e9leste - Yasmin\" \/>\n<meta property=\"og:description\" content=\"Le bracelet veilleuse c\u00e9leste ajoute une touche de magie \u00e0 votre style ! Il est fabriqu\u00e9 en argent sterling 925, alliant \u00e9l\u00e9gance et myst\u00e8re c\u00e9leste.\" \/>\n<meta property=\"og:url\" content=\"https:\/\/joyasyasmin.com\/fr\/producto\/bracelet-veilleuse-celeste\/\" \/>\n<meta property=\"og:site_name\" content=\"Yasmin\" \/>\n<meta property=\"article:publisher\" content=\"https:\/\/www.facebook.com\/Joyas-Yasmin-217664058934169\/\" \/>\n<meta property=\"article:modified_time\" content=\"2025-09-01T07:43:50+00:00\" \/>\n<meta property=\"og:image\" content=\"https:\/\/joyasyasmin.com\/wp-content\/uploads\/2024\/04\/pulsera-luna-y-estrellas.jpg\" \/>\n\t<meta property=\"og:image:width\" content=\"1000\" \/>\n\t<meta property=\"og:image:height\" content=\"1000\" \/>\n\t<meta property=\"og:image:type\" content=\"image\/jpeg\" \/>\n<meta name=\"twitter:card\" content=\"summary_large_image\" \/>\n<script type=\"application\/ld+json\" class=\"yoast-schema-graph\">{\"@context\":\"https:\/\/schema.org\",\"@graph\":[{\"@type\":[\"WebPage\",\"ItemPage\"],\"@id\":\"https:\/\/joyasyasmin.com\/fr\/producto\/bracelet-veilleuse-celeste\/\",\"url\":\"https:\/\/joyasyasmin.com\/fr\/producto\/bracelet-veilleuse-celeste\/\",\"name\":\"Bracelet Veilleuse C\u00e9leste - Yasmin\",\"isPartOf\":{\"@id\":\"https:\/\/joyasyasmin.com\/fr\/#website\"},\"primaryImageOfPage\":{\"@id\":\"https:\/\/joyasyasmin.com\/fr\/producto\/bracelet-veilleuse-celeste\/#primaryimage\"},\"image\":{\"@id\":\"https:\/\/joyasyasmin.com\/fr\/producto\/bracelet-veilleuse-celeste\/#primaryimage\"},\"thumbnailUrl\":\"https:\/\/joyasyasmin.com\/wp-content\/uploads\/2024\/04\/pulsera-luna-y-estrellas.jpg\",\"datePublished\":\"2024-04-27T18:11:56+00:00\",\"dateModified\":\"2025-09-01T07:43:50+00:00\",\"description\":\"Le bracelet veilleuse c\u00e9leste ajoute une touche de magie \u00e0 votre style ! Il est fabriqu\u00e9 en argent sterling 925, alliant \u00e9l\u00e9gance et myst\u00e8re c\u00e9leste.\",\"breadcrumb\":{\"@id\":\"https:\/\/joyasyasmin.com\/fr\/producto\/bracelet-veilleuse-celeste\/#breadcrumb\"},\"inLanguage\":\"fr-FR\",\"potentialAction\":[{\"@type\":\"ReadAction\",\"target\":[\"https:\/\/joyasyasmin.com\/fr\/producto\/bracelet-veilleuse-celeste\/\"]}]},{\"@type\":\"ImageObject\",\"inLanguage\":\"fr-FR\",\"@id\":\"https:\/\/joyasyasmin.com\/fr\/producto\/bracelet-veilleuse-celeste\/#primaryimage\",\"url\":\"https:\/\/joyasyasmin.com\/wp-content\/uploads\/2024\/04\/pulsera-luna-y-estrellas.jpg\",\"contentUrl\":\"https:\/\/joyasyasmin.com\/wp-content\/uploads\/2024\/04\/pulsera-luna-y-estrellas.jpg\",\"width\":1000,\"height\":1000,\"caption\":\"Bracelet Lune et \u00c9toile \u00e0 vendre et combine Bracelet Nuit Lumi\u00e8re C\u00e9leste est en argent sterling 925\"},{\"@type\":\"BreadcrumbList\",\"@id\":\"https:\/\/joyasyasmin.com\/fr\/producto\/bracelet-veilleuse-celeste\/#breadcrumb\",\"itemListElement\":[{\"@type\":\"ListItem\",\"position\":1,\"name\":\"Portada\",\"item\":\"https:\/\/joyasyasmin.com\/fr\/domicile\/\"},{\"@type\":\"ListItem\",\"position\":2,\"name\":\"Boutique\",\"item\":\"https:\/\/joyasyasmin.com\/fr\/boutique\/\"},{\"@type\":\"ListItem\",\"position\":3,\"name\":\"Bracelet Veilleuse C\u00e9leste\"}]},{\"@type\":\"WebSite\",\"@id\":\"https:\/\/joyasyasmin.com\/fr\/#website\",\"url\":\"https:\/\/joyasyasmin.com\/fr\/\",\"name\":\"Yasmin\",\"description\":\"Joyer\u00eda de Plata 925 - Pendientes, pulseras, anillos, colgantes y m\u00e1s!\",\"publisher\":{\"@id\":\"https:\/\/joyasyasmin.com\/fr\/#organization\"},\"potentialAction\":[{\"@type\":\"SearchAction\",\"target\":{\"@type\":\"EntryPoint\",\"urlTemplate\":\"https:\/\/joyasyasmin.com\/fr\/?s={search_term_string}\"},\"query-input\":{\"@type\":\"PropertyValueSpecification\",\"valueRequired\":true,\"valueName\":\"search_term_string\"}}],\"inLanguage\":\"fr-FR\"},{\"@type\":\"Organization\",\"@id\":\"https:\/\/joyasyasmin.com\/fr\/#organization\",\"name\":\"joyas yasmin\",\"url\":\"https:\/\/joyasyasmin.com\/fr\/\",\"logo\":{\"@type\":\"ImageObject\",\"inLanguage\":\"fr-FR\",\"@id\":\"https:\/\/joyasyasmin.com\/fr\/#\/schema\/logo\/image\/\",\"url\":\"https:\/\/joyasyasmin.com\/wp-content\/uploads\/2017\/06\/IMG-20200429-WA0051.jpg\",\"contentUrl\":\"https:\/\/joyasyasmin.com\/wp-content\/uploads\/2017\/06\/IMG-20200429-WA0051.jpg\",\"width\":1080,\"height\":545,\"caption\":\"joyas yasmin\"},\"image\":{\"@id\":\"https:\/\/joyasyasmin.com\/fr\/#\/schema\/logo\/image\/\"},\"sameAs\":[\"https:\/\/www.facebook.com\/Joyas-Yasmin-217664058934169\/\",\"https:\/\/www.instagram.com\/invites\/contact\/\"]}]}<\/script>\n<!-- \/ Yoast SEO plugin. -->","yoast_head_json":{"title":"Bracelet Veilleuse C\u00e9leste - Yasmin","description":"Le bracelet veilleuse c\u00e9leste ajoute une touche de magie \u00e0 votre style ! Il est fabriqu\u00e9 en argent sterling 925, alliant \u00e9l\u00e9gance et myst\u00e8re c\u00e9leste.","robots":{"index":"index","follow":"follow","max-snippet":"max-snippet:-1","max-image-preview":"max-image-preview:large","max-video-preview":"max-video-preview:-1"},"canonical":"https:\/\/joyasyasmin.com\/fr\/producto\/bracelet-veilleuse-celeste\/","og_locale":"fr_FR","og_title":"Bracelet Veilleuse C\u00e9leste - Yasmin","og_description":"Le bracelet veilleuse c\u00e9leste ajoute une touche de magie \u00e0 votre style ! Il est fabriqu\u00e9 en argent sterling 925, alliant \u00e9l\u00e9gance et myst\u00e8re c\u00e9leste.","og_url":"https:\/\/joyasyasmin.com\/fr\/producto\/bracelet-veilleuse-celeste\/","og_site_name":"Yasmin","article_publisher":"https:\/\/www.facebook.com\/Joyas-Yasmin-217664058934169\/","article_modified_time":"2025-09-01T07:43:50+00:00","og_image":[{"width":1000,"height":1000,"url":"https:\/\/joyasyasmin.com\/wp-content\/uploads\/2024\/04\/pulsera-luna-y-estrellas.jpg","type":"image\/jpeg"}],"twitter_card":"summary_large_image","schema":{"@context":"https:\/\/schema.org","@graph":[{"@type":["WebPage","ItemPage"],"@id":"https:\/\/joyasyasmin.com\/fr\/producto\/bracelet-veilleuse-celeste\/","url":"https:\/\/joyasyasmin.com\/fr\/producto\/bracelet-veilleuse-celeste\/","name":"Bracelet Veilleuse C\u00e9leste - Yasmin","isPartOf":{"@id":"https:\/\/joyasyasmin.com\/fr\/#website"},"primaryImageOfPage":{"@id":"https:\/\/joyasyasmin.com\/fr\/producto\/bracelet-veilleuse-celeste\/#primaryimage"},"image":{"@id":"https:\/\/joyasyasmin.com\/fr\/producto\/bracelet-veilleuse-celeste\/#primaryimage"},"thumbnailUrl":"https:\/\/joyasyasmin.com\/wp-content\/uploads\/2024\/04\/pulsera-luna-y-estrellas.jpg","datePublished":"2024-04-27T18:11:56+00:00","dateModified":"2025-09-01T07:43:50+00:00","description":"Le bracelet veilleuse c\u00e9leste ajoute une touche de magie \u00e0 votre style ! Il est fabriqu\u00e9 en argent sterling 925, alliant \u00e9l\u00e9gance et myst\u00e8re c\u00e9leste.","breadcrumb":{"@id":"https:\/\/joyasyasmin.com\/fr\/producto\/bracelet-veilleuse-celeste\/#breadcrumb"},"inLanguage":"fr-FR","potentialAction":[{"@type":"ReadAction","target":["https:\/\/joyasyasmin.com\/fr\/producto\/bracelet-veilleuse-celeste\/"]}]},{"@type":"ImageObject","inLanguage":"fr-FR","@id":"https:\/\/joyasyasmin.com\/fr\/producto\/bracelet-veilleuse-celeste\/#primaryimage","url":"https:\/\/joyasyasmin.com\/wp-content\/uploads\/2024\/04\/pulsera-luna-y-estrellas.jpg","contentUrl":"https:\/\/joyasyasmin.com\/wp-content\/uploads\/2024\/04\/pulsera-luna-y-estrellas.jpg","width":1000,"height":1000,"caption":"Bracelet Lune et \u00c9toile \u00e0 vendre et combine Bracelet Nuit Lumi\u00e8re C\u00e9leste est en argent sterling 925"},{"@type":"BreadcrumbList","@id":"https:\/\/joyasyasmin.com\/fr\/producto\/bracelet-veilleuse-celeste\/#breadcrumb","itemListElement":[{"@type":"ListItem","position":1,"name":"Portada","item":"https:\/\/joyasyasmin.com\/fr\/domicile\/"},{"@type":"ListItem","position":2,"name":"Boutique","item":"https:\/\/joyasyasmin.com\/fr\/boutique\/"},{"@type":"ListItem","position":3,"name":"Bracelet Veilleuse C\u00e9leste"}]},{"@type":"WebSite","@id":"https:\/\/joyasyasmin.com\/fr\/#website","url":"https:\/\/joyasyasmin.com\/fr\/","name":"Yasmin","description":"Joyer\u00eda de Plata 925 - Pendientes, pulseras, anillos, colgantes y m\u00e1s!","publisher":{"@id":"https:\/\/joyasyasmin.com\/fr\/#organization"},"potentialAction":[{"@type":"SearchAction","target":{"@type":"EntryPoint","urlTemplate":"https:\/\/joyasyasmin.com\/fr\/?s={search_term_string}"},"query-input":{"@type":"PropertyValueSpecification","valueRequired":true,"valueName":"search_term_string"}}],"inLanguage":"fr-FR"},{"@type":"Organization","@id":"https:\/\/joyasyasmin.com\/fr\/#organization","name":"joyas yasmin","url":"https:\/\/joyasyasmin.com\/fr\/","logo":{"@type":"ImageObject","inLanguage":"fr-FR","@id":"https:\/\/joyasyasmin.com\/fr\/#\/schema\/logo\/image\/","url":"https:\/\/joyasyasmin.com\/wp-content\/uploads\/2017\/06\/IMG-20200429-WA0051.jpg","contentUrl":"https:\/\/joyasyasmin.com\/wp-content\/uploads\/2017\/06\/IMG-20200429-WA0051.jpg","width":1080,"height":545,"caption":"joyas yasmin"},"image":{"@id":"https:\/\/joyasyasmin.com\/fr\/#\/schema\/logo\/image\/"},"sameAs":["https:\/\/www.facebook.com\/Joyas-Yasmin-217664058934169\/","https:\/\/www.instagram.com\/invites\/contact\/"]}]}},"_links":{"self":[{"href":"https:\/\/joyasyasmin.com\/fr\/wp-json\/wp\/v2\/product\/21778","targetHints":{"allow":["GET"]}}],"collection":[{"href":"https:\/\/joyasyasmin.com\/fr\/wp-json\/wp\/v2\/product"}],"about":[{"href":"https:\/\/joyasyasmin.com\/fr\/wp-json\/wp\/v2\/types\/product"}],"replies":[{"embeddable":true,"href":"https:\/\/joyasyasmin.com\/fr\/wp-json\/wp\/v2\/comments?post=21778"}],"version-history":[{"count":1,"href":"https:\/\/joyasyasmin.com\/fr\/wp-json\/wp\/v2\/product\/21778\/revisions"}],"predecessor-version":[{"id":34552,"href":"https:\/\/joyasyasmin.com\/fr\/wp-json\/wp\/v2\/product\/21778\/revisions\/34552"}],"wp:featuredmedia":[{"embeddable":true,"href":"https:\/\/joyasyasmin.com\/fr\/wp-json\/wp\/v2\/media\/21780"}],"wp:attachment":[{"href":"https:\/\/joyasyasmin.com\/fr\/wp-json\/wp\/v2\/media?parent=21778"}],"wp:term":[{"taxonomy":"product_brand","embeddable":true,"href":"https:\/\/joyasyasmin.com\/fr\/wp-json\/wp\/v2\/product_brand?post=21778"},{"taxonomy":"product_cat","embeddable":true,"href":"https:\/\/joyasyasmin.com\/fr\/wp-json\/wp\/v2\/product_cat?post=21778"},{"taxonomy":"product_tag","embeddable":true,"href":"https:\/\/joyasyasmin.com\/fr\/wp-json\/wp\/v2\/product_tag?post=21778"}],"curies":[{"name":"wp","href":"https:\/\/api.w.org\/{rel}","templated":true}]}}