{"id":21860,"date":"2024-05-09T19:00:39","date_gmt":"2024-05-09T19:00:39","guid":{"rendered":"https:\/\/joyasyasmin.com\/producto\/boucle-doreille-coeur-de-lumiere\/"},"modified":"2025-11-10T11:31:02","modified_gmt":"2025-11-10T11:31:02","slug":"boucle-doreille-coeur-de-lumiere","status":"publish","type":"product","link":"https:\/\/joyasyasmin.com\/fr\/producto\/boucle-doreille-coeur-de-lumiere\/","title":{"rendered":"Boucle d\u2019oreille C\u0153ur de Lumi\u00e8re"},"content":{"rendered":"","protected":false},"excerpt":{"rendered":"<p>Cette charmante boucle d\u2019oreille en argent sterling incarne l\u2019\u00e9l\u00e9gance dans sa forme la plus d\u00e9licate. Dot\u00e9e d\u2019un design sublime, elle arbore en son centre un c\u0153ur de nacre, rayonnant d\u2019une beaut\u00e9 naturelle et sereine. La nacre, aux tons iris\u00e9s, ajoute une touche de sophistication subtile et intemporelle \u00e0 cette pi\u00e8ce. Autour du c\u0153ur en nacre se trouvent des zircons scintillants soigneusement incrust\u00e9s, qui ajoutent des \u00e9clairs de lumi\u00e8re et un \u00e9clat \u00e9blouissant \u00e0 cette boucle d\u2019oreille. La combinaison harmonieuse de ces \u00e9l\u00e9ments cr\u00e9e un bijou d\u2019exception, parfait pour ajouter une touche de charme \u00e0 n\u2019importe quelle tenue.    <\/p>\n","protected":false},"featured_media":21861,"comment_status":"open","ping_status":"closed","template":"","meta":{"_acf_changed":false,"_joinchat":[]},"product_brand":[],"product_cat":[1775],"product_tag":[],"class_list":{"0":"post-21860","1":"product","2":"type-product","3":"status-publish","4":"has-post-thumbnail","6":"product_cat-boucles-doreilles-et-boucles-doreilles","8":"first","9":"instock","10":"shipping-taxable","11":"purchasable","12":"product-type-simple"},"acf":[],"yoast_head":"<!-- This site is optimized with the Yoast SEO plugin v27.2 - https:\/\/yoast.com\/product\/yoast-seo-wordpress\/ -->\n<title>Boucle d\u2019oreille C\u0153ur de Lumi\u00e8re - Yasmin<\/title>\n<meta name=\"description\" content=\"\u00ab\u00a0Boucle d\u2019oreille C\u0153ur de Lumi\u00e8re\u00a0\u00bb est plus qu\u2019un bijou, c\u2019est un symbole de beaut\u00e9 \u00e9th\u00e9r\u00e9e et d\u2019\u00e9l\u00e9gance intemporelle, destin\u00e9 \u00e0 \u00eatre appr\u00e9ci\u00e9 et admir\u00e9 pendant des g\u00e9n\u00e9rations.\" \/>\n<meta name=\"robots\" content=\"index, follow, max-snippet:-1, max-image-preview:large, max-video-preview:-1\" \/>\n<link rel=\"canonical\" href=\"https:\/\/joyasyasmin.com\/fr\/producto\/boucle-doreille-coeur-de-lumiere\/\" \/>\n<meta property=\"og:locale\" content=\"fr_FR\" \/>\n<meta property=\"og:title\" content=\"Boucle d\u2019oreille C\u0153ur de Lumi\u00e8re - Yasmin\" \/>\n<meta property=\"og:description\" content=\"\u00ab\u00a0Boucle d\u2019oreille C\u0153ur de Lumi\u00e8re\u00a0\u00bb est plus qu\u2019un bijou, c\u2019est un symbole de beaut\u00e9 \u00e9th\u00e9r\u00e9e et d\u2019\u00e9l\u00e9gance intemporelle, destin\u00e9 \u00e0 \u00eatre appr\u00e9ci\u00e9 et admir\u00e9 pendant des g\u00e9n\u00e9rations.\" \/>\n<meta property=\"og:url\" content=\"https:\/\/joyasyasmin.com\/fr\/producto\/boucle-doreille-coeur-de-lumiere\/\" \/>\n<meta property=\"og:site_name\" content=\"Yasmin\" \/>\n<meta property=\"article:publisher\" content=\"https:\/\/www.facebook.com\/Joyas-Yasmin-217664058934169\/\" \/>\n<meta property=\"article:modified_time\" content=\"2025-11-10T11:31:02+00:00\" \/>\n<meta property=\"og:image\" content=\"https:\/\/joyasyasmin.com\/wp-content\/uploads\/2024\/05\/pendiente-corazon-en-nacar.jpg\" \/>\n\t<meta property=\"og:image:width\" content=\"1000\" \/>\n\t<meta property=\"og:image:height\" content=\"1000\" \/>\n\t<meta property=\"og:image:type\" content=\"image\/jpeg\" \/>\n<meta name=\"twitter:card\" content=\"summary_large_image\" \/>\n<script type=\"application\/ld+json\" class=\"yoast-schema-graph\">{\"@context\":\"https:\/\/schema.org\",\"@graph\":[{\"@type\":[\"WebPage\",\"ItemPage\"],\"@id\":\"https:\/\/joyasyasmin.com\/fr\/producto\/boucle-doreille-coeur-de-lumiere\/\",\"url\":\"https:\/\/joyasyasmin.com\/fr\/producto\/boucle-doreille-coeur-de-lumiere\/\",\"name\":\"Boucle d\u2019oreille C\u0153ur de Lumi\u00e8re - Yasmin\",\"isPartOf\":{\"@id\":\"https:\/\/joyasyasmin.com\/fr\/#website\"},\"primaryImageOfPage\":{\"@id\":\"https:\/\/joyasyasmin.com\/fr\/producto\/boucle-doreille-coeur-de-lumiere\/#primaryimage\"},\"image\":{\"@id\":\"https:\/\/joyasyasmin.com\/fr\/producto\/boucle-doreille-coeur-de-lumiere\/#primaryimage\"},\"thumbnailUrl\":\"https:\/\/joyasyasmin.com\/wp-content\/uploads\/2024\/05\/pendiente-corazon-en-nacar.jpg\",\"datePublished\":\"2024-05-09T19:00:39+00:00\",\"dateModified\":\"2025-11-10T11:31:02+00:00\",\"description\":\"\u00ab\u00a0Boucle d\u2019oreille C\u0153ur de Lumi\u00e8re\u00a0\u00bb est plus qu\u2019un bijou, c\u2019est un symbole de beaut\u00e9 \u00e9th\u00e9r\u00e9e et d\u2019\u00e9l\u00e9gance intemporelle, destin\u00e9 \u00e0 \u00eatre appr\u00e9ci\u00e9 et admir\u00e9 pendant des g\u00e9n\u00e9rations.\",\"breadcrumb\":{\"@id\":\"https:\/\/joyasyasmin.com\/fr\/producto\/boucle-doreille-coeur-de-lumiere\/#breadcrumb\"},\"inLanguage\":\"fr-FR\",\"potentialAction\":[{\"@type\":\"ReadAction\",\"target\":[\"https:\/\/joyasyasmin.com\/fr\/producto\/boucle-doreille-coeur-de-lumiere\/\"]}]},{\"@type\":\"ImageObject\",\"inLanguage\":\"fr-FR\",\"@id\":\"https:\/\/joyasyasmin.com\/fr\/producto\/boucle-doreille-coeur-de-lumiere\/#primaryimage\",\"url\":\"https:\/\/joyasyasmin.com\/wp-content\/uploads\/2024\/05\/pendiente-corazon-en-nacar.jpg\",\"contentUrl\":\"https:\/\/joyasyasmin.com\/wp-content\/uploads\/2024\/05\/pendiente-corazon-en-nacar.jpg\",\"width\":1000,\"height\":1000,\"caption\":\"Vente de boucle d\u2019oreille coeur de lumi\u00e8re avec nacre au centre en argent sterling 925\"},{\"@type\":\"BreadcrumbList\",\"@id\":\"https:\/\/joyasyasmin.com\/fr\/producto\/boucle-doreille-coeur-de-lumiere\/#breadcrumb\",\"itemListElement\":[{\"@type\":\"ListItem\",\"position\":1,\"name\":\"Portada\",\"item\":\"https:\/\/joyasyasmin.com\/fr\/domicile\/\"},{\"@type\":\"ListItem\",\"position\":2,\"name\":\"Boutique\",\"item\":\"https:\/\/joyasyasmin.com\/fr\/boutique\/\"},{\"@type\":\"ListItem\",\"position\":3,\"name\":\"Boucle d\u2019oreille C\u0153ur de Lumi\u00e8re\"}]},{\"@type\":\"WebSite\",\"@id\":\"https:\/\/joyasyasmin.com\/fr\/#website\",\"url\":\"https:\/\/joyasyasmin.com\/fr\/\",\"name\":\"Yasmin\",\"description\":\"Joyer\u00eda de Plata 925 - Pendientes, pulseras, anillos, colgantes y m\u00e1s!\",\"publisher\":{\"@id\":\"https:\/\/joyasyasmin.com\/fr\/#organization\"},\"potentialAction\":[{\"@type\":\"SearchAction\",\"target\":{\"@type\":\"EntryPoint\",\"urlTemplate\":\"https:\/\/joyasyasmin.com\/fr\/?s={search_term_string}\"},\"query-input\":{\"@type\":\"PropertyValueSpecification\",\"valueRequired\":true,\"valueName\":\"search_term_string\"}}],\"inLanguage\":\"fr-FR\"},{\"@type\":\"Organization\",\"@id\":\"https:\/\/joyasyasmin.com\/fr\/#organization\",\"name\":\"joyas yasmin\",\"url\":\"https:\/\/joyasyasmin.com\/fr\/\",\"logo\":{\"@type\":\"ImageObject\",\"inLanguage\":\"fr-FR\",\"@id\":\"https:\/\/joyasyasmin.com\/fr\/#\/schema\/logo\/image\/\",\"url\":\"https:\/\/joyasyasmin.com\/wp-content\/uploads\/2017\/06\/IMG-20200429-WA0051.jpg\",\"contentUrl\":\"https:\/\/joyasyasmin.com\/wp-content\/uploads\/2017\/06\/IMG-20200429-WA0051.jpg\",\"width\":1080,\"height\":545,\"caption\":\"joyas yasmin\"},\"image\":{\"@id\":\"https:\/\/joyasyasmin.com\/fr\/#\/schema\/logo\/image\/\"},\"sameAs\":[\"https:\/\/www.facebook.com\/Joyas-Yasmin-217664058934169\/\",\"https:\/\/www.instagram.com\/invites\/contact\/\"]}]}<\/script>\n<!-- \/ Yoast SEO plugin. -->","yoast_head_json":{"title":"Boucle d\u2019oreille C\u0153ur de Lumi\u00e8re - Yasmin","description":"\u00ab\u00a0Boucle d\u2019oreille C\u0153ur de Lumi\u00e8re\u00a0\u00bb est plus qu\u2019un bijou, c\u2019est un symbole de beaut\u00e9 \u00e9th\u00e9r\u00e9e et d\u2019\u00e9l\u00e9gance intemporelle, destin\u00e9 \u00e0 \u00eatre appr\u00e9ci\u00e9 et admir\u00e9 pendant des g\u00e9n\u00e9rations.","robots":{"index":"index","follow":"follow","max-snippet":"max-snippet:-1","max-image-preview":"max-image-preview:large","max-video-preview":"max-video-preview:-1"},"canonical":"https:\/\/joyasyasmin.com\/fr\/producto\/boucle-doreille-coeur-de-lumiere\/","og_locale":"fr_FR","og_title":"Boucle d\u2019oreille C\u0153ur de Lumi\u00e8re - Yasmin","og_description":"\u00ab\u00a0Boucle d\u2019oreille C\u0153ur de Lumi\u00e8re\u00a0\u00bb est plus qu\u2019un bijou, c\u2019est un symbole de beaut\u00e9 \u00e9th\u00e9r\u00e9e et d\u2019\u00e9l\u00e9gance intemporelle, destin\u00e9 \u00e0 \u00eatre appr\u00e9ci\u00e9 et admir\u00e9 pendant des g\u00e9n\u00e9rations.","og_url":"https:\/\/joyasyasmin.com\/fr\/producto\/boucle-doreille-coeur-de-lumiere\/","og_site_name":"Yasmin","article_publisher":"https:\/\/www.facebook.com\/Joyas-Yasmin-217664058934169\/","article_modified_time":"2025-11-10T11:31:02+00:00","og_image":[{"width":1000,"height":1000,"url":"https:\/\/joyasyasmin.com\/wp-content\/uploads\/2024\/05\/pendiente-corazon-en-nacar.jpg","type":"image\/jpeg"}],"twitter_card":"summary_large_image","schema":{"@context":"https:\/\/schema.org","@graph":[{"@type":["WebPage","ItemPage"],"@id":"https:\/\/joyasyasmin.com\/fr\/producto\/boucle-doreille-coeur-de-lumiere\/","url":"https:\/\/joyasyasmin.com\/fr\/producto\/boucle-doreille-coeur-de-lumiere\/","name":"Boucle d\u2019oreille C\u0153ur de Lumi\u00e8re - Yasmin","isPartOf":{"@id":"https:\/\/joyasyasmin.com\/fr\/#website"},"primaryImageOfPage":{"@id":"https:\/\/joyasyasmin.com\/fr\/producto\/boucle-doreille-coeur-de-lumiere\/#primaryimage"},"image":{"@id":"https:\/\/joyasyasmin.com\/fr\/producto\/boucle-doreille-coeur-de-lumiere\/#primaryimage"},"thumbnailUrl":"https:\/\/joyasyasmin.com\/wp-content\/uploads\/2024\/05\/pendiente-corazon-en-nacar.jpg","datePublished":"2024-05-09T19:00:39+00:00","dateModified":"2025-11-10T11:31:02+00:00","description":"\u00ab\u00a0Boucle d\u2019oreille C\u0153ur de Lumi\u00e8re\u00a0\u00bb est plus qu\u2019un bijou, c\u2019est un symbole de beaut\u00e9 \u00e9th\u00e9r\u00e9e et d\u2019\u00e9l\u00e9gance intemporelle, destin\u00e9 \u00e0 \u00eatre appr\u00e9ci\u00e9 et admir\u00e9 pendant des g\u00e9n\u00e9rations.","breadcrumb":{"@id":"https:\/\/joyasyasmin.com\/fr\/producto\/boucle-doreille-coeur-de-lumiere\/#breadcrumb"},"inLanguage":"fr-FR","potentialAction":[{"@type":"ReadAction","target":["https:\/\/joyasyasmin.com\/fr\/producto\/boucle-doreille-coeur-de-lumiere\/"]}]},{"@type":"ImageObject","inLanguage":"fr-FR","@id":"https:\/\/joyasyasmin.com\/fr\/producto\/boucle-doreille-coeur-de-lumiere\/#primaryimage","url":"https:\/\/joyasyasmin.com\/wp-content\/uploads\/2024\/05\/pendiente-corazon-en-nacar.jpg","contentUrl":"https:\/\/joyasyasmin.com\/wp-content\/uploads\/2024\/05\/pendiente-corazon-en-nacar.jpg","width":1000,"height":1000,"caption":"Vente de boucle d\u2019oreille coeur de lumi\u00e8re avec nacre au centre en argent sterling 925"},{"@type":"BreadcrumbList","@id":"https:\/\/joyasyasmin.com\/fr\/producto\/boucle-doreille-coeur-de-lumiere\/#breadcrumb","itemListElement":[{"@type":"ListItem","position":1,"name":"Portada","item":"https:\/\/joyasyasmin.com\/fr\/domicile\/"},{"@type":"ListItem","position":2,"name":"Boutique","item":"https:\/\/joyasyasmin.com\/fr\/boutique\/"},{"@type":"ListItem","position":3,"name":"Boucle d\u2019oreille C\u0153ur de Lumi\u00e8re"}]},{"@type":"WebSite","@id":"https:\/\/joyasyasmin.com\/fr\/#website","url":"https:\/\/joyasyasmin.com\/fr\/","name":"Yasmin","description":"Joyer\u00eda de Plata 925 - Pendientes, pulseras, anillos, colgantes y m\u00e1s!","publisher":{"@id":"https:\/\/joyasyasmin.com\/fr\/#organization"},"potentialAction":[{"@type":"SearchAction","target":{"@type":"EntryPoint","urlTemplate":"https:\/\/joyasyasmin.com\/fr\/?s={search_term_string}"},"query-input":{"@type":"PropertyValueSpecification","valueRequired":true,"valueName":"search_term_string"}}],"inLanguage":"fr-FR"},{"@type":"Organization","@id":"https:\/\/joyasyasmin.com\/fr\/#organization","name":"joyas yasmin","url":"https:\/\/joyasyasmin.com\/fr\/","logo":{"@type":"ImageObject","inLanguage":"fr-FR","@id":"https:\/\/joyasyasmin.com\/fr\/#\/schema\/logo\/image\/","url":"https:\/\/joyasyasmin.com\/wp-content\/uploads\/2017\/06\/IMG-20200429-WA0051.jpg","contentUrl":"https:\/\/joyasyasmin.com\/wp-content\/uploads\/2017\/06\/IMG-20200429-WA0051.jpg","width":1080,"height":545,"caption":"joyas yasmin"},"image":{"@id":"https:\/\/joyasyasmin.com\/fr\/#\/schema\/logo\/image\/"},"sameAs":["https:\/\/www.facebook.com\/Joyas-Yasmin-217664058934169\/","https:\/\/www.instagram.com\/invites\/contact\/"]}]}},"_links":{"self":[{"href":"https:\/\/joyasyasmin.com\/fr\/wp-json\/wp\/v2\/product\/21860","targetHints":{"allow":["GET"]}}],"collection":[{"href":"https:\/\/joyasyasmin.com\/fr\/wp-json\/wp\/v2\/product"}],"about":[{"href":"https:\/\/joyasyasmin.com\/fr\/wp-json\/wp\/v2\/types\/product"}],"replies":[{"embeddable":true,"href":"https:\/\/joyasyasmin.com\/fr\/wp-json\/wp\/v2\/comments?post=21860"}],"version-history":[{"count":1,"href":"https:\/\/joyasyasmin.com\/fr\/wp-json\/wp\/v2\/product\/21860\/revisions"}],"predecessor-version":[{"id":35739,"href":"https:\/\/joyasyasmin.com\/fr\/wp-json\/wp\/v2\/product\/21860\/revisions\/35739"}],"wp:featuredmedia":[{"embeddable":true,"href":"https:\/\/joyasyasmin.com\/fr\/wp-json\/wp\/v2\/media\/21861"}],"wp:attachment":[{"href":"https:\/\/joyasyasmin.com\/fr\/wp-json\/wp\/v2\/media?parent=21860"}],"wp:term":[{"taxonomy":"product_brand","embeddable":true,"href":"https:\/\/joyasyasmin.com\/fr\/wp-json\/wp\/v2\/product_brand?post=21860"},{"taxonomy":"product_cat","embeddable":true,"href":"https:\/\/joyasyasmin.com\/fr\/wp-json\/wp\/v2\/product_cat?post=21860"},{"taxonomy":"product_tag","embeddable":true,"href":"https:\/\/joyasyasmin.com\/fr\/wp-json\/wp\/v2\/product_tag?post=21860"}],"curies":[{"name":"wp","href":"https:\/\/api.w.org\/{rel}","templated":true}]}}