{"id":21952,"date":"2024-05-19T20:16:10","date_gmt":"2024-05-19T20:16:10","guid":{"rendered":"https:\/\/joyasyasmin.com\/producto\/tour-de-cou-noeud-de-sorciere\/"},"modified":"2025-11-10T11:31:10","modified_gmt":"2025-11-10T11:31:10","slug":"tour-de-cou-noeud-de-sorciere","status":"publish","type":"product","link":"https:\/\/joyasyasmin.com\/fr\/producto\/tour-de-cou-noeud-de-sorciere\/","title":{"rendered":"Tour de cou noeud de sorci\u00e8re"},"content":{"rendered":"","protected":false},"excerpt":{"rendered":"<p>D\u00e9couvrez notre envo\u00fbtant tour de cou Witch\u2019s Knot, une pi\u00e8ce qui allie sophistication et signification profonde pour rehausser votre style d\u2019une touche de magie. Ce ras de cou est m\u00e9ticuleusement con\u00e7u avec une d\u00e9licate cha\u00eene orn\u00e9e de petites boules de 2,5 mm de diam\u00e8tre, ajoutant un \u00e9clat subtil \u00e0 votre cou. D\u2019une longueur de 40 cm plus une rallonge de 3 cm, ce bijou s\u2019adapte parfaitement \u00e0 n\u2019importe quel d\u00e9collet\u00e9, offrant un confort et une polyvalence d\u2019utilisation in\u00e9gal\u00e9s.  <\/p>\n<p>Au centre de ce tour de cou exquis brille un n\u0153ud de sorci\u00e8re de 15 mm, en argent sterling 925, symbole de protection et de puissance. Le n\u0153ud de sorci\u00e8re, \u00e9galement connu sous le nom de n\u0153ud de sorci\u00e8re, a ses racines dans d\u2019anciennes traditions et est appr\u00e9ci\u00e9 pour sa capacit\u00e9 \u00e0 prot\u00e9ger contre les \u00e9nergies n\u00e9gatives et \u00e0 attirer de bonnes vibrations. On pense que cette amulette d\u00e9tient des secrets et une sagesse ancestraux, devenant un objet puissant et significatif qui non seulement orne, mais prot\u00e8ge \u00e9galement celui qui le porte.  <\/p>\n","protected":false},"featured_media":21953,"comment_status":"open","ping_status":"closed","template":"","meta":{"_acf_changed":false,"_joinchat":[]},"product_brand":[],"product_cat":[1870],"product_tag":[],"class_list":{"0":"post-21952","1":"product","2":"type-product","3":"status-publish","4":"has-post-thumbnail","6":"product_cat-colliers-fr","8":"first","9":"instock","10":"shipping-taxable","11":"purchasable","12":"product-type-simple"},"acf":[],"yoast_head":"<!-- This site is optimized with the Yoast SEO plugin v27.2 - https:\/\/yoast.com\/product\/yoast-seo-wordpress\/ -->\n<title>Tour de cou noeud de sorci\u00e8re - Yasmin<\/title>\n<meta name=\"description\" content=\"Le ras de cou Witch\u2019s Knot est un symbole de protection et de puissance. Prot\u00e9gez-vous contre les \u00e9nergies n\u00e9gatives et attirez les bonnes vibrations. Argent 925.\" \/>\n<meta name=\"robots\" content=\"index, follow, max-snippet:-1, max-image-preview:large, max-video-preview:-1\" \/>\n<link rel=\"canonical\" href=\"https:\/\/joyasyasmin.com\/fr\/producto\/tour-de-cou-noeud-de-sorciere\/\" \/>\n<meta property=\"og:locale\" content=\"fr_FR\" \/>\n<meta property=\"og:title\" content=\"Tour de cou noeud de sorci\u00e8re - Yasmin\" \/>\n<meta property=\"og:description\" content=\"Le ras de cou Witch\u2019s Knot est un symbole de protection et de puissance. Prot\u00e9gez-vous contre les \u00e9nergies n\u00e9gatives et attirez les bonnes vibrations. Argent 925.\" \/>\n<meta property=\"og:url\" content=\"https:\/\/joyasyasmin.com\/fr\/producto\/tour-de-cou-noeud-de-sorciere\/\" \/>\n<meta property=\"og:site_name\" content=\"Yasmin\" \/>\n<meta property=\"article:publisher\" content=\"https:\/\/www.facebook.com\/Joyas-Yasmin-217664058934169\/\" \/>\n<meta property=\"article:modified_time\" content=\"2025-11-10T11:31:10+00:00\" \/>\n<meta property=\"og:image\" content=\"https:\/\/joyasyasmin.com\/wp-content\/uploads\/2024\/05\/gargantilla-nudo-de-bruja.jpg\" \/>\n\t<meta property=\"og:image:width\" content=\"1000\" \/>\n\t<meta property=\"og:image:height\" content=\"1000\" \/>\n\t<meta property=\"og:image:type\" content=\"image\/jpeg\" \/>\n<meta name=\"twitter:card\" content=\"summary_large_image\" \/>\n<script type=\"application\/ld+json\" class=\"yoast-schema-graph\">{\"@context\":\"https:\/\/schema.org\",\"@graph\":[{\"@type\":[\"WebPage\",\"ItemPage\"],\"@id\":\"https:\/\/joyasyasmin.com\/fr\/producto\/tour-de-cou-noeud-de-sorciere\/\",\"url\":\"https:\/\/joyasyasmin.com\/fr\/producto\/tour-de-cou-noeud-de-sorciere\/\",\"name\":\"Tour de cou noeud de sorci\u00e8re - Yasmin\",\"isPartOf\":{\"@id\":\"https:\/\/joyasyasmin.com\/fr\/#website\"},\"primaryImageOfPage\":{\"@id\":\"https:\/\/joyasyasmin.com\/fr\/producto\/tour-de-cou-noeud-de-sorciere\/#primaryimage\"},\"image\":{\"@id\":\"https:\/\/joyasyasmin.com\/fr\/producto\/tour-de-cou-noeud-de-sorciere\/#primaryimage\"},\"thumbnailUrl\":\"https:\/\/joyasyasmin.com\/wp-content\/uploads\/2024\/05\/gargantilla-nudo-de-bruja.jpg\",\"datePublished\":\"2024-05-19T20:16:10+00:00\",\"dateModified\":\"2025-11-10T11:31:10+00:00\",\"description\":\"Le ras de cou Witch\u2019s Knot est un symbole de protection et de puissance. Prot\u00e9gez-vous contre les \u00e9nergies n\u00e9gatives et attirez les bonnes vibrations. Argent 925.\",\"breadcrumb\":{\"@id\":\"https:\/\/joyasyasmin.com\/fr\/producto\/tour-de-cou-noeud-de-sorciere\/#breadcrumb\"},\"inLanguage\":\"fr-FR\",\"potentialAction\":[{\"@type\":\"ReadAction\",\"target\":[\"https:\/\/joyasyasmin.com\/fr\/producto\/tour-de-cou-noeud-de-sorciere\/\"]}]},{\"@type\":\"ImageObject\",\"inLanguage\":\"fr-FR\",\"@id\":\"https:\/\/joyasyasmin.com\/fr\/producto\/tour-de-cou-noeud-de-sorciere\/#primaryimage\",\"url\":\"https:\/\/joyasyasmin.com\/wp-content\/uploads\/2024\/05\/gargantilla-nudo-de-bruja.jpg\",\"contentUrl\":\"https:\/\/joyasyasmin.com\/wp-content\/uploads\/2024\/05\/gargantilla-nudo-de-bruja.jpg\",\"width\":1000,\"height\":1000,\"caption\":\"Argent sterling 925 noeud de sorci\u00e8re Gagantilla vente\"},{\"@type\":\"BreadcrumbList\",\"@id\":\"https:\/\/joyasyasmin.com\/fr\/producto\/tour-de-cou-noeud-de-sorciere\/#breadcrumb\",\"itemListElement\":[{\"@type\":\"ListItem\",\"position\":1,\"name\":\"Portada\",\"item\":\"https:\/\/joyasyasmin.com\/fr\/domicile\/\"},{\"@type\":\"ListItem\",\"position\":2,\"name\":\"Boutique\",\"item\":\"https:\/\/joyasyasmin.com\/fr\/boutique\/\"},{\"@type\":\"ListItem\",\"position\":3,\"name\":\"Tour de cou noeud de sorci\u00e8re\"}]},{\"@type\":\"WebSite\",\"@id\":\"https:\/\/joyasyasmin.com\/fr\/#website\",\"url\":\"https:\/\/joyasyasmin.com\/fr\/\",\"name\":\"Yasmin\",\"description\":\"Joyer\u00eda de Plata 925 - Pendientes, pulseras, anillos, colgantes y m\u00e1s!\",\"publisher\":{\"@id\":\"https:\/\/joyasyasmin.com\/fr\/#organization\"},\"potentialAction\":[{\"@type\":\"SearchAction\",\"target\":{\"@type\":\"EntryPoint\",\"urlTemplate\":\"https:\/\/joyasyasmin.com\/fr\/?s={search_term_string}\"},\"query-input\":{\"@type\":\"PropertyValueSpecification\",\"valueRequired\":true,\"valueName\":\"search_term_string\"}}],\"inLanguage\":\"fr-FR\"},{\"@type\":\"Organization\",\"@id\":\"https:\/\/joyasyasmin.com\/fr\/#organization\",\"name\":\"joyas yasmin\",\"url\":\"https:\/\/joyasyasmin.com\/fr\/\",\"logo\":{\"@type\":\"ImageObject\",\"inLanguage\":\"fr-FR\",\"@id\":\"https:\/\/joyasyasmin.com\/fr\/#\/schema\/logo\/image\/\",\"url\":\"https:\/\/joyasyasmin.com\/wp-content\/uploads\/2017\/06\/IMG-20200429-WA0051.jpg\",\"contentUrl\":\"https:\/\/joyasyasmin.com\/wp-content\/uploads\/2017\/06\/IMG-20200429-WA0051.jpg\",\"width\":1080,\"height\":545,\"caption\":\"joyas yasmin\"},\"image\":{\"@id\":\"https:\/\/joyasyasmin.com\/fr\/#\/schema\/logo\/image\/\"},\"sameAs\":[\"https:\/\/www.facebook.com\/Joyas-Yasmin-217664058934169\/\",\"https:\/\/www.instagram.com\/invites\/contact\/\"]}]}<\/script>\n<!-- \/ Yoast SEO plugin. -->","yoast_head_json":{"title":"Tour de cou noeud de sorci\u00e8re - Yasmin","description":"Le ras de cou Witch\u2019s Knot est un symbole de protection et de puissance. Prot\u00e9gez-vous contre les \u00e9nergies n\u00e9gatives et attirez les bonnes vibrations. Argent 925.","robots":{"index":"index","follow":"follow","max-snippet":"max-snippet:-1","max-image-preview":"max-image-preview:large","max-video-preview":"max-video-preview:-1"},"canonical":"https:\/\/joyasyasmin.com\/fr\/producto\/tour-de-cou-noeud-de-sorciere\/","og_locale":"fr_FR","og_title":"Tour de cou noeud de sorci\u00e8re - Yasmin","og_description":"Le ras de cou Witch\u2019s Knot est un symbole de protection et de puissance. Prot\u00e9gez-vous contre les \u00e9nergies n\u00e9gatives et attirez les bonnes vibrations. Argent 925.","og_url":"https:\/\/joyasyasmin.com\/fr\/producto\/tour-de-cou-noeud-de-sorciere\/","og_site_name":"Yasmin","article_publisher":"https:\/\/www.facebook.com\/Joyas-Yasmin-217664058934169\/","article_modified_time":"2025-11-10T11:31:10+00:00","og_image":[{"width":1000,"height":1000,"url":"https:\/\/joyasyasmin.com\/wp-content\/uploads\/2024\/05\/gargantilla-nudo-de-bruja.jpg","type":"image\/jpeg"}],"twitter_card":"summary_large_image","schema":{"@context":"https:\/\/schema.org","@graph":[{"@type":["WebPage","ItemPage"],"@id":"https:\/\/joyasyasmin.com\/fr\/producto\/tour-de-cou-noeud-de-sorciere\/","url":"https:\/\/joyasyasmin.com\/fr\/producto\/tour-de-cou-noeud-de-sorciere\/","name":"Tour de cou noeud de sorci\u00e8re - Yasmin","isPartOf":{"@id":"https:\/\/joyasyasmin.com\/fr\/#website"},"primaryImageOfPage":{"@id":"https:\/\/joyasyasmin.com\/fr\/producto\/tour-de-cou-noeud-de-sorciere\/#primaryimage"},"image":{"@id":"https:\/\/joyasyasmin.com\/fr\/producto\/tour-de-cou-noeud-de-sorciere\/#primaryimage"},"thumbnailUrl":"https:\/\/joyasyasmin.com\/wp-content\/uploads\/2024\/05\/gargantilla-nudo-de-bruja.jpg","datePublished":"2024-05-19T20:16:10+00:00","dateModified":"2025-11-10T11:31:10+00:00","description":"Le ras de cou Witch\u2019s Knot est un symbole de protection et de puissance. Prot\u00e9gez-vous contre les \u00e9nergies n\u00e9gatives et attirez les bonnes vibrations. Argent 925.","breadcrumb":{"@id":"https:\/\/joyasyasmin.com\/fr\/producto\/tour-de-cou-noeud-de-sorciere\/#breadcrumb"},"inLanguage":"fr-FR","potentialAction":[{"@type":"ReadAction","target":["https:\/\/joyasyasmin.com\/fr\/producto\/tour-de-cou-noeud-de-sorciere\/"]}]},{"@type":"ImageObject","inLanguage":"fr-FR","@id":"https:\/\/joyasyasmin.com\/fr\/producto\/tour-de-cou-noeud-de-sorciere\/#primaryimage","url":"https:\/\/joyasyasmin.com\/wp-content\/uploads\/2024\/05\/gargantilla-nudo-de-bruja.jpg","contentUrl":"https:\/\/joyasyasmin.com\/wp-content\/uploads\/2024\/05\/gargantilla-nudo-de-bruja.jpg","width":1000,"height":1000,"caption":"Argent sterling 925 noeud de sorci\u00e8re Gagantilla vente"},{"@type":"BreadcrumbList","@id":"https:\/\/joyasyasmin.com\/fr\/producto\/tour-de-cou-noeud-de-sorciere\/#breadcrumb","itemListElement":[{"@type":"ListItem","position":1,"name":"Portada","item":"https:\/\/joyasyasmin.com\/fr\/domicile\/"},{"@type":"ListItem","position":2,"name":"Boutique","item":"https:\/\/joyasyasmin.com\/fr\/boutique\/"},{"@type":"ListItem","position":3,"name":"Tour de cou noeud de sorci\u00e8re"}]},{"@type":"WebSite","@id":"https:\/\/joyasyasmin.com\/fr\/#website","url":"https:\/\/joyasyasmin.com\/fr\/","name":"Yasmin","description":"Joyer\u00eda de Plata 925 - Pendientes, pulseras, anillos, colgantes y m\u00e1s!","publisher":{"@id":"https:\/\/joyasyasmin.com\/fr\/#organization"},"potentialAction":[{"@type":"SearchAction","target":{"@type":"EntryPoint","urlTemplate":"https:\/\/joyasyasmin.com\/fr\/?s={search_term_string}"},"query-input":{"@type":"PropertyValueSpecification","valueRequired":true,"valueName":"search_term_string"}}],"inLanguage":"fr-FR"},{"@type":"Organization","@id":"https:\/\/joyasyasmin.com\/fr\/#organization","name":"joyas yasmin","url":"https:\/\/joyasyasmin.com\/fr\/","logo":{"@type":"ImageObject","inLanguage":"fr-FR","@id":"https:\/\/joyasyasmin.com\/fr\/#\/schema\/logo\/image\/","url":"https:\/\/joyasyasmin.com\/wp-content\/uploads\/2017\/06\/IMG-20200429-WA0051.jpg","contentUrl":"https:\/\/joyasyasmin.com\/wp-content\/uploads\/2017\/06\/IMG-20200429-WA0051.jpg","width":1080,"height":545,"caption":"joyas yasmin"},"image":{"@id":"https:\/\/joyasyasmin.com\/fr\/#\/schema\/logo\/image\/"},"sameAs":["https:\/\/www.facebook.com\/Joyas-Yasmin-217664058934169\/","https:\/\/www.instagram.com\/invites\/contact\/"]}]}},"_links":{"self":[{"href":"https:\/\/joyasyasmin.com\/fr\/wp-json\/wp\/v2\/product\/21952","targetHints":{"allow":["GET"]}}],"collection":[{"href":"https:\/\/joyasyasmin.com\/fr\/wp-json\/wp\/v2\/product"}],"about":[{"href":"https:\/\/joyasyasmin.com\/fr\/wp-json\/wp\/v2\/types\/product"}],"replies":[{"embeddable":true,"href":"https:\/\/joyasyasmin.com\/fr\/wp-json\/wp\/v2\/comments?post=21952"}],"version-history":[{"count":2,"href":"https:\/\/joyasyasmin.com\/fr\/wp-json\/wp\/v2\/product\/21952\/revisions"}],"predecessor-version":[{"id":32457,"href":"https:\/\/joyasyasmin.com\/fr\/wp-json\/wp\/v2\/product\/21952\/revisions\/32457"}],"wp:featuredmedia":[{"embeddable":true,"href":"https:\/\/joyasyasmin.com\/fr\/wp-json\/wp\/v2\/media\/21953"}],"wp:attachment":[{"href":"https:\/\/joyasyasmin.com\/fr\/wp-json\/wp\/v2\/media?parent=21952"}],"wp:term":[{"taxonomy":"product_brand","embeddable":true,"href":"https:\/\/joyasyasmin.com\/fr\/wp-json\/wp\/v2\/product_brand?post=21952"},{"taxonomy":"product_cat","embeddable":true,"href":"https:\/\/joyasyasmin.com\/fr\/wp-json\/wp\/v2\/product_cat?post=21952"},{"taxonomy":"product_tag","embeddable":true,"href":"https:\/\/joyasyasmin.com\/fr\/wp-json\/wp\/v2\/product_tag?post=21952"}],"curies":[{"name":"wp","href":"https:\/\/api.w.org\/{rel}","templated":true}]}}