{"id":22018,"date":"2024-05-22T17:47:50","date_gmt":"2024-05-22T17:47:50","guid":{"rendered":"https:\/\/joyasyasmin.com\/producto\/boucles-doreilles-lune-celeste\/"},"modified":"2025-11-10T11:31:18","modified_gmt":"2025-11-10T11:31:18","slug":"boucles-doreilles-lune-celeste","status":"publish","type":"product","link":"https:\/\/joyasyasmin.com\/fr\/producto\/boucles-doreilles-lune-celeste\/","title":{"rendered":"Boucles d\u2019oreilles Lune C\u00e9leste"},"content":{"rendered":"","protected":false},"excerpt":{"rendered":"<p>Ajoutez une touche d\u2019\u00e9l\u00e9gance et de sophistication \u00e0 votre collection de bijoux avec ces exquises boucles d\u2019oreilles \u00ab&nbsp;Celestial Moon&nbsp;\u00bb. Chaque boucle d\u2019oreille est soigneusement con\u00e7ue en forme de croissant, orn\u00e9e de zircons brillants qui captent et r\u00e9fl\u00e9chissent la lumi\u00e8re de mani\u00e8re \u00e9blouissante. Ces pierres pr\u00e9cieuses artificielles sont dispos\u00e9es le long du contour du croissant, cr\u00e9ant un effet scintillant qui attirera tous les regards.<\/p>\n<p>Au centre de chaque boucle d\u2019oreille, il y a un imprim\u00e9 lisse d\u00e9licat, un d\u00e9tail minimaliste qui apporte un contraste subtil mais saisissant \u00e0 la lueur environnante des zircons. Non seulement ce design unique ajoute une touche de distinction, mais il peut \u00e9galement avoir une signification particuli\u00e8re pour le porteur, symbolisant une \u00e9tape importante ou une empreinte laiss\u00e9e dans la vie.<\/p>\n","protected":false},"featured_media":22024,"comment_status":"open","ping_status":"closed","template":"","meta":{"_acf_changed":false,"_joinchat":[]},"product_brand":[],"product_cat":[1775],"product_tag":[],"class_list":{"0":"post-22018","1":"product","2":"type-product","3":"status-publish","4":"has-post-thumbnail","6":"product_cat-boucles-doreilles-et-boucles-doreilles","8":"first","9":"instock","10":"shipping-taxable","11":"purchasable","12":"product-type-simple"},"acf":[],"yoast_head":"<!-- This site is optimized with the Yoast SEO plugin v27.2 - https:\/\/yoast.com\/product\/yoast-seo-wordpress\/ -->\n<title>Boucles d\u2019oreilles Lune C\u00e9leste - Yasmin<\/title>\n<meta name=\"description\" content=\"Les boucles d\u2019oreilles Celestial Moon sont fabriqu\u00e9es en argent sterling 925, leur design est id\u00e9al pour ceux qui aiment les animaux car il repr\u00e9sente la marque qu\u2019ils nous laissent.\" \/>\n<meta name=\"robots\" content=\"index, follow, max-snippet:-1, max-image-preview:large, max-video-preview:-1\" \/>\n<link rel=\"canonical\" href=\"https:\/\/joyasyasmin.com\/fr\/producto\/boucles-doreilles-lune-celeste\/\" \/>\n<meta property=\"og:locale\" content=\"fr_FR\" \/>\n<meta property=\"og:title\" content=\"Boucles d\u2019oreilles Lune C\u00e9leste - Yasmin\" \/>\n<meta property=\"og:description\" content=\"Les boucles d\u2019oreilles Celestial Moon sont fabriqu\u00e9es en argent sterling 925, leur design est id\u00e9al pour ceux qui aiment les animaux car il repr\u00e9sente la marque qu\u2019ils nous laissent.\" \/>\n<meta property=\"og:url\" content=\"https:\/\/joyasyasmin.com\/fr\/producto\/boucles-doreilles-lune-celeste\/\" \/>\n<meta property=\"og:site_name\" content=\"Yasmin\" \/>\n<meta property=\"article:publisher\" content=\"https:\/\/www.facebook.com\/Joyas-Yasmin-217664058934169\/\" \/>\n<meta property=\"article:modified_time\" content=\"2025-11-10T11:31:18+00:00\" \/>\n<meta property=\"og:image\" content=\"https:\/\/joyasyasmin.com\/wp-content\/uploads\/2024\/05\/pendiente-huella-con-luna.jpg\" \/>\n\t<meta property=\"og:image:width\" content=\"1000\" \/>\n\t<meta property=\"og:image:height\" content=\"1000\" \/>\n\t<meta property=\"og:image:type\" content=\"image\/jpeg\" \/>\n<meta name=\"twitter:card\" content=\"summary_large_image\" \/>\n<script type=\"application\/ld+json\" class=\"yoast-schema-graph\">{\"@context\":\"https:\/\/schema.org\",\"@graph\":[{\"@type\":[\"WebPage\",\"ItemPage\"],\"@id\":\"https:\/\/joyasyasmin.com\/fr\/producto\/boucles-doreilles-lune-celeste\/\",\"url\":\"https:\/\/joyasyasmin.com\/fr\/producto\/boucles-doreilles-lune-celeste\/\",\"name\":\"Boucles d\u2019oreilles Lune C\u00e9leste - Yasmin\",\"isPartOf\":{\"@id\":\"https:\/\/joyasyasmin.com\/fr\/#website\"},\"primaryImageOfPage\":{\"@id\":\"https:\/\/joyasyasmin.com\/fr\/producto\/boucles-doreilles-lune-celeste\/#primaryimage\"},\"image\":{\"@id\":\"https:\/\/joyasyasmin.com\/fr\/producto\/boucles-doreilles-lune-celeste\/#primaryimage\"},\"thumbnailUrl\":\"https:\/\/joyasyasmin.com\/wp-content\/uploads\/2024\/05\/pendiente-huella-con-luna.jpg\",\"datePublished\":\"2024-05-22T17:47:50+00:00\",\"dateModified\":\"2025-11-10T11:31:18+00:00\",\"description\":\"Les boucles d\u2019oreilles Celestial Moon sont fabriqu\u00e9es en argent sterling 925, leur design est id\u00e9al pour ceux qui aiment les animaux car il repr\u00e9sente la marque qu\u2019ils nous laissent.\",\"breadcrumb\":{\"@id\":\"https:\/\/joyasyasmin.com\/fr\/producto\/boucles-doreilles-lune-celeste\/#breadcrumb\"},\"inLanguage\":\"fr-FR\",\"potentialAction\":[{\"@type\":\"ReadAction\",\"target\":[\"https:\/\/joyasyasmin.com\/fr\/producto\/boucles-doreilles-lune-celeste\/\"]}]},{\"@type\":\"ImageObject\",\"inLanguage\":\"fr-FR\",\"@id\":\"https:\/\/joyasyasmin.com\/fr\/producto\/boucles-doreilles-lune-celeste\/#primaryimage\",\"url\":\"https:\/\/joyasyasmin.com\/wp-content\/uploads\/2024\/05\/pendiente-huella-con-luna.jpg\",\"contentUrl\":\"https:\/\/joyasyasmin.com\/wp-content\/uploads\/2024\/05\/pendiente-huella-con-luna.jpg\",\"width\":1000,\"height\":1000,\"caption\":\"Vente de boucle d\u2019oreille en argent sterling 925\"},{\"@type\":\"BreadcrumbList\",\"@id\":\"https:\/\/joyasyasmin.com\/fr\/producto\/boucles-doreilles-lune-celeste\/#breadcrumb\",\"itemListElement\":[{\"@type\":\"ListItem\",\"position\":1,\"name\":\"Portada\",\"item\":\"https:\/\/joyasyasmin.com\/fr\/domicile\/\"},{\"@type\":\"ListItem\",\"position\":2,\"name\":\"Boutique\",\"item\":\"https:\/\/joyasyasmin.com\/fr\/boutique\/\"},{\"@type\":\"ListItem\",\"position\":3,\"name\":\"Boucles d\u2019oreilles Lune C\u00e9leste\"}]},{\"@type\":\"WebSite\",\"@id\":\"https:\/\/joyasyasmin.com\/fr\/#website\",\"url\":\"https:\/\/joyasyasmin.com\/fr\/\",\"name\":\"Yasmin\",\"description\":\"Joyer\u00eda de Plata 925 - Pendientes, pulseras, anillos, colgantes y m\u00e1s!\",\"publisher\":{\"@id\":\"https:\/\/joyasyasmin.com\/fr\/#organization\"},\"potentialAction\":[{\"@type\":\"SearchAction\",\"target\":{\"@type\":\"EntryPoint\",\"urlTemplate\":\"https:\/\/joyasyasmin.com\/fr\/?s={search_term_string}\"},\"query-input\":{\"@type\":\"PropertyValueSpecification\",\"valueRequired\":true,\"valueName\":\"search_term_string\"}}],\"inLanguage\":\"fr-FR\"},{\"@type\":\"Organization\",\"@id\":\"https:\/\/joyasyasmin.com\/fr\/#organization\",\"name\":\"joyas yasmin\",\"url\":\"https:\/\/joyasyasmin.com\/fr\/\",\"logo\":{\"@type\":\"ImageObject\",\"inLanguage\":\"fr-FR\",\"@id\":\"https:\/\/joyasyasmin.com\/fr\/#\/schema\/logo\/image\/\",\"url\":\"https:\/\/joyasyasmin.com\/wp-content\/uploads\/2017\/06\/IMG-20200429-WA0051.jpg\",\"contentUrl\":\"https:\/\/joyasyasmin.com\/wp-content\/uploads\/2017\/06\/IMG-20200429-WA0051.jpg\",\"width\":1080,\"height\":545,\"caption\":\"joyas yasmin\"},\"image\":{\"@id\":\"https:\/\/joyasyasmin.com\/fr\/#\/schema\/logo\/image\/\"},\"sameAs\":[\"https:\/\/www.facebook.com\/Joyas-Yasmin-217664058934169\/\",\"https:\/\/www.instagram.com\/invites\/contact\/\"]}]}<\/script>\n<!-- \/ Yoast SEO plugin. -->","yoast_head_json":{"title":"Boucles d\u2019oreilles Lune C\u00e9leste - Yasmin","description":"Les boucles d\u2019oreilles Celestial Moon sont fabriqu\u00e9es en argent sterling 925, leur design est id\u00e9al pour ceux qui aiment les animaux car il repr\u00e9sente la marque qu\u2019ils nous laissent.","robots":{"index":"index","follow":"follow","max-snippet":"max-snippet:-1","max-image-preview":"max-image-preview:large","max-video-preview":"max-video-preview:-1"},"canonical":"https:\/\/joyasyasmin.com\/fr\/producto\/boucles-doreilles-lune-celeste\/","og_locale":"fr_FR","og_title":"Boucles d\u2019oreilles Lune C\u00e9leste - Yasmin","og_description":"Les boucles d\u2019oreilles Celestial Moon sont fabriqu\u00e9es en argent sterling 925, leur design est id\u00e9al pour ceux qui aiment les animaux car il repr\u00e9sente la marque qu\u2019ils nous laissent.","og_url":"https:\/\/joyasyasmin.com\/fr\/producto\/boucles-doreilles-lune-celeste\/","og_site_name":"Yasmin","article_publisher":"https:\/\/www.facebook.com\/Joyas-Yasmin-217664058934169\/","article_modified_time":"2025-11-10T11:31:18+00:00","og_image":[{"width":1000,"height":1000,"url":"https:\/\/joyasyasmin.com\/wp-content\/uploads\/2024\/05\/pendiente-huella-con-luna.jpg","type":"image\/jpeg"}],"twitter_card":"summary_large_image","schema":{"@context":"https:\/\/schema.org","@graph":[{"@type":["WebPage","ItemPage"],"@id":"https:\/\/joyasyasmin.com\/fr\/producto\/boucles-doreilles-lune-celeste\/","url":"https:\/\/joyasyasmin.com\/fr\/producto\/boucles-doreilles-lune-celeste\/","name":"Boucles d\u2019oreilles Lune C\u00e9leste - Yasmin","isPartOf":{"@id":"https:\/\/joyasyasmin.com\/fr\/#website"},"primaryImageOfPage":{"@id":"https:\/\/joyasyasmin.com\/fr\/producto\/boucles-doreilles-lune-celeste\/#primaryimage"},"image":{"@id":"https:\/\/joyasyasmin.com\/fr\/producto\/boucles-doreilles-lune-celeste\/#primaryimage"},"thumbnailUrl":"https:\/\/joyasyasmin.com\/wp-content\/uploads\/2024\/05\/pendiente-huella-con-luna.jpg","datePublished":"2024-05-22T17:47:50+00:00","dateModified":"2025-11-10T11:31:18+00:00","description":"Les boucles d\u2019oreilles Celestial Moon sont fabriqu\u00e9es en argent sterling 925, leur design est id\u00e9al pour ceux qui aiment les animaux car il repr\u00e9sente la marque qu\u2019ils nous laissent.","breadcrumb":{"@id":"https:\/\/joyasyasmin.com\/fr\/producto\/boucles-doreilles-lune-celeste\/#breadcrumb"},"inLanguage":"fr-FR","potentialAction":[{"@type":"ReadAction","target":["https:\/\/joyasyasmin.com\/fr\/producto\/boucles-doreilles-lune-celeste\/"]}]},{"@type":"ImageObject","inLanguage":"fr-FR","@id":"https:\/\/joyasyasmin.com\/fr\/producto\/boucles-doreilles-lune-celeste\/#primaryimage","url":"https:\/\/joyasyasmin.com\/wp-content\/uploads\/2024\/05\/pendiente-huella-con-luna.jpg","contentUrl":"https:\/\/joyasyasmin.com\/wp-content\/uploads\/2024\/05\/pendiente-huella-con-luna.jpg","width":1000,"height":1000,"caption":"Vente de boucle d\u2019oreille en argent sterling 925"},{"@type":"BreadcrumbList","@id":"https:\/\/joyasyasmin.com\/fr\/producto\/boucles-doreilles-lune-celeste\/#breadcrumb","itemListElement":[{"@type":"ListItem","position":1,"name":"Portada","item":"https:\/\/joyasyasmin.com\/fr\/domicile\/"},{"@type":"ListItem","position":2,"name":"Boutique","item":"https:\/\/joyasyasmin.com\/fr\/boutique\/"},{"@type":"ListItem","position":3,"name":"Boucles d\u2019oreilles Lune C\u00e9leste"}]},{"@type":"WebSite","@id":"https:\/\/joyasyasmin.com\/fr\/#website","url":"https:\/\/joyasyasmin.com\/fr\/","name":"Yasmin","description":"Joyer\u00eda de Plata 925 - Pendientes, pulseras, anillos, colgantes y m\u00e1s!","publisher":{"@id":"https:\/\/joyasyasmin.com\/fr\/#organization"},"potentialAction":[{"@type":"SearchAction","target":{"@type":"EntryPoint","urlTemplate":"https:\/\/joyasyasmin.com\/fr\/?s={search_term_string}"},"query-input":{"@type":"PropertyValueSpecification","valueRequired":true,"valueName":"search_term_string"}}],"inLanguage":"fr-FR"},{"@type":"Organization","@id":"https:\/\/joyasyasmin.com\/fr\/#organization","name":"joyas yasmin","url":"https:\/\/joyasyasmin.com\/fr\/","logo":{"@type":"ImageObject","inLanguage":"fr-FR","@id":"https:\/\/joyasyasmin.com\/fr\/#\/schema\/logo\/image\/","url":"https:\/\/joyasyasmin.com\/wp-content\/uploads\/2017\/06\/IMG-20200429-WA0051.jpg","contentUrl":"https:\/\/joyasyasmin.com\/wp-content\/uploads\/2017\/06\/IMG-20200429-WA0051.jpg","width":1080,"height":545,"caption":"joyas yasmin"},"image":{"@id":"https:\/\/joyasyasmin.com\/fr\/#\/schema\/logo\/image\/"},"sameAs":["https:\/\/www.facebook.com\/Joyas-Yasmin-217664058934169\/","https:\/\/www.instagram.com\/invites\/contact\/"]}]}},"_links":{"self":[{"href":"https:\/\/joyasyasmin.com\/fr\/wp-json\/wp\/v2\/product\/22018","targetHints":{"allow":["GET"]}}],"collection":[{"href":"https:\/\/joyasyasmin.com\/fr\/wp-json\/wp\/v2\/product"}],"about":[{"href":"https:\/\/joyasyasmin.com\/fr\/wp-json\/wp\/v2\/types\/product"}],"replies":[{"embeddable":true,"href":"https:\/\/joyasyasmin.com\/fr\/wp-json\/wp\/v2\/comments?post=22018"}],"version-history":[{"count":2,"href":"https:\/\/joyasyasmin.com\/fr\/wp-json\/wp\/v2\/product\/22018\/revisions"}],"predecessor-version":[{"id":35753,"href":"https:\/\/joyasyasmin.com\/fr\/wp-json\/wp\/v2\/product\/22018\/revisions\/35753"}],"wp:featuredmedia":[{"embeddable":true,"href":"https:\/\/joyasyasmin.com\/fr\/wp-json\/wp\/v2\/media\/22024"}],"wp:attachment":[{"href":"https:\/\/joyasyasmin.com\/fr\/wp-json\/wp\/v2\/media?parent=22018"}],"wp:term":[{"taxonomy":"product_brand","embeddable":true,"href":"https:\/\/joyasyasmin.com\/fr\/wp-json\/wp\/v2\/product_brand?post=22018"},{"taxonomy":"product_cat","embeddable":true,"href":"https:\/\/joyasyasmin.com\/fr\/wp-json\/wp\/v2\/product_cat?post=22018"},{"taxonomy":"product_tag","embeddable":true,"href":"https:\/\/joyasyasmin.com\/fr\/wp-json\/wp\/v2\/product_tag?post=22018"}],"curies":[{"name":"wp","href":"https:\/\/api.w.org\/{rel}","templated":true}]}}