{"id":22059,"date":"2023-08-10T16:13:31","date_gmt":"2023-08-10T16:13:31","guid":{"rendered":"https:\/\/joyasyasmin.com\/producto\/bracelet-de-cheville-en-pierre-avec-queue-de-baleine\/"},"modified":"2025-11-10T11:47:21","modified_gmt":"2025-11-10T11:47:21","slug":"bracelet-de-cheville-en-pierre-avec-queue-de-baleine","status":"publish","type":"product","link":"https:\/\/joyasyasmin.com\/fr\/producto\/bracelet-de-cheville-en-pierre-avec-queue-de-baleine\/","title":{"rendered":"Bracelet de cheville en pierre avec queue de baleine"},"content":{"rendered":"","protected":false},"excerpt":{"rendered":"<p>Bracelet de cheville en pierre queue de baleine, ajoutez une touche d\u2019\u00e9l\u00e9gance et de couleur \u00e0 vos journ\u00e9es ensoleill\u00e9es avec notre bracelet de cheville en pierre multicolore fait \u00e0 la main. Chaque pierre est soigneusement s\u00e9lectionn\u00e9e pour offrir une combinaison harmonieuse de tons, et les perles en argent sterling de 2 mm ajoutent un \u00e9clat subtil \u00e0 la pi\u00e8ce. Un charmant d\u00e9tail de la queue d\u2019une baleine pend d\u00e9licatement, ajoutant une touche ludique \u00e0 cet accessoire sophistiqu\u00e9.  <\/p>\n","protected":false},"featured_media":22065,"comment_status":"open","ping_status":"closed","template":"","meta":{"_acf_changed":false,"_joinchat":[]},"product_brand":[],"product_cat":[1909],"product_tag":[2283,2284,2282,2174],"class_list":{"0":"post-22059","1":"product","2":"type-product","3":"status-publish","4":"has-post-thumbnail","6":"product_cat-cheville","7":"product_tag-bracelet-de-cheville-en-pierre-avec-queue-de-baleine","8":"product_tag-bracelets-de-cheville-avec-pierres-colorees","9":"product_tag-bracelets-de-cheville-en-argent-sterling-925","10":"product_tag-nouveautes-2023","12":"first","13":"instock","14":"shipping-taxable","15":"purchasable","16":"product-type-simple"},"acf":[],"yoast_head":"<!-- This site is optimized with the Yoast SEO plugin v27.2 - https:\/\/yoast.com\/product\/yoast-seo-wordpress\/ -->\n<title>Bracelet de cheville en pierre avec queue de baleine - Yasmin<\/title>\n<meta name=\"description\" content=\"Bracelet de cheville en pierre avec queue de baleine en argent sterling 925, ajoute de la couleur \u00e0 votre look lors de ces journ\u00e9es ensoleill\u00e9es, la longueur est de 23 + 3 cm. Vous allez l\u2019adorer !\" \/>\n<meta name=\"robots\" content=\"index, follow, max-snippet:-1, max-image-preview:large, max-video-preview:-1\" \/>\n<link rel=\"canonical\" href=\"https:\/\/joyasyasmin.com\/fr\/producto\/bracelet-de-cheville-en-pierre-avec-queue-de-baleine\/\" \/>\n<meta property=\"og:locale\" content=\"fr_FR\" \/>\n<meta property=\"og:title\" content=\"Bracelet de cheville en pierre avec queue de baleine - Yasmin\" \/>\n<meta property=\"og:description\" content=\"Bracelet de cheville en pierre avec queue de baleine en argent sterling 925, ajoute de la couleur \u00e0 votre look lors de ces journ\u00e9es ensoleill\u00e9es, la longueur est de 23 + 3 cm. Vous allez l\u2019adorer !\" \/>\n<meta property=\"og:url\" content=\"https:\/\/joyasyasmin.com\/fr\/producto\/bracelet-de-cheville-en-pierre-avec-queue-de-baleine\/\" \/>\n<meta property=\"og:site_name\" content=\"Yasmin\" \/>\n<meta property=\"article:publisher\" content=\"https:\/\/www.facebook.com\/Joyas-Yasmin-217664058934169\/\" \/>\n<meta property=\"article:modified_time\" content=\"2025-11-10T11:47:21+00:00\" \/>\n<meta property=\"og:image\" content=\"https:\/\/joyasyasmin.com\/wp-content\/uploads\/2023\/08\/tobillera-cola-de-ballena.jpg\" \/>\n\t<meta property=\"og:image:width\" content=\"1000\" \/>\n\t<meta property=\"og:image:height\" content=\"1000\" \/>\n\t<meta property=\"og:image:type\" content=\"image\/jpeg\" \/>\n<meta name=\"twitter:card\" content=\"summary_large_image\" \/>\n<script type=\"application\/ld+json\" class=\"yoast-schema-graph\">{\"@context\":\"https:\/\/schema.org\",\"@graph\":[{\"@type\":[\"WebPage\",\"ItemPage\"],\"@id\":\"https:\/\/joyasyasmin.com\/fr\/producto\/bracelet-de-cheville-en-pierre-avec-queue-de-baleine\/\",\"url\":\"https:\/\/joyasyasmin.com\/fr\/producto\/bracelet-de-cheville-en-pierre-avec-queue-de-baleine\/\",\"name\":\"Bracelet de cheville en pierre avec queue de baleine - Yasmin\",\"isPartOf\":{\"@id\":\"https:\/\/joyasyasmin.com\/fr\/#website\"},\"primaryImageOfPage\":{\"@id\":\"https:\/\/joyasyasmin.com\/fr\/producto\/bracelet-de-cheville-en-pierre-avec-queue-de-baleine\/#primaryimage\"},\"image\":{\"@id\":\"https:\/\/joyasyasmin.com\/fr\/producto\/bracelet-de-cheville-en-pierre-avec-queue-de-baleine\/#primaryimage\"},\"thumbnailUrl\":\"https:\/\/joyasyasmin.com\/wp-content\/uploads\/2023\/08\/tobillera-cola-de-ballena.jpg\",\"datePublished\":\"2023-08-10T16:13:31+00:00\",\"dateModified\":\"2025-11-10T11:47:21+00:00\",\"description\":\"Bracelet de cheville en pierre avec queue de baleine en argent sterling 925, ajoute de la couleur \u00e0 votre look lors de ces journ\u00e9es ensoleill\u00e9es, la longueur est de 23 + 3 cm. Vous allez l\u2019adorer !\",\"breadcrumb\":{\"@id\":\"https:\/\/joyasyasmin.com\/fr\/producto\/bracelet-de-cheville-en-pierre-avec-queue-de-baleine\/#breadcrumb\"},\"inLanguage\":\"fr-FR\",\"potentialAction\":[{\"@type\":\"ReadAction\",\"target\":[\"https:\/\/joyasyasmin.com\/fr\/producto\/bracelet-de-cheville-en-pierre-avec-queue-de-baleine\/\"]}]},{\"@type\":\"ImageObject\",\"inLanguage\":\"fr-FR\",\"@id\":\"https:\/\/joyasyasmin.com\/fr\/producto\/bracelet-de-cheville-en-pierre-avec-queue-de-baleine\/#primaryimage\",\"url\":\"https:\/\/joyasyasmin.com\/wp-content\/uploads\/2023\/08\/tobillera-cola-de-ballena.jpg\",\"contentUrl\":\"https:\/\/joyasyasmin.com\/wp-content\/uploads\/2023\/08\/tobillera-cola-de-ballena.jpg\",\"width\":1000,\"height\":1000,\"caption\":\"Bracelet de cheville queue de baleine en argent sterling 925 \u00e0 vendre\"},{\"@type\":\"BreadcrumbList\",\"@id\":\"https:\/\/joyasyasmin.com\/fr\/producto\/bracelet-de-cheville-en-pierre-avec-queue-de-baleine\/#breadcrumb\",\"itemListElement\":[{\"@type\":\"ListItem\",\"position\":1,\"name\":\"Portada\",\"item\":\"https:\/\/joyasyasmin.com\/fr\/domicile\/\"},{\"@type\":\"ListItem\",\"position\":2,\"name\":\"Boutique\",\"item\":\"https:\/\/joyasyasmin.com\/fr\/boutique\/\"},{\"@type\":\"ListItem\",\"position\":3,\"name\":\"Bracelet de cheville en pierre avec queue de baleine\"}]},{\"@type\":\"WebSite\",\"@id\":\"https:\/\/joyasyasmin.com\/fr\/#website\",\"url\":\"https:\/\/joyasyasmin.com\/fr\/\",\"name\":\"Yasmin\",\"description\":\"Joyer\u00eda de Plata 925 - Pendientes, pulseras, anillos, colgantes y m\u00e1s!\",\"publisher\":{\"@id\":\"https:\/\/joyasyasmin.com\/fr\/#organization\"},\"potentialAction\":[{\"@type\":\"SearchAction\",\"target\":{\"@type\":\"EntryPoint\",\"urlTemplate\":\"https:\/\/joyasyasmin.com\/fr\/?s={search_term_string}\"},\"query-input\":{\"@type\":\"PropertyValueSpecification\",\"valueRequired\":true,\"valueName\":\"search_term_string\"}}],\"inLanguage\":\"fr-FR\"},{\"@type\":\"Organization\",\"@id\":\"https:\/\/joyasyasmin.com\/fr\/#organization\",\"name\":\"joyas yasmin\",\"url\":\"https:\/\/joyasyasmin.com\/fr\/\",\"logo\":{\"@type\":\"ImageObject\",\"inLanguage\":\"fr-FR\",\"@id\":\"https:\/\/joyasyasmin.com\/fr\/#\/schema\/logo\/image\/\",\"url\":\"https:\/\/joyasyasmin.com\/wp-content\/uploads\/2017\/06\/IMG-20200429-WA0051.jpg\",\"contentUrl\":\"https:\/\/joyasyasmin.com\/wp-content\/uploads\/2017\/06\/IMG-20200429-WA0051.jpg\",\"width\":1080,\"height\":545,\"caption\":\"joyas yasmin\"},\"image\":{\"@id\":\"https:\/\/joyasyasmin.com\/fr\/#\/schema\/logo\/image\/\"},\"sameAs\":[\"https:\/\/www.facebook.com\/Joyas-Yasmin-217664058934169\/\",\"https:\/\/www.instagram.com\/invites\/contact\/\"]}]}<\/script>\n<!-- \/ Yoast SEO plugin. -->","yoast_head_json":{"title":"Bracelet de cheville en pierre avec queue de baleine - Yasmin","description":"Bracelet de cheville en pierre avec queue de baleine en argent sterling 925, ajoute de la couleur \u00e0 votre look lors de ces journ\u00e9es ensoleill\u00e9es, la longueur est de 23 + 3 cm. Vous allez l\u2019adorer !","robots":{"index":"index","follow":"follow","max-snippet":"max-snippet:-1","max-image-preview":"max-image-preview:large","max-video-preview":"max-video-preview:-1"},"canonical":"https:\/\/joyasyasmin.com\/fr\/producto\/bracelet-de-cheville-en-pierre-avec-queue-de-baleine\/","og_locale":"fr_FR","og_title":"Bracelet de cheville en pierre avec queue de baleine - Yasmin","og_description":"Bracelet de cheville en pierre avec queue de baleine en argent sterling 925, ajoute de la couleur \u00e0 votre look lors de ces journ\u00e9es ensoleill\u00e9es, la longueur est de 23 + 3 cm. Vous allez l\u2019adorer !","og_url":"https:\/\/joyasyasmin.com\/fr\/producto\/bracelet-de-cheville-en-pierre-avec-queue-de-baleine\/","og_site_name":"Yasmin","article_publisher":"https:\/\/www.facebook.com\/Joyas-Yasmin-217664058934169\/","article_modified_time":"2025-11-10T11:47:21+00:00","og_image":[{"width":1000,"height":1000,"url":"https:\/\/joyasyasmin.com\/wp-content\/uploads\/2023\/08\/tobillera-cola-de-ballena.jpg","type":"image\/jpeg"}],"twitter_card":"summary_large_image","schema":{"@context":"https:\/\/schema.org","@graph":[{"@type":["WebPage","ItemPage"],"@id":"https:\/\/joyasyasmin.com\/fr\/producto\/bracelet-de-cheville-en-pierre-avec-queue-de-baleine\/","url":"https:\/\/joyasyasmin.com\/fr\/producto\/bracelet-de-cheville-en-pierre-avec-queue-de-baleine\/","name":"Bracelet de cheville en pierre avec queue de baleine - Yasmin","isPartOf":{"@id":"https:\/\/joyasyasmin.com\/fr\/#website"},"primaryImageOfPage":{"@id":"https:\/\/joyasyasmin.com\/fr\/producto\/bracelet-de-cheville-en-pierre-avec-queue-de-baleine\/#primaryimage"},"image":{"@id":"https:\/\/joyasyasmin.com\/fr\/producto\/bracelet-de-cheville-en-pierre-avec-queue-de-baleine\/#primaryimage"},"thumbnailUrl":"https:\/\/joyasyasmin.com\/wp-content\/uploads\/2023\/08\/tobillera-cola-de-ballena.jpg","datePublished":"2023-08-10T16:13:31+00:00","dateModified":"2025-11-10T11:47:21+00:00","description":"Bracelet de cheville en pierre avec queue de baleine en argent sterling 925, ajoute de la couleur \u00e0 votre look lors de ces journ\u00e9es ensoleill\u00e9es, la longueur est de 23 + 3 cm. Vous allez l\u2019adorer !","breadcrumb":{"@id":"https:\/\/joyasyasmin.com\/fr\/producto\/bracelet-de-cheville-en-pierre-avec-queue-de-baleine\/#breadcrumb"},"inLanguage":"fr-FR","potentialAction":[{"@type":"ReadAction","target":["https:\/\/joyasyasmin.com\/fr\/producto\/bracelet-de-cheville-en-pierre-avec-queue-de-baleine\/"]}]},{"@type":"ImageObject","inLanguage":"fr-FR","@id":"https:\/\/joyasyasmin.com\/fr\/producto\/bracelet-de-cheville-en-pierre-avec-queue-de-baleine\/#primaryimage","url":"https:\/\/joyasyasmin.com\/wp-content\/uploads\/2023\/08\/tobillera-cola-de-ballena.jpg","contentUrl":"https:\/\/joyasyasmin.com\/wp-content\/uploads\/2023\/08\/tobillera-cola-de-ballena.jpg","width":1000,"height":1000,"caption":"Bracelet de cheville queue de baleine en argent sterling 925 \u00e0 vendre"},{"@type":"BreadcrumbList","@id":"https:\/\/joyasyasmin.com\/fr\/producto\/bracelet-de-cheville-en-pierre-avec-queue-de-baleine\/#breadcrumb","itemListElement":[{"@type":"ListItem","position":1,"name":"Portada","item":"https:\/\/joyasyasmin.com\/fr\/domicile\/"},{"@type":"ListItem","position":2,"name":"Boutique","item":"https:\/\/joyasyasmin.com\/fr\/boutique\/"},{"@type":"ListItem","position":3,"name":"Bracelet de cheville en pierre avec queue de baleine"}]},{"@type":"WebSite","@id":"https:\/\/joyasyasmin.com\/fr\/#website","url":"https:\/\/joyasyasmin.com\/fr\/","name":"Yasmin","description":"Joyer\u00eda de Plata 925 - Pendientes, pulseras, anillos, colgantes y m\u00e1s!","publisher":{"@id":"https:\/\/joyasyasmin.com\/fr\/#organization"},"potentialAction":[{"@type":"SearchAction","target":{"@type":"EntryPoint","urlTemplate":"https:\/\/joyasyasmin.com\/fr\/?s={search_term_string}"},"query-input":{"@type":"PropertyValueSpecification","valueRequired":true,"valueName":"search_term_string"}}],"inLanguage":"fr-FR"},{"@type":"Organization","@id":"https:\/\/joyasyasmin.com\/fr\/#organization","name":"joyas yasmin","url":"https:\/\/joyasyasmin.com\/fr\/","logo":{"@type":"ImageObject","inLanguage":"fr-FR","@id":"https:\/\/joyasyasmin.com\/fr\/#\/schema\/logo\/image\/","url":"https:\/\/joyasyasmin.com\/wp-content\/uploads\/2017\/06\/IMG-20200429-WA0051.jpg","contentUrl":"https:\/\/joyasyasmin.com\/wp-content\/uploads\/2017\/06\/IMG-20200429-WA0051.jpg","width":1080,"height":545,"caption":"joyas yasmin"},"image":{"@id":"https:\/\/joyasyasmin.com\/fr\/#\/schema\/logo\/image\/"},"sameAs":["https:\/\/www.facebook.com\/Joyas-Yasmin-217664058934169\/","https:\/\/www.instagram.com\/invites\/contact\/"]}]}},"_links":{"self":[{"href":"https:\/\/joyasyasmin.com\/fr\/wp-json\/wp\/v2\/product\/22059","targetHints":{"allow":["GET"]}}],"collection":[{"href":"https:\/\/joyasyasmin.com\/fr\/wp-json\/wp\/v2\/product"}],"about":[{"href":"https:\/\/joyasyasmin.com\/fr\/wp-json\/wp\/v2\/types\/product"}],"replies":[{"embeddable":true,"href":"https:\/\/joyasyasmin.com\/fr\/wp-json\/wp\/v2\/comments?post=22059"}],"version-history":[{"count":1,"href":"https:\/\/joyasyasmin.com\/fr\/wp-json\/wp\/v2\/product\/22059\/revisions"}],"predecessor-version":[{"id":36016,"href":"https:\/\/joyasyasmin.com\/fr\/wp-json\/wp\/v2\/product\/22059\/revisions\/36016"}],"wp:featuredmedia":[{"embeddable":true,"href":"https:\/\/joyasyasmin.com\/fr\/wp-json\/wp\/v2\/media\/22065"}],"wp:attachment":[{"href":"https:\/\/joyasyasmin.com\/fr\/wp-json\/wp\/v2\/media?parent=22059"}],"wp:term":[{"taxonomy":"product_brand","embeddable":true,"href":"https:\/\/joyasyasmin.com\/fr\/wp-json\/wp\/v2\/product_brand?post=22059"},{"taxonomy":"product_cat","embeddable":true,"href":"https:\/\/joyasyasmin.com\/fr\/wp-json\/wp\/v2\/product_cat?post=22059"},{"taxonomy":"product_tag","embeddable":true,"href":"https:\/\/joyasyasmin.com\/fr\/wp-json\/wp\/v2\/product_tag?post=22059"}],"curies":[{"name":"wp","href":"https:\/\/api.w.org\/{rel}","templated":true}]}}