{"id":22060,"date":"2023-05-21T19:52:13","date_gmt":"2023-05-21T19:52:13","guid":{"rendered":"https:\/\/joyasyasmin.com\/producto\/anneau-delectroformage-calabrot\/"},"modified":"2025-01-16T19:20:33","modified_gmt":"2025-01-16T19:20:33","slug":"anneau-delectroformage-calabrot","status":"publish","type":"product","link":"https:\/\/joyasyasmin.com\/fr\/producto\/anneau-delectroformage-calabrot\/","title":{"rendered":"Anneau d\u2019\u00e9lectroformage Calabrot"},"content":{"rendered":"","protected":false},"excerpt":{"rendered":"<p>Notre bague est fabriqu\u00e9e en argent sterling 925, ce qui garantit sa qualit\u00e9 et sa durabilit\u00e9. L\u2019argent sterling est connu pour son \u00e9clat et sa beaut\u00e9 intemporelle, et cette bague ne fait pas exception. Chaque d\u00e9tail est soigneusement con\u00e7u pour offrir un look \u00e9l\u00e9gant et sophistiqu\u00e9. Avec une longueur de 29 mm en haut et une largeur de 2 cm, cette bague se distingue par son design audacieux et frappant. Le design calabrot, avec ses torsions et ses courbes imbriqu\u00e9es, cr\u00e9e un effet visuel captivant qui ne manquera pas d\u2019attirer l\u2019attention.  <\/p>\n","protected":false},"featured_media":22068,"comment_status":"open","ping_status":"closed","template":"","meta":{"_acf_changed":false,"_joinchat":[]},"product_brand":[],"product_cat":[1855],"product_tag":[2285,2286],"class_list":{"0":"post-22060","1":"product","2":"type-product","3":"status-publish","4":"has-post-thumbnail","6":"product_cat-bagues-et-bagues","7":"product_tag-anneau-delectroformage-calabrot","8":"product_tag-grandes-bagues-en-argent","10":"first","11":"instock","12":"shipping-taxable","13":"purchasable","14":"product-type-variable"},"acf":[],"yoast_head":"<!-- This site is optimized with the Yoast SEO plugin v27.3 - https:\/\/yoast.com\/product\/yoast-seo-wordpress\/ -->\n<title>Anneau d\u2019\u00e9lectroformage Calabrot - Yasmin<\/title>\n<meta name=\"description\" content=\"Cette bague calabrot \u00e9lectroformable est parfaite pour toutes les occasions, que vous souhaitiez la porter lors d\u2019\u00e9v\u00e9nements sp\u00e9ciaux ou pour votre look quotidien.\" \/>\n<meta name=\"robots\" content=\"index, follow, max-snippet:-1, max-image-preview:large, max-video-preview:-1\" \/>\n<link rel=\"canonical\" href=\"https:\/\/joyasyasmin.com\/fr\/producto\/anneau-delectroformage-calabrot\/\" \/>\n<meta property=\"og:locale\" content=\"fr_FR\" \/>\n<meta property=\"og:title\" content=\"Anneau d\u2019\u00e9lectroformage Calabrot - Yasmin\" \/>\n<meta property=\"og:description\" content=\"Cette bague calabrot \u00e9lectroformable est parfaite pour toutes les occasions, que vous souhaitiez la porter lors d\u2019\u00e9v\u00e9nements sp\u00e9ciaux ou pour votre look quotidien.\" \/>\n<meta property=\"og:url\" content=\"https:\/\/joyasyasmin.com\/fr\/producto\/anneau-delectroformage-calabrot\/\" \/>\n<meta property=\"og:site_name\" content=\"Yasmin\" \/>\n<meta property=\"article:publisher\" content=\"https:\/\/www.facebook.com\/Joyas-Yasmin-217664058934169\/\" \/>\n<meta property=\"article:modified_time\" content=\"2025-01-16T19:20:33+00:00\" \/>\n<meta property=\"og:image\" content=\"https:\/\/joyasyasmin.com\/wp-content\/uploads\/2023\/05\/anillo-calabrote-liso-de-plata.jpg\" \/>\n\t<meta property=\"og:image:width\" content=\"1000\" \/>\n\t<meta property=\"og:image:height\" content=\"1000\" \/>\n\t<meta property=\"og:image:type\" content=\"image\/jpeg\" \/>\n<meta name=\"twitter:card\" content=\"summary_large_image\" \/>\n<script type=\"application\/ld+json\" class=\"yoast-schema-graph\">{\"@context\":\"https:\\\/\\\/schema.org\",\"@graph\":[{\"@type\":[\"WebPage\",\"ItemPage\"],\"@id\":\"https:\\\/\\\/joyasyasmin.com\\\/fr\\\/producto\\\/anneau-delectroformage-calabrot\\\/\",\"url\":\"https:\\\/\\\/joyasyasmin.com\\\/fr\\\/producto\\\/anneau-delectroformage-calabrot\\\/\",\"name\":\"Anneau d\u2019\u00e9lectroformage Calabrot - Yasmin\",\"isPartOf\":{\"@id\":\"https:\\\/\\\/joyasyasmin.com\\\/fr\\\/#website\"},\"primaryImageOfPage\":{\"@id\":\"https:\\\/\\\/joyasyasmin.com\\\/fr\\\/producto\\\/anneau-delectroformage-calabrot\\\/#primaryimage\"},\"image\":{\"@id\":\"https:\\\/\\\/joyasyasmin.com\\\/fr\\\/producto\\\/anneau-delectroformage-calabrot\\\/#primaryimage\"},\"thumbnailUrl\":\"https:\\\/\\\/joyasyasmin.com\\\/wp-content\\\/uploads\\\/2023\\\/05\\\/anillo-calabrote-liso-de-plata.jpg\",\"datePublished\":\"2023-05-21T19:52:13+00:00\",\"dateModified\":\"2025-01-16T19:20:33+00:00\",\"description\":\"Cette bague calabrot \u00e9lectroformable est parfaite pour toutes les occasions, que vous souhaitiez la porter lors d\u2019\u00e9v\u00e9nements sp\u00e9ciaux ou pour votre look quotidien.\",\"breadcrumb\":{\"@id\":\"https:\\\/\\\/joyasyasmin.com\\\/fr\\\/producto\\\/anneau-delectroformage-calabrot\\\/#breadcrumb\"},\"inLanguage\":\"fr-FR\",\"potentialAction\":[{\"@type\":\"ReadAction\",\"target\":[\"https:\\\/\\\/joyasyasmin.com\\\/fr\\\/producto\\\/anneau-delectroformage-calabrot\\\/\"]}]},{\"@type\":\"ImageObject\",\"inLanguage\":\"fr-FR\",\"@id\":\"https:\\\/\\\/joyasyasmin.com\\\/fr\\\/producto\\\/anneau-delectroformage-calabrot\\\/#primaryimage\",\"url\":\"https:\\\/\\\/joyasyasmin.com\\\/wp-content\\\/uploads\\\/2023\\\/05\\\/anillo-calabrote-liso-de-plata.jpg\",\"contentUrl\":\"https:\\\/\\\/joyasyasmin.com\\\/wp-content\\\/uploads\\\/2023\\\/05\\\/anillo-calabrote-liso-de-plata.jpg\",\"width\":1000,\"height\":1000,\"caption\":\"Vente de Calabroto Plain Bague en Argent Sterling 925\"},{\"@type\":\"BreadcrumbList\",\"@id\":\"https:\\\/\\\/joyasyasmin.com\\\/fr\\\/producto\\\/anneau-delectroformage-calabrot\\\/#breadcrumb\",\"itemListElement\":[{\"@type\":\"ListItem\",\"position\":1,\"name\":\"Portada\",\"item\":\"https:\\\/\\\/joyasyasmin.com\\\/fr\\\/domicile\\\/\"},{\"@type\":\"ListItem\",\"position\":2,\"name\":\"Boutique\",\"item\":\"https:\\\/\\\/joyasyasmin.com\\\/fr\\\/boutique\\\/\"},{\"@type\":\"ListItem\",\"position\":3,\"name\":\"Anneau d\u2019\u00e9lectroformage Calabrot\"}]},{\"@type\":\"WebSite\",\"@id\":\"https:\\\/\\\/joyasyasmin.com\\\/fr\\\/#website\",\"url\":\"https:\\\/\\\/joyasyasmin.com\\\/fr\\\/\",\"name\":\"Yasmin\",\"description\":\"Joyer\u00eda de Plata 925 - Pendientes, pulseras, anillos, colgantes y m\u00e1s!\",\"publisher\":{\"@id\":\"https:\\\/\\\/joyasyasmin.com\\\/fr\\\/#organization\"},\"potentialAction\":[{\"@type\":\"SearchAction\",\"target\":{\"@type\":\"EntryPoint\",\"urlTemplate\":\"https:\\\/\\\/joyasyasmin.com\\\/fr\\\/?s={search_term_string}\"},\"query-input\":{\"@type\":\"PropertyValueSpecification\",\"valueRequired\":true,\"valueName\":\"search_term_string\"}}],\"inLanguage\":\"fr-FR\"},{\"@type\":\"Organization\",\"@id\":\"https:\\\/\\\/joyasyasmin.com\\\/fr\\\/#organization\",\"name\":\"joyas yasmin\",\"url\":\"https:\\\/\\\/joyasyasmin.com\\\/fr\\\/\",\"logo\":{\"@type\":\"ImageObject\",\"inLanguage\":\"fr-FR\",\"@id\":\"https:\\\/\\\/joyasyasmin.com\\\/fr\\\/#\\\/schema\\\/logo\\\/image\\\/\",\"url\":\"https:\\\/\\\/joyasyasmin.com\\\/wp-content\\\/uploads\\\/2017\\\/06\\\/IMG-20200429-WA0051.jpg\",\"contentUrl\":\"https:\\\/\\\/joyasyasmin.com\\\/wp-content\\\/uploads\\\/2017\\\/06\\\/IMG-20200429-WA0051.jpg\",\"width\":1080,\"height\":545,\"caption\":\"joyas yasmin\"},\"image\":{\"@id\":\"https:\\\/\\\/joyasyasmin.com\\\/fr\\\/#\\\/schema\\\/logo\\\/image\\\/\"},\"sameAs\":[\"https:\\\/\\\/www.facebook.com\\\/Joyas-Yasmin-217664058934169\\\/\",\"https:\\\/\\\/www.instagram.com\\\/invites\\\/contact\\\/\"]}]}<\/script>\n<!-- \/ Yoast SEO plugin. -->","yoast_head_json":{"title":"Anneau d\u2019\u00e9lectroformage Calabrot - Yasmin","description":"Cette bague calabrot \u00e9lectroformable est parfaite pour toutes les occasions, que vous souhaitiez la porter lors d\u2019\u00e9v\u00e9nements sp\u00e9ciaux ou pour votre look quotidien.","robots":{"index":"index","follow":"follow","max-snippet":"max-snippet:-1","max-image-preview":"max-image-preview:large","max-video-preview":"max-video-preview:-1"},"canonical":"https:\/\/joyasyasmin.com\/fr\/producto\/anneau-delectroformage-calabrot\/","og_locale":"fr_FR","og_title":"Anneau d\u2019\u00e9lectroformage Calabrot - Yasmin","og_description":"Cette bague calabrot \u00e9lectroformable est parfaite pour toutes les occasions, que vous souhaitiez la porter lors d\u2019\u00e9v\u00e9nements sp\u00e9ciaux ou pour votre look quotidien.","og_url":"https:\/\/joyasyasmin.com\/fr\/producto\/anneau-delectroformage-calabrot\/","og_site_name":"Yasmin","article_publisher":"https:\/\/www.facebook.com\/Joyas-Yasmin-217664058934169\/","article_modified_time":"2025-01-16T19:20:33+00:00","og_image":[{"width":1000,"height":1000,"url":"https:\/\/joyasyasmin.com\/wp-content\/uploads\/2023\/05\/anillo-calabrote-liso-de-plata.jpg","type":"image\/jpeg"}],"twitter_card":"summary_large_image","schema":{"@context":"https:\/\/schema.org","@graph":[{"@type":["WebPage","ItemPage"],"@id":"https:\/\/joyasyasmin.com\/fr\/producto\/anneau-delectroformage-calabrot\/","url":"https:\/\/joyasyasmin.com\/fr\/producto\/anneau-delectroformage-calabrot\/","name":"Anneau d\u2019\u00e9lectroformage Calabrot - Yasmin","isPartOf":{"@id":"https:\/\/joyasyasmin.com\/fr\/#website"},"primaryImageOfPage":{"@id":"https:\/\/joyasyasmin.com\/fr\/producto\/anneau-delectroformage-calabrot\/#primaryimage"},"image":{"@id":"https:\/\/joyasyasmin.com\/fr\/producto\/anneau-delectroformage-calabrot\/#primaryimage"},"thumbnailUrl":"https:\/\/joyasyasmin.com\/wp-content\/uploads\/2023\/05\/anillo-calabrote-liso-de-plata.jpg","datePublished":"2023-05-21T19:52:13+00:00","dateModified":"2025-01-16T19:20:33+00:00","description":"Cette bague calabrot \u00e9lectroformable est parfaite pour toutes les occasions, que vous souhaitiez la porter lors d\u2019\u00e9v\u00e9nements sp\u00e9ciaux ou pour votre look quotidien.","breadcrumb":{"@id":"https:\/\/joyasyasmin.com\/fr\/producto\/anneau-delectroformage-calabrot\/#breadcrumb"},"inLanguage":"fr-FR","potentialAction":[{"@type":"ReadAction","target":["https:\/\/joyasyasmin.com\/fr\/producto\/anneau-delectroformage-calabrot\/"]}]},{"@type":"ImageObject","inLanguage":"fr-FR","@id":"https:\/\/joyasyasmin.com\/fr\/producto\/anneau-delectroformage-calabrot\/#primaryimage","url":"https:\/\/joyasyasmin.com\/wp-content\/uploads\/2023\/05\/anillo-calabrote-liso-de-plata.jpg","contentUrl":"https:\/\/joyasyasmin.com\/wp-content\/uploads\/2023\/05\/anillo-calabrote-liso-de-plata.jpg","width":1000,"height":1000,"caption":"Vente de Calabroto Plain Bague en Argent Sterling 925"},{"@type":"BreadcrumbList","@id":"https:\/\/joyasyasmin.com\/fr\/producto\/anneau-delectroformage-calabrot\/#breadcrumb","itemListElement":[{"@type":"ListItem","position":1,"name":"Portada","item":"https:\/\/joyasyasmin.com\/fr\/domicile\/"},{"@type":"ListItem","position":2,"name":"Boutique","item":"https:\/\/joyasyasmin.com\/fr\/boutique\/"},{"@type":"ListItem","position":3,"name":"Anneau d\u2019\u00e9lectroformage Calabrot"}]},{"@type":"WebSite","@id":"https:\/\/joyasyasmin.com\/fr\/#website","url":"https:\/\/joyasyasmin.com\/fr\/","name":"Yasmin","description":"Joyer\u00eda de Plata 925 - Pendientes, pulseras, anillos, colgantes y m\u00e1s!","publisher":{"@id":"https:\/\/joyasyasmin.com\/fr\/#organization"},"potentialAction":[{"@type":"SearchAction","target":{"@type":"EntryPoint","urlTemplate":"https:\/\/joyasyasmin.com\/fr\/?s={search_term_string}"},"query-input":{"@type":"PropertyValueSpecification","valueRequired":true,"valueName":"search_term_string"}}],"inLanguage":"fr-FR"},{"@type":"Organization","@id":"https:\/\/joyasyasmin.com\/fr\/#organization","name":"joyas yasmin","url":"https:\/\/joyasyasmin.com\/fr\/","logo":{"@type":"ImageObject","inLanguage":"fr-FR","@id":"https:\/\/joyasyasmin.com\/fr\/#\/schema\/logo\/image\/","url":"https:\/\/joyasyasmin.com\/wp-content\/uploads\/2017\/06\/IMG-20200429-WA0051.jpg","contentUrl":"https:\/\/joyasyasmin.com\/wp-content\/uploads\/2017\/06\/IMG-20200429-WA0051.jpg","width":1080,"height":545,"caption":"joyas yasmin"},"image":{"@id":"https:\/\/joyasyasmin.com\/fr\/#\/schema\/logo\/image\/"},"sameAs":["https:\/\/www.facebook.com\/Joyas-Yasmin-217664058934169\/","https:\/\/www.instagram.com\/invites\/contact\/"]}]}},"_links":{"self":[{"href":"https:\/\/joyasyasmin.com\/fr\/wp-json\/wp\/v2\/product\/22060","targetHints":{"allow":["GET"]}}],"collection":[{"href":"https:\/\/joyasyasmin.com\/fr\/wp-json\/wp\/v2\/product"}],"about":[{"href":"https:\/\/joyasyasmin.com\/fr\/wp-json\/wp\/v2\/types\/product"}],"replies":[{"embeddable":true,"href":"https:\/\/joyasyasmin.com\/fr\/wp-json\/wp\/v2\/comments?post=22060"}],"version-history":[{"count":1,"href":"https:\/\/joyasyasmin.com\/fr\/wp-json\/wp\/v2\/product\/22060\/revisions"}],"predecessor-version":[{"id":29520,"href":"https:\/\/joyasyasmin.com\/fr\/wp-json\/wp\/v2\/product\/22060\/revisions\/29520"}],"wp:featuredmedia":[{"embeddable":true,"href":"https:\/\/joyasyasmin.com\/fr\/wp-json\/wp\/v2\/media\/22068"}],"wp:attachment":[{"href":"https:\/\/joyasyasmin.com\/fr\/wp-json\/wp\/v2\/media?parent=22060"}],"wp:term":[{"taxonomy":"product_brand","embeddable":true,"href":"https:\/\/joyasyasmin.com\/fr\/wp-json\/wp\/v2\/product_brand?post=22060"},{"taxonomy":"product_cat","embeddable":true,"href":"https:\/\/joyasyasmin.com\/fr\/wp-json\/wp\/v2\/product_cat?post=22060"},{"taxonomy":"product_tag","embeddable":true,"href":"https:\/\/joyasyasmin.com\/fr\/wp-json\/wp\/v2\/product_tag?post=22060"}],"curies":[{"name":"wp","href":"https:\/\/api.w.org\/{rel}","templated":true}]}}