{"id":22088,"date":"2023-08-10T16:44:20","date_gmt":"2023-08-10T16:44:20","guid":{"rendered":"https:\/\/joyasyasmin.com\/producto\/attelle-de-cheville-en-pierre-blanche\/"},"modified":"2025-11-10T11:47:20","modified_gmt":"2025-11-10T11:47:20","slug":"attelle-de-cheville-en-pierre-blanche","status":"publish","type":"product","link":"https:\/\/joyasyasmin.com\/fr\/producto\/attelle-de-cheville-en-pierre-blanche\/","title":{"rendered":"Attelle de cheville en pierre blanche"},"content":{"rendered":"","protected":false},"excerpt":{"rendered":"<p>Bracelet de cheville en pierre blanche Ajoutez une touche d\u2019\u00e9l\u00e9gance et de style \u00e0 votre look avec notre exquis bracelet de cheville fait \u00e0 la main ! Chaque d\u00e9tail de cette belle pi\u00e8ce a \u00e9t\u00e9 soigneusement con\u00e7u pour vous offrir un accessoire unique et charmant. Vous pouvez porter le bracelet de cheville en pierre blanche seul ou le combiner avec d\u2019autres mod\u00e8les de bracelets de notre collection, vous allez l\u2019adorer.  <\/p>\n","protected":false},"featured_media":22092,"comment_status":"open","ping_status":"closed","template":"","meta":{"_acf_changed":false,"_joinchat":[]},"product_brand":[],"product_cat":[1909],"product_tag":[2304,2305,2174],"class_list":{"0":"post-22088","1":"product","2":"type-product","3":"status-publish","4":"has-post-thumbnail","6":"product_cat-cheville","7":"product_tag-bracelet-de-cheville-en-pierre-blanche","8":"product_tag-bracelets-de-cheville-faits-a-la-main-avec-des-pierres","9":"product_tag-nouveautes-2023","11":"first","12":"instock","13":"shipping-taxable","14":"purchasable","15":"product-type-simple"},"acf":[],"yoast_head":"<!-- This site is optimized with the Yoast SEO plugin v27.2 - https:\/\/yoast.com\/product\/yoast-seo-wordpress\/ -->\n<title>Attelle de cheville en pierre blanche - Yasmin<\/title>\n<meta name=\"description\" content=\"Le bracelet de cheville en pierre blanche est un beau bijou pour donner de la couleur \u00e0 votre look, la combinaison de la couleur blanche avec des pierres color\u00e9es se d\u00e9marquera sur votre peau.\" \/>\n<meta name=\"robots\" content=\"index, follow, max-snippet:-1, max-image-preview:large, max-video-preview:-1\" \/>\n<link rel=\"canonical\" href=\"https:\/\/joyasyasmin.com\/fr\/producto\/attelle-de-cheville-en-pierre-blanche\/\" \/>\n<meta property=\"og:locale\" content=\"fr_FR\" \/>\n<meta property=\"og:title\" content=\"Attelle de cheville en pierre blanche - Yasmin\" \/>\n<meta property=\"og:description\" content=\"Le bracelet de cheville en pierre blanche est un beau bijou pour donner de la couleur \u00e0 votre look, la combinaison de la couleur blanche avec des pierres color\u00e9es se d\u00e9marquera sur votre peau.\" \/>\n<meta property=\"og:url\" content=\"https:\/\/joyasyasmin.com\/fr\/producto\/attelle-de-cheville-en-pierre-blanche\/\" \/>\n<meta property=\"og:site_name\" content=\"Yasmin\" \/>\n<meta property=\"article:publisher\" content=\"https:\/\/www.facebook.com\/Joyas-Yasmin-217664058934169\/\" \/>\n<meta property=\"article:modified_time\" content=\"2025-11-10T11:47:20+00:00\" \/>\n<meta property=\"og:image\" content=\"https:\/\/joyasyasmin.com\/wp-content\/uploads\/2023\/08\/tobillera-piedra-blanca-de-plata.jpg\" \/>\n\t<meta property=\"og:image:width\" content=\"1000\" \/>\n\t<meta property=\"og:image:height\" content=\"1000\" \/>\n\t<meta property=\"og:image:type\" content=\"image\/jpeg\" \/>\n<meta name=\"twitter:card\" content=\"summary_large_image\" \/>\n<script type=\"application\/ld+json\" class=\"yoast-schema-graph\">{\"@context\":\"https:\/\/schema.org\",\"@graph\":[{\"@type\":[\"WebPage\",\"ItemPage\"],\"@id\":\"https:\/\/joyasyasmin.com\/fr\/producto\/attelle-de-cheville-en-pierre-blanche\/\",\"url\":\"https:\/\/joyasyasmin.com\/fr\/producto\/attelle-de-cheville-en-pierre-blanche\/\",\"name\":\"Attelle de cheville en pierre blanche - Yasmin\",\"isPartOf\":{\"@id\":\"https:\/\/joyasyasmin.com\/fr\/#website\"},\"primaryImageOfPage\":{\"@id\":\"https:\/\/joyasyasmin.com\/fr\/producto\/attelle-de-cheville-en-pierre-blanche\/#primaryimage\"},\"image\":{\"@id\":\"https:\/\/joyasyasmin.com\/fr\/producto\/attelle-de-cheville-en-pierre-blanche\/#primaryimage\"},\"thumbnailUrl\":\"https:\/\/joyasyasmin.com\/wp-content\/uploads\/2023\/08\/tobillera-piedra-blanca-de-plata.jpg\",\"datePublished\":\"2023-08-10T16:44:20+00:00\",\"dateModified\":\"2025-11-10T11:47:20+00:00\",\"description\":\"Le bracelet de cheville en pierre blanche est un beau bijou pour donner de la couleur \u00e0 votre look, la combinaison de la couleur blanche avec des pierres color\u00e9es se d\u00e9marquera sur votre peau.\",\"breadcrumb\":{\"@id\":\"https:\/\/joyasyasmin.com\/fr\/producto\/attelle-de-cheville-en-pierre-blanche\/#breadcrumb\"},\"inLanguage\":\"fr-FR\",\"potentialAction\":[{\"@type\":\"ReadAction\",\"target\":[\"https:\/\/joyasyasmin.com\/fr\/producto\/attelle-de-cheville-en-pierre-blanche\/\"]}]},{\"@type\":\"ImageObject\",\"inLanguage\":\"fr-FR\",\"@id\":\"https:\/\/joyasyasmin.com\/fr\/producto\/attelle-de-cheville-en-pierre-blanche\/#primaryimage\",\"url\":\"https:\/\/joyasyasmin.com\/wp-content\/uploads\/2023\/08\/tobillera-piedra-blanca-de-plata.jpg\",\"contentUrl\":\"https:\/\/joyasyasmin.com\/wp-content\/uploads\/2023\/08\/tobillera-piedra-blanca-de-plata.jpg\",\"width\":1000,\"height\":1000,\"caption\":\"Bracelet de cheville en argent sterling 925 pierre blanche, il est fait \u00e0 la main sa longueur de 23 + 3 cm.\"},{\"@type\":\"BreadcrumbList\",\"@id\":\"https:\/\/joyasyasmin.com\/fr\/producto\/attelle-de-cheville-en-pierre-blanche\/#breadcrumb\",\"itemListElement\":[{\"@type\":\"ListItem\",\"position\":1,\"name\":\"Portada\",\"item\":\"https:\/\/joyasyasmin.com\/fr\/domicile\/\"},{\"@type\":\"ListItem\",\"position\":2,\"name\":\"Boutique\",\"item\":\"https:\/\/joyasyasmin.com\/fr\/boutique\/\"},{\"@type\":\"ListItem\",\"position\":3,\"name\":\"Attelle de cheville en pierre blanche\"}]},{\"@type\":\"WebSite\",\"@id\":\"https:\/\/joyasyasmin.com\/fr\/#website\",\"url\":\"https:\/\/joyasyasmin.com\/fr\/\",\"name\":\"Yasmin\",\"description\":\"Joyer\u00eda de Plata 925 - Pendientes, pulseras, anillos, colgantes y m\u00e1s!\",\"publisher\":{\"@id\":\"https:\/\/joyasyasmin.com\/fr\/#organization\"},\"potentialAction\":[{\"@type\":\"SearchAction\",\"target\":{\"@type\":\"EntryPoint\",\"urlTemplate\":\"https:\/\/joyasyasmin.com\/fr\/?s={search_term_string}\"},\"query-input\":{\"@type\":\"PropertyValueSpecification\",\"valueRequired\":true,\"valueName\":\"search_term_string\"}}],\"inLanguage\":\"fr-FR\"},{\"@type\":\"Organization\",\"@id\":\"https:\/\/joyasyasmin.com\/fr\/#organization\",\"name\":\"joyas yasmin\",\"url\":\"https:\/\/joyasyasmin.com\/fr\/\",\"logo\":{\"@type\":\"ImageObject\",\"inLanguage\":\"fr-FR\",\"@id\":\"https:\/\/joyasyasmin.com\/fr\/#\/schema\/logo\/image\/\",\"url\":\"https:\/\/joyasyasmin.com\/wp-content\/uploads\/2017\/06\/IMG-20200429-WA0051.jpg\",\"contentUrl\":\"https:\/\/joyasyasmin.com\/wp-content\/uploads\/2017\/06\/IMG-20200429-WA0051.jpg\",\"width\":1080,\"height\":545,\"caption\":\"joyas yasmin\"},\"image\":{\"@id\":\"https:\/\/joyasyasmin.com\/fr\/#\/schema\/logo\/image\/\"},\"sameAs\":[\"https:\/\/www.facebook.com\/Joyas-Yasmin-217664058934169\/\",\"https:\/\/www.instagram.com\/invites\/contact\/\"]}]}<\/script>\n<!-- \/ Yoast SEO plugin. -->","yoast_head_json":{"title":"Attelle de cheville en pierre blanche - Yasmin","description":"Le bracelet de cheville en pierre blanche est un beau bijou pour donner de la couleur \u00e0 votre look, la combinaison de la couleur blanche avec des pierres color\u00e9es se d\u00e9marquera sur votre peau.","robots":{"index":"index","follow":"follow","max-snippet":"max-snippet:-1","max-image-preview":"max-image-preview:large","max-video-preview":"max-video-preview:-1"},"canonical":"https:\/\/joyasyasmin.com\/fr\/producto\/attelle-de-cheville-en-pierre-blanche\/","og_locale":"fr_FR","og_title":"Attelle de cheville en pierre blanche - Yasmin","og_description":"Le bracelet de cheville en pierre blanche est un beau bijou pour donner de la couleur \u00e0 votre look, la combinaison de la couleur blanche avec des pierres color\u00e9es se d\u00e9marquera sur votre peau.","og_url":"https:\/\/joyasyasmin.com\/fr\/producto\/attelle-de-cheville-en-pierre-blanche\/","og_site_name":"Yasmin","article_publisher":"https:\/\/www.facebook.com\/Joyas-Yasmin-217664058934169\/","article_modified_time":"2025-11-10T11:47:20+00:00","og_image":[{"width":1000,"height":1000,"url":"https:\/\/joyasyasmin.com\/wp-content\/uploads\/2023\/08\/tobillera-piedra-blanca-de-plata.jpg","type":"image\/jpeg"}],"twitter_card":"summary_large_image","schema":{"@context":"https:\/\/schema.org","@graph":[{"@type":["WebPage","ItemPage"],"@id":"https:\/\/joyasyasmin.com\/fr\/producto\/attelle-de-cheville-en-pierre-blanche\/","url":"https:\/\/joyasyasmin.com\/fr\/producto\/attelle-de-cheville-en-pierre-blanche\/","name":"Attelle de cheville en pierre blanche - Yasmin","isPartOf":{"@id":"https:\/\/joyasyasmin.com\/fr\/#website"},"primaryImageOfPage":{"@id":"https:\/\/joyasyasmin.com\/fr\/producto\/attelle-de-cheville-en-pierre-blanche\/#primaryimage"},"image":{"@id":"https:\/\/joyasyasmin.com\/fr\/producto\/attelle-de-cheville-en-pierre-blanche\/#primaryimage"},"thumbnailUrl":"https:\/\/joyasyasmin.com\/wp-content\/uploads\/2023\/08\/tobillera-piedra-blanca-de-plata.jpg","datePublished":"2023-08-10T16:44:20+00:00","dateModified":"2025-11-10T11:47:20+00:00","description":"Le bracelet de cheville en pierre blanche est un beau bijou pour donner de la couleur \u00e0 votre look, la combinaison de la couleur blanche avec des pierres color\u00e9es se d\u00e9marquera sur votre peau.","breadcrumb":{"@id":"https:\/\/joyasyasmin.com\/fr\/producto\/attelle-de-cheville-en-pierre-blanche\/#breadcrumb"},"inLanguage":"fr-FR","potentialAction":[{"@type":"ReadAction","target":["https:\/\/joyasyasmin.com\/fr\/producto\/attelle-de-cheville-en-pierre-blanche\/"]}]},{"@type":"ImageObject","inLanguage":"fr-FR","@id":"https:\/\/joyasyasmin.com\/fr\/producto\/attelle-de-cheville-en-pierre-blanche\/#primaryimage","url":"https:\/\/joyasyasmin.com\/wp-content\/uploads\/2023\/08\/tobillera-piedra-blanca-de-plata.jpg","contentUrl":"https:\/\/joyasyasmin.com\/wp-content\/uploads\/2023\/08\/tobillera-piedra-blanca-de-plata.jpg","width":1000,"height":1000,"caption":"Bracelet de cheville en argent sterling 925 pierre blanche, il est fait \u00e0 la main sa longueur de 23 + 3 cm."},{"@type":"BreadcrumbList","@id":"https:\/\/joyasyasmin.com\/fr\/producto\/attelle-de-cheville-en-pierre-blanche\/#breadcrumb","itemListElement":[{"@type":"ListItem","position":1,"name":"Portada","item":"https:\/\/joyasyasmin.com\/fr\/domicile\/"},{"@type":"ListItem","position":2,"name":"Boutique","item":"https:\/\/joyasyasmin.com\/fr\/boutique\/"},{"@type":"ListItem","position":3,"name":"Attelle de cheville en pierre blanche"}]},{"@type":"WebSite","@id":"https:\/\/joyasyasmin.com\/fr\/#website","url":"https:\/\/joyasyasmin.com\/fr\/","name":"Yasmin","description":"Joyer\u00eda de Plata 925 - Pendientes, pulseras, anillos, colgantes y m\u00e1s!","publisher":{"@id":"https:\/\/joyasyasmin.com\/fr\/#organization"},"potentialAction":[{"@type":"SearchAction","target":{"@type":"EntryPoint","urlTemplate":"https:\/\/joyasyasmin.com\/fr\/?s={search_term_string}"},"query-input":{"@type":"PropertyValueSpecification","valueRequired":true,"valueName":"search_term_string"}}],"inLanguage":"fr-FR"},{"@type":"Organization","@id":"https:\/\/joyasyasmin.com\/fr\/#organization","name":"joyas yasmin","url":"https:\/\/joyasyasmin.com\/fr\/","logo":{"@type":"ImageObject","inLanguage":"fr-FR","@id":"https:\/\/joyasyasmin.com\/fr\/#\/schema\/logo\/image\/","url":"https:\/\/joyasyasmin.com\/wp-content\/uploads\/2017\/06\/IMG-20200429-WA0051.jpg","contentUrl":"https:\/\/joyasyasmin.com\/wp-content\/uploads\/2017\/06\/IMG-20200429-WA0051.jpg","width":1080,"height":545,"caption":"joyas yasmin"},"image":{"@id":"https:\/\/joyasyasmin.com\/fr\/#\/schema\/logo\/image\/"},"sameAs":["https:\/\/www.facebook.com\/Joyas-Yasmin-217664058934169\/","https:\/\/www.instagram.com\/invites\/contact\/"]}]}},"_links":{"self":[{"href":"https:\/\/joyasyasmin.com\/fr\/wp-json\/wp\/v2\/product\/22088","targetHints":{"allow":["GET"]}}],"collection":[{"href":"https:\/\/joyasyasmin.com\/fr\/wp-json\/wp\/v2\/product"}],"about":[{"href":"https:\/\/joyasyasmin.com\/fr\/wp-json\/wp\/v2\/types\/product"}],"replies":[{"embeddable":true,"href":"https:\/\/joyasyasmin.com\/fr\/wp-json\/wp\/v2\/comments?post=22088"}],"version-history":[{"count":1,"href":"https:\/\/joyasyasmin.com\/fr\/wp-json\/wp\/v2\/product\/22088\/revisions"}],"predecessor-version":[{"id":36015,"href":"https:\/\/joyasyasmin.com\/fr\/wp-json\/wp\/v2\/product\/22088\/revisions\/36015"}],"wp:featuredmedia":[{"embeddable":true,"href":"https:\/\/joyasyasmin.com\/fr\/wp-json\/wp\/v2\/media\/22092"}],"wp:attachment":[{"href":"https:\/\/joyasyasmin.com\/fr\/wp-json\/wp\/v2\/media?parent=22088"}],"wp:term":[{"taxonomy":"product_brand","embeddable":true,"href":"https:\/\/joyasyasmin.com\/fr\/wp-json\/wp\/v2\/product_brand?post=22088"},{"taxonomy":"product_cat","embeddable":true,"href":"https:\/\/joyasyasmin.com\/fr\/wp-json\/wp\/v2\/product_cat?post=22088"},{"taxonomy":"product_tag","embeddable":true,"href":"https:\/\/joyasyasmin.com\/fr\/wp-json\/wp\/v2\/product_tag?post=22088"}],"curies":[{"name":"wp","href":"https:\/\/api.w.org\/{rel}","templated":true}]}}