{"id":22121,"date":"2023-08-12T13:46:45","date_gmt":"2023-08-12T13:46:45","guid":{"rendered":"https:\/\/joyasyasmin.com\/producto\/bracelet-avec-noeud-de-sorciere-et-oeil-turc\/"},"modified":"2025-12-29T23:50:30","modified_gmt":"2025-12-29T23:50:30","slug":"bracelet-avec-noeud-de-sorciere-et-oeil-turc","status":"publish","type":"product","link":"https:\/\/joyasyasmin.com\/fr\/producto\/bracelet-avec-noeud-de-sorciere-et-oeil-turc\/","title":{"rendered":"Bracelet avec noeud de sorci\u00e8re et \u0153il turc"},"content":{"rendered":"","protected":false},"excerpt":{"rendered":"<p>Ajoutez une touche mystique et protectrice \u00e0 votre style avec notre bracelet en argent sterling 925, qui comporte un n\u0153ud de sorci\u00e8re de 14 mm et un charmant \u0153il turc bleu de 8 mm. Ce bracelet noeud de sorci\u00e8re et \u0153il turc n\u2019est pas seulement un bijou, mais aussi un symbole d\u2019\u00e9nergie positive et de chance. <\/p>\n","protected":false},"featured_media":22127,"comment_status":"open","ping_status":"closed","template":"","meta":{"_acf_changed":false,"_joinchat":[]},"product_brand":[],"product_cat":[1790],"product_tag":[2325,2327,2326],"class_list":{"0":"post-22121","1":"product","2":"type-product","3":"status-publish","4":"has-post-thumbnail","6":"product_cat-bracelets","7":"product_tag-bracelet-avec-noeud-de-sorciere-et-oeil-turc","8":"product_tag-bracelet-de-protection-en-argent","9":"product_tag-bracelet-noeud-de-sorciere","11":"first","12":"instock","13":"shipping-taxable","14":"purchasable","15":"product-type-simple"},"acf":[],"yoast_head":"<!-- This site is optimized with the Yoast SEO plugin v27.2 - https:\/\/yoast.com\/product\/yoast-seo-wordpress\/ -->\n<title>Bracelet avec noeud de sorci\u00e8re et \u0153il turc - Yasmin<\/title>\n<meta name=\"description\" content=\"Le bracelet avec noeud de sorci\u00e8re et \u0153il turc est un bijou de protection en argent sterling 925, c\u2019est un bijou qui repr\u00e9sente l\u2019\u00e9nergie positive et la chance.\" \/>\n<meta name=\"robots\" content=\"index, follow, max-snippet:-1, max-image-preview:large, max-video-preview:-1\" \/>\n<link rel=\"canonical\" href=\"https:\/\/joyasyasmin.com\/fr\/producto\/bracelet-avec-noeud-de-sorciere-et-oeil-turc\/\" \/>\n<meta property=\"og:locale\" content=\"fr_FR\" \/>\n<meta property=\"og:title\" content=\"Bracelet avec noeud de sorci\u00e8re et \u0153il turc - Yasmin\" \/>\n<meta property=\"og:description\" content=\"Le bracelet avec noeud de sorci\u00e8re et \u0153il turc est un bijou de protection en argent sterling 925, c\u2019est un bijou qui repr\u00e9sente l\u2019\u00e9nergie positive et la chance.\" \/>\n<meta property=\"og:url\" content=\"https:\/\/joyasyasmin.com\/fr\/producto\/bracelet-avec-noeud-de-sorciere-et-oeil-turc\/\" \/>\n<meta property=\"og:site_name\" content=\"Yasmin\" \/>\n<meta property=\"article:publisher\" content=\"https:\/\/www.facebook.com\/Joyas-Yasmin-217664058934169\/\" \/>\n<meta property=\"article:modified_time\" content=\"2025-12-29T23:50:30+00:00\" \/>\n<meta property=\"og:image\" content=\"https:\/\/joyasyasmin.com\/wp-content\/uploads\/2023\/08\/pulsera-nudo-bruja-y-ojo-azul.jpg\" \/>\n\t<meta property=\"og:image:width\" content=\"1000\" \/>\n\t<meta property=\"og:image:height\" content=\"1000\" \/>\n\t<meta property=\"og:image:type\" content=\"image\/jpeg\" \/>\n<meta name=\"twitter:card\" content=\"summary_large_image\" \/>\n<script type=\"application\/ld+json\" class=\"yoast-schema-graph\">{\"@context\":\"https:\/\/schema.org\",\"@graph\":[{\"@type\":[\"WebPage\",\"ItemPage\"],\"@id\":\"https:\/\/joyasyasmin.com\/fr\/producto\/bracelet-avec-noeud-de-sorciere-et-oeil-turc\/\",\"url\":\"https:\/\/joyasyasmin.com\/fr\/producto\/bracelet-avec-noeud-de-sorciere-et-oeil-turc\/\",\"name\":\"Bracelet avec noeud de sorci\u00e8re et \u0153il turc - Yasmin\",\"isPartOf\":{\"@id\":\"https:\/\/joyasyasmin.com\/fr\/#website\"},\"primaryImageOfPage\":{\"@id\":\"https:\/\/joyasyasmin.com\/fr\/producto\/bracelet-avec-noeud-de-sorciere-et-oeil-turc\/#primaryimage\"},\"image\":{\"@id\":\"https:\/\/joyasyasmin.com\/fr\/producto\/bracelet-avec-noeud-de-sorciere-et-oeil-turc\/#primaryimage\"},\"thumbnailUrl\":\"https:\/\/joyasyasmin.com\/wp-content\/uploads\/2023\/08\/pulsera-nudo-bruja-y-ojo-azul.jpg\",\"datePublished\":\"2023-08-12T13:46:45+00:00\",\"dateModified\":\"2025-12-29T23:50:30+00:00\",\"description\":\"Le bracelet avec noeud de sorci\u00e8re et \u0153il turc est un bijou de protection en argent sterling 925, c\u2019est un bijou qui repr\u00e9sente l\u2019\u00e9nergie positive et la chance.\",\"breadcrumb\":{\"@id\":\"https:\/\/joyasyasmin.com\/fr\/producto\/bracelet-avec-noeud-de-sorciere-et-oeil-turc\/#breadcrumb\"},\"inLanguage\":\"fr-FR\",\"potentialAction\":[{\"@type\":\"ReadAction\",\"target\":[\"https:\/\/joyasyasmin.com\/fr\/producto\/bracelet-avec-noeud-de-sorciere-et-oeil-turc\/\"]}]},{\"@type\":\"ImageObject\",\"inLanguage\":\"fr-FR\",\"@id\":\"https:\/\/joyasyasmin.com\/fr\/producto\/bracelet-avec-noeud-de-sorciere-et-oeil-turc\/#primaryimage\",\"url\":\"https:\/\/joyasyasmin.com\/wp-content\/uploads\/2023\/08\/pulsera-nudo-bruja-y-ojo-azul.jpg\",\"contentUrl\":\"https:\/\/joyasyasmin.com\/wp-content\/uploads\/2023\/08\/pulsera-nudo-bruja-y-ojo-azul.jpg\",\"width\":1000,\"height\":1000,\"caption\":\"Bracelet noeud de sorci\u00e8re et oeil bleu \u00e0 vendre, il s\u2019agit d\u2019une breloque en argent sterling 925\"},{\"@type\":\"BreadcrumbList\",\"@id\":\"https:\/\/joyasyasmin.com\/fr\/producto\/bracelet-avec-noeud-de-sorciere-et-oeil-turc\/#breadcrumb\",\"itemListElement\":[{\"@type\":\"ListItem\",\"position\":1,\"name\":\"Portada\",\"item\":\"https:\/\/joyasyasmin.com\/fr\/domicile\/\"},{\"@type\":\"ListItem\",\"position\":2,\"name\":\"Boutique\",\"item\":\"https:\/\/joyasyasmin.com\/fr\/boutique\/\"},{\"@type\":\"ListItem\",\"position\":3,\"name\":\"Bracelet avec noeud de sorci\u00e8re et \u0153il turc\"}]},{\"@type\":\"WebSite\",\"@id\":\"https:\/\/joyasyasmin.com\/fr\/#website\",\"url\":\"https:\/\/joyasyasmin.com\/fr\/\",\"name\":\"Yasmin\",\"description\":\"Joyer\u00eda de Plata 925 - Pendientes, pulseras, anillos, colgantes y m\u00e1s!\",\"publisher\":{\"@id\":\"https:\/\/joyasyasmin.com\/fr\/#organization\"},\"potentialAction\":[{\"@type\":\"SearchAction\",\"target\":{\"@type\":\"EntryPoint\",\"urlTemplate\":\"https:\/\/joyasyasmin.com\/fr\/?s={search_term_string}\"},\"query-input\":{\"@type\":\"PropertyValueSpecification\",\"valueRequired\":true,\"valueName\":\"search_term_string\"}}],\"inLanguage\":\"fr-FR\"},{\"@type\":\"Organization\",\"@id\":\"https:\/\/joyasyasmin.com\/fr\/#organization\",\"name\":\"joyas yasmin\",\"url\":\"https:\/\/joyasyasmin.com\/fr\/\",\"logo\":{\"@type\":\"ImageObject\",\"inLanguage\":\"fr-FR\",\"@id\":\"https:\/\/joyasyasmin.com\/fr\/#\/schema\/logo\/image\/\",\"url\":\"https:\/\/joyasyasmin.com\/wp-content\/uploads\/2017\/06\/IMG-20200429-WA0051.jpg\",\"contentUrl\":\"https:\/\/joyasyasmin.com\/wp-content\/uploads\/2017\/06\/IMG-20200429-WA0051.jpg\",\"width\":1080,\"height\":545,\"caption\":\"joyas yasmin\"},\"image\":{\"@id\":\"https:\/\/joyasyasmin.com\/fr\/#\/schema\/logo\/image\/\"},\"sameAs\":[\"https:\/\/www.facebook.com\/Joyas-Yasmin-217664058934169\/\",\"https:\/\/www.instagram.com\/invites\/contact\/\"]}]}<\/script>\n<!-- \/ Yoast SEO plugin. -->","yoast_head_json":{"title":"Bracelet avec noeud de sorci\u00e8re et \u0153il turc - Yasmin","description":"Le bracelet avec noeud de sorci\u00e8re et \u0153il turc est un bijou de protection en argent sterling 925, c\u2019est un bijou qui repr\u00e9sente l\u2019\u00e9nergie positive et la chance.","robots":{"index":"index","follow":"follow","max-snippet":"max-snippet:-1","max-image-preview":"max-image-preview:large","max-video-preview":"max-video-preview:-1"},"canonical":"https:\/\/joyasyasmin.com\/fr\/producto\/bracelet-avec-noeud-de-sorciere-et-oeil-turc\/","og_locale":"fr_FR","og_title":"Bracelet avec noeud de sorci\u00e8re et \u0153il turc - Yasmin","og_description":"Le bracelet avec noeud de sorci\u00e8re et \u0153il turc est un bijou de protection en argent sterling 925, c\u2019est un bijou qui repr\u00e9sente l\u2019\u00e9nergie positive et la chance.","og_url":"https:\/\/joyasyasmin.com\/fr\/producto\/bracelet-avec-noeud-de-sorciere-et-oeil-turc\/","og_site_name":"Yasmin","article_publisher":"https:\/\/www.facebook.com\/Joyas-Yasmin-217664058934169\/","article_modified_time":"2025-12-29T23:50:30+00:00","og_image":[{"width":1000,"height":1000,"url":"https:\/\/joyasyasmin.com\/wp-content\/uploads\/2023\/08\/pulsera-nudo-bruja-y-ojo-azul.jpg","type":"image\/jpeg"}],"twitter_card":"summary_large_image","schema":{"@context":"https:\/\/schema.org","@graph":[{"@type":["WebPage","ItemPage"],"@id":"https:\/\/joyasyasmin.com\/fr\/producto\/bracelet-avec-noeud-de-sorciere-et-oeil-turc\/","url":"https:\/\/joyasyasmin.com\/fr\/producto\/bracelet-avec-noeud-de-sorciere-et-oeil-turc\/","name":"Bracelet avec noeud de sorci\u00e8re et \u0153il turc - Yasmin","isPartOf":{"@id":"https:\/\/joyasyasmin.com\/fr\/#website"},"primaryImageOfPage":{"@id":"https:\/\/joyasyasmin.com\/fr\/producto\/bracelet-avec-noeud-de-sorciere-et-oeil-turc\/#primaryimage"},"image":{"@id":"https:\/\/joyasyasmin.com\/fr\/producto\/bracelet-avec-noeud-de-sorciere-et-oeil-turc\/#primaryimage"},"thumbnailUrl":"https:\/\/joyasyasmin.com\/wp-content\/uploads\/2023\/08\/pulsera-nudo-bruja-y-ojo-azul.jpg","datePublished":"2023-08-12T13:46:45+00:00","dateModified":"2025-12-29T23:50:30+00:00","description":"Le bracelet avec noeud de sorci\u00e8re et \u0153il turc est un bijou de protection en argent sterling 925, c\u2019est un bijou qui repr\u00e9sente l\u2019\u00e9nergie positive et la chance.","breadcrumb":{"@id":"https:\/\/joyasyasmin.com\/fr\/producto\/bracelet-avec-noeud-de-sorciere-et-oeil-turc\/#breadcrumb"},"inLanguage":"fr-FR","potentialAction":[{"@type":"ReadAction","target":["https:\/\/joyasyasmin.com\/fr\/producto\/bracelet-avec-noeud-de-sorciere-et-oeil-turc\/"]}]},{"@type":"ImageObject","inLanguage":"fr-FR","@id":"https:\/\/joyasyasmin.com\/fr\/producto\/bracelet-avec-noeud-de-sorciere-et-oeil-turc\/#primaryimage","url":"https:\/\/joyasyasmin.com\/wp-content\/uploads\/2023\/08\/pulsera-nudo-bruja-y-ojo-azul.jpg","contentUrl":"https:\/\/joyasyasmin.com\/wp-content\/uploads\/2023\/08\/pulsera-nudo-bruja-y-ojo-azul.jpg","width":1000,"height":1000,"caption":"Bracelet noeud de sorci\u00e8re et oeil bleu \u00e0 vendre, il s\u2019agit d\u2019une breloque en argent sterling 925"},{"@type":"BreadcrumbList","@id":"https:\/\/joyasyasmin.com\/fr\/producto\/bracelet-avec-noeud-de-sorciere-et-oeil-turc\/#breadcrumb","itemListElement":[{"@type":"ListItem","position":1,"name":"Portada","item":"https:\/\/joyasyasmin.com\/fr\/domicile\/"},{"@type":"ListItem","position":2,"name":"Boutique","item":"https:\/\/joyasyasmin.com\/fr\/boutique\/"},{"@type":"ListItem","position":3,"name":"Bracelet avec noeud de sorci\u00e8re et \u0153il turc"}]},{"@type":"WebSite","@id":"https:\/\/joyasyasmin.com\/fr\/#website","url":"https:\/\/joyasyasmin.com\/fr\/","name":"Yasmin","description":"Joyer\u00eda de Plata 925 - Pendientes, pulseras, anillos, colgantes y m\u00e1s!","publisher":{"@id":"https:\/\/joyasyasmin.com\/fr\/#organization"},"potentialAction":[{"@type":"SearchAction","target":{"@type":"EntryPoint","urlTemplate":"https:\/\/joyasyasmin.com\/fr\/?s={search_term_string}"},"query-input":{"@type":"PropertyValueSpecification","valueRequired":true,"valueName":"search_term_string"}}],"inLanguage":"fr-FR"},{"@type":"Organization","@id":"https:\/\/joyasyasmin.com\/fr\/#organization","name":"joyas yasmin","url":"https:\/\/joyasyasmin.com\/fr\/","logo":{"@type":"ImageObject","inLanguage":"fr-FR","@id":"https:\/\/joyasyasmin.com\/fr\/#\/schema\/logo\/image\/","url":"https:\/\/joyasyasmin.com\/wp-content\/uploads\/2017\/06\/IMG-20200429-WA0051.jpg","contentUrl":"https:\/\/joyasyasmin.com\/wp-content\/uploads\/2017\/06\/IMG-20200429-WA0051.jpg","width":1080,"height":545,"caption":"joyas yasmin"},"image":{"@id":"https:\/\/joyasyasmin.com\/fr\/#\/schema\/logo\/image\/"},"sameAs":["https:\/\/www.facebook.com\/Joyas-Yasmin-217664058934169\/","https:\/\/www.instagram.com\/invites\/contact\/"]}]}},"_links":{"self":[{"href":"https:\/\/joyasyasmin.com\/fr\/wp-json\/wp\/v2\/product\/22121","targetHints":{"allow":["GET"]}}],"collection":[{"href":"https:\/\/joyasyasmin.com\/fr\/wp-json\/wp\/v2\/product"}],"about":[{"href":"https:\/\/joyasyasmin.com\/fr\/wp-json\/wp\/v2\/types\/product"}],"replies":[{"embeddable":true,"href":"https:\/\/joyasyasmin.com\/fr\/wp-json\/wp\/v2\/comments?post=22121"}],"version-history":[{"count":1,"href":"https:\/\/joyasyasmin.com\/fr\/wp-json\/wp\/v2\/product\/22121\/revisions"}],"predecessor-version":[{"id":29529,"href":"https:\/\/joyasyasmin.com\/fr\/wp-json\/wp\/v2\/product\/22121\/revisions\/29529"}],"wp:featuredmedia":[{"embeddable":true,"href":"https:\/\/joyasyasmin.com\/fr\/wp-json\/wp\/v2\/media\/22127"}],"wp:attachment":[{"href":"https:\/\/joyasyasmin.com\/fr\/wp-json\/wp\/v2\/media?parent=22121"}],"wp:term":[{"taxonomy":"product_brand","embeddable":true,"href":"https:\/\/joyasyasmin.com\/fr\/wp-json\/wp\/v2\/product_brand?post=22121"},{"taxonomy":"product_cat","embeddable":true,"href":"https:\/\/joyasyasmin.com\/fr\/wp-json\/wp\/v2\/product_cat?post=22121"},{"taxonomy":"product_tag","embeddable":true,"href":"https:\/\/joyasyasmin.com\/fr\/wp-json\/wp\/v2\/product_tag?post=22121"}],"curies":[{"name":"wp","href":"https:\/\/api.w.org\/{rel}","templated":true}]}}