{"id":22621,"date":"2023-09-26T20:18:39","date_gmt":"2023-09-26T20:18:39","guid":{"rendered":"https:\/\/joyasyasmin.com\/producto\/virgen-del-rocio-design-coreen\/"},"modified":"2025-11-10T11:35:07","modified_gmt":"2025-11-10T11:35:07","slug":"virgen-del-rocio-design-coreen","status":"publish","type":"product","link":"https:\/\/joyasyasmin.com\/fr\/producto\/virgen-del-rocio-design-coreen\/","title":{"rendered":"Virgen del Roc\u00edo Design cor\u00e9en"},"content":{"rendered":"","protected":false},"excerpt":{"rendered":"<p>D\u00e9couvrez la beaut\u00e9 et la spiritualit\u00e9 avec le bracelet de design cor\u00e9en Virgen del Roc\u00edo dans un accessoire en argent sterling 925. Ce bracelet exquis combine l\u2019\u00e9l\u00e9gance de la Virgen del Roc\u00edo avec le charme du design cor\u00e9en, cr\u00e9ant une pi\u00e8ce unique qui vous accompagnera \u00e0 chaque instant de votre vie. <\/p>\n<p><strong>D\u00e9tails du bracelet :<\/strong><\/p>\n<ul>\n<li>Mat\u00e9riau : Argent sterling 925<\/li>\n<li>Taille du pendentif : 15 mm<\/li>\n<li>Longueur du bracelet : 17 cm + 3 cm Rallonge<\/li>\n<li>Design : Le bracelet pr\u00e9sente une repr\u00e9sentation d\u00e9licate de la Vierge du Roc\u00edo, symbole de d\u00e9votion et de protection. Le design cor\u00e9en de la cha\u00eene ajoute une touche de mode contemporaine et de polyvalence. <\/li>\n<\/ul>\n","protected":false},"featured_media":22626,"comment_status":"open","ping_status":"closed","template":"","meta":{"_acf_changed":false,"_joinchat":[]},"product_brand":[],"product_cat":[1790],"product_tag":[2488,2487],"class_list":{"0":"post-22621","1":"product","2":"type-product","3":"status-publish","4":"has-post-thumbnail","6":"product_cat-bracelets","7":"product_tag-bracelet-de-la-vierge-del-rocio-en-argent","8":"product_tag-bracelet-design-coreen-virgen-del-rocio","10":"first","11":"instock","12":"shipping-taxable","13":"purchasable","14":"product-type-simple"},"acf":[],"yoast_head":"<!-- This site is optimized with the Yoast SEO plugin v27.2 - https:\/\/yoast.com\/product\/yoast-seo-wordpress\/ -->\n<title>Virgen del Roc\u00edo Design cor\u00e9en - Yasmin<\/title>\n<meta name=\"description\" content=\"Le bracelet de conception cor\u00e9enne Virgen del Roc\u00edo est un accessoire en argent sterling 925, de 17 + 3 cm de long, combine \u00e9l\u00e9gance et style avec ce magnifique bijou.\" \/>\n<meta name=\"robots\" content=\"index, follow, max-snippet:-1, max-image-preview:large, max-video-preview:-1\" \/>\n<link rel=\"canonical\" href=\"https:\/\/joyasyasmin.com\/fr\/producto\/virgen-del-rocio-design-coreen\/\" \/>\n<meta property=\"og:locale\" content=\"fr_FR\" \/>\n<meta property=\"og:title\" content=\"Virgen del Roc\u00edo Design cor\u00e9en - Yasmin\" \/>\n<meta property=\"og:description\" content=\"Le bracelet de conception cor\u00e9enne Virgen del Roc\u00edo est un accessoire en argent sterling 925, de 17 + 3 cm de long, combine \u00e9l\u00e9gance et style avec ce magnifique bijou.\" \/>\n<meta property=\"og:url\" content=\"https:\/\/joyasyasmin.com\/fr\/producto\/virgen-del-rocio-design-coreen\/\" \/>\n<meta property=\"og:site_name\" content=\"Yasmin\" \/>\n<meta property=\"article:publisher\" content=\"https:\/\/www.facebook.com\/Joyas-Yasmin-217664058934169\/\" \/>\n<meta property=\"article:modified_time\" content=\"2025-11-10T11:35:07+00:00\" \/>\n<meta property=\"og:image\" content=\"https:\/\/joyasyasmin.com\/wp-content\/uploads\/2023\/09\/pulsera-virgen-del-rocio-coreana.jpg\" \/>\n\t<meta property=\"og:image:width\" content=\"1000\" \/>\n\t<meta property=\"og:image:height\" content=\"1000\" \/>\n\t<meta property=\"og:image:type\" content=\"image\/jpeg\" \/>\n<meta name=\"twitter:card\" content=\"summary_large_image\" \/>\n<script type=\"application\/ld+json\" class=\"yoast-schema-graph\">{\"@context\":\"https:\/\/schema.org\",\"@graph\":[{\"@type\":[\"WebPage\",\"ItemPage\"],\"@id\":\"https:\/\/joyasyasmin.com\/fr\/producto\/virgen-del-rocio-design-coreen\/\",\"url\":\"https:\/\/joyasyasmin.com\/fr\/producto\/virgen-del-rocio-design-coreen\/\",\"name\":\"Virgen del Roc\u00edo Design cor\u00e9en - Yasmin\",\"isPartOf\":{\"@id\":\"https:\/\/joyasyasmin.com\/fr\/#website\"},\"primaryImageOfPage\":{\"@id\":\"https:\/\/joyasyasmin.com\/fr\/producto\/virgen-del-rocio-design-coreen\/#primaryimage\"},\"image\":{\"@id\":\"https:\/\/joyasyasmin.com\/fr\/producto\/virgen-del-rocio-design-coreen\/#primaryimage\"},\"thumbnailUrl\":\"https:\/\/joyasyasmin.com\/wp-content\/uploads\/2023\/09\/pulsera-virgen-del-rocio-coreana.jpg\",\"datePublished\":\"2023-09-26T20:18:39+00:00\",\"dateModified\":\"2025-11-10T11:35:07+00:00\",\"description\":\"Le bracelet de conception cor\u00e9enne Virgen del Roc\u00edo est un accessoire en argent sterling 925, de 17 + 3 cm de long, combine \u00e9l\u00e9gance et style avec ce magnifique bijou.\",\"breadcrumb\":{\"@id\":\"https:\/\/joyasyasmin.com\/fr\/producto\/virgen-del-rocio-design-coreen\/#breadcrumb\"},\"inLanguage\":\"fr-FR\",\"potentialAction\":[{\"@type\":\"ReadAction\",\"target\":[\"https:\/\/joyasyasmin.com\/fr\/producto\/virgen-del-rocio-design-coreen\/\"]}]},{\"@type\":\"ImageObject\",\"inLanguage\":\"fr-FR\",\"@id\":\"https:\/\/joyasyasmin.com\/fr\/producto\/virgen-del-rocio-design-coreen\/#primaryimage\",\"url\":\"https:\/\/joyasyasmin.com\/wp-content\/uploads\/2023\/09\/pulsera-virgen-del-rocio-coreana.jpg\",\"contentUrl\":\"https:\/\/joyasyasmin.com\/wp-content\/uploads\/2023\/09\/pulsera-virgen-del-rocio-coreana.jpg\",\"width\":1000,\"height\":1000,\"caption\":\"Vente de bracelet cor\u00e9en Virgen del Roc\u00edo en argent sterling 925 et long de 19 cm\"},{\"@type\":\"BreadcrumbList\",\"@id\":\"https:\/\/joyasyasmin.com\/fr\/producto\/virgen-del-rocio-design-coreen\/#breadcrumb\",\"itemListElement\":[{\"@type\":\"ListItem\",\"position\":1,\"name\":\"Portada\",\"item\":\"https:\/\/joyasyasmin.com\/fr\/domicile\/\"},{\"@type\":\"ListItem\",\"position\":2,\"name\":\"Boutique\",\"item\":\"https:\/\/joyasyasmin.com\/fr\/boutique\/\"},{\"@type\":\"ListItem\",\"position\":3,\"name\":\"Virgen del Roc\u00edo Design cor\u00e9en\"}]},{\"@type\":\"WebSite\",\"@id\":\"https:\/\/joyasyasmin.com\/fr\/#website\",\"url\":\"https:\/\/joyasyasmin.com\/fr\/\",\"name\":\"Yasmin\",\"description\":\"Joyer\u00eda de Plata 925 - Pendientes, pulseras, anillos, colgantes y m\u00e1s!\",\"publisher\":{\"@id\":\"https:\/\/joyasyasmin.com\/fr\/#organization\"},\"potentialAction\":[{\"@type\":\"SearchAction\",\"target\":{\"@type\":\"EntryPoint\",\"urlTemplate\":\"https:\/\/joyasyasmin.com\/fr\/?s={search_term_string}\"},\"query-input\":{\"@type\":\"PropertyValueSpecification\",\"valueRequired\":true,\"valueName\":\"search_term_string\"}}],\"inLanguage\":\"fr-FR\"},{\"@type\":\"Organization\",\"@id\":\"https:\/\/joyasyasmin.com\/fr\/#organization\",\"name\":\"joyas yasmin\",\"url\":\"https:\/\/joyasyasmin.com\/fr\/\",\"logo\":{\"@type\":\"ImageObject\",\"inLanguage\":\"fr-FR\",\"@id\":\"https:\/\/joyasyasmin.com\/fr\/#\/schema\/logo\/image\/\",\"url\":\"https:\/\/joyasyasmin.com\/wp-content\/uploads\/2017\/06\/IMG-20200429-WA0051.jpg\",\"contentUrl\":\"https:\/\/joyasyasmin.com\/wp-content\/uploads\/2017\/06\/IMG-20200429-WA0051.jpg\",\"width\":1080,\"height\":545,\"caption\":\"joyas yasmin\"},\"image\":{\"@id\":\"https:\/\/joyasyasmin.com\/fr\/#\/schema\/logo\/image\/\"},\"sameAs\":[\"https:\/\/www.facebook.com\/Joyas-Yasmin-217664058934169\/\",\"https:\/\/www.instagram.com\/invites\/contact\/\"]}]}<\/script>\n<!-- \/ Yoast SEO plugin. -->","yoast_head_json":{"title":"Virgen del Roc\u00edo Design cor\u00e9en - Yasmin","description":"Le bracelet de conception cor\u00e9enne Virgen del Roc\u00edo est un accessoire en argent sterling 925, de 17 + 3 cm de long, combine \u00e9l\u00e9gance et style avec ce magnifique bijou.","robots":{"index":"index","follow":"follow","max-snippet":"max-snippet:-1","max-image-preview":"max-image-preview:large","max-video-preview":"max-video-preview:-1"},"canonical":"https:\/\/joyasyasmin.com\/fr\/producto\/virgen-del-rocio-design-coreen\/","og_locale":"fr_FR","og_title":"Virgen del Roc\u00edo Design cor\u00e9en - Yasmin","og_description":"Le bracelet de conception cor\u00e9enne Virgen del Roc\u00edo est un accessoire en argent sterling 925, de 17 + 3 cm de long, combine \u00e9l\u00e9gance et style avec ce magnifique bijou.","og_url":"https:\/\/joyasyasmin.com\/fr\/producto\/virgen-del-rocio-design-coreen\/","og_site_name":"Yasmin","article_publisher":"https:\/\/www.facebook.com\/Joyas-Yasmin-217664058934169\/","article_modified_time":"2025-11-10T11:35:07+00:00","og_image":[{"width":1000,"height":1000,"url":"https:\/\/joyasyasmin.com\/wp-content\/uploads\/2023\/09\/pulsera-virgen-del-rocio-coreana.jpg","type":"image\/jpeg"}],"twitter_card":"summary_large_image","schema":{"@context":"https:\/\/schema.org","@graph":[{"@type":["WebPage","ItemPage"],"@id":"https:\/\/joyasyasmin.com\/fr\/producto\/virgen-del-rocio-design-coreen\/","url":"https:\/\/joyasyasmin.com\/fr\/producto\/virgen-del-rocio-design-coreen\/","name":"Virgen del Roc\u00edo Design cor\u00e9en - Yasmin","isPartOf":{"@id":"https:\/\/joyasyasmin.com\/fr\/#website"},"primaryImageOfPage":{"@id":"https:\/\/joyasyasmin.com\/fr\/producto\/virgen-del-rocio-design-coreen\/#primaryimage"},"image":{"@id":"https:\/\/joyasyasmin.com\/fr\/producto\/virgen-del-rocio-design-coreen\/#primaryimage"},"thumbnailUrl":"https:\/\/joyasyasmin.com\/wp-content\/uploads\/2023\/09\/pulsera-virgen-del-rocio-coreana.jpg","datePublished":"2023-09-26T20:18:39+00:00","dateModified":"2025-11-10T11:35:07+00:00","description":"Le bracelet de conception cor\u00e9enne Virgen del Roc\u00edo est un accessoire en argent sterling 925, de 17 + 3 cm de long, combine \u00e9l\u00e9gance et style avec ce magnifique bijou.","breadcrumb":{"@id":"https:\/\/joyasyasmin.com\/fr\/producto\/virgen-del-rocio-design-coreen\/#breadcrumb"},"inLanguage":"fr-FR","potentialAction":[{"@type":"ReadAction","target":["https:\/\/joyasyasmin.com\/fr\/producto\/virgen-del-rocio-design-coreen\/"]}]},{"@type":"ImageObject","inLanguage":"fr-FR","@id":"https:\/\/joyasyasmin.com\/fr\/producto\/virgen-del-rocio-design-coreen\/#primaryimage","url":"https:\/\/joyasyasmin.com\/wp-content\/uploads\/2023\/09\/pulsera-virgen-del-rocio-coreana.jpg","contentUrl":"https:\/\/joyasyasmin.com\/wp-content\/uploads\/2023\/09\/pulsera-virgen-del-rocio-coreana.jpg","width":1000,"height":1000,"caption":"Vente de bracelet cor\u00e9en Virgen del Roc\u00edo en argent sterling 925 et long de 19 cm"},{"@type":"BreadcrumbList","@id":"https:\/\/joyasyasmin.com\/fr\/producto\/virgen-del-rocio-design-coreen\/#breadcrumb","itemListElement":[{"@type":"ListItem","position":1,"name":"Portada","item":"https:\/\/joyasyasmin.com\/fr\/domicile\/"},{"@type":"ListItem","position":2,"name":"Boutique","item":"https:\/\/joyasyasmin.com\/fr\/boutique\/"},{"@type":"ListItem","position":3,"name":"Virgen del Roc\u00edo Design cor\u00e9en"}]},{"@type":"WebSite","@id":"https:\/\/joyasyasmin.com\/fr\/#website","url":"https:\/\/joyasyasmin.com\/fr\/","name":"Yasmin","description":"Joyer\u00eda de Plata 925 - Pendientes, pulseras, anillos, colgantes y m\u00e1s!","publisher":{"@id":"https:\/\/joyasyasmin.com\/fr\/#organization"},"potentialAction":[{"@type":"SearchAction","target":{"@type":"EntryPoint","urlTemplate":"https:\/\/joyasyasmin.com\/fr\/?s={search_term_string}"},"query-input":{"@type":"PropertyValueSpecification","valueRequired":true,"valueName":"search_term_string"}}],"inLanguage":"fr-FR"},{"@type":"Organization","@id":"https:\/\/joyasyasmin.com\/fr\/#organization","name":"joyas yasmin","url":"https:\/\/joyasyasmin.com\/fr\/","logo":{"@type":"ImageObject","inLanguage":"fr-FR","@id":"https:\/\/joyasyasmin.com\/fr\/#\/schema\/logo\/image\/","url":"https:\/\/joyasyasmin.com\/wp-content\/uploads\/2017\/06\/IMG-20200429-WA0051.jpg","contentUrl":"https:\/\/joyasyasmin.com\/wp-content\/uploads\/2017\/06\/IMG-20200429-WA0051.jpg","width":1080,"height":545,"caption":"joyas yasmin"},"image":{"@id":"https:\/\/joyasyasmin.com\/fr\/#\/schema\/logo\/image\/"},"sameAs":["https:\/\/www.facebook.com\/Joyas-Yasmin-217664058934169\/","https:\/\/www.instagram.com\/invites\/contact\/"]}]}},"_links":{"self":[{"href":"https:\/\/joyasyasmin.com\/fr\/wp-json\/wp\/v2\/product\/22621","targetHints":{"allow":["GET"]}}],"collection":[{"href":"https:\/\/joyasyasmin.com\/fr\/wp-json\/wp\/v2\/product"}],"about":[{"href":"https:\/\/joyasyasmin.com\/fr\/wp-json\/wp\/v2\/types\/product"}],"replies":[{"embeddable":true,"href":"https:\/\/joyasyasmin.com\/fr\/wp-json\/wp\/v2\/comments?post=22621"}],"version-history":[{"count":1,"href":"https:\/\/joyasyasmin.com\/fr\/wp-json\/wp\/v2\/product\/22621\/revisions"}],"predecessor-version":[{"id":35845,"href":"https:\/\/joyasyasmin.com\/fr\/wp-json\/wp\/v2\/product\/22621\/revisions\/35845"}],"wp:featuredmedia":[{"embeddable":true,"href":"https:\/\/joyasyasmin.com\/fr\/wp-json\/wp\/v2\/media\/22626"}],"wp:attachment":[{"href":"https:\/\/joyasyasmin.com\/fr\/wp-json\/wp\/v2\/media?parent=22621"}],"wp:term":[{"taxonomy":"product_brand","embeddable":true,"href":"https:\/\/joyasyasmin.com\/fr\/wp-json\/wp\/v2\/product_brand?post=22621"},{"taxonomy":"product_cat","embeddable":true,"href":"https:\/\/joyasyasmin.com\/fr\/wp-json\/wp\/v2\/product_cat?post=22621"},{"taxonomy":"product_tag","embeddable":true,"href":"https:\/\/joyasyasmin.com\/fr\/wp-json\/wp\/v2\/product_tag?post=22621"}],"curies":[{"name":"wp","href":"https:\/\/api.w.org\/{rel}","templated":true}]}}