{"id":22733,"date":"2023-10-05T19:39:50","date_gmt":"2023-10-05T19:39:50","guid":{"rendered":"https:\/\/joyasyasmin.com\/producto\/silhouette-bracelet-virgen-del-rocio\/"},"modified":"2025-05-13T11:07:32","modified_gmt":"2025-05-13T11:07:32","slug":"silhouette-bracelet-virgen-del-rocio","status":"publish","type":"product","link":"https:\/\/joyasyasmin.com\/fr\/producto\/silhouette-bracelet-virgen-del-rocio\/","title":{"rendered":"Silhouette Bracelet Virgen del Roc\u00edo"},"content":{"rendered":"","protected":false},"excerpt":{"rendered":"<p>Le bracelet est fabriqu\u00e9 \u00e0 partir d\u2019une fine cha\u00eene \u00e0 billes de 2 mm en argent sterling 925, qui brille d\u2019une lueur c\u00e9leste. Sa longueur de 17 cm plus une extension de 3 cm permet un ajustement confortable pour diff\u00e9rentes tailles de poignet. Chaque maillon de la cha\u00eene est cousu de mani\u00e8re experte pour cr\u00e9er un design durable et magnifique qui s\u2019adapte parfaitement \u00e0 toutes les occasions.  <\/p>\n","protected":false},"featured_media":22741,"comment_status":"open","ping_status":"closed","template":"","meta":{"_acf_changed":false,"_joinchat":[]},"product_brand":[],"product_cat":[1790],"product_tag":[2545,1955,2544],"class_list":{"0":"post-22733","1":"product","2":"type-product","3":"status-publish","4":"has-post-thumbnail","6":"product_cat-bracelets","7":"product_tag-bracelet-de-la-vierge-del-rocio","8":"product_tag-bracelets-en-argent","9":"product_tag-silhouette-bracelet-virgen-del-rocio","11":"first","12":"instock","13":"shipping-taxable","14":"purchasable","15":"product-type-simple"},"acf":[],"yoast_head":"<!-- This site is optimized with the Yoast SEO plugin v27.3 - https:\/\/yoast.com\/product\/yoast-seo-wordpress\/ -->\n<title>Silhouette Bracelet Virgen del Roc\u00edo - Yasmin<\/title>\n<meta name=\"description\" content=\"Le bracelet Silhouette Virgen del Roc\u00edo est un magnifique bijou qui repr\u00e9sente l\u2019expression de la foi et du style, fusionnant d\u00e9votion et \u00e9l\u00e9gance dans une pi\u00e8ce unique.\" \/>\n<meta name=\"robots\" content=\"index, follow, max-snippet:-1, max-image-preview:large, max-video-preview:-1\" \/>\n<link rel=\"canonical\" href=\"https:\/\/joyasyasmin.com\/fr\/producto\/silhouette-bracelet-virgen-del-rocio\/\" \/>\n<meta property=\"og:locale\" content=\"fr_FR\" \/>\n<meta property=\"og:title\" content=\"Silhouette Bracelet Virgen del Roc\u00edo - Yasmin\" \/>\n<meta property=\"og:description\" content=\"Le bracelet Silhouette Virgen del Roc\u00edo est un magnifique bijou qui repr\u00e9sente l\u2019expression de la foi et du style, fusionnant d\u00e9votion et \u00e9l\u00e9gance dans une pi\u00e8ce unique.\" \/>\n<meta property=\"og:url\" content=\"https:\/\/joyasyasmin.com\/fr\/producto\/silhouette-bracelet-virgen-del-rocio\/\" \/>\n<meta property=\"og:site_name\" content=\"Yasmin\" \/>\n<meta property=\"article:publisher\" content=\"https:\/\/www.facebook.com\/Joyas-Yasmin-217664058934169\/\" \/>\n<meta property=\"article:modified_time\" content=\"2025-05-13T11:07:32+00:00\" \/>\n<meta property=\"og:image\" content=\"https:\/\/joyasyasmin.com\/wp-content\/uploads\/2023\/10\/pulsera-virgen-del-rosio-con-bolitas.jpg\" \/>\n\t<meta property=\"og:image:width\" content=\"1000\" \/>\n\t<meta property=\"og:image:height\" content=\"1000\" \/>\n\t<meta property=\"og:image:type\" content=\"image\/jpeg\" \/>\n<meta name=\"twitter:card\" content=\"summary_large_image\" \/>\n<script type=\"application\/ld+json\" class=\"yoast-schema-graph\">{\"@context\":\"https:\\\/\\\/schema.org\",\"@graph\":[{\"@type\":[\"WebPage\",\"ItemPage\"],\"@id\":\"https:\\\/\\\/joyasyasmin.com\\\/fr\\\/producto\\\/silhouette-bracelet-virgen-del-rocio\\\/\",\"url\":\"https:\\\/\\\/joyasyasmin.com\\\/fr\\\/producto\\\/silhouette-bracelet-virgen-del-rocio\\\/\",\"name\":\"Silhouette Bracelet Virgen del Roc\u00edo - Yasmin\",\"isPartOf\":{\"@id\":\"https:\\\/\\\/joyasyasmin.com\\\/fr\\\/#website\"},\"primaryImageOfPage\":{\"@id\":\"https:\\\/\\\/joyasyasmin.com\\\/fr\\\/producto\\\/silhouette-bracelet-virgen-del-rocio\\\/#primaryimage\"},\"image\":{\"@id\":\"https:\\\/\\\/joyasyasmin.com\\\/fr\\\/producto\\\/silhouette-bracelet-virgen-del-rocio\\\/#primaryimage\"},\"thumbnailUrl\":\"https:\\\/\\\/joyasyasmin.com\\\/wp-content\\\/uploads\\\/2023\\\/10\\\/pulsera-virgen-del-rosio-con-bolitas.jpg\",\"datePublished\":\"2023-10-05T19:39:50+00:00\",\"dateModified\":\"2025-05-13T11:07:32+00:00\",\"description\":\"Le bracelet Silhouette Virgen del Roc\u00edo est un magnifique bijou qui repr\u00e9sente l\u2019expression de la foi et du style, fusionnant d\u00e9votion et \u00e9l\u00e9gance dans une pi\u00e8ce unique.\",\"breadcrumb\":{\"@id\":\"https:\\\/\\\/joyasyasmin.com\\\/fr\\\/producto\\\/silhouette-bracelet-virgen-del-rocio\\\/#breadcrumb\"},\"inLanguage\":\"fr-FR\",\"potentialAction\":[{\"@type\":\"ReadAction\",\"target\":[\"https:\\\/\\\/joyasyasmin.com\\\/fr\\\/producto\\\/silhouette-bracelet-virgen-del-rocio\\\/\"]}]},{\"@type\":\"ImageObject\",\"inLanguage\":\"fr-FR\",\"@id\":\"https:\\\/\\\/joyasyasmin.com\\\/fr\\\/producto\\\/silhouette-bracelet-virgen-del-rocio\\\/#primaryimage\",\"url\":\"https:\\\/\\\/joyasyasmin.com\\\/wp-content\\\/uploads\\\/2023\\\/10\\\/pulsera-virgen-del-rosio-con-bolitas.jpg\",\"contentUrl\":\"https:\\\/\\\/joyasyasmin.com\\\/wp-content\\\/uploads\\\/2023\\\/10\\\/pulsera-virgen-del-rosio-con-bolitas.jpg\",\"width\":1000,\"height\":1000,\"caption\":\"Vente de bracelet silhouette Virgen del Rocio avec boules en argent sterling 925\"},{\"@type\":\"BreadcrumbList\",\"@id\":\"https:\\\/\\\/joyasyasmin.com\\\/fr\\\/producto\\\/silhouette-bracelet-virgen-del-rocio\\\/#breadcrumb\",\"itemListElement\":[{\"@type\":\"ListItem\",\"position\":1,\"name\":\"Portada\",\"item\":\"https:\\\/\\\/joyasyasmin.com\\\/fr\\\/domicile\\\/\"},{\"@type\":\"ListItem\",\"position\":2,\"name\":\"Boutique\",\"item\":\"https:\\\/\\\/joyasyasmin.com\\\/fr\\\/boutique\\\/\"},{\"@type\":\"ListItem\",\"position\":3,\"name\":\"Silhouette Bracelet Virgen del Roc\u00edo\"}]},{\"@type\":\"WebSite\",\"@id\":\"https:\\\/\\\/joyasyasmin.com\\\/fr\\\/#website\",\"url\":\"https:\\\/\\\/joyasyasmin.com\\\/fr\\\/\",\"name\":\"Yasmin\",\"description\":\"Joyer\u00eda de Plata 925 - Pendientes, pulseras, anillos, colgantes y m\u00e1s!\",\"publisher\":{\"@id\":\"https:\\\/\\\/joyasyasmin.com\\\/fr\\\/#organization\"},\"potentialAction\":[{\"@type\":\"SearchAction\",\"target\":{\"@type\":\"EntryPoint\",\"urlTemplate\":\"https:\\\/\\\/joyasyasmin.com\\\/fr\\\/?s={search_term_string}\"},\"query-input\":{\"@type\":\"PropertyValueSpecification\",\"valueRequired\":true,\"valueName\":\"search_term_string\"}}],\"inLanguage\":\"fr-FR\"},{\"@type\":\"Organization\",\"@id\":\"https:\\\/\\\/joyasyasmin.com\\\/fr\\\/#organization\",\"name\":\"joyas yasmin\",\"url\":\"https:\\\/\\\/joyasyasmin.com\\\/fr\\\/\",\"logo\":{\"@type\":\"ImageObject\",\"inLanguage\":\"fr-FR\",\"@id\":\"https:\\\/\\\/joyasyasmin.com\\\/fr\\\/#\\\/schema\\\/logo\\\/image\\\/\",\"url\":\"https:\\\/\\\/joyasyasmin.com\\\/wp-content\\\/uploads\\\/2017\\\/06\\\/IMG-20200429-WA0051.jpg\",\"contentUrl\":\"https:\\\/\\\/joyasyasmin.com\\\/wp-content\\\/uploads\\\/2017\\\/06\\\/IMG-20200429-WA0051.jpg\",\"width\":1080,\"height\":545,\"caption\":\"joyas yasmin\"},\"image\":{\"@id\":\"https:\\\/\\\/joyasyasmin.com\\\/fr\\\/#\\\/schema\\\/logo\\\/image\\\/\"},\"sameAs\":[\"https:\\\/\\\/www.facebook.com\\\/Joyas-Yasmin-217664058934169\\\/\",\"https:\\\/\\\/www.instagram.com\\\/invites\\\/contact\\\/\"]}]}<\/script>\n<!-- \/ Yoast SEO plugin. -->","yoast_head_json":{"title":"Silhouette Bracelet Virgen del Roc\u00edo - Yasmin","description":"Le bracelet Silhouette Virgen del Roc\u00edo est un magnifique bijou qui repr\u00e9sente l\u2019expression de la foi et du style, fusionnant d\u00e9votion et \u00e9l\u00e9gance dans une pi\u00e8ce unique.","robots":{"index":"index","follow":"follow","max-snippet":"max-snippet:-1","max-image-preview":"max-image-preview:large","max-video-preview":"max-video-preview:-1"},"canonical":"https:\/\/joyasyasmin.com\/fr\/producto\/silhouette-bracelet-virgen-del-rocio\/","og_locale":"fr_FR","og_title":"Silhouette Bracelet Virgen del Roc\u00edo - Yasmin","og_description":"Le bracelet Silhouette Virgen del Roc\u00edo est un magnifique bijou qui repr\u00e9sente l\u2019expression de la foi et du style, fusionnant d\u00e9votion et \u00e9l\u00e9gance dans une pi\u00e8ce unique.","og_url":"https:\/\/joyasyasmin.com\/fr\/producto\/silhouette-bracelet-virgen-del-rocio\/","og_site_name":"Yasmin","article_publisher":"https:\/\/www.facebook.com\/Joyas-Yasmin-217664058934169\/","article_modified_time":"2025-05-13T11:07:32+00:00","og_image":[{"width":1000,"height":1000,"url":"https:\/\/joyasyasmin.com\/wp-content\/uploads\/2023\/10\/pulsera-virgen-del-rosio-con-bolitas.jpg","type":"image\/jpeg"}],"twitter_card":"summary_large_image","schema":{"@context":"https:\/\/schema.org","@graph":[{"@type":["WebPage","ItemPage"],"@id":"https:\/\/joyasyasmin.com\/fr\/producto\/silhouette-bracelet-virgen-del-rocio\/","url":"https:\/\/joyasyasmin.com\/fr\/producto\/silhouette-bracelet-virgen-del-rocio\/","name":"Silhouette Bracelet Virgen del Roc\u00edo - Yasmin","isPartOf":{"@id":"https:\/\/joyasyasmin.com\/fr\/#website"},"primaryImageOfPage":{"@id":"https:\/\/joyasyasmin.com\/fr\/producto\/silhouette-bracelet-virgen-del-rocio\/#primaryimage"},"image":{"@id":"https:\/\/joyasyasmin.com\/fr\/producto\/silhouette-bracelet-virgen-del-rocio\/#primaryimage"},"thumbnailUrl":"https:\/\/joyasyasmin.com\/wp-content\/uploads\/2023\/10\/pulsera-virgen-del-rosio-con-bolitas.jpg","datePublished":"2023-10-05T19:39:50+00:00","dateModified":"2025-05-13T11:07:32+00:00","description":"Le bracelet Silhouette Virgen del Roc\u00edo est un magnifique bijou qui repr\u00e9sente l\u2019expression de la foi et du style, fusionnant d\u00e9votion et \u00e9l\u00e9gance dans une pi\u00e8ce unique.","breadcrumb":{"@id":"https:\/\/joyasyasmin.com\/fr\/producto\/silhouette-bracelet-virgen-del-rocio\/#breadcrumb"},"inLanguage":"fr-FR","potentialAction":[{"@type":"ReadAction","target":["https:\/\/joyasyasmin.com\/fr\/producto\/silhouette-bracelet-virgen-del-rocio\/"]}]},{"@type":"ImageObject","inLanguage":"fr-FR","@id":"https:\/\/joyasyasmin.com\/fr\/producto\/silhouette-bracelet-virgen-del-rocio\/#primaryimage","url":"https:\/\/joyasyasmin.com\/wp-content\/uploads\/2023\/10\/pulsera-virgen-del-rosio-con-bolitas.jpg","contentUrl":"https:\/\/joyasyasmin.com\/wp-content\/uploads\/2023\/10\/pulsera-virgen-del-rosio-con-bolitas.jpg","width":1000,"height":1000,"caption":"Vente de bracelet silhouette Virgen del Rocio avec boules en argent sterling 925"},{"@type":"BreadcrumbList","@id":"https:\/\/joyasyasmin.com\/fr\/producto\/silhouette-bracelet-virgen-del-rocio\/#breadcrumb","itemListElement":[{"@type":"ListItem","position":1,"name":"Portada","item":"https:\/\/joyasyasmin.com\/fr\/domicile\/"},{"@type":"ListItem","position":2,"name":"Boutique","item":"https:\/\/joyasyasmin.com\/fr\/boutique\/"},{"@type":"ListItem","position":3,"name":"Silhouette Bracelet Virgen del Roc\u00edo"}]},{"@type":"WebSite","@id":"https:\/\/joyasyasmin.com\/fr\/#website","url":"https:\/\/joyasyasmin.com\/fr\/","name":"Yasmin","description":"Joyer\u00eda de Plata 925 - Pendientes, pulseras, anillos, colgantes y m\u00e1s!","publisher":{"@id":"https:\/\/joyasyasmin.com\/fr\/#organization"},"potentialAction":[{"@type":"SearchAction","target":{"@type":"EntryPoint","urlTemplate":"https:\/\/joyasyasmin.com\/fr\/?s={search_term_string}"},"query-input":{"@type":"PropertyValueSpecification","valueRequired":true,"valueName":"search_term_string"}}],"inLanguage":"fr-FR"},{"@type":"Organization","@id":"https:\/\/joyasyasmin.com\/fr\/#organization","name":"joyas yasmin","url":"https:\/\/joyasyasmin.com\/fr\/","logo":{"@type":"ImageObject","inLanguage":"fr-FR","@id":"https:\/\/joyasyasmin.com\/fr\/#\/schema\/logo\/image\/","url":"https:\/\/joyasyasmin.com\/wp-content\/uploads\/2017\/06\/IMG-20200429-WA0051.jpg","contentUrl":"https:\/\/joyasyasmin.com\/wp-content\/uploads\/2017\/06\/IMG-20200429-WA0051.jpg","width":1080,"height":545,"caption":"joyas yasmin"},"image":{"@id":"https:\/\/joyasyasmin.com\/fr\/#\/schema\/logo\/image\/"},"sameAs":["https:\/\/www.facebook.com\/Joyas-Yasmin-217664058934169\/","https:\/\/www.instagram.com\/invites\/contact\/"]}]}},"_links":{"self":[{"href":"https:\/\/joyasyasmin.com\/fr\/wp-json\/wp\/v2\/product\/22733","targetHints":{"allow":["GET"]}}],"collection":[{"href":"https:\/\/joyasyasmin.com\/fr\/wp-json\/wp\/v2\/product"}],"about":[{"href":"https:\/\/joyasyasmin.com\/fr\/wp-json\/wp\/v2\/types\/product"}],"replies":[{"embeddable":true,"href":"https:\/\/joyasyasmin.com\/fr\/wp-json\/wp\/v2\/comments?post=22733"}],"version-history":[{"count":1,"href":"https:\/\/joyasyasmin.com\/fr\/wp-json\/wp\/v2\/product\/22733\/revisions"}],"predecessor-version":[{"id":29540,"href":"https:\/\/joyasyasmin.com\/fr\/wp-json\/wp\/v2\/product\/22733\/revisions\/29540"}],"wp:featuredmedia":[{"embeddable":true,"href":"https:\/\/joyasyasmin.com\/fr\/wp-json\/wp\/v2\/media\/22741"}],"wp:attachment":[{"href":"https:\/\/joyasyasmin.com\/fr\/wp-json\/wp\/v2\/media?parent=22733"}],"wp:term":[{"taxonomy":"product_brand","embeddable":true,"href":"https:\/\/joyasyasmin.com\/fr\/wp-json\/wp\/v2\/product_brand?post=22733"},{"taxonomy":"product_cat","embeddable":true,"href":"https:\/\/joyasyasmin.com\/fr\/wp-json\/wp\/v2\/product_cat?post=22733"},{"taxonomy":"product_tag","embeddable":true,"href":"https:\/\/joyasyasmin.com\/fr\/wp-json\/wp\/v2\/product_tag?post=22733"}],"curies":[{"name":"wp","href":"https:\/\/api.w.org\/{rel}","templated":true}]}}