{"id":22766,"date":"2023-11-05T12:49:45","date_gmt":"2023-11-05T12:49:45","guid":{"rendered":"https:\/\/joyasyasmin.com\/producto\/bracelet-avec-noeud-de-sorciere\/"},"modified":"2025-11-10T11:35:46","modified_gmt":"2025-11-10T11:35:46","slug":"bracelet-avec-noeud-de-sorciere","status":"publish","type":"product","link":"https:\/\/joyasyasmin.com\/fr\/producto\/bracelet-avec-noeud-de-sorciere\/","title":{"rendered":"Bracelet avec noeud de sorci\u00e8re"},"content":{"rendered":"","protected":false},"excerpt":{"rendered":"<p>D\u00e9couvrez notre exquis bracelet noeud de sorci\u00e8re, un accessoire charmant qui allie style et signification dans un design unique. Ce bracelet est m\u00e9ticuleusement fabriqu\u00e9 avec un n\u0153ud de sorci\u00e8re complexe mesurant 15 mm, apportant une touche d\u2019\u00e9l\u00e9gance \u00e0 votre poignet.<\/p>\n<p>Le n\u0153ud de sorci\u00e8re, soigneusement tiss\u00e9 avec du fil d\u2019argent sterling 925 de haute qualit\u00e9 d\u2019une \u00e9paisseur de 2 mm, garantit durabilit\u00e9 et r\u00e9sistance. Le bracelet cor\u00e9en a une longueur de 17 cm, avec une extension de 3 cm pour s\u2019adapter confortablement aux diff\u00e9rentes tailles de poignet, offrant polyvalence et confort au porteur.<\/p>\n","protected":false},"featured_media":22770,"comment_status":"open","ping_status":"closed","template":"","meta":{"_acf_changed":false,"_joinchat":[]},"product_brand":[],"product_cat":[1790],"product_tag":[2566,2567],"class_list":{"0":"post-22766","1":"product","2":"type-product","3":"status-publish","4":"has-post-thumbnail","6":"product_cat-bracelets","7":"product_tag-bracelet-noeud-de-sorciere-fr","8":"product_tag-bracelet-noeud-de-sorciere-en-argent","10":"first","11":"instock","12":"shipping-taxable","13":"purchasable","14":"product-type-simple"},"acf":[],"yoast_head":"<!-- This site is optimized with the Yoast SEO plugin v27.2 - https:\/\/yoast.com\/product\/yoast-seo-wordpress\/ -->\n<title>Bracelet avec noeud de sorci\u00e8re - Yasmin<\/title>\n<meta name=\"description\" content=\"Le bracelet noeud de sorci\u00e8re est un bijou en argent sterling 925, avec ce symbole vous porterez protection et spiritualit\u00e9, sa longueur est de 17 + 3 cm.\" \/>\n<meta name=\"robots\" content=\"index, follow, max-snippet:-1, max-image-preview:large, max-video-preview:-1\" \/>\n<link rel=\"canonical\" href=\"https:\/\/joyasyasmin.com\/fr\/producto\/bracelet-avec-noeud-de-sorciere\/\" \/>\n<meta property=\"og:locale\" content=\"fr_FR\" \/>\n<meta property=\"og:title\" content=\"Bracelet avec noeud de sorci\u00e8re - Yasmin\" \/>\n<meta property=\"og:description\" content=\"Le bracelet noeud de sorci\u00e8re est un bijou en argent sterling 925, avec ce symbole vous porterez protection et spiritualit\u00e9, sa longueur est de 17 + 3 cm.\" \/>\n<meta property=\"og:url\" content=\"https:\/\/joyasyasmin.com\/fr\/producto\/bracelet-avec-noeud-de-sorciere\/\" \/>\n<meta property=\"og:site_name\" content=\"Yasmin\" \/>\n<meta property=\"article:publisher\" content=\"https:\/\/www.facebook.com\/Joyas-Yasmin-217664058934169\/\" \/>\n<meta property=\"article:modified_time\" content=\"2025-11-10T11:35:46+00:00\" \/>\n<meta property=\"og:image\" content=\"https:\/\/joyasyasmin.com\/wp-content\/uploads\/2023\/11\/pulsera-nudo-de-bruja-de-plata-925.jpg\" \/>\n\t<meta property=\"og:image:width\" content=\"1000\" \/>\n\t<meta property=\"og:image:height\" content=\"1000\" \/>\n\t<meta property=\"og:image:type\" content=\"image\/jpeg\" \/>\n<meta name=\"twitter:card\" content=\"summary_large_image\" \/>\n<script type=\"application\/ld+json\" class=\"yoast-schema-graph\">{\"@context\":\"https:\/\/schema.org\",\"@graph\":[{\"@type\":[\"WebPage\",\"ItemPage\"],\"@id\":\"https:\/\/joyasyasmin.com\/fr\/producto\/bracelet-avec-noeud-de-sorciere\/\",\"url\":\"https:\/\/joyasyasmin.com\/fr\/producto\/bracelet-avec-noeud-de-sorciere\/\",\"name\":\"Bracelet avec noeud de sorci\u00e8re - Yasmin\",\"isPartOf\":{\"@id\":\"https:\/\/joyasyasmin.com\/fr\/#website\"},\"primaryImageOfPage\":{\"@id\":\"https:\/\/joyasyasmin.com\/fr\/producto\/bracelet-avec-noeud-de-sorciere\/#primaryimage\"},\"image\":{\"@id\":\"https:\/\/joyasyasmin.com\/fr\/producto\/bracelet-avec-noeud-de-sorciere\/#primaryimage\"},\"thumbnailUrl\":\"https:\/\/joyasyasmin.com\/wp-content\/uploads\/2023\/11\/pulsera-nudo-de-bruja-de-plata-925.jpg\",\"datePublished\":\"2023-11-05T12:49:45+00:00\",\"dateModified\":\"2025-11-10T11:35:46+00:00\",\"description\":\"Le bracelet noeud de sorci\u00e8re est un bijou en argent sterling 925, avec ce symbole vous porterez protection et spiritualit\u00e9, sa longueur est de 17 + 3 cm.\",\"breadcrumb\":{\"@id\":\"https:\/\/joyasyasmin.com\/fr\/producto\/bracelet-avec-noeud-de-sorciere\/#breadcrumb\"},\"inLanguage\":\"fr-FR\",\"potentialAction\":[{\"@type\":\"ReadAction\",\"target\":[\"https:\/\/joyasyasmin.com\/fr\/producto\/bracelet-avec-noeud-de-sorciere\/\"]}]},{\"@type\":\"ImageObject\",\"inLanguage\":\"fr-FR\",\"@id\":\"https:\/\/joyasyasmin.com\/fr\/producto\/bracelet-avec-noeud-de-sorciere\/#primaryimage\",\"url\":\"https:\/\/joyasyasmin.com\/wp-content\/uploads\/2023\/11\/pulsera-nudo-de-bruja-de-plata-925.jpg\",\"contentUrl\":\"https:\/\/joyasyasmin.com\/wp-content\/uploads\/2023\/11\/pulsera-nudo-de-bruja-de-plata-925.jpg\",\"width\":1000,\"height\":1000,\"caption\":\"Bracelet noeud de sorci\u00e8re en argent 925 \u00e0 vendre, sa longueur 17+3cm\"},{\"@type\":\"BreadcrumbList\",\"@id\":\"https:\/\/joyasyasmin.com\/fr\/producto\/bracelet-avec-noeud-de-sorciere\/#breadcrumb\",\"itemListElement\":[{\"@type\":\"ListItem\",\"position\":1,\"name\":\"Portada\",\"item\":\"https:\/\/joyasyasmin.com\/fr\/domicile\/\"},{\"@type\":\"ListItem\",\"position\":2,\"name\":\"Boutique\",\"item\":\"https:\/\/joyasyasmin.com\/fr\/boutique\/\"},{\"@type\":\"ListItem\",\"position\":3,\"name\":\"Bracelet avec noeud de sorci\u00e8re\"}]},{\"@type\":\"WebSite\",\"@id\":\"https:\/\/joyasyasmin.com\/fr\/#website\",\"url\":\"https:\/\/joyasyasmin.com\/fr\/\",\"name\":\"Yasmin\",\"description\":\"Joyer\u00eda de Plata 925 - Pendientes, pulseras, anillos, colgantes y m\u00e1s!\",\"publisher\":{\"@id\":\"https:\/\/joyasyasmin.com\/fr\/#organization\"},\"potentialAction\":[{\"@type\":\"SearchAction\",\"target\":{\"@type\":\"EntryPoint\",\"urlTemplate\":\"https:\/\/joyasyasmin.com\/fr\/?s={search_term_string}\"},\"query-input\":{\"@type\":\"PropertyValueSpecification\",\"valueRequired\":true,\"valueName\":\"search_term_string\"}}],\"inLanguage\":\"fr-FR\"},{\"@type\":\"Organization\",\"@id\":\"https:\/\/joyasyasmin.com\/fr\/#organization\",\"name\":\"joyas yasmin\",\"url\":\"https:\/\/joyasyasmin.com\/fr\/\",\"logo\":{\"@type\":\"ImageObject\",\"inLanguage\":\"fr-FR\",\"@id\":\"https:\/\/joyasyasmin.com\/fr\/#\/schema\/logo\/image\/\",\"url\":\"https:\/\/joyasyasmin.com\/wp-content\/uploads\/2017\/06\/IMG-20200429-WA0051.jpg\",\"contentUrl\":\"https:\/\/joyasyasmin.com\/wp-content\/uploads\/2017\/06\/IMG-20200429-WA0051.jpg\",\"width\":1080,\"height\":545,\"caption\":\"joyas yasmin\"},\"image\":{\"@id\":\"https:\/\/joyasyasmin.com\/fr\/#\/schema\/logo\/image\/\"},\"sameAs\":[\"https:\/\/www.facebook.com\/Joyas-Yasmin-217664058934169\/\",\"https:\/\/www.instagram.com\/invites\/contact\/\"]}]}<\/script>\n<!-- \/ Yoast SEO plugin. -->","yoast_head_json":{"title":"Bracelet avec noeud de sorci\u00e8re - Yasmin","description":"Le bracelet noeud de sorci\u00e8re est un bijou en argent sterling 925, avec ce symbole vous porterez protection et spiritualit\u00e9, sa longueur est de 17 + 3 cm.","robots":{"index":"index","follow":"follow","max-snippet":"max-snippet:-1","max-image-preview":"max-image-preview:large","max-video-preview":"max-video-preview:-1"},"canonical":"https:\/\/joyasyasmin.com\/fr\/producto\/bracelet-avec-noeud-de-sorciere\/","og_locale":"fr_FR","og_title":"Bracelet avec noeud de sorci\u00e8re - Yasmin","og_description":"Le bracelet noeud de sorci\u00e8re est un bijou en argent sterling 925, avec ce symbole vous porterez protection et spiritualit\u00e9, sa longueur est de 17 + 3 cm.","og_url":"https:\/\/joyasyasmin.com\/fr\/producto\/bracelet-avec-noeud-de-sorciere\/","og_site_name":"Yasmin","article_publisher":"https:\/\/www.facebook.com\/Joyas-Yasmin-217664058934169\/","article_modified_time":"2025-11-10T11:35:46+00:00","og_image":[{"width":1000,"height":1000,"url":"https:\/\/joyasyasmin.com\/wp-content\/uploads\/2023\/11\/pulsera-nudo-de-bruja-de-plata-925.jpg","type":"image\/jpeg"}],"twitter_card":"summary_large_image","schema":{"@context":"https:\/\/schema.org","@graph":[{"@type":["WebPage","ItemPage"],"@id":"https:\/\/joyasyasmin.com\/fr\/producto\/bracelet-avec-noeud-de-sorciere\/","url":"https:\/\/joyasyasmin.com\/fr\/producto\/bracelet-avec-noeud-de-sorciere\/","name":"Bracelet avec noeud de sorci\u00e8re - Yasmin","isPartOf":{"@id":"https:\/\/joyasyasmin.com\/fr\/#website"},"primaryImageOfPage":{"@id":"https:\/\/joyasyasmin.com\/fr\/producto\/bracelet-avec-noeud-de-sorciere\/#primaryimage"},"image":{"@id":"https:\/\/joyasyasmin.com\/fr\/producto\/bracelet-avec-noeud-de-sorciere\/#primaryimage"},"thumbnailUrl":"https:\/\/joyasyasmin.com\/wp-content\/uploads\/2023\/11\/pulsera-nudo-de-bruja-de-plata-925.jpg","datePublished":"2023-11-05T12:49:45+00:00","dateModified":"2025-11-10T11:35:46+00:00","description":"Le bracelet noeud de sorci\u00e8re est un bijou en argent sterling 925, avec ce symbole vous porterez protection et spiritualit\u00e9, sa longueur est de 17 + 3 cm.","breadcrumb":{"@id":"https:\/\/joyasyasmin.com\/fr\/producto\/bracelet-avec-noeud-de-sorciere\/#breadcrumb"},"inLanguage":"fr-FR","potentialAction":[{"@type":"ReadAction","target":["https:\/\/joyasyasmin.com\/fr\/producto\/bracelet-avec-noeud-de-sorciere\/"]}]},{"@type":"ImageObject","inLanguage":"fr-FR","@id":"https:\/\/joyasyasmin.com\/fr\/producto\/bracelet-avec-noeud-de-sorciere\/#primaryimage","url":"https:\/\/joyasyasmin.com\/wp-content\/uploads\/2023\/11\/pulsera-nudo-de-bruja-de-plata-925.jpg","contentUrl":"https:\/\/joyasyasmin.com\/wp-content\/uploads\/2023\/11\/pulsera-nudo-de-bruja-de-plata-925.jpg","width":1000,"height":1000,"caption":"Bracelet noeud de sorci\u00e8re en argent 925 \u00e0 vendre, sa longueur 17+3cm"},{"@type":"BreadcrumbList","@id":"https:\/\/joyasyasmin.com\/fr\/producto\/bracelet-avec-noeud-de-sorciere\/#breadcrumb","itemListElement":[{"@type":"ListItem","position":1,"name":"Portada","item":"https:\/\/joyasyasmin.com\/fr\/domicile\/"},{"@type":"ListItem","position":2,"name":"Boutique","item":"https:\/\/joyasyasmin.com\/fr\/boutique\/"},{"@type":"ListItem","position":3,"name":"Bracelet avec noeud de sorci\u00e8re"}]},{"@type":"WebSite","@id":"https:\/\/joyasyasmin.com\/fr\/#website","url":"https:\/\/joyasyasmin.com\/fr\/","name":"Yasmin","description":"Joyer\u00eda de Plata 925 - Pendientes, pulseras, anillos, colgantes y m\u00e1s!","publisher":{"@id":"https:\/\/joyasyasmin.com\/fr\/#organization"},"potentialAction":[{"@type":"SearchAction","target":{"@type":"EntryPoint","urlTemplate":"https:\/\/joyasyasmin.com\/fr\/?s={search_term_string}"},"query-input":{"@type":"PropertyValueSpecification","valueRequired":true,"valueName":"search_term_string"}}],"inLanguage":"fr-FR"},{"@type":"Organization","@id":"https:\/\/joyasyasmin.com\/fr\/#organization","name":"joyas yasmin","url":"https:\/\/joyasyasmin.com\/fr\/","logo":{"@type":"ImageObject","inLanguage":"fr-FR","@id":"https:\/\/joyasyasmin.com\/fr\/#\/schema\/logo\/image\/","url":"https:\/\/joyasyasmin.com\/wp-content\/uploads\/2017\/06\/IMG-20200429-WA0051.jpg","contentUrl":"https:\/\/joyasyasmin.com\/wp-content\/uploads\/2017\/06\/IMG-20200429-WA0051.jpg","width":1080,"height":545,"caption":"joyas yasmin"},"image":{"@id":"https:\/\/joyasyasmin.com\/fr\/#\/schema\/logo\/image\/"},"sameAs":["https:\/\/www.facebook.com\/Joyas-Yasmin-217664058934169\/","https:\/\/www.instagram.com\/invites\/contact\/"]}]}},"_links":{"self":[{"href":"https:\/\/joyasyasmin.com\/fr\/wp-json\/wp\/v2\/product\/22766","targetHints":{"allow":["GET"]}}],"collection":[{"href":"https:\/\/joyasyasmin.com\/fr\/wp-json\/wp\/v2\/product"}],"about":[{"href":"https:\/\/joyasyasmin.com\/fr\/wp-json\/wp\/v2\/types\/product"}],"replies":[{"embeddable":true,"href":"https:\/\/joyasyasmin.com\/fr\/wp-json\/wp\/v2\/comments?post=22766"}],"version-history":[{"count":2,"href":"https:\/\/joyasyasmin.com\/fr\/wp-json\/wp\/v2\/product\/22766\/revisions"}],"predecessor-version":[{"id":35869,"href":"https:\/\/joyasyasmin.com\/fr\/wp-json\/wp\/v2\/product\/22766\/revisions\/35869"}],"wp:featuredmedia":[{"embeddable":true,"href":"https:\/\/joyasyasmin.com\/fr\/wp-json\/wp\/v2\/media\/22770"}],"wp:attachment":[{"href":"https:\/\/joyasyasmin.com\/fr\/wp-json\/wp\/v2\/media?parent=22766"}],"wp:term":[{"taxonomy":"product_brand","embeddable":true,"href":"https:\/\/joyasyasmin.com\/fr\/wp-json\/wp\/v2\/product_brand?post=22766"},{"taxonomy":"product_cat","embeddable":true,"href":"https:\/\/joyasyasmin.com\/fr\/wp-json\/wp\/v2\/product_cat?post=22766"},{"taxonomy":"product_tag","embeddable":true,"href":"https:\/\/joyasyasmin.com\/fr\/wp-json\/wp\/v2\/product_tag?post=22766"}],"curies":[{"name":"wp","href":"https:\/\/api.w.org\/{rel}","templated":true}]}}