{"id":22790,"date":"2023-11-08T16:31:15","date_gmt":"2023-11-08T16:31:15","guid":{"rendered":"https:\/\/joyasyasmin.com\/producto\/bracelet-coeurs-amour-eternel\/"},"modified":"2025-05-13T11:07:43","modified_gmt":"2025-05-13T11:07:43","slug":"bracelet-coeurs-amour-eternel","status":"publish","type":"product","link":"https:\/\/joyasyasmin.com\/fr\/producto\/bracelet-coeurs-amour-eternel\/","title":{"rendered":"Bracelet C\u0153urs Amour \u00c9ternel"},"content":{"rendered":"","protected":false},"excerpt":{"rendered":"<p style=\"padding-left: 40px;\">D\u00e9couvrez notre bracelet Eternal Love Hearts, un bijou qui captive les c\u0153urs par son design envo\u00fbtant et sa signification profonde. Ce bracelet exquis est m\u00e9ticuleusement fabriqu\u00e9 \u00e0 partir d\u2019argent sterling 925 v\u00e9ritable, garantissant qualit\u00e9 et durabilit\u00e9. Les maillons sont soigneusement moul\u00e9s en forme de c\u0153urs de 4 mm, cr\u00e9ant un motif d\u00e9licat et romantique qui capture l\u2019essence de l\u2019amour v\u00e9ritable.  <\/p>\n","protected":false},"featured_media":22793,"comment_status":"open","ping_status":"closed","template":"","meta":{"_acf_changed":false,"_joinchat":[]},"product_brand":[],"product_cat":[1790],"product_tag":[2586,2587],"class_list":{"0":"post-22790","1":"product","2":"type-product","3":"status-publish","4":"has-post-thumbnail","6":"product_cat-bracelets","7":"product_tag-bracelet-coeurs-amour-eternel","8":"product_tag-bracelet-en-argent-en-forme-de-coeur","10":"first","11":"instock","12":"shipping-taxable","13":"purchasable","14":"product-type-simple"},"acf":[],"yoast_head":"<!-- This site is optimized with the Yoast SEO plugin v27.3 - https:\/\/yoast.com\/product\/yoast-seo-wordpress\/ -->\n<title>Bracelet C\u0153urs Amour \u00c9ternel - Yasmin<\/title>\n<meta name=\"description\" content=\"Le bracelet c\u0153ur d\u2019amour \u00e9ternel est un bijou en argent sterling 925, la largeur du c\u0153ur est de 5 mm et sa longueur est de 17 + 3 cm, design charmant laissez-vous s\u00e9duire.\" \/>\n<meta name=\"robots\" content=\"index, follow, max-snippet:-1, max-image-preview:large, max-video-preview:-1\" \/>\n<link rel=\"canonical\" href=\"https:\/\/joyasyasmin.com\/fr\/producto\/bracelet-coeurs-amour-eternel\/\" \/>\n<meta property=\"og:locale\" content=\"fr_FR\" \/>\n<meta property=\"og:title\" content=\"Bracelet C\u0153urs Amour \u00c9ternel - Yasmin\" \/>\n<meta property=\"og:description\" content=\"Le bracelet c\u0153ur d\u2019amour \u00e9ternel est un bijou en argent sterling 925, la largeur du c\u0153ur est de 5 mm et sa longueur est de 17 + 3 cm, design charmant laissez-vous s\u00e9duire.\" \/>\n<meta property=\"og:url\" content=\"https:\/\/joyasyasmin.com\/fr\/producto\/bracelet-coeurs-amour-eternel\/\" \/>\n<meta property=\"og:site_name\" content=\"Yasmin\" \/>\n<meta property=\"article:publisher\" content=\"https:\/\/www.facebook.com\/Joyas-Yasmin-217664058934169\/\" \/>\n<meta property=\"article:modified_time\" content=\"2025-05-13T11:07:43+00:00\" \/>\n<meta property=\"og:image\" content=\"https:\/\/joyasyasmin.com\/wp-content\/uploads\/2023\/11\/pulsera-de-corazones-lisos.jpg\" \/>\n\t<meta property=\"og:image:width\" content=\"1000\" \/>\n\t<meta property=\"og:image:height\" content=\"1000\" \/>\n\t<meta property=\"og:image:type\" content=\"image\/jpeg\" \/>\n<meta name=\"twitter:card\" content=\"summary_large_image\" \/>\n<script type=\"application\/ld+json\" class=\"yoast-schema-graph\">{\"@context\":\"https:\\\/\\\/schema.org\",\"@graph\":[{\"@type\":[\"WebPage\",\"ItemPage\"],\"@id\":\"https:\\\/\\\/joyasyasmin.com\\\/fr\\\/producto\\\/bracelet-coeurs-amour-eternel\\\/\",\"url\":\"https:\\\/\\\/joyasyasmin.com\\\/fr\\\/producto\\\/bracelet-coeurs-amour-eternel\\\/\",\"name\":\"Bracelet C\u0153urs Amour \u00c9ternel - Yasmin\",\"isPartOf\":{\"@id\":\"https:\\\/\\\/joyasyasmin.com\\\/fr\\\/#website\"},\"primaryImageOfPage\":{\"@id\":\"https:\\\/\\\/joyasyasmin.com\\\/fr\\\/producto\\\/bracelet-coeurs-amour-eternel\\\/#primaryimage\"},\"image\":{\"@id\":\"https:\\\/\\\/joyasyasmin.com\\\/fr\\\/producto\\\/bracelet-coeurs-amour-eternel\\\/#primaryimage\"},\"thumbnailUrl\":\"https:\\\/\\\/joyasyasmin.com\\\/wp-content\\\/uploads\\\/2023\\\/11\\\/pulsera-de-corazones-lisos.jpg\",\"datePublished\":\"2023-11-08T16:31:15+00:00\",\"dateModified\":\"2025-05-13T11:07:43+00:00\",\"description\":\"Le bracelet c\u0153ur d\u2019amour \u00e9ternel est un bijou en argent sterling 925, la largeur du c\u0153ur est de 5 mm et sa longueur est de 17 + 3 cm, design charmant laissez-vous s\u00e9duire.\",\"breadcrumb\":{\"@id\":\"https:\\\/\\\/joyasyasmin.com\\\/fr\\\/producto\\\/bracelet-coeurs-amour-eternel\\\/#breadcrumb\"},\"inLanguage\":\"fr-FR\",\"potentialAction\":[{\"@type\":\"ReadAction\",\"target\":[\"https:\\\/\\\/joyasyasmin.com\\\/fr\\\/producto\\\/bracelet-coeurs-amour-eternel\\\/\"]}]},{\"@type\":\"ImageObject\",\"inLanguage\":\"fr-FR\",\"@id\":\"https:\\\/\\\/joyasyasmin.com\\\/fr\\\/producto\\\/bracelet-coeurs-amour-eternel\\\/#primaryimage\",\"url\":\"https:\\\/\\\/joyasyasmin.com\\\/wp-content\\\/uploads\\\/2023\\\/11\\\/pulsera-de-corazones-lisos.jpg\",\"contentUrl\":\"https:\\\/\\\/joyasyasmin.com\\\/wp-content\\\/uploads\\\/2023\\\/11\\\/pulsera-de-corazones-lisos.jpg\",\"width\":1000,\"height\":1000,\"caption\":\"Bracelet coeur en argent sterling 925 amour \u00e9ternel \u00e0 vendre\"},{\"@type\":\"BreadcrumbList\",\"@id\":\"https:\\\/\\\/joyasyasmin.com\\\/fr\\\/producto\\\/bracelet-coeurs-amour-eternel\\\/#breadcrumb\",\"itemListElement\":[{\"@type\":\"ListItem\",\"position\":1,\"name\":\"Portada\",\"item\":\"https:\\\/\\\/joyasyasmin.com\\\/fr\\\/domicile\\\/\"},{\"@type\":\"ListItem\",\"position\":2,\"name\":\"Boutique\",\"item\":\"https:\\\/\\\/joyasyasmin.com\\\/fr\\\/boutique\\\/\"},{\"@type\":\"ListItem\",\"position\":3,\"name\":\"Bracelet C\u0153urs Amour \u00c9ternel\"}]},{\"@type\":\"WebSite\",\"@id\":\"https:\\\/\\\/joyasyasmin.com\\\/fr\\\/#website\",\"url\":\"https:\\\/\\\/joyasyasmin.com\\\/fr\\\/\",\"name\":\"Yasmin\",\"description\":\"Joyer\u00eda de Plata 925 - Pendientes, pulseras, anillos, colgantes y m\u00e1s!\",\"publisher\":{\"@id\":\"https:\\\/\\\/joyasyasmin.com\\\/fr\\\/#organization\"},\"potentialAction\":[{\"@type\":\"SearchAction\",\"target\":{\"@type\":\"EntryPoint\",\"urlTemplate\":\"https:\\\/\\\/joyasyasmin.com\\\/fr\\\/?s={search_term_string}\"},\"query-input\":{\"@type\":\"PropertyValueSpecification\",\"valueRequired\":true,\"valueName\":\"search_term_string\"}}],\"inLanguage\":\"fr-FR\"},{\"@type\":\"Organization\",\"@id\":\"https:\\\/\\\/joyasyasmin.com\\\/fr\\\/#organization\",\"name\":\"joyas yasmin\",\"url\":\"https:\\\/\\\/joyasyasmin.com\\\/fr\\\/\",\"logo\":{\"@type\":\"ImageObject\",\"inLanguage\":\"fr-FR\",\"@id\":\"https:\\\/\\\/joyasyasmin.com\\\/fr\\\/#\\\/schema\\\/logo\\\/image\\\/\",\"url\":\"https:\\\/\\\/joyasyasmin.com\\\/wp-content\\\/uploads\\\/2017\\\/06\\\/IMG-20200429-WA0051.jpg\",\"contentUrl\":\"https:\\\/\\\/joyasyasmin.com\\\/wp-content\\\/uploads\\\/2017\\\/06\\\/IMG-20200429-WA0051.jpg\",\"width\":1080,\"height\":545,\"caption\":\"joyas yasmin\"},\"image\":{\"@id\":\"https:\\\/\\\/joyasyasmin.com\\\/fr\\\/#\\\/schema\\\/logo\\\/image\\\/\"},\"sameAs\":[\"https:\\\/\\\/www.facebook.com\\\/Joyas-Yasmin-217664058934169\\\/\",\"https:\\\/\\\/www.instagram.com\\\/invites\\\/contact\\\/\"]}]}<\/script>\n<!-- \/ Yoast SEO plugin. -->","yoast_head_json":{"title":"Bracelet C\u0153urs Amour \u00c9ternel - Yasmin","description":"Le bracelet c\u0153ur d\u2019amour \u00e9ternel est un bijou en argent sterling 925, la largeur du c\u0153ur est de 5 mm et sa longueur est de 17 + 3 cm, design charmant laissez-vous s\u00e9duire.","robots":{"index":"index","follow":"follow","max-snippet":"max-snippet:-1","max-image-preview":"max-image-preview:large","max-video-preview":"max-video-preview:-1"},"canonical":"https:\/\/joyasyasmin.com\/fr\/producto\/bracelet-coeurs-amour-eternel\/","og_locale":"fr_FR","og_title":"Bracelet C\u0153urs Amour \u00c9ternel - Yasmin","og_description":"Le bracelet c\u0153ur d\u2019amour \u00e9ternel est un bijou en argent sterling 925, la largeur du c\u0153ur est de 5 mm et sa longueur est de 17 + 3 cm, design charmant laissez-vous s\u00e9duire.","og_url":"https:\/\/joyasyasmin.com\/fr\/producto\/bracelet-coeurs-amour-eternel\/","og_site_name":"Yasmin","article_publisher":"https:\/\/www.facebook.com\/Joyas-Yasmin-217664058934169\/","article_modified_time":"2025-05-13T11:07:43+00:00","og_image":[{"width":1000,"height":1000,"url":"https:\/\/joyasyasmin.com\/wp-content\/uploads\/2023\/11\/pulsera-de-corazones-lisos.jpg","type":"image\/jpeg"}],"twitter_card":"summary_large_image","schema":{"@context":"https:\/\/schema.org","@graph":[{"@type":["WebPage","ItemPage"],"@id":"https:\/\/joyasyasmin.com\/fr\/producto\/bracelet-coeurs-amour-eternel\/","url":"https:\/\/joyasyasmin.com\/fr\/producto\/bracelet-coeurs-amour-eternel\/","name":"Bracelet C\u0153urs Amour \u00c9ternel - Yasmin","isPartOf":{"@id":"https:\/\/joyasyasmin.com\/fr\/#website"},"primaryImageOfPage":{"@id":"https:\/\/joyasyasmin.com\/fr\/producto\/bracelet-coeurs-amour-eternel\/#primaryimage"},"image":{"@id":"https:\/\/joyasyasmin.com\/fr\/producto\/bracelet-coeurs-amour-eternel\/#primaryimage"},"thumbnailUrl":"https:\/\/joyasyasmin.com\/wp-content\/uploads\/2023\/11\/pulsera-de-corazones-lisos.jpg","datePublished":"2023-11-08T16:31:15+00:00","dateModified":"2025-05-13T11:07:43+00:00","description":"Le bracelet c\u0153ur d\u2019amour \u00e9ternel est un bijou en argent sterling 925, la largeur du c\u0153ur est de 5 mm et sa longueur est de 17 + 3 cm, design charmant laissez-vous s\u00e9duire.","breadcrumb":{"@id":"https:\/\/joyasyasmin.com\/fr\/producto\/bracelet-coeurs-amour-eternel\/#breadcrumb"},"inLanguage":"fr-FR","potentialAction":[{"@type":"ReadAction","target":["https:\/\/joyasyasmin.com\/fr\/producto\/bracelet-coeurs-amour-eternel\/"]}]},{"@type":"ImageObject","inLanguage":"fr-FR","@id":"https:\/\/joyasyasmin.com\/fr\/producto\/bracelet-coeurs-amour-eternel\/#primaryimage","url":"https:\/\/joyasyasmin.com\/wp-content\/uploads\/2023\/11\/pulsera-de-corazones-lisos.jpg","contentUrl":"https:\/\/joyasyasmin.com\/wp-content\/uploads\/2023\/11\/pulsera-de-corazones-lisos.jpg","width":1000,"height":1000,"caption":"Bracelet coeur en argent sterling 925 amour \u00e9ternel \u00e0 vendre"},{"@type":"BreadcrumbList","@id":"https:\/\/joyasyasmin.com\/fr\/producto\/bracelet-coeurs-amour-eternel\/#breadcrumb","itemListElement":[{"@type":"ListItem","position":1,"name":"Portada","item":"https:\/\/joyasyasmin.com\/fr\/domicile\/"},{"@type":"ListItem","position":2,"name":"Boutique","item":"https:\/\/joyasyasmin.com\/fr\/boutique\/"},{"@type":"ListItem","position":3,"name":"Bracelet C\u0153urs Amour \u00c9ternel"}]},{"@type":"WebSite","@id":"https:\/\/joyasyasmin.com\/fr\/#website","url":"https:\/\/joyasyasmin.com\/fr\/","name":"Yasmin","description":"Joyer\u00eda de Plata 925 - Pendientes, pulseras, anillos, colgantes y m\u00e1s!","publisher":{"@id":"https:\/\/joyasyasmin.com\/fr\/#organization"},"potentialAction":[{"@type":"SearchAction","target":{"@type":"EntryPoint","urlTemplate":"https:\/\/joyasyasmin.com\/fr\/?s={search_term_string}"},"query-input":{"@type":"PropertyValueSpecification","valueRequired":true,"valueName":"search_term_string"}}],"inLanguage":"fr-FR"},{"@type":"Organization","@id":"https:\/\/joyasyasmin.com\/fr\/#organization","name":"joyas yasmin","url":"https:\/\/joyasyasmin.com\/fr\/","logo":{"@type":"ImageObject","inLanguage":"fr-FR","@id":"https:\/\/joyasyasmin.com\/fr\/#\/schema\/logo\/image\/","url":"https:\/\/joyasyasmin.com\/wp-content\/uploads\/2017\/06\/IMG-20200429-WA0051.jpg","contentUrl":"https:\/\/joyasyasmin.com\/wp-content\/uploads\/2017\/06\/IMG-20200429-WA0051.jpg","width":1080,"height":545,"caption":"joyas yasmin"},"image":{"@id":"https:\/\/joyasyasmin.com\/fr\/#\/schema\/logo\/image\/"},"sameAs":["https:\/\/www.facebook.com\/Joyas-Yasmin-217664058934169\/","https:\/\/www.instagram.com\/invites\/contact\/"]}]}},"_links":{"self":[{"href":"https:\/\/joyasyasmin.com\/fr\/wp-json\/wp\/v2\/product\/22790","targetHints":{"allow":["GET"]}}],"collection":[{"href":"https:\/\/joyasyasmin.com\/fr\/wp-json\/wp\/v2\/product"}],"about":[{"href":"https:\/\/joyasyasmin.com\/fr\/wp-json\/wp\/v2\/types\/product"}],"replies":[{"embeddable":true,"href":"https:\/\/joyasyasmin.com\/fr\/wp-json\/wp\/v2\/comments?post=22790"}],"version-history":[{"count":1,"href":"https:\/\/joyasyasmin.com\/fr\/wp-json\/wp\/v2\/product\/22790\/revisions"}],"predecessor-version":[{"id":32444,"href":"https:\/\/joyasyasmin.com\/fr\/wp-json\/wp\/v2\/product\/22790\/revisions\/32444"}],"wp:featuredmedia":[{"embeddable":true,"href":"https:\/\/joyasyasmin.com\/fr\/wp-json\/wp\/v2\/media\/22793"}],"wp:attachment":[{"href":"https:\/\/joyasyasmin.com\/fr\/wp-json\/wp\/v2\/media?parent=22790"}],"wp:term":[{"taxonomy":"product_brand","embeddable":true,"href":"https:\/\/joyasyasmin.com\/fr\/wp-json\/wp\/v2\/product_brand?post=22790"},{"taxonomy":"product_cat","embeddable":true,"href":"https:\/\/joyasyasmin.com\/fr\/wp-json\/wp\/v2\/product_cat?post=22790"},{"taxonomy":"product_tag","embeddable":true,"href":"https:\/\/joyasyasmin.com\/fr\/wp-json\/wp\/v2\/product_tag?post=22790"}],"curies":[{"name":"wp","href":"https:\/\/api.w.org\/{rel}","templated":true}]}}