{"id":22977,"date":"2024-01-10T16:24:14","date_gmt":"2024-01-10T16:24:14","guid":{"rendered":"https:\/\/joyasyasmin.com\/producto\/sceau-de-chevalier-de-lelegance\/"},"modified":"2025-05-13T11:09:09","modified_gmt":"2025-05-13T11:09:09","slug":"sceau-de-chevalier-de-lelegance","status":"publish","type":"product","link":"https:\/\/joyasyasmin.com\/fr\/producto\/sceau-de-chevalier-de-lelegance\/","title":{"rendered":"Sceau de Chevalier de l\u2019El\u00e9gance"},"content":{"rendered":"","protected":false},"excerpt":{"rendered":"<p>Voici notre exquis sceau d\u2019\u00e9l\u00e9gance en argent sterling 925 avec timbre carr\u00e9, une pi\u00e8ce intemporelle con\u00e7ue pour les messieurs et les femmes qui appr\u00e9cient la sophistication. Fabriqu\u00e9e \u00e0 partir de l\u2019argent sterling le plus fin, cette bague pr\u00e9sente un motif de sceau carr\u00e9 avec des sculptures complexes de chaque c\u00f4t\u00e9, ajoutant une touche d\u2019unicit\u00e9 et d\u2019\u00e9l\u00e9gance. <\/p>\n<p>La largeur en haut mesure 1 cm, ce qui offre une d\u00e9claration \u00e0 la fois audacieuse et raffin\u00e9e. Id\u00e9ale pour diverses occasions, cette pi\u00e8ce polyvalente compl\u00e8te les styles formels et informels, devenant un accessoire indispensable de toute collection de bijoux. <\/p>\n","protected":false},"featured_media":22999,"comment_status":"open","ping_status":"closed","template":"","meta":{"_acf_changed":false,"_joinchat":[]},"product_brand":[],"product_cat":[1898],"product_tag":[2669,2668,2670],"class_list":{"0":"post-22977","1":"product","2":"type-product","3":"status-publish","4":"has-post-thumbnail","6":"product_cat-collection-homme","7":"product_tag-bagues-en-argent-pour-homme","8":"product_tag-sceau-de-chevalier-de-lelegance","9":"product_tag-tampons-pour-hommes","11":"first","12":"instock","13":"shipping-taxable","14":"purchasable","15":"product-type-variable"},"acf":[],"yoast_head":"<!-- This site is optimized with the Yoast SEO plugin v27.3 - https:\/\/yoast.com\/product\/yoast-seo-wordpress\/ -->\n<title>Sceau de Chevalier de l\u2019El\u00e9gance - Yasmin<\/title>\n<meta name=\"description\" content=\"Le timbre Caballero de la Elegancia est un bijou en argent sterling 925, son design d\u00fb \u00e0 sa taille est id\u00e9al pour les hommes et les femmes, vous pouvez \u00e9galement le personnaliser.\" \/>\n<meta name=\"robots\" content=\"index, follow, max-snippet:-1, max-image-preview:large, max-video-preview:-1\" \/>\n<link rel=\"canonical\" href=\"https:\/\/joyasyasmin.com\/fr\/producto\/sceau-de-chevalier-de-lelegance\/\" \/>\n<meta property=\"og:locale\" content=\"fr_FR\" \/>\n<meta property=\"og:title\" content=\"Sceau de Chevalier de l\u2019El\u00e9gance - Yasmin\" \/>\n<meta property=\"og:description\" content=\"Le timbre Caballero de la Elegancia est un bijou en argent sterling 925, son design d\u00fb \u00e0 sa taille est id\u00e9al pour les hommes et les femmes, vous pouvez \u00e9galement le personnaliser.\" \/>\n<meta property=\"og:url\" content=\"https:\/\/joyasyasmin.com\/fr\/producto\/sceau-de-chevalier-de-lelegance\/\" \/>\n<meta property=\"og:site_name\" content=\"Yasmin\" \/>\n<meta property=\"article:publisher\" content=\"https:\/\/www.facebook.com\/Joyas-Yasmin-217664058934169\/\" \/>\n<meta property=\"article:modified_time\" content=\"2025-05-13T11:09:09+00:00\" \/>\n<meta property=\"og:image\" content=\"https:\/\/joyasyasmin.com\/wp-content\/uploads\/2024\/01\/sello-de-plata-diseno-incrustado.jpg\" \/>\n\t<meta property=\"og:image:width\" content=\"1000\" \/>\n\t<meta property=\"og:image:height\" content=\"1000\" \/>\n\t<meta property=\"og:image:type\" content=\"image\/jpeg\" \/>\n<meta name=\"twitter:card\" content=\"summary_large_image\" \/>\n<script type=\"application\/ld+json\" class=\"yoast-schema-graph\">{\"@context\":\"https:\\\/\\\/schema.org\",\"@graph\":[{\"@type\":[\"WebPage\",\"ItemPage\"],\"@id\":\"https:\\\/\\\/joyasyasmin.com\\\/fr\\\/producto\\\/sceau-de-chevalier-de-lelegance\\\/\",\"url\":\"https:\\\/\\\/joyasyasmin.com\\\/fr\\\/producto\\\/sceau-de-chevalier-de-lelegance\\\/\",\"name\":\"Sceau de Chevalier de l\u2019El\u00e9gance - Yasmin\",\"isPartOf\":{\"@id\":\"https:\\\/\\\/joyasyasmin.com\\\/fr\\\/#website\"},\"primaryImageOfPage\":{\"@id\":\"https:\\\/\\\/joyasyasmin.com\\\/fr\\\/producto\\\/sceau-de-chevalier-de-lelegance\\\/#primaryimage\"},\"image\":{\"@id\":\"https:\\\/\\\/joyasyasmin.com\\\/fr\\\/producto\\\/sceau-de-chevalier-de-lelegance\\\/#primaryimage\"},\"thumbnailUrl\":\"https:\\\/\\\/joyasyasmin.com\\\/wp-content\\\/uploads\\\/2024\\\/01\\\/sello-de-plata-diseno-incrustado.jpg\",\"datePublished\":\"2024-01-10T16:24:14+00:00\",\"dateModified\":\"2025-05-13T11:09:09+00:00\",\"description\":\"Le timbre Caballero de la Elegancia est un bijou en argent sterling 925, son design d\u00fb \u00e0 sa taille est id\u00e9al pour les hommes et les femmes, vous pouvez \u00e9galement le personnaliser.\",\"breadcrumb\":{\"@id\":\"https:\\\/\\\/joyasyasmin.com\\\/fr\\\/producto\\\/sceau-de-chevalier-de-lelegance\\\/#breadcrumb\"},\"inLanguage\":\"fr-FR\",\"potentialAction\":[{\"@type\":\"ReadAction\",\"target\":[\"https:\\\/\\\/joyasyasmin.com\\\/fr\\\/producto\\\/sceau-de-chevalier-de-lelegance\\\/\"]}]},{\"@type\":\"ImageObject\",\"inLanguage\":\"fr-FR\",\"@id\":\"https:\\\/\\\/joyasyasmin.com\\\/fr\\\/producto\\\/sceau-de-chevalier-de-lelegance\\\/#primaryimage\",\"url\":\"https:\\\/\\\/joyasyasmin.com\\\/wp-content\\\/uploads\\\/2024\\\/01\\\/sello-de-plata-diseno-incrustado.jpg\",\"contentUrl\":\"https:\\\/\\\/joyasyasmin.com\\\/wp-content\\\/uploads\\\/2024\\\/01\\\/sello-de-plata-diseno-incrustado.jpg\",\"width\":1000,\"height\":1000},{\"@type\":\"BreadcrumbList\",\"@id\":\"https:\\\/\\\/joyasyasmin.com\\\/fr\\\/producto\\\/sceau-de-chevalier-de-lelegance\\\/#breadcrumb\",\"itemListElement\":[{\"@type\":\"ListItem\",\"position\":1,\"name\":\"Portada\",\"item\":\"https:\\\/\\\/joyasyasmin.com\\\/fr\\\/domicile\\\/\"},{\"@type\":\"ListItem\",\"position\":2,\"name\":\"Boutique\",\"item\":\"https:\\\/\\\/joyasyasmin.com\\\/fr\\\/boutique\\\/\"},{\"@type\":\"ListItem\",\"position\":3,\"name\":\"Sceau de Chevalier de l\u2019El\u00e9gance\"}]},{\"@type\":\"WebSite\",\"@id\":\"https:\\\/\\\/joyasyasmin.com\\\/fr\\\/#website\",\"url\":\"https:\\\/\\\/joyasyasmin.com\\\/fr\\\/\",\"name\":\"Yasmin\",\"description\":\"Joyer\u00eda de Plata 925 - Pendientes, pulseras, anillos, colgantes y m\u00e1s!\",\"publisher\":{\"@id\":\"https:\\\/\\\/joyasyasmin.com\\\/fr\\\/#organization\"},\"potentialAction\":[{\"@type\":\"SearchAction\",\"target\":{\"@type\":\"EntryPoint\",\"urlTemplate\":\"https:\\\/\\\/joyasyasmin.com\\\/fr\\\/?s={search_term_string}\"},\"query-input\":{\"@type\":\"PropertyValueSpecification\",\"valueRequired\":true,\"valueName\":\"search_term_string\"}}],\"inLanguage\":\"fr-FR\"},{\"@type\":\"Organization\",\"@id\":\"https:\\\/\\\/joyasyasmin.com\\\/fr\\\/#organization\",\"name\":\"joyas yasmin\",\"url\":\"https:\\\/\\\/joyasyasmin.com\\\/fr\\\/\",\"logo\":{\"@type\":\"ImageObject\",\"inLanguage\":\"fr-FR\",\"@id\":\"https:\\\/\\\/joyasyasmin.com\\\/fr\\\/#\\\/schema\\\/logo\\\/image\\\/\",\"url\":\"https:\\\/\\\/joyasyasmin.com\\\/wp-content\\\/uploads\\\/2017\\\/06\\\/IMG-20200429-WA0051.jpg\",\"contentUrl\":\"https:\\\/\\\/joyasyasmin.com\\\/wp-content\\\/uploads\\\/2017\\\/06\\\/IMG-20200429-WA0051.jpg\",\"width\":1080,\"height\":545,\"caption\":\"joyas yasmin\"},\"image\":{\"@id\":\"https:\\\/\\\/joyasyasmin.com\\\/fr\\\/#\\\/schema\\\/logo\\\/image\\\/\"},\"sameAs\":[\"https:\\\/\\\/www.facebook.com\\\/Joyas-Yasmin-217664058934169\\\/\",\"https:\\\/\\\/www.instagram.com\\\/invites\\\/contact\\\/\"]}]}<\/script>\n<!-- \/ Yoast SEO plugin. -->","yoast_head_json":{"title":"Sceau de Chevalier de l\u2019El\u00e9gance - Yasmin","description":"Le timbre Caballero de la Elegancia est un bijou en argent sterling 925, son design d\u00fb \u00e0 sa taille est id\u00e9al pour les hommes et les femmes, vous pouvez \u00e9galement le personnaliser.","robots":{"index":"index","follow":"follow","max-snippet":"max-snippet:-1","max-image-preview":"max-image-preview:large","max-video-preview":"max-video-preview:-1"},"canonical":"https:\/\/joyasyasmin.com\/fr\/producto\/sceau-de-chevalier-de-lelegance\/","og_locale":"fr_FR","og_title":"Sceau de Chevalier de l\u2019El\u00e9gance - Yasmin","og_description":"Le timbre Caballero de la Elegancia est un bijou en argent sterling 925, son design d\u00fb \u00e0 sa taille est id\u00e9al pour les hommes et les femmes, vous pouvez \u00e9galement le personnaliser.","og_url":"https:\/\/joyasyasmin.com\/fr\/producto\/sceau-de-chevalier-de-lelegance\/","og_site_name":"Yasmin","article_publisher":"https:\/\/www.facebook.com\/Joyas-Yasmin-217664058934169\/","article_modified_time":"2025-05-13T11:09:09+00:00","og_image":[{"width":1000,"height":1000,"url":"https:\/\/joyasyasmin.com\/wp-content\/uploads\/2024\/01\/sello-de-plata-diseno-incrustado.jpg","type":"image\/jpeg"}],"twitter_card":"summary_large_image","schema":{"@context":"https:\/\/schema.org","@graph":[{"@type":["WebPage","ItemPage"],"@id":"https:\/\/joyasyasmin.com\/fr\/producto\/sceau-de-chevalier-de-lelegance\/","url":"https:\/\/joyasyasmin.com\/fr\/producto\/sceau-de-chevalier-de-lelegance\/","name":"Sceau de Chevalier de l\u2019El\u00e9gance - Yasmin","isPartOf":{"@id":"https:\/\/joyasyasmin.com\/fr\/#website"},"primaryImageOfPage":{"@id":"https:\/\/joyasyasmin.com\/fr\/producto\/sceau-de-chevalier-de-lelegance\/#primaryimage"},"image":{"@id":"https:\/\/joyasyasmin.com\/fr\/producto\/sceau-de-chevalier-de-lelegance\/#primaryimage"},"thumbnailUrl":"https:\/\/joyasyasmin.com\/wp-content\/uploads\/2024\/01\/sello-de-plata-diseno-incrustado.jpg","datePublished":"2024-01-10T16:24:14+00:00","dateModified":"2025-05-13T11:09:09+00:00","description":"Le timbre Caballero de la Elegancia est un bijou en argent sterling 925, son design d\u00fb \u00e0 sa taille est id\u00e9al pour les hommes et les femmes, vous pouvez \u00e9galement le personnaliser.","breadcrumb":{"@id":"https:\/\/joyasyasmin.com\/fr\/producto\/sceau-de-chevalier-de-lelegance\/#breadcrumb"},"inLanguage":"fr-FR","potentialAction":[{"@type":"ReadAction","target":["https:\/\/joyasyasmin.com\/fr\/producto\/sceau-de-chevalier-de-lelegance\/"]}]},{"@type":"ImageObject","inLanguage":"fr-FR","@id":"https:\/\/joyasyasmin.com\/fr\/producto\/sceau-de-chevalier-de-lelegance\/#primaryimage","url":"https:\/\/joyasyasmin.com\/wp-content\/uploads\/2024\/01\/sello-de-plata-diseno-incrustado.jpg","contentUrl":"https:\/\/joyasyasmin.com\/wp-content\/uploads\/2024\/01\/sello-de-plata-diseno-incrustado.jpg","width":1000,"height":1000},{"@type":"BreadcrumbList","@id":"https:\/\/joyasyasmin.com\/fr\/producto\/sceau-de-chevalier-de-lelegance\/#breadcrumb","itemListElement":[{"@type":"ListItem","position":1,"name":"Portada","item":"https:\/\/joyasyasmin.com\/fr\/domicile\/"},{"@type":"ListItem","position":2,"name":"Boutique","item":"https:\/\/joyasyasmin.com\/fr\/boutique\/"},{"@type":"ListItem","position":3,"name":"Sceau de Chevalier de l\u2019El\u00e9gance"}]},{"@type":"WebSite","@id":"https:\/\/joyasyasmin.com\/fr\/#website","url":"https:\/\/joyasyasmin.com\/fr\/","name":"Yasmin","description":"Joyer\u00eda de Plata 925 - Pendientes, pulseras, anillos, colgantes y m\u00e1s!","publisher":{"@id":"https:\/\/joyasyasmin.com\/fr\/#organization"},"potentialAction":[{"@type":"SearchAction","target":{"@type":"EntryPoint","urlTemplate":"https:\/\/joyasyasmin.com\/fr\/?s={search_term_string}"},"query-input":{"@type":"PropertyValueSpecification","valueRequired":true,"valueName":"search_term_string"}}],"inLanguage":"fr-FR"},{"@type":"Organization","@id":"https:\/\/joyasyasmin.com\/fr\/#organization","name":"joyas yasmin","url":"https:\/\/joyasyasmin.com\/fr\/","logo":{"@type":"ImageObject","inLanguage":"fr-FR","@id":"https:\/\/joyasyasmin.com\/fr\/#\/schema\/logo\/image\/","url":"https:\/\/joyasyasmin.com\/wp-content\/uploads\/2017\/06\/IMG-20200429-WA0051.jpg","contentUrl":"https:\/\/joyasyasmin.com\/wp-content\/uploads\/2017\/06\/IMG-20200429-WA0051.jpg","width":1080,"height":545,"caption":"joyas yasmin"},"image":{"@id":"https:\/\/joyasyasmin.com\/fr\/#\/schema\/logo\/image\/"},"sameAs":["https:\/\/www.facebook.com\/Joyas-Yasmin-217664058934169\/","https:\/\/www.instagram.com\/invites\/contact\/"]}]}},"_links":{"self":[{"href":"https:\/\/joyasyasmin.com\/fr\/wp-json\/wp\/v2\/product\/22977","targetHints":{"allow":["GET"]}}],"collection":[{"href":"https:\/\/joyasyasmin.com\/fr\/wp-json\/wp\/v2\/product"}],"about":[{"href":"https:\/\/joyasyasmin.com\/fr\/wp-json\/wp\/v2\/types\/product"}],"replies":[{"embeddable":true,"href":"https:\/\/joyasyasmin.com\/fr\/wp-json\/wp\/v2\/comments?post=22977"}],"version-history":[{"count":1,"href":"https:\/\/joyasyasmin.com\/fr\/wp-json\/wp\/v2\/product\/22977\/revisions"}],"predecessor-version":[{"id":32500,"href":"https:\/\/joyasyasmin.com\/fr\/wp-json\/wp\/v2\/product\/22977\/revisions\/32500"}],"wp:featuredmedia":[{"embeddable":true,"href":"https:\/\/joyasyasmin.com\/fr\/wp-json\/wp\/v2\/media\/22999"}],"wp:attachment":[{"href":"https:\/\/joyasyasmin.com\/fr\/wp-json\/wp\/v2\/media?parent=22977"}],"wp:term":[{"taxonomy":"product_brand","embeddable":true,"href":"https:\/\/joyasyasmin.com\/fr\/wp-json\/wp\/v2\/product_brand?post=22977"},{"taxonomy":"product_cat","embeddable":true,"href":"https:\/\/joyasyasmin.com\/fr\/wp-json\/wp\/v2\/product_cat?post=22977"},{"taxonomy":"product_tag","embeddable":true,"href":"https:\/\/joyasyasmin.com\/fr\/wp-json\/wp\/v2\/product_tag?post=22977"}],"curies":[{"name":"wp","href":"https:\/\/api.w.org\/{rel}","templated":true}]}}