{"id":23245,"date":"2023-01-31T19:51:05","date_gmt":"2023-01-31T19:51:05","guid":{"rendered":"https:\/\/joyasyasmin.com\/producto\/bracelet-a-maillons-de-lile\/"},"modified":"2025-11-10T11:43:56","modified_gmt":"2025-11-10T11:43:56","slug":"bracelet-a-maillons-de-lile","status":"publish","type":"product","link":"https:\/\/joyasyasmin.com\/fr\/producto\/bracelet-a-maillons-de-lile\/","title":{"rendered":"Bracelet \u00e0 maillons de l\u2019\u00eele"},"content":{"rendered":"","protected":false},"excerpt":{"rendered":"<p>Le bracelet \u00e0 maillons de l\u2019\u00eele est un bijou en argent sterling 925, il va avec du rhodium qui est un bain, ce qui lui donne l\u2019\u00e9clat et la finition comme s\u2019il s\u2019agissait d\u2019or blanc, son design de maillons assembl\u00e9s, certains avec de la zircone et d\u2019autres lisses de 6 mm de large et au centre, il a un lien de 5 mm de large avec de la zircone et au centre un design avec un autre type de zircon,  La longueur du bracelet est de 18 cm et le fermoir est id\u00e9al pour le poser sur le maillon qui vous convient le mieux, cet accessoire est super beau et vous allez l\u2019adorer, dans les bo\u00eetes qui vont nos produits sont fabriqu\u00e9s en mati\u00e8re recycl\u00e9e aidant l\u2019environnement.<\/p>\n","protected":false},"featured_media":23250,"comment_status":"open","ping_status":"closed","template":"","meta":{"_acf_changed":false,"_joinchat":[]},"product_brand":[],"product_cat":[1790],"product_tag":[2784,2785,1931],"class_list":{"0":"post-23245","1":"product","2":"type-product","3":"status-publish","4":"has-post-thumbnail","6":"product_cat-bracelets","7":"product_tag-bracelet-a-maillons-de-lile","8":"product_tag-bracelet-avec-maillons-en-argent-et-zircone","9":"product_tag-nouvelle-collection","11":"first","12":"instock","13":"shipping-taxable","14":"purchasable","15":"product-type-simple"},"acf":[],"yoast_head":"<!-- This site is optimized with the Yoast SEO plugin v27.2 - https:\/\/yoast.com\/product\/yoast-seo-wordpress\/ -->\n<title>Bracelet \u00e0 maillons de l\u2019\u00eele - Yasmin<\/title>\n<meta name=\"description\" content=\"Le bracelet \u00e0 maillons Island est un bijou en argent sterling 925 qui apportera \u00e9l\u00e9gance et style \u00e0 votre look, son design de maillons avec zircone et uni le rend diff\u00e9rent.\" \/>\n<meta name=\"robots\" content=\"index, follow, max-snippet:-1, max-image-preview:large, max-video-preview:-1\" \/>\n<link rel=\"canonical\" href=\"https:\/\/joyasyasmin.com\/fr\/producto\/bracelet-a-maillons-de-lile\/\" \/>\n<meta property=\"og:locale\" content=\"fr_FR\" \/>\n<meta property=\"og:title\" content=\"Bracelet \u00e0 maillons de l\u2019\u00eele - Yasmin\" \/>\n<meta property=\"og:description\" content=\"Le bracelet \u00e0 maillons Island est un bijou en argent sterling 925 qui apportera \u00e9l\u00e9gance et style \u00e0 votre look, son design de maillons avec zircone et uni le rend diff\u00e9rent.\" \/>\n<meta property=\"og:url\" content=\"https:\/\/joyasyasmin.com\/fr\/producto\/bracelet-a-maillons-de-lile\/\" \/>\n<meta property=\"og:site_name\" content=\"Yasmin\" \/>\n<meta property=\"article:publisher\" content=\"https:\/\/www.facebook.com\/Joyas-Yasmin-217664058934169\/\" \/>\n<meta property=\"article:modified_time\" content=\"2025-11-10T11:43:56+00:00\" \/>\n<meta property=\"og:image\" content=\"https:\/\/joyasyasmin.com\/wp-content\/uploads\/2023\/01\/pulsera-island-circonita-plata.jpg\" \/>\n\t<meta property=\"og:image:width\" content=\"1000\" \/>\n\t<meta property=\"og:image:height\" content=\"1000\" \/>\n\t<meta property=\"og:image:type\" content=\"image\/jpeg\" \/>\n<meta name=\"twitter:card\" content=\"summary_large_image\" \/>\n<script type=\"application\/ld+json\" class=\"yoast-schema-graph\">{\"@context\":\"https:\/\/schema.org\",\"@graph\":[{\"@type\":[\"WebPage\",\"ItemPage\"],\"@id\":\"https:\/\/joyasyasmin.com\/fr\/producto\/bracelet-a-maillons-de-lile\/\",\"url\":\"https:\/\/joyasyasmin.com\/fr\/producto\/bracelet-a-maillons-de-lile\/\",\"name\":\"Bracelet \u00e0 maillons de l\u2019\u00eele - Yasmin\",\"isPartOf\":{\"@id\":\"https:\/\/joyasyasmin.com\/fr\/#website\"},\"primaryImageOfPage\":{\"@id\":\"https:\/\/joyasyasmin.com\/fr\/producto\/bracelet-a-maillons-de-lile\/#primaryimage\"},\"image\":{\"@id\":\"https:\/\/joyasyasmin.com\/fr\/producto\/bracelet-a-maillons-de-lile\/#primaryimage\"},\"thumbnailUrl\":\"https:\/\/joyasyasmin.com\/wp-content\/uploads\/2023\/01\/pulsera-island-circonita-plata.jpg\",\"datePublished\":\"2023-01-31T19:51:05+00:00\",\"dateModified\":\"2025-11-10T11:43:56+00:00\",\"description\":\"Le bracelet \u00e0 maillons Island est un bijou en argent sterling 925 qui apportera \u00e9l\u00e9gance et style \u00e0 votre look, son design de maillons avec zircone et uni le rend diff\u00e9rent.\",\"breadcrumb\":{\"@id\":\"https:\/\/joyasyasmin.com\/fr\/producto\/bracelet-a-maillons-de-lile\/#breadcrumb\"},\"inLanguage\":\"fr-FR\",\"potentialAction\":[{\"@type\":\"ReadAction\",\"target\":[\"https:\/\/joyasyasmin.com\/fr\/producto\/bracelet-a-maillons-de-lile\/\"]}]},{\"@type\":\"ImageObject\",\"inLanguage\":\"fr-FR\",\"@id\":\"https:\/\/joyasyasmin.com\/fr\/producto\/bracelet-a-maillons-de-lile\/#primaryimage\",\"url\":\"https:\/\/joyasyasmin.com\/wp-content\/uploads\/2023\/01\/pulsera-island-circonita-plata.jpg\",\"contentUrl\":\"https:\/\/joyasyasmin.com\/wp-content\/uploads\/2023\/01\/pulsera-island-circonita-plata.jpg\",\"width\":1000,\"height\":1000,\"caption\":\"Vente Island Zirconia Bracelet en argent sterling 925 avec zircone\"},{\"@type\":\"BreadcrumbList\",\"@id\":\"https:\/\/joyasyasmin.com\/fr\/producto\/bracelet-a-maillons-de-lile\/#breadcrumb\",\"itemListElement\":[{\"@type\":\"ListItem\",\"position\":1,\"name\":\"Portada\",\"item\":\"https:\/\/joyasyasmin.com\/fr\/domicile\/\"},{\"@type\":\"ListItem\",\"position\":2,\"name\":\"Boutique\",\"item\":\"https:\/\/joyasyasmin.com\/fr\/boutique\/\"},{\"@type\":\"ListItem\",\"position\":3,\"name\":\"Bracelet \u00e0 maillons de l\u2019\u00eele\"}]},{\"@type\":\"WebSite\",\"@id\":\"https:\/\/joyasyasmin.com\/fr\/#website\",\"url\":\"https:\/\/joyasyasmin.com\/fr\/\",\"name\":\"Yasmin\",\"description\":\"Joyer\u00eda de Plata 925 - Pendientes, pulseras, anillos, colgantes y m\u00e1s!\",\"publisher\":{\"@id\":\"https:\/\/joyasyasmin.com\/fr\/#organization\"},\"potentialAction\":[{\"@type\":\"SearchAction\",\"target\":{\"@type\":\"EntryPoint\",\"urlTemplate\":\"https:\/\/joyasyasmin.com\/fr\/?s={search_term_string}\"},\"query-input\":{\"@type\":\"PropertyValueSpecification\",\"valueRequired\":true,\"valueName\":\"search_term_string\"}}],\"inLanguage\":\"fr-FR\"},{\"@type\":\"Organization\",\"@id\":\"https:\/\/joyasyasmin.com\/fr\/#organization\",\"name\":\"joyas yasmin\",\"url\":\"https:\/\/joyasyasmin.com\/fr\/\",\"logo\":{\"@type\":\"ImageObject\",\"inLanguage\":\"fr-FR\",\"@id\":\"https:\/\/joyasyasmin.com\/fr\/#\/schema\/logo\/image\/\",\"url\":\"https:\/\/joyasyasmin.com\/wp-content\/uploads\/2017\/06\/IMG-20200429-WA0051.jpg\",\"contentUrl\":\"https:\/\/joyasyasmin.com\/wp-content\/uploads\/2017\/06\/IMG-20200429-WA0051.jpg\",\"width\":1080,\"height\":545,\"caption\":\"joyas yasmin\"},\"image\":{\"@id\":\"https:\/\/joyasyasmin.com\/fr\/#\/schema\/logo\/image\/\"},\"sameAs\":[\"https:\/\/www.facebook.com\/Joyas-Yasmin-217664058934169\/\",\"https:\/\/www.instagram.com\/invites\/contact\/\"]}]}<\/script>\n<!-- \/ Yoast SEO plugin. -->","yoast_head_json":{"title":"Bracelet \u00e0 maillons de l\u2019\u00eele - Yasmin","description":"Le bracelet \u00e0 maillons Island est un bijou en argent sterling 925 qui apportera \u00e9l\u00e9gance et style \u00e0 votre look, son design de maillons avec zircone et uni le rend diff\u00e9rent.","robots":{"index":"index","follow":"follow","max-snippet":"max-snippet:-1","max-image-preview":"max-image-preview:large","max-video-preview":"max-video-preview:-1"},"canonical":"https:\/\/joyasyasmin.com\/fr\/producto\/bracelet-a-maillons-de-lile\/","og_locale":"fr_FR","og_title":"Bracelet \u00e0 maillons de l\u2019\u00eele - Yasmin","og_description":"Le bracelet \u00e0 maillons Island est un bijou en argent sterling 925 qui apportera \u00e9l\u00e9gance et style \u00e0 votre look, son design de maillons avec zircone et uni le rend diff\u00e9rent.","og_url":"https:\/\/joyasyasmin.com\/fr\/producto\/bracelet-a-maillons-de-lile\/","og_site_name":"Yasmin","article_publisher":"https:\/\/www.facebook.com\/Joyas-Yasmin-217664058934169\/","article_modified_time":"2025-11-10T11:43:56+00:00","og_image":[{"width":1000,"height":1000,"url":"https:\/\/joyasyasmin.com\/wp-content\/uploads\/2023\/01\/pulsera-island-circonita-plata.jpg","type":"image\/jpeg"}],"twitter_card":"summary_large_image","schema":{"@context":"https:\/\/schema.org","@graph":[{"@type":["WebPage","ItemPage"],"@id":"https:\/\/joyasyasmin.com\/fr\/producto\/bracelet-a-maillons-de-lile\/","url":"https:\/\/joyasyasmin.com\/fr\/producto\/bracelet-a-maillons-de-lile\/","name":"Bracelet \u00e0 maillons de l\u2019\u00eele - Yasmin","isPartOf":{"@id":"https:\/\/joyasyasmin.com\/fr\/#website"},"primaryImageOfPage":{"@id":"https:\/\/joyasyasmin.com\/fr\/producto\/bracelet-a-maillons-de-lile\/#primaryimage"},"image":{"@id":"https:\/\/joyasyasmin.com\/fr\/producto\/bracelet-a-maillons-de-lile\/#primaryimage"},"thumbnailUrl":"https:\/\/joyasyasmin.com\/wp-content\/uploads\/2023\/01\/pulsera-island-circonita-plata.jpg","datePublished":"2023-01-31T19:51:05+00:00","dateModified":"2025-11-10T11:43:56+00:00","description":"Le bracelet \u00e0 maillons Island est un bijou en argent sterling 925 qui apportera \u00e9l\u00e9gance et style \u00e0 votre look, son design de maillons avec zircone et uni le rend diff\u00e9rent.","breadcrumb":{"@id":"https:\/\/joyasyasmin.com\/fr\/producto\/bracelet-a-maillons-de-lile\/#breadcrumb"},"inLanguage":"fr-FR","potentialAction":[{"@type":"ReadAction","target":["https:\/\/joyasyasmin.com\/fr\/producto\/bracelet-a-maillons-de-lile\/"]}]},{"@type":"ImageObject","inLanguage":"fr-FR","@id":"https:\/\/joyasyasmin.com\/fr\/producto\/bracelet-a-maillons-de-lile\/#primaryimage","url":"https:\/\/joyasyasmin.com\/wp-content\/uploads\/2023\/01\/pulsera-island-circonita-plata.jpg","contentUrl":"https:\/\/joyasyasmin.com\/wp-content\/uploads\/2023\/01\/pulsera-island-circonita-plata.jpg","width":1000,"height":1000,"caption":"Vente Island Zirconia Bracelet en argent sterling 925 avec zircone"},{"@type":"BreadcrumbList","@id":"https:\/\/joyasyasmin.com\/fr\/producto\/bracelet-a-maillons-de-lile\/#breadcrumb","itemListElement":[{"@type":"ListItem","position":1,"name":"Portada","item":"https:\/\/joyasyasmin.com\/fr\/domicile\/"},{"@type":"ListItem","position":2,"name":"Boutique","item":"https:\/\/joyasyasmin.com\/fr\/boutique\/"},{"@type":"ListItem","position":3,"name":"Bracelet \u00e0 maillons de l\u2019\u00eele"}]},{"@type":"WebSite","@id":"https:\/\/joyasyasmin.com\/fr\/#website","url":"https:\/\/joyasyasmin.com\/fr\/","name":"Yasmin","description":"Joyer\u00eda de Plata 925 - Pendientes, pulseras, anillos, colgantes y m\u00e1s!","publisher":{"@id":"https:\/\/joyasyasmin.com\/fr\/#organization"},"potentialAction":[{"@type":"SearchAction","target":{"@type":"EntryPoint","urlTemplate":"https:\/\/joyasyasmin.com\/fr\/?s={search_term_string}"},"query-input":{"@type":"PropertyValueSpecification","valueRequired":true,"valueName":"search_term_string"}}],"inLanguage":"fr-FR"},{"@type":"Organization","@id":"https:\/\/joyasyasmin.com\/fr\/#organization","name":"joyas yasmin","url":"https:\/\/joyasyasmin.com\/fr\/","logo":{"@type":"ImageObject","inLanguage":"fr-FR","@id":"https:\/\/joyasyasmin.com\/fr\/#\/schema\/logo\/image\/","url":"https:\/\/joyasyasmin.com\/wp-content\/uploads\/2017\/06\/IMG-20200429-WA0051.jpg","contentUrl":"https:\/\/joyasyasmin.com\/wp-content\/uploads\/2017\/06\/IMG-20200429-WA0051.jpg","width":1080,"height":545,"caption":"joyas yasmin"},"image":{"@id":"https:\/\/joyasyasmin.com\/fr\/#\/schema\/logo\/image\/"},"sameAs":["https:\/\/www.facebook.com\/Joyas-Yasmin-217664058934169\/","https:\/\/www.instagram.com\/invites\/contact\/"]}]}},"_links":{"self":[{"href":"https:\/\/joyasyasmin.com\/fr\/wp-json\/wp\/v2\/product\/23245","targetHints":{"allow":["GET"]}}],"collection":[{"href":"https:\/\/joyasyasmin.com\/fr\/wp-json\/wp\/v2\/product"}],"about":[{"href":"https:\/\/joyasyasmin.com\/fr\/wp-json\/wp\/v2\/types\/product"}],"replies":[{"embeddable":true,"href":"https:\/\/joyasyasmin.com\/fr\/wp-json\/wp\/v2\/comments?post=23245"}],"version-history":[{"count":1,"href":"https:\/\/joyasyasmin.com\/fr\/wp-json\/wp\/v2\/product\/23245\/revisions"}],"predecessor-version":[{"id":35935,"href":"https:\/\/joyasyasmin.com\/fr\/wp-json\/wp\/v2\/product\/23245\/revisions\/35935"}],"wp:featuredmedia":[{"embeddable":true,"href":"https:\/\/joyasyasmin.com\/fr\/wp-json\/wp\/v2\/media\/23250"}],"wp:attachment":[{"href":"https:\/\/joyasyasmin.com\/fr\/wp-json\/wp\/v2\/media?parent=23245"}],"wp:term":[{"taxonomy":"product_brand","embeddable":true,"href":"https:\/\/joyasyasmin.com\/fr\/wp-json\/wp\/v2\/product_brand?post=23245"},{"taxonomy":"product_cat","embeddable":true,"href":"https:\/\/joyasyasmin.com\/fr\/wp-json\/wp\/v2\/product_cat?post=23245"},{"taxonomy":"product_tag","embeddable":true,"href":"https:\/\/joyasyasmin.com\/fr\/wp-json\/wp\/v2\/product_tag?post=23245"}],"curies":[{"name":"wp","href":"https:\/\/api.w.org\/{rel}","templated":true}]}}