{"id":23607,"date":"2023-03-23T12:34:56","date_gmt":"2023-03-23T12:34:56","guid":{"rendered":"https:\/\/joyasyasmin.com\/producto\/chapelets-avec-pierre\/"},"modified":"2025-05-13T11:07:04","modified_gmt":"2025-05-13T11:07:04","slug":"chapelets-avec-pierre","status":"publish","type":"product","link":"https:\/\/joyasyasmin.com\/fr\/producto\/chapelets-avec-pierre\/","title":{"rendered":"Chapelets avec pierre"},"content":{"rendered":"","protected":false},"excerpt":{"rendered":"<p>Chapelets avec pierre, con\u00e7u avec une pierre de 3mm et sa longueur de 50 cm + 8cm de la m\u00e9daille \u00e0 la croix, cet accessoire est en argent sterling 925, il a un fermoir au milieu, nous avons ce design avec des pierres de diff\u00e9rentes couleurs et aussi uniquement en noir, vous pouvez le porter seul ou le combiner avec d\u2019autres colliers,  Dans la bo\u00eete qui va nos produits sont fabriqu\u00e9s \u00e0 partir de mat\u00e9riaux recycl\u00e9s.<\/p>\n","protected":false},"featured_media":23613,"comment_status":"open","ping_status":"closed","template":"","meta":{"_acf_changed":false,"_joinchat":[]},"product_brand":[],"product_cat":[1819],"product_tag":[2934,2935,2174],"class_list":{"0":"post-23607","1":"product","2":"type-product","3":"status-publish","4":"has-post-thumbnail","6":"product_cat-colliers","7":"product_tag-chapelets-avec-pierre","8":"product_tag-chapelets-en-argent","9":"product_tag-nouveautes-2023","11":"first","12":"instock","13":"shipping-taxable","14":"purchasable","15":"product-type-variable"},"acf":[],"yoast_head":"<!-- This site is optimized with the Yoast SEO plugin v27.2 - https:\/\/yoast.com\/product\/yoast-seo-wordpress\/ -->\n<title>Chapelets avec pierre - Yasmin<\/title>\n<meta name=\"description\" content=\"Chapelets avec pierre est un accessoire avec des pierres et son mat\u00e9riau en argent sterling 925, vous pouvez le trouver avec des pierres color\u00e9es ou uniquement avec des pierres noires.\" \/>\n<meta name=\"robots\" content=\"index, follow, max-snippet:-1, max-image-preview:large, max-video-preview:-1\" \/>\n<link rel=\"canonical\" href=\"https:\/\/joyasyasmin.com\/fr\/producto\/chapelets-avec-pierre\/\" \/>\n<meta property=\"og:locale\" content=\"fr_FR\" \/>\n<meta property=\"og:title\" content=\"Chapelets avec pierre - Yasmin\" \/>\n<meta property=\"og:description\" content=\"Chapelets avec pierre est un accessoire avec des pierres et son mat\u00e9riau en argent sterling 925, vous pouvez le trouver avec des pierres color\u00e9es ou uniquement avec des pierres noires.\" \/>\n<meta property=\"og:url\" content=\"https:\/\/joyasyasmin.com\/fr\/producto\/chapelets-avec-pierre\/\" \/>\n<meta property=\"og:site_name\" content=\"Yasmin\" \/>\n<meta property=\"article:publisher\" content=\"https:\/\/www.facebook.com\/Joyas-Yasmin-217664058934169\/\" \/>\n<meta property=\"article:modified_time\" content=\"2025-05-13T11:07:04+00:00\" \/>\n<meta property=\"og:image\" content=\"https:\/\/joyasyasmin.com\/wp-content\/uploads\/2023\/03\/rosario-piedra-color-plata.jpg\" \/>\n\t<meta property=\"og:image:width\" content=\"1000\" \/>\n\t<meta property=\"og:image:height\" content=\"1000\" \/>\n\t<meta property=\"og:image:type\" content=\"image\/jpeg\" \/>\n<meta name=\"twitter:card\" content=\"summary_large_image\" \/>\n<script type=\"application\/ld+json\" class=\"yoast-schema-graph\">{\"@context\":\"https:\/\/schema.org\",\"@graph\":[{\"@type\":[\"WebPage\",\"ItemPage\"],\"@id\":\"https:\/\/joyasyasmin.com\/fr\/producto\/chapelets-avec-pierre\/\",\"url\":\"https:\/\/joyasyasmin.com\/fr\/producto\/chapelets-avec-pierre\/\",\"name\":\"Chapelets avec pierre - Yasmin\",\"isPartOf\":{\"@id\":\"https:\/\/joyasyasmin.com\/fr\/#website\"},\"primaryImageOfPage\":{\"@id\":\"https:\/\/joyasyasmin.com\/fr\/producto\/chapelets-avec-pierre\/#primaryimage\"},\"image\":{\"@id\":\"https:\/\/joyasyasmin.com\/fr\/producto\/chapelets-avec-pierre\/#primaryimage\"},\"thumbnailUrl\":\"https:\/\/joyasyasmin.com\/wp-content\/uploads\/2023\/03\/rosario-piedra-color-plata.jpg\",\"datePublished\":\"2023-03-23T12:34:56+00:00\",\"dateModified\":\"2025-05-13T11:07:04+00:00\",\"description\":\"Chapelets avec pierre est un accessoire avec des pierres et son mat\u00e9riau en argent sterling 925, vous pouvez le trouver avec des pierres color\u00e9es ou uniquement avec des pierres noires.\",\"breadcrumb\":{\"@id\":\"https:\/\/joyasyasmin.com\/fr\/producto\/chapelets-avec-pierre\/#breadcrumb\"},\"inLanguage\":\"fr-FR\",\"potentialAction\":[{\"@type\":\"ReadAction\",\"target\":[\"https:\/\/joyasyasmin.com\/fr\/producto\/chapelets-avec-pierre\/\"]}]},{\"@type\":\"ImageObject\",\"inLanguage\":\"fr-FR\",\"@id\":\"https:\/\/joyasyasmin.com\/fr\/producto\/chapelets-avec-pierre\/#primaryimage\",\"url\":\"https:\/\/joyasyasmin.com\/wp-content\/uploads\/2023\/03\/rosario-piedra-color-plata.jpg\",\"contentUrl\":\"https:\/\/joyasyasmin.com\/wp-content\/uploads\/2023\/03\/rosario-piedra-color-plata.jpg\",\"width\":1000,\"height\":1000,\"caption\":\"Vente de chapelet avec pierre d\u2019argent sterling 925\"},{\"@type\":\"BreadcrumbList\",\"@id\":\"https:\/\/joyasyasmin.com\/fr\/producto\/chapelets-avec-pierre\/#breadcrumb\",\"itemListElement\":[{\"@type\":\"ListItem\",\"position\":1,\"name\":\"Portada\",\"item\":\"https:\/\/joyasyasmin.com\/fr\/domicile\/\"},{\"@type\":\"ListItem\",\"position\":2,\"name\":\"Boutique\",\"item\":\"https:\/\/joyasyasmin.com\/fr\/boutique\/\"},{\"@type\":\"ListItem\",\"position\":3,\"name\":\"Chapelets avec pierre\"}]},{\"@type\":\"WebSite\",\"@id\":\"https:\/\/joyasyasmin.com\/fr\/#website\",\"url\":\"https:\/\/joyasyasmin.com\/fr\/\",\"name\":\"Yasmin\",\"description\":\"Joyer\u00eda de Plata 925 - Pendientes, pulseras, anillos, colgantes y m\u00e1s!\",\"publisher\":{\"@id\":\"https:\/\/joyasyasmin.com\/fr\/#organization\"},\"potentialAction\":[{\"@type\":\"SearchAction\",\"target\":{\"@type\":\"EntryPoint\",\"urlTemplate\":\"https:\/\/joyasyasmin.com\/fr\/?s={search_term_string}\"},\"query-input\":{\"@type\":\"PropertyValueSpecification\",\"valueRequired\":true,\"valueName\":\"search_term_string\"}}],\"inLanguage\":\"fr-FR\"},{\"@type\":\"Organization\",\"@id\":\"https:\/\/joyasyasmin.com\/fr\/#organization\",\"name\":\"joyas yasmin\",\"url\":\"https:\/\/joyasyasmin.com\/fr\/\",\"logo\":{\"@type\":\"ImageObject\",\"inLanguage\":\"fr-FR\",\"@id\":\"https:\/\/joyasyasmin.com\/fr\/#\/schema\/logo\/image\/\",\"url\":\"https:\/\/joyasyasmin.com\/wp-content\/uploads\/2017\/06\/IMG-20200429-WA0051.jpg\",\"contentUrl\":\"https:\/\/joyasyasmin.com\/wp-content\/uploads\/2017\/06\/IMG-20200429-WA0051.jpg\",\"width\":1080,\"height\":545,\"caption\":\"joyas yasmin\"},\"image\":{\"@id\":\"https:\/\/joyasyasmin.com\/fr\/#\/schema\/logo\/image\/\"},\"sameAs\":[\"https:\/\/www.facebook.com\/Joyas-Yasmin-217664058934169\/\",\"https:\/\/www.instagram.com\/invites\/contact\/\"]}]}<\/script>\n<!-- \/ Yoast SEO plugin. -->","yoast_head_json":{"title":"Chapelets avec pierre - Yasmin","description":"Chapelets avec pierre est un accessoire avec des pierres et son mat\u00e9riau en argent sterling 925, vous pouvez le trouver avec des pierres color\u00e9es ou uniquement avec des pierres noires.","robots":{"index":"index","follow":"follow","max-snippet":"max-snippet:-1","max-image-preview":"max-image-preview:large","max-video-preview":"max-video-preview:-1"},"canonical":"https:\/\/joyasyasmin.com\/fr\/producto\/chapelets-avec-pierre\/","og_locale":"fr_FR","og_title":"Chapelets avec pierre - Yasmin","og_description":"Chapelets avec pierre est un accessoire avec des pierres et son mat\u00e9riau en argent sterling 925, vous pouvez le trouver avec des pierres color\u00e9es ou uniquement avec des pierres noires.","og_url":"https:\/\/joyasyasmin.com\/fr\/producto\/chapelets-avec-pierre\/","og_site_name":"Yasmin","article_publisher":"https:\/\/www.facebook.com\/Joyas-Yasmin-217664058934169\/","article_modified_time":"2025-05-13T11:07:04+00:00","og_image":[{"width":1000,"height":1000,"url":"https:\/\/joyasyasmin.com\/wp-content\/uploads\/2023\/03\/rosario-piedra-color-plata.jpg","type":"image\/jpeg"}],"twitter_card":"summary_large_image","schema":{"@context":"https:\/\/schema.org","@graph":[{"@type":["WebPage","ItemPage"],"@id":"https:\/\/joyasyasmin.com\/fr\/producto\/chapelets-avec-pierre\/","url":"https:\/\/joyasyasmin.com\/fr\/producto\/chapelets-avec-pierre\/","name":"Chapelets avec pierre - Yasmin","isPartOf":{"@id":"https:\/\/joyasyasmin.com\/fr\/#website"},"primaryImageOfPage":{"@id":"https:\/\/joyasyasmin.com\/fr\/producto\/chapelets-avec-pierre\/#primaryimage"},"image":{"@id":"https:\/\/joyasyasmin.com\/fr\/producto\/chapelets-avec-pierre\/#primaryimage"},"thumbnailUrl":"https:\/\/joyasyasmin.com\/wp-content\/uploads\/2023\/03\/rosario-piedra-color-plata.jpg","datePublished":"2023-03-23T12:34:56+00:00","dateModified":"2025-05-13T11:07:04+00:00","description":"Chapelets avec pierre est un accessoire avec des pierres et son mat\u00e9riau en argent sterling 925, vous pouvez le trouver avec des pierres color\u00e9es ou uniquement avec des pierres noires.","breadcrumb":{"@id":"https:\/\/joyasyasmin.com\/fr\/producto\/chapelets-avec-pierre\/#breadcrumb"},"inLanguage":"fr-FR","potentialAction":[{"@type":"ReadAction","target":["https:\/\/joyasyasmin.com\/fr\/producto\/chapelets-avec-pierre\/"]}]},{"@type":"ImageObject","inLanguage":"fr-FR","@id":"https:\/\/joyasyasmin.com\/fr\/producto\/chapelets-avec-pierre\/#primaryimage","url":"https:\/\/joyasyasmin.com\/wp-content\/uploads\/2023\/03\/rosario-piedra-color-plata.jpg","contentUrl":"https:\/\/joyasyasmin.com\/wp-content\/uploads\/2023\/03\/rosario-piedra-color-plata.jpg","width":1000,"height":1000,"caption":"Vente de chapelet avec pierre d\u2019argent sterling 925"},{"@type":"BreadcrumbList","@id":"https:\/\/joyasyasmin.com\/fr\/producto\/chapelets-avec-pierre\/#breadcrumb","itemListElement":[{"@type":"ListItem","position":1,"name":"Portada","item":"https:\/\/joyasyasmin.com\/fr\/domicile\/"},{"@type":"ListItem","position":2,"name":"Boutique","item":"https:\/\/joyasyasmin.com\/fr\/boutique\/"},{"@type":"ListItem","position":3,"name":"Chapelets avec pierre"}]},{"@type":"WebSite","@id":"https:\/\/joyasyasmin.com\/fr\/#website","url":"https:\/\/joyasyasmin.com\/fr\/","name":"Yasmin","description":"Joyer\u00eda de Plata 925 - Pendientes, pulseras, anillos, colgantes y m\u00e1s!","publisher":{"@id":"https:\/\/joyasyasmin.com\/fr\/#organization"},"potentialAction":[{"@type":"SearchAction","target":{"@type":"EntryPoint","urlTemplate":"https:\/\/joyasyasmin.com\/fr\/?s={search_term_string}"},"query-input":{"@type":"PropertyValueSpecification","valueRequired":true,"valueName":"search_term_string"}}],"inLanguage":"fr-FR"},{"@type":"Organization","@id":"https:\/\/joyasyasmin.com\/fr\/#organization","name":"joyas yasmin","url":"https:\/\/joyasyasmin.com\/fr\/","logo":{"@type":"ImageObject","inLanguage":"fr-FR","@id":"https:\/\/joyasyasmin.com\/fr\/#\/schema\/logo\/image\/","url":"https:\/\/joyasyasmin.com\/wp-content\/uploads\/2017\/06\/IMG-20200429-WA0051.jpg","contentUrl":"https:\/\/joyasyasmin.com\/wp-content\/uploads\/2017\/06\/IMG-20200429-WA0051.jpg","width":1080,"height":545,"caption":"joyas yasmin"},"image":{"@id":"https:\/\/joyasyasmin.com\/fr\/#\/schema\/logo\/image\/"},"sameAs":["https:\/\/www.facebook.com\/Joyas-Yasmin-217664058934169\/","https:\/\/www.instagram.com\/invites\/contact\/"]}]}},"_links":{"self":[{"href":"https:\/\/joyasyasmin.com\/fr\/wp-json\/wp\/v2\/product\/23607","targetHints":{"allow":["GET"]}}],"collection":[{"href":"https:\/\/joyasyasmin.com\/fr\/wp-json\/wp\/v2\/product"}],"about":[{"href":"https:\/\/joyasyasmin.com\/fr\/wp-json\/wp\/v2\/types\/product"}],"replies":[{"embeddable":true,"href":"https:\/\/joyasyasmin.com\/fr\/wp-json\/wp\/v2\/comments?post=23607"}],"version-history":[{"count":1,"href":"https:\/\/joyasyasmin.com\/fr\/wp-json\/wp\/v2\/product\/23607\/revisions"}],"predecessor-version":[{"id":32420,"href":"https:\/\/joyasyasmin.com\/fr\/wp-json\/wp\/v2\/product\/23607\/revisions\/32420"}],"wp:featuredmedia":[{"embeddable":true,"href":"https:\/\/joyasyasmin.com\/fr\/wp-json\/wp\/v2\/media\/23613"}],"wp:attachment":[{"href":"https:\/\/joyasyasmin.com\/fr\/wp-json\/wp\/v2\/media?parent=23607"}],"wp:term":[{"taxonomy":"product_brand","embeddable":true,"href":"https:\/\/joyasyasmin.com\/fr\/wp-json\/wp\/v2\/product_brand?post=23607"},{"taxonomy":"product_cat","embeddable":true,"href":"https:\/\/joyasyasmin.com\/fr\/wp-json\/wp\/v2\/product_cat?post=23607"},{"taxonomy":"product_tag","embeddable":true,"href":"https:\/\/joyasyasmin.com\/fr\/wp-json\/wp\/v2\/product_tag?post=23607"}],"curies":[{"name":"wp","href":"https:\/\/api.w.org\/{rel}","templated":true}]}}