{"id":23933,"date":"2023-04-12T21:37:43","date_gmt":"2023-04-12T21:37:43","guid":{"rendered":"https:\/\/joyasyasmin.com\/producto\/mini-bracelet-trois-etoiles\/"},"modified":"2025-11-10T11:46:50","modified_gmt":"2025-11-10T11:46:50","slug":"mini-bracelet-trois-etoiles","status":"publish","type":"product","link":"https:\/\/joyasyasmin.com\/fr\/producto\/mini-bracelet-trois-etoiles\/","title":{"rendered":"Mini bracelet trois \u00e9toiles"},"content":{"rendered":"","protected":false},"excerpt":{"rendered":"<p>Mini Bracelet Trois \u00c9toiles (6mm) est une collection d\u2019accessoires qui combinent des pierres avec des boules de diff\u00e9rentes tailles (2 et 3mm), vous pouvez le trouver en Turquoise, Rouge et Noir sa longueur est de 16 + 3 cm et son mat\u00e9riau est en argent sterling 925, la bo\u00eete dans laquelle vont nos bijoux est en mat\u00e9riau recycl\u00e9 contribuant \u00e0 l\u2019environnement.<\/p>\n","protected":false},"featured_media":23942,"comment_status":"open","ping_status":"closed","template":"","meta":{"_acf_changed":false,"_joinchat":[]},"product_brand":[],"product_cat":[1790],"product_tag":[1932,3108,2174],"class_list":{"0":"post-23933","1":"product","2":"type-product","3":"status-publish","4":"has-post-thumbnail","6":"product_cat-bracelets","7":"product_tag-bracelets-en-argent-sterling-925","8":"product_tag-mini-bracelet-trois-etoiles","9":"product_tag-nouveautes-2023","11":"first","12":"instock","13":"shipping-taxable","14":"purchasable","15":"product-type-variable"},"acf":[],"yoast_head":"<!-- This site is optimized with the Yoast SEO plugin v27.2 - https:\/\/yoast.com\/product\/yoast-seo-wordpress\/ -->\n<title>Mini bracelet trois \u00e9toiles - Yasmin<\/title>\n<meta name=\"description\" content=\"Le Mini Bracelet Trois \u00c9toiles est un accessoire en argent sterling qui associe des boules (2 et 3mm) \u00e0 des pierres turquoises, noires et rouges. Livraison gratuite\" \/>\n<meta name=\"robots\" content=\"index, follow, max-snippet:-1, max-image-preview:large, max-video-preview:-1\" \/>\n<link rel=\"canonical\" href=\"https:\/\/joyasyasmin.com\/fr\/producto\/mini-bracelet-trois-etoiles\/\" \/>\n<meta property=\"og:locale\" content=\"fr_FR\" \/>\n<meta property=\"og:title\" content=\"Mini bracelet trois \u00e9toiles - Yasmin\" \/>\n<meta property=\"og:description\" content=\"Le Mini Bracelet Trois \u00c9toiles est un accessoire en argent sterling qui associe des boules (2 et 3mm) \u00e0 des pierres turquoises, noires et rouges. Livraison gratuite\" \/>\n<meta property=\"og:url\" content=\"https:\/\/joyasyasmin.com\/fr\/producto\/mini-bracelet-trois-etoiles\/\" \/>\n<meta property=\"og:site_name\" content=\"Yasmin\" \/>\n<meta property=\"article:publisher\" content=\"https:\/\/www.facebook.com\/Joyas-Yasmin-217664058934169\/\" \/>\n<meta property=\"article:modified_time\" content=\"2025-11-10T11:46:50+00:00\" \/>\n<meta property=\"og:image\" content=\"https:\/\/joyasyasmin.com\/wp-content\/uploads\/2023\/04\/pulsera-estrellitas-turquesa.jpg\" \/>\n\t<meta property=\"og:image:width\" content=\"1000\" \/>\n\t<meta property=\"og:image:height\" content=\"1000\" \/>\n\t<meta property=\"og:image:type\" content=\"image\/jpeg\" \/>\n<meta name=\"twitter:card\" content=\"summary_large_image\" \/>\n<script type=\"application\/ld+json\" class=\"yoast-schema-graph\">{\"@context\":\"https:\/\/schema.org\",\"@graph\":[{\"@type\":[\"WebPage\",\"ItemPage\"],\"@id\":\"https:\/\/joyasyasmin.com\/fr\/producto\/mini-bracelet-trois-etoiles\/\",\"url\":\"https:\/\/joyasyasmin.com\/fr\/producto\/mini-bracelet-trois-etoiles\/\",\"name\":\"Mini bracelet trois \u00e9toiles - Yasmin\",\"isPartOf\":{\"@id\":\"https:\/\/joyasyasmin.com\/fr\/#website\"},\"primaryImageOfPage\":{\"@id\":\"https:\/\/joyasyasmin.com\/fr\/producto\/mini-bracelet-trois-etoiles\/#primaryimage\"},\"image\":{\"@id\":\"https:\/\/joyasyasmin.com\/fr\/producto\/mini-bracelet-trois-etoiles\/#primaryimage\"},\"thumbnailUrl\":\"https:\/\/joyasyasmin.com\/wp-content\/uploads\/2023\/04\/pulsera-estrellitas-turquesa.jpg\",\"datePublished\":\"2023-04-12T21:37:43+00:00\",\"dateModified\":\"2025-11-10T11:46:50+00:00\",\"description\":\"Le Mini Bracelet Trois \u00c9toiles est un accessoire en argent sterling qui associe des boules (2 et 3mm) \u00e0 des pierres turquoises, noires et rouges. Livraison gratuite\",\"breadcrumb\":{\"@id\":\"https:\/\/joyasyasmin.com\/fr\/producto\/mini-bracelet-trois-etoiles\/#breadcrumb\"},\"inLanguage\":\"fr-FR\",\"potentialAction\":[{\"@type\":\"ReadAction\",\"target\":[\"https:\/\/joyasyasmin.com\/fr\/producto\/mini-bracelet-trois-etoiles\/\"]}]},{\"@type\":\"ImageObject\",\"inLanguage\":\"fr-FR\",\"@id\":\"https:\/\/joyasyasmin.com\/fr\/producto\/mini-bracelet-trois-etoiles\/#primaryimage\",\"url\":\"https:\/\/joyasyasmin.com\/wp-content\/uploads\/2023\/04\/pulsera-estrellitas-turquesa.jpg\",\"contentUrl\":\"https:\/\/joyasyasmin.com\/wp-content\/uploads\/2023\/04\/pulsera-estrellitas-turquesa.jpg\",\"width\":1000,\"height\":1000,\"caption\":\"Bracelet \u00e9toile turquoise en argent sterling 925 \u00e0 vendre avec des perles d\u2019argent\"},{\"@type\":\"BreadcrumbList\",\"@id\":\"https:\/\/joyasyasmin.com\/fr\/producto\/mini-bracelet-trois-etoiles\/#breadcrumb\",\"itemListElement\":[{\"@type\":\"ListItem\",\"position\":1,\"name\":\"Portada\",\"item\":\"https:\/\/joyasyasmin.com\/fr\/domicile\/\"},{\"@type\":\"ListItem\",\"position\":2,\"name\":\"Boutique\",\"item\":\"https:\/\/joyasyasmin.com\/fr\/boutique\/\"},{\"@type\":\"ListItem\",\"position\":3,\"name\":\"Mini bracelet trois \u00e9toiles\"}]},{\"@type\":\"WebSite\",\"@id\":\"https:\/\/joyasyasmin.com\/fr\/#website\",\"url\":\"https:\/\/joyasyasmin.com\/fr\/\",\"name\":\"Yasmin\",\"description\":\"Joyer\u00eda de Plata 925 - Pendientes, pulseras, anillos, colgantes y m\u00e1s!\",\"publisher\":{\"@id\":\"https:\/\/joyasyasmin.com\/fr\/#organization\"},\"potentialAction\":[{\"@type\":\"SearchAction\",\"target\":{\"@type\":\"EntryPoint\",\"urlTemplate\":\"https:\/\/joyasyasmin.com\/fr\/?s={search_term_string}\"},\"query-input\":{\"@type\":\"PropertyValueSpecification\",\"valueRequired\":true,\"valueName\":\"search_term_string\"}}],\"inLanguage\":\"fr-FR\"},{\"@type\":\"Organization\",\"@id\":\"https:\/\/joyasyasmin.com\/fr\/#organization\",\"name\":\"joyas yasmin\",\"url\":\"https:\/\/joyasyasmin.com\/fr\/\",\"logo\":{\"@type\":\"ImageObject\",\"inLanguage\":\"fr-FR\",\"@id\":\"https:\/\/joyasyasmin.com\/fr\/#\/schema\/logo\/image\/\",\"url\":\"https:\/\/joyasyasmin.com\/wp-content\/uploads\/2017\/06\/IMG-20200429-WA0051.jpg\",\"contentUrl\":\"https:\/\/joyasyasmin.com\/wp-content\/uploads\/2017\/06\/IMG-20200429-WA0051.jpg\",\"width\":1080,\"height\":545,\"caption\":\"joyas yasmin\"},\"image\":{\"@id\":\"https:\/\/joyasyasmin.com\/fr\/#\/schema\/logo\/image\/\"},\"sameAs\":[\"https:\/\/www.facebook.com\/Joyas-Yasmin-217664058934169\/\",\"https:\/\/www.instagram.com\/invites\/contact\/\"]}]}<\/script>\n<!-- \/ Yoast SEO plugin. -->","yoast_head_json":{"title":"Mini bracelet trois \u00e9toiles - Yasmin","description":"Le Mini Bracelet Trois \u00c9toiles est un accessoire en argent sterling qui associe des boules (2 et 3mm) \u00e0 des pierres turquoises, noires et rouges. Livraison gratuite","robots":{"index":"index","follow":"follow","max-snippet":"max-snippet:-1","max-image-preview":"max-image-preview:large","max-video-preview":"max-video-preview:-1"},"canonical":"https:\/\/joyasyasmin.com\/fr\/producto\/mini-bracelet-trois-etoiles\/","og_locale":"fr_FR","og_title":"Mini bracelet trois \u00e9toiles - Yasmin","og_description":"Le Mini Bracelet Trois \u00c9toiles est un accessoire en argent sterling qui associe des boules (2 et 3mm) \u00e0 des pierres turquoises, noires et rouges. Livraison gratuite","og_url":"https:\/\/joyasyasmin.com\/fr\/producto\/mini-bracelet-trois-etoiles\/","og_site_name":"Yasmin","article_publisher":"https:\/\/www.facebook.com\/Joyas-Yasmin-217664058934169\/","article_modified_time":"2025-11-10T11:46:50+00:00","og_image":[{"width":1000,"height":1000,"url":"https:\/\/joyasyasmin.com\/wp-content\/uploads\/2023\/04\/pulsera-estrellitas-turquesa.jpg","type":"image\/jpeg"}],"twitter_card":"summary_large_image","schema":{"@context":"https:\/\/schema.org","@graph":[{"@type":["WebPage","ItemPage"],"@id":"https:\/\/joyasyasmin.com\/fr\/producto\/mini-bracelet-trois-etoiles\/","url":"https:\/\/joyasyasmin.com\/fr\/producto\/mini-bracelet-trois-etoiles\/","name":"Mini bracelet trois \u00e9toiles - Yasmin","isPartOf":{"@id":"https:\/\/joyasyasmin.com\/fr\/#website"},"primaryImageOfPage":{"@id":"https:\/\/joyasyasmin.com\/fr\/producto\/mini-bracelet-trois-etoiles\/#primaryimage"},"image":{"@id":"https:\/\/joyasyasmin.com\/fr\/producto\/mini-bracelet-trois-etoiles\/#primaryimage"},"thumbnailUrl":"https:\/\/joyasyasmin.com\/wp-content\/uploads\/2023\/04\/pulsera-estrellitas-turquesa.jpg","datePublished":"2023-04-12T21:37:43+00:00","dateModified":"2025-11-10T11:46:50+00:00","description":"Le Mini Bracelet Trois \u00c9toiles est un accessoire en argent sterling qui associe des boules (2 et 3mm) \u00e0 des pierres turquoises, noires et rouges. Livraison gratuite","breadcrumb":{"@id":"https:\/\/joyasyasmin.com\/fr\/producto\/mini-bracelet-trois-etoiles\/#breadcrumb"},"inLanguage":"fr-FR","potentialAction":[{"@type":"ReadAction","target":["https:\/\/joyasyasmin.com\/fr\/producto\/mini-bracelet-trois-etoiles\/"]}]},{"@type":"ImageObject","inLanguage":"fr-FR","@id":"https:\/\/joyasyasmin.com\/fr\/producto\/mini-bracelet-trois-etoiles\/#primaryimage","url":"https:\/\/joyasyasmin.com\/wp-content\/uploads\/2023\/04\/pulsera-estrellitas-turquesa.jpg","contentUrl":"https:\/\/joyasyasmin.com\/wp-content\/uploads\/2023\/04\/pulsera-estrellitas-turquesa.jpg","width":1000,"height":1000,"caption":"Bracelet \u00e9toile turquoise en argent sterling 925 \u00e0 vendre avec des perles d\u2019argent"},{"@type":"BreadcrumbList","@id":"https:\/\/joyasyasmin.com\/fr\/producto\/mini-bracelet-trois-etoiles\/#breadcrumb","itemListElement":[{"@type":"ListItem","position":1,"name":"Portada","item":"https:\/\/joyasyasmin.com\/fr\/domicile\/"},{"@type":"ListItem","position":2,"name":"Boutique","item":"https:\/\/joyasyasmin.com\/fr\/boutique\/"},{"@type":"ListItem","position":3,"name":"Mini bracelet trois \u00e9toiles"}]},{"@type":"WebSite","@id":"https:\/\/joyasyasmin.com\/fr\/#website","url":"https:\/\/joyasyasmin.com\/fr\/","name":"Yasmin","description":"Joyer\u00eda de Plata 925 - Pendientes, pulseras, anillos, colgantes y m\u00e1s!","publisher":{"@id":"https:\/\/joyasyasmin.com\/fr\/#organization"},"potentialAction":[{"@type":"SearchAction","target":{"@type":"EntryPoint","urlTemplate":"https:\/\/joyasyasmin.com\/fr\/?s={search_term_string}"},"query-input":{"@type":"PropertyValueSpecification","valueRequired":true,"valueName":"search_term_string"}}],"inLanguage":"fr-FR"},{"@type":"Organization","@id":"https:\/\/joyasyasmin.com\/fr\/#organization","name":"joyas yasmin","url":"https:\/\/joyasyasmin.com\/fr\/","logo":{"@type":"ImageObject","inLanguage":"fr-FR","@id":"https:\/\/joyasyasmin.com\/fr\/#\/schema\/logo\/image\/","url":"https:\/\/joyasyasmin.com\/wp-content\/uploads\/2017\/06\/IMG-20200429-WA0051.jpg","contentUrl":"https:\/\/joyasyasmin.com\/wp-content\/uploads\/2017\/06\/IMG-20200429-WA0051.jpg","width":1080,"height":545,"caption":"joyas yasmin"},"image":{"@id":"https:\/\/joyasyasmin.com\/fr\/#\/schema\/logo\/image\/"},"sameAs":["https:\/\/www.facebook.com\/Joyas-Yasmin-217664058934169\/","https:\/\/www.instagram.com\/invites\/contact\/"]}]}},"_links":{"self":[{"href":"https:\/\/joyasyasmin.com\/fr\/wp-json\/wp\/v2\/product\/23933","targetHints":{"allow":["GET"]}}],"collection":[{"href":"https:\/\/joyasyasmin.com\/fr\/wp-json\/wp\/v2\/product"}],"about":[{"href":"https:\/\/joyasyasmin.com\/fr\/wp-json\/wp\/v2\/types\/product"}],"replies":[{"embeddable":true,"href":"https:\/\/joyasyasmin.com\/fr\/wp-json\/wp\/v2\/comments?post=23933"}],"version-history":[{"count":1,"href":"https:\/\/joyasyasmin.com\/fr\/wp-json\/wp\/v2\/product\/23933\/revisions"}],"predecessor-version":[{"id":36001,"href":"https:\/\/joyasyasmin.com\/fr\/wp-json\/wp\/v2\/product\/23933\/revisions\/36001"}],"wp:featuredmedia":[{"embeddable":true,"href":"https:\/\/joyasyasmin.com\/fr\/wp-json\/wp\/v2\/media\/23942"}],"wp:attachment":[{"href":"https:\/\/joyasyasmin.com\/fr\/wp-json\/wp\/v2\/media?parent=23933"}],"wp:term":[{"taxonomy":"product_brand","embeddable":true,"href":"https:\/\/joyasyasmin.com\/fr\/wp-json\/wp\/v2\/product_brand?post=23933"},{"taxonomy":"product_cat","embeddable":true,"href":"https:\/\/joyasyasmin.com\/fr\/wp-json\/wp\/v2\/product_cat?post=23933"},{"taxonomy":"product_tag","embeddable":true,"href":"https:\/\/joyasyasmin.com\/fr\/wp-json\/wp\/v2\/product_tag?post=23933"}],"curies":[{"name":"wp","href":"https:\/\/api.w.org\/{rel}","templated":true}]}}