{"id":24060,"date":"2023-04-16T19:18:28","date_gmt":"2023-04-16T19:18:28","guid":{"rendered":"https:\/\/joyasyasmin.com\/producto\/pendentif-trompe-delephant-vers-le-haut\/"},"modified":"2026-01-26T07:19:32","modified_gmt":"2026-01-26T07:19:32","slug":"pendentif-trompe-delephant-vers-le-haut","status":"publish","type":"product","link":"https:\/\/joyasyasmin.com\/fr\/producto\/pendentif-trompe-delephant-vers-le-haut\/","title":{"rendered":"Pendentif trompe d\u2019\u00e9l\u00e9phant vers le haut"},"content":{"rendered":"","protected":false},"excerpt":{"rendered":"<p>Le pendentif \u00e9l\u00e9phant Trunk Up r\u00e9v\u00e8le la beaut\u00e9 et le charme de l\u2019\u00e9l\u00e9phant avec des zircons avec la trompe vers le haut de deux centim\u00e8tres. Ce bijou captivant est une v\u00e9ritable \u0153uvre d\u2019art, avec son design complexe et ses d\u00e9tails m\u00e9ticuleux. Les zircons brillants qui ornent cet \u00e9l\u00e9phant lui donnent une touche d\u2019\u00e9l\u00e9gance et de sophistication, ce qui en fait un accessoire parfait pour toutes les occasions. Avec sa trompe haute, l\u2019\u00e9l\u00e9phant symbolise la chance et la prosp\u00e9rit\u00e9, ce qui en fait un cadeau significatif pour ceux qui cherchent \u00e0 attirer la fortune. Fabriqu\u00e9 avec des mat\u00e9riaux en argent sterling 925 de haute qualit\u00e9 et avec un savoir-faire minutieux, cet \u00e9l\u00e9phant avec des zircons est une pi\u00e8ce unique qui ne manquera pas de capter l\u2019attention de tous.    <\/p>\n","protected":false},"featured_media":24066,"comment_status":"open","ping_status":"closed","template":"","meta":{"_acf_changed":false,"_joinchat":[]},"product_brand":[],"product_cat":[1875],"product_tag":[2174,3192,3191],"class_list":{"0":"post-24060","1":"product","2":"type-product","3":"status-publish","4":"has-post-thumbnail","6":"product_cat-pendentifs","7":"product_tag-nouveautes-2023","8":"product_tag-pendentif-elephant-avec-zircone","9":"product_tag-pendentif-trompe-delephant-vers-le-haut","11":"first","12":"instock","13":"shipping-taxable","14":"purchasable","15":"product-type-variable"},"acf":[],"yoast_head":"<!-- This site is optimized with the Yoast SEO plugin v27.3 - https:\/\/yoast.com\/product\/yoast-seo-wordpress\/ -->\n<title>Pendentif trompe d\u2019\u00e9l\u00e9phant vers le haut - Yasmin<\/title>\n<meta name=\"description\" content=\"Le pendentif Trompe d\u2019\u00e9l\u00e9phant est fabriqu\u00e9 en argent sterling 925 symbolisant la chance et la prosp\u00e9rit\u00e9, sa taille 2 cm et son motif avec des zircons.\" \/>\n<meta name=\"robots\" content=\"index, follow, max-snippet:-1, max-image-preview:large, max-video-preview:-1\" \/>\n<link rel=\"canonical\" href=\"https:\/\/joyasyasmin.com\/fr\/producto\/pendentif-trompe-delephant-vers-le-haut\/\" \/>\n<meta property=\"og:locale\" content=\"fr_FR\" \/>\n<meta property=\"og:title\" content=\"Pendentif trompe d\u2019\u00e9l\u00e9phant vers le haut - Yasmin\" \/>\n<meta property=\"og:description\" content=\"Le pendentif Trompe d\u2019\u00e9l\u00e9phant est fabriqu\u00e9 en argent sterling 925 symbolisant la chance et la prosp\u00e9rit\u00e9, sa taille 2 cm et son motif avec des zircons.\" \/>\n<meta property=\"og:url\" content=\"https:\/\/joyasyasmin.com\/fr\/producto\/pendentif-trompe-delephant-vers-le-haut\/\" \/>\n<meta property=\"og:site_name\" content=\"Yasmin\" \/>\n<meta property=\"article:publisher\" content=\"https:\/\/www.facebook.com\/Joyas-Yasmin-217664058934169\/\" \/>\n<meta property=\"article:modified_time\" content=\"2026-01-26T07:19:32+00:00\" \/>\n<meta property=\"og:image\" content=\"https:\/\/joyasyasmin.com\/wp-content\/uploads\/2023\/04\/colgante-elefante.jpg\" \/>\n\t<meta property=\"og:image:width\" content=\"1000\" \/>\n\t<meta property=\"og:image:height\" content=\"1000\" \/>\n\t<meta property=\"og:image:type\" content=\"image\/jpeg\" \/>\n<meta name=\"twitter:card\" content=\"summary_large_image\" \/>\n<script type=\"application\/ld+json\" class=\"yoast-schema-graph\">{\"@context\":\"https:\\\/\\\/schema.org\",\"@graph\":[{\"@type\":[\"WebPage\",\"ItemPage\"],\"@id\":\"https:\\\/\\\/joyasyasmin.com\\\/fr\\\/producto\\\/pendentif-trompe-delephant-vers-le-haut\\\/\",\"url\":\"https:\\\/\\\/joyasyasmin.com\\\/fr\\\/producto\\\/pendentif-trompe-delephant-vers-le-haut\\\/\",\"name\":\"Pendentif trompe d\u2019\u00e9l\u00e9phant vers le haut - Yasmin\",\"isPartOf\":{\"@id\":\"https:\\\/\\\/joyasyasmin.com\\\/fr\\\/#website\"},\"primaryImageOfPage\":{\"@id\":\"https:\\\/\\\/joyasyasmin.com\\\/fr\\\/producto\\\/pendentif-trompe-delephant-vers-le-haut\\\/#primaryimage\"},\"image\":{\"@id\":\"https:\\\/\\\/joyasyasmin.com\\\/fr\\\/producto\\\/pendentif-trompe-delephant-vers-le-haut\\\/#primaryimage\"},\"thumbnailUrl\":\"https:\\\/\\\/joyasyasmin.com\\\/wp-content\\\/uploads\\\/2023\\\/04\\\/colgante-elefante.jpg\",\"datePublished\":\"2023-04-16T19:18:28+00:00\",\"dateModified\":\"2026-01-26T07:19:32+00:00\",\"description\":\"Le pendentif Trompe d\u2019\u00e9l\u00e9phant est fabriqu\u00e9 en argent sterling 925 symbolisant la chance et la prosp\u00e9rit\u00e9, sa taille 2 cm et son motif avec des zircons.\",\"breadcrumb\":{\"@id\":\"https:\\\/\\\/joyasyasmin.com\\\/fr\\\/producto\\\/pendentif-trompe-delephant-vers-le-haut\\\/#breadcrumb\"},\"inLanguage\":\"fr-FR\",\"potentialAction\":[{\"@type\":\"ReadAction\",\"target\":[\"https:\\\/\\\/joyasyasmin.com\\\/fr\\\/producto\\\/pendentif-trompe-delephant-vers-le-haut\\\/\"]}]},{\"@type\":\"ImageObject\",\"inLanguage\":\"fr-FR\",\"@id\":\"https:\\\/\\\/joyasyasmin.com\\\/fr\\\/producto\\\/pendentif-trompe-delephant-vers-le-haut\\\/#primaryimage\",\"url\":\"https:\\\/\\\/joyasyasmin.com\\\/wp-content\\\/uploads\\\/2023\\\/04\\\/colgante-elefante.jpg\",\"contentUrl\":\"https:\\\/\\\/joyasyasmin.com\\\/wp-content\\\/uploads\\\/2023\\\/04\\\/colgante-elefante.jpg\",\"width\":1000,\"height\":1000,\"caption\":\"Pendentif \u00e9l\u00e9phant avec zircone en argent sterling 925 \u00e0 vendre\"},{\"@type\":\"BreadcrumbList\",\"@id\":\"https:\\\/\\\/joyasyasmin.com\\\/fr\\\/producto\\\/pendentif-trompe-delephant-vers-le-haut\\\/#breadcrumb\",\"itemListElement\":[{\"@type\":\"ListItem\",\"position\":1,\"name\":\"Portada\",\"item\":\"https:\\\/\\\/joyasyasmin.com\\\/fr\\\/domicile\\\/\"},{\"@type\":\"ListItem\",\"position\":2,\"name\":\"Boutique\",\"item\":\"https:\\\/\\\/joyasyasmin.com\\\/fr\\\/boutique\\\/\"},{\"@type\":\"ListItem\",\"position\":3,\"name\":\"Pendentif trompe d\u2019\u00e9l\u00e9phant vers le haut\"}]},{\"@type\":\"WebSite\",\"@id\":\"https:\\\/\\\/joyasyasmin.com\\\/fr\\\/#website\",\"url\":\"https:\\\/\\\/joyasyasmin.com\\\/fr\\\/\",\"name\":\"Yasmin\",\"description\":\"Joyer\u00eda de Plata 925 - Pendientes, pulseras, anillos, colgantes y m\u00e1s!\",\"publisher\":{\"@id\":\"https:\\\/\\\/joyasyasmin.com\\\/fr\\\/#organization\"},\"potentialAction\":[{\"@type\":\"SearchAction\",\"target\":{\"@type\":\"EntryPoint\",\"urlTemplate\":\"https:\\\/\\\/joyasyasmin.com\\\/fr\\\/?s={search_term_string}\"},\"query-input\":{\"@type\":\"PropertyValueSpecification\",\"valueRequired\":true,\"valueName\":\"search_term_string\"}}],\"inLanguage\":\"fr-FR\"},{\"@type\":\"Organization\",\"@id\":\"https:\\\/\\\/joyasyasmin.com\\\/fr\\\/#organization\",\"name\":\"joyas yasmin\",\"url\":\"https:\\\/\\\/joyasyasmin.com\\\/fr\\\/\",\"logo\":{\"@type\":\"ImageObject\",\"inLanguage\":\"fr-FR\",\"@id\":\"https:\\\/\\\/joyasyasmin.com\\\/fr\\\/#\\\/schema\\\/logo\\\/image\\\/\",\"url\":\"https:\\\/\\\/joyasyasmin.com\\\/wp-content\\\/uploads\\\/2017\\\/06\\\/IMG-20200429-WA0051.jpg\",\"contentUrl\":\"https:\\\/\\\/joyasyasmin.com\\\/wp-content\\\/uploads\\\/2017\\\/06\\\/IMG-20200429-WA0051.jpg\",\"width\":1080,\"height\":545,\"caption\":\"joyas yasmin\"},\"image\":{\"@id\":\"https:\\\/\\\/joyasyasmin.com\\\/fr\\\/#\\\/schema\\\/logo\\\/image\\\/\"},\"sameAs\":[\"https:\\\/\\\/www.facebook.com\\\/Joyas-Yasmin-217664058934169\\\/\",\"https:\\\/\\\/www.instagram.com\\\/invites\\\/contact\\\/\"]}]}<\/script>\n<!-- \/ Yoast SEO plugin. -->","yoast_head_json":{"title":"Pendentif trompe d\u2019\u00e9l\u00e9phant vers le haut - Yasmin","description":"Le pendentif Trompe d\u2019\u00e9l\u00e9phant est fabriqu\u00e9 en argent sterling 925 symbolisant la chance et la prosp\u00e9rit\u00e9, sa taille 2 cm et son motif avec des zircons.","robots":{"index":"index","follow":"follow","max-snippet":"max-snippet:-1","max-image-preview":"max-image-preview:large","max-video-preview":"max-video-preview:-1"},"canonical":"https:\/\/joyasyasmin.com\/fr\/producto\/pendentif-trompe-delephant-vers-le-haut\/","og_locale":"fr_FR","og_title":"Pendentif trompe d\u2019\u00e9l\u00e9phant vers le haut - Yasmin","og_description":"Le pendentif Trompe d\u2019\u00e9l\u00e9phant est fabriqu\u00e9 en argent sterling 925 symbolisant la chance et la prosp\u00e9rit\u00e9, sa taille 2 cm et son motif avec des zircons.","og_url":"https:\/\/joyasyasmin.com\/fr\/producto\/pendentif-trompe-delephant-vers-le-haut\/","og_site_name":"Yasmin","article_publisher":"https:\/\/www.facebook.com\/Joyas-Yasmin-217664058934169\/","article_modified_time":"2026-01-26T07:19:32+00:00","og_image":[{"width":1000,"height":1000,"url":"https:\/\/joyasyasmin.com\/wp-content\/uploads\/2023\/04\/colgante-elefante.jpg","type":"image\/jpeg"}],"twitter_card":"summary_large_image","schema":{"@context":"https:\/\/schema.org","@graph":[{"@type":["WebPage","ItemPage"],"@id":"https:\/\/joyasyasmin.com\/fr\/producto\/pendentif-trompe-delephant-vers-le-haut\/","url":"https:\/\/joyasyasmin.com\/fr\/producto\/pendentif-trompe-delephant-vers-le-haut\/","name":"Pendentif trompe d\u2019\u00e9l\u00e9phant vers le haut - Yasmin","isPartOf":{"@id":"https:\/\/joyasyasmin.com\/fr\/#website"},"primaryImageOfPage":{"@id":"https:\/\/joyasyasmin.com\/fr\/producto\/pendentif-trompe-delephant-vers-le-haut\/#primaryimage"},"image":{"@id":"https:\/\/joyasyasmin.com\/fr\/producto\/pendentif-trompe-delephant-vers-le-haut\/#primaryimage"},"thumbnailUrl":"https:\/\/joyasyasmin.com\/wp-content\/uploads\/2023\/04\/colgante-elefante.jpg","datePublished":"2023-04-16T19:18:28+00:00","dateModified":"2026-01-26T07:19:32+00:00","description":"Le pendentif Trompe d\u2019\u00e9l\u00e9phant est fabriqu\u00e9 en argent sterling 925 symbolisant la chance et la prosp\u00e9rit\u00e9, sa taille 2 cm et son motif avec des zircons.","breadcrumb":{"@id":"https:\/\/joyasyasmin.com\/fr\/producto\/pendentif-trompe-delephant-vers-le-haut\/#breadcrumb"},"inLanguage":"fr-FR","potentialAction":[{"@type":"ReadAction","target":["https:\/\/joyasyasmin.com\/fr\/producto\/pendentif-trompe-delephant-vers-le-haut\/"]}]},{"@type":"ImageObject","inLanguage":"fr-FR","@id":"https:\/\/joyasyasmin.com\/fr\/producto\/pendentif-trompe-delephant-vers-le-haut\/#primaryimage","url":"https:\/\/joyasyasmin.com\/wp-content\/uploads\/2023\/04\/colgante-elefante.jpg","contentUrl":"https:\/\/joyasyasmin.com\/wp-content\/uploads\/2023\/04\/colgante-elefante.jpg","width":1000,"height":1000,"caption":"Pendentif \u00e9l\u00e9phant avec zircone en argent sterling 925 \u00e0 vendre"},{"@type":"BreadcrumbList","@id":"https:\/\/joyasyasmin.com\/fr\/producto\/pendentif-trompe-delephant-vers-le-haut\/#breadcrumb","itemListElement":[{"@type":"ListItem","position":1,"name":"Portada","item":"https:\/\/joyasyasmin.com\/fr\/domicile\/"},{"@type":"ListItem","position":2,"name":"Boutique","item":"https:\/\/joyasyasmin.com\/fr\/boutique\/"},{"@type":"ListItem","position":3,"name":"Pendentif trompe d\u2019\u00e9l\u00e9phant vers le haut"}]},{"@type":"WebSite","@id":"https:\/\/joyasyasmin.com\/fr\/#website","url":"https:\/\/joyasyasmin.com\/fr\/","name":"Yasmin","description":"Joyer\u00eda de Plata 925 - Pendientes, pulseras, anillos, colgantes y m\u00e1s!","publisher":{"@id":"https:\/\/joyasyasmin.com\/fr\/#organization"},"potentialAction":[{"@type":"SearchAction","target":{"@type":"EntryPoint","urlTemplate":"https:\/\/joyasyasmin.com\/fr\/?s={search_term_string}"},"query-input":{"@type":"PropertyValueSpecification","valueRequired":true,"valueName":"search_term_string"}}],"inLanguage":"fr-FR"},{"@type":"Organization","@id":"https:\/\/joyasyasmin.com\/fr\/#organization","name":"joyas yasmin","url":"https:\/\/joyasyasmin.com\/fr\/","logo":{"@type":"ImageObject","inLanguage":"fr-FR","@id":"https:\/\/joyasyasmin.com\/fr\/#\/schema\/logo\/image\/","url":"https:\/\/joyasyasmin.com\/wp-content\/uploads\/2017\/06\/IMG-20200429-WA0051.jpg","contentUrl":"https:\/\/joyasyasmin.com\/wp-content\/uploads\/2017\/06\/IMG-20200429-WA0051.jpg","width":1080,"height":545,"caption":"joyas yasmin"},"image":{"@id":"https:\/\/joyasyasmin.com\/fr\/#\/schema\/logo\/image\/"},"sameAs":["https:\/\/www.facebook.com\/Joyas-Yasmin-217664058934169\/","https:\/\/www.instagram.com\/invites\/contact\/"]}]}},"_links":{"self":[{"href":"https:\/\/joyasyasmin.com\/fr\/wp-json\/wp\/v2\/product\/24060","targetHints":{"allow":["GET"]}}],"collection":[{"href":"https:\/\/joyasyasmin.com\/fr\/wp-json\/wp\/v2\/product"}],"about":[{"href":"https:\/\/joyasyasmin.com\/fr\/wp-json\/wp\/v2\/types\/product"}],"replies":[{"embeddable":true,"href":"https:\/\/joyasyasmin.com\/fr\/wp-json\/wp\/v2\/comments?post=24060"}],"version-history":[{"count":1,"href":"https:\/\/joyasyasmin.com\/fr\/wp-json\/wp\/v2\/product\/24060\/revisions"}],"predecessor-version":[{"id":37457,"href":"https:\/\/joyasyasmin.com\/fr\/wp-json\/wp\/v2\/product\/24060\/revisions\/37457"}],"wp:featuredmedia":[{"embeddable":true,"href":"https:\/\/joyasyasmin.com\/fr\/wp-json\/wp\/v2\/media\/24066"}],"wp:attachment":[{"href":"https:\/\/joyasyasmin.com\/fr\/wp-json\/wp\/v2\/media?parent=24060"}],"wp:term":[{"taxonomy":"product_brand","embeddable":true,"href":"https:\/\/joyasyasmin.com\/fr\/wp-json\/wp\/v2\/product_brand?post=24060"},{"taxonomy":"product_cat","embeddable":true,"href":"https:\/\/joyasyasmin.com\/fr\/wp-json\/wp\/v2\/product_cat?post=24060"},{"taxonomy":"product_tag","embeddable":true,"href":"https:\/\/joyasyasmin.com\/fr\/wp-json\/wp\/v2\/product_tag?post=24060"}],"curies":[{"name":"wp","href":"https:\/\/api.w.org\/{rel}","templated":true}]}}