{"id":24264,"date":"2023-04-29T21:17:50","date_gmt":"2023-04-29T21:17:50","guid":{"rendered":"https:\/\/joyasyasmin.com\/producto\/chevaliere-en-argent\/"},"modified":"2026-02-26T09:00:34","modified_gmt":"2026-02-26T09:00:34","slug":"chevaliere-en-argent","status":"publish","type":"product","link":"https:\/\/joyasyasmin.com\/fr\/producto\/chevaliere-en-argent\/","title":{"rendered":"Chevali\u00e8re en argent"},"content":{"rendered":"","protected":false},"excerpt":{"rendered":"<p>La chevali\u00e8re en argent sterling 925 avec onyx, d\u2019une largeur de 14 mm, est id\u00e9ale pour les hommes et les femmes \u00e0 la recherche d\u2019un accessoire \u00e9l\u00e9gant et sophistiqu\u00e9. Le design classique du tampon ajoute une touche de classe, tandis que l\u2019onyx ajoute une finition raffin\u00e9e et audacieuse. L\u2019argent sterling 925 de haute qualit\u00e9 garantit la durabilit\u00e9 et la r\u00e9sistance de cette bague, tout en offrant une brillance incomparable. Que vous la portiez au travail ou lors d\u2019une occasion sp\u00e9ciale, cette chevali\u00e8re est le choix parfait pour mettre en valeur votre style. La bo\u00eete dans laquelle vont nos bijoux est un mat\u00e9riau recycl\u00e9, contribuant ainsi \u00e0 l\u2019environnement.    <\/p>\n","protected":false},"featured_media":24277,"comment_status":"open","ping_status":"closed","template":"","meta":{"_acf_changed":false,"_joinchat":[]},"product_brand":[],"product_cat":[1855],"product_tag":[3315,3314,2174,3316],"class_list":{"0":"post-24264","1":"product","2":"type-product","3":"status-publish","4":"has-post-thumbnail","6":"product_cat-bagues-et-bagues","7":"product_tag-bagues-homme-fr","8":"product_tag-chevaliere-en-argent","9":"product_tag-nouveautes-2023","10":"product_tag-sceaux-dargent","12":"first","13":"instock","14":"shipping-taxable","15":"purchasable","16":"product-type-variable"},"acf":[],"yoast_head":"<!-- This site is optimized with the Yoast SEO plugin v27.2 - https:\/\/yoast.com\/product\/yoast-seo-wordpress\/ -->\n<title>Chevali\u00e8re en argent - Yasmin<\/title>\n<meta name=\"description\" content=\"La chevali\u00e8re en argent est un accessoire \u00e9l\u00e9gant et sophistiqu\u00e9, nos bijoux en argent sterling 925 sont durables et robustes, id\u00e9aux pour les hommes et les femmes.\" \/>\n<meta name=\"robots\" content=\"index, follow, max-snippet:-1, max-image-preview:large, max-video-preview:-1\" \/>\n<link rel=\"canonical\" href=\"https:\/\/joyasyasmin.com\/fr\/producto\/chevaliere-en-argent\/\" \/>\n<meta property=\"og:locale\" content=\"fr_FR\" \/>\n<meta property=\"og:title\" content=\"Chevali\u00e8re en argent - Yasmin\" \/>\n<meta property=\"og:description\" content=\"La chevali\u00e8re en argent est un accessoire \u00e9l\u00e9gant et sophistiqu\u00e9, nos bijoux en argent sterling 925 sont durables et robustes, id\u00e9aux pour les hommes et les femmes.\" \/>\n<meta property=\"og:url\" content=\"https:\/\/joyasyasmin.com\/fr\/producto\/chevaliere-en-argent\/\" \/>\n<meta property=\"og:site_name\" content=\"Yasmin\" \/>\n<meta property=\"article:publisher\" content=\"https:\/\/www.facebook.com\/Joyas-Yasmin-217664058934169\/\" \/>\n<meta property=\"article:modified_time\" content=\"2026-02-26T09:00:34+00:00\" \/>\n<meta property=\"og:image\" content=\"https:\/\/joyasyasmin.com\/wp-content\/uploads\/2023\/04\/anillo-sello-negro-plata.jpg\" \/>\n\t<meta property=\"og:image:width\" content=\"1000\" \/>\n\t<meta property=\"og:image:height\" content=\"1000\" \/>\n\t<meta property=\"og:image:type\" content=\"image\/jpeg\" \/>\n<meta name=\"twitter:card\" content=\"summary_large_image\" \/>\n<script type=\"application\/ld+json\" class=\"yoast-schema-graph\">{\"@context\":\"https:\/\/schema.org\",\"@graph\":[{\"@type\":[\"WebPage\",\"ItemPage\"],\"@id\":\"https:\/\/joyasyasmin.com\/fr\/producto\/chevaliere-en-argent\/\",\"url\":\"https:\/\/joyasyasmin.com\/fr\/producto\/chevaliere-en-argent\/\",\"name\":\"Chevali\u00e8re en argent - Yasmin\",\"isPartOf\":{\"@id\":\"https:\/\/joyasyasmin.com\/fr\/#website\"},\"primaryImageOfPage\":{\"@id\":\"https:\/\/joyasyasmin.com\/fr\/producto\/chevaliere-en-argent\/#primaryimage\"},\"image\":{\"@id\":\"https:\/\/joyasyasmin.com\/fr\/producto\/chevaliere-en-argent\/#primaryimage\"},\"thumbnailUrl\":\"https:\/\/joyasyasmin.com\/wp-content\/uploads\/2023\/04\/anillo-sello-negro-plata.jpg\",\"datePublished\":\"2023-04-29T21:17:50+00:00\",\"dateModified\":\"2026-02-26T09:00:34+00:00\",\"description\":\"La chevali\u00e8re en argent est un accessoire \u00e9l\u00e9gant et sophistiqu\u00e9, nos bijoux en argent sterling 925 sont durables et robustes, id\u00e9aux pour les hommes et les femmes.\",\"breadcrumb\":{\"@id\":\"https:\/\/joyasyasmin.com\/fr\/producto\/chevaliere-en-argent\/#breadcrumb\"},\"inLanguage\":\"fr-FR\",\"potentialAction\":[{\"@type\":\"ReadAction\",\"target\":[\"https:\/\/joyasyasmin.com\/fr\/producto\/chevaliere-en-argent\/\"]}]},{\"@type\":\"ImageObject\",\"inLanguage\":\"fr-FR\",\"@id\":\"https:\/\/joyasyasmin.com\/fr\/producto\/chevaliere-en-argent\/#primaryimage\",\"url\":\"https:\/\/joyasyasmin.com\/wp-content\/uploads\/2023\/04\/anillo-sello-negro-plata.jpg\",\"contentUrl\":\"https:\/\/joyasyasmin.com\/wp-content\/uploads\/2023\/04\/anillo-sello-negro-plata.jpg\",\"width\":1000,\"height\":1000,\"caption\":\"Vente Black Seal Bague en argent sterling 925\"},{\"@type\":\"BreadcrumbList\",\"@id\":\"https:\/\/joyasyasmin.com\/fr\/producto\/chevaliere-en-argent\/#breadcrumb\",\"itemListElement\":[{\"@type\":\"ListItem\",\"position\":1,\"name\":\"Portada\",\"item\":\"https:\/\/joyasyasmin.com\/fr\/domicile\/\"},{\"@type\":\"ListItem\",\"position\":2,\"name\":\"Boutique\",\"item\":\"https:\/\/joyasyasmin.com\/fr\/boutique\/\"},{\"@type\":\"ListItem\",\"position\":3,\"name\":\"Chevali\u00e8re en argent\"}]},{\"@type\":\"WebSite\",\"@id\":\"https:\/\/joyasyasmin.com\/fr\/#website\",\"url\":\"https:\/\/joyasyasmin.com\/fr\/\",\"name\":\"Yasmin\",\"description\":\"Joyer\u00eda de Plata 925 - Pendientes, pulseras, anillos, colgantes y m\u00e1s!\",\"publisher\":{\"@id\":\"https:\/\/joyasyasmin.com\/fr\/#organization\"},\"potentialAction\":[{\"@type\":\"SearchAction\",\"target\":{\"@type\":\"EntryPoint\",\"urlTemplate\":\"https:\/\/joyasyasmin.com\/fr\/?s={search_term_string}\"},\"query-input\":{\"@type\":\"PropertyValueSpecification\",\"valueRequired\":true,\"valueName\":\"search_term_string\"}}],\"inLanguage\":\"fr-FR\"},{\"@type\":\"Organization\",\"@id\":\"https:\/\/joyasyasmin.com\/fr\/#organization\",\"name\":\"joyas yasmin\",\"url\":\"https:\/\/joyasyasmin.com\/fr\/\",\"logo\":{\"@type\":\"ImageObject\",\"inLanguage\":\"fr-FR\",\"@id\":\"https:\/\/joyasyasmin.com\/fr\/#\/schema\/logo\/image\/\",\"url\":\"https:\/\/joyasyasmin.com\/wp-content\/uploads\/2017\/06\/IMG-20200429-WA0051.jpg\",\"contentUrl\":\"https:\/\/joyasyasmin.com\/wp-content\/uploads\/2017\/06\/IMG-20200429-WA0051.jpg\",\"width\":1080,\"height\":545,\"caption\":\"joyas yasmin\"},\"image\":{\"@id\":\"https:\/\/joyasyasmin.com\/fr\/#\/schema\/logo\/image\/\"},\"sameAs\":[\"https:\/\/www.facebook.com\/Joyas-Yasmin-217664058934169\/\",\"https:\/\/www.instagram.com\/invites\/contact\/\"]}]}<\/script>\n<!-- \/ Yoast SEO plugin. -->","yoast_head_json":{"title":"Chevali\u00e8re en argent - Yasmin","description":"La chevali\u00e8re en argent est un accessoire \u00e9l\u00e9gant et sophistiqu\u00e9, nos bijoux en argent sterling 925 sont durables et robustes, id\u00e9aux pour les hommes et les femmes.","robots":{"index":"index","follow":"follow","max-snippet":"max-snippet:-1","max-image-preview":"max-image-preview:large","max-video-preview":"max-video-preview:-1"},"canonical":"https:\/\/joyasyasmin.com\/fr\/producto\/chevaliere-en-argent\/","og_locale":"fr_FR","og_title":"Chevali\u00e8re en argent - Yasmin","og_description":"La chevali\u00e8re en argent est un accessoire \u00e9l\u00e9gant et sophistiqu\u00e9, nos bijoux en argent sterling 925 sont durables et robustes, id\u00e9aux pour les hommes et les femmes.","og_url":"https:\/\/joyasyasmin.com\/fr\/producto\/chevaliere-en-argent\/","og_site_name":"Yasmin","article_publisher":"https:\/\/www.facebook.com\/Joyas-Yasmin-217664058934169\/","article_modified_time":"2026-02-26T09:00:34+00:00","og_image":[{"width":1000,"height":1000,"url":"https:\/\/joyasyasmin.com\/wp-content\/uploads\/2023\/04\/anillo-sello-negro-plata.jpg","type":"image\/jpeg"}],"twitter_card":"summary_large_image","schema":{"@context":"https:\/\/schema.org","@graph":[{"@type":["WebPage","ItemPage"],"@id":"https:\/\/joyasyasmin.com\/fr\/producto\/chevaliere-en-argent\/","url":"https:\/\/joyasyasmin.com\/fr\/producto\/chevaliere-en-argent\/","name":"Chevali\u00e8re en argent - Yasmin","isPartOf":{"@id":"https:\/\/joyasyasmin.com\/fr\/#website"},"primaryImageOfPage":{"@id":"https:\/\/joyasyasmin.com\/fr\/producto\/chevaliere-en-argent\/#primaryimage"},"image":{"@id":"https:\/\/joyasyasmin.com\/fr\/producto\/chevaliere-en-argent\/#primaryimage"},"thumbnailUrl":"https:\/\/joyasyasmin.com\/wp-content\/uploads\/2023\/04\/anillo-sello-negro-plata.jpg","datePublished":"2023-04-29T21:17:50+00:00","dateModified":"2026-02-26T09:00:34+00:00","description":"La chevali\u00e8re en argent est un accessoire \u00e9l\u00e9gant et sophistiqu\u00e9, nos bijoux en argent sterling 925 sont durables et robustes, id\u00e9aux pour les hommes et les femmes.","breadcrumb":{"@id":"https:\/\/joyasyasmin.com\/fr\/producto\/chevaliere-en-argent\/#breadcrumb"},"inLanguage":"fr-FR","potentialAction":[{"@type":"ReadAction","target":["https:\/\/joyasyasmin.com\/fr\/producto\/chevaliere-en-argent\/"]}]},{"@type":"ImageObject","inLanguage":"fr-FR","@id":"https:\/\/joyasyasmin.com\/fr\/producto\/chevaliere-en-argent\/#primaryimage","url":"https:\/\/joyasyasmin.com\/wp-content\/uploads\/2023\/04\/anillo-sello-negro-plata.jpg","contentUrl":"https:\/\/joyasyasmin.com\/wp-content\/uploads\/2023\/04\/anillo-sello-negro-plata.jpg","width":1000,"height":1000,"caption":"Vente Black Seal Bague en argent sterling 925"},{"@type":"BreadcrumbList","@id":"https:\/\/joyasyasmin.com\/fr\/producto\/chevaliere-en-argent\/#breadcrumb","itemListElement":[{"@type":"ListItem","position":1,"name":"Portada","item":"https:\/\/joyasyasmin.com\/fr\/domicile\/"},{"@type":"ListItem","position":2,"name":"Boutique","item":"https:\/\/joyasyasmin.com\/fr\/boutique\/"},{"@type":"ListItem","position":3,"name":"Chevali\u00e8re en argent"}]},{"@type":"WebSite","@id":"https:\/\/joyasyasmin.com\/fr\/#website","url":"https:\/\/joyasyasmin.com\/fr\/","name":"Yasmin","description":"Joyer\u00eda de Plata 925 - Pendientes, pulseras, anillos, colgantes y m\u00e1s!","publisher":{"@id":"https:\/\/joyasyasmin.com\/fr\/#organization"},"potentialAction":[{"@type":"SearchAction","target":{"@type":"EntryPoint","urlTemplate":"https:\/\/joyasyasmin.com\/fr\/?s={search_term_string}"},"query-input":{"@type":"PropertyValueSpecification","valueRequired":true,"valueName":"search_term_string"}}],"inLanguage":"fr-FR"},{"@type":"Organization","@id":"https:\/\/joyasyasmin.com\/fr\/#organization","name":"joyas yasmin","url":"https:\/\/joyasyasmin.com\/fr\/","logo":{"@type":"ImageObject","inLanguage":"fr-FR","@id":"https:\/\/joyasyasmin.com\/fr\/#\/schema\/logo\/image\/","url":"https:\/\/joyasyasmin.com\/wp-content\/uploads\/2017\/06\/IMG-20200429-WA0051.jpg","contentUrl":"https:\/\/joyasyasmin.com\/wp-content\/uploads\/2017\/06\/IMG-20200429-WA0051.jpg","width":1080,"height":545,"caption":"joyas yasmin"},"image":{"@id":"https:\/\/joyasyasmin.com\/fr\/#\/schema\/logo\/image\/"},"sameAs":["https:\/\/www.facebook.com\/Joyas-Yasmin-217664058934169\/","https:\/\/www.instagram.com\/invites\/contact\/"]}]}},"_links":{"self":[{"href":"https:\/\/joyasyasmin.com\/fr\/wp-json\/wp\/v2\/product\/24264","targetHints":{"allow":["GET"]}}],"collection":[{"href":"https:\/\/joyasyasmin.com\/fr\/wp-json\/wp\/v2\/product"}],"about":[{"href":"https:\/\/joyasyasmin.com\/fr\/wp-json\/wp\/v2\/types\/product"}],"replies":[{"embeddable":true,"href":"https:\/\/joyasyasmin.com\/fr\/wp-json\/wp\/v2\/comments?post=24264"}],"version-history":[{"count":1,"href":"https:\/\/joyasyasmin.com\/fr\/wp-json\/wp\/v2\/product\/24264\/revisions"}],"predecessor-version":[{"id":38346,"href":"https:\/\/joyasyasmin.com\/fr\/wp-json\/wp\/v2\/product\/24264\/revisions\/38346"}],"wp:featuredmedia":[{"embeddable":true,"href":"https:\/\/joyasyasmin.com\/fr\/wp-json\/wp\/v2\/media\/24277"}],"wp:attachment":[{"href":"https:\/\/joyasyasmin.com\/fr\/wp-json\/wp\/v2\/media?parent=24264"}],"wp:term":[{"taxonomy":"product_brand","embeddable":true,"href":"https:\/\/joyasyasmin.com\/fr\/wp-json\/wp\/v2\/product_brand?post=24264"},{"taxonomy":"product_cat","embeddable":true,"href":"https:\/\/joyasyasmin.com\/fr\/wp-json\/wp\/v2\/product_cat?post=24264"},{"taxonomy":"product_tag","embeddable":true,"href":"https:\/\/joyasyasmin.com\/fr\/wp-json\/wp\/v2\/product_tag?post=24264"}],"curies":[{"name":"wp","href":"https:\/\/api.w.org\/{rel}","templated":true}]}}