{"id":24315,"date":"2023-05-08T19:57:04","date_gmt":"2023-05-08T19:57:04","guid":{"rendered":"https:\/\/joyasyasmin.com\/producto\/bracelet-riviere-carre-pierre\/"},"modified":"2025-05-13T11:09:06","modified_gmt":"2025-05-13T11:09:06","slug":"bracelet-riviere-carre-pierre","status":"publish","type":"product","link":"https:\/\/joyasyasmin.com\/fr\/producto\/bracelet-riviere-carre-pierre\/","title":{"rendered":"Bracelet Riviere Carr\u00e9 Pierre"},"content":{"rendered":"","protected":false},"excerpt":{"rendered":"<p>Ce bracelet carr\u00e9 en pierre Riviere de couleur argent sterling est une pi\u00e8ce \u00e9l\u00e9gante et intemporelle qui s\u2019adapte \u00e0 tous les styles. D\u2019une largeur de 2mm, le bracelet est orn\u00e9 de beaux zircons carr\u00e9s de diff\u00e9rentes couleurs qui brillent sous n\u2019importe quelle lumi\u00e8re. Le mat\u00e9riau en argent sterling 925 garantit que le bracelet est durable et robuste, et le fermoir de s\u00e9curit\u00e9 garantit qu\u2019il reste bien en place sur votre poignet. Le bracelet mesure 16cm. Que vous le portiez pour une soir\u00e9e de gala ou pour ajouter une touche d\u2019\u00e9clat \u00e0 votre look de tous les jours. La bo\u00eete dans laquelle vont nos bijoux est faite de carton recycl\u00e9 contribuant \u00e0 l\u2019environnement.     <\/p>\n","protected":false},"featured_media":24320,"comment_status":"open","ping_status":"closed","template":"","meta":{"_acf_changed":false,"_joinchat":[]},"product_brand":[],"product_cat":[1790],"product_tag":[3342,3343,3341,2174],"class_list":{"0":"post-24315","1":"product","2":"type-product","3":"status-publish","4":"has-post-thumbnail","6":"product_cat-bracelets","7":"product_tag-bracelet-en-argent-sterling-zircone","8":"product_tag-bracelet-pierre-carre-riviera","9":"product_tag-bracelet-pierre-de-couleur-riviere","10":"product_tag-nouveautes-2023","12":"first","13":"instock","14":"shipping-taxable","15":"purchasable","16":"product-type-simple"},"acf":[],"yoast_head":"<!-- This site is optimized with the Yoast SEO plugin v27.2 - https:\/\/yoast.com\/product\/yoast-seo-wordpress\/ -->\n<title>Bracelet Riviere Carr\u00e9 Pierre - Yasmin<\/title>\n<meta name=\"description\" content=\"Le Bracelet Carr\u00e9 Pierre Couleur Rivi\u00e8re est un bijou en argent sterling 925, c\u2019est un accessoire qui apportera \u00c9l\u00e9gance et Style, sa largeur de 3mm. Livraison gratuite.\" \/>\n<meta name=\"robots\" content=\"index, follow, max-snippet:-1, max-image-preview:large, max-video-preview:-1\" \/>\n<link rel=\"canonical\" href=\"https:\/\/joyasyasmin.com\/fr\/producto\/bracelet-riviere-carre-pierre\/\" \/>\n<meta property=\"og:locale\" content=\"fr_FR\" \/>\n<meta property=\"og:title\" content=\"Bracelet Riviere Carr\u00e9 Pierre - Yasmin\" \/>\n<meta property=\"og:description\" content=\"Le Bracelet Carr\u00e9 Pierre Couleur Rivi\u00e8re est un bijou en argent sterling 925, c\u2019est un accessoire qui apportera \u00c9l\u00e9gance et Style, sa largeur de 3mm. Livraison gratuite.\" \/>\n<meta property=\"og:url\" content=\"https:\/\/joyasyasmin.com\/fr\/producto\/bracelet-riviere-carre-pierre\/\" \/>\n<meta property=\"og:site_name\" content=\"Yasmin\" \/>\n<meta property=\"article:publisher\" content=\"https:\/\/www.facebook.com\/Joyas-Yasmin-217664058934169\/\" \/>\n<meta property=\"article:modified_time\" content=\"2025-05-13T11:09:06+00:00\" \/>\n<meta property=\"og:image\" content=\"https:\/\/joyasyasmin.com\/wp-content\/uploads\/2023\/05\/pulsera-rivier-circonita-color.jpg\" \/>\n\t<meta property=\"og:image:width\" content=\"1000\" \/>\n\t<meta property=\"og:image:height\" content=\"1000\" \/>\n\t<meta property=\"og:image:type\" content=\"image\/jpeg\" \/>\n<meta name=\"twitter:card\" content=\"summary_large_image\" \/>\n<script type=\"application\/ld+json\" class=\"yoast-schema-graph\">{\"@context\":\"https:\/\/schema.org\",\"@graph\":[{\"@type\":[\"WebPage\",\"ItemPage\"],\"@id\":\"https:\/\/joyasyasmin.com\/fr\/producto\/bracelet-riviere-carre-pierre\/\",\"url\":\"https:\/\/joyasyasmin.com\/fr\/producto\/bracelet-riviere-carre-pierre\/\",\"name\":\"Bracelet Riviere Carr\u00e9 Pierre - Yasmin\",\"isPartOf\":{\"@id\":\"https:\/\/joyasyasmin.com\/fr\/#website\"},\"primaryImageOfPage\":{\"@id\":\"https:\/\/joyasyasmin.com\/fr\/producto\/bracelet-riviere-carre-pierre\/#primaryimage\"},\"image\":{\"@id\":\"https:\/\/joyasyasmin.com\/fr\/producto\/bracelet-riviere-carre-pierre\/#primaryimage\"},\"thumbnailUrl\":\"https:\/\/joyasyasmin.com\/wp-content\/uploads\/2023\/05\/pulsera-rivier-circonita-color.jpg\",\"datePublished\":\"2023-05-08T19:57:04+00:00\",\"dateModified\":\"2025-05-13T11:09:06+00:00\",\"description\":\"Le Bracelet Carr\u00e9 Pierre Couleur Rivi\u00e8re est un bijou en argent sterling 925, c\u2019est un accessoire qui apportera \u00c9l\u00e9gance et Style, sa largeur de 3mm. Livraison gratuite.\",\"breadcrumb\":{\"@id\":\"https:\/\/joyasyasmin.com\/fr\/producto\/bracelet-riviere-carre-pierre\/#breadcrumb\"},\"inLanguage\":\"fr-FR\",\"potentialAction\":[{\"@type\":\"ReadAction\",\"target\":[\"https:\/\/joyasyasmin.com\/fr\/producto\/bracelet-riviere-carre-pierre\/\"]}]},{\"@type\":\"ImageObject\",\"inLanguage\":\"fr-FR\",\"@id\":\"https:\/\/joyasyasmin.com\/fr\/producto\/bracelet-riviere-carre-pierre\/#primaryimage\",\"url\":\"https:\/\/joyasyasmin.com\/wp-content\/uploads\/2023\/05\/pulsera-rivier-circonita-color.jpg\",\"contentUrl\":\"https:\/\/joyasyasmin.com\/wp-content\/uploads\/2023\/05\/pulsera-rivier-circonita-color.jpg\",\"width\":1000,\"height\":1000,\"caption\":\"Vente Riviera Zircone Bracelet Argent Sterling 925 Couleur\"},{\"@type\":\"BreadcrumbList\",\"@id\":\"https:\/\/joyasyasmin.com\/fr\/producto\/bracelet-riviere-carre-pierre\/#breadcrumb\",\"itemListElement\":[{\"@type\":\"ListItem\",\"position\":1,\"name\":\"Portada\",\"item\":\"https:\/\/joyasyasmin.com\/fr\/domicile\/\"},{\"@type\":\"ListItem\",\"position\":2,\"name\":\"Boutique\",\"item\":\"https:\/\/joyasyasmin.com\/fr\/boutique\/\"},{\"@type\":\"ListItem\",\"position\":3,\"name\":\"Bracelet Riviere Carr\u00e9 Pierre\"}]},{\"@type\":\"WebSite\",\"@id\":\"https:\/\/joyasyasmin.com\/fr\/#website\",\"url\":\"https:\/\/joyasyasmin.com\/fr\/\",\"name\":\"Yasmin\",\"description\":\"Joyer\u00eda de Plata 925 - Pendientes, pulseras, anillos, colgantes y m\u00e1s!\",\"publisher\":{\"@id\":\"https:\/\/joyasyasmin.com\/fr\/#organization\"},\"potentialAction\":[{\"@type\":\"SearchAction\",\"target\":{\"@type\":\"EntryPoint\",\"urlTemplate\":\"https:\/\/joyasyasmin.com\/fr\/?s={search_term_string}\"},\"query-input\":{\"@type\":\"PropertyValueSpecification\",\"valueRequired\":true,\"valueName\":\"search_term_string\"}}],\"inLanguage\":\"fr-FR\"},{\"@type\":\"Organization\",\"@id\":\"https:\/\/joyasyasmin.com\/fr\/#organization\",\"name\":\"joyas yasmin\",\"url\":\"https:\/\/joyasyasmin.com\/fr\/\",\"logo\":{\"@type\":\"ImageObject\",\"inLanguage\":\"fr-FR\",\"@id\":\"https:\/\/joyasyasmin.com\/fr\/#\/schema\/logo\/image\/\",\"url\":\"https:\/\/joyasyasmin.com\/wp-content\/uploads\/2017\/06\/IMG-20200429-WA0051.jpg\",\"contentUrl\":\"https:\/\/joyasyasmin.com\/wp-content\/uploads\/2017\/06\/IMG-20200429-WA0051.jpg\",\"width\":1080,\"height\":545,\"caption\":\"joyas yasmin\"},\"image\":{\"@id\":\"https:\/\/joyasyasmin.com\/fr\/#\/schema\/logo\/image\/\"},\"sameAs\":[\"https:\/\/www.facebook.com\/Joyas-Yasmin-217664058934169\/\",\"https:\/\/www.instagram.com\/invites\/contact\/\"]}]}<\/script>\n<!-- \/ Yoast SEO plugin. -->","yoast_head_json":{"title":"Bracelet Riviere Carr\u00e9 Pierre - Yasmin","description":"Le Bracelet Carr\u00e9 Pierre Couleur Rivi\u00e8re est un bijou en argent sterling 925, c\u2019est un accessoire qui apportera \u00c9l\u00e9gance et Style, sa largeur de 3mm. Livraison gratuite.","robots":{"index":"index","follow":"follow","max-snippet":"max-snippet:-1","max-image-preview":"max-image-preview:large","max-video-preview":"max-video-preview:-1"},"canonical":"https:\/\/joyasyasmin.com\/fr\/producto\/bracelet-riviere-carre-pierre\/","og_locale":"fr_FR","og_title":"Bracelet Riviere Carr\u00e9 Pierre - Yasmin","og_description":"Le Bracelet Carr\u00e9 Pierre Couleur Rivi\u00e8re est un bijou en argent sterling 925, c\u2019est un accessoire qui apportera \u00c9l\u00e9gance et Style, sa largeur de 3mm. Livraison gratuite.","og_url":"https:\/\/joyasyasmin.com\/fr\/producto\/bracelet-riviere-carre-pierre\/","og_site_name":"Yasmin","article_publisher":"https:\/\/www.facebook.com\/Joyas-Yasmin-217664058934169\/","article_modified_time":"2025-05-13T11:09:06+00:00","og_image":[{"width":1000,"height":1000,"url":"https:\/\/joyasyasmin.com\/wp-content\/uploads\/2023\/05\/pulsera-rivier-circonita-color.jpg","type":"image\/jpeg"}],"twitter_card":"summary_large_image","schema":{"@context":"https:\/\/schema.org","@graph":[{"@type":["WebPage","ItemPage"],"@id":"https:\/\/joyasyasmin.com\/fr\/producto\/bracelet-riviere-carre-pierre\/","url":"https:\/\/joyasyasmin.com\/fr\/producto\/bracelet-riviere-carre-pierre\/","name":"Bracelet Riviere Carr\u00e9 Pierre - Yasmin","isPartOf":{"@id":"https:\/\/joyasyasmin.com\/fr\/#website"},"primaryImageOfPage":{"@id":"https:\/\/joyasyasmin.com\/fr\/producto\/bracelet-riviere-carre-pierre\/#primaryimage"},"image":{"@id":"https:\/\/joyasyasmin.com\/fr\/producto\/bracelet-riviere-carre-pierre\/#primaryimage"},"thumbnailUrl":"https:\/\/joyasyasmin.com\/wp-content\/uploads\/2023\/05\/pulsera-rivier-circonita-color.jpg","datePublished":"2023-05-08T19:57:04+00:00","dateModified":"2025-05-13T11:09:06+00:00","description":"Le Bracelet Carr\u00e9 Pierre Couleur Rivi\u00e8re est un bijou en argent sterling 925, c\u2019est un accessoire qui apportera \u00c9l\u00e9gance et Style, sa largeur de 3mm. Livraison gratuite.","breadcrumb":{"@id":"https:\/\/joyasyasmin.com\/fr\/producto\/bracelet-riviere-carre-pierre\/#breadcrumb"},"inLanguage":"fr-FR","potentialAction":[{"@type":"ReadAction","target":["https:\/\/joyasyasmin.com\/fr\/producto\/bracelet-riviere-carre-pierre\/"]}]},{"@type":"ImageObject","inLanguage":"fr-FR","@id":"https:\/\/joyasyasmin.com\/fr\/producto\/bracelet-riviere-carre-pierre\/#primaryimage","url":"https:\/\/joyasyasmin.com\/wp-content\/uploads\/2023\/05\/pulsera-rivier-circonita-color.jpg","contentUrl":"https:\/\/joyasyasmin.com\/wp-content\/uploads\/2023\/05\/pulsera-rivier-circonita-color.jpg","width":1000,"height":1000,"caption":"Vente Riviera Zircone Bracelet Argent Sterling 925 Couleur"},{"@type":"BreadcrumbList","@id":"https:\/\/joyasyasmin.com\/fr\/producto\/bracelet-riviere-carre-pierre\/#breadcrumb","itemListElement":[{"@type":"ListItem","position":1,"name":"Portada","item":"https:\/\/joyasyasmin.com\/fr\/domicile\/"},{"@type":"ListItem","position":2,"name":"Boutique","item":"https:\/\/joyasyasmin.com\/fr\/boutique\/"},{"@type":"ListItem","position":3,"name":"Bracelet Riviere Carr\u00e9 Pierre"}]},{"@type":"WebSite","@id":"https:\/\/joyasyasmin.com\/fr\/#website","url":"https:\/\/joyasyasmin.com\/fr\/","name":"Yasmin","description":"Joyer\u00eda de Plata 925 - Pendientes, pulseras, anillos, colgantes y m\u00e1s!","publisher":{"@id":"https:\/\/joyasyasmin.com\/fr\/#organization"},"potentialAction":[{"@type":"SearchAction","target":{"@type":"EntryPoint","urlTemplate":"https:\/\/joyasyasmin.com\/fr\/?s={search_term_string}"},"query-input":{"@type":"PropertyValueSpecification","valueRequired":true,"valueName":"search_term_string"}}],"inLanguage":"fr-FR"},{"@type":"Organization","@id":"https:\/\/joyasyasmin.com\/fr\/#organization","name":"joyas yasmin","url":"https:\/\/joyasyasmin.com\/fr\/","logo":{"@type":"ImageObject","inLanguage":"fr-FR","@id":"https:\/\/joyasyasmin.com\/fr\/#\/schema\/logo\/image\/","url":"https:\/\/joyasyasmin.com\/wp-content\/uploads\/2017\/06\/IMG-20200429-WA0051.jpg","contentUrl":"https:\/\/joyasyasmin.com\/wp-content\/uploads\/2017\/06\/IMG-20200429-WA0051.jpg","width":1080,"height":545,"caption":"joyas yasmin"},"image":{"@id":"https:\/\/joyasyasmin.com\/fr\/#\/schema\/logo\/image\/"},"sameAs":["https:\/\/www.facebook.com\/Joyas-Yasmin-217664058934169\/","https:\/\/www.instagram.com\/invites\/contact\/"]}]}},"_links":{"self":[{"href":"https:\/\/joyasyasmin.com\/fr\/wp-json\/wp\/v2\/product\/24315","targetHints":{"allow":["GET"]}}],"collection":[{"href":"https:\/\/joyasyasmin.com\/fr\/wp-json\/wp\/v2\/product"}],"about":[{"href":"https:\/\/joyasyasmin.com\/fr\/wp-json\/wp\/v2\/types\/product"}],"replies":[{"embeddable":true,"href":"https:\/\/joyasyasmin.com\/fr\/wp-json\/wp\/v2\/comments?post=24315"}],"version-history":[{"count":1,"href":"https:\/\/joyasyasmin.com\/fr\/wp-json\/wp\/v2\/product\/24315\/revisions"}],"predecessor-version":[{"id":32498,"href":"https:\/\/joyasyasmin.com\/fr\/wp-json\/wp\/v2\/product\/24315\/revisions\/32498"}],"wp:featuredmedia":[{"embeddable":true,"href":"https:\/\/joyasyasmin.com\/fr\/wp-json\/wp\/v2\/media\/24320"}],"wp:attachment":[{"href":"https:\/\/joyasyasmin.com\/fr\/wp-json\/wp\/v2\/media?parent=24315"}],"wp:term":[{"taxonomy":"product_brand","embeddable":true,"href":"https:\/\/joyasyasmin.com\/fr\/wp-json\/wp\/v2\/product_brand?post=24315"},{"taxonomy":"product_cat","embeddable":true,"href":"https:\/\/joyasyasmin.com\/fr\/wp-json\/wp\/v2\/product_cat?post=24315"},{"taxonomy":"product_tag","embeddable":true,"href":"https:\/\/joyasyasmin.com\/fr\/wp-json\/wp\/v2\/product_tag?post=24315"}],"curies":[{"name":"wp","href":"https:\/\/api.w.org\/{rel}","templated":true}]}}