{"id":24511,"date":"2022-11-13T12:36:03","date_gmt":"2022-11-13T12:36:03","guid":{"rendered":"https:\/\/joyasyasmin.com\/producto\/tour-de-cou-double-karma\/"},"modified":"2025-11-10T12:00:32","modified_gmt":"2025-11-10T12:00:32","slug":"tour-de-cou-double-karma","status":"publish","type":"product","link":"https:\/\/joyasyasmin.com\/fr\/producto\/tour-de-cou-double-karma\/","title":{"rendered":"Tour de cou Double Karma"},"content":{"rendered":"","protected":false},"excerpt":{"rendered":"<p>Double Karma Choker est un bijou en argent sterling 925 qui combine deux cercles de tailles diff\u00e9rentes, le plus grand de 14mm et l\u2019autre de 12mm, la longueur de la cha\u00eene est de 38 + 5 cm. L\u2019ensemble de son design est en argent lisse et nous avons \u00e9galement ce mod\u00e8le en argent dor\u00e9 \u00e0 trois microns en or 18 carats. <\/p>\n<p>&nbsp;<\/p>\n","protected":false},"featured_media":24514,"comment_status":"open","ping_status":"closed","template":"","meta":{"_acf_changed":false,"_joinchat":[]},"product_brand":[],"product_cat":[1870],"product_tag":[3415,3141,3414],"class_list":{"0":"post-24511","1":"product","2":"type-product","3":"status-publish","4":"has-post-thumbnail","6":"product_cat-colliers-fr","7":"product_tag-colliers-denergie","8":"product_tag-quoi-de-neuf-en-2022","9":"product_tag-tour-de-cou-double-karma","11":"first","12":"instock","13":"shipping-taxable","14":"purchasable","15":"product-type-variable"},"acf":[],"yoast_head":"<!-- This site is optimized with the Yoast SEO plugin v27.2 - https:\/\/yoast.com\/product\/yoast-seo-wordpress\/ -->\n<title>Tour de cou Double Karma - Yasmin<\/title>\n<meta name=\"description\" content=\"Double Karma Choker est un petit bijou qui vous aidera avec l\u2019\u00e9quilibre et la justice, il nous apportera la tranquillit\u00e9 d\u2019esprit, il est en argent sterling 925. Livraison gratuite.\" \/>\n<meta name=\"robots\" content=\"index, follow, max-snippet:-1, max-image-preview:large, max-video-preview:-1\" \/>\n<link rel=\"canonical\" href=\"https:\/\/joyasyasmin.com\/fr\/producto\/tour-de-cou-double-karma\/\" \/>\n<meta property=\"og:locale\" content=\"fr_FR\" \/>\n<meta property=\"og:title\" content=\"Tour de cou Double Karma - Yasmin\" \/>\n<meta property=\"og:description\" content=\"Double Karma Choker est un petit bijou qui vous aidera avec l\u2019\u00e9quilibre et la justice, il nous apportera la tranquillit\u00e9 d\u2019esprit, il est en argent sterling 925. Livraison gratuite.\" \/>\n<meta property=\"og:url\" content=\"https:\/\/joyasyasmin.com\/fr\/producto\/tour-de-cou-double-karma\/\" \/>\n<meta property=\"og:site_name\" content=\"Yasmin\" \/>\n<meta property=\"article:publisher\" content=\"https:\/\/www.facebook.com\/Joyas-Yasmin-217664058934169\/\" \/>\n<meta property=\"article:modified_time\" content=\"2025-11-10T12:00:32+00:00\" \/>\n<meta property=\"og:image\" content=\"https:\/\/joyasyasmin.com\/wp-content\/uploads\/2022\/11\/gargantilla-karma-plata.jpg\" \/>\n\t<meta property=\"og:image:width\" content=\"1000\" \/>\n\t<meta property=\"og:image:height\" content=\"1000\" \/>\n\t<meta property=\"og:image:type\" content=\"image\/jpeg\" \/>\n<meta name=\"twitter:card\" content=\"summary_large_image\" \/>\n<script type=\"application\/ld+json\" class=\"yoast-schema-graph\">{\"@context\":\"https:\/\/schema.org\",\"@graph\":[{\"@type\":[\"WebPage\",\"ItemPage\"],\"@id\":\"https:\/\/joyasyasmin.com\/fr\/producto\/tour-de-cou-double-karma\/\",\"url\":\"https:\/\/joyasyasmin.com\/fr\/producto\/tour-de-cou-double-karma\/\",\"name\":\"Tour de cou Double Karma - Yasmin\",\"isPartOf\":{\"@id\":\"https:\/\/joyasyasmin.com\/fr\/#website\"},\"primaryImageOfPage\":{\"@id\":\"https:\/\/joyasyasmin.com\/fr\/producto\/tour-de-cou-double-karma\/#primaryimage\"},\"image\":{\"@id\":\"https:\/\/joyasyasmin.com\/fr\/producto\/tour-de-cou-double-karma\/#primaryimage\"},\"thumbnailUrl\":\"https:\/\/joyasyasmin.com\/wp-content\/uploads\/2022\/11\/gargantilla-karma-plata.jpg\",\"datePublished\":\"2022-11-13T12:36:03+00:00\",\"dateModified\":\"2025-11-10T12:00:32+00:00\",\"description\":\"Double Karma Choker est un petit bijou qui vous aidera avec l\u2019\u00e9quilibre et la justice, il nous apportera la tranquillit\u00e9 d\u2019esprit, il est en argent sterling 925. Livraison gratuite.\",\"breadcrumb\":{\"@id\":\"https:\/\/joyasyasmin.com\/fr\/producto\/tour-de-cou-double-karma\/#breadcrumb\"},\"inLanguage\":\"fr-FR\",\"potentialAction\":[{\"@type\":\"ReadAction\",\"target\":[\"https:\/\/joyasyasmin.com\/fr\/producto\/tour-de-cou-double-karma\/\"]}]},{\"@type\":\"ImageObject\",\"inLanguage\":\"fr-FR\",\"@id\":\"https:\/\/joyasyasmin.com\/fr\/producto\/tour-de-cou-double-karma\/#primaryimage\",\"url\":\"https:\/\/joyasyasmin.com\/wp-content\/uploads\/2022\/11\/gargantilla-karma-plata.jpg\",\"contentUrl\":\"https:\/\/joyasyasmin.com\/wp-content\/uploads\/2022\/11\/gargantilla-karma-plata.jpg\",\"width\":1000,\"height\":1000,\"caption\":\"Karma 925 ras de cou en argent sterling \u00e0 vendre, deux tailles diff\u00e9rentes de cercle uni\"},{\"@type\":\"BreadcrumbList\",\"@id\":\"https:\/\/joyasyasmin.com\/fr\/producto\/tour-de-cou-double-karma\/#breadcrumb\",\"itemListElement\":[{\"@type\":\"ListItem\",\"position\":1,\"name\":\"Portada\",\"item\":\"https:\/\/joyasyasmin.com\/fr\/domicile\/\"},{\"@type\":\"ListItem\",\"position\":2,\"name\":\"Boutique\",\"item\":\"https:\/\/joyasyasmin.com\/fr\/boutique\/\"},{\"@type\":\"ListItem\",\"position\":3,\"name\":\"Tour de cou Double Karma\"}]},{\"@type\":\"WebSite\",\"@id\":\"https:\/\/joyasyasmin.com\/fr\/#website\",\"url\":\"https:\/\/joyasyasmin.com\/fr\/\",\"name\":\"Yasmin\",\"description\":\"Joyer\u00eda de Plata 925 - Pendientes, pulseras, anillos, colgantes y m\u00e1s!\",\"publisher\":{\"@id\":\"https:\/\/joyasyasmin.com\/fr\/#organization\"},\"potentialAction\":[{\"@type\":\"SearchAction\",\"target\":{\"@type\":\"EntryPoint\",\"urlTemplate\":\"https:\/\/joyasyasmin.com\/fr\/?s={search_term_string}\"},\"query-input\":{\"@type\":\"PropertyValueSpecification\",\"valueRequired\":true,\"valueName\":\"search_term_string\"}}],\"inLanguage\":\"fr-FR\"},{\"@type\":\"Organization\",\"@id\":\"https:\/\/joyasyasmin.com\/fr\/#organization\",\"name\":\"joyas yasmin\",\"url\":\"https:\/\/joyasyasmin.com\/fr\/\",\"logo\":{\"@type\":\"ImageObject\",\"inLanguage\":\"fr-FR\",\"@id\":\"https:\/\/joyasyasmin.com\/fr\/#\/schema\/logo\/image\/\",\"url\":\"https:\/\/joyasyasmin.com\/wp-content\/uploads\/2017\/06\/IMG-20200429-WA0051.jpg\",\"contentUrl\":\"https:\/\/joyasyasmin.com\/wp-content\/uploads\/2017\/06\/IMG-20200429-WA0051.jpg\",\"width\":1080,\"height\":545,\"caption\":\"joyas yasmin\"},\"image\":{\"@id\":\"https:\/\/joyasyasmin.com\/fr\/#\/schema\/logo\/image\/\"},\"sameAs\":[\"https:\/\/www.facebook.com\/Joyas-Yasmin-217664058934169\/\",\"https:\/\/www.instagram.com\/invites\/contact\/\"]}]}<\/script>\n<!-- \/ Yoast SEO plugin. -->","yoast_head_json":{"title":"Tour de cou Double Karma - Yasmin","description":"Double Karma Choker est un petit bijou qui vous aidera avec l\u2019\u00e9quilibre et la justice, il nous apportera la tranquillit\u00e9 d\u2019esprit, il est en argent sterling 925. Livraison gratuite.","robots":{"index":"index","follow":"follow","max-snippet":"max-snippet:-1","max-image-preview":"max-image-preview:large","max-video-preview":"max-video-preview:-1"},"canonical":"https:\/\/joyasyasmin.com\/fr\/producto\/tour-de-cou-double-karma\/","og_locale":"fr_FR","og_title":"Tour de cou Double Karma - Yasmin","og_description":"Double Karma Choker est un petit bijou qui vous aidera avec l\u2019\u00e9quilibre et la justice, il nous apportera la tranquillit\u00e9 d\u2019esprit, il est en argent sterling 925. Livraison gratuite.","og_url":"https:\/\/joyasyasmin.com\/fr\/producto\/tour-de-cou-double-karma\/","og_site_name":"Yasmin","article_publisher":"https:\/\/www.facebook.com\/Joyas-Yasmin-217664058934169\/","article_modified_time":"2025-11-10T12:00:32+00:00","og_image":[{"width":1000,"height":1000,"url":"https:\/\/joyasyasmin.com\/wp-content\/uploads\/2022\/11\/gargantilla-karma-plata.jpg","type":"image\/jpeg"}],"twitter_card":"summary_large_image","schema":{"@context":"https:\/\/schema.org","@graph":[{"@type":["WebPage","ItemPage"],"@id":"https:\/\/joyasyasmin.com\/fr\/producto\/tour-de-cou-double-karma\/","url":"https:\/\/joyasyasmin.com\/fr\/producto\/tour-de-cou-double-karma\/","name":"Tour de cou Double Karma - Yasmin","isPartOf":{"@id":"https:\/\/joyasyasmin.com\/fr\/#website"},"primaryImageOfPage":{"@id":"https:\/\/joyasyasmin.com\/fr\/producto\/tour-de-cou-double-karma\/#primaryimage"},"image":{"@id":"https:\/\/joyasyasmin.com\/fr\/producto\/tour-de-cou-double-karma\/#primaryimage"},"thumbnailUrl":"https:\/\/joyasyasmin.com\/wp-content\/uploads\/2022\/11\/gargantilla-karma-plata.jpg","datePublished":"2022-11-13T12:36:03+00:00","dateModified":"2025-11-10T12:00:32+00:00","description":"Double Karma Choker est un petit bijou qui vous aidera avec l\u2019\u00e9quilibre et la justice, il nous apportera la tranquillit\u00e9 d\u2019esprit, il est en argent sterling 925. Livraison gratuite.","breadcrumb":{"@id":"https:\/\/joyasyasmin.com\/fr\/producto\/tour-de-cou-double-karma\/#breadcrumb"},"inLanguage":"fr-FR","potentialAction":[{"@type":"ReadAction","target":["https:\/\/joyasyasmin.com\/fr\/producto\/tour-de-cou-double-karma\/"]}]},{"@type":"ImageObject","inLanguage":"fr-FR","@id":"https:\/\/joyasyasmin.com\/fr\/producto\/tour-de-cou-double-karma\/#primaryimage","url":"https:\/\/joyasyasmin.com\/wp-content\/uploads\/2022\/11\/gargantilla-karma-plata.jpg","contentUrl":"https:\/\/joyasyasmin.com\/wp-content\/uploads\/2022\/11\/gargantilla-karma-plata.jpg","width":1000,"height":1000,"caption":"Karma 925 ras de cou en argent sterling \u00e0 vendre, deux tailles diff\u00e9rentes de cercle uni"},{"@type":"BreadcrumbList","@id":"https:\/\/joyasyasmin.com\/fr\/producto\/tour-de-cou-double-karma\/#breadcrumb","itemListElement":[{"@type":"ListItem","position":1,"name":"Portada","item":"https:\/\/joyasyasmin.com\/fr\/domicile\/"},{"@type":"ListItem","position":2,"name":"Boutique","item":"https:\/\/joyasyasmin.com\/fr\/boutique\/"},{"@type":"ListItem","position":3,"name":"Tour de cou Double Karma"}]},{"@type":"WebSite","@id":"https:\/\/joyasyasmin.com\/fr\/#website","url":"https:\/\/joyasyasmin.com\/fr\/","name":"Yasmin","description":"Joyer\u00eda de Plata 925 - Pendientes, pulseras, anillos, colgantes y m\u00e1s!","publisher":{"@id":"https:\/\/joyasyasmin.com\/fr\/#organization"},"potentialAction":[{"@type":"SearchAction","target":{"@type":"EntryPoint","urlTemplate":"https:\/\/joyasyasmin.com\/fr\/?s={search_term_string}"},"query-input":{"@type":"PropertyValueSpecification","valueRequired":true,"valueName":"search_term_string"}}],"inLanguage":"fr-FR"},{"@type":"Organization","@id":"https:\/\/joyasyasmin.com\/fr\/#organization","name":"joyas yasmin","url":"https:\/\/joyasyasmin.com\/fr\/","logo":{"@type":"ImageObject","inLanguage":"fr-FR","@id":"https:\/\/joyasyasmin.com\/fr\/#\/schema\/logo\/image\/","url":"https:\/\/joyasyasmin.com\/wp-content\/uploads\/2017\/06\/IMG-20200429-WA0051.jpg","contentUrl":"https:\/\/joyasyasmin.com\/wp-content\/uploads\/2017\/06\/IMG-20200429-WA0051.jpg","width":1080,"height":545,"caption":"joyas yasmin"},"image":{"@id":"https:\/\/joyasyasmin.com\/fr\/#\/schema\/logo\/image\/"},"sameAs":["https:\/\/www.facebook.com\/Joyas-Yasmin-217664058934169\/","https:\/\/www.instagram.com\/invites\/contact\/"]}]}},"_links":{"self":[{"href":"https:\/\/joyasyasmin.com\/fr\/wp-json\/wp\/v2\/product\/24511","targetHints":{"allow":["GET"]}}],"collection":[{"href":"https:\/\/joyasyasmin.com\/fr\/wp-json\/wp\/v2\/product"}],"about":[{"href":"https:\/\/joyasyasmin.com\/fr\/wp-json\/wp\/v2\/types\/product"}],"replies":[{"embeddable":true,"href":"https:\/\/joyasyasmin.com\/fr\/wp-json\/wp\/v2\/comments?post=24511"}],"version-history":[{"count":1,"href":"https:\/\/joyasyasmin.com\/fr\/wp-json\/wp\/v2\/product\/24511\/revisions"}],"predecessor-version":[{"id":36121,"href":"https:\/\/joyasyasmin.com\/fr\/wp-json\/wp\/v2\/product\/24511\/revisions\/36121"}],"wp:featuredmedia":[{"embeddable":true,"href":"https:\/\/joyasyasmin.com\/fr\/wp-json\/wp\/v2\/media\/24514"}],"wp:attachment":[{"href":"https:\/\/joyasyasmin.com\/fr\/wp-json\/wp\/v2\/media?parent=24511"}],"wp:term":[{"taxonomy":"product_brand","embeddable":true,"href":"https:\/\/joyasyasmin.com\/fr\/wp-json\/wp\/v2\/product_brand?post=24511"},{"taxonomy":"product_cat","embeddable":true,"href":"https:\/\/joyasyasmin.com\/fr\/wp-json\/wp\/v2\/product_cat?post=24511"},{"taxonomy":"product_tag","embeddable":true,"href":"https:\/\/joyasyasmin.com\/fr\/wp-json\/wp\/v2\/product_tag?post=24511"}],"curies":[{"name":"wp","href":"https:\/\/api.w.org\/{rel}","templated":true}]}}