{"id":24955,"date":"2022-09-13T12:21:48","date_gmt":"2022-09-13T12:21:48","guid":{"rendered":"https:\/\/joyasyasmin.com\/producto\/boucle-doreille-longue-en-zircone\/"},"modified":"2022-09-13T12:21:48","modified_gmt":"2022-09-13T12:21:48","slug":"boucle-doreille-longue-en-zircone","status":"publish","type":"product","link":"https:\/\/joyasyasmin.com\/fr\/producto\/boucle-doreille-longue-en-zircone\/","title":{"rendered":"Boucle d\u2019oreille longue en zircone"},"content":{"rendered":"","protected":false},"excerpt":{"rendered":"<p>L\u2019Oreille Longue Zircone est un bijou en argent sterling 925, sa combinaison de zircons rectangulaires et ronds en font un bijou diff\u00e9rent avec sa fermeture \u00e0 pression et sa longueur de 3,5 cm et sa largeur de 2mm.<\/p>\n","protected":false},"featured_media":24956,"comment_status":"open","ping_status":"closed","template":"","meta":{"_acf_changed":false,"_joinchat":[]},"product_brand":[],"product_cat":[1775],"product_tag":[3633,3632,3634,3141],"class_list":{"0":"post-24955","1":"product","2":"type-product","3":"status-publish","4":"has-post-thumbnail","6":"product_cat-boucles-doreilles-et-boucles-doreilles","7":"product_tag-boucle-doreille-de-mariee-fr","8":"product_tag-boucle-doreille-longue-en-zircone","9":"product_tag-boucles-doreilles-longues","10":"product_tag-quoi-de-neuf-en-2022","12":"first","13":"instock","14":"shipping-taxable","15":"purchasable","16":"product-type-simple"},"acf":[],"yoast_head":"<!-- This site is optimized with the Yoast SEO plugin v27.3 - https:\/\/yoast.com\/product\/yoast-seo-wordpress\/ -->\n<title>Boucle d\u2019oreille longue en zircone - Yasmin<\/title>\n<meta name=\"description\" content=\"La Boucle d\u2019Oreille Longue en Zircone est un bijou avec Style et \u00c9l\u00e9gance en argent sterling 925, sa longueur de 3,5 cm et sa largeur 2mm. Id\u00e9al pour cette journ\u00e9e sp\u00e9ciale. Livraison gratuite.\" \/>\n<meta name=\"robots\" content=\"index, follow, max-snippet:-1, max-image-preview:large, max-video-preview:-1\" \/>\n<link rel=\"canonical\" href=\"https:\/\/joyasyasmin.com\/fr\/producto\/boucle-doreille-longue-en-zircone\/\" \/>\n<meta property=\"og:locale\" content=\"fr_FR\" \/>\n<meta property=\"og:title\" content=\"Boucle d\u2019oreille longue en zircone - Yasmin\" \/>\n<meta property=\"og:description\" content=\"La Boucle d\u2019Oreille Longue en Zircone est un bijou avec Style et \u00c9l\u00e9gance en argent sterling 925, sa longueur de 3,5 cm et sa largeur 2mm. Id\u00e9al pour cette journ\u00e9e sp\u00e9ciale. Livraison gratuite.\" \/>\n<meta property=\"og:url\" content=\"https:\/\/joyasyasmin.com\/fr\/producto\/boucle-doreille-longue-en-zircone\/\" \/>\n<meta property=\"og:site_name\" content=\"Yasmin\" \/>\n<meta property=\"article:publisher\" content=\"https:\/\/www.facebook.com\/Joyas-Yasmin-217664058934169\/\" \/>\n<meta property=\"og:image\" content=\"https:\/\/joyasyasmin.com\/wp-content\/uploads\/2022\/09\/pendiente-largo-circonita-salome.jpg\" \/>\n\t<meta property=\"og:image:width\" content=\"2328\" \/>\n\t<meta property=\"og:image:height\" content=\"2328\" \/>\n\t<meta property=\"og:image:type\" content=\"image\/jpeg\" \/>\n<meta name=\"twitter:card\" content=\"summary_large_image\" \/>\n<script type=\"application\/ld+json\" class=\"yoast-schema-graph\">{\"@context\":\"https:\\\/\\\/schema.org\",\"@graph\":[{\"@type\":[\"WebPage\",\"ItemPage\"],\"@id\":\"https:\\\/\\\/joyasyasmin.com\\\/fr\\\/producto\\\/boucle-doreille-longue-en-zircone\\\/\",\"url\":\"https:\\\/\\\/joyasyasmin.com\\\/fr\\\/producto\\\/boucle-doreille-longue-en-zircone\\\/\",\"name\":\"Boucle d\u2019oreille longue en zircone - Yasmin\",\"isPartOf\":{\"@id\":\"https:\\\/\\\/joyasyasmin.com\\\/fr\\\/#website\"},\"primaryImageOfPage\":{\"@id\":\"https:\\\/\\\/joyasyasmin.com\\\/fr\\\/producto\\\/boucle-doreille-longue-en-zircone\\\/#primaryimage\"},\"image\":{\"@id\":\"https:\\\/\\\/joyasyasmin.com\\\/fr\\\/producto\\\/boucle-doreille-longue-en-zircone\\\/#primaryimage\"},\"thumbnailUrl\":\"https:\\\/\\\/joyasyasmin.com\\\/wp-content\\\/uploads\\\/2022\\\/09\\\/pendiente-largo-circonita-salome.jpg\",\"datePublished\":\"2022-09-13T12:21:48+00:00\",\"description\":\"La Boucle d\u2019Oreille Longue en Zircone est un bijou avec Style et \u00c9l\u00e9gance en argent sterling 925, sa longueur de 3,5 cm et sa largeur 2mm. Id\u00e9al pour cette journ\u00e9e sp\u00e9ciale. Livraison gratuite.\",\"breadcrumb\":{\"@id\":\"https:\\\/\\\/joyasyasmin.com\\\/fr\\\/producto\\\/boucle-doreille-longue-en-zircone\\\/#breadcrumb\"},\"inLanguage\":\"fr-FR\",\"potentialAction\":[{\"@type\":\"ReadAction\",\"target\":[\"https:\\\/\\\/joyasyasmin.com\\\/fr\\\/producto\\\/boucle-doreille-longue-en-zircone\\\/\"]}]},{\"@type\":\"ImageObject\",\"inLanguage\":\"fr-FR\",\"@id\":\"https:\\\/\\\/joyasyasmin.com\\\/fr\\\/producto\\\/boucle-doreille-longue-en-zircone\\\/#primaryimage\",\"url\":\"https:\\\/\\\/joyasyasmin.com\\\/wp-content\\\/uploads\\\/2022\\\/09\\\/pendiente-largo-circonita-salome.jpg\",\"contentUrl\":\"https:\\\/\\\/joyasyasmin.com\\\/wp-content\\\/uploads\\\/2022\\\/09\\\/pendiente-largo-circonita-salome.jpg\",\"width\":2328,\"height\":2328},{\"@type\":\"BreadcrumbList\",\"@id\":\"https:\\\/\\\/joyasyasmin.com\\\/fr\\\/producto\\\/boucle-doreille-longue-en-zircone\\\/#breadcrumb\",\"itemListElement\":[{\"@type\":\"ListItem\",\"position\":1,\"name\":\"Portada\",\"item\":\"https:\\\/\\\/joyasyasmin.com\\\/fr\\\/domicile\\\/\"},{\"@type\":\"ListItem\",\"position\":2,\"name\":\"Boutique\",\"item\":\"https:\\\/\\\/joyasyasmin.com\\\/fr\\\/boutique\\\/\"},{\"@type\":\"ListItem\",\"position\":3,\"name\":\"Boucle d\u2019oreille longue en zircone\"}]},{\"@type\":\"WebSite\",\"@id\":\"https:\\\/\\\/joyasyasmin.com\\\/fr\\\/#website\",\"url\":\"https:\\\/\\\/joyasyasmin.com\\\/fr\\\/\",\"name\":\"Yasmin\",\"description\":\"Joyer\u00eda de Plata 925 - Pendientes, pulseras, anillos, colgantes y m\u00e1s!\",\"publisher\":{\"@id\":\"https:\\\/\\\/joyasyasmin.com\\\/fr\\\/#organization\"},\"potentialAction\":[{\"@type\":\"SearchAction\",\"target\":{\"@type\":\"EntryPoint\",\"urlTemplate\":\"https:\\\/\\\/joyasyasmin.com\\\/fr\\\/?s={search_term_string}\"},\"query-input\":{\"@type\":\"PropertyValueSpecification\",\"valueRequired\":true,\"valueName\":\"search_term_string\"}}],\"inLanguage\":\"fr-FR\"},{\"@type\":\"Organization\",\"@id\":\"https:\\\/\\\/joyasyasmin.com\\\/fr\\\/#organization\",\"name\":\"joyas yasmin\",\"url\":\"https:\\\/\\\/joyasyasmin.com\\\/fr\\\/\",\"logo\":{\"@type\":\"ImageObject\",\"inLanguage\":\"fr-FR\",\"@id\":\"https:\\\/\\\/joyasyasmin.com\\\/fr\\\/#\\\/schema\\\/logo\\\/image\\\/\",\"url\":\"https:\\\/\\\/joyasyasmin.com\\\/wp-content\\\/uploads\\\/2017\\\/06\\\/IMG-20200429-WA0051.jpg\",\"contentUrl\":\"https:\\\/\\\/joyasyasmin.com\\\/wp-content\\\/uploads\\\/2017\\\/06\\\/IMG-20200429-WA0051.jpg\",\"width\":1080,\"height\":545,\"caption\":\"joyas yasmin\"},\"image\":{\"@id\":\"https:\\\/\\\/joyasyasmin.com\\\/fr\\\/#\\\/schema\\\/logo\\\/image\\\/\"},\"sameAs\":[\"https:\\\/\\\/www.facebook.com\\\/Joyas-Yasmin-217664058934169\\\/\",\"https:\\\/\\\/www.instagram.com\\\/invites\\\/contact\\\/\"]}]}<\/script>\n<!-- \/ Yoast SEO plugin. -->","yoast_head_json":{"title":"Boucle d\u2019oreille longue en zircone - Yasmin","description":"La Boucle d\u2019Oreille Longue en Zircone est un bijou avec Style et \u00c9l\u00e9gance en argent sterling 925, sa longueur de 3,5 cm et sa largeur 2mm. Id\u00e9al pour cette journ\u00e9e sp\u00e9ciale. Livraison gratuite.","robots":{"index":"index","follow":"follow","max-snippet":"max-snippet:-1","max-image-preview":"max-image-preview:large","max-video-preview":"max-video-preview:-1"},"canonical":"https:\/\/joyasyasmin.com\/fr\/producto\/boucle-doreille-longue-en-zircone\/","og_locale":"fr_FR","og_title":"Boucle d\u2019oreille longue en zircone - Yasmin","og_description":"La Boucle d\u2019Oreille Longue en Zircone est un bijou avec Style et \u00c9l\u00e9gance en argent sterling 925, sa longueur de 3,5 cm et sa largeur 2mm. Id\u00e9al pour cette journ\u00e9e sp\u00e9ciale. Livraison gratuite.","og_url":"https:\/\/joyasyasmin.com\/fr\/producto\/boucle-doreille-longue-en-zircone\/","og_site_name":"Yasmin","article_publisher":"https:\/\/www.facebook.com\/Joyas-Yasmin-217664058934169\/","og_image":[{"width":2328,"height":2328,"url":"https:\/\/joyasyasmin.com\/wp-content\/uploads\/2022\/09\/pendiente-largo-circonita-salome.jpg","type":"image\/jpeg"}],"twitter_card":"summary_large_image","schema":{"@context":"https:\/\/schema.org","@graph":[{"@type":["WebPage","ItemPage"],"@id":"https:\/\/joyasyasmin.com\/fr\/producto\/boucle-doreille-longue-en-zircone\/","url":"https:\/\/joyasyasmin.com\/fr\/producto\/boucle-doreille-longue-en-zircone\/","name":"Boucle d\u2019oreille longue en zircone - Yasmin","isPartOf":{"@id":"https:\/\/joyasyasmin.com\/fr\/#website"},"primaryImageOfPage":{"@id":"https:\/\/joyasyasmin.com\/fr\/producto\/boucle-doreille-longue-en-zircone\/#primaryimage"},"image":{"@id":"https:\/\/joyasyasmin.com\/fr\/producto\/boucle-doreille-longue-en-zircone\/#primaryimage"},"thumbnailUrl":"https:\/\/joyasyasmin.com\/wp-content\/uploads\/2022\/09\/pendiente-largo-circonita-salome.jpg","datePublished":"2022-09-13T12:21:48+00:00","description":"La Boucle d\u2019Oreille Longue en Zircone est un bijou avec Style et \u00c9l\u00e9gance en argent sterling 925, sa longueur de 3,5 cm et sa largeur 2mm. Id\u00e9al pour cette journ\u00e9e sp\u00e9ciale. Livraison gratuite.","breadcrumb":{"@id":"https:\/\/joyasyasmin.com\/fr\/producto\/boucle-doreille-longue-en-zircone\/#breadcrumb"},"inLanguage":"fr-FR","potentialAction":[{"@type":"ReadAction","target":["https:\/\/joyasyasmin.com\/fr\/producto\/boucle-doreille-longue-en-zircone\/"]}]},{"@type":"ImageObject","inLanguage":"fr-FR","@id":"https:\/\/joyasyasmin.com\/fr\/producto\/boucle-doreille-longue-en-zircone\/#primaryimage","url":"https:\/\/joyasyasmin.com\/wp-content\/uploads\/2022\/09\/pendiente-largo-circonita-salome.jpg","contentUrl":"https:\/\/joyasyasmin.com\/wp-content\/uploads\/2022\/09\/pendiente-largo-circonita-salome.jpg","width":2328,"height":2328},{"@type":"BreadcrumbList","@id":"https:\/\/joyasyasmin.com\/fr\/producto\/boucle-doreille-longue-en-zircone\/#breadcrumb","itemListElement":[{"@type":"ListItem","position":1,"name":"Portada","item":"https:\/\/joyasyasmin.com\/fr\/domicile\/"},{"@type":"ListItem","position":2,"name":"Boutique","item":"https:\/\/joyasyasmin.com\/fr\/boutique\/"},{"@type":"ListItem","position":3,"name":"Boucle d\u2019oreille longue en zircone"}]},{"@type":"WebSite","@id":"https:\/\/joyasyasmin.com\/fr\/#website","url":"https:\/\/joyasyasmin.com\/fr\/","name":"Yasmin","description":"Joyer\u00eda de Plata 925 - Pendientes, pulseras, anillos, colgantes y m\u00e1s!","publisher":{"@id":"https:\/\/joyasyasmin.com\/fr\/#organization"},"potentialAction":[{"@type":"SearchAction","target":{"@type":"EntryPoint","urlTemplate":"https:\/\/joyasyasmin.com\/fr\/?s={search_term_string}"},"query-input":{"@type":"PropertyValueSpecification","valueRequired":true,"valueName":"search_term_string"}}],"inLanguage":"fr-FR"},{"@type":"Organization","@id":"https:\/\/joyasyasmin.com\/fr\/#organization","name":"joyas yasmin","url":"https:\/\/joyasyasmin.com\/fr\/","logo":{"@type":"ImageObject","inLanguage":"fr-FR","@id":"https:\/\/joyasyasmin.com\/fr\/#\/schema\/logo\/image\/","url":"https:\/\/joyasyasmin.com\/wp-content\/uploads\/2017\/06\/IMG-20200429-WA0051.jpg","contentUrl":"https:\/\/joyasyasmin.com\/wp-content\/uploads\/2017\/06\/IMG-20200429-WA0051.jpg","width":1080,"height":545,"caption":"joyas yasmin"},"image":{"@id":"https:\/\/joyasyasmin.com\/fr\/#\/schema\/logo\/image\/"},"sameAs":["https:\/\/www.facebook.com\/Joyas-Yasmin-217664058934169\/","https:\/\/www.instagram.com\/invites\/contact\/"]}]}},"_links":{"self":[{"href":"https:\/\/joyasyasmin.com\/fr\/wp-json\/wp\/v2\/product\/24955","targetHints":{"allow":["GET"]}}],"collection":[{"href":"https:\/\/joyasyasmin.com\/fr\/wp-json\/wp\/v2\/product"}],"about":[{"href":"https:\/\/joyasyasmin.com\/fr\/wp-json\/wp\/v2\/types\/product"}],"replies":[{"embeddable":true,"href":"https:\/\/joyasyasmin.com\/fr\/wp-json\/wp\/v2\/comments?post=24955"}],"version-history":[{"count":0,"href":"https:\/\/joyasyasmin.com\/fr\/wp-json\/wp\/v2\/product\/24955\/revisions"}],"wp:featuredmedia":[{"embeddable":true,"href":"https:\/\/joyasyasmin.com\/fr\/wp-json\/wp\/v2\/media\/24956"}],"wp:attachment":[{"href":"https:\/\/joyasyasmin.com\/fr\/wp-json\/wp\/v2\/media?parent=24955"}],"wp:term":[{"taxonomy":"product_brand","embeddable":true,"href":"https:\/\/joyasyasmin.com\/fr\/wp-json\/wp\/v2\/product_brand?post=24955"},{"taxonomy":"product_cat","embeddable":true,"href":"https:\/\/joyasyasmin.com\/fr\/wp-json\/wp\/v2\/product_cat?post=24955"},{"taxonomy":"product_tag","embeddable":true,"href":"https:\/\/joyasyasmin.com\/fr\/wp-json\/wp\/v2\/product_tag?post=24955"}],"curies":[{"name":"wp","href":"https:\/\/api.w.org\/{rel}","templated":true}]}}