{"id":25182,"date":"2022-10-16T20:11:33","date_gmt":"2022-10-16T20:11:33","guid":{"rendered":"https:\/\/joyasyasmin.com\/producto\/boucle-doreille-en-zircone-abeille\/"},"modified":"2025-11-10T11:58:53","modified_gmt":"2025-11-10T11:58:53","slug":"boucle-doreille-en-zircone-abeille","status":"publish","type":"product","link":"https:\/\/joyasyasmin.com\/fr\/producto\/boucle-doreille-en-zircone-abeille\/","title":{"rendered":"Boucle d\u2019oreille en zircone abeille"},"content":{"rendered":"","protected":false},"excerpt":{"rendered":"<p>La boucle d\u2019oreille Zircone Bee est un bijou en argent sterling 925, sa taille de 14mm x 9mm et sa fermeture \u00e0 pression est id\u00e9ale et super agr\u00e9able \u00e0 porter. Vous pouvez le porter seul ou le combiner avec une autre mini ou longue boucle d\u2019oreille. Son corps lisse et ses ailes et sa t\u00eate sont recouverts de zircone blanche.  <\/p>\n","protected":false},"featured_media":25184,"comment_status":"open","ping_status":"closed","template":"","meta":{"_acf_changed":false,"_joinchat":[]},"product_brand":[],"product_cat":[1775],"product_tag":[3720,3719,3141],"class_list":{"0":"post-25182","1":"product","2":"type-product","3":"status-publish","4":"has-post-thumbnail","6":"product_cat-boucles-doreilles-et-boucles-doreilles","7":"product_tag-boucle-doreille-animal-en-argent","8":"product_tag-boucle-doreille-en-zircone-abeille","9":"product_tag-quoi-de-neuf-en-2022","11":"first","12":"instock","13":"shipping-taxable","14":"purchasable","15":"product-type-simple"},"acf":[],"yoast_head":"<!-- This site is optimized with the Yoast SEO plugin v27.2 - https:\/\/yoast.com\/product\/yoast-seo-wordpress\/ -->\n<title>Boucle d\u2019oreille en zircone abeille - Yasmin<\/title>\n<meta name=\"description\" content=\"Boucle d\u2019oreille Abeille Zircone est un bijou en argent sterling 925 et zircone, symbolisant la cr\u00e9ativit\u00e9, le travail d\u2019\u00e9quipe, l\u2019amour divin et la conscience.\" \/>\n<meta name=\"robots\" content=\"index, follow, max-snippet:-1, max-image-preview:large, max-video-preview:-1\" \/>\n<link rel=\"canonical\" href=\"https:\/\/joyasyasmin.com\/fr\/producto\/boucle-doreille-en-zircone-abeille\/\" \/>\n<meta property=\"og:locale\" content=\"fr_FR\" \/>\n<meta property=\"og:title\" content=\"Boucle d\u2019oreille en zircone abeille - Yasmin\" \/>\n<meta property=\"og:description\" content=\"Boucle d\u2019oreille Abeille Zircone est un bijou en argent sterling 925 et zircone, symbolisant la cr\u00e9ativit\u00e9, le travail d\u2019\u00e9quipe, l\u2019amour divin et la conscience.\" \/>\n<meta property=\"og:url\" content=\"https:\/\/joyasyasmin.com\/fr\/producto\/boucle-doreille-en-zircone-abeille\/\" \/>\n<meta property=\"og:site_name\" content=\"Yasmin\" \/>\n<meta property=\"article:publisher\" content=\"https:\/\/www.facebook.com\/Joyas-Yasmin-217664058934169\/\" \/>\n<meta property=\"article:modified_time\" content=\"2025-11-10T11:58:53+00:00\" \/>\n<meta property=\"og:image\" content=\"https:\/\/joyasyasmin.com\/wp-content\/uploads\/2022\/10\/pendiente-abejita-plata.jpg\" \/>\n\t<meta property=\"og:image:width\" content=\"1960\" \/>\n\t<meta property=\"og:image:height\" content=\"1960\" \/>\n\t<meta property=\"og:image:type\" content=\"image\/jpeg\" \/>\n<meta name=\"twitter:card\" content=\"summary_large_image\" \/>\n<script type=\"application\/ld+json\" class=\"yoast-schema-graph\">{\"@context\":\"https:\/\/schema.org\",\"@graph\":[{\"@type\":[\"WebPage\",\"ItemPage\"],\"@id\":\"https:\/\/joyasyasmin.com\/fr\/producto\/boucle-doreille-en-zircone-abeille\/\",\"url\":\"https:\/\/joyasyasmin.com\/fr\/producto\/boucle-doreille-en-zircone-abeille\/\",\"name\":\"Boucle d\u2019oreille en zircone abeille - Yasmin\",\"isPartOf\":{\"@id\":\"https:\/\/joyasyasmin.com\/fr\/#website\"},\"primaryImageOfPage\":{\"@id\":\"https:\/\/joyasyasmin.com\/fr\/producto\/boucle-doreille-en-zircone-abeille\/#primaryimage\"},\"image\":{\"@id\":\"https:\/\/joyasyasmin.com\/fr\/producto\/boucle-doreille-en-zircone-abeille\/#primaryimage\"},\"thumbnailUrl\":\"https:\/\/joyasyasmin.com\/wp-content\/uploads\/2022\/10\/pendiente-abejita-plata.jpg\",\"datePublished\":\"2022-10-16T20:11:33+00:00\",\"dateModified\":\"2025-11-10T11:58:53+00:00\",\"description\":\"Boucle d\u2019oreille Abeille Zircone est un bijou en argent sterling 925 et zircone, symbolisant la cr\u00e9ativit\u00e9, le travail d\u2019\u00e9quipe, l\u2019amour divin et la conscience.\",\"breadcrumb\":{\"@id\":\"https:\/\/joyasyasmin.com\/fr\/producto\/boucle-doreille-en-zircone-abeille\/#breadcrumb\"},\"inLanguage\":\"fr-FR\",\"potentialAction\":[{\"@type\":\"ReadAction\",\"target\":[\"https:\/\/joyasyasmin.com\/fr\/producto\/boucle-doreille-en-zircone-abeille\/\"]}]},{\"@type\":\"ImageObject\",\"inLanguage\":\"fr-FR\",\"@id\":\"https:\/\/joyasyasmin.com\/fr\/producto\/boucle-doreille-en-zircone-abeille\/#primaryimage\",\"url\":\"https:\/\/joyasyasmin.com\/wp-content\/uploads\/2022\/10\/pendiente-abejita-plata.jpg\",\"contentUrl\":\"https:\/\/joyasyasmin.com\/wp-content\/uploads\/2022\/10\/pendiente-abejita-plata.jpg\",\"width\":1960,\"height\":1960,\"caption\":\"Boucle d\u2019oreille abeille en argent sterling 925 \u00e0 vendre Sa t\u00eate et ses ailes recouvertes de zircone blanche\"},{\"@type\":\"BreadcrumbList\",\"@id\":\"https:\/\/joyasyasmin.com\/fr\/producto\/boucle-doreille-en-zircone-abeille\/#breadcrumb\",\"itemListElement\":[{\"@type\":\"ListItem\",\"position\":1,\"name\":\"Portada\",\"item\":\"https:\/\/joyasyasmin.com\/fr\/domicile\/\"},{\"@type\":\"ListItem\",\"position\":2,\"name\":\"Boutique\",\"item\":\"https:\/\/joyasyasmin.com\/fr\/boutique\/\"},{\"@type\":\"ListItem\",\"position\":3,\"name\":\"Boucle d\u2019oreille en zircone abeille\"}]},{\"@type\":\"WebSite\",\"@id\":\"https:\/\/joyasyasmin.com\/fr\/#website\",\"url\":\"https:\/\/joyasyasmin.com\/fr\/\",\"name\":\"Yasmin\",\"description\":\"Joyer\u00eda de Plata 925 - Pendientes, pulseras, anillos, colgantes y m\u00e1s!\",\"publisher\":{\"@id\":\"https:\/\/joyasyasmin.com\/fr\/#organization\"},\"potentialAction\":[{\"@type\":\"SearchAction\",\"target\":{\"@type\":\"EntryPoint\",\"urlTemplate\":\"https:\/\/joyasyasmin.com\/fr\/?s={search_term_string}\"},\"query-input\":{\"@type\":\"PropertyValueSpecification\",\"valueRequired\":true,\"valueName\":\"search_term_string\"}}],\"inLanguage\":\"fr-FR\"},{\"@type\":\"Organization\",\"@id\":\"https:\/\/joyasyasmin.com\/fr\/#organization\",\"name\":\"joyas yasmin\",\"url\":\"https:\/\/joyasyasmin.com\/fr\/\",\"logo\":{\"@type\":\"ImageObject\",\"inLanguage\":\"fr-FR\",\"@id\":\"https:\/\/joyasyasmin.com\/fr\/#\/schema\/logo\/image\/\",\"url\":\"https:\/\/joyasyasmin.com\/wp-content\/uploads\/2017\/06\/IMG-20200429-WA0051.jpg\",\"contentUrl\":\"https:\/\/joyasyasmin.com\/wp-content\/uploads\/2017\/06\/IMG-20200429-WA0051.jpg\",\"width\":1080,\"height\":545,\"caption\":\"joyas yasmin\"},\"image\":{\"@id\":\"https:\/\/joyasyasmin.com\/fr\/#\/schema\/logo\/image\/\"},\"sameAs\":[\"https:\/\/www.facebook.com\/Joyas-Yasmin-217664058934169\/\",\"https:\/\/www.instagram.com\/invites\/contact\/\"]}]}<\/script>\n<!-- \/ Yoast SEO plugin. -->","yoast_head_json":{"title":"Boucle d\u2019oreille en zircone abeille - Yasmin","description":"Boucle d\u2019oreille Abeille Zircone est un bijou en argent sterling 925 et zircone, symbolisant la cr\u00e9ativit\u00e9, le travail d\u2019\u00e9quipe, l\u2019amour divin et la conscience.","robots":{"index":"index","follow":"follow","max-snippet":"max-snippet:-1","max-image-preview":"max-image-preview:large","max-video-preview":"max-video-preview:-1"},"canonical":"https:\/\/joyasyasmin.com\/fr\/producto\/boucle-doreille-en-zircone-abeille\/","og_locale":"fr_FR","og_title":"Boucle d\u2019oreille en zircone abeille - Yasmin","og_description":"Boucle d\u2019oreille Abeille Zircone est un bijou en argent sterling 925 et zircone, symbolisant la cr\u00e9ativit\u00e9, le travail d\u2019\u00e9quipe, l\u2019amour divin et la conscience.","og_url":"https:\/\/joyasyasmin.com\/fr\/producto\/boucle-doreille-en-zircone-abeille\/","og_site_name":"Yasmin","article_publisher":"https:\/\/www.facebook.com\/Joyas-Yasmin-217664058934169\/","article_modified_time":"2025-11-10T11:58:53+00:00","og_image":[{"width":1960,"height":1960,"url":"https:\/\/joyasyasmin.com\/wp-content\/uploads\/2022\/10\/pendiente-abejita-plata.jpg","type":"image\/jpeg"}],"twitter_card":"summary_large_image","schema":{"@context":"https:\/\/schema.org","@graph":[{"@type":["WebPage","ItemPage"],"@id":"https:\/\/joyasyasmin.com\/fr\/producto\/boucle-doreille-en-zircone-abeille\/","url":"https:\/\/joyasyasmin.com\/fr\/producto\/boucle-doreille-en-zircone-abeille\/","name":"Boucle d\u2019oreille en zircone abeille - Yasmin","isPartOf":{"@id":"https:\/\/joyasyasmin.com\/fr\/#website"},"primaryImageOfPage":{"@id":"https:\/\/joyasyasmin.com\/fr\/producto\/boucle-doreille-en-zircone-abeille\/#primaryimage"},"image":{"@id":"https:\/\/joyasyasmin.com\/fr\/producto\/boucle-doreille-en-zircone-abeille\/#primaryimage"},"thumbnailUrl":"https:\/\/joyasyasmin.com\/wp-content\/uploads\/2022\/10\/pendiente-abejita-plata.jpg","datePublished":"2022-10-16T20:11:33+00:00","dateModified":"2025-11-10T11:58:53+00:00","description":"Boucle d\u2019oreille Abeille Zircone est un bijou en argent sterling 925 et zircone, symbolisant la cr\u00e9ativit\u00e9, le travail d\u2019\u00e9quipe, l\u2019amour divin et la conscience.","breadcrumb":{"@id":"https:\/\/joyasyasmin.com\/fr\/producto\/boucle-doreille-en-zircone-abeille\/#breadcrumb"},"inLanguage":"fr-FR","potentialAction":[{"@type":"ReadAction","target":["https:\/\/joyasyasmin.com\/fr\/producto\/boucle-doreille-en-zircone-abeille\/"]}]},{"@type":"ImageObject","inLanguage":"fr-FR","@id":"https:\/\/joyasyasmin.com\/fr\/producto\/boucle-doreille-en-zircone-abeille\/#primaryimage","url":"https:\/\/joyasyasmin.com\/wp-content\/uploads\/2022\/10\/pendiente-abejita-plata.jpg","contentUrl":"https:\/\/joyasyasmin.com\/wp-content\/uploads\/2022\/10\/pendiente-abejita-plata.jpg","width":1960,"height":1960,"caption":"Boucle d\u2019oreille abeille en argent sterling 925 \u00e0 vendre Sa t\u00eate et ses ailes recouvertes de zircone blanche"},{"@type":"BreadcrumbList","@id":"https:\/\/joyasyasmin.com\/fr\/producto\/boucle-doreille-en-zircone-abeille\/#breadcrumb","itemListElement":[{"@type":"ListItem","position":1,"name":"Portada","item":"https:\/\/joyasyasmin.com\/fr\/domicile\/"},{"@type":"ListItem","position":2,"name":"Boutique","item":"https:\/\/joyasyasmin.com\/fr\/boutique\/"},{"@type":"ListItem","position":3,"name":"Boucle d\u2019oreille en zircone abeille"}]},{"@type":"WebSite","@id":"https:\/\/joyasyasmin.com\/fr\/#website","url":"https:\/\/joyasyasmin.com\/fr\/","name":"Yasmin","description":"Joyer\u00eda de Plata 925 - Pendientes, pulseras, anillos, colgantes y m\u00e1s!","publisher":{"@id":"https:\/\/joyasyasmin.com\/fr\/#organization"},"potentialAction":[{"@type":"SearchAction","target":{"@type":"EntryPoint","urlTemplate":"https:\/\/joyasyasmin.com\/fr\/?s={search_term_string}"},"query-input":{"@type":"PropertyValueSpecification","valueRequired":true,"valueName":"search_term_string"}}],"inLanguage":"fr-FR"},{"@type":"Organization","@id":"https:\/\/joyasyasmin.com\/fr\/#organization","name":"joyas yasmin","url":"https:\/\/joyasyasmin.com\/fr\/","logo":{"@type":"ImageObject","inLanguage":"fr-FR","@id":"https:\/\/joyasyasmin.com\/fr\/#\/schema\/logo\/image\/","url":"https:\/\/joyasyasmin.com\/wp-content\/uploads\/2017\/06\/IMG-20200429-WA0051.jpg","contentUrl":"https:\/\/joyasyasmin.com\/wp-content\/uploads\/2017\/06\/IMG-20200429-WA0051.jpg","width":1080,"height":545,"caption":"joyas yasmin"},"image":{"@id":"https:\/\/joyasyasmin.com\/fr\/#\/schema\/logo\/image\/"},"sameAs":["https:\/\/www.facebook.com\/Joyas-Yasmin-217664058934169\/","https:\/\/www.instagram.com\/invites\/contact\/"]}]}},"_links":{"self":[{"href":"https:\/\/joyasyasmin.com\/fr\/wp-json\/wp\/v2\/product\/25182","targetHints":{"allow":["GET"]}}],"collection":[{"href":"https:\/\/joyasyasmin.com\/fr\/wp-json\/wp\/v2\/product"}],"about":[{"href":"https:\/\/joyasyasmin.com\/fr\/wp-json\/wp\/v2\/types\/product"}],"replies":[{"embeddable":true,"href":"https:\/\/joyasyasmin.com\/fr\/wp-json\/wp\/v2\/comments?post=25182"}],"version-history":[{"count":1,"href":"https:\/\/joyasyasmin.com\/fr\/wp-json\/wp\/v2\/product\/25182\/revisions"}],"predecessor-version":[{"id":36090,"href":"https:\/\/joyasyasmin.com\/fr\/wp-json\/wp\/v2\/product\/25182\/revisions\/36090"}],"wp:featuredmedia":[{"embeddable":true,"href":"https:\/\/joyasyasmin.com\/fr\/wp-json\/wp\/v2\/media\/25184"}],"wp:attachment":[{"href":"https:\/\/joyasyasmin.com\/fr\/wp-json\/wp\/v2\/media?parent=25182"}],"wp:term":[{"taxonomy":"product_brand","embeddable":true,"href":"https:\/\/joyasyasmin.com\/fr\/wp-json\/wp\/v2\/product_brand?post=25182"},{"taxonomy":"product_cat","embeddable":true,"href":"https:\/\/joyasyasmin.com\/fr\/wp-json\/wp\/v2\/product_cat?post=25182"},{"taxonomy":"product_tag","embeddable":true,"href":"https:\/\/joyasyasmin.com\/fr\/wp-json\/wp\/v2\/product_tag?post=25182"}],"curies":[{"name":"wp","href":"https:\/\/api.w.org\/{rel}","templated":true}]}}