{"id":25223,"date":"2022-10-16T22:06:16","date_gmt":"2022-10-16T22:06:16","guid":{"rendered":"https:\/\/joyasyasmin.com\/producto\/boucle-doreille-geometrique-en-forme-de-coquille-de-perle\/"},"modified":"2025-11-10T11:58:53","modified_gmt":"2025-11-10T11:58:53","slug":"boucle-doreille-geometrique-en-forme-de-coquille-de-perle","status":"publish","type":"product","link":"https:\/\/joyasyasmin.com\/fr\/producto\/boucle-doreille-geometrique-en-forme-de-coquille-de-perle\/","title":{"rendered":"Boucle d\u2019oreille g\u00e9om\u00e9trique en forme de coquille de perle"},"content":{"rendered":"","protected":false},"excerpt":{"rendered":"<p>La boucle d\u2019oreille g\u00e9om\u00e9trique en forme de coquille de perle, est l\u2019un de ces mod\u00e8les tr\u00e8s diff\u00e9rents avec deux corps g\u00e9om\u00e9triques de taille diff\u00e9rente reli\u00e9s par une poign\u00e9e, du plus grand design pend une perle de coquillage, sa longueur est de 26 mm, sa fermeture est un mousqueton et le mat\u00e9riau est en argent sterling 925. Ce m\u00eame design se retrouve dans Dorado qui est un placage de trois microns en or 18 carats. <\/p>\n","protected":false},"featured_media":25228,"comment_status":"open","ping_status":"closed","template":"","meta":{"_acf_changed":false,"_joinchat":[]},"product_brand":[],"product_cat":[1775],"product_tag":[2224,3738,3141],"class_list":{"0":"post-25223","1":"product","2":"type-product","3":"status-publish","4":"has-post-thumbnail","6":"product_cat-boucles-doreilles-et-boucles-doreilles","7":"product_tag-boucle-doreille-geometrique-en-forme-de-coquille-de-perle","8":"product_tag-boucles-doreilles-en-argent-avec-perle","9":"product_tag-quoi-de-neuf-en-2022","11":"first","12":"instock","13":"shipping-taxable","14":"purchasable","15":"product-type-variable"},"acf":[],"yoast_head":"<!-- This site is optimized with the Yoast SEO plugin v27.3 - https:\/\/yoast.com\/product\/yoast-seo-wordpress\/ -->\n<title>Boucle d\u2019oreille g\u00e9om\u00e9trique en forme de coquille de perle - Yasmin<\/title>\n<meta name=\"description\" content=\"La boucle d\u2019oreille g\u00e9om\u00e9trique en forme de coquille de perle est un bijou en argent sterling 925, qui apportera \u00e9l\u00e9gance et style \u00e0 vos looks. Portez-le au quotidien et sentez-vous unique.\" \/>\n<meta name=\"robots\" content=\"index, follow, max-snippet:-1, max-image-preview:large, max-video-preview:-1\" \/>\n<link rel=\"canonical\" href=\"https:\/\/joyasyasmin.com\/fr\/producto\/boucle-doreille-geometrique-en-forme-de-coquille-de-perle\/\" \/>\n<meta property=\"og:locale\" content=\"fr_FR\" \/>\n<meta property=\"og:title\" content=\"Boucle d\u2019oreille g\u00e9om\u00e9trique en forme de coquille de perle - Yasmin\" \/>\n<meta property=\"og:description\" content=\"La boucle d\u2019oreille g\u00e9om\u00e9trique en forme de coquille de perle est un bijou en argent sterling 925, qui apportera \u00e9l\u00e9gance et style \u00e0 vos looks. Portez-le au quotidien et sentez-vous unique.\" \/>\n<meta property=\"og:url\" content=\"https:\/\/joyasyasmin.com\/fr\/producto\/boucle-doreille-geometrique-en-forme-de-coquille-de-perle\/\" \/>\n<meta property=\"og:site_name\" content=\"Yasmin\" \/>\n<meta property=\"article:publisher\" content=\"https:\/\/www.facebook.com\/Joyas-Yasmin-217664058934169\/\" \/>\n<meta property=\"article:modified_time\" content=\"2025-11-10T11:58:53+00:00\" \/>\n<meta property=\"og:image\" content=\"https:\/\/joyasyasmin.com\/wp-content\/uploads\/2022\/10\/pendiente-geometrico-con-perla-scaled.jpg\" \/>\n\t<meta property=\"og:image:width\" content=\"2560\" \/>\n\t<meta property=\"og:image:height\" content=\"2560\" \/>\n\t<meta property=\"og:image:type\" content=\"image\/jpeg\" \/>\n<meta name=\"twitter:card\" content=\"summary_large_image\" \/>\n<script type=\"application\/ld+json\" class=\"yoast-schema-graph\">{\"@context\":\"https:\\\/\\\/schema.org\",\"@graph\":[{\"@type\":[\"WebPage\",\"ItemPage\"],\"@id\":\"https:\\\/\\\/joyasyasmin.com\\\/fr\\\/producto\\\/boucle-doreille-geometrique-en-forme-de-coquille-de-perle\\\/\",\"url\":\"https:\\\/\\\/joyasyasmin.com\\\/fr\\\/producto\\\/boucle-doreille-geometrique-en-forme-de-coquille-de-perle\\\/\",\"name\":\"Boucle d\u2019oreille g\u00e9om\u00e9trique en forme de coquille de perle - Yasmin\",\"isPartOf\":{\"@id\":\"https:\\\/\\\/joyasyasmin.com\\\/fr\\\/#website\"},\"primaryImageOfPage\":{\"@id\":\"https:\\\/\\\/joyasyasmin.com\\\/fr\\\/producto\\\/boucle-doreille-geometrique-en-forme-de-coquille-de-perle\\\/#primaryimage\"},\"image\":{\"@id\":\"https:\\\/\\\/joyasyasmin.com\\\/fr\\\/producto\\\/boucle-doreille-geometrique-en-forme-de-coquille-de-perle\\\/#primaryimage\"},\"thumbnailUrl\":\"https:\\\/\\\/joyasyasmin.com\\\/wp-content\\\/uploads\\\/2022\\\/10\\\/pendiente-geometrico-con-perla-scaled.jpg\",\"datePublished\":\"2022-10-16T22:06:16+00:00\",\"dateModified\":\"2025-11-10T11:58:53+00:00\",\"description\":\"La boucle d\u2019oreille g\u00e9om\u00e9trique en forme de coquille de perle est un bijou en argent sterling 925, qui apportera \u00e9l\u00e9gance et style \u00e0 vos looks. Portez-le au quotidien et sentez-vous unique.\",\"breadcrumb\":{\"@id\":\"https:\\\/\\\/joyasyasmin.com\\\/fr\\\/producto\\\/boucle-doreille-geometrique-en-forme-de-coquille-de-perle\\\/#breadcrumb\"},\"inLanguage\":\"fr-FR\",\"potentialAction\":[{\"@type\":\"ReadAction\",\"target\":[\"https:\\\/\\\/joyasyasmin.com\\\/fr\\\/producto\\\/boucle-doreille-geometrique-en-forme-de-coquille-de-perle\\\/\"]}]},{\"@type\":\"ImageObject\",\"inLanguage\":\"fr-FR\",\"@id\":\"https:\\\/\\\/joyasyasmin.com\\\/fr\\\/producto\\\/boucle-doreille-geometrique-en-forme-de-coquille-de-perle\\\/#primaryimage\",\"url\":\"https:\\\/\\\/joyasyasmin.com\\\/wp-content\\\/uploads\\\/2022\\\/10\\\/pendiente-geometrico-con-perla-scaled.jpg\",\"contentUrl\":\"https:\\\/\\\/joyasyasmin.com\\\/wp-content\\\/uploads\\\/2022\\\/10\\\/pendiente-geometrico-con-perla-scaled.jpg\",\"width\":2560,\"height\":2560,\"caption\":\"Boucle d\u2019oreille g\u00e9om\u00e9trique avec coquille de perle de culture Vente en argent sterling 925\"},{\"@type\":\"BreadcrumbList\",\"@id\":\"https:\\\/\\\/joyasyasmin.com\\\/fr\\\/producto\\\/boucle-doreille-geometrique-en-forme-de-coquille-de-perle\\\/#breadcrumb\",\"itemListElement\":[{\"@type\":\"ListItem\",\"position\":1,\"name\":\"Portada\",\"item\":\"https:\\\/\\\/joyasyasmin.com\\\/fr\\\/domicile\\\/\"},{\"@type\":\"ListItem\",\"position\":2,\"name\":\"Boutique\",\"item\":\"https:\\\/\\\/joyasyasmin.com\\\/fr\\\/boutique\\\/\"},{\"@type\":\"ListItem\",\"position\":3,\"name\":\"Boucle d\u2019oreille g\u00e9om\u00e9trique en forme de coquille de perle\"}]},{\"@type\":\"WebSite\",\"@id\":\"https:\\\/\\\/joyasyasmin.com\\\/fr\\\/#website\",\"url\":\"https:\\\/\\\/joyasyasmin.com\\\/fr\\\/\",\"name\":\"Yasmin\",\"description\":\"Joyer\u00eda de Plata 925 - Pendientes, pulseras, anillos, colgantes y m\u00e1s!\",\"publisher\":{\"@id\":\"https:\\\/\\\/joyasyasmin.com\\\/fr\\\/#organization\"},\"potentialAction\":[{\"@type\":\"SearchAction\",\"target\":{\"@type\":\"EntryPoint\",\"urlTemplate\":\"https:\\\/\\\/joyasyasmin.com\\\/fr\\\/?s={search_term_string}\"},\"query-input\":{\"@type\":\"PropertyValueSpecification\",\"valueRequired\":true,\"valueName\":\"search_term_string\"}}],\"inLanguage\":\"fr-FR\"},{\"@type\":\"Organization\",\"@id\":\"https:\\\/\\\/joyasyasmin.com\\\/fr\\\/#organization\",\"name\":\"joyas yasmin\",\"url\":\"https:\\\/\\\/joyasyasmin.com\\\/fr\\\/\",\"logo\":{\"@type\":\"ImageObject\",\"inLanguage\":\"fr-FR\",\"@id\":\"https:\\\/\\\/joyasyasmin.com\\\/fr\\\/#\\\/schema\\\/logo\\\/image\\\/\",\"url\":\"https:\\\/\\\/joyasyasmin.com\\\/wp-content\\\/uploads\\\/2017\\\/06\\\/IMG-20200429-WA0051.jpg\",\"contentUrl\":\"https:\\\/\\\/joyasyasmin.com\\\/wp-content\\\/uploads\\\/2017\\\/06\\\/IMG-20200429-WA0051.jpg\",\"width\":1080,\"height\":545,\"caption\":\"joyas yasmin\"},\"image\":{\"@id\":\"https:\\\/\\\/joyasyasmin.com\\\/fr\\\/#\\\/schema\\\/logo\\\/image\\\/\"},\"sameAs\":[\"https:\\\/\\\/www.facebook.com\\\/Joyas-Yasmin-217664058934169\\\/\",\"https:\\\/\\\/www.instagram.com\\\/invites\\\/contact\\\/\"]}]}<\/script>\n<!-- \/ Yoast SEO plugin. -->","yoast_head_json":{"title":"Boucle d\u2019oreille g\u00e9om\u00e9trique en forme de coquille de perle - Yasmin","description":"La boucle d\u2019oreille g\u00e9om\u00e9trique en forme de coquille de perle est un bijou en argent sterling 925, qui apportera \u00e9l\u00e9gance et style \u00e0 vos looks. Portez-le au quotidien et sentez-vous unique.","robots":{"index":"index","follow":"follow","max-snippet":"max-snippet:-1","max-image-preview":"max-image-preview:large","max-video-preview":"max-video-preview:-1"},"canonical":"https:\/\/joyasyasmin.com\/fr\/producto\/boucle-doreille-geometrique-en-forme-de-coquille-de-perle\/","og_locale":"fr_FR","og_title":"Boucle d\u2019oreille g\u00e9om\u00e9trique en forme de coquille de perle - Yasmin","og_description":"La boucle d\u2019oreille g\u00e9om\u00e9trique en forme de coquille de perle est un bijou en argent sterling 925, qui apportera \u00e9l\u00e9gance et style \u00e0 vos looks. Portez-le au quotidien et sentez-vous unique.","og_url":"https:\/\/joyasyasmin.com\/fr\/producto\/boucle-doreille-geometrique-en-forme-de-coquille-de-perle\/","og_site_name":"Yasmin","article_publisher":"https:\/\/www.facebook.com\/Joyas-Yasmin-217664058934169\/","article_modified_time":"2025-11-10T11:58:53+00:00","og_image":[{"width":2560,"height":2560,"url":"https:\/\/joyasyasmin.com\/wp-content\/uploads\/2022\/10\/pendiente-geometrico-con-perla-scaled.jpg","type":"image\/jpeg"}],"twitter_card":"summary_large_image","schema":{"@context":"https:\/\/schema.org","@graph":[{"@type":["WebPage","ItemPage"],"@id":"https:\/\/joyasyasmin.com\/fr\/producto\/boucle-doreille-geometrique-en-forme-de-coquille-de-perle\/","url":"https:\/\/joyasyasmin.com\/fr\/producto\/boucle-doreille-geometrique-en-forme-de-coquille-de-perle\/","name":"Boucle d\u2019oreille g\u00e9om\u00e9trique en forme de coquille de perle - Yasmin","isPartOf":{"@id":"https:\/\/joyasyasmin.com\/fr\/#website"},"primaryImageOfPage":{"@id":"https:\/\/joyasyasmin.com\/fr\/producto\/boucle-doreille-geometrique-en-forme-de-coquille-de-perle\/#primaryimage"},"image":{"@id":"https:\/\/joyasyasmin.com\/fr\/producto\/boucle-doreille-geometrique-en-forme-de-coquille-de-perle\/#primaryimage"},"thumbnailUrl":"https:\/\/joyasyasmin.com\/wp-content\/uploads\/2022\/10\/pendiente-geometrico-con-perla-scaled.jpg","datePublished":"2022-10-16T22:06:16+00:00","dateModified":"2025-11-10T11:58:53+00:00","description":"La boucle d\u2019oreille g\u00e9om\u00e9trique en forme de coquille de perle est un bijou en argent sterling 925, qui apportera \u00e9l\u00e9gance et style \u00e0 vos looks. Portez-le au quotidien et sentez-vous unique.","breadcrumb":{"@id":"https:\/\/joyasyasmin.com\/fr\/producto\/boucle-doreille-geometrique-en-forme-de-coquille-de-perle\/#breadcrumb"},"inLanguage":"fr-FR","potentialAction":[{"@type":"ReadAction","target":["https:\/\/joyasyasmin.com\/fr\/producto\/boucle-doreille-geometrique-en-forme-de-coquille-de-perle\/"]}]},{"@type":"ImageObject","inLanguage":"fr-FR","@id":"https:\/\/joyasyasmin.com\/fr\/producto\/boucle-doreille-geometrique-en-forme-de-coquille-de-perle\/#primaryimage","url":"https:\/\/joyasyasmin.com\/wp-content\/uploads\/2022\/10\/pendiente-geometrico-con-perla-scaled.jpg","contentUrl":"https:\/\/joyasyasmin.com\/wp-content\/uploads\/2022\/10\/pendiente-geometrico-con-perla-scaled.jpg","width":2560,"height":2560,"caption":"Boucle d\u2019oreille g\u00e9om\u00e9trique avec coquille de perle de culture Vente en argent sterling 925"},{"@type":"BreadcrumbList","@id":"https:\/\/joyasyasmin.com\/fr\/producto\/boucle-doreille-geometrique-en-forme-de-coquille-de-perle\/#breadcrumb","itemListElement":[{"@type":"ListItem","position":1,"name":"Portada","item":"https:\/\/joyasyasmin.com\/fr\/domicile\/"},{"@type":"ListItem","position":2,"name":"Boutique","item":"https:\/\/joyasyasmin.com\/fr\/boutique\/"},{"@type":"ListItem","position":3,"name":"Boucle d\u2019oreille g\u00e9om\u00e9trique en forme de coquille de perle"}]},{"@type":"WebSite","@id":"https:\/\/joyasyasmin.com\/fr\/#website","url":"https:\/\/joyasyasmin.com\/fr\/","name":"Yasmin","description":"Joyer\u00eda de Plata 925 - Pendientes, pulseras, anillos, colgantes y m\u00e1s!","publisher":{"@id":"https:\/\/joyasyasmin.com\/fr\/#organization"},"potentialAction":[{"@type":"SearchAction","target":{"@type":"EntryPoint","urlTemplate":"https:\/\/joyasyasmin.com\/fr\/?s={search_term_string}"},"query-input":{"@type":"PropertyValueSpecification","valueRequired":true,"valueName":"search_term_string"}}],"inLanguage":"fr-FR"},{"@type":"Organization","@id":"https:\/\/joyasyasmin.com\/fr\/#organization","name":"joyas yasmin","url":"https:\/\/joyasyasmin.com\/fr\/","logo":{"@type":"ImageObject","inLanguage":"fr-FR","@id":"https:\/\/joyasyasmin.com\/fr\/#\/schema\/logo\/image\/","url":"https:\/\/joyasyasmin.com\/wp-content\/uploads\/2017\/06\/IMG-20200429-WA0051.jpg","contentUrl":"https:\/\/joyasyasmin.com\/wp-content\/uploads\/2017\/06\/IMG-20200429-WA0051.jpg","width":1080,"height":545,"caption":"joyas yasmin"},"image":{"@id":"https:\/\/joyasyasmin.com\/fr\/#\/schema\/logo\/image\/"},"sameAs":["https:\/\/www.facebook.com\/Joyas-Yasmin-217664058934169\/","https:\/\/www.instagram.com\/invites\/contact\/"]}]}},"_links":{"self":[{"href":"https:\/\/joyasyasmin.com\/fr\/wp-json\/wp\/v2\/product\/25223","targetHints":{"allow":["GET"]}}],"collection":[{"href":"https:\/\/joyasyasmin.com\/fr\/wp-json\/wp\/v2\/product"}],"about":[{"href":"https:\/\/joyasyasmin.com\/fr\/wp-json\/wp\/v2\/types\/product"}],"replies":[{"embeddable":true,"href":"https:\/\/joyasyasmin.com\/fr\/wp-json\/wp\/v2\/comments?post=25223"}],"version-history":[{"count":1,"href":"https:\/\/joyasyasmin.com\/fr\/wp-json\/wp\/v2\/product\/25223\/revisions"}],"predecessor-version":[{"id":36091,"href":"https:\/\/joyasyasmin.com\/fr\/wp-json\/wp\/v2\/product\/25223\/revisions\/36091"}],"wp:featuredmedia":[{"embeddable":true,"href":"https:\/\/joyasyasmin.com\/fr\/wp-json\/wp\/v2\/media\/25228"}],"wp:attachment":[{"href":"https:\/\/joyasyasmin.com\/fr\/wp-json\/wp\/v2\/media?parent=25223"}],"wp:term":[{"taxonomy":"product_brand","embeddable":true,"href":"https:\/\/joyasyasmin.com\/fr\/wp-json\/wp\/v2\/product_brand?post=25223"},{"taxonomy":"product_cat","embeddable":true,"href":"https:\/\/joyasyasmin.com\/fr\/wp-json\/wp\/v2\/product_cat?post=25223"},{"taxonomy":"product_tag","embeddable":true,"href":"https:\/\/joyasyasmin.com\/fr\/wp-json\/wp\/v2\/product_tag?post=25223"}],"curies":[{"name":"wp","href":"https:\/\/api.w.org\/{rel}","templated":true}]}}