{"id":25751,"date":"2022-05-10T20:40:02","date_gmt":"2022-05-10T20:40:02","guid":{"rendered":"https:\/\/joyasyasmin.com\/producto\/collier-eau-marine-bonaire\/"},"modified":"2022-05-10T20:40:02","modified_gmt":"2022-05-10T20:40:02","slug":"collier-eau-marine-bonaire","status":"publish","type":"product","link":"https:\/\/joyasyasmin.com\/fr\/producto\/collier-eau-marine-bonaire\/","title":{"rendered":"Collier Eau Marine Bonaire"},"content":{"rendered":"","protected":false},"excerpt":{"rendered":"<p>Collier Bonaire Agua Marina ce beau design est en argent sterling 925, il est \u00e9galement plaqu\u00e9 de trois microns d\u2019or 18 carats, son design d\u2019un cercle (14 mm) avec une zircone d\u2019eau de mer au centre et deux plus petits sur les c\u00f4t\u00e9s, le rendent super beau et d\u00e9licat, sa longueur de 40 + 5 cm est une taille id\u00e9ale \u00e0 combiner avec d\u2019autres colliers.<\/p>\n","protected":false},"featured_media":25759,"comment_status":"open","ping_status":"closed","template":"","meta":{"_acf_changed":false,"_joinchat":[]},"product_brand":[],"product_cat":[1819],"product_tag":[4018,4017],"class_list":{"0":"post-25751","1":"product","2":"type-product","3":"status-publish","4":"has-post-thumbnail","6":"product_cat-colliers","7":"product_tag-collier-karma-avec-pierre","8":"product_tag-collier-marin-aquatique-bonaire","10":"first","11":"instock","12":"shipping-taxable","13":"purchasable","14":"product-type-variable"},"acf":[],"yoast_head":"<!-- This site is optimized with the Yoast SEO plugin v27.2 - https:\/\/yoast.com\/product\/yoast-seo-wordpress\/ -->\n<title>Collier Eau Marine Bonaire - Yasmin<\/title>\n<meta name=\"description\" content=\"Le collier Bonaire Agua Marina est fait d\u2019argent sterling 925, ce beau design de karma dor\u00e9 en trois microns d\u2019or 18 carats. Livraison gratuite.\" \/>\n<meta name=\"robots\" content=\"index, follow, max-snippet:-1, max-image-preview:large, max-video-preview:-1\" \/>\n<link rel=\"canonical\" href=\"https:\/\/joyasyasmin.com\/fr\/producto\/collier-eau-marine-bonaire\/\" \/>\n<meta property=\"og:locale\" content=\"fr_FR\" \/>\n<meta property=\"og:title\" content=\"Collier Eau Marine Bonaire - Yasmin\" \/>\n<meta property=\"og:description\" content=\"Le collier Bonaire Agua Marina est fait d\u2019argent sterling 925, ce beau design de karma dor\u00e9 en trois microns d\u2019or 18 carats. Livraison gratuite.\" \/>\n<meta property=\"og:url\" content=\"https:\/\/joyasyasmin.com\/fr\/producto\/collier-eau-marine-bonaire\/\" \/>\n<meta property=\"og:site_name\" content=\"Yasmin\" \/>\n<meta property=\"article:publisher\" content=\"https:\/\/www.facebook.com\/Joyas-Yasmin-217664058934169\/\" \/>\n<meta property=\"og:image\" content=\"https:\/\/joyasyasmin.com\/wp-content\/uploads\/2022\/05\/gargantilla-karma-turquesa.jpg\" \/>\n\t<meta property=\"og:image:width\" content=\"1960\" \/>\n\t<meta property=\"og:image:height\" content=\"1960\" \/>\n\t<meta property=\"og:image:type\" content=\"image\/jpeg\" \/>\n<meta name=\"twitter:card\" content=\"summary_large_image\" \/>\n<script type=\"application\/ld+json\" class=\"yoast-schema-graph\">{\"@context\":\"https:\/\/schema.org\",\"@graph\":[{\"@type\":[\"WebPage\",\"ItemPage\"],\"@id\":\"https:\/\/joyasyasmin.com\/fr\/producto\/collier-eau-marine-bonaire\/\",\"url\":\"https:\/\/joyasyasmin.com\/fr\/producto\/collier-eau-marine-bonaire\/\",\"name\":\"Collier Eau Marine Bonaire - Yasmin\",\"isPartOf\":{\"@id\":\"https:\/\/joyasyasmin.com\/fr\/#website\"},\"primaryImageOfPage\":{\"@id\":\"https:\/\/joyasyasmin.com\/fr\/producto\/collier-eau-marine-bonaire\/#primaryimage\"},\"image\":{\"@id\":\"https:\/\/joyasyasmin.com\/fr\/producto\/collier-eau-marine-bonaire\/#primaryimage\"},\"thumbnailUrl\":\"https:\/\/joyasyasmin.com\/wp-content\/uploads\/2022\/05\/gargantilla-karma-turquesa.jpg\",\"datePublished\":\"2022-05-10T20:40:02+00:00\",\"description\":\"Le collier Bonaire Agua Marina est fait d\u2019argent sterling 925, ce beau design de karma dor\u00e9 en trois microns d\u2019or 18 carats. Livraison gratuite.\",\"breadcrumb\":{\"@id\":\"https:\/\/joyasyasmin.com\/fr\/producto\/collier-eau-marine-bonaire\/#breadcrumb\"},\"inLanguage\":\"fr-FR\",\"potentialAction\":[{\"@type\":\"ReadAction\",\"target\":[\"https:\/\/joyasyasmin.com\/fr\/producto\/collier-eau-marine-bonaire\/\"]}]},{\"@type\":\"ImageObject\",\"inLanguage\":\"fr-FR\",\"@id\":\"https:\/\/joyasyasmin.com\/fr\/producto\/collier-eau-marine-bonaire\/#primaryimage\",\"url\":\"https:\/\/joyasyasmin.com\/wp-content\/uploads\/2022\/05\/gargantilla-karma-turquesa.jpg\",\"contentUrl\":\"https:\/\/joyasyasmin.com\/wp-content\/uploads\/2022\/05\/gargantilla-karma-turquesa.jpg\",\"width\":1960,\"height\":1960},{\"@type\":\"BreadcrumbList\",\"@id\":\"https:\/\/joyasyasmin.com\/fr\/producto\/collier-eau-marine-bonaire\/#breadcrumb\",\"itemListElement\":[{\"@type\":\"ListItem\",\"position\":1,\"name\":\"Portada\",\"item\":\"https:\/\/joyasyasmin.com\/fr\/domicile\/\"},{\"@type\":\"ListItem\",\"position\":2,\"name\":\"Boutique\",\"item\":\"https:\/\/joyasyasmin.com\/fr\/boutique\/\"},{\"@type\":\"ListItem\",\"position\":3,\"name\":\"Collier Eau Marine Bonaire\"}]},{\"@type\":\"WebSite\",\"@id\":\"https:\/\/joyasyasmin.com\/fr\/#website\",\"url\":\"https:\/\/joyasyasmin.com\/fr\/\",\"name\":\"Yasmin\",\"description\":\"Joyer\u00eda de Plata 925 - Pendientes, pulseras, anillos, colgantes y m\u00e1s!\",\"publisher\":{\"@id\":\"https:\/\/joyasyasmin.com\/fr\/#organization\"},\"potentialAction\":[{\"@type\":\"SearchAction\",\"target\":{\"@type\":\"EntryPoint\",\"urlTemplate\":\"https:\/\/joyasyasmin.com\/fr\/?s={search_term_string}\"},\"query-input\":{\"@type\":\"PropertyValueSpecification\",\"valueRequired\":true,\"valueName\":\"search_term_string\"}}],\"inLanguage\":\"fr-FR\"},{\"@type\":\"Organization\",\"@id\":\"https:\/\/joyasyasmin.com\/fr\/#organization\",\"name\":\"joyas yasmin\",\"url\":\"https:\/\/joyasyasmin.com\/fr\/\",\"logo\":{\"@type\":\"ImageObject\",\"inLanguage\":\"fr-FR\",\"@id\":\"https:\/\/joyasyasmin.com\/fr\/#\/schema\/logo\/image\/\",\"url\":\"https:\/\/joyasyasmin.com\/wp-content\/uploads\/2017\/06\/IMG-20200429-WA0051.jpg\",\"contentUrl\":\"https:\/\/joyasyasmin.com\/wp-content\/uploads\/2017\/06\/IMG-20200429-WA0051.jpg\",\"width\":1080,\"height\":545,\"caption\":\"joyas yasmin\"},\"image\":{\"@id\":\"https:\/\/joyasyasmin.com\/fr\/#\/schema\/logo\/image\/\"},\"sameAs\":[\"https:\/\/www.facebook.com\/Joyas-Yasmin-217664058934169\/\",\"https:\/\/www.instagram.com\/invites\/contact\/\"]}]}<\/script>\n<!-- \/ Yoast SEO plugin. -->","yoast_head_json":{"title":"Collier Eau Marine Bonaire - Yasmin","description":"Le collier Bonaire Agua Marina est fait d\u2019argent sterling 925, ce beau design de karma dor\u00e9 en trois microns d\u2019or 18 carats. Livraison gratuite.","robots":{"index":"index","follow":"follow","max-snippet":"max-snippet:-1","max-image-preview":"max-image-preview:large","max-video-preview":"max-video-preview:-1"},"canonical":"https:\/\/joyasyasmin.com\/fr\/producto\/collier-eau-marine-bonaire\/","og_locale":"fr_FR","og_title":"Collier Eau Marine Bonaire - Yasmin","og_description":"Le collier Bonaire Agua Marina est fait d\u2019argent sterling 925, ce beau design de karma dor\u00e9 en trois microns d\u2019or 18 carats. Livraison gratuite.","og_url":"https:\/\/joyasyasmin.com\/fr\/producto\/collier-eau-marine-bonaire\/","og_site_name":"Yasmin","article_publisher":"https:\/\/www.facebook.com\/Joyas-Yasmin-217664058934169\/","og_image":[{"width":1960,"height":1960,"url":"https:\/\/joyasyasmin.com\/wp-content\/uploads\/2022\/05\/gargantilla-karma-turquesa.jpg","type":"image\/jpeg"}],"twitter_card":"summary_large_image","schema":{"@context":"https:\/\/schema.org","@graph":[{"@type":["WebPage","ItemPage"],"@id":"https:\/\/joyasyasmin.com\/fr\/producto\/collier-eau-marine-bonaire\/","url":"https:\/\/joyasyasmin.com\/fr\/producto\/collier-eau-marine-bonaire\/","name":"Collier Eau Marine Bonaire - Yasmin","isPartOf":{"@id":"https:\/\/joyasyasmin.com\/fr\/#website"},"primaryImageOfPage":{"@id":"https:\/\/joyasyasmin.com\/fr\/producto\/collier-eau-marine-bonaire\/#primaryimage"},"image":{"@id":"https:\/\/joyasyasmin.com\/fr\/producto\/collier-eau-marine-bonaire\/#primaryimage"},"thumbnailUrl":"https:\/\/joyasyasmin.com\/wp-content\/uploads\/2022\/05\/gargantilla-karma-turquesa.jpg","datePublished":"2022-05-10T20:40:02+00:00","description":"Le collier Bonaire Agua Marina est fait d\u2019argent sterling 925, ce beau design de karma dor\u00e9 en trois microns d\u2019or 18 carats. Livraison gratuite.","breadcrumb":{"@id":"https:\/\/joyasyasmin.com\/fr\/producto\/collier-eau-marine-bonaire\/#breadcrumb"},"inLanguage":"fr-FR","potentialAction":[{"@type":"ReadAction","target":["https:\/\/joyasyasmin.com\/fr\/producto\/collier-eau-marine-bonaire\/"]}]},{"@type":"ImageObject","inLanguage":"fr-FR","@id":"https:\/\/joyasyasmin.com\/fr\/producto\/collier-eau-marine-bonaire\/#primaryimage","url":"https:\/\/joyasyasmin.com\/wp-content\/uploads\/2022\/05\/gargantilla-karma-turquesa.jpg","contentUrl":"https:\/\/joyasyasmin.com\/wp-content\/uploads\/2022\/05\/gargantilla-karma-turquesa.jpg","width":1960,"height":1960},{"@type":"BreadcrumbList","@id":"https:\/\/joyasyasmin.com\/fr\/producto\/collier-eau-marine-bonaire\/#breadcrumb","itemListElement":[{"@type":"ListItem","position":1,"name":"Portada","item":"https:\/\/joyasyasmin.com\/fr\/domicile\/"},{"@type":"ListItem","position":2,"name":"Boutique","item":"https:\/\/joyasyasmin.com\/fr\/boutique\/"},{"@type":"ListItem","position":3,"name":"Collier Eau Marine Bonaire"}]},{"@type":"WebSite","@id":"https:\/\/joyasyasmin.com\/fr\/#website","url":"https:\/\/joyasyasmin.com\/fr\/","name":"Yasmin","description":"Joyer\u00eda de Plata 925 - Pendientes, pulseras, anillos, colgantes y m\u00e1s!","publisher":{"@id":"https:\/\/joyasyasmin.com\/fr\/#organization"},"potentialAction":[{"@type":"SearchAction","target":{"@type":"EntryPoint","urlTemplate":"https:\/\/joyasyasmin.com\/fr\/?s={search_term_string}"},"query-input":{"@type":"PropertyValueSpecification","valueRequired":true,"valueName":"search_term_string"}}],"inLanguage":"fr-FR"},{"@type":"Organization","@id":"https:\/\/joyasyasmin.com\/fr\/#organization","name":"joyas yasmin","url":"https:\/\/joyasyasmin.com\/fr\/","logo":{"@type":"ImageObject","inLanguage":"fr-FR","@id":"https:\/\/joyasyasmin.com\/fr\/#\/schema\/logo\/image\/","url":"https:\/\/joyasyasmin.com\/wp-content\/uploads\/2017\/06\/IMG-20200429-WA0051.jpg","contentUrl":"https:\/\/joyasyasmin.com\/wp-content\/uploads\/2017\/06\/IMG-20200429-WA0051.jpg","width":1080,"height":545,"caption":"joyas yasmin"},"image":{"@id":"https:\/\/joyasyasmin.com\/fr\/#\/schema\/logo\/image\/"},"sameAs":["https:\/\/www.facebook.com\/Joyas-Yasmin-217664058934169\/","https:\/\/www.instagram.com\/invites\/contact\/"]}]}},"_links":{"self":[{"href":"https:\/\/joyasyasmin.com\/fr\/wp-json\/wp\/v2\/product\/25751","targetHints":{"allow":["GET"]}}],"collection":[{"href":"https:\/\/joyasyasmin.com\/fr\/wp-json\/wp\/v2\/product"}],"about":[{"href":"https:\/\/joyasyasmin.com\/fr\/wp-json\/wp\/v2\/types\/product"}],"replies":[{"embeddable":true,"href":"https:\/\/joyasyasmin.com\/fr\/wp-json\/wp\/v2\/comments?post=25751"}],"version-history":[{"count":0,"href":"https:\/\/joyasyasmin.com\/fr\/wp-json\/wp\/v2\/product\/25751\/revisions"}],"wp:featuredmedia":[{"embeddable":true,"href":"https:\/\/joyasyasmin.com\/fr\/wp-json\/wp\/v2\/media\/25759"}],"wp:attachment":[{"href":"https:\/\/joyasyasmin.com\/fr\/wp-json\/wp\/v2\/media?parent=25751"}],"wp:term":[{"taxonomy":"product_brand","embeddable":true,"href":"https:\/\/joyasyasmin.com\/fr\/wp-json\/wp\/v2\/product_brand?post=25751"},{"taxonomy":"product_cat","embeddable":true,"href":"https:\/\/joyasyasmin.com\/fr\/wp-json\/wp\/v2\/product_cat?post=25751"},{"taxonomy":"product_tag","embeddable":true,"href":"https:\/\/joyasyasmin.com\/fr\/wp-json\/wp\/v2\/product_tag?post=25751"}],"curies":[{"name":"wp","href":"https:\/\/api.w.org\/{rel}","templated":true}]}}