{"id":25800,"date":"2022-05-25T09:11:22","date_gmt":"2022-05-25T09:11:22","guid":{"rendered":"https:\/\/joyasyasmin.com\/producto\/itys-turquoise-bracelet\/"},"modified":"2025-01-16T19:18:39","modified_gmt":"2025-01-16T19:18:39","slug":"itys-turquoise-bracelet","status":"publish","type":"product","link":"https:\/\/joyasyasmin.com\/fr\/producto\/itys-turquoise-bracelet\/","title":{"rendered":"Itys Turquoise Bracelet"},"content":{"rendered":"","protected":false},"excerpt":{"rendered":"<p>Le bracelet turquoise Itys est un bijou en argent sterling 925, son design de boules d\u2019argent de la plus petite \u00e0 la plus grande en taille se combinant avec des pierres turquoise et des tubes d\u2019argent allong\u00e9s, sa longueur de 17 + 3 cm.<\/p>\n","protected":false},"featured_media":25802,"comment_status":"open","ping_status":"closed","template":"","meta":{"_acf_changed":false,"_joinchat":[]},"product_brand":[],"product_cat":[1790],"product_tag":[4046,4045],"class_list":{"0":"post-25800","1":"product","2":"type-product","3":"status-publish","4":"has-post-thumbnail","6":"product_cat-bracelets","7":"product_tag-bracelet-boule-dargent-avec-pierres-turquoise","8":"product_tag-turquoise-itys-bracelet-fr","10":"first","11":"instock","12":"shipping-taxable","13":"purchasable","14":"product-type-simple"},"acf":[],"yoast_head":"<!-- This site is optimized with the Yoast SEO plugin v27.2 - https:\/\/yoast.com\/product\/yoast-seo-wordpress\/ -->\n<title>Itys Turquoise Bracelet - Yasmin<\/title>\n<meta name=\"description\" content=\"Le bracelet turquoise Itys est un bijou en argent sterling, fabriqu\u00e9 \u00e0 la main, combinant des boules, des pierres et des tubes incurv\u00e9s lui donnant un design diff\u00e9rent. Livraison gratuite.\" \/>\n<meta name=\"robots\" content=\"index, follow, max-snippet:-1, max-image-preview:large, max-video-preview:-1\" \/>\n<link rel=\"canonical\" href=\"https:\/\/joyasyasmin.com\/fr\/producto\/itys-turquoise-bracelet\/\" \/>\n<meta property=\"og:locale\" content=\"fr_FR\" \/>\n<meta property=\"og:title\" content=\"Itys Turquoise Bracelet - Yasmin\" \/>\n<meta property=\"og:description\" content=\"Le bracelet turquoise Itys est un bijou en argent sterling, fabriqu\u00e9 \u00e0 la main, combinant des boules, des pierres et des tubes incurv\u00e9s lui donnant un design diff\u00e9rent. Livraison gratuite.\" \/>\n<meta property=\"og:url\" content=\"https:\/\/joyasyasmin.com\/fr\/producto\/itys-turquoise-bracelet\/\" \/>\n<meta property=\"og:site_name\" content=\"Yasmin\" \/>\n<meta property=\"article:publisher\" content=\"https:\/\/www.facebook.com\/Joyas-Yasmin-217664058934169\/\" \/>\n<meta property=\"article:modified_time\" content=\"2025-01-16T19:18:39+00:00\" \/>\n<meta property=\"og:image\" content=\"https:\/\/joyasyasmin.com\/wp-content\/uploads\/2022\/05\/pulsera-itys-bola-plata.jpg\" \/>\n\t<meta property=\"og:image:width\" content=\"1960\" \/>\n\t<meta property=\"og:image:height\" content=\"1960\" \/>\n\t<meta property=\"og:image:type\" content=\"image\/jpeg\" \/>\n<meta name=\"twitter:card\" content=\"summary_large_image\" \/>\n<script type=\"application\/ld+json\" class=\"yoast-schema-graph\">{\"@context\":\"https:\/\/schema.org\",\"@graph\":[{\"@type\":[\"WebPage\",\"ItemPage\"],\"@id\":\"https:\/\/joyasyasmin.com\/fr\/producto\/itys-turquoise-bracelet\/\",\"url\":\"https:\/\/joyasyasmin.com\/fr\/producto\/itys-turquoise-bracelet\/\",\"name\":\"Itys Turquoise Bracelet - Yasmin\",\"isPartOf\":{\"@id\":\"https:\/\/joyasyasmin.com\/fr\/#website\"},\"primaryImageOfPage\":{\"@id\":\"https:\/\/joyasyasmin.com\/fr\/producto\/itys-turquoise-bracelet\/#primaryimage\"},\"image\":{\"@id\":\"https:\/\/joyasyasmin.com\/fr\/producto\/itys-turquoise-bracelet\/#primaryimage\"},\"thumbnailUrl\":\"https:\/\/joyasyasmin.com\/wp-content\/uploads\/2022\/05\/pulsera-itys-bola-plata.jpg\",\"datePublished\":\"2022-05-25T09:11:22+00:00\",\"dateModified\":\"2025-01-16T19:18:39+00:00\",\"description\":\"Le bracelet turquoise Itys est un bijou en argent sterling, fabriqu\u00e9 \u00e0 la main, combinant des boules, des pierres et des tubes incurv\u00e9s lui donnant un design diff\u00e9rent. Livraison gratuite.\",\"breadcrumb\":{\"@id\":\"https:\/\/joyasyasmin.com\/fr\/producto\/itys-turquoise-bracelet\/#breadcrumb\"},\"inLanguage\":\"fr-FR\",\"potentialAction\":[{\"@type\":\"ReadAction\",\"target\":[\"https:\/\/joyasyasmin.com\/fr\/producto\/itys-turquoise-bracelet\/\"]}]},{\"@type\":\"ImageObject\",\"inLanguage\":\"fr-FR\",\"@id\":\"https:\/\/joyasyasmin.com\/fr\/producto\/itys-turquoise-bracelet\/#primaryimage\",\"url\":\"https:\/\/joyasyasmin.com\/wp-content\/uploads\/2022\/05\/pulsera-itys-bola-plata.jpg\",\"contentUrl\":\"https:\/\/joyasyasmin.com\/wp-content\/uploads\/2022\/05\/pulsera-itys-bola-plata.jpg\",\"width\":1960,\"height\":1960,\"caption\":\"Bracelet en argent avec pierres turquoises et boules d\u2019argent \u00e0 vendre\"},{\"@type\":\"BreadcrumbList\",\"@id\":\"https:\/\/joyasyasmin.com\/fr\/producto\/itys-turquoise-bracelet\/#breadcrumb\",\"itemListElement\":[{\"@type\":\"ListItem\",\"position\":1,\"name\":\"Portada\",\"item\":\"https:\/\/joyasyasmin.com\/fr\/domicile\/\"},{\"@type\":\"ListItem\",\"position\":2,\"name\":\"Boutique\",\"item\":\"https:\/\/joyasyasmin.com\/fr\/boutique\/\"},{\"@type\":\"ListItem\",\"position\":3,\"name\":\"Itys Turquoise Bracelet\"}]},{\"@type\":\"WebSite\",\"@id\":\"https:\/\/joyasyasmin.com\/fr\/#website\",\"url\":\"https:\/\/joyasyasmin.com\/fr\/\",\"name\":\"Yasmin\",\"description\":\"Joyer\u00eda de Plata 925 - Pendientes, pulseras, anillos, colgantes y m\u00e1s!\",\"publisher\":{\"@id\":\"https:\/\/joyasyasmin.com\/fr\/#organization\"},\"potentialAction\":[{\"@type\":\"SearchAction\",\"target\":{\"@type\":\"EntryPoint\",\"urlTemplate\":\"https:\/\/joyasyasmin.com\/fr\/?s={search_term_string}\"},\"query-input\":{\"@type\":\"PropertyValueSpecification\",\"valueRequired\":true,\"valueName\":\"search_term_string\"}}],\"inLanguage\":\"fr-FR\"},{\"@type\":\"Organization\",\"@id\":\"https:\/\/joyasyasmin.com\/fr\/#organization\",\"name\":\"joyas yasmin\",\"url\":\"https:\/\/joyasyasmin.com\/fr\/\",\"logo\":{\"@type\":\"ImageObject\",\"inLanguage\":\"fr-FR\",\"@id\":\"https:\/\/joyasyasmin.com\/fr\/#\/schema\/logo\/image\/\",\"url\":\"https:\/\/joyasyasmin.com\/wp-content\/uploads\/2017\/06\/IMG-20200429-WA0051.jpg\",\"contentUrl\":\"https:\/\/joyasyasmin.com\/wp-content\/uploads\/2017\/06\/IMG-20200429-WA0051.jpg\",\"width\":1080,\"height\":545,\"caption\":\"joyas yasmin\"},\"image\":{\"@id\":\"https:\/\/joyasyasmin.com\/fr\/#\/schema\/logo\/image\/\"},\"sameAs\":[\"https:\/\/www.facebook.com\/Joyas-Yasmin-217664058934169\/\",\"https:\/\/www.instagram.com\/invites\/contact\/\"]}]}<\/script>\n<!-- \/ Yoast SEO plugin. -->","yoast_head_json":{"title":"Itys Turquoise Bracelet - Yasmin","description":"Le bracelet turquoise Itys est un bijou en argent sterling, fabriqu\u00e9 \u00e0 la main, combinant des boules, des pierres et des tubes incurv\u00e9s lui donnant un design diff\u00e9rent. Livraison gratuite.","robots":{"index":"index","follow":"follow","max-snippet":"max-snippet:-1","max-image-preview":"max-image-preview:large","max-video-preview":"max-video-preview:-1"},"canonical":"https:\/\/joyasyasmin.com\/fr\/producto\/itys-turquoise-bracelet\/","og_locale":"fr_FR","og_title":"Itys Turquoise Bracelet - Yasmin","og_description":"Le bracelet turquoise Itys est un bijou en argent sterling, fabriqu\u00e9 \u00e0 la main, combinant des boules, des pierres et des tubes incurv\u00e9s lui donnant un design diff\u00e9rent. Livraison gratuite.","og_url":"https:\/\/joyasyasmin.com\/fr\/producto\/itys-turquoise-bracelet\/","og_site_name":"Yasmin","article_publisher":"https:\/\/www.facebook.com\/Joyas-Yasmin-217664058934169\/","article_modified_time":"2025-01-16T19:18:39+00:00","og_image":[{"width":1960,"height":1960,"url":"https:\/\/joyasyasmin.com\/wp-content\/uploads\/2022\/05\/pulsera-itys-bola-plata.jpg","type":"image\/jpeg"}],"twitter_card":"summary_large_image","schema":{"@context":"https:\/\/schema.org","@graph":[{"@type":["WebPage","ItemPage"],"@id":"https:\/\/joyasyasmin.com\/fr\/producto\/itys-turquoise-bracelet\/","url":"https:\/\/joyasyasmin.com\/fr\/producto\/itys-turquoise-bracelet\/","name":"Itys Turquoise Bracelet - Yasmin","isPartOf":{"@id":"https:\/\/joyasyasmin.com\/fr\/#website"},"primaryImageOfPage":{"@id":"https:\/\/joyasyasmin.com\/fr\/producto\/itys-turquoise-bracelet\/#primaryimage"},"image":{"@id":"https:\/\/joyasyasmin.com\/fr\/producto\/itys-turquoise-bracelet\/#primaryimage"},"thumbnailUrl":"https:\/\/joyasyasmin.com\/wp-content\/uploads\/2022\/05\/pulsera-itys-bola-plata.jpg","datePublished":"2022-05-25T09:11:22+00:00","dateModified":"2025-01-16T19:18:39+00:00","description":"Le bracelet turquoise Itys est un bijou en argent sterling, fabriqu\u00e9 \u00e0 la main, combinant des boules, des pierres et des tubes incurv\u00e9s lui donnant un design diff\u00e9rent. Livraison gratuite.","breadcrumb":{"@id":"https:\/\/joyasyasmin.com\/fr\/producto\/itys-turquoise-bracelet\/#breadcrumb"},"inLanguage":"fr-FR","potentialAction":[{"@type":"ReadAction","target":["https:\/\/joyasyasmin.com\/fr\/producto\/itys-turquoise-bracelet\/"]}]},{"@type":"ImageObject","inLanguage":"fr-FR","@id":"https:\/\/joyasyasmin.com\/fr\/producto\/itys-turquoise-bracelet\/#primaryimage","url":"https:\/\/joyasyasmin.com\/wp-content\/uploads\/2022\/05\/pulsera-itys-bola-plata.jpg","contentUrl":"https:\/\/joyasyasmin.com\/wp-content\/uploads\/2022\/05\/pulsera-itys-bola-plata.jpg","width":1960,"height":1960,"caption":"Bracelet en argent avec pierres turquoises et boules d\u2019argent \u00e0 vendre"},{"@type":"BreadcrumbList","@id":"https:\/\/joyasyasmin.com\/fr\/producto\/itys-turquoise-bracelet\/#breadcrumb","itemListElement":[{"@type":"ListItem","position":1,"name":"Portada","item":"https:\/\/joyasyasmin.com\/fr\/domicile\/"},{"@type":"ListItem","position":2,"name":"Boutique","item":"https:\/\/joyasyasmin.com\/fr\/boutique\/"},{"@type":"ListItem","position":3,"name":"Itys Turquoise Bracelet"}]},{"@type":"WebSite","@id":"https:\/\/joyasyasmin.com\/fr\/#website","url":"https:\/\/joyasyasmin.com\/fr\/","name":"Yasmin","description":"Joyer\u00eda de Plata 925 - Pendientes, pulseras, anillos, colgantes y m\u00e1s!","publisher":{"@id":"https:\/\/joyasyasmin.com\/fr\/#organization"},"potentialAction":[{"@type":"SearchAction","target":{"@type":"EntryPoint","urlTemplate":"https:\/\/joyasyasmin.com\/fr\/?s={search_term_string}"},"query-input":{"@type":"PropertyValueSpecification","valueRequired":true,"valueName":"search_term_string"}}],"inLanguage":"fr-FR"},{"@type":"Organization","@id":"https:\/\/joyasyasmin.com\/fr\/#organization","name":"joyas yasmin","url":"https:\/\/joyasyasmin.com\/fr\/","logo":{"@type":"ImageObject","inLanguage":"fr-FR","@id":"https:\/\/joyasyasmin.com\/fr\/#\/schema\/logo\/image\/","url":"https:\/\/joyasyasmin.com\/wp-content\/uploads\/2017\/06\/IMG-20200429-WA0051.jpg","contentUrl":"https:\/\/joyasyasmin.com\/wp-content\/uploads\/2017\/06\/IMG-20200429-WA0051.jpg","width":1080,"height":545,"caption":"joyas yasmin"},"image":{"@id":"https:\/\/joyasyasmin.com\/fr\/#\/schema\/logo\/image\/"},"sameAs":["https:\/\/www.facebook.com\/Joyas-Yasmin-217664058934169\/","https:\/\/www.instagram.com\/invites\/contact\/"]}]}},"_links":{"self":[{"href":"https:\/\/joyasyasmin.com\/fr\/wp-json\/wp\/v2\/product\/25800","targetHints":{"allow":["GET"]}}],"collection":[{"href":"https:\/\/joyasyasmin.com\/fr\/wp-json\/wp\/v2\/product"}],"about":[{"href":"https:\/\/joyasyasmin.com\/fr\/wp-json\/wp\/v2\/types\/product"}],"replies":[{"embeddable":true,"href":"https:\/\/joyasyasmin.com\/fr\/wp-json\/wp\/v2\/comments?post=25800"}],"version-history":[{"count":1,"href":"https:\/\/joyasyasmin.com\/fr\/wp-json\/wp\/v2\/product\/25800\/revisions"}],"predecessor-version":[{"id":29450,"href":"https:\/\/joyasyasmin.com\/fr\/wp-json\/wp\/v2\/product\/25800\/revisions\/29450"}],"wp:featuredmedia":[{"embeddable":true,"href":"https:\/\/joyasyasmin.com\/fr\/wp-json\/wp\/v2\/media\/25802"}],"wp:attachment":[{"href":"https:\/\/joyasyasmin.com\/fr\/wp-json\/wp\/v2\/media?parent=25800"}],"wp:term":[{"taxonomy":"product_brand","embeddable":true,"href":"https:\/\/joyasyasmin.com\/fr\/wp-json\/wp\/v2\/product_brand?post=25800"},{"taxonomy":"product_cat","embeddable":true,"href":"https:\/\/joyasyasmin.com\/fr\/wp-json\/wp\/v2\/product_cat?post=25800"},{"taxonomy":"product_tag","embeddable":true,"href":"https:\/\/joyasyasmin.com\/fr\/wp-json\/wp\/v2\/product_tag?post=25800"}],"curies":[{"name":"wp","href":"https:\/\/api.w.org\/{rel}","templated":true}]}}