{"id":25930,"date":"2022-08-13T15:30:00","date_gmt":"2022-08-13T15:30:00","guid":{"rendered":"https:\/\/joyasyasmin.com\/producto\/bali-bracelet-boules-et-spirale\/"},"modified":"2025-11-10T11:56:37","modified_gmt":"2025-11-10T11:56:37","slug":"bali-bracelet-boules-et-spirale","status":"publish","type":"product","link":"https:\/\/joyasyasmin.com\/fr\/producto\/bali-bracelet-boules-et-spirale\/","title":{"rendered":"Bali Bracelet Boules et Spirale"},"content":{"rendered":"","protected":false},"excerpt":{"rendered":"<p>Le Bracelet Boules et Spirale de Bali est un bijou en argent sterling 925, son design qui m\u00e9lange des boules (3mm) avec des tubes incurv\u00e9s et des petites spirales en argent anciennes de type Bali rendent cet accessoire saisissant et beau, sa longueur de 17 + 3 cm. Les bijoux sont de haute qualit\u00e9 avec design et \u00e9l\u00e9gance. <\/p>\n","protected":false},"featured_media":25931,"comment_status":"open","ping_status":"closed","template":"","meta":{"_acf_changed":false,"_joinchat":[]},"product_brand":[],"product_cat":[1790],"product_tag":[4118,4116,3141],"class_list":{"0":"post-25930","1":"product","2":"type-product","3":"status-publish","4":"has-post-thumbnail","6":"product_cat-bracelets","7":"product_tag-bracelet-bali-boule-et-spirale","8":"product_tag-bracelet-boule-argent","9":"product_tag-quoi-de-neuf-en-2022","11":"first","12":"instock","13":"shipping-taxable","14":"purchasable","15":"product-type-simple"},"acf":[],"yoast_head":"<!-- This site is optimized with the Yoast SEO plugin v27.2 - https:\/\/yoast.com\/product\/yoast-seo-wordpress\/ -->\n<title>Bali Bracelet Boules et Spirale - Yasmin<\/title>\n<meta name=\"description\" content=\"Bali Balls and Spiral Bracelet est un bijou en argent sterling 925 de haute qualit\u00e9, son design donnera du style et de l\u2019\u00e9l\u00e9gance \u00e0 nos looks. Fait main.\" \/>\n<meta name=\"robots\" content=\"index, follow, max-snippet:-1, max-image-preview:large, max-video-preview:-1\" \/>\n<link rel=\"canonical\" href=\"https:\/\/joyasyasmin.com\/fr\/producto\/bali-bracelet-boules-et-spirale\/\" \/>\n<meta property=\"og:locale\" content=\"fr_FR\" \/>\n<meta property=\"og:title\" content=\"Bali Bracelet Boules et Spirale - Yasmin\" \/>\n<meta property=\"og:description\" content=\"Bali Balls and Spiral Bracelet est un bijou en argent sterling 925 de haute qualit\u00e9, son design donnera du style et de l\u2019\u00e9l\u00e9gance \u00e0 nos looks. Fait main.\" \/>\n<meta property=\"og:url\" content=\"https:\/\/joyasyasmin.com\/fr\/producto\/bali-bracelet-boules-et-spirale\/\" \/>\n<meta property=\"og:site_name\" content=\"Yasmin\" \/>\n<meta property=\"article:publisher\" content=\"https:\/\/www.facebook.com\/Joyas-Yasmin-217664058934169\/\" \/>\n<meta property=\"article:modified_time\" content=\"2025-11-10T11:56:37+00:00\" \/>\n<meta property=\"og:image\" content=\"https:\/\/joyasyasmin.com\/wp-content\/uploads\/2022\/08\/pulsera-bolitas-y-espiral-bali.jpg\" \/>\n\t<meta property=\"og:image:width\" content=\"1960\" \/>\n\t<meta property=\"og:image:height\" content=\"1960\" \/>\n\t<meta property=\"og:image:type\" content=\"image\/jpeg\" \/>\n<meta name=\"twitter:card\" content=\"summary_large_image\" \/>\n<script type=\"application\/ld+json\" class=\"yoast-schema-graph\">{\"@context\":\"https:\/\/schema.org\",\"@graph\":[{\"@type\":[\"WebPage\",\"ItemPage\"],\"@id\":\"https:\/\/joyasyasmin.com\/fr\/producto\/bali-bracelet-boules-et-spirale\/\",\"url\":\"https:\/\/joyasyasmin.com\/fr\/producto\/bali-bracelet-boules-et-spirale\/\",\"name\":\"Bali Bracelet Boules et Spirale - Yasmin\",\"isPartOf\":{\"@id\":\"https:\/\/joyasyasmin.com\/fr\/#website\"},\"primaryImageOfPage\":{\"@id\":\"https:\/\/joyasyasmin.com\/fr\/producto\/bali-bracelet-boules-et-spirale\/#primaryimage\"},\"image\":{\"@id\":\"https:\/\/joyasyasmin.com\/fr\/producto\/bali-bracelet-boules-et-spirale\/#primaryimage\"},\"thumbnailUrl\":\"https:\/\/joyasyasmin.com\/wp-content\/uploads\/2022\/08\/pulsera-bolitas-y-espiral-bali.jpg\",\"datePublished\":\"2022-08-13T15:30:00+00:00\",\"dateModified\":\"2025-11-10T11:56:37+00:00\",\"description\":\"Bali Balls and Spiral Bracelet est un bijou en argent sterling 925 de haute qualit\u00e9, son design donnera du style et de l\u2019\u00e9l\u00e9gance \u00e0 nos looks. Fait main.\",\"breadcrumb\":{\"@id\":\"https:\/\/joyasyasmin.com\/fr\/producto\/bali-bracelet-boules-et-spirale\/#breadcrumb\"},\"inLanguage\":\"fr-FR\",\"potentialAction\":[{\"@type\":\"ReadAction\",\"target\":[\"https:\/\/joyasyasmin.com\/fr\/producto\/bali-bracelet-boules-et-spirale\/\"]}]},{\"@type\":\"ImageObject\",\"inLanguage\":\"fr-FR\",\"@id\":\"https:\/\/joyasyasmin.com\/fr\/producto\/bali-bracelet-boules-et-spirale\/#primaryimage\",\"url\":\"https:\/\/joyasyasmin.com\/wp-content\/uploads\/2022\/08\/pulsera-bolitas-y-espiral-bali.jpg\",\"contentUrl\":\"https:\/\/joyasyasmin.com\/wp-content\/uploads\/2022\/08\/pulsera-bolitas-y-espiral-bali.jpg\",\"width\":1960,\"height\":1960,\"caption\":\"Perles de Bali et bracelet spirale en argent sterling 925\"},{\"@type\":\"BreadcrumbList\",\"@id\":\"https:\/\/joyasyasmin.com\/fr\/producto\/bali-bracelet-boules-et-spirale\/#breadcrumb\",\"itemListElement\":[{\"@type\":\"ListItem\",\"position\":1,\"name\":\"Portada\",\"item\":\"https:\/\/joyasyasmin.com\/fr\/domicile\/\"},{\"@type\":\"ListItem\",\"position\":2,\"name\":\"Boutique\",\"item\":\"https:\/\/joyasyasmin.com\/fr\/boutique\/\"},{\"@type\":\"ListItem\",\"position\":3,\"name\":\"Bali Bracelet Boules et Spirale\"}]},{\"@type\":\"WebSite\",\"@id\":\"https:\/\/joyasyasmin.com\/fr\/#website\",\"url\":\"https:\/\/joyasyasmin.com\/fr\/\",\"name\":\"Yasmin\",\"description\":\"Joyer\u00eda de Plata 925 - Pendientes, pulseras, anillos, colgantes y m\u00e1s!\",\"publisher\":{\"@id\":\"https:\/\/joyasyasmin.com\/fr\/#organization\"},\"potentialAction\":[{\"@type\":\"SearchAction\",\"target\":{\"@type\":\"EntryPoint\",\"urlTemplate\":\"https:\/\/joyasyasmin.com\/fr\/?s={search_term_string}\"},\"query-input\":{\"@type\":\"PropertyValueSpecification\",\"valueRequired\":true,\"valueName\":\"search_term_string\"}}],\"inLanguage\":\"fr-FR\"},{\"@type\":\"Organization\",\"@id\":\"https:\/\/joyasyasmin.com\/fr\/#organization\",\"name\":\"joyas yasmin\",\"url\":\"https:\/\/joyasyasmin.com\/fr\/\",\"logo\":{\"@type\":\"ImageObject\",\"inLanguage\":\"fr-FR\",\"@id\":\"https:\/\/joyasyasmin.com\/fr\/#\/schema\/logo\/image\/\",\"url\":\"https:\/\/joyasyasmin.com\/wp-content\/uploads\/2017\/06\/IMG-20200429-WA0051.jpg\",\"contentUrl\":\"https:\/\/joyasyasmin.com\/wp-content\/uploads\/2017\/06\/IMG-20200429-WA0051.jpg\",\"width\":1080,\"height\":545,\"caption\":\"joyas yasmin\"},\"image\":{\"@id\":\"https:\/\/joyasyasmin.com\/fr\/#\/schema\/logo\/image\/\"},\"sameAs\":[\"https:\/\/www.facebook.com\/Joyas-Yasmin-217664058934169\/\",\"https:\/\/www.instagram.com\/invites\/contact\/\"]}]}<\/script>\n<!-- \/ Yoast SEO plugin. -->","yoast_head_json":{"title":"Bali Bracelet Boules et Spirale - Yasmin","description":"Bali Balls and Spiral Bracelet est un bijou en argent sterling 925 de haute qualit\u00e9, son design donnera du style et de l\u2019\u00e9l\u00e9gance \u00e0 nos looks. Fait main.","robots":{"index":"index","follow":"follow","max-snippet":"max-snippet:-1","max-image-preview":"max-image-preview:large","max-video-preview":"max-video-preview:-1"},"canonical":"https:\/\/joyasyasmin.com\/fr\/producto\/bali-bracelet-boules-et-spirale\/","og_locale":"fr_FR","og_title":"Bali Bracelet Boules et Spirale - Yasmin","og_description":"Bali Balls and Spiral Bracelet est un bijou en argent sterling 925 de haute qualit\u00e9, son design donnera du style et de l\u2019\u00e9l\u00e9gance \u00e0 nos looks. Fait main.","og_url":"https:\/\/joyasyasmin.com\/fr\/producto\/bali-bracelet-boules-et-spirale\/","og_site_name":"Yasmin","article_publisher":"https:\/\/www.facebook.com\/Joyas-Yasmin-217664058934169\/","article_modified_time":"2025-11-10T11:56:37+00:00","og_image":[{"width":1960,"height":1960,"url":"https:\/\/joyasyasmin.com\/wp-content\/uploads\/2022\/08\/pulsera-bolitas-y-espiral-bali.jpg","type":"image\/jpeg"}],"twitter_card":"summary_large_image","schema":{"@context":"https:\/\/schema.org","@graph":[{"@type":["WebPage","ItemPage"],"@id":"https:\/\/joyasyasmin.com\/fr\/producto\/bali-bracelet-boules-et-spirale\/","url":"https:\/\/joyasyasmin.com\/fr\/producto\/bali-bracelet-boules-et-spirale\/","name":"Bali Bracelet Boules et Spirale - Yasmin","isPartOf":{"@id":"https:\/\/joyasyasmin.com\/fr\/#website"},"primaryImageOfPage":{"@id":"https:\/\/joyasyasmin.com\/fr\/producto\/bali-bracelet-boules-et-spirale\/#primaryimage"},"image":{"@id":"https:\/\/joyasyasmin.com\/fr\/producto\/bali-bracelet-boules-et-spirale\/#primaryimage"},"thumbnailUrl":"https:\/\/joyasyasmin.com\/wp-content\/uploads\/2022\/08\/pulsera-bolitas-y-espiral-bali.jpg","datePublished":"2022-08-13T15:30:00+00:00","dateModified":"2025-11-10T11:56:37+00:00","description":"Bali Balls and Spiral Bracelet est un bijou en argent sterling 925 de haute qualit\u00e9, son design donnera du style et de l\u2019\u00e9l\u00e9gance \u00e0 nos looks. Fait main.","breadcrumb":{"@id":"https:\/\/joyasyasmin.com\/fr\/producto\/bali-bracelet-boules-et-spirale\/#breadcrumb"},"inLanguage":"fr-FR","potentialAction":[{"@type":"ReadAction","target":["https:\/\/joyasyasmin.com\/fr\/producto\/bali-bracelet-boules-et-spirale\/"]}]},{"@type":"ImageObject","inLanguage":"fr-FR","@id":"https:\/\/joyasyasmin.com\/fr\/producto\/bali-bracelet-boules-et-spirale\/#primaryimage","url":"https:\/\/joyasyasmin.com\/wp-content\/uploads\/2022\/08\/pulsera-bolitas-y-espiral-bali.jpg","contentUrl":"https:\/\/joyasyasmin.com\/wp-content\/uploads\/2022\/08\/pulsera-bolitas-y-espiral-bali.jpg","width":1960,"height":1960,"caption":"Perles de Bali et bracelet spirale en argent sterling 925"},{"@type":"BreadcrumbList","@id":"https:\/\/joyasyasmin.com\/fr\/producto\/bali-bracelet-boules-et-spirale\/#breadcrumb","itemListElement":[{"@type":"ListItem","position":1,"name":"Portada","item":"https:\/\/joyasyasmin.com\/fr\/domicile\/"},{"@type":"ListItem","position":2,"name":"Boutique","item":"https:\/\/joyasyasmin.com\/fr\/boutique\/"},{"@type":"ListItem","position":3,"name":"Bali Bracelet Boules et Spirale"}]},{"@type":"WebSite","@id":"https:\/\/joyasyasmin.com\/fr\/#website","url":"https:\/\/joyasyasmin.com\/fr\/","name":"Yasmin","description":"Joyer\u00eda de Plata 925 - Pendientes, pulseras, anillos, colgantes y m\u00e1s!","publisher":{"@id":"https:\/\/joyasyasmin.com\/fr\/#organization"},"potentialAction":[{"@type":"SearchAction","target":{"@type":"EntryPoint","urlTemplate":"https:\/\/joyasyasmin.com\/fr\/?s={search_term_string}"},"query-input":{"@type":"PropertyValueSpecification","valueRequired":true,"valueName":"search_term_string"}}],"inLanguage":"fr-FR"},{"@type":"Organization","@id":"https:\/\/joyasyasmin.com\/fr\/#organization","name":"joyas yasmin","url":"https:\/\/joyasyasmin.com\/fr\/","logo":{"@type":"ImageObject","inLanguage":"fr-FR","@id":"https:\/\/joyasyasmin.com\/fr\/#\/schema\/logo\/image\/","url":"https:\/\/joyasyasmin.com\/wp-content\/uploads\/2017\/06\/IMG-20200429-WA0051.jpg","contentUrl":"https:\/\/joyasyasmin.com\/wp-content\/uploads\/2017\/06\/IMG-20200429-WA0051.jpg","width":1080,"height":545,"caption":"joyas yasmin"},"image":{"@id":"https:\/\/joyasyasmin.com\/fr\/#\/schema\/logo\/image\/"},"sameAs":["https:\/\/www.facebook.com\/Joyas-Yasmin-217664058934169\/","https:\/\/www.instagram.com\/invites\/contact\/"]}]}},"_links":{"self":[{"href":"https:\/\/joyasyasmin.com\/fr\/wp-json\/wp\/v2\/product\/25930","targetHints":{"allow":["GET"]}}],"collection":[{"href":"https:\/\/joyasyasmin.com\/fr\/wp-json\/wp\/v2\/product"}],"about":[{"href":"https:\/\/joyasyasmin.com\/fr\/wp-json\/wp\/v2\/types\/product"}],"replies":[{"embeddable":true,"href":"https:\/\/joyasyasmin.com\/fr\/wp-json\/wp\/v2\/comments?post=25930"}],"version-history":[{"count":1,"href":"https:\/\/joyasyasmin.com\/fr\/wp-json\/wp\/v2\/product\/25930\/revisions"}],"predecessor-version":[{"id":36027,"href":"https:\/\/joyasyasmin.com\/fr\/wp-json\/wp\/v2\/product\/25930\/revisions\/36027"}],"wp:featuredmedia":[{"embeddable":true,"href":"https:\/\/joyasyasmin.com\/fr\/wp-json\/wp\/v2\/media\/25931"}],"wp:attachment":[{"href":"https:\/\/joyasyasmin.com\/fr\/wp-json\/wp\/v2\/media?parent=25930"}],"wp:term":[{"taxonomy":"product_brand","embeddable":true,"href":"https:\/\/joyasyasmin.com\/fr\/wp-json\/wp\/v2\/product_brand?post=25930"},{"taxonomy":"product_cat","embeddable":true,"href":"https:\/\/joyasyasmin.com\/fr\/wp-json\/wp\/v2\/product_cat?post=25930"},{"taxonomy":"product_tag","embeddable":true,"href":"https:\/\/joyasyasmin.com\/fr\/wp-json\/wp\/v2\/product_tag?post=25930"}],"curies":[{"name":"wp","href":"https:\/\/api.w.org\/{rel}","templated":true}]}}