{"id":26007,"date":"2022-09-05T20:06:35","date_gmt":"2022-09-05T20:06:35","guid":{"rendered":"https:\/\/joyasyasmin.com\/producto\/boucle-doreille-longue-en-pierre-de-larme\/"},"modified":"2025-11-10T11:57:39","modified_gmt":"2025-11-10T11:57:39","slug":"boucle-doreille-longue-en-pierre-de-larme","status":"publish","type":"product","link":"https:\/\/joyasyasmin.com\/fr\/producto\/boucle-doreille-longue-en-pierre-de-larme\/","title":{"rendered":"Boucle d\u2019oreille longue en pierre de larme"},"content":{"rendered":"","protected":false},"excerpt":{"rendered":"<p>La Boucle d\u2019Oreille Longue Pierre en forme de larme est un bijou en argent sterling 925, ce mod\u00e8le avec de petits zircons carr\u00e9s suivis d\u2019une pierre carr\u00e9e au centre et d\u2019une pierre en forme de poire \u00e0 l\u2019extr\u00e9mit\u00e9, sa fermeture \u00e0 mousqueton et la longueur est de 3,5 cm. Nous avons ce mod\u00e8le avec les pierres en \u00c9meraude, Saphir et Zircone Blanc. <\/p>\n","protected":false},"featured_media":26015,"comment_status":"open","ping_status":"closed","template":"","meta":{"_acf_changed":false,"_joinchat":[]},"product_brand":[],"product_cat":[1775],"product_tag":[4171,4107,4170,3141],"class_list":{"0":"post-26007","1":"product","2":"type-product","3":"status-publish","4":"has-post-thumbnail","6":"product_cat-boucles-doreilles-et-boucles-doreilles","7":"product_tag-boucle-doreille-de-fete","8":"product_tag-boucle-doreille-de-mariage","9":"product_tag-boucle-doreille-longue-pierre-en-forme-de-larme","10":"product_tag-quoi-de-neuf-en-2022","12":"first","13":"instock","14":"shipping-taxable","15":"purchasable","16":"product-type-variable"},"acf":[],"yoast_head":"<!-- This site is optimized with the Yoast SEO plugin v27.2 - https:\/\/yoast.com\/product\/yoast-seo-wordpress\/ -->\n<title>Boucle d\u2019oreille longue en pierre de larme - Yasmin<\/title>\n<meta name=\"description\" content=\"La boucle d\u2019oreille longue en forme de larme est un bijou en argent sterling 925 \u00e9l\u00e9gant et \u00e9l\u00e9gant, avec des pierres d\u2019\u00e9meraude, de saphir ou de zirconite.\" \/>\n<meta name=\"robots\" content=\"index, follow, max-snippet:-1, max-image-preview:large, max-video-preview:-1\" \/>\n<link rel=\"canonical\" href=\"https:\/\/joyasyasmin.com\/fr\/producto\/boucle-doreille-longue-en-pierre-de-larme\/\" \/>\n<meta property=\"og:locale\" content=\"fr_FR\" \/>\n<meta property=\"og:title\" content=\"Boucle d\u2019oreille longue en pierre de larme - Yasmin\" \/>\n<meta property=\"og:description\" content=\"La boucle d\u2019oreille longue en forme de larme est un bijou en argent sterling 925 \u00e9l\u00e9gant et \u00e9l\u00e9gant, avec des pierres d\u2019\u00e9meraude, de saphir ou de zirconite.\" \/>\n<meta property=\"og:url\" content=\"https:\/\/joyasyasmin.com\/fr\/producto\/boucle-doreille-longue-en-pierre-de-larme\/\" \/>\n<meta property=\"og:site_name\" content=\"Yasmin\" \/>\n<meta property=\"article:publisher\" content=\"https:\/\/www.facebook.com\/Joyas-Yasmin-217664058934169\/\" \/>\n<meta property=\"article:modified_time\" content=\"2025-11-10T11:57:39+00:00\" \/>\n<meta property=\"og:image\" content=\"https:\/\/joyasyasmin.com\/wp-content\/uploads\/2022\/09\/pendiente-largo-novia.jpg\" \/>\n\t<meta property=\"og:image:width\" content=\"1960\" \/>\n\t<meta property=\"og:image:height\" content=\"1960\" \/>\n\t<meta property=\"og:image:type\" content=\"image\/jpeg\" \/>\n<meta name=\"twitter:card\" content=\"summary_large_image\" \/>\n<script type=\"application\/ld+json\" class=\"yoast-schema-graph\">{\"@context\":\"https:\/\/schema.org\",\"@graph\":[{\"@type\":[\"WebPage\",\"ItemPage\"],\"@id\":\"https:\/\/joyasyasmin.com\/fr\/producto\/boucle-doreille-longue-en-pierre-de-larme\/\",\"url\":\"https:\/\/joyasyasmin.com\/fr\/producto\/boucle-doreille-longue-en-pierre-de-larme\/\",\"name\":\"Boucle d\u2019oreille longue en pierre de larme - Yasmin\",\"isPartOf\":{\"@id\":\"https:\/\/joyasyasmin.com\/fr\/#website\"},\"primaryImageOfPage\":{\"@id\":\"https:\/\/joyasyasmin.com\/fr\/producto\/boucle-doreille-longue-en-pierre-de-larme\/#primaryimage\"},\"image\":{\"@id\":\"https:\/\/joyasyasmin.com\/fr\/producto\/boucle-doreille-longue-en-pierre-de-larme\/#primaryimage\"},\"thumbnailUrl\":\"https:\/\/joyasyasmin.com\/wp-content\/uploads\/2022\/09\/pendiente-largo-novia.jpg\",\"datePublished\":\"2022-09-05T20:06:35+00:00\",\"dateModified\":\"2025-11-10T11:57:39+00:00\",\"description\":\"La boucle d\u2019oreille longue en forme de larme est un bijou en argent sterling 925 \u00e9l\u00e9gant et \u00e9l\u00e9gant, avec des pierres d\u2019\u00e9meraude, de saphir ou de zirconite.\",\"breadcrumb\":{\"@id\":\"https:\/\/joyasyasmin.com\/fr\/producto\/boucle-doreille-longue-en-pierre-de-larme\/#breadcrumb\"},\"inLanguage\":\"fr-FR\",\"potentialAction\":[{\"@type\":\"ReadAction\",\"target\":[\"https:\/\/joyasyasmin.com\/fr\/producto\/boucle-doreille-longue-en-pierre-de-larme\/\"]}]},{\"@type\":\"ImageObject\",\"inLanguage\":\"fr-FR\",\"@id\":\"https:\/\/joyasyasmin.com\/fr\/producto\/boucle-doreille-longue-en-pierre-de-larme\/#primaryimage\",\"url\":\"https:\/\/joyasyasmin.com\/wp-content\/uploads\/2022\/09\/pendiente-largo-novia.jpg\",\"contentUrl\":\"https:\/\/joyasyasmin.com\/wp-content\/uploads\/2022\/09\/pendiente-largo-novia.jpg\",\"width\":1960,\"height\":1960,\"caption\":\"La vente de boucle d\u2019oreille longue de mari\u00e9e ou de f\u00eate est en argent sterling 925\"},{\"@type\":\"BreadcrumbList\",\"@id\":\"https:\/\/joyasyasmin.com\/fr\/producto\/boucle-doreille-longue-en-pierre-de-larme\/#breadcrumb\",\"itemListElement\":[{\"@type\":\"ListItem\",\"position\":1,\"name\":\"Portada\",\"item\":\"https:\/\/joyasyasmin.com\/fr\/domicile\/\"},{\"@type\":\"ListItem\",\"position\":2,\"name\":\"Boutique\",\"item\":\"https:\/\/joyasyasmin.com\/fr\/boutique\/\"},{\"@type\":\"ListItem\",\"position\":3,\"name\":\"Boucle d\u2019oreille longue en pierre de larme\"}]},{\"@type\":\"WebSite\",\"@id\":\"https:\/\/joyasyasmin.com\/fr\/#website\",\"url\":\"https:\/\/joyasyasmin.com\/fr\/\",\"name\":\"Yasmin\",\"description\":\"Joyer\u00eda de Plata 925 - Pendientes, pulseras, anillos, colgantes y m\u00e1s!\",\"publisher\":{\"@id\":\"https:\/\/joyasyasmin.com\/fr\/#organization\"},\"potentialAction\":[{\"@type\":\"SearchAction\",\"target\":{\"@type\":\"EntryPoint\",\"urlTemplate\":\"https:\/\/joyasyasmin.com\/fr\/?s={search_term_string}\"},\"query-input\":{\"@type\":\"PropertyValueSpecification\",\"valueRequired\":true,\"valueName\":\"search_term_string\"}}],\"inLanguage\":\"fr-FR\"},{\"@type\":\"Organization\",\"@id\":\"https:\/\/joyasyasmin.com\/fr\/#organization\",\"name\":\"joyas yasmin\",\"url\":\"https:\/\/joyasyasmin.com\/fr\/\",\"logo\":{\"@type\":\"ImageObject\",\"inLanguage\":\"fr-FR\",\"@id\":\"https:\/\/joyasyasmin.com\/fr\/#\/schema\/logo\/image\/\",\"url\":\"https:\/\/joyasyasmin.com\/wp-content\/uploads\/2017\/06\/IMG-20200429-WA0051.jpg\",\"contentUrl\":\"https:\/\/joyasyasmin.com\/wp-content\/uploads\/2017\/06\/IMG-20200429-WA0051.jpg\",\"width\":1080,\"height\":545,\"caption\":\"joyas yasmin\"},\"image\":{\"@id\":\"https:\/\/joyasyasmin.com\/fr\/#\/schema\/logo\/image\/\"},\"sameAs\":[\"https:\/\/www.facebook.com\/Joyas-Yasmin-217664058934169\/\",\"https:\/\/www.instagram.com\/invites\/contact\/\"]}]}<\/script>\n<!-- \/ Yoast SEO plugin. -->","yoast_head_json":{"title":"Boucle d\u2019oreille longue en pierre de larme - Yasmin","description":"La boucle d\u2019oreille longue en forme de larme est un bijou en argent sterling 925 \u00e9l\u00e9gant et \u00e9l\u00e9gant, avec des pierres d\u2019\u00e9meraude, de saphir ou de zirconite.","robots":{"index":"index","follow":"follow","max-snippet":"max-snippet:-1","max-image-preview":"max-image-preview:large","max-video-preview":"max-video-preview:-1"},"canonical":"https:\/\/joyasyasmin.com\/fr\/producto\/boucle-doreille-longue-en-pierre-de-larme\/","og_locale":"fr_FR","og_title":"Boucle d\u2019oreille longue en pierre de larme - Yasmin","og_description":"La boucle d\u2019oreille longue en forme de larme est un bijou en argent sterling 925 \u00e9l\u00e9gant et \u00e9l\u00e9gant, avec des pierres d\u2019\u00e9meraude, de saphir ou de zirconite.","og_url":"https:\/\/joyasyasmin.com\/fr\/producto\/boucle-doreille-longue-en-pierre-de-larme\/","og_site_name":"Yasmin","article_publisher":"https:\/\/www.facebook.com\/Joyas-Yasmin-217664058934169\/","article_modified_time":"2025-11-10T11:57:39+00:00","og_image":[{"width":1960,"height":1960,"url":"https:\/\/joyasyasmin.com\/wp-content\/uploads\/2022\/09\/pendiente-largo-novia.jpg","type":"image\/jpeg"}],"twitter_card":"summary_large_image","schema":{"@context":"https:\/\/schema.org","@graph":[{"@type":["WebPage","ItemPage"],"@id":"https:\/\/joyasyasmin.com\/fr\/producto\/boucle-doreille-longue-en-pierre-de-larme\/","url":"https:\/\/joyasyasmin.com\/fr\/producto\/boucle-doreille-longue-en-pierre-de-larme\/","name":"Boucle d\u2019oreille longue en pierre de larme - Yasmin","isPartOf":{"@id":"https:\/\/joyasyasmin.com\/fr\/#website"},"primaryImageOfPage":{"@id":"https:\/\/joyasyasmin.com\/fr\/producto\/boucle-doreille-longue-en-pierre-de-larme\/#primaryimage"},"image":{"@id":"https:\/\/joyasyasmin.com\/fr\/producto\/boucle-doreille-longue-en-pierre-de-larme\/#primaryimage"},"thumbnailUrl":"https:\/\/joyasyasmin.com\/wp-content\/uploads\/2022\/09\/pendiente-largo-novia.jpg","datePublished":"2022-09-05T20:06:35+00:00","dateModified":"2025-11-10T11:57:39+00:00","description":"La boucle d\u2019oreille longue en forme de larme est un bijou en argent sterling 925 \u00e9l\u00e9gant et \u00e9l\u00e9gant, avec des pierres d\u2019\u00e9meraude, de saphir ou de zirconite.","breadcrumb":{"@id":"https:\/\/joyasyasmin.com\/fr\/producto\/boucle-doreille-longue-en-pierre-de-larme\/#breadcrumb"},"inLanguage":"fr-FR","potentialAction":[{"@type":"ReadAction","target":["https:\/\/joyasyasmin.com\/fr\/producto\/boucle-doreille-longue-en-pierre-de-larme\/"]}]},{"@type":"ImageObject","inLanguage":"fr-FR","@id":"https:\/\/joyasyasmin.com\/fr\/producto\/boucle-doreille-longue-en-pierre-de-larme\/#primaryimage","url":"https:\/\/joyasyasmin.com\/wp-content\/uploads\/2022\/09\/pendiente-largo-novia.jpg","contentUrl":"https:\/\/joyasyasmin.com\/wp-content\/uploads\/2022\/09\/pendiente-largo-novia.jpg","width":1960,"height":1960,"caption":"La vente de boucle d\u2019oreille longue de mari\u00e9e ou de f\u00eate est en argent sterling 925"},{"@type":"BreadcrumbList","@id":"https:\/\/joyasyasmin.com\/fr\/producto\/boucle-doreille-longue-en-pierre-de-larme\/#breadcrumb","itemListElement":[{"@type":"ListItem","position":1,"name":"Portada","item":"https:\/\/joyasyasmin.com\/fr\/domicile\/"},{"@type":"ListItem","position":2,"name":"Boutique","item":"https:\/\/joyasyasmin.com\/fr\/boutique\/"},{"@type":"ListItem","position":3,"name":"Boucle d\u2019oreille longue en pierre de larme"}]},{"@type":"WebSite","@id":"https:\/\/joyasyasmin.com\/fr\/#website","url":"https:\/\/joyasyasmin.com\/fr\/","name":"Yasmin","description":"Joyer\u00eda de Plata 925 - Pendientes, pulseras, anillos, colgantes y m\u00e1s!","publisher":{"@id":"https:\/\/joyasyasmin.com\/fr\/#organization"},"potentialAction":[{"@type":"SearchAction","target":{"@type":"EntryPoint","urlTemplate":"https:\/\/joyasyasmin.com\/fr\/?s={search_term_string}"},"query-input":{"@type":"PropertyValueSpecification","valueRequired":true,"valueName":"search_term_string"}}],"inLanguage":"fr-FR"},{"@type":"Organization","@id":"https:\/\/joyasyasmin.com\/fr\/#organization","name":"joyas yasmin","url":"https:\/\/joyasyasmin.com\/fr\/","logo":{"@type":"ImageObject","inLanguage":"fr-FR","@id":"https:\/\/joyasyasmin.com\/fr\/#\/schema\/logo\/image\/","url":"https:\/\/joyasyasmin.com\/wp-content\/uploads\/2017\/06\/IMG-20200429-WA0051.jpg","contentUrl":"https:\/\/joyasyasmin.com\/wp-content\/uploads\/2017\/06\/IMG-20200429-WA0051.jpg","width":1080,"height":545,"caption":"joyas yasmin"},"image":{"@id":"https:\/\/joyasyasmin.com\/fr\/#\/schema\/logo\/image\/"},"sameAs":["https:\/\/www.facebook.com\/Joyas-Yasmin-217664058934169\/","https:\/\/www.instagram.com\/invites\/contact\/"]}]}},"_links":{"self":[{"href":"https:\/\/joyasyasmin.com\/fr\/wp-json\/wp\/v2\/product\/26007","targetHints":{"allow":["GET"]}}],"collection":[{"href":"https:\/\/joyasyasmin.com\/fr\/wp-json\/wp\/v2\/product"}],"about":[{"href":"https:\/\/joyasyasmin.com\/fr\/wp-json\/wp\/v2\/types\/product"}],"replies":[{"embeddable":true,"href":"https:\/\/joyasyasmin.com\/fr\/wp-json\/wp\/v2\/comments?post=26007"}],"version-history":[{"count":1,"href":"https:\/\/joyasyasmin.com\/fr\/wp-json\/wp\/v2\/product\/26007\/revisions"}],"predecessor-version":[{"id":36057,"href":"https:\/\/joyasyasmin.com\/fr\/wp-json\/wp\/v2\/product\/26007\/revisions\/36057"}],"wp:featuredmedia":[{"embeddable":true,"href":"https:\/\/joyasyasmin.com\/fr\/wp-json\/wp\/v2\/media\/26015"}],"wp:attachment":[{"href":"https:\/\/joyasyasmin.com\/fr\/wp-json\/wp\/v2\/media?parent=26007"}],"wp:term":[{"taxonomy":"product_brand","embeddable":true,"href":"https:\/\/joyasyasmin.com\/fr\/wp-json\/wp\/v2\/product_brand?post=26007"},{"taxonomy":"product_cat","embeddable":true,"href":"https:\/\/joyasyasmin.com\/fr\/wp-json\/wp\/v2\/product_cat?post=26007"},{"taxonomy":"product_tag","embeddable":true,"href":"https:\/\/joyasyasmin.com\/fr\/wp-json\/wp\/v2\/product_tag?post=26007"}],"curies":[{"name":"wp","href":"https:\/\/api.w.org\/{rel}","templated":true}]}}