{"id":26044,"date":"2022-09-07T08:08:46","date_gmt":"2022-09-07T08:08:46","guid":{"rendered":"https:\/\/joyasyasmin.com\/producto\/toi-et-moi-boucle-doreille-coeur\/"},"modified":"2025-11-10T11:57:36","modified_gmt":"2025-11-10T11:57:36","slug":"toi-et-moi-boucle-doreille-coeur","status":"publish","type":"product","link":"https:\/\/joyasyasmin.com\/fr\/producto\/toi-et-moi-boucle-doreille-coeur\/","title":{"rendered":"Toi et moi Boucle d\u2019oreille coeur"},"content":{"rendered":"","protected":false},"excerpt":{"rendered":"<p>La boucle d\u2019oreille c\u0153ur Tu y Yo est un bijou en argent sterling 925, son motif de c\u0153ur est compos\u00e9 pour moiti\u00e9 de zircone et pour l\u2019autre moiti\u00e9 est unie, sa fermeture \u00e0 mousqueton et sa taille 1cm. Cet accessoire est id\u00e9al \u00e0 porter seul ou \u00e0 combiner avec une autre boucle d\u2019oreille, vous pouvez le porter dans le premier ou le deuxi\u00e8me trou. <\/p>\n","protected":false},"featured_media":26046,"comment_status":"open","ping_status":"closed","template":"","meta":{"_acf_changed":false,"_joinchat":[]},"product_brand":[],"product_cat":[1775],"product_tag":[4192,4189,4190,3141],"class_list":{"0":"post-26044","1":"product","2":"type-product","3":"status-publish","4":"has-post-thumbnail","6":"product_cat-boucles-doreilles-et-boucles-doreilles","7":"product_tag-boucle-doreille-coeur-toi-et-moi","8":"product_tag-boucles","9":"product_tag-boucles-doreilles-coeur-en-argent","10":"product_tag-quoi-de-neuf-en-2022","12":"first","13":"instock","14":"shipping-taxable","15":"purchasable","16":"product-type-simple"},"acf":[],"yoast_head":"<!-- This site is optimized with the Yoast SEO plugin v27.2 - https:\/\/yoast.com\/product\/yoast-seo-wordpress\/ -->\n<title>Toi et moi Boucle d\u2019oreille coeur - Yasmin<\/title>\n<meta name=\"description\" content=\"La Boucle d\u2019Oreille C\u0153ur You and Me est un bijou en argent sterling 925, qui apportera \u00e9l\u00e9gance et style \u00e0 votre look et est un accessoire qui ne devrait pas manquer dans votre bo\u00eete \u00e0 bijoux.\" \/>\n<meta name=\"robots\" content=\"index, follow, max-snippet:-1, max-image-preview:large, max-video-preview:-1\" \/>\n<link rel=\"canonical\" href=\"https:\/\/joyasyasmin.com\/fr\/producto\/toi-et-moi-boucle-doreille-coeur\/\" \/>\n<meta property=\"og:locale\" content=\"fr_FR\" \/>\n<meta property=\"og:title\" content=\"Toi et moi Boucle d\u2019oreille coeur - Yasmin\" \/>\n<meta property=\"og:description\" content=\"La Boucle d\u2019Oreille C\u0153ur You and Me est un bijou en argent sterling 925, qui apportera \u00e9l\u00e9gance et style \u00e0 votre look et est un accessoire qui ne devrait pas manquer dans votre bo\u00eete \u00e0 bijoux.\" \/>\n<meta property=\"og:url\" content=\"https:\/\/joyasyasmin.com\/fr\/producto\/toi-et-moi-boucle-doreille-coeur\/\" \/>\n<meta property=\"og:site_name\" content=\"Yasmin\" \/>\n<meta property=\"article:publisher\" content=\"https:\/\/www.facebook.com\/Joyas-Yasmin-217664058934169\/\" \/>\n<meta property=\"article:modified_time\" content=\"2025-11-10T11:57:36+00:00\" \/>\n<meta property=\"og:image\" content=\"https:\/\/joyasyasmin.com\/wp-content\/uploads\/2022\/09\/pendiente-corazon-circonita-tu-y-yo.jpg\" \/>\n\t<meta property=\"og:image:width\" content=\"1960\" \/>\n\t<meta property=\"og:image:height\" content=\"1960\" \/>\n\t<meta property=\"og:image:type\" content=\"image\/jpeg\" \/>\n<meta name=\"twitter:card\" content=\"summary_large_image\" \/>\n<script type=\"application\/ld+json\" class=\"yoast-schema-graph\">{\"@context\":\"https:\/\/schema.org\",\"@graph\":[{\"@type\":[\"WebPage\",\"ItemPage\"],\"@id\":\"https:\/\/joyasyasmin.com\/fr\/producto\/toi-et-moi-boucle-doreille-coeur\/\",\"url\":\"https:\/\/joyasyasmin.com\/fr\/producto\/toi-et-moi-boucle-doreille-coeur\/\",\"name\":\"Toi et moi Boucle d\u2019oreille coeur - Yasmin\",\"isPartOf\":{\"@id\":\"https:\/\/joyasyasmin.com\/fr\/#website\"},\"primaryImageOfPage\":{\"@id\":\"https:\/\/joyasyasmin.com\/fr\/producto\/toi-et-moi-boucle-doreille-coeur\/#primaryimage\"},\"image\":{\"@id\":\"https:\/\/joyasyasmin.com\/fr\/producto\/toi-et-moi-boucle-doreille-coeur\/#primaryimage\"},\"thumbnailUrl\":\"https:\/\/joyasyasmin.com\/wp-content\/uploads\/2022\/09\/pendiente-corazon-circonita-tu-y-yo.jpg\",\"datePublished\":\"2022-09-07T08:08:46+00:00\",\"dateModified\":\"2025-11-10T11:57:36+00:00\",\"description\":\"La Boucle d\u2019Oreille C\u0153ur You and Me est un bijou en argent sterling 925, qui apportera \u00e9l\u00e9gance et style \u00e0 votre look et est un accessoire qui ne devrait pas manquer dans votre bo\u00eete \u00e0 bijoux.\",\"breadcrumb\":{\"@id\":\"https:\/\/joyasyasmin.com\/fr\/producto\/toi-et-moi-boucle-doreille-coeur\/#breadcrumb\"},\"inLanguage\":\"fr-FR\",\"potentialAction\":[{\"@type\":\"ReadAction\",\"target\":[\"https:\/\/joyasyasmin.com\/fr\/producto\/toi-et-moi-boucle-doreille-coeur\/\"]}]},{\"@type\":\"ImageObject\",\"inLanguage\":\"fr-FR\",\"@id\":\"https:\/\/joyasyasmin.com\/fr\/producto\/toi-et-moi-boucle-doreille-coeur\/#primaryimage\",\"url\":\"https:\/\/joyasyasmin.com\/wp-content\/uploads\/2022\/09\/pendiente-corazon-circonita-tu-y-yo.jpg\",\"contentUrl\":\"https:\/\/joyasyasmin.com\/wp-content\/uploads\/2022\/09\/pendiente-corazon-circonita-tu-y-yo.jpg\",\"width\":1960,\"height\":1960,\"caption\":\"Vente de vous et moi boucle d\u2019oreille c\u0153ur zircone en argent sterling 925, son design de 1cm de large et formant un c\u0153ur\"},{\"@type\":\"BreadcrumbList\",\"@id\":\"https:\/\/joyasyasmin.com\/fr\/producto\/toi-et-moi-boucle-doreille-coeur\/#breadcrumb\",\"itemListElement\":[{\"@type\":\"ListItem\",\"position\":1,\"name\":\"Portada\",\"item\":\"https:\/\/joyasyasmin.com\/fr\/domicile\/\"},{\"@type\":\"ListItem\",\"position\":2,\"name\":\"Boutique\",\"item\":\"https:\/\/joyasyasmin.com\/fr\/boutique\/\"},{\"@type\":\"ListItem\",\"position\":3,\"name\":\"Toi et moi Boucle d\u2019oreille coeur\"}]},{\"@type\":\"WebSite\",\"@id\":\"https:\/\/joyasyasmin.com\/fr\/#website\",\"url\":\"https:\/\/joyasyasmin.com\/fr\/\",\"name\":\"Yasmin\",\"description\":\"Joyer\u00eda de Plata 925 - Pendientes, pulseras, anillos, colgantes y m\u00e1s!\",\"publisher\":{\"@id\":\"https:\/\/joyasyasmin.com\/fr\/#organization\"},\"potentialAction\":[{\"@type\":\"SearchAction\",\"target\":{\"@type\":\"EntryPoint\",\"urlTemplate\":\"https:\/\/joyasyasmin.com\/fr\/?s={search_term_string}\"},\"query-input\":{\"@type\":\"PropertyValueSpecification\",\"valueRequired\":true,\"valueName\":\"search_term_string\"}}],\"inLanguage\":\"fr-FR\"},{\"@type\":\"Organization\",\"@id\":\"https:\/\/joyasyasmin.com\/fr\/#organization\",\"name\":\"joyas yasmin\",\"url\":\"https:\/\/joyasyasmin.com\/fr\/\",\"logo\":{\"@type\":\"ImageObject\",\"inLanguage\":\"fr-FR\",\"@id\":\"https:\/\/joyasyasmin.com\/fr\/#\/schema\/logo\/image\/\",\"url\":\"https:\/\/joyasyasmin.com\/wp-content\/uploads\/2017\/06\/IMG-20200429-WA0051.jpg\",\"contentUrl\":\"https:\/\/joyasyasmin.com\/wp-content\/uploads\/2017\/06\/IMG-20200429-WA0051.jpg\",\"width\":1080,\"height\":545,\"caption\":\"joyas yasmin\"},\"image\":{\"@id\":\"https:\/\/joyasyasmin.com\/fr\/#\/schema\/logo\/image\/\"},\"sameAs\":[\"https:\/\/www.facebook.com\/Joyas-Yasmin-217664058934169\/\",\"https:\/\/www.instagram.com\/invites\/contact\/\"]}]}<\/script>\n<!-- \/ Yoast SEO plugin. -->","yoast_head_json":{"title":"Toi et moi Boucle d\u2019oreille coeur - Yasmin","description":"La Boucle d\u2019Oreille C\u0153ur You and Me est un bijou en argent sterling 925, qui apportera \u00e9l\u00e9gance et style \u00e0 votre look et est un accessoire qui ne devrait pas manquer dans votre bo\u00eete \u00e0 bijoux.","robots":{"index":"index","follow":"follow","max-snippet":"max-snippet:-1","max-image-preview":"max-image-preview:large","max-video-preview":"max-video-preview:-1"},"canonical":"https:\/\/joyasyasmin.com\/fr\/producto\/toi-et-moi-boucle-doreille-coeur\/","og_locale":"fr_FR","og_title":"Toi et moi Boucle d\u2019oreille coeur - Yasmin","og_description":"La Boucle d\u2019Oreille C\u0153ur You and Me est un bijou en argent sterling 925, qui apportera \u00e9l\u00e9gance et style \u00e0 votre look et est un accessoire qui ne devrait pas manquer dans votre bo\u00eete \u00e0 bijoux.","og_url":"https:\/\/joyasyasmin.com\/fr\/producto\/toi-et-moi-boucle-doreille-coeur\/","og_site_name":"Yasmin","article_publisher":"https:\/\/www.facebook.com\/Joyas-Yasmin-217664058934169\/","article_modified_time":"2025-11-10T11:57:36+00:00","og_image":[{"width":1960,"height":1960,"url":"https:\/\/joyasyasmin.com\/wp-content\/uploads\/2022\/09\/pendiente-corazon-circonita-tu-y-yo.jpg","type":"image\/jpeg"}],"twitter_card":"summary_large_image","schema":{"@context":"https:\/\/schema.org","@graph":[{"@type":["WebPage","ItemPage"],"@id":"https:\/\/joyasyasmin.com\/fr\/producto\/toi-et-moi-boucle-doreille-coeur\/","url":"https:\/\/joyasyasmin.com\/fr\/producto\/toi-et-moi-boucle-doreille-coeur\/","name":"Toi et moi Boucle d\u2019oreille coeur - Yasmin","isPartOf":{"@id":"https:\/\/joyasyasmin.com\/fr\/#website"},"primaryImageOfPage":{"@id":"https:\/\/joyasyasmin.com\/fr\/producto\/toi-et-moi-boucle-doreille-coeur\/#primaryimage"},"image":{"@id":"https:\/\/joyasyasmin.com\/fr\/producto\/toi-et-moi-boucle-doreille-coeur\/#primaryimage"},"thumbnailUrl":"https:\/\/joyasyasmin.com\/wp-content\/uploads\/2022\/09\/pendiente-corazon-circonita-tu-y-yo.jpg","datePublished":"2022-09-07T08:08:46+00:00","dateModified":"2025-11-10T11:57:36+00:00","description":"La Boucle d\u2019Oreille C\u0153ur You and Me est un bijou en argent sterling 925, qui apportera \u00e9l\u00e9gance et style \u00e0 votre look et est un accessoire qui ne devrait pas manquer dans votre bo\u00eete \u00e0 bijoux.","breadcrumb":{"@id":"https:\/\/joyasyasmin.com\/fr\/producto\/toi-et-moi-boucle-doreille-coeur\/#breadcrumb"},"inLanguage":"fr-FR","potentialAction":[{"@type":"ReadAction","target":["https:\/\/joyasyasmin.com\/fr\/producto\/toi-et-moi-boucle-doreille-coeur\/"]}]},{"@type":"ImageObject","inLanguage":"fr-FR","@id":"https:\/\/joyasyasmin.com\/fr\/producto\/toi-et-moi-boucle-doreille-coeur\/#primaryimage","url":"https:\/\/joyasyasmin.com\/wp-content\/uploads\/2022\/09\/pendiente-corazon-circonita-tu-y-yo.jpg","contentUrl":"https:\/\/joyasyasmin.com\/wp-content\/uploads\/2022\/09\/pendiente-corazon-circonita-tu-y-yo.jpg","width":1960,"height":1960,"caption":"Vente de vous et moi boucle d\u2019oreille c\u0153ur zircone en argent sterling 925, son design de 1cm de large et formant un c\u0153ur"},{"@type":"BreadcrumbList","@id":"https:\/\/joyasyasmin.com\/fr\/producto\/toi-et-moi-boucle-doreille-coeur\/#breadcrumb","itemListElement":[{"@type":"ListItem","position":1,"name":"Portada","item":"https:\/\/joyasyasmin.com\/fr\/domicile\/"},{"@type":"ListItem","position":2,"name":"Boutique","item":"https:\/\/joyasyasmin.com\/fr\/boutique\/"},{"@type":"ListItem","position":3,"name":"Toi et moi Boucle d\u2019oreille coeur"}]},{"@type":"WebSite","@id":"https:\/\/joyasyasmin.com\/fr\/#website","url":"https:\/\/joyasyasmin.com\/fr\/","name":"Yasmin","description":"Joyer\u00eda de Plata 925 - Pendientes, pulseras, anillos, colgantes y m\u00e1s!","publisher":{"@id":"https:\/\/joyasyasmin.com\/fr\/#organization"},"potentialAction":[{"@type":"SearchAction","target":{"@type":"EntryPoint","urlTemplate":"https:\/\/joyasyasmin.com\/fr\/?s={search_term_string}"},"query-input":{"@type":"PropertyValueSpecification","valueRequired":true,"valueName":"search_term_string"}}],"inLanguage":"fr-FR"},{"@type":"Organization","@id":"https:\/\/joyasyasmin.com\/fr\/#organization","name":"joyas yasmin","url":"https:\/\/joyasyasmin.com\/fr\/","logo":{"@type":"ImageObject","inLanguage":"fr-FR","@id":"https:\/\/joyasyasmin.com\/fr\/#\/schema\/logo\/image\/","url":"https:\/\/joyasyasmin.com\/wp-content\/uploads\/2017\/06\/IMG-20200429-WA0051.jpg","contentUrl":"https:\/\/joyasyasmin.com\/wp-content\/uploads\/2017\/06\/IMG-20200429-WA0051.jpg","width":1080,"height":545,"caption":"joyas yasmin"},"image":{"@id":"https:\/\/joyasyasmin.com\/fr\/#\/schema\/logo\/image\/"},"sameAs":["https:\/\/www.facebook.com\/Joyas-Yasmin-217664058934169\/","https:\/\/www.instagram.com\/invites\/contact\/"]}]}},"_links":{"self":[{"href":"https:\/\/joyasyasmin.com\/fr\/wp-json\/wp\/v2\/product\/26044","targetHints":{"allow":["GET"]}}],"collection":[{"href":"https:\/\/joyasyasmin.com\/fr\/wp-json\/wp\/v2\/product"}],"about":[{"href":"https:\/\/joyasyasmin.com\/fr\/wp-json\/wp\/v2\/types\/product"}],"replies":[{"embeddable":true,"href":"https:\/\/joyasyasmin.com\/fr\/wp-json\/wp\/v2\/comments?post=26044"}],"version-history":[{"count":1,"href":"https:\/\/joyasyasmin.com\/fr\/wp-json\/wp\/v2\/product\/26044\/revisions"}],"predecessor-version":[{"id":36055,"href":"https:\/\/joyasyasmin.com\/fr\/wp-json\/wp\/v2\/product\/26044\/revisions\/36055"}],"wp:featuredmedia":[{"embeddable":true,"href":"https:\/\/joyasyasmin.com\/fr\/wp-json\/wp\/v2\/media\/26046"}],"wp:attachment":[{"href":"https:\/\/joyasyasmin.com\/fr\/wp-json\/wp\/v2\/media?parent=26044"}],"wp:term":[{"taxonomy":"product_brand","embeddable":true,"href":"https:\/\/joyasyasmin.com\/fr\/wp-json\/wp\/v2\/product_brand?post=26044"},{"taxonomy":"product_cat","embeddable":true,"href":"https:\/\/joyasyasmin.com\/fr\/wp-json\/wp\/v2\/product_cat?post=26044"},{"taxonomy":"product_tag","embeddable":true,"href":"https:\/\/joyasyasmin.com\/fr\/wp-json\/wp\/v2\/product_tag?post=26044"}],"curies":[{"name":"wp","href":"https:\/\/api.w.org\/{rel}","templated":true}]}}