{"id":26984,"date":"2022-02-20T21:27:58","date_gmt":"2022-02-20T21:27:58","guid":{"rendered":"https:\/\/joyasyasmin.com\/producto\/boucle-doreille-etoile-en-email\/"},"modified":"2022-02-20T21:27:58","modified_gmt":"2022-02-20T21:27:58","slug":"boucle-doreille-etoile-en-email","status":"publish","type":"product","link":"https:\/\/joyasyasmin.com\/fr\/producto\/boucle-doreille-etoile-en-email\/","title":{"rendered":"Boucle d\u2019oreille \u00e9toile en \u00e9mail"},"content":{"rendered":"","protected":false},"excerpt":{"rendered":"<p>Boucle d\u2019oreille \u00e9toile \u00e9maill\u00e9e en argent 925, ce design de trois mini \u00e9toiles avec \u00e9mail, la taille de la boucle d\u2019oreille est de (10mm) et sa fermeture en \u00e9crou est tr\u00e8s agr\u00e9able \u00e0 porter.<\/p>\n","protected":false},"featured_media":26992,"comment_status":"open","ping_status":"closed","template":"","meta":{"_acf_changed":false,"_joinchat":[]},"product_brand":[],"product_cat":[1775],"product_tag":[4759,4758],"class_list":{"0":"post-26984","1":"product","2":"type-product","3":"status-publish","4":"has-post-thumbnail","6":"product_cat-boucles-doreilles-et-boucles-doreilles","7":"product_tag-boucle-doreille-avec-etoiles","8":"product_tag-boucle-doreille-etoile-emaillee","10":"first","11":"instock","12":"shipping-taxable","13":"purchasable","14":"product-type-simple"},"acf":[],"yoast_head":"<!-- This site is optimized with the Yoast SEO plugin v27.2 - https:\/\/yoast.com\/product\/yoast-seo-wordpress\/ -->\n<title>Boucle d\u2019oreille \u00e9toile en \u00e9mail - Yasmin<\/title>\n<meta name=\"description\" content=\"Boucle d\u2019oreille \u00e9toile \u00e9maill\u00e9e (10mm) en argent sterling 925, son design moderne avec \u00e9mail est facile \u00e0 combiner avec d\u2019autres designs. Vous allez tomber amoureux !\" \/>\n<meta name=\"robots\" content=\"index, follow, max-snippet:-1, max-image-preview:large, max-video-preview:-1\" \/>\n<link rel=\"canonical\" href=\"https:\/\/joyasyasmin.com\/fr\/producto\/boucle-doreille-etoile-en-email\/\" \/>\n<meta property=\"og:locale\" content=\"fr_FR\" \/>\n<meta property=\"og:title\" content=\"Boucle d\u2019oreille \u00e9toile en \u00e9mail - Yasmin\" \/>\n<meta property=\"og:description\" content=\"Boucle d\u2019oreille \u00e9toile \u00e9maill\u00e9e (10mm) en argent sterling 925, son design moderne avec \u00e9mail est facile \u00e0 combiner avec d\u2019autres designs. Vous allez tomber amoureux !\" \/>\n<meta property=\"og:url\" content=\"https:\/\/joyasyasmin.com\/fr\/producto\/boucle-doreille-etoile-en-email\/\" \/>\n<meta property=\"og:site_name\" content=\"Yasmin\" \/>\n<meta property=\"article:publisher\" content=\"https:\/\/www.facebook.com\/Joyas-Yasmin-217664058934169\/\" \/>\n<meta property=\"og:image\" content=\"https:\/\/joyasyasmin.com\/wp-content\/uploads\/2022\/02\/pendiente-estrella-color.jpg\" \/>\n\t<meta property=\"og:image:width\" content=\"1960\" \/>\n\t<meta property=\"og:image:height\" content=\"1960\" \/>\n\t<meta property=\"og:image:type\" content=\"image\/jpeg\" \/>\n<meta name=\"twitter:card\" content=\"summary_large_image\" \/>\n<script type=\"application\/ld+json\" class=\"yoast-schema-graph\">{\"@context\":\"https:\/\/schema.org\",\"@graph\":[{\"@type\":[\"WebPage\",\"ItemPage\"],\"@id\":\"https:\/\/joyasyasmin.com\/fr\/producto\/boucle-doreille-etoile-en-email\/\",\"url\":\"https:\/\/joyasyasmin.com\/fr\/producto\/boucle-doreille-etoile-en-email\/\",\"name\":\"Boucle d\u2019oreille \u00e9toile en \u00e9mail - Yasmin\",\"isPartOf\":{\"@id\":\"https:\/\/joyasyasmin.com\/fr\/#website\"},\"primaryImageOfPage\":{\"@id\":\"https:\/\/joyasyasmin.com\/fr\/producto\/boucle-doreille-etoile-en-email\/#primaryimage\"},\"image\":{\"@id\":\"https:\/\/joyasyasmin.com\/fr\/producto\/boucle-doreille-etoile-en-email\/#primaryimage\"},\"thumbnailUrl\":\"https:\/\/joyasyasmin.com\/wp-content\/uploads\/2022\/02\/pendiente-estrella-color.jpg\",\"datePublished\":\"2022-02-20T21:27:58+00:00\",\"description\":\"Boucle d\u2019oreille \u00e9toile \u00e9maill\u00e9e (10mm) en argent sterling 925, son design moderne avec \u00e9mail est facile \u00e0 combiner avec d\u2019autres designs. Vous allez tomber amoureux !\",\"breadcrumb\":{\"@id\":\"https:\/\/joyasyasmin.com\/fr\/producto\/boucle-doreille-etoile-en-email\/#breadcrumb\"},\"inLanguage\":\"fr-FR\",\"potentialAction\":[{\"@type\":\"ReadAction\",\"target\":[\"https:\/\/joyasyasmin.com\/fr\/producto\/boucle-doreille-etoile-en-email\/\"]}]},{\"@type\":\"ImageObject\",\"inLanguage\":\"fr-FR\",\"@id\":\"https:\/\/joyasyasmin.com\/fr\/producto\/boucle-doreille-etoile-en-email\/#primaryimage\",\"url\":\"https:\/\/joyasyasmin.com\/wp-content\/uploads\/2022\/02\/pendiente-estrella-color.jpg\",\"contentUrl\":\"https:\/\/joyasyasmin.com\/wp-content\/uploads\/2022\/02\/pendiente-estrella-color.jpg\",\"width\":1960,\"height\":1960},{\"@type\":\"BreadcrumbList\",\"@id\":\"https:\/\/joyasyasmin.com\/fr\/producto\/boucle-doreille-etoile-en-email\/#breadcrumb\",\"itemListElement\":[{\"@type\":\"ListItem\",\"position\":1,\"name\":\"Portada\",\"item\":\"https:\/\/joyasyasmin.com\/fr\/domicile\/\"},{\"@type\":\"ListItem\",\"position\":2,\"name\":\"Boutique\",\"item\":\"https:\/\/joyasyasmin.com\/fr\/boutique\/\"},{\"@type\":\"ListItem\",\"position\":3,\"name\":\"Boucle d\u2019oreille \u00e9toile en \u00e9mail\"}]},{\"@type\":\"WebSite\",\"@id\":\"https:\/\/joyasyasmin.com\/fr\/#website\",\"url\":\"https:\/\/joyasyasmin.com\/fr\/\",\"name\":\"Yasmin\",\"description\":\"Joyer\u00eda de Plata 925 - Pendientes, pulseras, anillos, colgantes y m\u00e1s!\",\"publisher\":{\"@id\":\"https:\/\/joyasyasmin.com\/fr\/#organization\"},\"potentialAction\":[{\"@type\":\"SearchAction\",\"target\":{\"@type\":\"EntryPoint\",\"urlTemplate\":\"https:\/\/joyasyasmin.com\/fr\/?s={search_term_string}\"},\"query-input\":{\"@type\":\"PropertyValueSpecification\",\"valueRequired\":true,\"valueName\":\"search_term_string\"}}],\"inLanguage\":\"fr-FR\"},{\"@type\":\"Organization\",\"@id\":\"https:\/\/joyasyasmin.com\/fr\/#organization\",\"name\":\"joyas yasmin\",\"url\":\"https:\/\/joyasyasmin.com\/fr\/\",\"logo\":{\"@type\":\"ImageObject\",\"inLanguage\":\"fr-FR\",\"@id\":\"https:\/\/joyasyasmin.com\/fr\/#\/schema\/logo\/image\/\",\"url\":\"https:\/\/joyasyasmin.com\/wp-content\/uploads\/2017\/06\/IMG-20200429-WA0051.jpg\",\"contentUrl\":\"https:\/\/joyasyasmin.com\/wp-content\/uploads\/2017\/06\/IMG-20200429-WA0051.jpg\",\"width\":1080,\"height\":545,\"caption\":\"joyas yasmin\"},\"image\":{\"@id\":\"https:\/\/joyasyasmin.com\/fr\/#\/schema\/logo\/image\/\"},\"sameAs\":[\"https:\/\/www.facebook.com\/Joyas-Yasmin-217664058934169\/\",\"https:\/\/www.instagram.com\/invites\/contact\/\"]}]}<\/script>\n<!-- \/ Yoast SEO plugin. -->","yoast_head_json":{"title":"Boucle d\u2019oreille \u00e9toile en \u00e9mail - Yasmin","description":"Boucle d\u2019oreille \u00e9toile \u00e9maill\u00e9e (10mm) en argent sterling 925, son design moderne avec \u00e9mail est facile \u00e0 combiner avec d\u2019autres designs. Vous allez tomber amoureux !","robots":{"index":"index","follow":"follow","max-snippet":"max-snippet:-1","max-image-preview":"max-image-preview:large","max-video-preview":"max-video-preview:-1"},"canonical":"https:\/\/joyasyasmin.com\/fr\/producto\/boucle-doreille-etoile-en-email\/","og_locale":"fr_FR","og_title":"Boucle d\u2019oreille \u00e9toile en \u00e9mail - Yasmin","og_description":"Boucle d\u2019oreille \u00e9toile \u00e9maill\u00e9e (10mm) en argent sterling 925, son design moderne avec \u00e9mail est facile \u00e0 combiner avec d\u2019autres designs. Vous allez tomber amoureux !","og_url":"https:\/\/joyasyasmin.com\/fr\/producto\/boucle-doreille-etoile-en-email\/","og_site_name":"Yasmin","article_publisher":"https:\/\/www.facebook.com\/Joyas-Yasmin-217664058934169\/","og_image":[{"width":1960,"height":1960,"url":"https:\/\/joyasyasmin.com\/wp-content\/uploads\/2022\/02\/pendiente-estrella-color.jpg","type":"image\/jpeg"}],"twitter_card":"summary_large_image","schema":{"@context":"https:\/\/schema.org","@graph":[{"@type":["WebPage","ItemPage"],"@id":"https:\/\/joyasyasmin.com\/fr\/producto\/boucle-doreille-etoile-en-email\/","url":"https:\/\/joyasyasmin.com\/fr\/producto\/boucle-doreille-etoile-en-email\/","name":"Boucle d\u2019oreille \u00e9toile en \u00e9mail - Yasmin","isPartOf":{"@id":"https:\/\/joyasyasmin.com\/fr\/#website"},"primaryImageOfPage":{"@id":"https:\/\/joyasyasmin.com\/fr\/producto\/boucle-doreille-etoile-en-email\/#primaryimage"},"image":{"@id":"https:\/\/joyasyasmin.com\/fr\/producto\/boucle-doreille-etoile-en-email\/#primaryimage"},"thumbnailUrl":"https:\/\/joyasyasmin.com\/wp-content\/uploads\/2022\/02\/pendiente-estrella-color.jpg","datePublished":"2022-02-20T21:27:58+00:00","description":"Boucle d\u2019oreille \u00e9toile \u00e9maill\u00e9e (10mm) en argent sterling 925, son design moderne avec \u00e9mail est facile \u00e0 combiner avec d\u2019autres designs. Vous allez tomber amoureux !","breadcrumb":{"@id":"https:\/\/joyasyasmin.com\/fr\/producto\/boucle-doreille-etoile-en-email\/#breadcrumb"},"inLanguage":"fr-FR","potentialAction":[{"@type":"ReadAction","target":["https:\/\/joyasyasmin.com\/fr\/producto\/boucle-doreille-etoile-en-email\/"]}]},{"@type":"ImageObject","inLanguage":"fr-FR","@id":"https:\/\/joyasyasmin.com\/fr\/producto\/boucle-doreille-etoile-en-email\/#primaryimage","url":"https:\/\/joyasyasmin.com\/wp-content\/uploads\/2022\/02\/pendiente-estrella-color.jpg","contentUrl":"https:\/\/joyasyasmin.com\/wp-content\/uploads\/2022\/02\/pendiente-estrella-color.jpg","width":1960,"height":1960},{"@type":"BreadcrumbList","@id":"https:\/\/joyasyasmin.com\/fr\/producto\/boucle-doreille-etoile-en-email\/#breadcrumb","itemListElement":[{"@type":"ListItem","position":1,"name":"Portada","item":"https:\/\/joyasyasmin.com\/fr\/domicile\/"},{"@type":"ListItem","position":2,"name":"Boutique","item":"https:\/\/joyasyasmin.com\/fr\/boutique\/"},{"@type":"ListItem","position":3,"name":"Boucle d\u2019oreille \u00e9toile en \u00e9mail"}]},{"@type":"WebSite","@id":"https:\/\/joyasyasmin.com\/fr\/#website","url":"https:\/\/joyasyasmin.com\/fr\/","name":"Yasmin","description":"Joyer\u00eda de Plata 925 - Pendientes, pulseras, anillos, colgantes y m\u00e1s!","publisher":{"@id":"https:\/\/joyasyasmin.com\/fr\/#organization"},"potentialAction":[{"@type":"SearchAction","target":{"@type":"EntryPoint","urlTemplate":"https:\/\/joyasyasmin.com\/fr\/?s={search_term_string}"},"query-input":{"@type":"PropertyValueSpecification","valueRequired":true,"valueName":"search_term_string"}}],"inLanguage":"fr-FR"},{"@type":"Organization","@id":"https:\/\/joyasyasmin.com\/fr\/#organization","name":"joyas yasmin","url":"https:\/\/joyasyasmin.com\/fr\/","logo":{"@type":"ImageObject","inLanguage":"fr-FR","@id":"https:\/\/joyasyasmin.com\/fr\/#\/schema\/logo\/image\/","url":"https:\/\/joyasyasmin.com\/wp-content\/uploads\/2017\/06\/IMG-20200429-WA0051.jpg","contentUrl":"https:\/\/joyasyasmin.com\/wp-content\/uploads\/2017\/06\/IMG-20200429-WA0051.jpg","width":1080,"height":545,"caption":"joyas yasmin"},"image":{"@id":"https:\/\/joyasyasmin.com\/fr\/#\/schema\/logo\/image\/"},"sameAs":["https:\/\/www.facebook.com\/Joyas-Yasmin-217664058934169\/","https:\/\/www.instagram.com\/invites\/contact\/"]}]}},"_links":{"self":[{"href":"https:\/\/joyasyasmin.com\/fr\/wp-json\/wp\/v2\/product\/26984","targetHints":{"allow":["GET"]}}],"collection":[{"href":"https:\/\/joyasyasmin.com\/fr\/wp-json\/wp\/v2\/product"}],"about":[{"href":"https:\/\/joyasyasmin.com\/fr\/wp-json\/wp\/v2\/types\/product"}],"replies":[{"embeddable":true,"href":"https:\/\/joyasyasmin.com\/fr\/wp-json\/wp\/v2\/comments?post=26984"}],"version-history":[{"count":0,"href":"https:\/\/joyasyasmin.com\/fr\/wp-json\/wp\/v2\/product\/26984\/revisions"}],"wp:featuredmedia":[{"embeddable":true,"href":"https:\/\/joyasyasmin.com\/fr\/wp-json\/wp\/v2\/media\/26992"}],"wp:attachment":[{"href":"https:\/\/joyasyasmin.com\/fr\/wp-json\/wp\/v2\/media?parent=26984"}],"wp:term":[{"taxonomy":"product_brand","embeddable":true,"href":"https:\/\/joyasyasmin.com\/fr\/wp-json\/wp\/v2\/product_brand?post=26984"},{"taxonomy":"product_cat","embeddable":true,"href":"https:\/\/joyasyasmin.com\/fr\/wp-json\/wp\/v2\/product_cat?post=26984"},{"taxonomy":"product_tag","embeddable":true,"href":"https:\/\/joyasyasmin.com\/fr\/wp-json\/wp\/v2\/product_tag?post=26984"}],"curies":[{"name":"wp","href":"https:\/\/api.w.org\/{rel}","templated":true}]}}