{"id":27015,"date":"2022-03-09T21:36:21","date_gmt":"2022-03-09T21:36:21","guid":{"rendered":"https:\/\/joyasyasmin.com\/producto\/bracelet-en-perles-doeil-turc\/"},"modified":"2026-02-26T09:00:23","modified_gmt":"2026-02-26T09:00:23","slug":"bracelet-en-perles-doeil-turc","status":"publish","type":"product","link":"https:\/\/joyasyasmin.com\/fr\/producto\/bracelet-en-perles-doeil-turc\/","title":{"rendered":"Bracelet en perles d\u2019oeil turc"},"content":{"rendered":"","protected":false},"excerpt":{"rendered":"<p>Le bracelet de perles d\u2019\u0153il turc est fabriqu\u00e9 en argent sterling 925, son dessin de sept pierres d\u2019\u0153il turc de diff\u00e9rentes couleurs formant les chakras et sont entrecoup\u00e9es de boules d\u2019argent de (4mm), suivies de deux tubes d\u2019argent lisses, sa longueur est de 17 cm + 3 d\u2019une cha\u00eene d\u2019extension pour le mettre \u00e0 la taille que vous souhaitez,  Celui-ci est fait \u00e0 la main.<\/p>\n","protected":false},"featured_media":27017,"comment_status":"open","ping_status":"closed","template":"","meta":{"_acf_changed":false,"_joinchat":[]},"product_brand":[],"product_cat":[1790],"product_tag":[4781,4782,2762],"class_list":{"0":"post-27015","1":"product","2":"type-product","3":"status-publish","4":"has-post-thumbnail","6":"product_cat-bracelets","7":"product_tag-bracelet-en-perles-doeil-turc","8":"product_tag-bracelet-oeil-turc-pierres-colorees","9":"product_tag-bracelets-en-argent-sterling","11":"first","12":"instock","13":"shipping-taxable","14":"purchasable","15":"product-type-simple"},"acf":[],"yoast_head":"<!-- This site is optimized with the Yoast SEO plugin v27.2 - https:\/\/yoast.com\/product\/yoast-seo-wordpress\/ -->\n<title>Bracelet en perles d\u2019oeil turc - Yasmin<\/title>\n<meta name=\"description\" content=\"Bracelet Oeil Turc 925 perles d\u2019argent sterling, son design de pierres de diff\u00e9rentes couleurs le rend original et d\u00e9licat. Vous allez tomber amoureux !\" \/>\n<meta name=\"robots\" content=\"index, follow, max-snippet:-1, max-image-preview:large, max-video-preview:-1\" \/>\n<link rel=\"canonical\" href=\"https:\/\/joyasyasmin.com\/fr\/producto\/bracelet-en-perles-doeil-turc\/\" \/>\n<meta property=\"og:locale\" content=\"fr_FR\" \/>\n<meta property=\"og:title\" content=\"Bracelet en perles d\u2019oeil turc - Yasmin\" \/>\n<meta property=\"og:description\" content=\"Bracelet Oeil Turc 925 perles d\u2019argent sterling, son design de pierres de diff\u00e9rentes couleurs le rend original et d\u00e9licat. Vous allez tomber amoureux !\" \/>\n<meta property=\"og:url\" content=\"https:\/\/joyasyasmin.com\/fr\/producto\/bracelet-en-perles-doeil-turc\/\" \/>\n<meta property=\"og:site_name\" content=\"Yasmin\" \/>\n<meta property=\"article:publisher\" content=\"https:\/\/www.facebook.com\/Joyas-Yasmin-217664058934169\/\" \/>\n<meta property=\"article:modified_time\" content=\"2026-02-26T09:00:23+00:00\" \/>\n<meta property=\"og:image\" content=\"https:\/\/joyasyasmin.com\/wp-content\/uploads\/2022\/03\/pulsera-proteccion-ojo.jpg\" \/>\n\t<meta property=\"og:image:width\" content=\"1960\" \/>\n\t<meta property=\"og:image:height\" content=\"1960\" \/>\n\t<meta property=\"og:image:type\" content=\"image\/jpeg\" \/>\n<meta name=\"twitter:card\" content=\"summary_large_image\" \/>\n<script type=\"application\/ld+json\" class=\"yoast-schema-graph\">{\"@context\":\"https:\/\/schema.org\",\"@graph\":[{\"@type\":[\"WebPage\",\"ItemPage\"],\"@id\":\"https:\/\/joyasyasmin.com\/fr\/producto\/bracelet-en-perles-doeil-turc\/\",\"url\":\"https:\/\/joyasyasmin.com\/fr\/producto\/bracelet-en-perles-doeil-turc\/\",\"name\":\"Bracelet en perles d\u2019oeil turc - Yasmin\",\"isPartOf\":{\"@id\":\"https:\/\/joyasyasmin.com\/fr\/#website\"},\"primaryImageOfPage\":{\"@id\":\"https:\/\/joyasyasmin.com\/fr\/producto\/bracelet-en-perles-doeil-turc\/#primaryimage\"},\"image\":{\"@id\":\"https:\/\/joyasyasmin.com\/fr\/producto\/bracelet-en-perles-doeil-turc\/#primaryimage\"},\"thumbnailUrl\":\"https:\/\/joyasyasmin.com\/wp-content\/uploads\/2022\/03\/pulsera-proteccion-ojo.jpg\",\"datePublished\":\"2022-03-09T21:36:21+00:00\",\"dateModified\":\"2026-02-26T09:00:23+00:00\",\"description\":\"Bracelet Oeil Turc 925 perles d\u2019argent sterling, son design de pierres de diff\u00e9rentes couleurs le rend original et d\u00e9licat. Vous allez tomber amoureux !\",\"breadcrumb\":{\"@id\":\"https:\/\/joyasyasmin.com\/fr\/producto\/bracelet-en-perles-doeil-turc\/#breadcrumb\"},\"inLanguage\":\"fr-FR\",\"potentialAction\":[{\"@type\":\"ReadAction\",\"target\":[\"https:\/\/joyasyasmin.com\/fr\/producto\/bracelet-en-perles-doeil-turc\/\"]}]},{\"@type\":\"ImageObject\",\"inLanguage\":\"fr-FR\",\"@id\":\"https:\/\/joyasyasmin.com\/fr\/producto\/bracelet-en-perles-doeil-turc\/#primaryimage\",\"url\":\"https:\/\/joyasyasmin.com\/wp-content\/uploads\/2022\/03\/pulsera-proteccion-ojo.jpg\",\"contentUrl\":\"https:\/\/joyasyasmin.com\/wp-content\/uploads\/2022\/03\/pulsera-proteccion-ojo.jpg\",\"width\":1960,\"height\":1960,\"caption\":\"Bracelet d\u2019\u0153il turc en argent sterling 925 \u00e0 vendre\"},{\"@type\":\"BreadcrumbList\",\"@id\":\"https:\/\/joyasyasmin.com\/fr\/producto\/bracelet-en-perles-doeil-turc\/#breadcrumb\",\"itemListElement\":[{\"@type\":\"ListItem\",\"position\":1,\"name\":\"Portada\",\"item\":\"https:\/\/joyasyasmin.com\/fr\/domicile\/\"},{\"@type\":\"ListItem\",\"position\":2,\"name\":\"Boutique\",\"item\":\"https:\/\/joyasyasmin.com\/fr\/boutique\/\"},{\"@type\":\"ListItem\",\"position\":3,\"name\":\"Bracelet en perles d\u2019oeil turc\"}]},{\"@type\":\"WebSite\",\"@id\":\"https:\/\/joyasyasmin.com\/fr\/#website\",\"url\":\"https:\/\/joyasyasmin.com\/fr\/\",\"name\":\"Yasmin\",\"description\":\"Joyer\u00eda de Plata 925 - Pendientes, pulseras, anillos, colgantes y m\u00e1s!\",\"publisher\":{\"@id\":\"https:\/\/joyasyasmin.com\/fr\/#organization\"},\"potentialAction\":[{\"@type\":\"SearchAction\",\"target\":{\"@type\":\"EntryPoint\",\"urlTemplate\":\"https:\/\/joyasyasmin.com\/fr\/?s={search_term_string}\"},\"query-input\":{\"@type\":\"PropertyValueSpecification\",\"valueRequired\":true,\"valueName\":\"search_term_string\"}}],\"inLanguage\":\"fr-FR\"},{\"@type\":\"Organization\",\"@id\":\"https:\/\/joyasyasmin.com\/fr\/#organization\",\"name\":\"joyas yasmin\",\"url\":\"https:\/\/joyasyasmin.com\/fr\/\",\"logo\":{\"@type\":\"ImageObject\",\"inLanguage\":\"fr-FR\",\"@id\":\"https:\/\/joyasyasmin.com\/fr\/#\/schema\/logo\/image\/\",\"url\":\"https:\/\/joyasyasmin.com\/wp-content\/uploads\/2017\/06\/IMG-20200429-WA0051.jpg\",\"contentUrl\":\"https:\/\/joyasyasmin.com\/wp-content\/uploads\/2017\/06\/IMG-20200429-WA0051.jpg\",\"width\":1080,\"height\":545,\"caption\":\"joyas yasmin\"},\"image\":{\"@id\":\"https:\/\/joyasyasmin.com\/fr\/#\/schema\/logo\/image\/\"},\"sameAs\":[\"https:\/\/www.facebook.com\/Joyas-Yasmin-217664058934169\/\",\"https:\/\/www.instagram.com\/invites\/contact\/\"]}]}<\/script>\n<!-- \/ Yoast SEO plugin. -->","yoast_head_json":{"title":"Bracelet en perles d\u2019oeil turc - Yasmin","description":"Bracelet Oeil Turc 925 perles d\u2019argent sterling, son design de pierres de diff\u00e9rentes couleurs le rend original et d\u00e9licat. Vous allez tomber amoureux !","robots":{"index":"index","follow":"follow","max-snippet":"max-snippet:-1","max-image-preview":"max-image-preview:large","max-video-preview":"max-video-preview:-1"},"canonical":"https:\/\/joyasyasmin.com\/fr\/producto\/bracelet-en-perles-doeil-turc\/","og_locale":"fr_FR","og_title":"Bracelet en perles d\u2019oeil turc - Yasmin","og_description":"Bracelet Oeil Turc 925 perles d\u2019argent sterling, son design de pierres de diff\u00e9rentes couleurs le rend original et d\u00e9licat. Vous allez tomber amoureux !","og_url":"https:\/\/joyasyasmin.com\/fr\/producto\/bracelet-en-perles-doeil-turc\/","og_site_name":"Yasmin","article_publisher":"https:\/\/www.facebook.com\/Joyas-Yasmin-217664058934169\/","article_modified_time":"2026-02-26T09:00:23+00:00","og_image":[{"width":1960,"height":1960,"url":"https:\/\/joyasyasmin.com\/wp-content\/uploads\/2022\/03\/pulsera-proteccion-ojo.jpg","type":"image\/jpeg"}],"twitter_card":"summary_large_image","schema":{"@context":"https:\/\/schema.org","@graph":[{"@type":["WebPage","ItemPage"],"@id":"https:\/\/joyasyasmin.com\/fr\/producto\/bracelet-en-perles-doeil-turc\/","url":"https:\/\/joyasyasmin.com\/fr\/producto\/bracelet-en-perles-doeil-turc\/","name":"Bracelet en perles d\u2019oeil turc - Yasmin","isPartOf":{"@id":"https:\/\/joyasyasmin.com\/fr\/#website"},"primaryImageOfPage":{"@id":"https:\/\/joyasyasmin.com\/fr\/producto\/bracelet-en-perles-doeil-turc\/#primaryimage"},"image":{"@id":"https:\/\/joyasyasmin.com\/fr\/producto\/bracelet-en-perles-doeil-turc\/#primaryimage"},"thumbnailUrl":"https:\/\/joyasyasmin.com\/wp-content\/uploads\/2022\/03\/pulsera-proteccion-ojo.jpg","datePublished":"2022-03-09T21:36:21+00:00","dateModified":"2026-02-26T09:00:23+00:00","description":"Bracelet Oeil Turc 925 perles d\u2019argent sterling, son design de pierres de diff\u00e9rentes couleurs le rend original et d\u00e9licat. Vous allez tomber amoureux !","breadcrumb":{"@id":"https:\/\/joyasyasmin.com\/fr\/producto\/bracelet-en-perles-doeil-turc\/#breadcrumb"},"inLanguage":"fr-FR","potentialAction":[{"@type":"ReadAction","target":["https:\/\/joyasyasmin.com\/fr\/producto\/bracelet-en-perles-doeil-turc\/"]}]},{"@type":"ImageObject","inLanguage":"fr-FR","@id":"https:\/\/joyasyasmin.com\/fr\/producto\/bracelet-en-perles-doeil-turc\/#primaryimage","url":"https:\/\/joyasyasmin.com\/wp-content\/uploads\/2022\/03\/pulsera-proteccion-ojo.jpg","contentUrl":"https:\/\/joyasyasmin.com\/wp-content\/uploads\/2022\/03\/pulsera-proteccion-ojo.jpg","width":1960,"height":1960,"caption":"Bracelet d\u2019\u0153il turc en argent sterling 925 \u00e0 vendre"},{"@type":"BreadcrumbList","@id":"https:\/\/joyasyasmin.com\/fr\/producto\/bracelet-en-perles-doeil-turc\/#breadcrumb","itemListElement":[{"@type":"ListItem","position":1,"name":"Portada","item":"https:\/\/joyasyasmin.com\/fr\/domicile\/"},{"@type":"ListItem","position":2,"name":"Boutique","item":"https:\/\/joyasyasmin.com\/fr\/boutique\/"},{"@type":"ListItem","position":3,"name":"Bracelet en perles d\u2019oeil turc"}]},{"@type":"WebSite","@id":"https:\/\/joyasyasmin.com\/fr\/#website","url":"https:\/\/joyasyasmin.com\/fr\/","name":"Yasmin","description":"Joyer\u00eda de Plata 925 - Pendientes, pulseras, anillos, colgantes y m\u00e1s!","publisher":{"@id":"https:\/\/joyasyasmin.com\/fr\/#organization"},"potentialAction":[{"@type":"SearchAction","target":{"@type":"EntryPoint","urlTemplate":"https:\/\/joyasyasmin.com\/fr\/?s={search_term_string}"},"query-input":{"@type":"PropertyValueSpecification","valueRequired":true,"valueName":"search_term_string"}}],"inLanguage":"fr-FR"},{"@type":"Organization","@id":"https:\/\/joyasyasmin.com\/fr\/#organization","name":"joyas yasmin","url":"https:\/\/joyasyasmin.com\/fr\/","logo":{"@type":"ImageObject","inLanguage":"fr-FR","@id":"https:\/\/joyasyasmin.com\/fr\/#\/schema\/logo\/image\/","url":"https:\/\/joyasyasmin.com\/wp-content\/uploads\/2017\/06\/IMG-20200429-WA0051.jpg","contentUrl":"https:\/\/joyasyasmin.com\/wp-content\/uploads\/2017\/06\/IMG-20200429-WA0051.jpg","width":1080,"height":545,"caption":"joyas yasmin"},"image":{"@id":"https:\/\/joyasyasmin.com\/fr\/#\/schema\/logo\/image\/"},"sameAs":["https:\/\/www.facebook.com\/Joyas-Yasmin-217664058934169\/","https:\/\/www.instagram.com\/invites\/contact\/"]}]}},"_links":{"self":[{"href":"https:\/\/joyasyasmin.com\/fr\/wp-json\/wp\/v2\/product\/27015","targetHints":{"allow":["GET"]}}],"collection":[{"href":"https:\/\/joyasyasmin.com\/fr\/wp-json\/wp\/v2\/product"}],"about":[{"href":"https:\/\/joyasyasmin.com\/fr\/wp-json\/wp\/v2\/types\/product"}],"replies":[{"embeddable":true,"href":"https:\/\/joyasyasmin.com\/fr\/wp-json\/wp\/v2\/comments?post=27015"}],"version-history":[{"count":1,"href":"https:\/\/joyasyasmin.com\/fr\/wp-json\/wp\/v2\/product\/27015\/revisions"}],"predecessor-version":[{"id":29429,"href":"https:\/\/joyasyasmin.com\/fr\/wp-json\/wp\/v2\/product\/27015\/revisions\/29429"}],"wp:featuredmedia":[{"embeddable":true,"href":"https:\/\/joyasyasmin.com\/fr\/wp-json\/wp\/v2\/media\/27017"}],"wp:attachment":[{"href":"https:\/\/joyasyasmin.com\/fr\/wp-json\/wp\/v2\/media?parent=27015"}],"wp:term":[{"taxonomy":"product_brand","embeddable":true,"href":"https:\/\/joyasyasmin.com\/fr\/wp-json\/wp\/v2\/product_brand?post=27015"},{"taxonomy":"product_cat","embeddable":true,"href":"https:\/\/joyasyasmin.com\/fr\/wp-json\/wp\/v2\/product_cat?post=27015"},{"taxonomy":"product_tag","embeddable":true,"href":"https:\/\/joyasyasmin.com\/fr\/wp-json\/wp\/v2\/product_tag?post=27015"}],"curies":[{"name":"wp","href":"https:\/\/api.w.org\/{rel}","templated":true}]}}