{"id":27907,"date":"2021-08-30T10:48:19","date_gmt":"2021-08-30T10:48:19","guid":{"rendered":"https:\/\/joyasyasmin.com\/producto\/bracelet-en-argent-tierra-bomba\/"},"modified":"2021-08-30T10:48:19","modified_gmt":"2021-08-30T10:48:19","slug":"bracelet-en-argent-tierra-bomba","status":"publish","type":"product","link":"https:\/\/joyasyasmin.com\/fr\/producto\/bracelet-en-argent-tierra-bomba\/","title":{"rendered":"Bracelet en argent Tierra Bomba"},"content":{"rendered":"","protected":false},"excerpt":{"rendered":"<p>Le bracelet bomba terre argent est un bijou de petites boules lisses accompagn\u00e9es d\u2019une autre boule un peu plus grande, il est tr\u00e8s d\u00e9licat et id\u00e9al \u00e0 porter seul ou \u00e0 combiner avec d\u2019autres bracelets de diff\u00e9rents mod\u00e8les.<\/p>\n","protected":false},"featured_media":27909,"comment_status":"open","ping_status":"closed","template":"","meta":{"_acf_changed":false,"_joinchat":[]},"product_brand":[],"product_cat":[1790],"product_tag":[5187,5188,5189],"class_list":{"0":"post-27907","1":"product","2":"type-product","3":"status-publish","4":"has-post-thumbnail","6":"product_cat-bracelets","7":"product_tag-bracelet-en-argent-925","8":"product_tag-bracelet-en-argent-earth-bomba","9":"product_tag-bracelet-en-perles-dargent","11":"first","12":"instock","13":"shipping-taxable","14":"purchasable","15":"product-type-simple"},"acf":[],"yoast_head":"<!-- This site is optimized with the Yoast SEO plugin v27.2 - https:\/\/yoast.com\/product\/yoast-seo-wordpress\/ -->\n<title>Bracelet en argent Tierra Bomba - Yasmin<\/title>\n<meta name=\"description\" content=\"Le bracelet pompe en argent de la terre est un bijou de petites boules accompagn\u00e9es de plus grandes, il est en argent sterling 925. Super joli !\" \/>\n<meta name=\"robots\" content=\"index, follow, max-snippet:-1, max-image-preview:large, max-video-preview:-1\" \/>\n<link rel=\"canonical\" href=\"https:\/\/joyasyasmin.com\/fr\/producto\/bracelet-en-argent-tierra-bomba\/\" \/>\n<meta property=\"og:locale\" content=\"fr_FR\" \/>\n<meta property=\"og:title\" content=\"Bracelet en argent Tierra Bomba - Yasmin\" \/>\n<meta property=\"og:description\" content=\"Le bracelet pompe en argent de la terre est un bijou de petites boules accompagn\u00e9es de plus grandes, il est en argent sterling 925. Super joli !\" \/>\n<meta property=\"og:url\" content=\"https:\/\/joyasyasmin.com\/fr\/producto\/bracelet-en-argent-tierra-bomba\/\" \/>\n<meta property=\"og:site_name\" content=\"Yasmin\" \/>\n<meta property=\"article:publisher\" content=\"https:\/\/www.facebook.com\/Joyas-Yasmin-217664058934169\/\" \/>\n<meta property=\"og:image\" content=\"https:\/\/joyasyasmin.com\/wp-content\/uploads\/2021\/08\/pulsera-tierra-bomba-silver.jpg\" \/>\n\t<meta property=\"og:image:width\" content=\"1960\" \/>\n\t<meta property=\"og:image:height\" content=\"1960\" \/>\n\t<meta property=\"og:image:type\" content=\"image\/jpeg\" \/>\n<meta name=\"twitter:card\" content=\"summary_large_image\" \/>\n<script type=\"application\/ld+json\" class=\"yoast-schema-graph\">{\"@context\":\"https:\/\/schema.org\",\"@graph\":[{\"@type\":[\"WebPage\",\"ItemPage\"],\"@id\":\"https:\/\/joyasyasmin.com\/fr\/producto\/bracelet-en-argent-tierra-bomba\/\",\"url\":\"https:\/\/joyasyasmin.com\/fr\/producto\/bracelet-en-argent-tierra-bomba\/\",\"name\":\"Bracelet en argent Tierra Bomba - Yasmin\",\"isPartOf\":{\"@id\":\"https:\/\/joyasyasmin.com\/fr\/#website\"},\"primaryImageOfPage\":{\"@id\":\"https:\/\/joyasyasmin.com\/fr\/producto\/bracelet-en-argent-tierra-bomba\/#primaryimage\"},\"image\":{\"@id\":\"https:\/\/joyasyasmin.com\/fr\/producto\/bracelet-en-argent-tierra-bomba\/#primaryimage\"},\"thumbnailUrl\":\"https:\/\/joyasyasmin.com\/wp-content\/uploads\/2021\/08\/pulsera-tierra-bomba-silver.jpg\",\"datePublished\":\"2021-08-30T10:48:19+00:00\",\"description\":\"Le bracelet pompe en argent de la terre est un bijou de petites boules accompagn\u00e9es de plus grandes, il est en argent sterling 925. Super joli !\",\"breadcrumb\":{\"@id\":\"https:\/\/joyasyasmin.com\/fr\/producto\/bracelet-en-argent-tierra-bomba\/#breadcrumb\"},\"inLanguage\":\"fr-FR\",\"potentialAction\":[{\"@type\":\"ReadAction\",\"target\":[\"https:\/\/joyasyasmin.com\/fr\/producto\/bracelet-en-argent-tierra-bomba\/\"]}]},{\"@type\":\"ImageObject\",\"inLanguage\":\"fr-FR\",\"@id\":\"https:\/\/joyasyasmin.com\/fr\/producto\/bracelet-en-argent-tierra-bomba\/#primaryimage\",\"url\":\"https:\/\/joyasyasmin.com\/wp-content\/uploads\/2021\/08\/pulsera-tierra-bomba-silver.jpg\",\"contentUrl\":\"https:\/\/joyasyasmin.com\/wp-content\/uploads\/2021\/08\/pulsera-tierra-bomba-silver.jpg\",\"width\":1960,\"height\":1960},{\"@type\":\"BreadcrumbList\",\"@id\":\"https:\/\/joyasyasmin.com\/fr\/producto\/bracelet-en-argent-tierra-bomba\/#breadcrumb\",\"itemListElement\":[{\"@type\":\"ListItem\",\"position\":1,\"name\":\"Portada\",\"item\":\"https:\/\/joyasyasmin.com\/fr\/domicile\/\"},{\"@type\":\"ListItem\",\"position\":2,\"name\":\"Boutique\",\"item\":\"https:\/\/joyasyasmin.com\/fr\/boutique\/\"},{\"@type\":\"ListItem\",\"position\":3,\"name\":\"Bracelet en argent Tierra Bomba\"}]},{\"@type\":\"WebSite\",\"@id\":\"https:\/\/joyasyasmin.com\/fr\/#website\",\"url\":\"https:\/\/joyasyasmin.com\/fr\/\",\"name\":\"Yasmin\",\"description\":\"Joyer\u00eda de Plata 925 - Pendientes, pulseras, anillos, colgantes y m\u00e1s!\",\"publisher\":{\"@id\":\"https:\/\/joyasyasmin.com\/fr\/#organization\"},\"potentialAction\":[{\"@type\":\"SearchAction\",\"target\":{\"@type\":\"EntryPoint\",\"urlTemplate\":\"https:\/\/joyasyasmin.com\/fr\/?s={search_term_string}\"},\"query-input\":{\"@type\":\"PropertyValueSpecification\",\"valueRequired\":true,\"valueName\":\"search_term_string\"}}],\"inLanguage\":\"fr-FR\"},{\"@type\":\"Organization\",\"@id\":\"https:\/\/joyasyasmin.com\/fr\/#organization\",\"name\":\"joyas yasmin\",\"url\":\"https:\/\/joyasyasmin.com\/fr\/\",\"logo\":{\"@type\":\"ImageObject\",\"inLanguage\":\"fr-FR\",\"@id\":\"https:\/\/joyasyasmin.com\/fr\/#\/schema\/logo\/image\/\",\"url\":\"https:\/\/joyasyasmin.com\/wp-content\/uploads\/2017\/06\/IMG-20200429-WA0051.jpg\",\"contentUrl\":\"https:\/\/joyasyasmin.com\/wp-content\/uploads\/2017\/06\/IMG-20200429-WA0051.jpg\",\"width\":1080,\"height\":545,\"caption\":\"joyas yasmin\"},\"image\":{\"@id\":\"https:\/\/joyasyasmin.com\/fr\/#\/schema\/logo\/image\/\"},\"sameAs\":[\"https:\/\/www.facebook.com\/Joyas-Yasmin-217664058934169\/\",\"https:\/\/www.instagram.com\/invites\/contact\/\"]}]}<\/script>\n<!-- \/ Yoast SEO plugin. -->","yoast_head_json":{"title":"Bracelet en argent Tierra Bomba - Yasmin","description":"Le bracelet pompe en argent de la terre est un bijou de petites boules accompagn\u00e9es de plus grandes, il est en argent sterling 925. Super joli !","robots":{"index":"index","follow":"follow","max-snippet":"max-snippet:-1","max-image-preview":"max-image-preview:large","max-video-preview":"max-video-preview:-1"},"canonical":"https:\/\/joyasyasmin.com\/fr\/producto\/bracelet-en-argent-tierra-bomba\/","og_locale":"fr_FR","og_title":"Bracelet en argent Tierra Bomba - Yasmin","og_description":"Le bracelet pompe en argent de la terre est un bijou de petites boules accompagn\u00e9es de plus grandes, il est en argent sterling 925. Super joli !","og_url":"https:\/\/joyasyasmin.com\/fr\/producto\/bracelet-en-argent-tierra-bomba\/","og_site_name":"Yasmin","article_publisher":"https:\/\/www.facebook.com\/Joyas-Yasmin-217664058934169\/","og_image":[{"width":1960,"height":1960,"url":"https:\/\/joyasyasmin.com\/wp-content\/uploads\/2021\/08\/pulsera-tierra-bomba-silver.jpg","type":"image\/jpeg"}],"twitter_card":"summary_large_image","schema":{"@context":"https:\/\/schema.org","@graph":[{"@type":["WebPage","ItemPage"],"@id":"https:\/\/joyasyasmin.com\/fr\/producto\/bracelet-en-argent-tierra-bomba\/","url":"https:\/\/joyasyasmin.com\/fr\/producto\/bracelet-en-argent-tierra-bomba\/","name":"Bracelet en argent Tierra Bomba - Yasmin","isPartOf":{"@id":"https:\/\/joyasyasmin.com\/fr\/#website"},"primaryImageOfPage":{"@id":"https:\/\/joyasyasmin.com\/fr\/producto\/bracelet-en-argent-tierra-bomba\/#primaryimage"},"image":{"@id":"https:\/\/joyasyasmin.com\/fr\/producto\/bracelet-en-argent-tierra-bomba\/#primaryimage"},"thumbnailUrl":"https:\/\/joyasyasmin.com\/wp-content\/uploads\/2021\/08\/pulsera-tierra-bomba-silver.jpg","datePublished":"2021-08-30T10:48:19+00:00","description":"Le bracelet pompe en argent de la terre est un bijou de petites boules accompagn\u00e9es de plus grandes, il est en argent sterling 925. Super joli !","breadcrumb":{"@id":"https:\/\/joyasyasmin.com\/fr\/producto\/bracelet-en-argent-tierra-bomba\/#breadcrumb"},"inLanguage":"fr-FR","potentialAction":[{"@type":"ReadAction","target":["https:\/\/joyasyasmin.com\/fr\/producto\/bracelet-en-argent-tierra-bomba\/"]}]},{"@type":"ImageObject","inLanguage":"fr-FR","@id":"https:\/\/joyasyasmin.com\/fr\/producto\/bracelet-en-argent-tierra-bomba\/#primaryimage","url":"https:\/\/joyasyasmin.com\/wp-content\/uploads\/2021\/08\/pulsera-tierra-bomba-silver.jpg","contentUrl":"https:\/\/joyasyasmin.com\/wp-content\/uploads\/2021\/08\/pulsera-tierra-bomba-silver.jpg","width":1960,"height":1960},{"@type":"BreadcrumbList","@id":"https:\/\/joyasyasmin.com\/fr\/producto\/bracelet-en-argent-tierra-bomba\/#breadcrumb","itemListElement":[{"@type":"ListItem","position":1,"name":"Portada","item":"https:\/\/joyasyasmin.com\/fr\/domicile\/"},{"@type":"ListItem","position":2,"name":"Boutique","item":"https:\/\/joyasyasmin.com\/fr\/boutique\/"},{"@type":"ListItem","position":3,"name":"Bracelet en argent Tierra Bomba"}]},{"@type":"WebSite","@id":"https:\/\/joyasyasmin.com\/fr\/#website","url":"https:\/\/joyasyasmin.com\/fr\/","name":"Yasmin","description":"Joyer\u00eda de Plata 925 - Pendientes, pulseras, anillos, colgantes y m\u00e1s!","publisher":{"@id":"https:\/\/joyasyasmin.com\/fr\/#organization"},"potentialAction":[{"@type":"SearchAction","target":{"@type":"EntryPoint","urlTemplate":"https:\/\/joyasyasmin.com\/fr\/?s={search_term_string}"},"query-input":{"@type":"PropertyValueSpecification","valueRequired":true,"valueName":"search_term_string"}}],"inLanguage":"fr-FR"},{"@type":"Organization","@id":"https:\/\/joyasyasmin.com\/fr\/#organization","name":"joyas yasmin","url":"https:\/\/joyasyasmin.com\/fr\/","logo":{"@type":"ImageObject","inLanguage":"fr-FR","@id":"https:\/\/joyasyasmin.com\/fr\/#\/schema\/logo\/image\/","url":"https:\/\/joyasyasmin.com\/wp-content\/uploads\/2017\/06\/IMG-20200429-WA0051.jpg","contentUrl":"https:\/\/joyasyasmin.com\/wp-content\/uploads\/2017\/06\/IMG-20200429-WA0051.jpg","width":1080,"height":545,"caption":"joyas yasmin"},"image":{"@id":"https:\/\/joyasyasmin.com\/fr\/#\/schema\/logo\/image\/"},"sameAs":["https:\/\/www.facebook.com\/Joyas-Yasmin-217664058934169\/","https:\/\/www.instagram.com\/invites\/contact\/"]}]}},"_links":{"self":[{"href":"https:\/\/joyasyasmin.com\/fr\/wp-json\/wp\/v2\/product\/27907","targetHints":{"allow":["GET"]}}],"collection":[{"href":"https:\/\/joyasyasmin.com\/fr\/wp-json\/wp\/v2\/product"}],"about":[{"href":"https:\/\/joyasyasmin.com\/fr\/wp-json\/wp\/v2\/types\/product"}],"replies":[{"embeddable":true,"href":"https:\/\/joyasyasmin.com\/fr\/wp-json\/wp\/v2\/comments?post=27907"}],"version-history":[{"count":0,"href":"https:\/\/joyasyasmin.com\/fr\/wp-json\/wp\/v2\/product\/27907\/revisions"}],"wp:featuredmedia":[{"embeddable":true,"href":"https:\/\/joyasyasmin.com\/fr\/wp-json\/wp\/v2\/media\/27909"}],"wp:attachment":[{"href":"https:\/\/joyasyasmin.com\/fr\/wp-json\/wp\/v2\/media?parent=27907"}],"wp:term":[{"taxonomy":"product_brand","embeddable":true,"href":"https:\/\/joyasyasmin.com\/fr\/wp-json\/wp\/v2\/product_brand?post=27907"},{"taxonomy":"product_cat","embeddable":true,"href":"https:\/\/joyasyasmin.com\/fr\/wp-json\/wp\/v2\/product_cat?post=27907"},{"taxonomy":"product_tag","embeddable":true,"href":"https:\/\/joyasyasmin.com\/fr\/wp-json\/wp\/v2\/product_tag?post=27907"}],"curies":[{"name":"wp","href":"https:\/\/api.w.org\/{rel}","templated":true}]}}