{"id":29340,"date":"2025-01-14T18:47:17","date_gmt":"2025-01-14T18:47:17","guid":{"rendered":"https:\/\/joyasyasmin.com\/producto\/boucle-doreille-omega-miranda\/"},"modified":"2025-08-06T07:31:57","modified_gmt":"2025-08-06T07:31:57","slug":"boucle-doreille-omega-miranda","status":"publish","type":"product","link":"https:\/\/joyasyasmin.com\/fr\/producto\/boucle-doreille-omega-miranda\/","title":{"rendered":"Boucle d\u2019oreille Omega Miranda"},"content":{"rendered":"","protected":false},"excerpt":{"rendered":"<p>Boucles d\u2019oreilles en argent 925 avec un motif imbriqu\u00e9 de 7 mm, orn\u00e9es de zircons brillants pour une touche de sophistication. Sa fermeture om\u00e9ga assure un confort et un ajustement parfait. Polyvalents et \u00e9l\u00e9gants, ils sont id\u00e9aux pour un usage quotidien ou des \u00e9v\u00e9nements sp\u00e9ciaux.  <\/p>\n","protected":false},"featured_media":29168,"comment_status":"open","ping_status":"closed","template":"","meta":{"_acf_changed":false,"_joinchat":[]},"product_brand":[],"product_cat":[1775],"product_tag":[],"class_list":{"0":"post-29340","1":"product","2":"type-product","3":"status-publish","4":"has-post-thumbnail","6":"product_cat-boucles-doreilles-et-boucles-doreilles","8":"first","9":"outofstock","10":"shipping-taxable","11":"purchasable","12":"product-type-simple"},"acf":[],"yoast_head":"<!-- This site is optimized with the Yoast SEO plugin v27.3 - https:\/\/yoast.com\/product\/yoast-seo-wordpress\/ -->\n<title>Boucle d\u2019oreille Omega Miranda - Yasmin<\/title>\n<meta name=\"description\" content=\"Les boucles d\u2019oreilles Omega Miranda sont fabriqu\u00e9es en argent 925, ce qui leur conf\u00e8re une qualit\u00e9 et une durabilit\u00e9 exceptionnelles. Avec une largeur de 7 mm.\" \/>\n<meta name=\"robots\" content=\"index, follow, max-snippet:-1, max-image-preview:large, max-video-preview:-1\" \/>\n<link rel=\"canonical\" href=\"https:\/\/joyasyasmin.com\/fr\/producto\/boucle-doreille-omega-miranda\/\" \/>\n<meta property=\"og:locale\" content=\"fr_FR\" \/>\n<meta property=\"og:title\" content=\"Boucle d\u2019oreille Omega Miranda - Yasmin\" \/>\n<meta property=\"og:description\" content=\"Les boucles d\u2019oreilles Omega Miranda sont fabriqu\u00e9es en argent 925, ce qui leur conf\u00e8re une qualit\u00e9 et une durabilit\u00e9 exceptionnelles. Avec une largeur de 7 mm.\" \/>\n<meta property=\"og:url\" content=\"https:\/\/joyasyasmin.com\/fr\/producto\/boucle-doreille-omega-miranda\/\" \/>\n<meta property=\"og:site_name\" content=\"Yasmin\" \/>\n<meta property=\"article:publisher\" content=\"https:\/\/www.facebook.com\/Joyas-Yasmin-217664058934169\/\" \/>\n<meta property=\"article:modified_time\" content=\"2025-08-06T07:31:57+00:00\" \/>\n<meta property=\"og:image\" content=\"https:\/\/joyasyasmin.com\/wp-content\/uploads\/2025\/01\/pendiente-omega-miranda.jpg\" \/>\n\t<meta property=\"og:image:width\" content=\"1000\" \/>\n\t<meta property=\"og:image:height\" content=\"1000\" \/>\n\t<meta property=\"og:image:type\" content=\"image\/jpeg\" \/>\n<meta name=\"twitter:card\" content=\"summary_large_image\" \/>\n<script type=\"application\/ld+json\" class=\"yoast-schema-graph\">{\"@context\":\"https:\\\/\\\/schema.org\",\"@graph\":[{\"@type\":[\"WebPage\",\"ItemPage\"],\"@id\":\"https:\\\/\\\/joyasyasmin.com\\\/fr\\\/producto\\\/boucle-doreille-omega-miranda\\\/\",\"url\":\"https:\\\/\\\/joyasyasmin.com\\\/fr\\\/producto\\\/boucle-doreille-omega-miranda\\\/\",\"name\":\"Boucle d\u2019oreille Omega Miranda - Yasmin\",\"isPartOf\":{\"@id\":\"https:\\\/\\\/joyasyasmin.com\\\/fr\\\/#website\"},\"primaryImageOfPage\":{\"@id\":\"https:\\\/\\\/joyasyasmin.com\\\/fr\\\/producto\\\/boucle-doreille-omega-miranda\\\/#primaryimage\"},\"image\":{\"@id\":\"https:\\\/\\\/joyasyasmin.com\\\/fr\\\/producto\\\/boucle-doreille-omega-miranda\\\/#primaryimage\"},\"thumbnailUrl\":\"https:\\\/\\\/joyasyasmin.com\\\/wp-content\\\/uploads\\\/2025\\\/01\\\/pendiente-omega-miranda.jpg\",\"datePublished\":\"2025-01-14T18:47:17+00:00\",\"dateModified\":\"2025-08-06T07:31:57+00:00\",\"description\":\"Les boucles d\u2019oreilles Omega Miranda sont fabriqu\u00e9es en argent 925, ce qui leur conf\u00e8re une qualit\u00e9 et une durabilit\u00e9 exceptionnelles. Avec une largeur de 7 mm.\",\"breadcrumb\":{\"@id\":\"https:\\\/\\\/joyasyasmin.com\\\/fr\\\/producto\\\/boucle-doreille-omega-miranda\\\/#breadcrumb\"},\"inLanguage\":\"fr-FR\",\"potentialAction\":[{\"@type\":\"ReadAction\",\"target\":[\"https:\\\/\\\/joyasyasmin.com\\\/fr\\\/producto\\\/boucle-doreille-omega-miranda\\\/\"]}]},{\"@type\":\"ImageObject\",\"inLanguage\":\"fr-FR\",\"@id\":\"https:\\\/\\\/joyasyasmin.com\\\/fr\\\/producto\\\/boucle-doreille-omega-miranda\\\/#primaryimage\",\"url\":\"https:\\\/\\\/joyasyasmin.com\\\/wp-content\\\/uploads\\\/2025\\\/01\\\/pendiente-omega-miranda.jpg\",\"contentUrl\":\"https:\\\/\\\/joyasyasmin.com\\\/wp-content\\\/uploads\\\/2025\\\/01\\\/pendiente-omega-miranda.jpg\",\"width\":1000,\"height\":1000,\"caption\":\"Omega Miranda 925 Boucle d\u2019oreille en argent sterling \u00e0 vendre\"},{\"@type\":\"BreadcrumbList\",\"@id\":\"https:\\\/\\\/joyasyasmin.com\\\/fr\\\/producto\\\/boucle-doreille-omega-miranda\\\/#breadcrumb\",\"itemListElement\":[{\"@type\":\"ListItem\",\"position\":1,\"name\":\"Portada\",\"item\":\"https:\\\/\\\/joyasyasmin.com\\\/fr\\\/domicile\\\/\"},{\"@type\":\"ListItem\",\"position\":2,\"name\":\"Boutique\",\"item\":\"https:\\\/\\\/joyasyasmin.com\\\/fr\\\/boutique\\\/\"},{\"@type\":\"ListItem\",\"position\":3,\"name\":\"Boucle d\u2019oreille Omega Miranda\"}]},{\"@type\":\"WebSite\",\"@id\":\"https:\\\/\\\/joyasyasmin.com\\\/fr\\\/#website\",\"url\":\"https:\\\/\\\/joyasyasmin.com\\\/fr\\\/\",\"name\":\"Yasmin\",\"description\":\"Joyer\u00eda de Plata 925 - Pendientes, pulseras, anillos, colgantes y m\u00e1s!\",\"publisher\":{\"@id\":\"https:\\\/\\\/joyasyasmin.com\\\/fr\\\/#organization\"},\"potentialAction\":[{\"@type\":\"SearchAction\",\"target\":{\"@type\":\"EntryPoint\",\"urlTemplate\":\"https:\\\/\\\/joyasyasmin.com\\\/fr\\\/?s={search_term_string}\"},\"query-input\":{\"@type\":\"PropertyValueSpecification\",\"valueRequired\":true,\"valueName\":\"search_term_string\"}}],\"inLanguage\":\"fr-FR\"},{\"@type\":\"Organization\",\"@id\":\"https:\\\/\\\/joyasyasmin.com\\\/fr\\\/#organization\",\"name\":\"joyas yasmin\",\"url\":\"https:\\\/\\\/joyasyasmin.com\\\/fr\\\/\",\"logo\":{\"@type\":\"ImageObject\",\"inLanguage\":\"fr-FR\",\"@id\":\"https:\\\/\\\/joyasyasmin.com\\\/fr\\\/#\\\/schema\\\/logo\\\/image\\\/\",\"url\":\"https:\\\/\\\/joyasyasmin.com\\\/wp-content\\\/uploads\\\/2017\\\/06\\\/IMG-20200429-WA0051.jpg\",\"contentUrl\":\"https:\\\/\\\/joyasyasmin.com\\\/wp-content\\\/uploads\\\/2017\\\/06\\\/IMG-20200429-WA0051.jpg\",\"width\":1080,\"height\":545,\"caption\":\"joyas yasmin\"},\"image\":{\"@id\":\"https:\\\/\\\/joyasyasmin.com\\\/fr\\\/#\\\/schema\\\/logo\\\/image\\\/\"},\"sameAs\":[\"https:\\\/\\\/www.facebook.com\\\/Joyas-Yasmin-217664058934169\\\/\",\"https:\\\/\\\/www.instagram.com\\\/invites\\\/contact\\\/\"]}]}<\/script>\n<!-- \/ Yoast SEO plugin. -->","yoast_head_json":{"title":"Boucle d\u2019oreille Omega Miranda - Yasmin","description":"Les boucles d\u2019oreilles Omega Miranda sont fabriqu\u00e9es en argent 925, ce qui leur conf\u00e8re une qualit\u00e9 et une durabilit\u00e9 exceptionnelles. Avec une largeur de 7 mm.","robots":{"index":"index","follow":"follow","max-snippet":"max-snippet:-1","max-image-preview":"max-image-preview:large","max-video-preview":"max-video-preview:-1"},"canonical":"https:\/\/joyasyasmin.com\/fr\/producto\/boucle-doreille-omega-miranda\/","og_locale":"fr_FR","og_title":"Boucle d\u2019oreille Omega Miranda - Yasmin","og_description":"Les boucles d\u2019oreilles Omega Miranda sont fabriqu\u00e9es en argent 925, ce qui leur conf\u00e8re une qualit\u00e9 et une durabilit\u00e9 exceptionnelles. Avec une largeur de 7 mm.","og_url":"https:\/\/joyasyasmin.com\/fr\/producto\/boucle-doreille-omega-miranda\/","og_site_name":"Yasmin","article_publisher":"https:\/\/www.facebook.com\/Joyas-Yasmin-217664058934169\/","article_modified_time":"2025-08-06T07:31:57+00:00","og_image":[{"width":1000,"height":1000,"url":"https:\/\/joyasyasmin.com\/wp-content\/uploads\/2025\/01\/pendiente-omega-miranda.jpg","type":"image\/jpeg"}],"twitter_card":"summary_large_image","schema":{"@context":"https:\/\/schema.org","@graph":[{"@type":["WebPage","ItemPage"],"@id":"https:\/\/joyasyasmin.com\/fr\/producto\/boucle-doreille-omega-miranda\/","url":"https:\/\/joyasyasmin.com\/fr\/producto\/boucle-doreille-omega-miranda\/","name":"Boucle d\u2019oreille Omega Miranda - Yasmin","isPartOf":{"@id":"https:\/\/joyasyasmin.com\/fr\/#website"},"primaryImageOfPage":{"@id":"https:\/\/joyasyasmin.com\/fr\/producto\/boucle-doreille-omega-miranda\/#primaryimage"},"image":{"@id":"https:\/\/joyasyasmin.com\/fr\/producto\/boucle-doreille-omega-miranda\/#primaryimage"},"thumbnailUrl":"https:\/\/joyasyasmin.com\/wp-content\/uploads\/2025\/01\/pendiente-omega-miranda.jpg","datePublished":"2025-01-14T18:47:17+00:00","dateModified":"2025-08-06T07:31:57+00:00","description":"Les boucles d\u2019oreilles Omega Miranda sont fabriqu\u00e9es en argent 925, ce qui leur conf\u00e8re une qualit\u00e9 et une durabilit\u00e9 exceptionnelles. Avec une largeur de 7 mm.","breadcrumb":{"@id":"https:\/\/joyasyasmin.com\/fr\/producto\/boucle-doreille-omega-miranda\/#breadcrumb"},"inLanguage":"fr-FR","potentialAction":[{"@type":"ReadAction","target":["https:\/\/joyasyasmin.com\/fr\/producto\/boucle-doreille-omega-miranda\/"]}]},{"@type":"ImageObject","inLanguage":"fr-FR","@id":"https:\/\/joyasyasmin.com\/fr\/producto\/boucle-doreille-omega-miranda\/#primaryimage","url":"https:\/\/joyasyasmin.com\/wp-content\/uploads\/2025\/01\/pendiente-omega-miranda.jpg","contentUrl":"https:\/\/joyasyasmin.com\/wp-content\/uploads\/2025\/01\/pendiente-omega-miranda.jpg","width":1000,"height":1000,"caption":"Omega Miranda 925 Boucle d\u2019oreille en argent sterling \u00e0 vendre"},{"@type":"BreadcrumbList","@id":"https:\/\/joyasyasmin.com\/fr\/producto\/boucle-doreille-omega-miranda\/#breadcrumb","itemListElement":[{"@type":"ListItem","position":1,"name":"Portada","item":"https:\/\/joyasyasmin.com\/fr\/domicile\/"},{"@type":"ListItem","position":2,"name":"Boutique","item":"https:\/\/joyasyasmin.com\/fr\/boutique\/"},{"@type":"ListItem","position":3,"name":"Boucle d\u2019oreille Omega Miranda"}]},{"@type":"WebSite","@id":"https:\/\/joyasyasmin.com\/fr\/#website","url":"https:\/\/joyasyasmin.com\/fr\/","name":"Yasmin","description":"Joyer\u00eda de Plata 925 - Pendientes, pulseras, anillos, colgantes y m\u00e1s!","publisher":{"@id":"https:\/\/joyasyasmin.com\/fr\/#organization"},"potentialAction":[{"@type":"SearchAction","target":{"@type":"EntryPoint","urlTemplate":"https:\/\/joyasyasmin.com\/fr\/?s={search_term_string}"},"query-input":{"@type":"PropertyValueSpecification","valueRequired":true,"valueName":"search_term_string"}}],"inLanguage":"fr-FR"},{"@type":"Organization","@id":"https:\/\/joyasyasmin.com\/fr\/#organization","name":"joyas yasmin","url":"https:\/\/joyasyasmin.com\/fr\/","logo":{"@type":"ImageObject","inLanguage":"fr-FR","@id":"https:\/\/joyasyasmin.com\/fr\/#\/schema\/logo\/image\/","url":"https:\/\/joyasyasmin.com\/wp-content\/uploads\/2017\/06\/IMG-20200429-WA0051.jpg","contentUrl":"https:\/\/joyasyasmin.com\/wp-content\/uploads\/2017\/06\/IMG-20200429-WA0051.jpg","width":1080,"height":545,"caption":"joyas yasmin"},"image":{"@id":"https:\/\/joyasyasmin.com\/fr\/#\/schema\/logo\/image\/"},"sameAs":["https:\/\/www.facebook.com\/Joyas-Yasmin-217664058934169\/","https:\/\/www.instagram.com\/invites\/contact\/"]}]}},"_links":{"self":[{"href":"https:\/\/joyasyasmin.com\/fr\/wp-json\/wp\/v2\/product\/29340","targetHints":{"allow":["GET"]}}],"collection":[{"href":"https:\/\/joyasyasmin.com\/fr\/wp-json\/wp\/v2\/product"}],"about":[{"href":"https:\/\/joyasyasmin.com\/fr\/wp-json\/wp\/v2\/types\/product"}],"replies":[{"embeddable":true,"href":"https:\/\/joyasyasmin.com\/fr\/wp-json\/wp\/v2\/comments?post=29340"}],"version-history":[{"count":1,"href":"https:\/\/joyasyasmin.com\/fr\/wp-json\/wp\/v2\/product\/29340\/revisions"}],"predecessor-version":[{"id":34161,"href":"https:\/\/joyasyasmin.com\/fr\/wp-json\/wp\/v2\/product\/29340\/revisions\/34161"}],"wp:featuredmedia":[{"embeddable":true,"href":"https:\/\/joyasyasmin.com\/fr\/wp-json\/wp\/v2\/media\/29168"}],"wp:attachment":[{"href":"https:\/\/joyasyasmin.com\/fr\/wp-json\/wp\/v2\/media?parent=29340"}],"wp:term":[{"taxonomy":"product_brand","embeddable":true,"href":"https:\/\/joyasyasmin.com\/fr\/wp-json\/wp\/v2\/product_brand?post=29340"},{"taxonomy":"product_cat","embeddable":true,"href":"https:\/\/joyasyasmin.com\/fr\/wp-json\/wp\/v2\/product_cat?post=29340"},{"taxonomy":"product_tag","embeddable":true,"href":"https:\/\/joyasyasmin.com\/fr\/wp-json\/wp\/v2\/product_tag?post=29340"}],"curies":[{"name":"wp","href":"https:\/\/api.w.org\/{rel}","templated":true}]}}