{"id":29384,"date":"2025-01-14T20:28:19","date_gmt":"2025-01-14T20:28:19","guid":{"rendered":"https:\/\/joyasyasmin.com\/producto\/bracelet-noeud-de-sorciere-et-yeux\/"},"modified":"2025-08-06T07:32:07","modified_gmt":"2025-08-06T07:32:07","slug":"bracelet-noeud-de-sorciere-et-yeux","status":"publish","type":"product","link":"https:\/\/joyasyasmin.com\/fr\/producto\/bracelet-noeud-de-sorciere-et-yeux\/","title":{"rendered":"Bracelet noeud de sorci\u00e8re et yeux"},"content":{"rendered":"","protected":false},"excerpt":{"rendered":"<p>Ce bracelet unique en son genre combine le puissant symbole du n\u0153ud de sorci\u00e8re avec des yeux turcs de diff\u00e9rentes couleurs, chacun connu pour prot\u00e9ger contre le mauvais \u0153il et porter chance. Fabriqu\u00e9 en argent 925, le bracelet mesure 17 cm de long avec une extension suppl\u00e9mentaire de 3 cm, ce qui permet un ajustement parfait. Les n\u0153uds ont une largeur de 15 mm, mettant en valeur leur conception robuste et artisanale. Les yeux turcs entrecoup\u00e9s de tons vibrants ajoutent une touche de couleur et de symbolisme, faisant de ce bracelet un charme de protection et de style \u00e0 la fois.   <\/p>\n","protected":false},"featured_media":29238,"comment_status":"open","ping_status":"closed","template":"","meta":{"_acf_changed":false,"_joinchat":[]},"product_brand":[],"product_cat":[1790],"product_tag":[],"class_list":{"0":"post-29384","1":"product","2":"type-product","3":"status-publish","4":"has-post-thumbnail","6":"product_cat-bracelets","8":"first","9":"instock","10":"shipping-taxable","11":"purchasable","12":"product-type-simple"},"acf":[],"yoast_head":"<!-- This site is optimized with the Yoast SEO plugin v27.2 - https:\/\/yoast.com\/product\/yoast-seo-wordpress\/ -->\n<title>Bracelet noeud de sorci\u00e8re et yeux - Yasmin<\/title>\n<meta name=\"description\" content=\"Bracelet noeud de sorci\u00e8re et yeux, combine le puissant symbole du noeud de sorci\u00e8re avec des yeux turcs, prot\u00e8ge contre le mauvais \u0153il et attire la chance.\" \/>\n<meta name=\"robots\" content=\"index, follow, max-snippet:-1, max-image-preview:large, max-video-preview:-1\" \/>\n<link rel=\"canonical\" href=\"https:\/\/joyasyasmin.com\/fr\/producto\/bracelet-noeud-de-sorciere-et-yeux\/\" \/>\n<meta property=\"og:locale\" content=\"fr_FR\" \/>\n<meta property=\"og:title\" content=\"Bracelet noeud de sorci\u00e8re et yeux - Yasmin\" \/>\n<meta property=\"og:description\" content=\"Bracelet noeud de sorci\u00e8re et yeux, combine le puissant symbole du noeud de sorci\u00e8re avec des yeux turcs, prot\u00e8ge contre le mauvais \u0153il et attire la chance.\" \/>\n<meta property=\"og:url\" content=\"https:\/\/joyasyasmin.com\/fr\/producto\/bracelet-noeud-de-sorciere-et-yeux\/\" \/>\n<meta property=\"og:site_name\" content=\"Yasmin\" \/>\n<meta property=\"article:publisher\" content=\"https:\/\/www.facebook.com\/Joyas-Yasmin-217664058934169\/\" \/>\n<meta property=\"article:modified_time\" content=\"2025-08-06T07:32:07+00:00\" \/>\n<meta property=\"og:image\" content=\"https:\/\/joyasyasmin.com\/wp-content\/uploads\/2025\/01\/pulsera-nudo-de-bruja-mix-color.jpg\" \/>\n\t<meta property=\"og:image:width\" content=\"1000\" \/>\n\t<meta property=\"og:image:height\" content=\"1000\" \/>\n\t<meta property=\"og:image:type\" content=\"image\/jpeg\" \/>\n<meta name=\"twitter:card\" content=\"summary_large_image\" \/>\n<script type=\"application\/ld+json\" class=\"yoast-schema-graph\">{\"@context\":\"https:\/\/schema.org\",\"@graph\":[{\"@type\":[\"WebPage\",\"ItemPage\"],\"@id\":\"https:\/\/joyasyasmin.com\/fr\/producto\/bracelet-noeud-de-sorciere-et-yeux\/\",\"url\":\"https:\/\/joyasyasmin.com\/fr\/producto\/bracelet-noeud-de-sorciere-et-yeux\/\",\"name\":\"Bracelet noeud de sorci\u00e8re et yeux - Yasmin\",\"isPartOf\":{\"@id\":\"https:\/\/joyasyasmin.com\/fr\/#website\"},\"primaryImageOfPage\":{\"@id\":\"https:\/\/joyasyasmin.com\/fr\/producto\/bracelet-noeud-de-sorciere-et-yeux\/#primaryimage\"},\"image\":{\"@id\":\"https:\/\/joyasyasmin.com\/fr\/producto\/bracelet-noeud-de-sorciere-et-yeux\/#primaryimage\"},\"thumbnailUrl\":\"https:\/\/joyasyasmin.com\/wp-content\/uploads\/2025\/01\/pulsera-nudo-de-bruja-mix-color.jpg\",\"datePublished\":\"2025-01-14T20:28:19+00:00\",\"dateModified\":\"2025-08-06T07:32:07+00:00\",\"description\":\"Bracelet noeud de sorci\u00e8re et yeux, combine le puissant symbole du noeud de sorci\u00e8re avec des yeux turcs, prot\u00e8ge contre le mauvais \u0153il et attire la chance.\",\"breadcrumb\":{\"@id\":\"https:\/\/joyasyasmin.com\/fr\/producto\/bracelet-noeud-de-sorciere-et-yeux\/#breadcrumb\"},\"inLanguage\":\"fr-FR\",\"potentialAction\":[{\"@type\":\"ReadAction\",\"target\":[\"https:\/\/joyasyasmin.com\/fr\/producto\/bracelet-noeud-de-sorciere-et-yeux\/\"]}]},{\"@type\":\"ImageObject\",\"inLanguage\":\"fr-FR\",\"@id\":\"https:\/\/joyasyasmin.com\/fr\/producto\/bracelet-noeud-de-sorciere-et-yeux\/#primaryimage\",\"url\":\"https:\/\/joyasyasmin.com\/wp-content\/uploads\/2025\/01\/pulsera-nudo-de-bruja-mix-color.jpg\",\"contentUrl\":\"https:\/\/joyasyasmin.com\/wp-content\/uploads\/2025\/01\/pulsera-nudo-de-bruja-mix-color.jpg\",\"width\":1000,\"height\":1000,\"caption\":\"Bracelet noeud de sorci\u00e8re \u00e0 vendre m\u00e9lange de couleur avec des yeux en argent sterling 925\"},{\"@type\":\"BreadcrumbList\",\"@id\":\"https:\/\/joyasyasmin.com\/fr\/producto\/bracelet-noeud-de-sorciere-et-yeux\/#breadcrumb\",\"itemListElement\":[{\"@type\":\"ListItem\",\"position\":1,\"name\":\"Portada\",\"item\":\"https:\/\/joyasyasmin.com\/fr\/domicile\/\"},{\"@type\":\"ListItem\",\"position\":2,\"name\":\"Boutique\",\"item\":\"https:\/\/joyasyasmin.com\/fr\/boutique\/\"},{\"@type\":\"ListItem\",\"position\":3,\"name\":\"Bracelet noeud de sorci\u00e8re et yeux\"}]},{\"@type\":\"WebSite\",\"@id\":\"https:\/\/joyasyasmin.com\/fr\/#website\",\"url\":\"https:\/\/joyasyasmin.com\/fr\/\",\"name\":\"Yasmin\",\"description\":\"Joyer\u00eda de Plata 925 - Pendientes, pulseras, anillos, colgantes y m\u00e1s!\",\"publisher\":{\"@id\":\"https:\/\/joyasyasmin.com\/fr\/#organization\"},\"potentialAction\":[{\"@type\":\"SearchAction\",\"target\":{\"@type\":\"EntryPoint\",\"urlTemplate\":\"https:\/\/joyasyasmin.com\/fr\/?s={search_term_string}\"},\"query-input\":{\"@type\":\"PropertyValueSpecification\",\"valueRequired\":true,\"valueName\":\"search_term_string\"}}],\"inLanguage\":\"fr-FR\"},{\"@type\":\"Organization\",\"@id\":\"https:\/\/joyasyasmin.com\/fr\/#organization\",\"name\":\"joyas yasmin\",\"url\":\"https:\/\/joyasyasmin.com\/fr\/\",\"logo\":{\"@type\":\"ImageObject\",\"inLanguage\":\"fr-FR\",\"@id\":\"https:\/\/joyasyasmin.com\/fr\/#\/schema\/logo\/image\/\",\"url\":\"https:\/\/joyasyasmin.com\/wp-content\/uploads\/2017\/06\/IMG-20200429-WA0051.jpg\",\"contentUrl\":\"https:\/\/joyasyasmin.com\/wp-content\/uploads\/2017\/06\/IMG-20200429-WA0051.jpg\",\"width\":1080,\"height\":545,\"caption\":\"joyas yasmin\"},\"image\":{\"@id\":\"https:\/\/joyasyasmin.com\/fr\/#\/schema\/logo\/image\/\"},\"sameAs\":[\"https:\/\/www.facebook.com\/Joyas-Yasmin-217664058934169\/\",\"https:\/\/www.instagram.com\/invites\/contact\/\"]}]}<\/script>\n<!-- \/ Yoast SEO plugin. -->","yoast_head_json":{"title":"Bracelet noeud de sorci\u00e8re et yeux - Yasmin","description":"Bracelet noeud de sorci\u00e8re et yeux, combine le puissant symbole du noeud de sorci\u00e8re avec des yeux turcs, prot\u00e8ge contre le mauvais \u0153il et attire la chance.","robots":{"index":"index","follow":"follow","max-snippet":"max-snippet:-1","max-image-preview":"max-image-preview:large","max-video-preview":"max-video-preview:-1"},"canonical":"https:\/\/joyasyasmin.com\/fr\/producto\/bracelet-noeud-de-sorciere-et-yeux\/","og_locale":"fr_FR","og_title":"Bracelet noeud de sorci\u00e8re et yeux - Yasmin","og_description":"Bracelet noeud de sorci\u00e8re et yeux, combine le puissant symbole du noeud de sorci\u00e8re avec des yeux turcs, prot\u00e8ge contre le mauvais \u0153il et attire la chance.","og_url":"https:\/\/joyasyasmin.com\/fr\/producto\/bracelet-noeud-de-sorciere-et-yeux\/","og_site_name":"Yasmin","article_publisher":"https:\/\/www.facebook.com\/Joyas-Yasmin-217664058934169\/","article_modified_time":"2025-08-06T07:32:07+00:00","og_image":[{"width":1000,"height":1000,"url":"https:\/\/joyasyasmin.com\/wp-content\/uploads\/2025\/01\/pulsera-nudo-de-bruja-mix-color.jpg","type":"image\/jpeg"}],"twitter_card":"summary_large_image","schema":{"@context":"https:\/\/schema.org","@graph":[{"@type":["WebPage","ItemPage"],"@id":"https:\/\/joyasyasmin.com\/fr\/producto\/bracelet-noeud-de-sorciere-et-yeux\/","url":"https:\/\/joyasyasmin.com\/fr\/producto\/bracelet-noeud-de-sorciere-et-yeux\/","name":"Bracelet noeud de sorci\u00e8re et yeux - Yasmin","isPartOf":{"@id":"https:\/\/joyasyasmin.com\/fr\/#website"},"primaryImageOfPage":{"@id":"https:\/\/joyasyasmin.com\/fr\/producto\/bracelet-noeud-de-sorciere-et-yeux\/#primaryimage"},"image":{"@id":"https:\/\/joyasyasmin.com\/fr\/producto\/bracelet-noeud-de-sorciere-et-yeux\/#primaryimage"},"thumbnailUrl":"https:\/\/joyasyasmin.com\/wp-content\/uploads\/2025\/01\/pulsera-nudo-de-bruja-mix-color.jpg","datePublished":"2025-01-14T20:28:19+00:00","dateModified":"2025-08-06T07:32:07+00:00","description":"Bracelet noeud de sorci\u00e8re et yeux, combine le puissant symbole du noeud de sorci\u00e8re avec des yeux turcs, prot\u00e8ge contre le mauvais \u0153il et attire la chance.","breadcrumb":{"@id":"https:\/\/joyasyasmin.com\/fr\/producto\/bracelet-noeud-de-sorciere-et-yeux\/#breadcrumb"},"inLanguage":"fr-FR","potentialAction":[{"@type":"ReadAction","target":["https:\/\/joyasyasmin.com\/fr\/producto\/bracelet-noeud-de-sorciere-et-yeux\/"]}]},{"@type":"ImageObject","inLanguage":"fr-FR","@id":"https:\/\/joyasyasmin.com\/fr\/producto\/bracelet-noeud-de-sorciere-et-yeux\/#primaryimage","url":"https:\/\/joyasyasmin.com\/wp-content\/uploads\/2025\/01\/pulsera-nudo-de-bruja-mix-color.jpg","contentUrl":"https:\/\/joyasyasmin.com\/wp-content\/uploads\/2025\/01\/pulsera-nudo-de-bruja-mix-color.jpg","width":1000,"height":1000,"caption":"Bracelet noeud de sorci\u00e8re \u00e0 vendre m\u00e9lange de couleur avec des yeux en argent sterling 925"},{"@type":"BreadcrumbList","@id":"https:\/\/joyasyasmin.com\/fr\/producto\/bracelet-noeud-de-sorciere-et-yeux\/#breadcrumb","itemListElement":[{"@type":"ListItem","position":1,"name":"Portada","item":"https:\/\/joyasyasmin.com\/fr\/domicile\/"},{"@type":"ListItem","position":2,"name":"Boutique","item":"https:\/\/joyasyasmin.com\/fr\/boutique\/"},{"@type":"ListItem","position":3,"name":"Bracelet noeud de sorci\u00e8re et yeux"}]},{"@type":"WebSite","@id":"https:\/\/joyasyasmin.com\/fr\/#website","url":"https:\/\/joyasyasmin.com\/fr\/","name":"Yasmin","description":"Joyer\u00eda de Plata 925 - Pendientes, pulseras, anillos, colgantes y m\u00e1s!","publisher":{"@id":"https:\/\/joyasyasmin.com\/fr\/#organization"},"potentialAction":[{"@type":"SearchAction","target":{"@type":"EntryPoint","urlTemplate":"https:\/\/joyasyasmin.com\/fr\/?s={search_term_string}"},"query-input":{"@type":"PropertyValueSpecification","valueRequired":true,"valueName":"search_term_string"}}],"inLanguage":"fr-FR"},{"@type":"Organization","@id":"https:\/\/joyasyasmin.com\/fr\/#organization","name":"joyas yasmin","url":"https:\/\/joyasyasmin.com\/fr\/","logo":{"@type":"ImageObject","inLanguage":"fr-FR","@id":"https:\/\/joyasyasmin.com\/fr\/#\/schema\/logo\/image\/","url":"https:\/\/joyasyasmin.com\/wp-content\/uploads\/2017\/06\/IMG-20200429-WA0051.jpg","contentUrl":"https:\/\/joyasyasmin.com\/wp-content\/uploads\/2017\/06\/IMG-20200429-WA0051.jpg","width":1080,"height":545,"caption":"joyas yasmin"},"image":{"@id":"https:\/\/joyasyasmin.com\/fr\/#\/schema\/logo\/image\/"},"sameAs":["https:\/\/www.facebook.com\/Joyas-Yasmin-217664058934169\/","https:\/\/www.instagram.com\/invites\/contact\/"]}]}},"_links":{"self":[{"href":"https:\/\/joyasyasmin.com\/fr\/wp-json\/wp\/v2\/product\/29384","targetHints":{"allow":["GET"]}}],"collection":[{"href":"https:\/\/joyasyasmin.com\/fr\/wp-json\/wp\/v2\/product"}],"about":[{"href":"https:\/\/joyasyasmin.com\/fr\/wp-json\/wp\/v2\/types\/product"}],"replies":[{"embeddable":true,"href":"https:\/\/joyasyasmin.com\/fr\/wp-json\/wp\/v2\/comments?post=29384"}],"version-history":[{"count":1,"href":"https:\/\/joyasyasmin.com\/fr\/wp-json\/wp\/v2\/product\/29384\/revisions"}],"predecessor-version":[{"id":29395,"href":"https:\/\/joyasyasmin.com\/fr\/wp-json\/wp\/v2\/product\/29384\/revisions\/29395"}],"wp:featuredmedia":[{"embeddable":true,"href":"https:\/\/joyasyasmin.com\/fr\/wp-json\/wp\/v2\/media\/29238"}],"wp:attachment":[{"href":"https:\/\/joyasyasmin.com\/fr\/wp-json\/wp\/v2\/media?parent=29384"}],"wp:term":[{"taxonomy":"product_brand","embeddable":true,"href":"https:\/\/joyasyasmin.com\/fr\/wp-json\/wp\/v2\/product_brand?post=29384"},{"taxonomy":"product_cat","embeddable":true,"href":"https:\/\/joyasyasmin.com\/fr\/wp-json\/wp\/v2\/product_cat?post=29384"},{"taxonomy":"product_tag","embeddable":true,"href":"https:\/\/joyasyasmin.com\/fr\/wp-json\/wp\/v2\/product_tag?post=29384"}],"curies":[{"name":"wp","href":"https:\/\/api.w.org\/{rel}","templated":true}]}}