{"id":29729,"date":"2025-01-17T10:53:26","date_gmt":"2025-01-17T10:53:26","guid":{"rendered":"https:\/\/joyasyasmin.com\/producto\/tour-de-cou-coeur-rouge\/"},"modified":"2025-08-06T07:31:06","modified_gmt":"2025-08-06T07:31:06","slug":"tour-de-cou-coeur-rouge","status":"publish","type":"product","link":"https:\/\/joyasyasmin.com\/fr\/producto\/tour-de-cou-coeur-rouge\/","title":{"rendered":"Tour de cou coeur rouge"},"content":{"rendered":"","protected":false},"excerpt":{"rendered":"<p>Cet \u00e9l\u00e9gant tour de cou est fabriqu\u00e9 en argent 925 et pr\u00e9sente un design minimaliste mais frappant. Le pendentif en forme de c\u0153ur, confectionn\u00e9 en zircone rouge, pend d\u00e9licatement au centre de la cha\u00eene. Le ras de cou a une longueur de 40 cm plus une extension de 3 cm, ce qui lui permet de s\u2019adapter parfaitement \u00e0 n\u2019importe quel cou. Sa brillance et le contraste entre le rouge intense du c\u0153ur et l\u2019argent font de cette pi\u00e8ce un accessoire id\u00e9al pour les occasions sp\u00e9ciales et l\u2019utilisation quotidienne   <\/p>\n","protected":false},"featured_media":29636,"comment_status":"open","ping_status":"closed","template":"","meta":{"_acf_changed":false,"_joinchat":[]},"product_brand":[],"product_cat":[1870],"product_tag":[],"class_list":{"0":"post-29729","1":"product","2":"type-product","3":"status-publish","4":"has-post-thumbnail","6":"product_cat-colliers-fr","8":"first","9":"instock","10":"shipping-taxable","11":"purchasable","12":"product-type-simple"},"acf":[],"yoast_head":"<!-- This site is optimized with the Yoast SEO plugin v27.2 - https:\/\/yoast.com\/product\/yoast-seo-wordpress\/ -->\n<title>Tour de cou coeur rouge - Yasmin<\/title>\n<meta name=\"description\" content=\"Tour de cou en argent 925 avec pendentif c\u0153ur en zircon rouge, r\u00e9glable 40 + 3 cm. \u00c9l\u00e9gant et parfait pour toutes les occasions. Livraison gratuite.\" \/>\n<meta name=\"robots\" content=\"index, follow, max-snippet:-1, max-image-preview:large, max-video-preview:-1\" \/>\n<link rel=\"canonical\" href=\"https:\/\/joyasyasmin.com\/fr\/producto\/tour-de-cou-coeur-rouge\/\" \/>\n<meta property=\"og:locale\" content=\"fr_FR\" \/>\n<meta property=\"og:title\" content=\"Tour de cou coeur rouge - Yasmin\" \/>\n<meta property=\"og:description\" content=\"Tour de cou en argent 925 avec pendentif c\u0153ur en zircon rouge, r\u00e9glable 40 + 3 cm. \u00c9l\u00e9gant et parfait pour toutes les occasions. Livraison gratuite.\" \/>\n<meta property=\"og:url\" content=\"https:\/\/joyasyasmin.com\/fr\/producto\/tour-de-cou-coeur-rouge\/\" \/>\n<meta property=\"og:site_name\" content=\"Yasmin\" \/>\n<meta property=\"article:publisher\" content=\"https:\/\/www.facebook.com\/Joyas-Yasmin-217664058934169\/\" \/>\n<meta property=\"article:modified_time\" content=\"2025-08-06T07:31:06+00:00\" \/>\n<meta property=\"og:image\" content=\"https:\/\/joyasyasmin.com\/wp-content\/uploads\/2025\/01\/gargantilla-corazon-rojo-de-plata.jpg\" \/>\n\t<meta property=\"og:image:width\" content=\"1000\" \/>\n\t<meta property=\"og:image:height\" content=\"1000\" \/>\n\t<meta property=\"og:image:type\" content=\"image\/jpeg\" \/>\n<meta name=\"twitter:card\" content=\"summary_large_image\" \/>\n<script type=\"application\/ld+json\" class=\"yoast-schema-graph\">{\"@context\":\"https:\/\/schema.org\",\"@graph\":[{\"@type\":[\"WebPage\",\"ItemPage\"],\"@id\":\"https:\/\/joyasyasmin.com\/fr\/producto\/tour-de-cou-coeur-rouge\/\",\"url\":\"https:\/\/joyasyasmin.com\/fr\/producto\/tour-de-cou-coeur-rouge\/\",\"name\":\"Tour de cou coeur rouge - Yasmin\",\"isPartOf\":{\"@id\":\"https:\/\/joyasyasmin.com\/fr\/#website\"},\"primaryImageOfPage\":{\"@id\":\"https:\/\/joyasyasmin.com\/fr\/producto\/tour-de-cou-coeur-rouge\/#primaryimage\"},\"image\":{\"@id\":\"https:\/\/joyasyasmin.com\/fr\/producto\/tour-de-cou-coeur-rouge\/#primaryimage\"},\"thumbnailUrl\":\"https:\/\/joyasyasmin.com\/wp-content\/uploads\/2025\/01\/gargantilla-corazon-rojo-de-plata.jpg\",\"datePublished\":\"2025-01-17T10:53:26+00:00\",\"dateModified\":\"2025-08-06T07:31:06+00:00\",\"description\":\"Tour de cou en argent 925 avec pendentif c\u0153ur en zircon rouge, r\u00e9glable 40 + 3 cm. \u00c9l\u00e9gant et parfait pour toutes les occasions. Livraison gratuite.\",\"breadcrumb\":{\"@id\":\"https:\/\/joyasyasmin.com\/fr\/producto\/tour-de-cou-coeur-rouge\/#breadcrumb\"},\"inLanguage\":\"fr-FR\",\"potentialAction\":[{\"@type\":\"ReadAction\",\"target\":[\"https:\/\/joyasyasmin.com\/fr\/producto\/tour-de-cou-coeur-rouge\/\"]}]},{\"@type\":\"ImageObject\",\"inLanguage\":\"fr-FR\",\"@id\":\"https:\/\/joyasyasmin.com\/fr\/producto\/tour-de-cou-coeur-rouge\/#primaryimage\",\"url\":\"https:\/\/joyasyasmin.com\/wp-content\/uploads\/2025\/01\/gargantilla-corazon-rojo-de-plata.jpg\",\"contentUrl\":\"https:\/\/joyasyasmin.com\/wp-content\/uploads\/2025\/01\/gargantilla-corazon-rojo-de-plata.jpg\",\"width\":1000,\"height\":1000,\"caption\":\"925 argent sterling coeur rouge tour de cou \u00e0 vendre\"},{\"@type\":\"BreadcrumbList\",\"@id\":\"https:\/\/joyasyasmin.com\/fr\/producto\/tour-de-cou-coeur-rouge\/#breadcrumb\",\"itemListElement\":[{\"@type\":\"ListItem\",\"position\":1,\"name\":\"Portada\",\"item\":\"https:\/\/joyasyasmin.com\/fr\/domicile\/\"},{\"@type\":\"ListItem\",\"position\":2,\"name\":\"Boutique\",\"item\":\"https:\/\/joyasyasmin.com\/fr\/boutique\/\"},{\"@type\":\"ListItem\",\"position\":3,\"name\":\"Tour de cou coeur rouge\"}]},{\"@type\":\"WebSite\",\"@id\":\"https:\/\/joyasyasmin.com\/fr\/#website\",\"url\":\"https:\/\/joyasyasmin.com\/fr\/\",\"name\":\"Yasmin\",\"description\":\"Joyer\u00eda de Plata 925 - Pendientes, pulseras, anillos, colgantes y m\u00e1s!\",\"publisher\":{\"@id\":\"https:\/\/joyasyasmin.com\/fr\/#organization\"},\"potentialAction\":[{\"@type\":\"SearchAction\",\"target\":{\"@type\":\"EntryPoint\",\"urlTemplate\":\"https:\/\/joyasyasmin.com\/fr\/?s={search_term_string}\"},\"query-input\":{\"@type\":\"PropertyValueSpecification\",\"valueRequired\":true,\"valueName\":\"search_term_string\"}}],\"inLanguage\":\"fr-FR\"},{\"@type\":\"Organization\",\"@id\":\"https:\/\/joyasyasmin.com\/fr\/#organization\",\"name\":\"joyas yasmin\",\"url\":\"https:\/\/joyasyasmin.com\/fr\/\",\"logo\":{\"@type\":\"ImageObject\",\"inLanguage\":\"fr-FR\",\"@id\":\"https:\/\/joyasyasmin.com\/fr\/#\/schema\/logo\/image\/\",\"url\":\"https:\/\/joyasyasmin.com\/wp-content\/uploads\/2017\/06\/IMG-20200429-WA0051.jpg\",\"contentUrl\":\"https:\/\/joyasyasmin.com\/wp-content\/uploads\/2017\/06\/IMG-20200429-WA0051.jpg\",\"width\":1080,\"height\":545,\"caption\":\"joyas yasmin\"},\"image\":{\"@id\":\"https:\/\/joyasyasmin.com\/fr\/#\/schema\/logo\/image\/\"},\"sameAs\":[\"https:\/\/www.facebook.com\/Joyas-Yasmin-217664058934169\/\",\"https:\/\/www.instagram.com\/invites\/contact\/\"]}]}<\/script>\n<!-- \/ Yoast SEO plugin. -->","yoast_head_json":{"title":"Tour de cou coeur rouge - Yasmin","description":"Tour de cou en argent 925 avec pendentif c\u0153ur en zircon rouge, r\u00e9glable 40 + 3 cm. \u00c9l\u00e9gant et parfait pour toutes les occasions. Livraison gratuite.","robots":{"index":"index","follow":"follow","max-snippet":"max-snippet:-1","max-image-preview":"max-image-preview:large","max-video-preview":"max-video-preview:-1"},"canonical":"https:\/\/joyasyasmin.com\/fr\/producto\/tour-de-cou-coeur-rouge\/","og_locale":"fr_FR","og_title":"Tour de cou coeur rouge - Yasmin","og_description":"Tour de cou en argent 925 avec pendentif c\u0153ur en zircon rouge, r\u00e9glable 40 + 3 cm. \u00c9l\u00e9gant et parfait pour toutes les occasions. Livraison gratuite.","og_url":"https:\/\/joyasyasmin.com\/fr\/producto\/tour-de-cou-coeur-rouge\/","og_site_name":"Yasmin","article_publisher":"https:\/\/www.facebook.com\/Joyas-Yasmin-217664058934169\/","article_modified_time":"2025-08-06T07:31:06+00:00","og_image":[{"width":1000,"height":1000,"url":"https:\/\/joyasyasmin.com\/wp-content\/uploads\/2025\/01\/gargantilla-corazon-rojo-de-plata.jpg","type":"image\/jpeg"}],"twitter_card":"summary_large_image","schema":{"@context":"https:\/\/schema.org","@graph":[{"@type":["WebPage","ItemPage"],"@id":"https:\/\/joyasyasmin.com\/fr\/producto\/tour-de-cou-coeur-rouge\/","url":"https:\/\/joyasyasmin.com\/fr\/producto\/tour-de-cou-coeur-rouge\/","name":"Tour de cou coeur rouge - Yasmin","isPartOf":{"@id":"https:\/\/joyasyasmin.com\/fr\/#website"},"primaryImageOfPage":{"@id":"https:\/\/joyasyasmin.com\/fr\/producto\/tour-de-cou-coeur-rouge\/#primaryimage"},"image":{"@id":"https:\/\/joyasyasmin.com\/fr\/producto\/tour-de-cou-coeur-rouge\/#primaryimage"},"thumbnailUrl":"https:\/\/joyasyasmin.com\/wp-content\/uploads\/2025\/01\/gargantilla-corazon-rojo-de-plata.jpg","datePublished":"2025-01-17T10:53:26+00:00","dateModified":"2025-08-06T07:31:06+00:00","description":"Tour de cou en argent 925 avec pendentif c\u0153ur en zircon rouge, r\u00e9glable 40 + 3 cm. \u00c9l\u00e9gant et parfait pour toutes les occasions. Livraison gratuite.","breadcrumb":{"@id":"https:\/\/joyasyasmin.com\/fr\/producto\/tour-de-cou-coeur-rouge\/#breadcrumb"},"inLanguage":"fr-FR","potentialAction":[{"@type":"ReadAction","target":["https:\/\/joyasyasmin.com\/fr\/producto\/tour-de-cou-coeur-rouge\/"]}]},{"@type":"ImageObject","inLanguage":"fr-FR","@id":"https:\/\/joyasyasmin.com\/fr\/producto\/tour-de-cou-coeur-rouge\/#primaryimage","url":"https:\/\/joyasyasmin.com\/wp-content\/uploads\/2025\/01\/gargantilla-corazon-rojo-de-plata.jpg","contentUrl":"https:\/\/joyasyasmin.com\/wp-content\/uploads\/2025\/01\/gargantilla-corazon-rojo-de-plata.jpg","width":1000,"height":1000,"caption":"925 argent sterling coeur rouge tour de cou \u00e0 vendre"},{"@type":"BreadcrumbList","@id":"https:\/\/joyasyasmin.com\/fr\/producto\/tour-de-cou-coeur-rouge\/#breadcrumb","itemListElement":[{"@type":"ListItem","position":1,"name":"Portada","item":"https:\/\/joyasyasmin.com\/fr\/domicile\/"},{"@type":"ListItem","position":2,"name":"Boutique","item":"https:\/\/joyasyasmin.com\/fr\/boutique\/"},{"@type":"ListItem","position":3,"name":"Tour de cou coeur rouge"}]},{"@type":"WebSite","@id":"https:\/\/joyasyasmin.com\/fr\/#website","url":"https:\/\/joyasyasmin.com\/fr\/","name":"Yasmin","description":"Joyer\u00eda de Plata 925 - Pendientes, pulseras, anillos, colgantes y m\u00e1s!","publisher":{"@id":"https:\/\/joyasyasmin.com\/fr\/#organization"},"potentialAction":[{"@type":"SearchAction","target":{"@type":"EntryPoint","urlTemplate":"https:\/\/joyasyasmin.com\/fr\/?s={search_term_string}"},"query-input":{"@type":"PropertyValueSpecification","valueRequired":true,"valueName":"search_term_string"}}],"inLanguage":"fr-FR"},{"@type":"Organization","@id":"https:\/\/joyasyasmin.com\/fr\/#organization","name":"joyas yasmin","url":"https:\/\/joyasyasmin.com\/fr\/","logo":{"@type":"ImageObject","inLanguage":"fr-FR","@id":"https:\/\/joyasyasmin.com\/fr\/#\/schema\/logo\/image\/","url":"https:\/\/joyasyasmin.com\/wp-content\/uploads\/2017\/06\/IMG-20200429-WA0051.jpg","contentUrl":"https:\/\/joyasyasmin.com\/wp-content\/uploads\/2017\/06\/IMG-20200429-WA0051.jpg","width":1080,"height":545,"caption":"joyas yasmin"},"image":{"@id":"https:\/\/joyasyasmin.com\/fr\/#\/schema\/logo\/image\/"},"sameAs":["https:\/\/www.facebook.com\/Joyas-Yasmin-217664058934169\/","https:\/\/www.instagram.com\/invites\/contact\/"]}]}},"_links":{"self":[{"href":"https:\/\/joyasyasmin.com\/fr\/wp-json\/wp\/v2\/product\/29729","targetHints":{"allow":["GET"]}}],"collection":[{"href":"https:\/\/joyasyasmin.com\/fr\/wp-json\/wp\/v2\/product"}],"about":[{"href":"https:\/\/joyasyasmin.com\/fr\/wp-json\/wp\/v2\/types\/product"}],"replies":[{"embeddable":true,"href":"https:\/\/joyasyasmin.com\/fr\/wp-json\/wp\/v2\/comments?post=29729"}],"version-history":[{"count":1,"href":"https:\/\/joyasyasmin.com\/fr\/wp-json\/wp\/v2\/product\/29729\/revisions"}],"predecessor-version":[{"id":34136,"href":"https:\/\/joyasyasmin.com\/fr\/wp-json\/wp\/v2\/product\/29729\/revisions\/34136"}],"wp:featuredmedia":[{"embeddable":true,"href":"https:\/\/joyasyasmin.com\/fr\/wp-json\/wp\/v2\/media\/29636"}],"wp:attachment":[{"href":"https:\/\/joyasyasmin.com\/fr\/wp-json\/wp\/v2\/media?parent=29729"}],"wp:term":[{"taxonomy":"product_brand","embeddable":true,"href":"https:\/\/joyasyasmin.com\/fr\/wp-json\/wp\/v2\/product_brand?post=29729"},{"taxonomy":"product_cat","embeddable":true,"href":"https:\/\/joyasyasmin.com\/fr\/wp-json\/wp\/v2\/product_cat?post=29729"},{"taxonomy":"product_tag","embeddable":true,"href":"https:\/\/joyasyasmin.com\/fr\/wp-json\/wp\/v2\/product_tag?post=29729"}],"curies":[{"name":"wp","href":"https:\/\/api.w.org\/{rel}","templated":true}]}}