{"id":29839,"date":"2025-01-22T15:27:53","date_gmt":"2025-01-22T15:27:53","guid":{"rendered":"https:\/\/joyasyasmin.com\/producto\/bracelet-force-et-harmonie\/"},"modified":"2025-08-06T07:33:02","modified_gmt":"2025-08-06T07:33:02","slug":"bracelet-force-et-harmonie","status":"publish","type":"product","link":"https:\/\/joyasyasmin.com\/fr\/producto\/bracelet-force-et-harmonie\/","title":{"rendered":"Bracelet Force et Harmonie"},"content":{"rendered":"","protected":false},"excerpt":{"rendered":"<p>D\u00e9couvrez notre bracelet exclusif en <strong>argent 925<\/strong>, un bijou qui allie \u00e9l\u00e9gance et signification spirituelle. Cette pi\u00e8ce se distingue par son design unique qui int\u00e8gre un bracelet \u00e0 maillons de <strong>5 mm<\/strong> ainsi qu\u2019une d\u00e9licate cha\u00eene rolo de <strong>4 mm<\/strong>, atteignant une longueur totale de <strong>20 cm<\/strong>, id\u00e9ale \u00e0 porter en toute occasion. <\/p>\n<p>Le bracelet est orn\u00e9 d\u2019un ensemble de m\u00e9dailles pendentifs soigneusement s\u00e9lectionn\u00e9es. Chaque m\u00e9daille est accompagn\u00e9e de pierres naturelles, qui non seulement rehaussent sa beaut\u00e9, mais apportent \u00e9galement une \u00e9nergie positive et de l\u2019harmonie \u00e0 celui qui la porte. <\/p>\n<ul>\n<li><strong>Vierge miraculeuse<\/strong>, symbole de protection et de foi.<\/li>\n<li><strong>Saint Jude Thadd\u00e9e<\/strong>, saint patron des causes difficiles et d\u00e9sesp\u00e9r\u00e9es.<\/li>\n<li><strong>Oeil turc<\/strong>, amulette contre le mauvais oeil.<\/li>\n<li><strong>Le t\u00e9tragramme<\/strong>, un puissant symbole de protection.<\/li>\n<\/ul>\n","protected":false},"featured_media":29739,"comment_status":"open","ping_status":"closed","template":"","meta":{"_acf_changed":false,"_joinchat":[]},"product_brand":[],"product_cat":[1790],"product_tag":[],"class_list":{"0":"post-29839","1":"product","2":"type-product","3":"status-publish","4":"has-post-thumbnail","6":"product_cat-bracelets","8":"first","9":"instock","10":"shipping-taxable","11":"purchasable","12":"product-type-simple"},"acf":[],"yoast_head":"<!-- This site is optimized with the Yoast SEO plugin v27.2 - https:\/\/yoast.com\/product\/yoast-seo-wordpress\/ -->\n<title>Bracelet Force et Harmonie - Yasmin<\/title>\n<meta name=\"description\" content=\"Bracelet Force et Harmonie en argent 925, de 20 cm de long et avec m\u00e9dailles religieuses et pierres naturelles. \u00c9l\u00e9gance et protection dans un design unique. Argent 925\" \/>\n<meta name=\"robots\" content=\"index, follow, max-snippet:-1, max-image-preview:large, max-video-preview:-1\" \/>\n<link rel=\"canonical\" href=\"https:\/\/joyasyasmin.com\/fr\/producto\/bracelet-force-et-harmonie\/\" \/>\n<meta property=\"og:locale\" content=\"fr_FR\" \/>\n<meta property=\"og:title\" content=\"Bracelet Force et Harmonie - Yasmin\" \/>\n<meta property=\"og:description\" content=\"Bracelet Force et Harmonie en argent 925, de 20 cm de long et avec m\u00e9dailles religieuses et pierres naturelles. \u00c9l\u00e9gance et protection dans un design unique. Argent 925\" \/>\n<meta property=\"og:url\" content=\"https:\/\/joyasyasmin.com\/fr\/producto\/bracelet-force-et-harmonie\/\" \/>\n<meta property=\"og:site_name\" content=\"Yasmin\" \/>\n<meta property=\"article:publisher\" content=\"https:\/\/www.facebook.com\/Joyas-Yasmin-217664058934169\/\" \/>\n<meta property=\"article:modified_time\" content=\"2025-08-06T07:33:02+00:00\" \/>\n<meta property=\"og:image\" content=\"https:\/\/joyasyasmin.com\/wp-content\/uploads\/2025\/01\/pulsera-fuerza-y-armonia-.jpg\" \/>\n\t<meta property=\"og:image:width\" content=\"1000\" \/>\n\t<meta property=\"og:image:height\" content=\"1000\" \/>\n\t<meta property=\"og:image:type\" content=\"image\/jpeg\" \/>\n<meta name=\"twitter:card\" content=\"summary_large_image\" \/>\n<script type=\"application\/ld+json\" class=\"yoast-schema-graph\">{\"@context\":\"https:\/\/schema.org\",\"@graph\":[{\"@type\":[\"WebPage\",\"ItemPage\"],\"@id\":\"https:\/\/joyasyasmin.com\/fr\/producto\/bracelet-force-et-harmonie\/\",\"url\":\"https:\/\/joyasyasmin.com\/fr\/producto\/bracelet-force-et-harmonie\/\",\"name\":\"Bracelet Force et Harmonie - Yasmin\",\"isPartOf\":{\"@id\":\"https:\/\/joyasyasmin.com\/fr\/#website\"},\"primaryImageOfPage\":{\"@id\":\"https:\/\/joyasyasmin.com\/fr\/producto\/bracelet-force-et-harmonie\/#primaryimage\"},\"image\":{\"@id\":\"https:\/\/joyasyasmin.com\/fr\/producto\/bracelet-force-et-harmonie\/#primaryimage\"},\"thumbnailUrl\":\"https:\/\/joyasyasmin.com\/wp-content\/uploads\/2025\/01\/pulsera-fuerza-y-armonia-.jpg\",\"datePublished\":\"2025-01-22T15:27:53+00:00\",\"dateModified\":\"2025-08-06T07:33:02+00:00\",\"description\":\"Bracelet Force et Harmonie en argent 925, de 20 cm de long et avec m\u00e9dailles religieuses et pierres naturelles. \u00c9l\u00e9gance et protection dans un design unique. Argent 925\",\"breadcrumb\":{\"@id\":\"https:\/\/joyasyasmin.com\/fr\/producto\/bracelet-force-et-harmonie\/#breadcrumb\"},\"inLanguage\":\"fr-FR\",\"potentialAction\":[{\"@type\":\"ReadAction\",\"target\":[\"https:\/\/joyasyasmin.com\/fr\/producto\/bracelet-force-et-harmonie\/\"]}]},{\"@type\":\"ImageObject\",\"inLanguage\":\"fr-FR\",\"@id\":\"https:\/\/joyasyasmin.com\/fr\/producto\/bracelet-force-et-harmonie\/#primaryimage\",\"url\":\"https:\/\/joyasyasmin.com\/wp-content\/uploads\/2025\/01\/pulsera-fuerza-y-armonia-.jpg\",\"contentUrl\":\"https:\/\/joyasyasmin.com\/wp-content\/uploads\/2025\/01\/pulsera-fuerza-y-armonia-.jpg\",\"width\":1000,\"height\":1000,\"caption\":\"Bracelet en argent 925 \u00e0 vendre Force et harmonie\"},{\"@type\":\"BreadcrumbList\",\"@id\":\"https:\/\/joyasyasmin.com\/fr\/producto\/bracelet-force-et-harmonie\/#breadcrumb\",\"itemListElement\":[{\"@type\":\"ListItem\",\"position\":1,\"name\":\"Portada\",\"item\":\"https:\/\/joyasyasmin.com\/fr\/domicile\/\"},{\"@type\":\"ListItem\",\"position\":2,\"name\":\"Boutique\",\"item\":\"https:\/\/joyasyasmin.com\/fr\/boutique\/\"},{\"@type\":\"ListItem\",\"position\":3,\"name\":\"Bracelet Force et Harmonie\"}]},{\"@type\":\"WebSite\",\"@id\":\"https:\/\/joyasyasmin.com\/fr\/#website\",\"url\":\"https:\/\/joyasyasmin.com\/fr\/\",\"name\":\"Yasmin\",\"description\":\"Joyer\u00eda de Plata 925 - Pendientes, pulseras, anillos, colgantes y m\u00e1s!\",\"publisher\":{\"@id\":\"https:\/\/joyasyasmin.com\/fr\/#organization\"},\"potentialAction\":[{\"@type\":\"SearchAction\",\"target\":{\"@type\":\"EntryPoint\",\"urlTemplate\":\"https:\/\/joyasyasmin.com\/fr\/?s={search_term_string}\"},\"query-input\":{\"@type\":\"PropertyValueSpecification\",\"valueRequired\":true,\"valueName\":\"search_term_string\"}}],\"inLanguage\":\"fr-FR\"},{\"@type\":\"Organization\",\"@id\":\"https:\/\/joyasyasmin.com\/fr\/#organization\",\"name\":\"joyas yasmin\",\"url\":\"https:\/\/joyasyasmin.com\/fr\/\",\"logo\":{\"@type\":\"ImageObject\",\"inLanguage\":\"fr-FR\",\"@id\":\"https:\/\/joyasyasmin.com\/fr\/#\/schema\/logo\/image\/\",\"url\":\"https:\/\/joyasyasmin.com\/wp-content\/uploads\/2017\/06\/IMG-20200429-WA0051.jpg\",\"contentUrl\":\"https:\/\/joyasyasmin.com\/wp-content\/uploads\/2017\/06\/IMG-20200429-WA0051.jpg\",\"width\":1080,\"height\":545,\"caption\":\"joyas yasmin\"},\"image\":{\"@id\":\"https:\/\/joyasyasmin.com\/fr\/#\/schema\/logo\/image\/\"},\"sameAs\":[\"https:\/\/www.facebook.com\/Joyas-Yasmin-217664058934169\/\",\"https:\/\/www.instagram.com\/invites\/contact\/\"]}]}<\/script>\n<!-- \/ Yoast SEO plugin. -->","yoast_head_json":{"title":"Bracelet Force et Harmonie - Yasmin","description":"Bracelet Force et Harmonie en argent 925, de 20 cm de long et avec m\u00e9dailles religieuses et pierres naturelles. \u00c9l\u00e9gance et protection dans un design unique. Argent 925","robots":{"index":"index","follow":"follow","max-snippet":"max-snippet:-1","max-image-preview":"max-image-preview:large","max-video-preview":"max-video-preview:-1"},"canonical":"https:\/\/joyasyasmin.com\/fr\/producto\/bracelet-force-et-harmonie\/","og_locale":"fr_FR","og_title":"Bracelet Force et Harmonie - Yasmin","og_description":"Bracelet Force et Harmonie en argent 925, de 20 cm de long et avec m\u00e9dailles religieuses et pierres naturelles. \u00c9l\u00e9gance et protection dans un design unique. Argent 925","og_url":"https:\/\/joyasyasmin.com\/fr\/producto\/bracelet-force-et-harmonie\/","og_site_name":"Yasmin","article_publisher":"https:\/\/www.facebook.com\/Joyas-Yasmin-217664058934169\/","article_modified_time":"2025-08-06T07:33:02+00:00","og_image":[{"width":1000,"height":1000,"url":"https:\/\/joyasyasmin.com\/wp-content\/uploads\/2025\/01\/pulsera-fuerza-y-armonia-.jpg","type":"image\/jpeg"}],"twitter_card":"summary_large_image","schema":{"@context":"https:\/\/schema.org","@graph":[{"@type":["WebPage","ItemPage"],"@id":"https:\/\/joyasyasmin.com\/fr\/producto\/bracelet-force-et-harmonie\/","url":"https:\/\/joyasyasmin.com\/fr\/producto\/bracelet-force-et-harmonie\/","name":"Bracelet Force et Harmonie - Yasmin","isPartOf":{"@id":"https:\/\/joyasyasmin.com\/fr\/#website"},"primaryImageOfPage":{"@id":"https:\/\/joyasyasmin.com\/fr\/producto\/bracelet-force-et-harmonie\/#primaryimage"},"image":{"@id":"https:\/\/joyasyasmin.com\/fr\/producto\/bracelet-force-et-harmonie\/#primaryimage"},"thumbnailUrl":"https:\/\/joyasyasmin.com\/wp-content\/uploads\/2025\/01\/pulsera-fuerza-y-armonia-.jpg","datePublished":"2025-01-22T15:27:53+00:00","dateModified":"2025-08-06T07:33:02+00:00","description":"Bracelet Force et Harmonie en argent 925, de 20 cm de long et avec m\u00e9dailles religieuses et pierres naturelles. \u00c9l\u00e9gance et protection dans un design unique. Argent 925","breadcrumb":{"@id":"https:\/\/joyasyasmin.com\/fr\/producto\/bracelet-force-et-harmonie\/#breadcrumb"},"inLanguage":"fr-FR","potentialAction":[{"@type":"ReadAction","target":["https:\/\/joyasyasmin.com\/fr\/producto\/bracelet-force-et-harmonie\/"]}]},{"@type":"ImageObject","inLanguage":"fr-FR","@id":"https:\/\/joyasyasmin.com\/fr\/producto\/bracelet-force-et-harmonie\/#primaryimage","url":"https:\/\/joyasyasmin.com\/wp-content\/uploads\/2025\/01\/pulsera-fuerza-y-armonia-.jpg","contentUrl":"https:\/\/joyasyasmin.com\/wp-content\/uploads\/2025\/01\/pulsera-fuerza-y-armonia-.jpg","width":1000,"height":1000,"caption":"Bracelet en argent 925 \u00e0 vendre Force et harmonie"},{"@type":"BreadcrumbList","@id":"https:\/\/joyasyasmin.com\/fr\/producto\/bracelet-force-et-harmonie\/#breadcrumb","itemListElement":[{"@type":"ListItem","position":1,"name":"Portada","item":"https:\/\/joyasyasmin.com\/fr\/domicile\/"},{"@type":"ListItem","position":2,"name":"Boutique","item":"https:\/\/joyasyasmin.com\/fr\/boutique\/"},{"@type":"ListItem","position":3,"name":"Bracelet Force et Harmonie"}]},{"@type":"WebSite","@id":"https:\/\/joyasyasmin.com\/fr\/#website","url":"https:\/\/joyasyasmin.com\/fr\/","name":"Yasmin","description":"Joyer\u00eda de Plata 925 - Pendientes, pulseras, anillos, colgantes y m\u00e1s!","publisher":{"@id":"https:\/\/joyasyasmin.com\/fr\/#organization"},"potentialAction":[{"@type":"SearchAction","target":{"@type":"EntryPoint","urlTemplate":"https:\/\/joyasyasmin.com\/fr\/?s={search_term_string}"},"query-input":{"@type":"PropertyValueSpecification","valueRequired":true,"valueName":"search_term_string"}}],"inLanguage":"fr-FR"},{"@type":"Organization","@id":"https:\/\/joyasyasmin.com\/fr\/#organization","name":"joyas yasmin","url":"https:\/\/joyasyasmin.com\/fr\/","logo":{"@type":"ImageObject","inLanguage":"fr-FR","@id":"https:\/\/joyasyasmin.com\/fr\/#\/schema\/logo\/image\/","url":"https:\/\/joyasyasmin.com\/wp-content\/uploads\/2017\/06\/IMG-20200429-WA0051.jpg","contentUrl":"https:\/\/joyasyasmin.com\/wp-content\/uploads\/2017\/06\/IMG-20200429-WA0051.jpg","width":1080,"height":545,"caption":"joyas yasmin"},"image":{"@id":"https:\/\/joyasyasmin.com\/fr\/#\/schema\/logo\/image\/"},"sameAs":["https:\/\/www.facebook.com\/Joyas-Yasmin-217664058934169\/","https:\/\/www.instagram.com\/invites\/contact\/"]}]}},"_links":{"self":[{"href":"https:\/\/joyasyasmin.com\/fr\/wp-json\/wp\/v2\/product\/29839","targetHints":{"allow":["GET"]}}],"collection":[{"href":"https:\/\/joyasyasmin.com\/fr\/wp-json\/wp\/v2\/product"}],"about":[{"href":"https:\/\/joyasyasmin.com\/fr\/wp-json\/wp\/v2\/types\/product"}],"replies":[{"embeddable":true,"href":"https:\/\/joyasyasmin.com\/fr\/wp-json\/wp\/v2\/comments?post=29839"}],"version-history":[{"count":1,"href":"https:\/\/joyasyasmin.com\/fr\/wp-json\/wp\/v2\/product\/29839\/revisions"}],"predecessor-version":[{"id":34204,"href":"https:\/\/joyasyasmin.com\/fr\/wp-json\/wp\/v2\/product\/29839\/revisions\/34204"}],"wp:featuredmedia":[{"embeddable":true,"href":"https:\/\/joyasyasmin.com\/fr\/wp-json\/wp\/v2\/media\/29739"}],"wp:attachment":[{"href":"https:\/\/joyasyasmin.com\/fr\/wp-json\/wp\/v2\/media?parent=29839"}],"wp:term":[{"taxonomy":"product_brand","embeddable":true,"href":"https:\/\/joyasyasmin.com\/fr\/wp-json\/wp\/v2\/product_brand?post=29839"},{"taxonomy":"product_cat","embeddable":true,"href":"https:\/\/joyasyasmin.com\/fr\/wp-json\/wp\/v2\/product_cat?post=29839"},{"taxonomy":"product_tag","embeddable":true,"href":"https:\/\/joyasyasmin.com\/fr\/wp-json\/wp\/v2\/product_tag?post=29839"}],"curies":[{"name":"wp","href":"https:\/\/api.w.org\/{rel}","templated":true}]}}