{"id":30637,"date":"2025-01-30T21:47:16","date_gmt":"2025-01-30T21:47:16","guid":{"rendered":"https:\/\/joyasyasmin.com\/producto\/pendentif-vierge-de-guadalupe\/"},"modified":"2026-02-04T09:27:11","modified_gmt":"2026-02-04T09:27:11","slug":"pendentif-vierge-de-guadalupe","status":"publish","type":"product","link":"https:\/\/joyasyasmin.com\/fr\/producto\/pendentif-vierge-de-guadalupe\/","title":{"rendered":"Pendentif Vierge de Guadalupe"},"content":{"rendered":"","protected":false},"excerpt":{"rendered":"<div class=\"flex-shrink-0 flex flex-col relative items-end\">\n<div>\n<div class=\"pt-0\">\n<div class=\"gizmo-bot-avatar flex h-8 w-8 items-center justify-center overflow-hidden rounded-full\">\n<div class=\"relative p-1 rounded-sm flex items-center justify-center bg-token-main-surface-primary text-token-text-primary h-8 w-8\">Ce magnifique <strong>pendentif de la Vierge de Guadalupe<\/strong>, en <strong>argent sterling<\/strong>, est un morceau de foi et de d\u00e9votion. D\u2019une taille de <strong>2 cm<\/strong>, il est livr\u00e9 avec une \u00e9l\u00e9gante <strong>cha\u00eene de 45 cm<\/strong>, parfaite pour \u00eatre port\u00e9e pr\u00e8s du c\u0153ur. <\/div>\n<\/div>\n<\/div>\n<\/div>\n<\/div>\n<div class=\"group\/conversation-turn relative flex w-full min-w-0 flex-col agent-turn\">\n<div class=\"flex-col gap-1 md:gap-3\">\n<div class=\"flex max-w-full flex-col flex-grow\">\n<div class=\"min-h-8 text-message flex w-full flex-col items-end gap-2 whitespace-normal break-words text-start [.text-message+&amp;]:mt-5\" dir=\"auto\" data-message-author-role=\"assistant\" data-message-id=\"b49163b3-4244-47b2-8b42-40b409229a34\" data-message-model-slug=\"gpt-4o\">\n<div class=\"flex w-full flex-col gap-1 empty:hidden first:pt-[3px]\">\n<div class=\"markdown prose w-full break-words dark:prose-invert light\">\n<p>La Vierge de Guadalupe est un symbole d\u2019amour, d\u2019esp\u00e9rance et de protection pour des millions de croyants. De nombreux miracles lui sont attribu\u00e9s et elle est consid\u00e9r\u00e9e comme la m\u00e8re spirituelle du Mexique et de tous ceux qui recherchent ses conseils et sa protection. Porter son image est un signe de foi et de d\u00e9votion, ainsi qu\u2019un rappel de sa pr\u00e9sence et de sa b\u00e9n\u00e9diction dans la vie quotidienne.  <\/p>\n<p>&nbsp;<\/p>\n<\/div>\n<\/div>\n<\/div>\n<\/div>\n<\/div>\n<\/div>\n","protected":false},"featured_media":29965,"comment_status":"open","ping_status":"closed","template":"","meta":{"_acf_changed":false,"_joinchat":[]},"product_brand":[],"product_cat":[1875],"product_tag":[],"class_list":{"0":"post-30637","1":"product","2":"type-product","3":"status-publish","4":"has-post-thumbnail","6":"product_cat-pendentifs","8":"first","9":"instock","10":"shipping-taxable","11":"purchasable","12":"product-type-variable"},"acf":[],"yoast_head":"<!-- This site is optimized with the Yoast SEO plugin v27.2 - https:\/\/yoast.com\/product\/yoast-seo-wordpress\/ -->\n<title>Pendentif Vierge de Guadalupe - Yasmin<\/title>\n<meta name=\"description\" content=\"Pendentif Vierge de Guadalupe en argent sterling (2 cm) avec cha\u00eene de 45 cm. Symbole de foi et de protection, id\u00e9al comme cadeau sp\u00e9cial ou usage personnel.\" \/>\n<meta name=\"robots\" content=\"index, follow, max-snippet:-1, max-image-preview:large, max-video-preview:-1\" \/>\n<link rel=\"canonical\" href=\"https:\/\/joyasyasmin.com\/fr\/producto\/pendentif-vierge-de-guadalupe\/\" \/>\n<meta property=\"og:locale\" content=\"fr_FR\" \/>\n<meta property=\"og:title\" content=\"Pendentif Vierge de Guadalupe - Yasmin\" \/>\n<meta property=\"og:description\" content=\"Pendentif Vierge de Guadalupe en argent sterling (2 cm) avec cha\u00eene de 45 cm. Symbole de foi et de protection, id\u00e9al comme cadeau sp\u00e9cial ou usage personnel.\" \/>\n<meta property=\"og:url\" content=\"https:\/\/joyasyasmin.com\/fr\/producto\/pendentif-vierge-de-guadalupe\/\" \/>\n<meta property=\"og:site_name\" content=\"Yasmin\" \/>\n<meta property=\"article:publisher\" content=\"https:\/\/www.facebook.com\/Joyas-Yasmin-217664058934169\/\" \/>\n<meta property=\"article:modified_time\" content=\"2026-02-04T09:27:11+00:00\" \/>\n<meta property=\"og:image\" content=\"https:\/\/joyasyasmin.com\/wp-content\/uploads\/2025\/01\/colgante-virgen-guadalupe.jpg\" \/>\n\t<meta property=\"og:image:width\" content=\"1000\" \/>\n\t<meta property=\"og:image:height\" content=\"1000\" \/>\n\t<meta property=\"og:image:type\" content=\"image\/jpeg\" \/>\n<meta name=\"twitter:card\" content=\"summary_large_image\" \/>\n<script type=\"application\/ld+json\" class=\"yoast-schema-graph\">{\"@context\":\"https:\/\/schema.org\",\"@graph\":[{\"@type\":[\"WebPage\",\"ItemPage\"],\"@id\":\"https:\/\/joyasyasmin.com\/fr\/producto\/pendentif-vierge-de-guadalupe\/\",\"url\":\"https:\/\/joyasyasmin.com\/fr\/producto\/pendentif-vierge-de-guadalupe\/\",\"name\":\"Pendentif Vierge de Guadalupe - Yasmin\",\"isPartOf\":{\"@id\":\"https:\/\/joyasyasmin.com\/fr\/#website\"},\"primaryImageOfPage\":{\"@id\":\"https:\/\/joyasyasmin.com\/fr\/producto\/pendentif-vierge-de-guadalupe\/#primaryimage\"},\"image\":{\"@id\":\"https:\/\/joyasyasmin.com\/fr\/producto\/pendentif-vierge-de-guadalupe\/#primaryimage\"},\"thumbnailUrl\":\"https:\/\/joyasyasmin.com\/wp-content\/uploads\/2025\/01\/colgante-virgen-guadalupe.jpg\",\"datePublished\":\"2025-01-30T21:47:16+00:00\",\"dateModified\":\"2026-02-04T09:27:11+00:00\",\"description\":\"Pendentif Vierge de Guadalupe en argent sterling (2 cm) avec cha\u00eene de 45 cm. Symbole de foi et de protection, id\u00e9al comme cadeau sp\u00e9cial ou usage personnel.\",\"breadcrumb\":{\"@id\":\"https:\/\/joyasyasmin.com\/fr\/producto\/pendentif-vierge-de-guadalupe\/#breadcrumb\"},\"inLanguage\":\"fr-FR\",\"potentialAction\":[{\"@type\":\"ReadAction\",\"target\":[\"https:\/\/joyasyasmin.com\/fr\/producto\/pendentif-vierge-de-guadalupe\/\"]}]},{\"@type\":\"ImageObject\",\"inLanguage\":\"fr-FR\",\"@id\":\"https:\/\/joyasyasmin.com\/fr\/producto\/pendentif-vierge-de-guadalupe\/#primaryimage\",\"url\":\"https:\/\/joyasyasmin.com\/wp-content\/uploads\/2025\/01\/colgante-virgen-guadalupe.jpg\",\"contentUrl\":\"https:\/\/joyasyasmin.com\/wp-content\/uploads\/2025\/01\/colgante-virgen-guadalupe.jpg\",\"width\":1000,\"height\":1000,\"caption\":\"Vente de la m\u00e9daille de la Vierge de Guadalupe en argent sterling 925\"},{\"@type\":\"BreadcrumbList\",\"@id\":\"https:\/\/joyasyasmin.com\/fr\/producto\/pendentif-vierge-de-guadalupe\/#breadcrumb\",\"itemListElement\":[{\"@type\":\"ListItem\",\"position\":1,\"name\":\"Portada\",\"item\":\"https:\/\/joyasyasmin.com\/fr\/domicile\/\"},{\"@type\":\"ListItem\",\"position\":2,\"name\":\"Boutique\",\"item\":\"https:\/\/joyasyasmin.com\/fr\/boutique\/\"},{\"@type\":\"ListItem\",\"position\":3,\"name\":\"Pendentif Vierge de Guadalupe\"}]},{\"@type\":\"WebSite\",\"@id\":\"https:\/\/joyasyasmin.com\/fr\/#website\",\"url\":\"https:\/\/joyasyasmin.com\/fr\/\",\"name\":\"Yasmin\",\"description\":\"Joyer\u00eda de Plata 925 - Pendientes, pulseras, anillos, colgantes y m\u00e1s!\",\"publisher\":{\"@id\":\"https:\/\/joyasyasmin.com\/fr\/#organization\"},\"potentialAction\":[{\"@type\":\"SearchAction\",\"target\":{\"@type\":\"EntryPoint\",\"urlTemplate\":\"https:\/\/joyasyasmin.com\/fr\/?s={search_term_string}\"},\"query-input\":{\"@type\":\"PropertyValueSpecification\",\"valueRequired\":true,\"valueName\":\"search_term_string\"}}],\"inLanguage\":\"fr-FR\"},{\"@type\":\"Organization\",\"@id\":\"https:\/\/joyasyasmin.com\/fr\/#organization\",\"name\":\"joyas yasmin\",\"url\":\"https:\/\/joyasyasmin.com\/fr\/\",\"logo\":{\"@type\":\"ImageObject\",\"inLanguage\":\"fr-FR\",\"@id\":\"https:\/\/joyasyasmin.com\/fr\/#\/schema\/logo\/image\/\",\"url\":\"https:\/\/joyasyasmin.com\/wp-content\/uploads\/2017\/06\/IMG-20200429-WA0051.jpg\",\"contentUrl\":\"https:\/\/joyasyasmin.com\/wp-content\/uploads\/2017\/06\/IMG-20200429-WA0051.jpg\",\"width\":1080,\"height\":545,\"caption\":\"joyas yasmin\"},\"image\":{\"@id\":\"https:\/\/joyasyasmin.com\/fr\/#\/schema\/logo\/image\/\"},\"sameAs\":[\"https:\/\/www.facebook.com\/Joyas-Yasmin-217664058934169\/\",\"https:\/\/www.instagram.com\/invites\/contact\/\"]}]}<\/script>\n<!-- \/ Yoast SEO plugin. -->","yoast_head_json":{"title":"Pendentif Vierge de Guadalupe - Yasmin","description":"Pendentif Vierge de Guadalupe en argent sterling (2 cm) avec cha\u00eene de 45 cm. Symbole de foi et de protection, id\u00e9al comme cadeau sp\u00e9cial ou usage personnel.","robots":{"index":"index","follow":"follow","max-snippet":"max-snippet:-1","max-image-preview":"max-image-preview:large","max-video-preview":"max-video-preview:-1"},"canonical":"https:\/\/joyasyasmin.com\/fr\/producto\/pendentif-vierge-de-guadalupe\/","og_locale":"fr_FR","og_title":"Pendentif Vierge de Guadalupe - Yasmin","og_description":"Pendentif Vierge de Guadalupe en argent sterling (2 cm) avec cha\u00eene de 45 cm. Symbole de foi et de protection, id\u00e9al comme cadeau sp\u00e9cial ou usage personnel.","og_url":"https:\/\/joyasyasmin.com\/fr\/producto\/pendentif-vierge-de-guadalupe\/","og_site_name":"Yasmin","article_publisher":"https:\/\/www.facebook.com\/Joyas-Yasmin-217664058934169\/","article_modified_time":"2026-02-04T09:27:11+00:00","og_image":[{"width":1000,"height":1000,"url":"https:\/\/joyasyasmin.com\/wp-content\/uploads\/2025\/01\/colgante-virgen-guadalupe.jpg","type":"image\/jpeg"}],"twitter_card":"summary_large_image","schema":{"@context":"https:\/\/schema.org","@graph":[{"@type":["WebPage","ItemPage"],"@id":"https:\/\/joyasyasmin.com\/fr\/producto\/pendentif-vierge-de-guadalupe\/","url":"https:\/\/joyasyasmin.com\/fr\/producto\/pendentif-vierge-de-guadalupe\/","name":"Pendentif Vierge de Guadalupe - Yasmin","isPartOf":{"@id":"https:\/\/joyasyasmin.com\/fr\/#website"},"primaryImageOfPage":{"@id":"https:\/\/joyasyasmin.com\/fr\/producto\/pendentif-vierge-de-guadalupe\/#primaryimage"},"image":{"@id":"https:\/\/joyasyasmin.com\/fr\/producto\/pendentif-vierge-de-guadalupe\/#primaryimage"},"thumbnailUrl":"https:\/\/joyasyasmin.com\/wp-content\/uploads\/2025\/01\/colgante-virgen-guadalupe.jpg","datePublished":"2025-01-30T21:47:16+00:00","dateModified":"2026-02-04T09:27:11+00:00","description":"Pendentif Vierge de Guadalupe en argent sterling (2 cm) avec cha\u00eene de 45 cm. Symbole de foi et de protection, id\u00e9al comme cadeau sp\u00e9cial ou usage personnel.","breadcrumb":{"@id":"https:\/\/joyasyasmin.com\/fr\/producto\/pendentif-vierge-de-guadalupe\/#breadcrumb"},"inLanguage":"fr-FR","potentialAction":[{"@type":"ReadAction","target":["https:\/\/joyasyasmin.com\/fr\/producto\/pendentif-vierge-de-guadalupe\/"]}]},{"@type":"ImageObject","inLanguage":"fr-FR","@id":"https:\/\/joyasyasmin.com\/fr\/producto\/pendentif-vierge-de-guadalupe\/#primaryimage","url":"https:\/\/joyasyasmin.com\/wp-content\/uploads\/2025\/01\/colgante-virgen-guadalupe.jpg","contentUrl":"https:\/\/joyasyasmin.com\/wp-content\/uploads\/2025\/01\/colgante-virgen-guadalupe.jpg","width":1000,"height":1000,"caption":"Vente de la m\u00e9daille de la Vierge de Guadalupe en argent sterling 925"},{"@type":"BreadcrumbList","@id":"https:\/\/joyasyasmin.com\/fr\/producto\/pendentif-vierge-de-guadalupe\/#breadcrumb","itemListElement":[{"@type":"ListItem","position":1,"name":"Portada","item":"https:\/\/joyasyasmin.com\/fr\/domicile\/"},{"@type":"ListItem","position":2,"name":"Boutique","item":"https:\/\/joyasyasmin.com\/fr\/boutique\/"},{"@type":"ListItem","position":3,"name":"Pendentif Vierge de Guadalupe"}]},{"@type":"WebSite","@id":"https:\/\/joyasyasmin.com\/fr\/#website","url":"https:\/\/joyasyasmin.com\/fr\/","name":"Yasmin","description":"Joyer\u00eda de Plata 925 - Pendientes, pulseras, anillos, colgantes y m\u00e1s!","publisher":{"@id":"https:\/\/joyasyasmin.com\/fr\/#organization"},"potentialAction":[{"@type":"SearchAction","target":{"@type":"EntryPoint","urlTemplate":"https:\/\/joyasyasmin.com\/fr\/?s={search_term_string}"},"query-input":{"@type":"PropertyValueSpecification","valueRequired":true,"valueName":"search_term_string"}}],"inLanguage":"fr-FR"},{"@type":"Organization","@id":"https:\/\/joyasyasmin.com\/fr\/#organization","name":"joyas yasmin","url":"https:\/\/joyasyasmin.com\/fr\/","logo":{"@type":"ImageObject","inLanguage":"fr-FR","@id":"https:\/\/joyasyasmin.com\/fr\/#\/schema\/logo\/image\/","url":"https:\/\/joyasyasmin.com\/wp-content\/uploads\/2017\/06\/IMG-20200429-WA0051.jpg","contentUrl":"https:\/\/joyasyasmin.com\/wp-content\/uploads\/2017\/06\/IMG-20200429-WA0051.jpg","width":1080,"height":545,"caption":"joyas yasmin"},"image":{"@id":"https:\/\/joyasyasmin.com\/fr\/#\/schema\/logo\/image\/"},"sameAs":["https:\/\/www.facebook.com\/Joyas-Yasmin-217664058934169\/","https:\/\/www.instagram.com\/invites\/contact\/"]}]}},"_links":{"self":[{"href":"https:\/\/joyasyasmin.com\/fr\/wp-json\/wp\/v2\/product\/30637","targetHints":{"allow":["GET"]}}],"collection":[{"href":"https:\/\/joyasyasmin.com\/fr\/wp-json\/wp\/v2\/product"}],"about":[{"href":"https:\/\/joyasyasmin.com\/fr\/wp-json\/wp\/v2\/types\/product"}],"replies":[{"embeddable":true,"href":"https:\/\/joyasyasmin.com\/fr\/wp-json\/wp\/v2\/comments?post=30637"}],"version-history":[{"count":1,"href":"https:\/\/joyasyasmin.com\/fr\/wp-json\/wp\/v2\/product\/30637\/revisions"}],"predecessor-version":[{"id":37931,"href":"https:\/\/joyasyasmin.com\/fr\/wp-json\/wp\/v2\/product\/30637\/revisions\/37931"}],"wp:featuredmedia":[{"embeddable":true,"href":"https:\/\/joyasyasmin.com\/fr\/wp-json\/wp\/v2\/media\/29965"}],"wp:attachment":[{"href":"https:\/\/joyasyasmin.com\/fr\/wp-json\/wp\/v2\/media?parent=30637"}],"wp:term":[{"taxonomy":"product_brand","embeddable":true,"href":"https:\/\/joyasyasmin.com\/fr\/wp-json\/wp\/v2\/product_brand?post=30637"},{"taxonomy":"product_cat","embeddable":true,"href":"https:\/\/joyasyasmin.com\/fr\/wp-json\/wp\/v2\/product_cat?post=30637"},{"taxonomy":"product_tag","embeddable":true,"href":"https:\/\/joyasyasmin.com\/fr\/wp-json\/wp\/v2\/product_tag?post=30637"}],"curies":[{"name":"wp","href":"https:\/\/api.w.org\/{rel}","templated":true}]}}