{"id":30640,"date":"2025-02-04T20:38:56","date_gmt":"2025-02-04T20:38:56","guid":{"rendered":"https:\/\/joyasyasmin.com\/producto\/bracelet-cle-saint-benoit-et-saint-jude-thaddee\/"},"modified":"2026-01-29T23:16:10","modified_gmt":"2026-01-29T23:16:10","slug":"bracelet-cle-saint-benoit-et-saint-jude-thaddee","status":"publish","type":"product","link":"https:\/\/joyasyasmin.com\/fr\/producto\/bracelet-cle-saint-benoit-et-saint-jude-thaddee\/","title":{"rendered":"Bracelet cl\u00e9 Saint-Beno\u00eet et Saint-Jude Thadd\u00e9e"},"content":{"rendered":"","protected":false},"excerpt":{"rendered":"<p>Cet \u00e9l\u00e9gant bracelet est fabriqu\u00e9 en argent 925, avec un design significatif et protecteur. Il est dot\u00e9 d\u2019une fine cha\u00eene rolo de <strong>1 mm de large<\/strong>, d\u2019une longueur r\u00e9glable de <strong>17 + 3 cm<\/strong>, ce qui lui permet de s\u2019adapter confortablement au poignet. <\/p>\n<ul>\n<li><strong>Saint Beno\u00eet<\/strong>, connu pour sa puissante m\u00e9daille qui symbolise la protection contre le mal et les \u00e9nergies n\u00e9gatives. Son image est une amulette contre les dangers spirituels et physiques. <\/li>\n<li><strong>Saint Jude Thadd\u00e9e<\/strong>, le saint des causes difficiles et d\u00e9sesp\u00e9r\u00e9es, repr\u00e9sentant la foi, l\u2019esp\u00e9rance et l\u2019aide en cas de besoin.<\/li>\n<\/ul>\n<p>Ce bracelet n\u2019est pas seulement un bel accessoire, mais aussi un symbole de foi, de protection et de b\u00e9n\u00e9diction pour celui qui le porte. Id\u00e9al pour cadeau ou usage personnel. <\/p>\n","protected":false},"featured_media":30025,"comment_status":"open","ping_status":"closed","template":"","meta":{"_acf_changed":false,"_joinchat":[]},"product_brand":[],"product_cat":[1790],"product_tag":[],"class_list":{"0":"post-30640","1":"product","2":"type-product","3":"status-publish","4":"has-post-thumbnail","6":"product_cat-bracelets","8":"first","9":"instock","10":"shipping-taxable","11":"purchasable","12":"product-type-simple"},"acf":[],"yoast_head":"<!-- This site is optimized with the Yoast SEO plugin v27.2 - https:\/\/yoast.com\/product\/yoast-seo-wordpress\/ -->\n<title>Bracelet cl\u00e9 Saint-Beno\u00eet et Saint-Jude Thadd\u00e9e - Yasmin<\/title>\n<meta name=\"description\" content=\"Bracelet porte-cl\u00e9s Saint Beno\u00eet et Saint Jude Thadd\u00e9e, 17+3 cm, argent 925. Cha\u00eene rolo de 1 mm. Une amulette de protection, de foi et d\u2019espoir. Emportez-le toujours avec vous !\" \/>\n<meta name=\"robots\" content=\"index, follow, max-snippet:-1, max-image-preview:large, max-video-preview:-1\" \/>\n<link rel=\"canonical\" href=\"https:\/\/joyasyasmin.com\/fr\/producto\/bracelet-cle-saint-benoit-et-saint-jude-thaddee\/\" \/>\n<meta property=\"og:locale\" content=\"fr_FR\" \/>\n<meta property=\"og:title\" content=\"Bracelet cl\u00e9 Saint-Beno\u00eet et Saint-Jude Thadd\u00e9e - Yasmin\" \/>\n<meta property=\"og:description\" content=\"Bracelet porte-cl\u00e9s Saint Beno\u00eet et Saint Jude Thadd\u00e9e, 17+3 cm, argent 925. Cha\u00eene rolo de 1 mm. Une amulette de protection, de foi et d\u2019espoir. Emportez-le toujours avec vous !\" \/>\n<meta property=\"og:url\" content=\"https:\/\/joyasyasmin.com\/fr\/producto\/bracelet-cle-saint-benoit-et-saint-jude-thaddee\/\" \/>\n<meta property=\"og:site_name\" content=\"Yasmin\" \/>\n<meta property=\"article:publisher\" content=\"https:\/\/www.facebook.com\/Joyas-Yasmin-217664058934169\/\" \/>\n<meta property=\"article:modified_time\" content=\"2026-01-29T23:16:10+00:00\" \/>\n<meta property=\"og:image\" content=\"https:\/\/joyasyasmin.com\/wp-content\/uploads\/2025\/02\/pulsera-san-judas-tadeo-y-llave.jpg\" \/>\n\t<meta property=\"og:image:width\" content=\"1000\" \/>\n\t<meta property=\"og:image:height\" content=\"1000\" \/>\n\t<meta property=\"og:image:type\" content=\"image\/jpeg\" \/>\n<meta name=\"twitter:card\" content=\"summary_large_image\" \/>\n<script type=\"application\/ld+json\" class=\"yoast-schema-graph\">{\"@context\":\"https:\/\/schema.org\",\"@graph\":[{\"@type\":[\"WebPage\",\"ItemPage\"],\"@id\":\"https:\/\/joyasyasmin.com\/fr\/producto\/bracelet-cle-saint-benoit-et-saint-jude-thaddee\/\",\"url\":\"https:\/\/joyasyasmin.com\/fr\/producto\/bracelet-cle-saint-benoit-et-saint-jude-thaddee\/\",\"name\":\"Bracelet cl\u00e9 Saint-Beno\u00eet et Saint-Jude Thadd\u00e9e - Yasmin\",\"isPartOf\":{\"@id\":\"https:\/\/joyasyasmin.com\/fr\/#website\"},\"primaryImageOfPage\":{\"@id\":\"https:\/\/joyasyasmin.com\/fr\/producto\/bracelet-cle-saint-benoit-et-saint-jude-thaddee\/#primaryimage\"},\"image\":{\"@id\":\"https:\/\/joyasyasmin.com\/fr\/producto\/bracelet-cle-saint-benoit-et-saint-jude-thaddee\/#primaryimage\"},\"thumbnailUrl\":\"https:\/\/joyasyasmin.com\/wp-content\/uploads\/2025\/02\/pulsera-san-judas-tadeo-y-llave.jpg\",\"datePublished\":\"2025-02-04T20:38:56+00:00\",\"dateModified\":\"2026-01-29T23:16:10+00:00\",\"description\":\"Bracelet porte-cl\u00e9s Saint Beno\u00eet et Saint Jude Thadd\u00e9e, 17+3 cm, argent 925. Cha\u00eene rolo de 1 mm. Une amulette de protection, de foi et d\u2019espoir. Emportez-le toujours avec vous !\",\"breadcrumb\":{\"@id\":\"https:\/\/joyasyasmin.com\/fr\/producto\/bracelet-cle-saint-benoit-et-saint-jude-thaddee\/#breadcrumb\"},\"inLanguage\":\"fr-FR\",\"potentialAction\":[{\"@type\":\"ReadAction\",\"target\":[\"https:\/\/joyasyasmin.com\/fr\/producto\/bracelet-cle-saint-benoit-et-saint-jude-thaddee\/\"]}]},{\"@type\":\"ImageObject\",\"inLanguage\":\"fr-FR\",\"@id\":\"https:\/\/joyasyasmin.com\/fr\/producto\/bracelet-cle-saint-benoit-et-saint-jude-thaddee\/#primaryimage\",\"url\":\"https:\/\/joyasyasmin.com\/wp-content\/uploads\/2025\/02\/pulsera-san-judas-tadeo-y-llave.jpg\",\"contentUrl\":\"https:\/\/joyasyasmin.com\/wp-content\/uploads\/2025\/02\/pulsera-san-judas-tadeo-y-llave.jpg\",\"width\":1000,\"height\":1000,\"caption\":\"Vente du bracelet de saint Jude Thadd\u00e9e et de la cl\u00e9 de saint Beno\u00eet en argent 925\"},{\"@type\":\"BreadcrumbList\",\"@id\":\"https:\/\/joyasyasmin.com\/fr\/producto\/bracelet-cle-saint-benoit-et-saint-jude-thaddee\/#breadcrumb\",\"itemListElement\":[{\"@type\":\"ListItem\",\"position\":1,\"name\":\"Portada\",\"item\":\"https:\/\/joyasyasmin.com\/fr\/domicile\/\"},{\"@type\":\"ListItem\",\"position\":2,\"name\":\"Boutique\",\"item\":\"https:\/\/joyasyasmin.com\/fr\/boutique\/\"},{\"@type\":\"ListItem\",\"position\":3,\"name\":\"Bracelet cl\u00e9 Saint-Beno\u00eet et Saint-Jude Thadd\u00e9e\"}]},{\"@type\":\"WebSite\",\"@id\":\"https:\/\/joyasyasmin.com\/fr\/#website\",\"url\":\"https:\/\/joyasyasmin.com\/fr\/\",\"name\":\"Yasmin\",\"description\":\"Joyer\u00eda de Plata 925 - Pendientes, pulseras, anillos, colgantes y m\u00e1s!\",\"publisher\":{\"@id\":\"https:\/\/joyasyasmin.com\/fr\/#organization\"},\"potentialAction\":[{\"@type\":\"SearchAction\",\"target\":{\"@type\":\"EntryPoint\",\"urlTemplate\":\"https:\/\/joyasyasmin.com\/fr\/?s={search_term_string}\"},\"query-input\":{\"@type\":\"PropertyValueSpecification\",\"valueRequired\":true,\"valueName\":\"search_term_string\"}}],\"inLanguage\":\"fr-FR\"},{\"@type\":\"Organization\",\"@id\":\"https:\/\/joyasyasmin.com\/fr\/#organization\",\"name\":\"joyas yasmin\",\"url\":\"https:\/\/joyasyasmin.com\/fr\/\",\"logo\":{\"@type\":\"ImageObject\",\"inLanguage\":\"fr-FR\",\"@id\":\"https:\/\/joyasyasmin.com\/fr\/#\/schema\/logo\/image\/\",\"url\":\"https:\/\/joyasyasmin.com\/wp-content\/uploads\/2017\/06\/IMG-20200429-WA0051.jpg\",\"contentUrl\":\"https:\/\/joyasyasmin.com\/wp-content\/uploads\/2017\/06\/IMG-20200429-WA0051.jpg\",\"width\":1080,\"height\":545,\"caption\":\"joyas yasmin\"},\"image\":{\"@id\":\"https:\/\/joyasyasmin.com\/fr\/#\/schema\/logo\/image\/\"},\"sameAs\":[\"https:\/\/www.facebook.com\/Joyas-Yasmin-217664058934169\/\",\"https:\/\/www.instagram.com\/invites\/contact\/\"]}]}<\/script>\n<!-- \/ Yoast SEO plugin. -->","yoast_head_json":{"title":"Bracelet cl\u00e9 Saint-Beno\u00eet et Saint-Jude Thadd\u00e9e - Yasmin","description":"Bracelet porte-cl\u00e9s Saint Beno\u00eet et Saint Jude Thadd\u00e9e, 17+3 cm, argent 925. Cha\u00eene rolo de 1 mm. Une amulette de protection, de foi et d\u2019espoir. Emportez-le toujours avec vous !","robots":{"index":"index","follow":"follow","max-snippet":"max-snippet:-1","max-image-preview":"max-image-preview:large","max-video-preview":"max-video-preview:-1"},"canonical":"https:\/\/joyasyasmin.com\/fr\/producto\/bracelet-cle-saint-benoit-et-saint-jude-thaddee\/","og_locale":"fr_FR","og_title":"Bracelet cl\u00e9 Saint-Beno\u00eet et Saint-Jude Thadd\u00e9e - Yasmin","og_description":"Bracelet porte-cl\u00e9s Saint Beno\u00eet et Saint Jude Thadd\u00e9e, 17+3 cm, argent 925. Cha\u00eene rolo de 1 mm. Une amulette de protection, de foi et d\u2019espoir. Emportez-le toujours avec vous !","og_url":"https:\/\/joyasyasmin.com\/fr\/producto\/bracelet-cle-saint-benoit-et-saint-jude-thaddee\/","og_site_name":"Yasmin","article_publisher":"https:\/\/www.facebook.com\/Joyas-Yasmin-217664058934169\/","article_modified_time":"2026-01-29T23:16:10+00:00","og_image":[{"width":1000,"height":1000,"url":"https:\/\/joyasyasmin.com\/wp-content\/uploads\/2025\/02\/pulsera-san-judas-tadeo-y-llave.jpg","type":"image\/jpeg"}],"twitter_card":"summary_large_image","schema":{"@context":"https:\/\/schema.org","@graph":[{"@type":["WebPage","ItemPage"],"@id":"https:\/\/joyasyasmin.com\/fr\/producto\/bracelet-cle-saint-benoit-et-saint-jude-thaddee\/","url":"https:\/\/joyasyasmin.com\/fr\/producto\/bracelet-cle-saint-benoit-et-saint-jude-thaddee\/","name":"Bracelet cl\u00e9 Saint-Beno\u00eet et Saint-Jude Thadd\u00e9e - Yasmin","isPartOf":{"@id":"https:\/\/joyasyasmin.com\/fr\/#website"},"primaryImageOfPage":{"@id":"https:\/\/joyasyasmin.com\/fr\/producto\/bracelet-cle-saint-benoit-et-saint-jude-thaddee\/#primaryimage"},"image":{"@id":"https:\/\/joyasyasmin.com\/fr\/producto\/bracelet-cle-saint-benoit-et-saint-jude-thaddee\/#primaryimage"},"thumbnailUrl":"https:\/\/joyasyasmin.com\/wp-content\/uploads\/2025\/02\/pulsera-san-judas-tadeo-y-llave.jpg","datePublished":"2025-02-04T20:38:56+00:00","dateModified":"2026-01-29T23:16:10+00:00","description":"Bracelet porte-cl\u00e9s Saint Beno\u00eet et Saint Jude Thadd\u00e9e, 17+3 cm, argent 925. Cha\u00eene rolo de 1 mm. Une amulette de protection, de foi et d\u2019espoir. Emportez-le toujours avec vous !","breadcrumb":{"@id":"https:\/\/joyasyasmin.com\/fr\/producto\/bracelet-cle-saint-benoit-et-saint-jude-thaddee\/#breadcrumb"},"inLanguage":"fr-FR","potentialAction":[{"@type":"ReadAction","target":["https:\/\/joyasyasmin.com\/fr\/producto\/bracelet-cle-saint-benoit-et-saint-jude-thaddee\/"]}]},{"@type":"ImageObject","inLanguage":"fr-FR","@id":"https:\/\/joyasyasmin.com\/fr\/producto\/bracelet-cle-saint-benoit-et-saint-jude-thaddee\/#primaryimage","url":"https:\/\/joyasyasmin.com\/wp-content\/uploads\/2025\/02\/pulsera-san-judas-tadeo-y-llave.jpg","contentUrl":"https:\/\/joyasyasmin.com\/wp-content\/uploads\/2025\/02\/pulsera-san-judas-tadeo-y-llave.jpg","width":1000,"height":1000,"caption":"Vente du bracelet de saint Jude Thadd\u00e9e et de la cl\u00e9 de saint Beno\u00eet en argent 925"},{"@type":"BreadcrumbList","@id":"https:\/\/joyasyasmin.com\/fr\/producto\/bracelet-cle-saint-benoit-et-saint-jude-thaddee\/#breadcrumb","itemListElement":[{"@type":"ListItem","position":1,"name":"Portada","item":"https:\/\/joyasyasmin.com\/fr\/domicile\/"},{"@type":"ListItem","position":2,"name":"Boutique","item":"https:\/\/joyasyasmin.com\/fr\/boutique\/"},{"@type":"ListItem","position":3,"name":"Bracelet cl\u00e9 Saint-Beno\u00eet et Saint-Jude Thadd\u00e9e"}]},{"@type":"WebSite","@id":"https:\/\/joyasyasmin.com\/fr\/#website","url":"https:\/\/joyasyasmin.com\/fr\/","name":"Yasmin","description":"Joyer\u00eda de Plata 925 - Pendientes, pulseras, anillos, colgantes y m\u00e1s!","publisher":{"@id":"https:\/\/joyasyasmin.com\/fr\/#organization"},"potentialAction":[{"@type":"SearchAction","target":{"@type":"EntryPoint","urlTemplate":"https:\/\/joyasyasmin.com\/fr\/?s={search_term_string}"},"query-input":{"@type":"PropertyValueSpecification","valueRequired":true,"valueName":"search_term_string"}}],"inLanguage":"fr-FR"},{"@type":"Organization","@id":"https:\/\/joyasyasmin.com\/fr\/#organization","name":"joyas yasmin","url":"https:\/\/joyasyasmin.com\/fr\/","logo":{"@type":"ImageObject","inLanguage":"fr-FR","@id":"https:\/\/joyasyasmin.com\/fr\/#\/schema\/logo\/image\/","url":"https:\/\/joyasyasmin.com\/wp-content\/uploads\/2017\/06\/IMG-20200429-WA0051.jpg","contentUrl":"https:\/\/joyasyasmin.com\/wp-content\/uploads\/2017\/06\/IMG-20200429-WA0051.jpg","width":1080,"height":545,"caption":"joyas yasmin"},"image":{"@id":"https:\/\/joyasyasmin.com\/fr\/#\/schema\/logo\/image\/"},"sameAs":["https:\/\/www.facebook.com\/Joyas-Yasmin-217664058934169\/","https:\/\/www.instagram.com\/invites\/contact\/"]}]}},"_links":{"self":[{"href":"https:\/\/joyasyasmin.com\/fr\/wp-json\/wp\/v2\/product\/30640","targetHints":{"allow":["GET"]}}],"collection":[{"href":"https:\/\/joyasyasmin.com\/fr\/wp-json\/wp\/v2\/product"}],"about":[{"href":"https:\/\/joyasyasmin.com\/fr\/wp-json\/wp\/v2\/types\/product"}],"replies":[{"embeddable":true,"href":"https:\/\/joyasyasmin.com\/fr\/wp-json\/wp\/v2\/comments?post=30640"}],"version-history":[{"count":1,"href":"https:\/\/joyasyasmin.com\/fr\/wp-json\/wp\/v2\/product\/30640\/revisions"}],"predecessor-version":[{"id":34177,"href":"https:\/\/joyasyasmin.com\/fr\/wp-json\/wp\/v2\/product\/30640\/revisions\/34177"}],"wp:featuredmedia":[{"embeddable":true,"href":"https:\/\/joyasyasmin.com\/fr\/wp-json\/wp\/v2\/media\/30025"}],"wp:attachment":[{"href":"https:\/\/joyasyasmin.com\/fr\/wp-json\/wp\/v2\/media?parent=30640"}],"wp:term":[{"taxonomy":"product_brand","embeddable":true,"href":"https:\/\/joyasyasmin.com\/fr\/wp-json\/wp\/v2\/product_brand?post=30640"},{"taxonomy":"product_cat","embeddable":true,"href":"https:\/\/joyasyasmin.com\/fr\/wp-json\/wp\/v2\/product_cat?post=30640"},{"taxonomy":"product_tag","embeddable":true,"href":"https:\/\/joyasyasmin.com\/fr\/wp-json\/wp\/v2\/product_tag?post=30640"}],"curies":[{"name":"wp","href":"https:\/\/api.w.org\/{rel}","templated":true}]}}