{"id":30729,"date":"2025-02-05T19:00:31","date_gmt":"2025-02-05T19:00:31","guid":{"rendered":"https:\/\/joyasyasmin.com\/producto\/bague-en-pierre-ovale-naturelle\/"},"modified":"2025-08-06T07:33:51","modified_gmt":"2025-08-06T07:33:51","slug":"bague-en-pierre-ovale-naturelle","status":"publish","type":"product","link":"https:\/\/joyasyasmin.com\/fr\/producto\/bague-en-pierre-ovale-naturelle\/","title":{"rendered":"Bague en pierre ovale naturelle"},"content":{"rendered":"","protected":false},"excerpt":{"rendered":"<p>D\u00e9couvrez l\u2019\u00e9l\u00e9gance et l\u2019\u00e9clat de notre <strong>bague en argent 925<\/strong>, con\u00e7ue avec une <strong>belle pierre naturelle ovale de 9&#215;6 mm<\/strong>. Disponible dans une vari\u00e9t\u00e9 de pierres naturelles (\u00e0 l\u2019exception de la turquoise, qui est synth\u00e9tique), cette bague est parfaite pour ceux qui recherchent un accessoire sophistiqu\u00e9 et intemporel. Sa finition <strong>en argent 925<\/strong> garantit qualit\u00e9 et durabilit\u00e9, id\u00e9ale pour un usage quotidien ou comme cadeau sp\u00e9cial.  <\/p>\n<p>\ud83d\udc8d <strong>Choisissez votre pierre pr\u00e9f\u00e9r\u00e9e et portez une bague avec style et signification.<\/strong><\/p>\n","protected":false},"featured_media":30061,"comment_status":"open","ping_status":"closed","template":"","meta":{"_acf_changed":false,"_joinchat":[]},"product_brand":[],"product_cat":[1855],"product_tag":[],"class_list":{"0":"post-30729","1":"product","2":"type-product","3":"status-publish","4":"has-post-thumbnail","6":"product_cat-bagues-et-bagues","8":"first","9":"instock","10":"shipping-taxable","11":"purchasable","12":"product-type-variable"},"acf":[],"yoast_head":"<!-- This site is optimized with the Yoast SEO plugin v27.2 - https:\/\/yoast.com\/product\/yoast-seo-wordpress\/ -->\n<title>Bague en pierre ovale naturelle - Yasmin<\/title>\n<meta name=\"description\" content=\"Bague en argent 925 avec pierre naturelle ovale de 9x6 mm. Design \u00e9l\u00e9gant et sophistiqu\u00e9, disponible en diff\u00e9rentes pierres (la turquoise est synth\u00e9tique).\" \/>\n<meta name=\"robots\" content=\"index, follow, max-snippet:-1, max-image-preview:large, max-video-preview:-1\" \/>\n<link rel=\"canonical\" href=\"https:\/\/joyasyasmin.com\/fr\/producto\/bague-en-pierre-ovale-naturelle\/\" \/>\n<meta property=\"og:locale\" content=\"fr_FR\" \/>\n<meta property=\"og:title\" content=\"Bague en pierre ovale naturelle - Yasmin\" \/>\n<meta property=\"og:description\" content=\"Bague en argent 925 avec pierre naturelle ovale de 9x6 mm. Design \u00e9l\u00e9gant et sophistiqu\u00e9, disponible en diff\u00e9rentes pierres (la turquoise est synth\u00e9tique).\" \/>\n<meta property=\"og:url\" content=\"https:\/\/joyasyasmin.com\/fr\/producto\/bague-en-pierre-ovale-naturelle\/\" \/>\n<meta property=\"og:site_name\" content=\"Yasmin\" \/>\n<meta property=\"article:publisher\" content=\"https:\/\/www.facebook.com\/Joyas-Yasmin-217664058934169\/\" \/>\n<meta property=\"article:modified_time\" content=\"2025-08-06T07:33:51+00:00\" \/>\n<meta property=\"og:image\" content=\"https:\/\/joyasyasmin.com\/wp-content\/uploads\/2025\/02\/anillo-rubi.jpg\" \/>\n\t<meta property=\"og:image:width\" content=\"1000\" \/>\n\t<meta property=\"og:image:height\" content=\"1000\" \/>\n\t<meta property=\"og:image:type\" content=\"image\/jpeg\" \/>\n<meta name=\"twitter:card\" content=\"summary_large_image\" \/>\n<script type=\"application\/ld+json\" class=\"yoast-schema-graph\">{\"@context\":\"https:\/\/schema.org\",\"@graph\":[{\"@type\":[\"WebPage\",\"ItemPage\"],\"@id\":\"https:\/\/joyasyasmin.com\/fr\/producto\/bague-en-pierre-ovale-naturelle\/\",\"url\":\"https:\/\/joyasyasmin.com\/fr\/producto\/bague-en-pierre-ovale-naturelle\/\",\"name\":\"Bague en pierre ovale naturelle - Yasmin\",\"isPartOf\":{\"@id\":\"https:\/\/joyasyasmin.com\/fr\/#website\"},\"primaryImageOfPage\":{\"@id\":\"https:\/\/joyasyasmin.com\/fr\/producto\/bague-en-pierre-ovale-naturelle\/#primaryimage\"},\"image\":{\"@id\":\"https:\/\/joyasyasmin.com\/fr\/producto\/bague-en-pierre-ovale-naturelle\/#primaryimage\"},\"thumbnailUrl\":\"https:\/\/joyasyasmin.com\/wp-content\/uploads\/2025\/02\/anillo-rubi.jpg\",\"datePublished\":\"2025-02-05T19:00:31+00:00\",\"dateModified\":\"2025-08-06T07:33:51+00:00\",\"description\":\"Bague en argent 925 avec pierre naturelle ovale de 9x6 mm. Design \u00e9l\u00e9gant et sophistiqu\u00e9, disponible en diff\u00e9rentes pierres (la turquoise est synth\u00e9tique).\",\"breadcrumb\":{\"@id\":\"https:\/\/joyasyasmin.com\/fr\/producto\/bague-en-pierre-ovale-naturelle\/#breadcrumb\"},\"inLanguage\":\"fr-FR\",\"potentialAction\":[{\"@type\":\"ReadAction\",\"target\":[\"https:\/\/joyasyasmin.com\/fr\/producto\/bague-en-pierre-ovale-naturelle\/\"]}]},{\"@type\":\"ImageObject\",\"inLanguage\":\"fr-FR\",\"@id\":\"https:\/\/joyasyasmin.com\/fr\/producto\/bague-en-pierre-ovale-naturelle\/#primaryimage\",\"url\":\"https:\/\/joyasyasmin.com\/wp-content\/uploads\/2025\/02\/anillo-rubi.jpg\",\"contentUrl\":\"https:\/\/joyasyasmin.com\/wp-content\/uploads\/2025\/02\/anillo-rubi.jpg\",\"width\":1000,\"height\":1000,\"caption\":\"Bague en argent 925 \u00e0 vendre avec pierres rubis naturelles\"},{\"@type\":\"BreadcrumbList\",\"@id\":\"https:\/\/joyasyasmin.com\/fr\/producto\/bague-en-pierre-ovale-naturelle\/#breadcrumb\",\"itemListElement\":[{\"@type\":\"ListItem\",\"position\":1,\"name\":\"Portada\",\"item\":\"https:\/\/joyasyasmin.com\/fr\/domicile\/\"},{\"@type\":\"ListItem\",\"position\":2,\"name\":\"Boutique\",\"item\":\"https:\/\/joyasyasmin.com\/fr\/boutique\/\"},{\"@type\":\"ListItem\",\"position\":3,\"name\":\"Bague en pierre ovale naturelle\"}]},{\"@type\":\"WebSite\",\"@id\":\"https:\/\/joyasyasmin.com\/fr\/#website\",\"url\":\"https:\/\/joyasyasmin.com\/fr\/\",\"name\":\"Yasmin\",\"description\":\"Joyer\u00eda de Plata 925 - Pendientes, pulseras, anillos, colgantes y m\u00e1s!\",\"publisher\":{\"@id\":\"https:\/\/joyasyasmin.com\/fr\/#organization\"},\"potentialAction\":[{\"@type\":\"SearchAction\",\"target\":{\"@type\":\"EntryPoint\",\"urlTemplate\":\"https:\/\/joyasyasmin.com\/fr\/?s={search_term_string}\"},\"query-input\":{\"@type\":\"PropertyValueSpecification\",\"valueRequired\":true,\"valueName\":\"search_term_string\"}}],\"inLanguage\":\"fr-FR\"},{\"@type\":\"Organization\",\"@id\":\"https:\/\/joyasyasmin.com\/fr\/#organization\",\"name\":\"joyas yasmin\",\"url\":\"https:\/\/joyasyasmin.com\/fr\/\",\"logo\":{\"@type\":\"ImageObject\",\"inLanguage\":\"fr-FR\",\"@id\":\"https:\/\/joyasyasmin.com\/fr\/#\/schema\/logo\/image\/\",\"url\":\"https:\/\/joyasyasmin.com\/wp-content\/uploads\/2017\/06\/IMG-20200429-WA0051.jpg\",\"contentUrl\":\"https:\/\/joyasyasmin.com\/wp-content\/uploads\/2017\/06\/IMG-20200429-WA0051.jpg\",\"width\":1080,\"height\":545,\"caption\":\"joyas yasmin\"},\"image\":{\"@id\":\"https:\/\/joyasyasmin.com\/fr\/#\/schema\/logo\/image\/\"},\"sameAs\":[\"https:\/\/www.facebook.com\/Joyas-Yasmin-217664058934169\/\",\"https:\/\/www.instagram.com\/invites\/contact\/\"]}]}<\/script>\n<!-- \/ Yoast SEO plugin. -->","yoast_head_json":{"title":"Bague en pierre ovale naturelle - Yasmin","description":"Bague en argent 925 avec pierre naturelle ovale de 9x6 mm. Design \u00e9l\u00e9gant et sophistiqu\u00e9, disponible en diff\u00e9rentes pierres (la turquoise est synth\u00e9tique).","robots":{"index":"index","follow":"follow","max-snippet":"max-snippet:-1","max-image-preview":"max-image-preview:large","max-video-preview":"max-video-preview:-1"},"canonical":"https:\/\/joyasyasmin.com\/fr\/producto\/bague-en-pierre-ovale-naturelle\/","og_locale":"fr_FR","og_title":"Bague en pierre ovale naturelle - Yasmin","og_description":"Bague en argent 925 avec pierre naturelle ovale de 9x6 mm. Design \u00e9l\u00e9gant et sophistiqu\u00e9, disponible en diff\u00e9rentes pierres (la turquoise est synth\u00e9tique).","og_url":"https:\/\/joyasyasmin.com\/fr\/producto\/bague-en-pierre-ovale-naturelle\/","og_site_name":"Yasmin","article_publisher":"https:\/\/www.facebook.com\/Joyas-Yasmin-217664058934169\/","article_modified_time":"2025-08-06T07:33:51+00:00","og_image":[{"width":1000,"height":1000,"url":"https:\/\/joyasyasmin.com\/wp-content\/uploads\/2025\/02\/anillo-rubi.jpg","type":"image\/jpeg"}],"twitter_card":"summary_large_image","schema":{"@context":"https:\/\/schema.org","@graph":[{"@type":["WebPage","ItemPage"],"@id":"https:\/\/joyasyasmin.com\/fr\/producto\/bague-en-pierre-ovale-naturelle\/","url":"https:\/\/joyasyasmin.com\/fr\/producto\/bague-en-pierre-ovale-naturelle\/","name":"Bague en pierre ovale naturelle - Yasmin","isPartOf":{"@id":"https:\/\/joyasyasmin.com\/fr\/#website"},"primaryImageOfPage":{"@id":"https:\/\/joyasyasmin.com\/fr\/producto\/bague-en-pierre-ovale-naturelle\/#primaryimage"},"image":{"@id":"https:\/\/joyasyasmin.com\/fr\/producto\/bague-en-pierre-ovale-naturelle\/#primaryimage"},"thumbnailUrl":"https:\/\/joyasyasmin.com\/wp-content\/uploads\/2025\/02\/anillo-rubi.jpg","datePublished":"2025-02-05T19:00:31+00:00","dateModified":"2025-08-06T07:33:51+00:00","description":"Bague en argent 925 avec pierre naturelle ovale de 9x6 mm. Design \u00e9l\u00e9gant et sophistiqu\u00e9, disponible en diff\u00e9rentes pierres (la turquoise est synth\u00e9tique).","breadcrumb":{"@id":"https:\/\/joyasyasmin.com\/fr\/producto\/bague-en-pierre-ovale-naturelle\/#breadcrumb"},"inLanguage":"fr-FR","potentialAction":[{"@type":"ReadAction","target":["https:\/\/joyasyasmin.com\/fr\/producto\/bague-en-pierre-ovale-naturelle\/"]}]},{"@type":"ImageObject","inLanguage":"fr-FR","@id":"https:\/\/joyasyasmin.com\/fr\/producto\/bague-en-pierre-ovale-naturelle\/#primaryimage","url":"https:\/\/joyasyasmin.com\/wp-content\/uploads\/2025\/02\/anillo-rubi.jpg","contentUrl":"https:\/\/joyasyasmin.com\/wp-content\/uploads\/2025\/02\/anillo-rubi.jpg","width":1000,"height":1000,"caption":"Bague en argent 925 \u00e0 vendre avec pierres rubis naturelles"},{"@type":"BreadcrumbList","@id":"https:\/\/joyasyasmin.com\/fr\/producto\/bague-en-pierre-ovale-naturelle\/#breadcrumb","itemListElement":[{"@type":"ListItem","position":1,"name":"Portada","item":"https:\/\/joyasyasmin.com\/fr\/domicile\/"},{"@type":"ListItem","position":2,"name":"Boutique","item":"https:\/\/joyasyasmin.com\/fr\/boutique\/"},{"@type":"ListItem","position":3,"name":"Bague en pierre ovale naturelle"}]},{"@type":"WebSite","@id":"https:\/\/joyasyasmin.com\/fr\/#website","url":"https:\/\/joyasyasmin.com\/fr\/","name":"Yasmin","description":"Joyer\u00eda de Plata 925 - Pendientes, pulseras, anillos, colgantes y m\u00e1s!","publisher":{"@id":"https:\/\/joyasyasmin.com\/fr\/#organization"},"potentialAction":[{"@type":"SearchAction","target":{"@type":"EntryPoint","urlTemplate":"https:\/\/joyasyasmin.com\/fr\/?s={search_term_string}"},"query-input":{"@type":"PropertyValueSpecification","valueRequired":true,"valueName":"search_term_string"}}],"inLanguage":"fr-FR"},{"@type":"Organization","@id":"https:\/\/joyasyasmin.com\/fr\/#organization","name":"joyas yasmin","url":"https:\/\/joyasyasmin.com\/fr\/","logo":{"@type":"ImageObject","inLanguage":"fr-FR","@id":"https:\/\/joyasyasmin.com\/fr\/#\/schema\/logo\/image\/","url":"https:\/\/joyasyasmin.com\/wp-content\/uploads\/2017\/06\/IMG-20200429-WA0051.jpg","contentUrl":"https:\/\/joyasyasmin.com\/wp-content\/uploads\/2017\/06\/IMG-20200429-WA0051.jpg","width":1080,"height":545,"caption":"joyas yasmin"},"image":{"@id":"https:\/\/joyasyasmin.com\/fr\/#\/schema\/logo\/image\/"},"sameAs":["https:\/\/www.facebook.com\/Joyas-Yasmin-217664058934169\/","https:\/\/www.instagram.com\/invites\/contact\/"]}]}},"_links":{"self":[{"href":"https:\/\/joyasyasmin.com\/fr\/wp-json\/wp\/v2\/product\/30729","targetHints":{"allow":["GET"]}}],"collection":[{"href":"https:\/\/joyasyasmin.com\/fr\/wp-json\/wp\/v2\/product"}],"about":[{"href":"https:\/\/joyasyasmin.com\/fr\/wp-json\/wp\/v2\/types\/product"}],"replies":[{"embeddable":true,"href":"https:\/\/joyasyasmin.com\/fr\/wp-json\/wp\/v2\/comments?post=30729"}],"version-history":[{"count":1,"href":"https:\/\/joyasyasmin.com\/fr\/wp-json\/wp\/v2\/product\/30729\/revisions"}],"predecessor-version":[{"id":32390,"href":"https:\/\/joyasyasmin.com\/fr\/wp-json\/wp\/v2\/product\/30729\/revisions\/32390"}],"wp:featuredmedia":[{"embeddable":true,"href":"https:\/\/joyasyasmin.com\/fr\/wp-json\/wp\/v2\/media\/30061"}],"wp:attachment":[{"href":"https:\/\/joyasyasmin.com\/fr\/wp-json\/wp\/v2\/media?parent=30729"}],"wp:term":[{"taxonomy":"product_brand","embeddable":true,"href":"https:\/\/joyasyasmin.com\/fr\/wp-json\/wp\/v2\/product_brand?post=30729"},{"taxonomy":"product_cat","embeddable":true,"href":"https:\/\/joyasyasmin.com\/fr\/wp-json\/wp\/v2\/product_cat?post=30729"},{"taxonomy":"product_tag","embeddable":true,"href":"https:\/\/joyasyasmin.com\/fr\/wp-json\/wp\/v2\/product_tag?post=30729"}],"curies":[{"name":"wp","href":"https:\/\/api.w.org\/{rel}","templated":true}]}}