{"id":30787,"date":"2025-02-13T15:28:59","date_gmt":"2025-02-13T15:28:59","guid":{"rendered":"https:\/\/joyasyasmin.com\/producto\/le-bracelet-des-sept-archanges\/"},"modified":"2026-01-29T23:16:10","modified_gmt":"2026-01-29T23:16:10","slug":"le-bracelet-des-sept-archanges","status":"publish","type":"product","link":"https:\/\/joyasyasmin.com\/fr\/producto\/le-bracelet-des-sept-archanges\/","title":{"rendered":"Le Bracelet des Sept Archanges"},"content":{"rendered":"","protected":false},"excerpt":{"rendered":"<p><strong>Bracelet \u00e0 maillons avec m\u00e9daille laser des sept archanges en argent 925<\/strong><\/p>\n<p>Un bijou plein de protection et de sens. Ce bracelet est en argent 925 avec des maillons de 4 mm de large et une m\u00e9daille grav\u00e9e au laser de 2 cm \u00e0 l\u2019effigie des sept archanges. Sa conception ajustable de 18 + 3 cm permet un ajustement confortable et s\u00fbr.  <\/p>\n<p>Les sept archanges repr\u00e9sentent la protection divine, l\u2019orientation et la force spirituelle. Michael est le protecteur contre le mal, Gabriel est le messager divin, Rapha\u00ebl est le gu\u00e9risseur, Uriel fournit la sagesse, Barachiel accorde des b\u00e9n\u00e9dictions, Jehudiel est le moteur du succ\u00e8s et Sealtiel symbolise la pri\u00e8re et la connexion au divin. Portez ce bracelet avec vous comme symbole de foi, d\u2019\u00e9quilibre et d\u2019\u00e9nergie c\u00e9leste. Id\u00e9al pour un usage quotidien ou comme cadeau sp\u00e9cial plein de sens.   <\/p>\n","protected":false},"featured_media":30202,"comment_status":"open","ping_status":"closed","template":"","meta":{"_acf_changed":false,"_joinchat":[]},"product_brand":[],"product_cat":[1790],"product_tag":[],"class_list":{"0":"post-30787","1":"product","2":"type-product","3":"status-publish","4":"has-post-thumbnail","6":"product_cat-bracelets","8":"first","9":"instock","10":"shipping-taxable","11":"purchasable","12":"product-type-simple"},"acf":[],"yoast_head":"<!-- This site is optimized with the Yoast SEO plugin v27.3 - https:\/\/yoast.com\/product\/yoast-seo-wordpress\/ -->\n<title>Le Bracelet des Sept Archanges - Yasmin<\/title>\n<meta name=\"description\" content=\"Bracelet \u00e0 maillons en argent 925 avec m\u00e9daille laser des Sept Archanges. Protection et foi dans un design r\u00e9glable de 18 + 3 cm. Portez-le toujours avec vous\u00a0!\" \/>\n<meta name=\"robots\" content=\"index, follow, max-snippet:-1, max-image-preview:large, max-video-preview:-1\" \/>\n<link rel=\"canonical\" href=\"https:\/\/joyasyasmin.com\/fr\/producto\/le-bracelet-des-sept-archanges\/\" \/>\n<meta property=\"og:locale\" content=\"fr_FR\" \/>\n<meta property=\"og:title\" content=\"Le Bracelet des Sept Archanges - Yasmin\" \/>\n<meta property=\"og:description\" content=\"Bracelet \u00e0 maillons en argent 925 avec m\u00e9daille laser des Sept Archanges. Protection et foi dans un design r\u00e9glable de 18 + 3 cm. Portez-le toujours avec vous\u00a0!\" \/>\n<meta property=\"og:url\" content=\"https:\/\/joyasyasmin.com\/fr\/producto\/le-bracelet-des-sept-archanges\/\" \/>\n<meta property=\"og:site_name\" content=\"Yasmin\" \/>\n<meta property=\"article:publisher\" content=\"https:\/\/www.facebook.com\/Joyas-Yasmin-217664058934169\/\" \/>\n<meta property=\"article:modified_time\" content=\"2026-01-29T23:16:10+00:00\" \/>\n<meta property=\"og:image\" content=\"https:\/\/joyasyasmin.com\/wp-content\/uploads\/2025\/02\/pulsera-siete-arcangeles-de-plata.jpg\" \/>\n\t<meta property=\"og:image:width\" content=\"1000\" \/>\n\t<meta property=\"og:image:height\" content=\"1000\" \/>\n\t<meta property=\"og:image:type\" content=\"image\/jpeg\" \/>\n<meta name=\"twitter:card\" content=\"summary_large_image\" \/>\n<script type=\"application\/ld+json\" class=\"yoast-schema-graph\">{\"@context\":\"https:\\\/\\\/schema.org\",\"@graph\":[{\"@type\":[\"WebPage\",\"ItemPage\"],\"@id\":\"https:\\\/\\\/joyasyasmin.com\\\/fr\\\/producto\\\/le-bracelet-des-sept-archanges\\\/\",\"url\":\"https:\\\/\\\/joyasyasmin.com\\\/fr\\\/producto\\\/le-bracelet-des-sept-archanges\\\/\",\"name\":\"Le Bracelet des Sept Archanges - Yasmin\",\"isPartOf\":{\"@id\":\"https:\\\/\\\/joyasyasmin.com\\\/fr\\\/#website\"},\"primaryImageOfPage\":{\"@id\":\"https:\\\/\\\/joyasyasmin.com\\\/fr\\\/producto\\\/le-bracelet-des-sept-archanges\\\/#primaryimage\"},\"image\":{\"@id\":\"https:\\\/\\\/joyasyasmin.com\\\/fr\\\/producto\\\/le-bracelet-des-sept-archanges\\\/#primaryimage\"},\"thumbnailUrl\":\"https:\\\/\\\/joyasyasmin.com\\\/wp-content\\\/uploads\\\/2025\\\/02\\\/pulsera-siete-arcangeles-de-plata.jpg\",\"datePublished\":\"2025-02-13T15:28:59+00:00\",\"dateModified\":\"2026-01-29T23:16:10+00:00\",\"description\":\"Bracelet \u00e0 maillons en argent 925 avec m\u00e9daille laser des Sept Archanges. Protection et foi dans un design r\u00e9glable de 18 + 3 cm. Portez-le toujours avec vous\u00a0!\",\"breadcrumb\":{\"@id\":\"https:\\\/\\\/joyasyasmin.com\\\/fr\\\/producto\\\/le-bracelet-des-sept-archanges\\\/#breadcrumb\"},\"inLanguage\":\"fr-FR\",\"potentialAction\":[{\"@type\":\"ReadAction\",\"target\":[\"https:\\\/\\\/joyasyasmin.com\\\/fr\\\/producto\\\/le-bracelet-des-sept-archanges\\\/\"]}]},{\"@type\":\"ImageObject\",\"inLanguage\":\"fr-FR\",\"@id\":\"https:\\\/\\\/joyasyasmin.com\\\/fr\\\/producto\\\/le-bracelet-des-sept-archanges\\\/#primaryimage\",\"url\":\"https:\\\/\\\/joyasyasmin.com\\\/wp-content\\\/uploads\\\/2025\\\/02\\\/pulsera-siete-arcangeles-de-plata.jpg\",\"contentUrl\":\"https:\\\/\\\/joyasyasmin.com\\\/wp-content\\\/uploads\\\/2025\\\/02\\\/pulsera-siete-arcangeles-de-plata.jpg\",\"width\":1000,\"height\":1000,\"caption\":\"Bracelet Sept Archanges en argent 925\"},{\"@type\":\"BreadcrumbList\",\"@id\":\"https:\\\/\\\/joyasyasmin.com\\\/fr\\\/producto\\\/le-bracelet-des-sept-archanges\\\/#breadcrumb\",\"itemListElement\":[{\"@type\":\"ListItem\",\"position\":1,\"name\":\"Portada\",\"item\":\"https:\\\/\\\/joyasyasmin.com\\\/fr\\\/domicile\\\/\"},{\"@type\":\"ListItem\",\"position\":2,\"name\":\"Boutique\",\"item\":\"https:\\\/\\\/joyasyasmin.com\\\/fr\\\/boutique\\\/\"},{\"@type\":\"ListItem\",\"position\":3,\"name\":\"Le Bracelet des Sept Archanges\"}]},{\"@type\":\"WebSite\",\"@id\":\"https:\\\/\\\/joyasyasmin.com\\\/fr\\\/#website\",\"url\":\"https:\\\/\\\/joyasyasmin.com\\\/fr\\\/\",\"name\":\"Yasmin\",\"description\":\"Joyer\u00eda de Plata 925 - Pendientes, pulseras, anillos, colgantes y m\u00e1s!\",\"publisher\":{\"@id\":\"https:\\\/\\\/joyasyasmin.com\\\/fr\\\/#organization\"},\"potentialAction\":[{\"@type\":\"SearchAction\",\"target\":{\"@type\":\"EntryPoint\",\"urlTemplate\":\"https:\\\/\\\/joyasyasmin.com\\\/fr\\\/?s={search_term_string}\"},\"query-input\":{\"@type\":\"PropertyValueSpecification\",\"valueRequired\":true,\"valueName\":\"search_term_string\"}}],\"inLanguage\":\"fr-FR\"},{\"@type\":\"Organization\",\"@id\":\"https:\\\/\\\/joyasyasmin.com\\\/fr\\\/#organization\",\"name\":\"joyas yasmin\",\"url\":\"https:\\\/\\\/joyasyasmin.com\\\/fr\\\/\",\"logo\":{\"@type\":\"ImageObject\",\"inLanguage\":\"fr-FR\",\"@id\":\"https:\\\/\\\/joyasyasmin.com\\\/fr\\\/#\\\/schema\\\/logo\\\/image\\\/\",\"url\":\"https:\\\/\\\/joyasyasmin.com\\\/wp-content\\\/uploads\\\/2017\\\/06\\\/IMG-20200429-WA0051.jpg\",\"contentUrl\":\"https:\\\/\\\/joyasyasmin.com\\\/wp-content\\\/uploads\\\/2017\\\/06\\\/IMG-20200429-WA0051.jpg\",\"width\":1080,\"height\":545,\"caption\":\"joyas yasmin\"},\"image\":{\"@id\":\"https:\\\/\\\/joyasyasmin.com\\\/fr\\\/#\\\/schema\\\/logo\\\/image\\\/\"},\"sameAs\":[\"https:\\\/\\\/www.facebook.com\\\/Joyas-Yasmin-217664058934169\\\/\",\"https:\\\/\\\/www.instagram.com\\\/invites\\\/contact\\\/\"]}]}<\/script>\n<!-- \/ Yoast SEO plugin. -->","yoast_head_json":{"title":"Le Bracelet des Sept Archanges - Yasmin","description":"Bracelet \u00e0 maillons en argent 925 avec m\u00e9daille laser des Sept Archanges. Protection et foi dans un design r\u00e9glable de 18 + 3 cm. Portez-le toujours avec vous\u00a0!","robots":{"index":"index","follow":"follow","max-snippet":"max-snippet:-1","max-image-preview":"max-image-preview:large","max-video-preview":"max-video-preview:-1"},"canonical":"https:\/\/joyasyasmin.com\/fr\/producto\/le-bracelet-des-sept-archanges\/","og_locale":"fr_FR","og_title":"Le Bracelet des Sept Archanges - Yasmin","og_description":"Bracelet \u00e0 maillons en argent 925 avec m\u00e9daille laser des Sept Archanges. Protection et foi dans un design r\u00e9glable de 18 + 3 cm. Portez-le toujours avec vous\u00a0!","og_url":"https:\/\/joyasyasmin.com\/fr\/producto\/le-bracelet-des-sept-archanges\/","og_site_name":"Yasmin","article_publisher":"https:\/\/www.facebook.com\/Joyas-Yasmin-217664058934169\/","article_modified_time":"2026-01-29T23:16:10+00:00","og_image":[{"width":1000,"height":1000,"url":"https:\/\/joyasyasmin.com\/wp-content\/uploads\/2025\/02\/pulsera-siete-arcangeles-de-plata.jpg","type":"image\/jpeg"}],"twitter_card":"summary_large_image","schema":{"@context":"https:\/\/schema.org","@graph":[{"@type":["WebPage","ItemPage"],"@id":"https:\/\/joyasyasmin.com\/fr\/producto\/le-bracelet-des-sept-archanges\/","url":"https:\/\/joyasyasmin.com\/fr\/producto\/le-bracelet-des-sept-archanges\/","name":"Le Bracelet des Sept Archanges - Yasmin","isPartOf":{"@id":"https:\/\/joyasyasmin.com\/fr\/#website"},"primaryImageOfPage":{"@id":"https:\/\/joyasyasmin.com\/fr\/producto\/le-bracelet-des-sept-archanges\/#primaryimage"},"image":{"@id":"https:\/\/joyasyasmin.com\/fr\/producto\/le-bracelet-des-sept-archanges\/#primaryimage"},"thumbnailUrl":"https:\/\/joyasyasmin.com\/wp-content\/uploads\/2025\/02\/pulsera-siete-arcangeles-de-plata.jpg","datePublished":"2025-02-13T15:28:59+00:00","dateModified":"2026-01-29T23:16:10+00:00","description":"Bracelet \u00e0 maillons en argent 925 avec m\u00e9daille laser des Sept Archanges. Protection et foi dans un design r\u00e9glable de 18 + 3 cm. Portez-le toujours avec vous\u00a0!","breadcrumb":{"@id":"https:\/\/joyasyasmin.com\/fr\/producto\/le-bracelet-des-sept-archanges\/#breadcrumb"},"inLanguage":"fr-FR","potentialAction":[{"@type":"ReadAction","target":["https:\/\/joyasyasmin.com\/fr\/producto\/le-bracelet-des-sept-archanges\/"]}]},{"@type":"ImageObject","inLanguage":"fr-FR","@id":"https:\/\/joyasyasmin.com\/fr\/producto\/le-bracelet-des-sept-archanges\/#primaryimage","url":"https:\/\/joyasyasmin.com\/wp-content\/uploads\/2025\/02\/pulsera-siete-arcangeles-de-plata.jpg","contentUrl":"https:\/\/joyasyasmin.com\/wp-content\/uploads\/2025\/02\/pulsera-siete-arcangeles-de-plata.jpg","width":1000,"height":1000,"caption":"Bracelet Sept Archanges en argent 925"},{"@type":"BreadcrumbList","@id":"https:\/\/joyasyasmin.com\/fr\/producto\/le-bracelet-des-sept-archanges\/#breadcrumb","itemListElement":[{"@type":"ListItem","position":1,"name":"Portada","item":"https:\/\/joyasyasmin.com\/fr\/domicile\/"},{"@type":"ListItem","position":2,"name":"Boutique","item":"https:\/\/joyasyasmin.com\/fr\/boutique\/"},{"@type":"ListItem","position":3,"name":"Le Bracelet des Sept Archanges"}]},{"@type":"WebSite","@id":"https:\/\/joyasyasmin.com\/fr\/#website","url":"https:\/\/joyasyasmin.com\/fr\/","name":"Yasmin","description":"Joyer\u00eda de Plata 925 - Pendientes, pulseras, anillos, colgantes y m\u00e1s!","publisher":{"@id":"https:\/\/joyasyasmin.com\/fr\/#organization"},"potentialAction":[{"@type":"SearchAction","target":{"@type":"EntryPoint","urlTemplate":"https:\/\/joyasyasmin.com\/fr\/?s={search_term_string}"},"query-input":{"@type":"PropertyValueSpecification","valueRequired":true,"valueName":"search_term_string"}}],"inLanguage":"fr-FR"},{"@type":"Organization","@id":"https:\/\/joyasyasmin.com\/fr\/#organization","name":"joyas yasmin","url":"https:\/\/joyasyasmin.com\/fr\/","logo":{"@type":"ImageObject","inLanguage":"fr-FR","@id":"https:\/\/joyasyasmin.com\/fr\/#\/schema\/logo\/image\/","url":"https:\/\/joyasyasmin.com\/wp-content\/uploads\/2017\/06\/IMG-20200429-WA0051.jpg","contentUrl":"https:\/\/joyasyasmin.com\/wp-content\/uploads\/2017\/06\/IMG-20200429-WA0051.jpg","width":1080,"height":545,"caption":"joyas yasmin"},"image":{"@id":"https:\/\/joyasyasmin.com\/fr\/#\/schema\/logo\/image\/"},"sameAs":["https:\/\/www.facebook.com\/Joyas-Yasmin-217664058934169\/","https:\/\/www.instagram.com\/invites\/contact\/"]}]}},"_links":{"self":[{"href":"https:\/\/joyasyasmin.com\/fr\/wp-json\/wp\/v2\/product\/30787","targetHints":{"allow":["GET"]}}],"collection":[{"href":"https:\/\/joyasyasmin.com\/fr\/wp-json\/wp\/v2\/product"}],"about":[{"href":"https:\/\/joyasyasmin.com\/fr\/wp-json\/wp\/v2\/types\/product"}],"replies":[{"embeddable":true,"href":"https:\/\/joyasyasmin.com\/fr\/wp-json\/wp\/v2\/comments?post=30787"}],"version-history":[{"count":1,"href":"https:\/\/joyasyasmin.com\/fr\/wp-json\/wp\/v2\/product\/30787\/revisions"}],"predecessor-version":[{"id":34144,"href":"https:\/\/joyasyasmin.com\/fr\/wp-json\/wp\/v2\/product\/30787\/revisions\/34144"}],"wp:featuredmedia":[{"embeddable":true,"href":"https:\/\/joyasyasmin.com\/fr\/wp-json\/wp\/v2\/media\/30202"}],"wp:attachment":[{"href":"https:\/\/joyasyasmin.com\/fr\/wp-json\/wp\/v2\/media?parent=30787"}],"wp:term":[{"taxonomy":"product_brand","embeddable":true,"href":"https:\/\/joyasyasmin.com\/fr\/wp-json\/wp\/v2\/product_brand?post=30787"},{"taxonomy":"product_cat","embeddable":true,"href":"https:\/\/joyasyasmin.com\/fr\/wp-json\/wp\/v2\/product_cat?post=30787"},{"taxonomy":"product_tag","embeddable":true,"href":"https:\/\/joyasyasmin.com\/fr\/wp-json\/wp\/v2\/product_tag?post=30787"}],"curies":[{"name":"wp","href":"https:\/\/api.w.org\/{rel}","templated":true}]}}