{"id":30792,"date":"2025-02-16T20:54:03","date_gmt":"2025-02-16T20:54:03","guid":{"rendered":"https:\/\/joyasyasmin.com\/producto\/anneau-de-noeud\/"},"modified":"2025-02-16T20:54:03","modified_gmt":"2025-02-16T20:54:03","slug":"anneau-de-noeud","status":"publish","type":"product","link":"https:\/\/joyasyasmin.com\/fr\/producto\/anneau-de-noeud\/","title":{"rendered":"Anneau de noeud"},"content":{"rendered":"","protected":false},"excerpt":{"rendered":"<p>Voici un article optimis\u00e9 pour le r\u00e9f\u00e9rencement sur votre bague en argent 925 :<\/p>\n<hr>\n<p>D\u00e9couvrez l\u2019\u00e9l\u00e9gance intemporelle avec notre bague en argent 925 au design noeud, une pi\u00e8ce unique qui allie sophistication et sens. Cette bague a \u00e9t\u00e9 fabriqu\u00e9e \u00e0 l\u2019aide de la technique innovante d\u2019\u00e9lectroformage, ce qui lui conf\u00e8re un volume impressionnant sans perdre en l\u00e9g\u00e8ret\u00e9. Sa tige, d\u2019un diam\u00e8tre de 15 mm, se distingue par une finition irr\u00e9prochable qui capte la lumi\u00e8re de mani\u00e8re exceptionnelle.  <\/p>\n<p>Le design en forme de n\u0153ud repr\u00e9sente l\u2019union et l\u2019\u00e9ternit\u00e9, ce qui en fait un accessoire id\u00e9al pour un usage quotidien et des occasions sp\u00e9ciales. Gr\u00e2ce \u00e0 sa fabrication en argent sterling 925, il garantit durabilit\u00e9, r\u00e9sistance et une brillance exceptionnelle qui dure dans le temps. <\/p>\n<p>Parfaite pour offrir ou ajouter une touche sophistiqu\u00e9e \u00e0 votre collection de bijoux, cette bague est une vitrine de l\u2019artisanat et du style. N\u2019attendez plus pour porter un bijou qui symbolise la connexion et la beaut\u00e9 dans les moindres d\u00e9tails. <\/p>\n","protected":false},"featured_media":30237,"comment_status":"open","ping_status":"closed","template":"","meta":{"_acf_changed":false,"_joinchat":[]},"product_brand":[],"product_cat":[1855],"product_tag":[],"class_list":{"0":"post-30792","1":"product","2":"type-product","3":"status-publish","4":"has-post-thumbnail","6":"product_cat-bagues-et-bagues","8":"first","9":"instock","10":"shipping-taxable","11":"purchasable","12":"product-type-variable"},"acf":[],"yoast_head":"<!-- This site is optimized with the Yoast SEO plugin v27.2 - https:\/\/yoast.com\/product\/yoast-seo-wordpress\/ -->\n<title>Anneau de noeud - Yasmin<\/title>\n<meta name=\"description\" content=\"D\u00e9couvrez notre bague en argent 925 avec motif noeud, r\u00e9alis\u00e9e par \u00e9lectroformage. L\u00e9ger, \u00e9l\u00e9gant et avec une finition impeccable. Ajoutez-le \u00e0 votre collection !\" \/>\n<meta name=\"robots\" content=\"index, follow, max-snippet:-1, max-image-preview:large, max-video-preview:-1\" \/>\n<link rel=\"canonical\" href=\"https:\/\/joyasyasmin.com\/fr\/producto\/anneau-de-noeud\/\" \/>\n<meta property=\"og:locale\" content=\"fr_FR\" \/>\n<meta property=\"og:title\" content=\"Anneau de noeud - Yasmin\" \/>\n<meta property=\"og:description\" content=\"D\u00e9couvrez notre bague en argent 925 avec motif noeud, r\u00e9alis\u00e9e par \u00e9lectroformage. L\u00e9ger, \u00e9l\u00e9gant et avec une finition impeccable. Ajoutez-le \u00e0 votre collection !\" \/>\n<meta property=\"og:url\" content=\"https:\/\/joyasyasmin.com\/fr\/producto\/anneau-de-noeud\/\" \/>\n<meta property=\"og:site_name\" content=\"Yasmin\" \/>\n<meta property=\"article:publisher\" content=\"https:\/\/www.facebook.com\/Joyas-Yasmin-217664058934169\/\" \/>\n<meta property=\"og:image\" content=\"https:\/\/joyasyasmin.com\/wp-content\/uploads\/2025\/02\/anillo-nudo-liso.jpg\" \/>\n\t<meta property=\"og:image:width\" content=\"1000\" \/>\n\t<meta property=\"og:image:height\" content=\"1000\" \/>\n\t<meta property=\"og:image:type\" content=\"image\/jpeg\" \/>\n<meta name=\"twitter:card\" content=\"summary_large_image\" \/>\n<script type=\"application\/ld+json\" class=\"yoast-schema-graph\">{\"@context\":\"https:\/\/schema.org\",\"@graph\":[{\"@type\":[\"WebPage\",\"ItemPage\"],\"@id\":\"https:\/\/joyasyasmin.com\/fr\/producto\/anneau-de-noeud\/\",\"url\":\"https:\/\/joyasyasmin.com\/fr\/producto\/anneau-de-noeud\/\",\"name\":\"Anneau de noeud - Yasmin\",\"isPartOf\":{\"@id\":\"https:\/\/joyasyasmin.com\/fr\/#website\"},\"primaryImageOfPage\":{\"@id\":\"https:\/\/joyasyasmin.com\/fr\/producto\/anneau-de-noeud\/#primaryimage\"},\"image\":{\"@id\":\"https:\/\/joyasyasmin.com\/fr\/producto\/anneau-de-noeud\/#primaryimage\"},\"thumbnailUrl\":\"https:\/\/joyasyasmin.com\/wp-content\/uploads\/2025\/02\/anillo-nudo-liso.jpg\",\"datePublished\":\"2025-02-16T20:54:03+00:00\",\"description\":\"D\u00e9couvrez notre bague en argent 925 avec motif noeud, r\u00e9alis\u00e9e par \u00e9lectroformage. L\u00e9ger, \u00e9l\u00e9gant et avec une finition impeccable. Ajoutez-le \u00e0 votre collection !\",\"breadcrumb\":{\"@id\":\"https:\/\/joyasyasmin.com\/fr\/producto\/anneau-de-noeud\/#breadcrumb\"},\"inLanguage\":\"fr-FR\",\"potentialAction\":[{\"@type\":\"ReadAction\",\"target\":[\"https:\/\/joyasyasmin.com\/fr\/producto\/anneau-de-noeud\/\"]}]},{\"@type\":\"ImageObject\",\"inLanguage\":\"fr-FR\",\"@id\":\"https:\/\/joyasyasmin.com\/fr\/producto\/anneau-de-noeud\/#primaryimage\",\"url\":\"https:\/\/joyasyasmin.com\/wp-content\/uploads\/2025\/02\/anillo-nudo-liso.jpg\",\"contentUrl\":\"https:\/\/joyasyasmin.com\/wp-content\/uploads\/2025\/02\/anillo-nudo-liso.jpg\",\"width\":1000,\"height\":1000,\"caption\":\"Bague noeud uni en argent sterling 925 \u00e0 vendre\"},{\"@type\":\"BreadcrumbList\",\"@id\":\"https:\/\/joyasyasmin.com\/fr\/producto\/anneau-de-noeud\/#breadcrumb\",\"itemListElement\":[{\"@type\":\"ListItem\",\"position\":1,\"name\":\"Portada\",\"item\":\"https:\/\/joyasyasmin.com\/fr\/domicile\/\"},{\"@type\":\"ListItem\",\"position\":2,\"name\":\"Boutique\",\"item\":\"https:\/\/joyasyasmin.com\/fr\/boutique\/\"},{\"@type\":\"ListItem\",\"position\":3,\"name\":\"Anneau de noeud\"}]},{\"@type\":\"WebSite\",\"@id\":\"https:\/\/joyasyasmin.com\/fr\/#website\",\"url\":\"https:\/\/joyasyasmin.com\/fr\/\",\"name\":\"Yasmin\",\"description\":\"Joyer\u00eda de Plata 925 - Pendientes, pulseras, anillos, colgantes y m\u00e1s!\",\"publisher\":{\"@id\":\"https:\/\/joyasyasmin.com\/fr\/#organization\"},\"potentialAction\":[{\"@type\":\"SearchAction\",\"target\":{\"@type\":\"EntryPoint\",\"urlTemplate\":\"https:\/\/joyasyasmin.com\/fr\/?s={search_term_string}\"},\"query-input\":{\"@type\":\"PropertyValueSpecification\",\"valueRequired\":true,\"valueName\":\"search_term_string\"}}],\"inLanguage\":\"fr-FR\"},{\"@type\":\"Organization\",\"@id\":\"https:\/\/joyasyasmin.com\/fr\/#organization\",\"name\":\"joyas yasmin\",\"url\":\"https:\/\/joyasyasmin.com\/fr\/\",\"logo\":{\"@type\":\"ImageObject\",\"inLanguage\":\"fr-FR\",\"@id\":\"https:\/\/joyasyasmin.com\/fr\/#\/schema\/logo\/image\/\",\"url\":\"https:\/\/joyasyasmin.com\/wp-content\/uploads\/2017\/06\/IMG-20200429-WA0051.jpg\",\"contentUrl\":\"https:\/\/joyasyasmin.com\/wp-content\/uploads\/2017\/06\/IMG-20200429-WA0051.jpg\",\"width\":1080,\"height\":545,\"caption\":\"joyas yasmin\"},\"image\":{\"@id\":\"https:\/\/joyasyasmin.com\/fr\/#\/schema\/logo\/image\/\"},\"sameAs\":[\"https:\/\/www.facebook.com\/Joyas-Yasmin-217664058934169\/\",\"https:\/\/www.instagram.com\/invites\/contact\/\"]}]}<\/script>\n<!-- \/ Yoast SEO plugin. -->","yoast_head_json":{"title":"Anneau de noeud - Yasmin","description":"D\u00e9couvrez notre bague en argent 925 avec motif noeud, r\u00e9alis\u00e9e par \u00e9lectroformage. L\u00e9ger, \u00e9l\u00e9gant et avec une finition impeccable. Ajoutez-le \u00e0 votre collection !","robots":{"index":"index","follow":"follow","max-snippet":"max-snippet:-1","max-image-preview":"max-image-preview:large","max-video-preview":"max-video-preview:-1"},"canonical":"https:\/\/joyasyasmin.com\/fr\/producto\/anneau-de-noeud\/","og_locale":"fr_FR","og_title":"Anneau de noeud - Yasmin","og_description":"D\u00e9couvrez notre bague en argent 925 avec motif noeud, r\u00e9alis\u00e9e par \u00e9lectroformage. L\u00e9ger, \u00e9l\u00e9gant et avec une finition impeccable. Ajoutez-le \u00e0 votre collection !","og_url":"https:\/\/joyasyasmin.com\/fr\/producto\/anneau-de-noeud\/","og_site_name":"Yasmin","article_publisher":"https:\/\/www.facebook.com\/Joyas-Yasmin-217664058934169\/","og_image":[{"width":1000,"height":1000,"url":"https:\/\/joyasyasmin.com\/wp-content\/uploads\/2025\/02\/anillo-nudo-liso.jpg","type":"image\/jpeg"}],"twitter_card":"summary_large_image","schema":{"@context":"https:\/\/schema.org","@graph":[{"@type":["WebPage","ItemPage"],"@id":"https:\/\/joyasyasmin.com\/fr\/producto\/anneau-de-noeud\/","url":"https:\/\/joyasyasmin.com\/fr\/producto\/anneau-de-noeud\/","name":"Anneau de noeud - Yasmin","isPartOf":{"@id":"https:\/\/joyasyasmin.com\/fr\/#website"},"primaryImageOfPage":{"@id":"https:\/\/joyasyasmin.com\/fr\/producto\/anneau-de-noeud\/#primaryimage"},"image":{"@id":"https:\/\/joyasyasmin.com\/fr\/producto\/anneau-de-noeud\/#primaryimage"},"thumbnailUrl":"https:\/\/joyasyasmin.com\/wp-content\/uploads\/2025\/02\/anillo-nudo-liso.jpg","datePublished":"2025-02-16T20:54:03+00:00","description":"D\u00e9couvrez notre bague en argent 925 avec motif noeud, r\u00e9alis\u00e9e par \u00e9lectroformage. L\u00e9ger, \u00e9l\u00e9gant et avec une finition impeccable. Ajoutez-le \u00e0 votre collection !","breadcrumb":{"@id":"https:\/\/joyasyasmin.com\/fr\/producto\/anneau-de-noeud\/#breadcrumb"},"inLanguage":"fr-FR","potentialAction":[{"@type":"ReadAction","target":["https:\/\/joyasyasmin.com\/fr\/producto\/anneau-de-noeud\/"]}]},{"@type":"ImageObject","inLanguage":"fr-FR","@id":"https:\/\/joyasyasmin.com\/fr\/producto\/anneau-de-noeud\/#primaryimage","url":"https:\/\/joyasyasmin.com\/wp-content\/uploads\/2025\/02\/anillo-nudo-liso.jpg","contentUrl":"https:\/\/joyasyasmin.com\/wp-content\/uploads\/2025\/02\/anillo-nudo-liso.jpg","width":1000,"height":1000,"caption":"Bague noeud uni en argent sterling 925 \u00e0 vendre"},{"@type":"BreadcrumbList","@id":"https:\/\/joyasyasmin.com\/fr\/producto\/anneau-de-noeud\/#breadcrumb","itemListElement":[{"@type":"ListItem","position":1,"name":"Portada","item":"https:\/\/joyasyasmin.com\/fr\/domicile\/"},{"@type":"ListItem","position":2,"name":"Boutique","item":"https:\/\/joyasyasmin.com\/fr\/boutique\/"},{"@type":"ListItem","position":3,"name":"Anneau de noeud"}]},{"@type":"WebSite","@id":"https:\/\/joyasyasmin.com\/fr\/#website","url":"https:\/\/joyasyasmin.com\/fr\/","name":"Yasmin","description":"Joyer\u00eda de Plata 925 - Pendientes, pulseras, anillos, colgantes y m\u00e1s!","publisher":{"@id":"https:\/\/joyasyasmin.com\/fr\/#organization"},"potentialAction":[{"@type":"SearchAction","target":{"@type":"EntryPoint","urlTemplate":"https:\/\/joyasyasmin.com\/fr\/?s={search_term_string}"},"query-input":{"@type":"PropertyValueSpecification","valueRequired":true,"valueName":"search_term_string"}}],"inLanguage":"fr-FR"},{"@type":"Organization","@id":"https:\/\/joyasyasmin.com\/fr\/#organization","name":"joyas yasmin","url":"https:\/\/joyasyasmin.com\/fr\/","logo":{"@type":"ImageObject","inLanguage":"fr-FR","@id":"https:\/\/joyasyasmin.com\/fr\/#\/schema\/logo\/image\/","url":"https:\/\/joyasyasmin.com\/wp-content\/uploads\/2017\/06\/IMG-20200429-WA0051.jpg","contentUrl":"https:\/\/joyasyasmin.com\/wp-content\/uploads\/2017\/06\/IMG-20200429-WA0051.jpg","width":1080,"height":545,"caption":"joyas yasmin"},"image":{"@id":"https:\/\/joyasyasmin.com\/fr\/#\/schema\/logo\/image\/"},"sameAs":["https:\/\/www.facebook.com\/Joyas-Yasmin-217664058934169\/","https:\/\/www.instagram.com\/invites\/contact\/"]}]}},"_links":{"self":[{"href":"https:\/\/joyasyasmin.com\/fr\/wp-json\/wp\/v2\/product\/30792","targetHints":{"allow":["GET"]}}],"collection":[{"href":"https:\/\/joyasyasmin.com\/fr\/wp-json\/wp\/v2\/product"}],"about":[{"href":"https:\/\/joyasyasmin.com\/fr\/wp-json\/wp\/v2\/types\/product"}],"replies":[{"embeddable":true,"href":"https:\/\/joyasyasmin.com\/fr\/wp-json\/wp\/v2\/comments?post=30792"}],"version-history":[{"count":0,"href":"https:\/\/joyasyasmin.com\/fr\/wp-json\/wp\/v2\/product\/30792\/revisions"}],"wp:featuredmedia":[{"embeddable":true,"href":"https:\/\/joyasyasmin.com\/fr\/wp-json\/wp\/v2\/media\/30237"}],"wp:attachment":[{"href":"https:\/\/joyasyasmin.com\/fr\/wp-json\/wp\/v2\/media?parent=30792"}],"wp:term":[{"taxonomy":"product_brand","embeddable":true,"href":"https:\/\/joyasyasmin.com\/fr\/wp-json\/wp\/v2\/product_brand?post=30792"},{"taxonomy":"product_cat","embeddable":true,"href":"https:\/\/joyasyasmin.com\/fr\/wp-json\/wp\/v2\/product_cat?post=30792"},{"taxonomy":"product_tag","embeddable":true,"href":"https:\/\/joyasyasmin.com\/fr\/wp-json\/wp\/v2\/product_tag?post=30792"}],"curies":[{"name":"wp","href":"https:\/\/api.w.org\/{rel}","templated":true}]}}