{"id":30860,"date":"2025-02-16T21:33:45","date_gmt":"2025-02-16T21:33:45","guid":{"rendered":"https:\/\/joyasyasmin.com\/producto\/tour-de-cou-a-clous\/"},"modified":"2025-11-10T11:32:30","modified_gmt":"2025-11-10T11:32:30","slug":"tour-de-cou-a-clous","status":"publish","type":"product","link":"https:\/\/joyasyasmin.com\/fr\/producto\/tour-de-cou-a-clous\/","title":{"rendered":"Tour de cou \u00e0 clous"},"content":{"rendered":"","protected":false},"excerpt":{"rendered":"<p>D\u00e9couvrez l\u2019\u00e9l\u00e9gance et la modernit\u00e9 de notre tour de cou en argent 925, une pi\u00e8ce sophistiqu\u00e9e qui allie design et brillance dans les moindres d\u00e9tails. La cha\u00eene rolo de 1 mm d\u2019\u00e9paisseur apporte d\u00e9licatesse et r\u00e9sistance, avec une longueur ajustable de 42 + 3 cm pour s\u2019adapter parfaitement \u00e0 votre style. <\/p>\n<p>Le pendentif en forme de clou, orn\u00e9 de zircons soigneusement sertis, symbolise la force et la d\u00e9termination, tandis que les trois zircons suspendus sur la cha\u00eene ajoutent une touche de mouvement et de lumi\u00e8re, rehaussant son design unique.<\/p>\n<p>Id\u00e9al pour \u00eatre port\u00e9 seul ou superpos\u00e9 avec d\u2019autres bijoux, ce ras de cou est parfait pour ceux qui recherchent une pi\u00e8ce polyvalente et \u00e9l\u00e9gante avec une signification particuli\u00e8re. Montrez-le et brillez de personnalit\u00e9 ! <\/p>\n","protected":false},"featured_media":30309,"comment_status":"open","ping_status":"closed","template":"","meta":{"_acf_changed":false,"_joinchat":[]},"product_brand":[],"product_cat":[1870],"product_tag":[],"class_list":{"0":"post-30860","1":"product","2":"type-product","3":"status-publish","4":"has-post-thumbnail","6":"product_cat-colliers-fr","8":"first","9":"instock","10":"shipping-taxable","11":"purchasable","12":"product-type-simple"},"acf":[],"yoast_head":"<!-- This site is optimized with the Yoast SEO plugin v27.2 - https:\/\/yoast.com\/product\/yoast-seo-wordpress\/ -->\n<title>Tour de cou \u00e0 clous - Yasmin<\/title>\n<meta name=\"description\" content=\"Tour de cou en argent 925 avec cha\u00eene rolo de 1 mm, pendentif en forme de clou avec zircone et trois zircons pendants. L\u2019\u00e9l\u00e9gance et la brillance dans les moindres d\u00e9tails.\" \/>\n<meta name=\"robots\" content=\"index, follow, max-snippet:-1, max-image-preview:large, max-video-preview:-1\" \/>\n<link rel=\"canonical\" href=\"https:\/\/joyasyasmin.com\/fr\/producto\/tour-de-cou-a-clous\/\" \/>\n<meta property=\"og:locale\" content=\"fr_FR\" \/>\n<meta property=\"og:title\" content=\"Tour de cou \u00e0 clous - Yasmin\" \/>\n<meta property=\"og:description\" content=\"Tour de cou en argent 925 avec cha\u00eene rolo de 1 mm, pendentif en forme de clou avec zircone et trois zircons pendants. L\u2019\u00e9l\u00e9gance et la brillance dans les moindres d\u00e9tails.\" \/>\n<meta property=\"og:url\" content=\"https:\/\/joyasyasmin.com\/fr\/producto\/tour-de-cou-a-clous\/\" \/>\n<meta property=\"og:site_name\" content=\"Yasmin\" \/>\n<meta property=\"article:publisher\" content=\"https:\/\/www.facebook.com\/Joyas-Yasmin-217664058934169\/\" \/>\n<meta property=\"article:modified_time\" content=\"2025-11-10T11:32:30+00:00\" \/>\n<meta property=\"og:image\" content=\"https:\/\/joyasyasmin.com\/wp-content\/uploads\/2025\/02\/gargantilla-del-clavo.jpg\" \/>\n\t<meta property=\"og:image:width\" content=\"1000\" \/>\n\t<meta property=\"og:image:height\" content=\"1000\" \/>\n\t<meta property=\"og:image:type\" content=\"image\/jpeg\" \/>\n<meta name=\"twitter:card\" content=\"summary_large_image\" \/>\n<script type=\"application\/ld+json\" class=\"yoast-schema-graph\">{\"@context\":\"https:\/\/schema.org\",\"@graph\":[{\"@type\":[\"WebPage\",\"ItemPage\"],\"@id\":\"https:\/\/joyasyasmin.com\/fr\/producto\/tour-de-cou-a-clous\/\",\"url\":\"https:\/\/joyasyasmin.com\/fr\/producto\/tour-de-cou-a-clous\/\",\"name\":\"Tour de cou \u00e0 clous - Yasmin\",\"isPartOf\":{\"@id\":\"https:\/\/joyasyasmin.com\/fr\/#website\"},\"primaryImageOfPage\":{\"@id\":\"https:\/\/joyasyasmin.com\/fr\/producto\/tour-de-cou-a-clous\/#primaryimage\"},\"image\":{\"@id\":\"https:\/\/joyasyasmin.com\/fr\/producto\/tour-de-cou-a-clous\/#primaryimage\"},\"thumbnailUrl\":\"https:\/\/joyasyasmin.com\/wp-content\/uploads\/2025\/02\/gargantilla-del-clavo.jpg\",\"datePublished\":\"2025-02-16T21:33:45+00:00\",\"dateModified\":\"2025-11-10T11:32:30+00:00\",\"description\":\"Tour de cou en argent 925 avec cha\u00eene rolo de 1 mm, pendentif en forme de clou avec zircone et trois zircons pendants. L\u2019\u00e9l\u00e9gance et la brillance dans les moindres d\u00e9tails.\",\"breadcrumb\":{\"@id\":\"https:\/\/joyasyasmin.com\/fr\/producto\/tour-de-cou-a-clous\/#breadcrumb\"},\"inLanguage\":\"fr-FR\",\"potentialAction\":[{\"@type\":\"ReadAction\",\"target\":[\"https:\/\/joyasyasmin.com\/fr\/producto\/tour-de-cou-a-clous\/\"]}]},{\"@type\":\"ImageObject\",\"inLanguage\":\"fr-FR\",\"@id\":\"https:\/\/joyasyasmin.com\/fr\/producto\/tour-de-cou-a-clous\/#primaryimage\",\"url\":\"https:\/\/joyasyasmin.com\/wp-content\/uploads\/2025\/02\/gargantilla-del-clavo.jpg\",\"contentUrl\":\"https:\/\/joyasyasmin.com\/wp-content\/uploads\/2025\/02\/gargantilla-del-clavo.jpg\",\"width\":1000,\"height\":1000,\"caption\":\"925 ras de cou en forme de clou en argent \u00e0 vendre\"},{\"@type\":\"BreadcrumbList\",\"@id\":\"https:\/\/joyasyasmin.com\/fr\/producto\/tour-de-cou-a-clous\/#breadcrumb\",\"itemListElement\":[{\"@type\":\"ListItem\",\"position\":1,\"name\":\"Portada\",\"item\":\"https:\/\/joyasyasmin.com\/fr\/domicile\/\"},{\"@type\":\"ListItem\",\"position\":2,\"name\":\"Boutique\",\"item\":\"https:\/\/joyasyasmin.com\/fr\/boutique\/\"},{\"@type\":\"ListItem\",\"position\":3,\"name\":\"Tour de cou \u00e0 clous\"}]},{\"@type\":\"WebSite\",\"@id\":\"https:\/\/joyasyasmin.com\/fr\/#website\",\"url\":\"https:\/\/joyasyasmin.com\/fr\/\",\"name\":\"Yasmin\",\"description\":\"Joyer\u00eda de Plata 925 - Pendientes, pulseras, anillos, colgantes y m\u00e1s!\",\"publisher\":{\"@id\":\"https:\/\/joyasyasmin.com\/fr\/#organization\"},\"potentialAction\":[{\"@type\":\"SearchAction\",\"target\":{\"@type\":\"EntryPoint\",\"urlTemplate\":\"https:\/\/joyasyasmin.com\/fr\/?s={search_term_string}\"},\"query-input\":{\"@type\":\"PropertyValueSpecification\",\"valueRequired\":true,\"valueName\":\"search_term_string\"}}],\"inLanguage\":\"fr-FR\"},{\"@type\":\"Organization\",\"@id\":\"https:\/\/joyasyasmin.com\/fr\/#organization\",\"name\":\"joyas yasmin\",\"url\":\"https:\/\/joyasyasmin.com\/fr\/\",\"logo\":{\"@type\":\"ImageObject\",\"inLanguage\":\"fr-FR\",\"@id\":\"https:\/\/joyasyasmin.com\/fr\/#\/schema\/logo\/image\/\",\"url\":\"https:\/\/joyasyasmin.com\/wp-content\/uploads\/2017\/06\/IMG-20200429-WA0051.jpg\",\"contentUrl\":\"https:\/\/joyasyasmin.com\/wp-content\/uploads\/2017\/06\/IMG-20200429-WA0051.jpg\",\"width\":1080,\"height\":545,\"caption\":\"joyas yasmin\"},\"image\":{\"@id\":\"https:\/\/joyasyasmin.com\/fr\/#\/schema\/logo\/image\/\"},\"sameAs\":[\"https:\/\/www.facebook.com\/Joyas-Yasmin-217664058934169\/\",\"https:\/\/www.instagram.com\/invites\/contact\/\"]}]}<\/script>\n<!-- \/ Yoast SEO plugin. -->","yoast_head_json":{"title":"Tour de cou \u00e0 clous - Yasmin","description":"Tour de cou en argent 925 avec cha\u00eene rolo de 1 mm, pendentif en forme de clou avec zircone et trois zircons pendants. L\u2019\u00e9l\u00e9gance et la brillance dans les moindres d\u00e9tails.","robots":{"index":"index","follow":"follow","max-snippet":"max-snippet:-1","max-image-preview":"max-image-preview:large","max-video-preview":"max-video-preview:-1"},"canonical":"https:\/\/joyasyasmin.com\/fr\/producto\/tour-de-cou-a-clous\/","og_locale":"fr_FR","og_title":"Tour de cou \u00e0 clous - Yasmin","og_description":"Tour de cou en argent 925 avec cha\u00eene rolo de 1 mm, pendentif en forme de clou avec zircone et trois zircons pendants. L\u2019\u00e9l\u00e9gance et la brillance dans les moindres d\u00e9tails.","og_url":"https:\/\/joyasyasmin.com\/fr\/producto\/tour-de-cou-a-clous\/","og_site_name":"Yasmin","article_publisher":"https:\/\/www.facebook.com\/Joyas-Yasmin-217664058934169\/","article_modified_time":"2025-11-10T11:32:30+00:00","og_image":[{"width":1000,"height":1000,"url":"https:\/\/joyasyasmin.com\/wp-content\/uploads\/2025\/02\/gargantilla-del-clavo.jpg","type":"image\/jpeg"}],"twitter_card":"summary_large_image","schema":{"@context":"https:\/\/schema.org","@graph":[{"@type":["WebPage","ItemPage"],"@id":"https:\/\/joyasyasmin.com\/fr\/producto\/tour-de-cou-a-clous\/","url":"https:\/\/joyasyasmin.com\/fr\/producto\/tour-de-cou-a-clous\/","name":"Tour de cou \u00e0 clous - Yasmin","isPartOf":{"@id":"https:\/\/joyasyasmin.com\/fr\/#website"},"primaryImageOfPage":{"@id":"https:\/\/joyasyasmin.com\/fr\/producto\/tour-de-cou-a-clous\/#primaryimage"},"image":{"@id":"https:\/\/joyasyasmin.com\/fr\/producto\/tour-de-cou-a-clous\/#primaryimage"},"thumbnailUrl":"https:\/\/joyasyasmin.com\/wp-content\/uploads\/2025\/02\/gargantilla-del-clavo.jpg","datePublished":"2025-02-16T21:33:45+00:00","dateModified":"2025-11-10T11:32:30+00:00","description":"Tour de cou en argent 925 avec cha\u00eene rolo de 1 mm, pendentif en forme de clou avec zircone et trois zircons pendants. L\u2019\u00e9l\u00e9gance et la brillance dans les moindres d\u00e9tails.","breadcrumb":{"@id":"https:\/\/joyasyasmin.com\/fr\/producto\/tour-de-cou-a-clous\/#breadcrumb"},"inLanguage":"fr-FR","potentialAction":[{"@type":"ReadAction","target":["https:\/\/joyasyasmin.com\/fr\/producto\/tour-de-cou-a-clous\/"]}]},{"@type":"ImageObject","inLanguage":"fr-FR","@id":"https:\/\/joyasyasmin.com\/fr\/producto\/tour-de-cou-a-clous\/#primaryimage","url":"https:\/\/joyasyasmin.com\/wp-content\/uploads\/2025\/02\/gargantilla-del-clavo.jpg","contentUrl":"https:\/\/joyasyasmin.com\/wp-content\/uploads\/2025\/02\/gargantilla-del-clavo.jpg","width":1000,"height":1000,"caption":"925 ras de cou en forme de clou en argent \u00e0 vendre"},{"@type":"BreadcrumbList","@id":"https:\/\/joyasyasmin.com\/fr\/producto\/tour-de-cou-a-clous\/#breadcrumb","itemListElement":[{"@type":"ListItem","position":1,"name":"Portada","item":"https:\/\/joyasyasmin.com\/fr\/domicile\/"},{"@type":"ListItem","position":2,"name":"Boutique","item":"https:\/\/joyasyasmin.com\/fr\/boutique\/"},{"@type":"ListItem","position":3,"name":"Tour de cou \u00e0 clous"}]},{"@type":"WebSite","@id":"https:\/\/joyasyasmin.com\/fr\/#website","url":"https:\/\/joyasyasmin.com\/fr\/","name":"Yasmin","description":"Joyer\u00eda de Plata 925 - Pendientes, pulseras, anillos, colgantes y m\u00e1s!","publisher":{"@id":"https:\/\/joyasyasmin.com\/fr\/#organization"},"potentialAction":[{"@type":"SearchAction","target":{"@type":"EntryPoint","urlTemplate":"https:\/\/joyasyasmin.com\/fr\/?s={search_term_string}"},"query-input":{"@type":"PropertyValueSpecification","valueRequired":true,"valueName":"search_term_string"}}],"inLanguage":"fr-FR"},{"@type":"Organization","@id":"https:\/\/joyasyasmin.com\/fr\/#organization","name":"joyas yasmin","url":"https:\/\/joyasyasmin.com\/fr\/","logo":{"@type":"ImageObject","inLanguage":"fr-FR","@id":"https:\/\/joyasyasmin.com\/fr\/#\/schema\/logo\/image\/","url":"https:\/\/joyasyasmin.com\/wp-content\/uploads\/2017\/06\/IMG-20200429-WA0051.jpg","contentUrl":"https:\/\/joyasyasmin.com\/wp-content\/uploads\/2017\/06\/IMG-20200429-WA0051.jpg","width":1080,"height":545,"caption":"joyas yasmin"},"image":{"@id":"https:\/\/joyasyasmin.com\/fr\/#\/schema\/logo\/image\/"},"sameAs":["https:\/\/www.facebook.com\/Joyas-Yasmin-217664058934169\/","https:\/\/www.instagram.com\/invites\/contact\/"]}]}},"_links":{"self":[{"href":"https:\/\/joyasyasmin.com\/fr\/wp-json\/wp\/v2\/product\/30860","targetHints":{"allow":["GET"]}}],"collection":[{"href":"https:\/\/joyasyasmin.com\/fr\/wp-json\/wp\/v2\/product"}],"about":[{"href":"https:\/\/joyasyasmin.com\/fr\/wp-json\/wp\/v2\/types\/product"}],"replies":[{"embeddable":true,"href":"https:\/\/joyasyasmin.com\/fr\/wp-json\/wp\/v2\/comments?post=30860"}],"version-history":[{"count":1,"href":"https:\/\/joyasyasmin.com\/fr\/wp-json\/wp\/v2\/product\/30860\/revisions"}],"predecessor-version":[{"id":35803,"href":"https:\/\/joyasyasmin.com\/fr\/wp-json\/wp\/v2\/product\/30860\/revisions\/35803"}],"wp:featuredmedia":[{"embeddable":true,"href":"https:\/\/joyasyasmin.com\/fr\/wp-json\/wp\/v2\/media\/30309"}],"wp:attachment":[{"href":"https:\/\/joyasyasmin.com\/fr\/wp-json\/wp\/v2\/media?parent=30860"}],"wp:term":[{"taxonomy":"product_brand","embeddable":true,"href":"https:\/\/joyasyasmin.com\/fr\/wp-json\/wp\/v2\/product_brand?post=30860"},{"taxonomy":"product_cat","embeddable":true,"href":"https:\/\/joyasyasmin.com\/fr\/wp-json\/wp\/v2\/product_cat?post=30860"},{"taxonomy":"product_tag","embeddable":true,"href":"https:\/\/joyasyasmin.com\/fr\/wp-json\/wp\/v2\/product_tag?post=30860"}],"curies":[{"name":"wp","href":"https:\/\/api.w.org\/{rel}","templated":true}]}}