{"id":30903,"date":"2025-02-26T21:03:55","date_gmt":"2025-02-26T21:03:55","guid":{"rendered":"https:\/\/joyasyasmin.com\/producto\/bracelet-double-perle-coquillage\/"},"modified":"2025-08-06T07:32:41","modified_gmt":"2025-08-06T07:32:41","slug":"bracelet-double-perle-coquillage","status":"publish","type":"product","link":"https:\/\/joyasyasmin.com\/fr\/producto\/bracelet-double-perle-coquillage\/","title":{"rendered":"Bracelet Double Perle Coquillage"},"content":{"rendered":"","protected":false},"excerpt":{"rendered":"<p>D\u00e9couvrez l\u2019\u00e9l\u00e9gance et la sophistication en un seul morceau. Notre <strong data-start=\"234\" data-end=\"251\">bracelet double<\/strong> allie la d\u00e9licatesse d\u2019une <strong data-start=\"289\" data-end=\"315\">rang\u00e9e de perles Shell de 2,5 mm<\/strong> \u00e0 <strong data-start=\"337\" data-end=\"372\">l\u2019\u00e9clat d\u2019une cha\u00eene rolo en argent sterling 925<\/strong>, orn\u00e9e de <strong data-start=\"387\" data-end=\"415\">trois zircons color\u00e9s<\/strong> pour une touche de lumi\u00e8re et de style. Son <strong data-start=\"469\" data-end=\"482\">design polyvalent de 17 + 3 cm d\u2019extension s\u2019adapte<\/strong> parfaitement \u00e0 votre poignet, id\u00e9al \u00e0 porter seul ou combin\u00e9 avec d\u2019autres bracelets.  <\/p>\n","protected":false},"featured_media":30513,"comment_status":"open","ping_status":"closed","template":"","meta":{"_acf_changed":false,"_joinchat":[]},"product_brand":[],"product_cat":[1790],"product_tag":[2174,1931],"class_list":{"0":"post-30903","1":"product","2":"type-product","3":"status-publish","4":"has-post-thumbnail","6":"product_cat-bracelets","7":"product_tag-nouveautes-2023","8":"product_tag-nouvelle-collection","10":"first","11":"instock","12":"shipping-taxable","13":"purchasable","14":"product-type-variable"},"acf":[],"yoast_head":"<!-- This site is optimized with the Yoast SEO plugin v27.2 - https:\/\/yoast.com\/product\/yoast-seo-wordpress\/ -->\n<title>Bracelet Double Perle Coquillage - Yasmin<\/title>\n<meta name=\"description\" content=\"Bracelet double en argent sterling 925 avec perles Shell de 2,5 mm et cha\u00eene rolo avec trois zircons color\u00e9s. \u00c9l\u00e9gant, polyvalent et r\u00e9glable (17+3 cm).\" \/>\n<meta name=\"robots\" content=\"index, follow, max-snippet:-1, max-image-preview:large, max-video-preview:-1\" \/>\n<link rel=\"canonical\" href=\"https:\/\/joyasyasmin.com\/fr\/producto\/bracelet-double-perle-coquillage\/\" \/>\n<meta property=\"og:locale\" content=\"fr_FR\" \/>\n<meta property=\"og:title\" content=\"Bracelet Double Perle Coquillage - Yasmin\" \/>\n<meta property=\"og:description\" content=\"Bracelet double en argent sterling 925 avec perles Shell de 2,5 mm et cha\u00eene rolo avec trois zircons color\u00e9s. \u00c9l\u00e9gant, polyvalent et r\u00e9glable (17+3 cm).\" \/>\n<meta property=\"og:url\" content=\"https:\/\/joyasyasmin.com\/fr\/producto\/bracelet-double-perle-coquillage\/\" \/>\n<meta property=\"og:site_name\" content=\"Yasmin\" \/>\n<meta property=\"article:publisher\" content=\"https:\/\/www.facebook.com\/Joyas-Yasmin-217664058934169\/\" \/>\n<meta property=\"article:modified_time\" content=\"2025-08-06T07:32:41+00:00\" \/>\n<meta property=\"og:image\" content=\"https:\/\/joyasyasmin.com\/wp-content\/uploads\/2025\/02\/pulsera-princesa-doble-cadena.jpg\" \/>\n\t<meta property=\"og:image:width\" content=\"1000\" \/>\n\t<meta property=\"og:image:height\" content=\"1000\" \/>\n\t<meta property=\"og:image:type\" content=\"image\/jpeg\" \/>\n<meta name=\"twitter:card\" content=\"summary_large_image\" \/>\n<script type=\"application\/ld+json\" class=\"yoast-schema-graph\">{\"@context\":\"https:\/\/schema.org\",\"@graph\":[{\"@type\":[\"WebPage\",\"ItemPage\"],\"@id\":\"https:\/\/joyasyasmin.com\/fr\/producto\/bracelet-double-perle-coquillage\/\",\"url\":\"https:\/\/joyasyasmin.com\/fr\/producto\/bracelet-double-perle-coquillage\/\",\"name\":\"Bracelet Double Perle Coquillage - Yasmin\",\"isPartOf\":{\"@id\":\"https:\/\/joyasyasmin.com\/fr\/#website\"},\"primaryImageOfPage\":{\"@id\":\"https:\/\/joyasyasmin.com\/fr\/producto\/bracelet-double-perle-coquillage\/#primaryimage\"},\"image\":{\"@id\":\"https:\/\/joyasyasmin.com\/fr\/producto\/bracelet-double-perle-coquillage\/#primaryimage\"},\"thumbnailUrl\":\"https:\/\/joyasyasmin.com\/wp-content\/uploads\/2025\/02\/pulsera-princesa-doble-cadena.jpg\",\"datePublished\":\"2025-02-26T21:03:55+00:00\",\"dateModified\":\"2025-08-06T07:32:41+00:00\",\"description\":\"Bracelet double en argent sterling 925 avec perles Shell de 2,5 mm et cha\u00eene rolo avec trois zircons color\u00e9s. \u00c9l\u00e9gant, polyvalent et r\u00e9glable (17+3 cm).\",\"breadcrumb\":{\"@id\":\"https:\/\/joyasyasmin.com\/fr\/producto\/bracelet-double-perle-coquillage\/#breadcrumb\"},\"inLanguage\":\"fr-FR\",\"potentialAction\":[{\"@type\":\"ReadAction\",\"target\":[\"https:\/\/joyasyasmin.com\/fr\/producto\/bracelet-double-perle-coquillage\/\"]}]},{\"@type\":\"ImageObject\",\"inLanguage\":\"fr-FR\",\"@id\":\"https:\/\/joyasyasmin.com\/fr\/producto\/bracelet-double-perle-coquillage\/#primaryimage\",\"url\":\"https:\/\/joyasyasmin.com\/wp-content\/uploads\/2025\/02\/pulsera-princesa-doble-cadena.jpg\",\"contentUrl\":\"https:\/\/joyasyasmin.com\/wp-content\/uploads\/2025\/02\/pulsera-princesa-doble-cadena.jpg\",\"width\":1000,\"height\":1000,\"caption\":\"venta de pulsera perla shell doble cadena de plata 925\"},{\"@type\":\"BreadcrumbList\",\"@id\":\"https:\/\/joyasyasmin.com\/fr\/producto\/bracelet-double-perle-coquillage\/#breadcrumb\",\"itemListElement\":[{\"@type\":\"ListItem\",\"position\":1,\"name\":\"Portada\",\"item\":\"https:\/\/joyasyasmin.com\/fr\/domicile\/\"},{\"@type\":\"ListItem\",\"position\":2,\"name\":\"Boutique\",\"item\":\"https:\/\/joyasyasmin.com\/fr\/boutique\/\"},{\"@type\":\"ListItem\",\"position\":3,\"name\":\"Bracelet Double Perle Coquillage\"}]},{\"@type\":\"WebSite\",\"@id\":\"https:\/\/joyasyasmin.com\/fr\/#website\",\"url\":\"https:\/\/joyasyasmin.com\/fr\/\",\"name\":\"Yasmin\",\"description\":\"Joyer\u00eda de Plata 925 - Pendientes, pulseras, anillos, colgantes y m\u00e1s!\",\"publisher\":{\"@id\":\"https:\/\/joyasyasmin.com\/fr\/#organization\"},\"potentialAction\":[{\"@type\":\"SearchAction\",\"target\":{\"@type\":\"EntryPoint\",\"urlTemplate\":\"https:\/\/joyasyasmin.com\/fr\/?s={search_term_string}\"},\"query-input\":{\"@type\":\"PropertyValueSpecification\",\"valueRequired\":true,\"valueName\":\"search_term_string\"}}],\"inLanguage\":\"fr-FR\"},{\"@type\":\"Organization\",\"@id\":\"https:\/\/joyasyasmin.com\/fr\/#organization\",\"name\":\"joyas yasmin\",\"url\":\"https:\/\/joyasyasmin.com\/fr\/\",\"logo\":{\"@type\":\"ImageObject\",\"inLanguage\":\"fr-FR\",\"@id\":\"https:\/\/joyasyasmin.com\/fr\/#\/schema\/logo\/image\/\",\"url\":\"https:\/\/joyasyasmin.com\/wp-content\/uploads\/2017\/06\/IMG-20200429-WA0051.jpg\",\"contentUrl\":\"https:\/\/joyasyasmin.com\/wp-content\/uploads\/2017\/06\/IMG-20200429-WA0051.jpg\",\"width\":1080,\"height\":545,\"caption\":\"joyas yasmin\"},\"image\":{\"@id\":\"https:\/\/joyasyasmin.com\/fr\/#\/schema\/logo\/image\/\"},\"sameAs\":[\"https:\/\/www.facebook.com\/Joyas-Yasmin-217664058934169\/\",\"https:\/\/www.instagram.com\/invites\/contact\/\"]}]}<\/script>\n<!-- \/ Yoast SEO plugin. -->","yoast_head_json":{"title":"Bracelet Double Perle Coquillage - Yasmin","description":"Bracelet double en argent sterling 925 avec perles Shell de 2,5 mm et cha\u00eene rolo avec trois zircons color\u00e9s. \u00c9l\u00e9gant, polyvalent et r\u00e9glable (17+3 cm).","robots":{"index":"index","follow":"follow","max-snippet":"max-snippet:-1","max-image-preview":"max-image-preview:large","max-video-preview":"max-video-preview:-1"},"canonical":"https:\/\/joyasyasmin.com\/fr\/producto\/bracelet-double-perle-coquillage\/","og_locale":"fr_FR","og_title":"Bracelet Double Perle Coquillage - Yasmin","og_description":"Bracelet double en argent sterling 925 avec perles Shell de 2,5 mm et cha\u00eene rolo avec trois zircons color\u00e9s. \u00c9l\u00e9gant, polyvalent et r\u00e9glable (17+3 cm).","og_url":"https:\/\/joyasyasmin.com\/fr\/producto\/bracelet-double-perle-coquillage\/","og_site_name":"Yasmin","article_publisher":"https:\/\/www.facebook.com\/Joyas-Yasmin-217664058934169\/","article_modified_time":"2025-08-06T07:32:41+00:00","og_image":[{"width":1000,"height":1000,"url":"https:\/\/joyasyasmin.com\/wp-content\/uploads\/2025\/02\/pulsera-princesa-doble-cadena.jpg","type":"image\/jpeg"}],"twitter_card":"summary_large_image","schema":{"@context":"https:\/\/schema.org","@graph":[{"@type":["WebPage","ItemPage"],"@id":"https:\/\/joyasyasmin.com\/fr\/producto\/bracelet-double-perle-coquillage\/","url":"https:\/\/joyasyasmin.com\/fr\/producto\/bracelet-double-perle-coquillage\/","name":"Bracelet Double Perle Coquillage - Yasmin","isPartOf":{"@id":"https:\/\/joyasyasmin.com\/fr\/#website"},"primaryImageOfPage":{"@id":"https:\/\/joyasyasmin.com\/fr\/producto\/bracelet-double-perle-coquillage\/#primaryimage"},"image":{"@id":"https:\/\/joyasyasmin.com\/fr\/producto\/bracelet-double-perle-coquillage\/#primaryimage"},"thumbnailUrl":"https:\/\/joyasyasmin.com\/wp-content\/uploads\/2025\/02\/pulsera-princesa-doble-cadena.jpg","datePublished":"2025-02-26T21:03:55+00:00","dateModified":"2025-08-06T07:32:41+00:00","description":"Bracelet double en argent sterling 925 avec perles Shell de 2,5 mm et cha\u00eene rolo avec trois zircons color\u00e9s. \u00c9l\u00e9gant, polyvalent et r\u00e9glable (17+3 cm).","breadcrumb":{"@id":"https:\/\/joyasyasmin.com\/fr\/producto\/bracelet-double-perle-coquillage\/#breadcrumb"},"inLanguage":"fr-FR","potentialAction":[{"@type":"ReadAction","target":["https:\/\/joyasyasmin.com\/fr\/producto\/bracelet-double-perle-coquillage\/"]}]},{"@type":"ImageObject","inLanguage":"fr-FR","@id":"https:\/\/joyasyasmin.com\/fr\/producto\/bracelet-double-perle-coquillage\/#primaryimage","url":"https:\/\/joyasyasmin.com\/wp-content\/uploads\/2025\/02\/pulsera-princesa-doble-cadena.jpg","contentUrl":"https:\/\/joyasyasmin.com\/wp-content\/uploads\/2025\/02\/pulsera-princesa-doble-cadena.jpg","width":1000,"height":1000,"caption":"venta de pulsera perla shell doble cadena de plata 925"},{"@type":"BreadcrumbList","@id":"https:\/\/joyasyasmin.com\/fr\/producto\/bracelet-double-perle-coquillage\/#breadcrumb","itemListElement":[{"@type":"ListItem","position":1,"name":"Portada","item":"https:\/\/joyasyasmin.com\/fr\/domicile\/"},{"@type":"ListItem","position":2,"name":"Boutique","item":"https:\/\/joyasyasmin.com\/fr\/boutique\/"},{"@type":"ListItem","position":3,"name":"Bracelet Double Perle Coquillage"}]},{"@type":"WebSite","@id":"https:\/\/joyasyasmin.com\/fr\/#website","url":"https:\/\/joyasyasmin.com\/fr\/","name":"Yasmin","description":"Joyer\u00eda de Plata 925 - Pendientes, pulseras, anillos, colgantes y m\u00e1s!","publisher":{"@id":"https:\/\/joyasyasmin.com\/fr\/#organization"},"potentialAction":[{"@type":"SearchAction","target":{"@type":"EntryPoint","urlTemplate":"https:\/\/joyasyasmin.com\/fr\/?s={search_term_string}"},"query-input":{"@type":"PropertyValueSpecification","valueRequired":true,"valueName":"search_term_string"}}],"inLanguage":"fr-FR"},{"@type":"Organization","@id":"https:\/\/joyasyasmin.com\/fr\/#organization","name":"joyas yasmin","url":"https:\/\/joyasyasmin.com\/fr\/","logo":{"@type":"ImageObject","inLanguage":"fr-FR","@id":"https:\/\/joyasyasmin.com\/fr\/#\/schema\/logo\/image\/","url":"https:\/\/joyasyasmin.com\/wp-content\/uploads\/2017\/06\/IMG-20200429-WA0051.jpg","contentUrl":"https:\/\/joyasyasmin.com\/wp-content\/uploads\/2017\/06\/IMG-20200429-WA0051.jpg","width":1080,"height":545,"caption":"joyas yasmin"},"image":{"@id":"https:\/\/joyasyasmin.com\/fr\/#\/schema\/logo\/image\/"},"sameAs":["https:\/\/www.facebook.com\/Joyas-Yasmin-217664058934169\/","https:\/\/www.instagram.com\/invites\/contact\/"]}]}},"_links":{"self":[{"href":"https:\/\/joyasyasmin.com\/fr\/wp-json\/wp\/v2\/product\/30903","targetHints":{"allow":["GET"]}}],"collection":[{"href":"https:\/\/joyasyasmin.com\/fr\/wp-json\/wp\/v2\/product"}],"about":[{"href":"https:\/\/joyasyasmin.com\/fr\/wp-json\/wp\/v2\/types\/product"}],"replies":[{"embeddable":true,"href":"https:\/\/joyasyasmin.com\/fr\/wp-json\/wp\/v2\/comments?post=30903"}],"version-history":[{"count":1,"href":"https:\/\/joyasyasmin.com\/fr\/wp-json\/wp\/v2\/product\/30903\/revisions"}],"predecessor-version":[{"id":34194,"href":"https:\/\/joyasyasmin.com\/fr\/wp-json\/wp\/v2\/product\/30903\/revisions\/34194"}],"wp:featuredmedia":[{"embeddable":true,"href":"https:\/\/joyasyasmin.com\/fr\/wp-json\/wp\/v2\/media\/30513"}],"wp:attachment":[{"href":"https:\/\/joyasyasmin.com\/fr\/wp-json\/wp\/v2\/media?parent=30903"}],"wp:term":[{"taxonomy":"product_brand","embeddable":true,"href":"https:\/\/joyasyasmin.com\/fr\/wp-json\/wp\/v2\/product_brand?post=30903"},{"taxonomy":"product_cat","embeddable":true,"href":"https:\/\/joyasyasmin.com\/fr\/wp-json\/wp\/v2\/product_cat?post=30903"},{"taxonomy":"product_tag","embeddable":true,"href":"https:\/\/joyasyasmin.com\/fr\/wp-json\/wp\/v2\/product_tag?post=30903"}],"curies":[{"name":"wp","href":"https:\/\/api.w.org\/{rel}","templated":true}]}}