{"id":30907,"date":"2025-02-26T21:46:12","date_gmt":"2025-02-26T21:46:12","guid":{"rendered":"https:\/\/joyasyasmin.com\/producto\/bracelet-double-avec-boules-et-zircons\/"},"modified":"2025-08-06T07:32:46","modified_gmt":"2025-08-06T07:32:46","slug":"bracelet-double-avec-boules-et-zircons","status":"publish","type":"product","link":"https:\/\/joyasyasmin.com\/fr\/producto\/bracelet-double-avec-boules-et-zircons\/","title":{"rendered":"Bracelet double avec boules et zircons"},"content":{"rendered":"","protected":false},"excerpt":{"rendered":"<p>Rehaussez votre style avec cet <strong>\u00e9l\u00e9gant bracelet double<\/strong> en <strong>argent sterling 925<\/strong>, con\u00e7u pour apporter \u00e9clat et sophistication \u00e0 votre look. Son design combine une <strong>cha\u00eene d\u00e9licate avec 4 boules<\/strong> et une autre avec <strong>trois zircons carr\u00e9s de diff\u00e9rentes couleurs<\/strong>, cr\u00e9ant un contraste unique et moderne. Avec une taille ajustable de <strong>17 + 3 cm<\/strong>, il s\u2019adapte parfaitement \u00e0 votre poignet, id\u00e9al pour un usage quotidien ou pour des occasions sp\u00e9ciales.  <\/p>\n<p>\ud83d\udc96 <strong>Mat\u00e9riau :<\/strong> Argent sterling 925<br \/>\n\ud83d\udc8e <strong>D\u00e9tails :<\/strong> 4 boules + 3 zircons carr\u00e9s de diff\u00e9rentes couleurs<br \/>\n\ud83d\udccf <strong>Mesure :<\/strong> 17 cm + 3 cm d\u2019extension<br \/>\n\ud83c\udf81 <strong>Parfait pour donner ou compl\u00e9ter votre style<\/strong><\/p>\n<p>Un bijou polyvalent et sophistiqu\u00e9 qui ne peut pas manquer dans votre collection. Ajoutez-le \u00e0 votre panier d\u00e8s aujourd\u2019hui ! \u2728<\/p>\n<p>&nbsp;<\/p>\n","protected":false},"featured_media":30543,"comment_status":"open","ping_status":"closed","template":"","meta":{"_acf_changed":false,"_joinchat":[]},"product_brand":[],"product_cat":[1790],"product_tag":[1931,1920],"class_list":{"0":"post-30907","1":"product","2":"type-product","3":"status-publish","4":"has-post-thumbnail","6":"product_cat-bracelets","7":"product_tag-nouvelle-collection","8":"product_tag-nouvelles","10":"first","11":"outofstock","12":"shipping-taxable","13":"purchasable","14":"product-type-simple"},"acf":[],"yoast_head":"<!-- This site is optimized with the Yoast SEO plugin v27.2 - https:\/\/yoast.com\/product\/yoast-seo-wordpress\/ -->\n<title>Bracelet double avec boules et zircons - Yasmin<\/title>\n<meta name=\"description\" content=\"Bracelet double en argent sterling 925 avec une cha\u00eene \u00e0 4 pelles et un autre avec 3 zircons carr\u00e9s de couleurs diff\u00e9rentes. R\u00e9glable (17+3 cm), \u00e9l\u00e9gant et polyvalent.\" \/>\n<meta name=\"robots\" content=\"index, follow, max-snippet:-1, max-image-preview:large, max-video-preview:-1\" \/>\n<link rel=\"canonical\" href=\"https:\/\/joyasyasmin.com\/fr\/producto\/bracelet-double-avec-boules-et-zircons\/\" \/>\n<meta property=\"og:locale\" content=\"fr_FR\" \/>\n<meta property=\"og:title\" content=\"Bracelet double avec boules et zircons - Yasmin\" \/>\n<meta property=\"og:description\" content=\"Bracelet double en argent sterling 925 avec une cha\u00eene \u00e0 4 pelles et un autre avec 3 zircons carr\u00e9s de couleurs diff\u00e9rentes. R\u00e9glable (17+3 cm), \u00e9l\u00e9gant et polyvalent.\" \/>\n<meta property=\"og:url\" content=\"https:\/\/joyasyasmin.com\/fr\/producto\/bracelet-double-avec-boules-et-zircons\/\" \/>\n<meta property=\"og:site_name\" content=\"Yasmin\" \/>\n<meta property=\"article:publisher\" content=\"https:\/\/www.facebook.com\/Joyas-Yasmin-217664058934169\/\" \/>\n<meta property=\"article:modified_time\" content=\"2025-08-06T07:32:46+00:00\" \/>\n<meta property=\"og:image\" content=\"https:\/\/joyasyasmin.com\/wp-content\/uploads\/2025\/02\/pulsera-doble-bolita-y-circonita.jpg\" \/>\n\t<meta property=\"og:image:width\" content=\"1000\" \/>\n\t<meta property=\"og:image:height\" content=\"1000\" \/>\n\t<meta property=\"og:image:type\" content=\"image\/jpeg\" \/>\n<meta name=\"twitter:card\" content=\"summary_large_image\" \/>\n<script type=\"application\/ld+json\" class=\"yoast-schema-graph\">{\"@context\":\"https:\/\/schema.org\",\"@graph\":[{\"@type\":[\"WebPage\",\"ItemPage\"],\"@id\":\"https:\/\/joyasyasmin.com\/fr\/producto\/bracelet-double-avec-boules-et-zircons\/\",\"url\":\"https:\/\/joyasyasmin.com\/fr\/producto\/bracelet-double-avec-boules-et-zircons\/\",\"name\":\"Bracelet double avec boules et zircons - Yasmin\",\"isPartOf\":{\"@id\":\"https:\/\/joyasyasmin.com\/fr\/#website\"},\"primaryImageOfPage\":{\"@id\":\"https:\/\/joyasyasmin.com\/fr\/producto\/bracelet-double-avec-boules-et-zircons\/#primaryimage\"},\"image\":{\"@id\":\"https:\/\/joyasyasmin.com\/fr\/producto\/bracelet-double-avec-boules-et-zircons\/#primaryimage\"},\"thumbnailUrl\":\"https:\/\/joyasyasmin.com\/wp-content\/uploads\/2025\/02\/pulsera-doble-bolita-y-circonita.jpg\",\"datePublished\":\"2025-02-26T21:46:12+00:00\",\"dateModified\":\"2025-08-06T07:32:46+00:00\",\"description\":\"Bracelet double en argent sterling 925 avec une cha\u00eene \u00e0 4 pelles et un autre avec 3 zircons carr\u00e9s de couleurs diff\u00e9rentes. R\u00e9glable (17+3 cm), \u00e9l\u00e9gant et polyvalent.\",\"breadcrumb\":{\"@id\":\"https:\/\/joyasyasmin.com\/fr\/producto\/bracelet-double-avec-boules-et-zircons\/#breadcrumb\"},\"inLanguage\":\"fr-FR\",\"potentialAction\":[{\"@type\":\"ReadAction\",\"target\":[\"https:\/\/joyasyasmin.com\/fr\/producto\/bracelet-double-avec-boules-et-zircons\/\"]}]},{\"@type\":\"ImageObject\",\"inLanguage\":\"fr-FR\",\"@id\":\"https:\/\/joyasyasmin.com\/fr\/producto\/bracelet-double-avec-boules-et-zircons\/#primaryimage\",\"url\":\"https:\/\/joyasyasmin.com\/wp-content\/uploads\/2025\/02\/pulsera-doble-bolita-y-circonita.jpg\",\"contentUrl\":\"https:\/\/joyasyasmin.com\/wp-content\/uploads\/2025\/02\/pulsera-doble-bolita-y-circonita.jpg\",\"width\":1000,\"height\":1000,\"caption\":\"Double Bracelet vente cha\u00eene boule avec zircone de couleur argent 925\"},{\"@type\":\"BreadcrumbList\",\"@id\":\"https:\/\/joyasyasmin.com\/fr\/producto\/bracelet-double-avec-boules-et-zircons\/#breadcrumb\",\"itemListElement\":[{\"@type\":\"ListItem\",\"position\":1,\"name\":\"Portada\",\"item\":\"https:\/\/joyasyasmin.com\/fr\/domicile\/\"},{\"@type\":\"ListItem\",\"position\":2,\"name\":\"Boutique\",\"item\":\"https:\/\/joyasyasmin.com\/fr\/boutique\/\"},{\"@type\":\"ListItem\",\"position\":3,\"name\":\"Bracelet double avec boules et zircons\"}]},{\"@type\":\"WebSite\",\"@id\":\"https:\/\/joyasyasmin.com\/fr\/#website\",\"url\":\"https:\/\/joyasyasmin.com\/fr\/\",\"name\":\"Yasmin\",\"description\":\"Joyer\u00eda de Plata 925 - Pendientes, pulseras, anillos, colgantes y m\u00e1s!\",\"publisher\":{\"@id\":\"https:\/\/joyasyasmin.com\/fr\/#organization\"},\"potentialAction\":[{\"@type\":\"SearchAction\",\"target\":{\"@type\":\"EntryPoint\",\"urlTemplate\":\"https:\/\/joyasyasmin.com\/fr\/?s={search_term_string}\"},\"query-input\":{\"@type\":\"PropertyValueSpecification\",\"valueRequired\":true,\"valueName\":\"search_term_string\"}}],\"inLanguage\":\"fr-FR\"},{\"@type\":\"Organization\",\"@id\":\"https:\/\/joyasyasmin.com\/fr\/#organization\",\"name\":\"joyas yasmin\",\"url\":\"https:\/\/joyasyasmin.com\/fr\/\",\"logo\":{\"@type\":\"ImageObject\",\"inLanguage\":\"fr-FR\",\"@id\":\"https:\/\/joyasyasmin.com\/fr\/#\/schema\/logo\/image\/\",\"url\":\"https:\/\/joyasyasmin.com\/wp-content\/uploads\/2017\/06\/IMG-20200429-WA0051.jpg\",\"contentUrl\":\"https:\/\/joyasyasmin.com\/wp-content\/uploads\/2017\/06\/IMG-20200429-WA0051.jpg\",\"width\":1080,\"height\":545,\"caption\":\"joyas yasmin\"},\"image\":{\"@id\":\"https:\/\/joyasyasmin.com\/fr\/#\/schema\/logo\/image\/\"},\"sameAs\":[\"https:\/\/www.facebook.com\/Joyas-Yasmin-217664058934169\/\",\"https:\/\/www.instagram.com\/invites\/contact\/\"]}]}<\/script>\n<!-- \/ Yoast SEO plugin. -->","yoast_head_json":{"title":"Bracelet double avec boules et zircons - Yasmin","description":"Bracelet double en argent sterling 925 avec une cha\u00eene \u00e0 4 pelles et un autre avec 3 zircons carr\u00e9s de couleurs diff\u00e9rentes. R\u00e9glable (17+3 cm), \u00e9l\u00e9gant et polyvalent.","robots":{"index":"index","follow":"follow","max-snippet":"max-snippet:-1","max-image-preview":"max-image-preview:large","max-video-preview":"max-video-preview:-1"},"canonical":"https:\/\/joyasyasmin.com\/fr\/producto\/bracelet-double-avec-boules-et-zircons\/","og_locale":"fr_FR","og_title":"Bracelet double avec boules et zircons - Yasmin","og_description":"Bracelet double en argent sterling 925 avec une cha\u00eene \u00e0 4 pelles et un autre avec 3 zircons carr\u00e9s de couleurs diff\u00e9rentes. R\u00e9glable (17+3 cm), \u00e9l\u00e9gant et polyvalent.","og_url":"https:\/\/joyasyasmin.com\/fr\/producto\/bracelet-double-avec-boules-et-zircons\/","og_site_name":"Yasmin","article_publisher":"https:\/\/www.facebook.com\/Joyas-Yasmin-217664058934169\/","article_modified_time":"2025-08-06T07:32:46+00:00","og_image":[{"width":1000,"height":1000,"url":"https:\/\/joyasyasmin.com\/wp-content\/uploads\/2025\/02\/pulsera-doble-bolita-y-circonita.jpg","type":"image\/jpeg"}],"twitter_card":"summary_large_image","schema":{"@context":"https:\/\/schema.org","@graph":[{"@type":["WebPage","ItemPage"],"@id":"https:\/\/joyasyasmin.com\/fr\/producto\/bracelet-double-avec-boules-et-zircons\/","url":"https:\/\/joyasyasmin.com\/fr\/producto\/bracelet-double-avec-boules-et-zircons\/","name":"Bracelet double avec boules et zircons - Yasmin","isPartOf":{"@id":"https:\/\/joyasyasmin.com\/fr\/#website"},"primaryImageOfPage":{"@id":"https:\/\/joyasyasmin.com\/fr\/producto\/bracelet-double-avec-boules-et-zircons\/#primaryimage"},"image":{"@id":"https:\/\/joyasyasmin.com\/fr\/producto\/bracelet-double-avec-boules-et-zircons\/#primaryimage"},"thumbnailUrl":"https:\/\/joyasyasmin.com\/wp-content\/uploads\/2025\/02\/pulsera-doble-bolita-y-circonita.jpg","datePublished":"2025-02-26T21:46:12+00:00","dateModified":"2025-08-06T07:32:46+00:00","description":"Bracelet double en argent sterling 925 avec une cha\u00eene \u00e0 4 pelles et un autre avec 3 zircons carr\u00e9s de couleurs diff\u00e9rentes. R\u00e9glable (17+3 cm), \u00e9l\u00e9gant et polyvalent.","breadcrumb":{"@id":"https:\/\/joyasyasmin.com\/fr\/producto\/bracelet-double-avec-boules-et-zircons\/#breadcrumb"},"inLanguage":"fr-FR","potentialAction":[{"@type":"ReadAction","target":["https:\/\/joyasyasmin.com\/fr\/producto\/bracelet-double-avec-boules-et-zircons\/"]}]},{"@type":"ImageObject","inLanguage":"fr-FR","@id":"https:\/\/joyasyasmin.com\/fr\/producto\/bracelet-double-avec-boules-et-zircons\/#primaryimage","url":"https:\/\/joyasyasmin.com\/wp-content\/uploads\/2025\/02\/pulsera-doble-bolita-y-circonita.jpg","contentUrl":"https:\/\/joyasyasmin.com\/wp-content\/uploads\/2025\/02\/pulsera-doble-bolita-y-circonita.jpg","width":1000,"height":1000,"caption":"Double Bracelet vente cha\u00eene boule avec zircone de couleur argent 925"},{"@type":"BreadcrumbList","@id":"https:\/\/joyasyasmin.com\/fr\/producto\/bracelet-double-avec-boules-et-zircons\/#breadcrumb","itemListElement":[{"@type":"ListItem","position":1,"name":"Portada","item":"https:\/\/joyasyasmin.com\/fr\/domicile\/"},{"@type":"ListItem","position":2,"name":"Boutique","item":"https:\/\/joyasyasmin.com\/fr\/boutique\/"},{"@type":"ListItem","position":3,"name":"Bracelet double avec boules et zircons"}]},{"@type":"WebSite","@id":"https:\/\/joyasyasmin.com\/fr\/#website","url":"https:\/\/joyasyasmin.com\/fr\/","name":"Yasmin","description":"Joyer\u00eda de Plata 925 - Pendientes, pulseras, anillos, colgantes y m\u00e1s!","publisher":{"@id":"https:\/\/joyasyasmin.com\/fr\/#organization"},"potentialAction":[{"@type":"SearchAction","target":{"@type":"EntryPoint","urlTemplate":"https:\/\/joyasyasmin.com\/fr\/?s={search_term_string}"},"query-input":{"@type":"PropertyValueSpecification","valueRequired":true,"valueName":"search_term_string"}}],"inLanguage":"fr-FR"},{"@type":"Organization","@id":"https:\/\/joyasyasmin.com\/fr\/#organization","name":"joyas yasmin","url":"https:\/\/joyasyasmin.com\/fr\/","logo":{"@type":"ImageObject","inLanguage":"fr-FR","@id":"https:\/\/joyasyasmin.com\/fr\/#\/schema\/logo\/image\/","url":"https:\/\/joyasyasmin.com\/wp-content\/uploads\/2017\/06\/IMG-20200429-WA0051.jpg","contentUrl":"https:\/\/joyasyasmin.com\/wp-content\/uploads\/2017\/06\/IMG-20200429-WA0051.jpg","width":1080,"height":545,"caption":"joyas yasmin"},"image":{"@id":"https:\/\/joyasyasmin.com\/fr\/#\/schema\/logo\/image\/"},"sameAs":["https:\/\/www.facebook.com\/Joyas-Yasmin-217664058934169\/","https:\/\/www.instagram.com\/invites\/contact\/"]}]}},"_links":{"self":[{"href":"https:\/\/joyasyasmin.com\/fr\/wp-json\/wp\/v2\/product\/30907","targetHints":{"allow":["GET"]}}],"collection":[{"href":"https:\/\/joyasyasmin.com\/fr\/wp-json\/wp\/v2\/product"}],"about":[{"href":"https:\/\/joyasyasmin.com\/fr\/wp-json\/wp\/v2\/types\/product"}],"replies":[{"embeddable":true,"href":"https:\/\/joyasyasmin.com\/fr\/wp-json\/wp\/v2\/comments?post=30907"}],"version-history":[{"count":1,"href":"https:\/\/joyasyasmin.com\/fr\/wp-json\/wp\/v2\/product\/30907\/revisions"}],"predecessor-version":[{"id":34196,"href":"https:\/\/joyasyasmin.com\/fr\/wp-json\/wp\/v2\/product\/30907\/revisions\/34196"}],"wp:featuredmedia":[{"embeddable":true,"href":"https:\/\/joyasyasmin.com\/fr\/wp-json\/wp\/v2\/media\/30543"}],"wp:attachment":[{"href":"https:\/\/joyasyasmin.com\/fr\/wp-json\/wp\/v2\/media?parent=30907"}],"wp:term":[{"taxonomy":"product_brand","embeddable":true,"href":"https:\/\/joyasyasmin.com\/fr\/wp-json\/wp\/v2\/product_brand?post=30907"},{"taxonomy":"product_cat","embeddable":true,"href":"https:\/\/joyasyasmin.com\/fr\/wp-json\/wp\/v2\/product_cat?post=30907"},{"taxonomy":"product_tag","embeddable":true,"href":"https:\/\/joyasyasmin.com\/fr\/wp-json\/wp\/v2\/product_tag?post=30907"}],"curies":[{"name":"wp","href":"https:\/\/api.w.org\/{rel}","templated":true}]}}