{"id":31146,"date":"2025-03-12T22:10:41","date_gmt":"2025-03-12T22:10:41","guid":{"rendered":"https:\/\/joyasyasmin.com\/producto\/bracelet-trois-archanges\/"},"modified":"2025-03-12T22:10:41","modified_gmt":"2025-03-12T22:10:41","slug":"bracelet-trois-archanges","status":"publish","type":"product","link":"https:\/\/joyasyasmin.com\/fr\/producto\/bracelet-trois-archanges\/","title":{"rendered":"Bracelet Trois Archanges"},"content":{"rendered":"","protected":false},"excerpt":{"rendered":"<p>Portez toujours avec vous la protection et les conseils des puissants <strong>San Miguel, San Rafael et San Uriel<\/strong> avec ce magnifique bracelet en argent 925. Son \u00e9l\u00e9gant design de maillons rolo de 2 mm met en valeur une feuille de <strong>15 mm<\/strong>, profond\u00e9ment grav\u00e9e au laser, assurant un d\u00e9tail fin et durable. <\/p>\n<p>\ud83d\udd39 <strong>San Miguel<\/strong> \ud83d\udee1\ufe0f \u2013 Le protecteur et le guerrier contre le mal.<br \/>\n\ud83d\udd39 <strong>Saint Rapha\u00ebl<\/strong> \ud83d\udc9a \u2013 Le gu\u00e9risseur du corps et de l\u2019\u00e2me.<br \/>\n\ud83d\udd39 <strong>Saint Uriel<\/strong> \ud83d\udd25 \u2013 Le porteur de la lumi\u00e8re, de la sagesse divine et de l\u2019abondance.<\/p>\n<p>Une amulette pleine de sens, id\u00e9ale pour la protection, la gu\u00e9rison et la lumi\u00e8re sur votre chemin. Emportez-le avec vous ou offrez-le comme symbole de foi et de b\u00e9n\u00e9diction ! \ud83d\ude4f\u2728  <\/p>\n<p>&nbsp;<\/p>\n","protected":false},"featured_media":31033,"comment_status":"open","ping_status":"closed","template":"","meta":{"_acf_changed":false,"_joinchat":[]},"product_brand":[],"product_cat":[1790],"product_tag":[1931],"class_list":{"0":"post-31146","1":"product","2":"type-product","3":"status-publish","4":"has-post-thumbnail","6":"product_cat-bracelets","7":"product_tag-nouvelle-collection","9":"first","10":"instock","11":"shipping-taxable","12":"purchasable","13":"product-type-simple"},"acf":[],"yoast_head":"<!-- This site is optimized with the Yoast SEO plugin v27.2 - https:\/\/yoast.com\/product\/yoast-seo-wordpress\/ -->\n<title>Bracelet Trois Archanges - Yasmin<\/title>\n<meta name=\"description\" content=\"Bracelet Trois Archanges en Argent 925 : Saint Michel, Saint Rapha\u00ebl et Saint Uriel. Design \u00e9l\u00e9gant avec placage grav\u00e9 au laser, r\u00e9glable (17 + 3 cm). Protection et foi.\" \/>\n<meta name=\"robots\" content=\"index, follow, max-snippet:-1, max-image-preview:large, max-video-preview:-1\" \/>\n<link rel=\"canonical\" href=\"https:\/\/joyasyasmin.com\/fr\/producto\/bracelet-trois-archanges\/\" \/>\n<meta property=\"og:locale\" content=\"fr_FR\" \/>\n<meta property=\"og:title\" content=\"Bracelet Trois Archanges - Yasmin\" \/>\n<meta property=\"og:description\" content=\"Bracelet Trois Archanges en Argent 925 : Saint Michel, Saint Rapha\u00ebl et Saint Uriel. Design \u00e9l\u00e9gant avec placage grav\u00e9 au laser, r\u00e9glable (17 + 3 cm). Protection et foi.\" \/>\n<meta property=\"og:url\" content=\"https:\/\/joyasyasmin.com\/fr\/producto\/bracelet-trois-archanges\/\" \/>\n<meta property=\"og:site_name\" content=\"Yasmin\" \/>\n<meta property=\"article:publisher\" content=\"https:\/\/www.facebook.com\/Joyas-Yasmin-217664058934169\/\" \/>\n<meta property=\"og:image\" content=\"https:\/\/joyasyasmin.com\/wp-content\/uploads\/2025\/03\/pulsera-tres-arcangeles-de-plata.jpg\" \/>\n\t<meta property=\"og:image:width\" content=\"1000\" \/>\n\t<meta property=\"og:image:height\" content=\"1000\" \/>\n\t<meta property=\"og:image:type\" content=\"image\/jpeg\" \/>\n<meta name=\"twitter:card\" content=\"summary_large_image\" \/>\n<script type=\"application\/ld+json\" class=\"yoast-schema-graph\">{\"@context\":\"https:\/\/schema.org\",\"@graph\":[{\"@type\":[\"WebPage\",\"ItemPage\"],\"@id\":\"https:\/\/joyasyasmin.com\/fr\/producto\/bracelet-trois-archanges\/\",\"url\":\"https:\/\/joyasyasmin.com\/fr\/producto\/bracelet-trois-archanges\/\",\"name\":\"Bracelet Trois Archanges - Yasmin\",\"isPartOf\":{\"@id\":\"https:\/\/joyasyasmin.com\/fr\/#website\"},\"primaryImageOfPage\":{\"@id\":\"https:\/\/joyasyasmin.com\/fr\/producto\/bracelet-trois-archanges\/#primaryimage\"},\"image\":{\"@id\":\"https:\/\/joyasyasmin.com\/fr\/producto\/bracelet-trois-archanges\/#primaryimage\"},\"thumbnailUrl\":\"https:\/\/joyasyasmin.com\/wp-content\/uploads\/2025\/03\/pulsera-tres-arcangeles-de-plata.jpg\",\"datePublished\":\"2025-03-12T22:10:41+00:00\",\"description\":\"Bracelet Trois Archanges en Argent 925 : Saint Michel, Saint Rapha\u00ebl et Saint Uriel. Design \u00e9l\u00e9gant avec placage grav\u00e9 au laser, r\u00e9glable (17 + 3 cm). Protection et foi.\",\"breadcrumb\":{\"@id\":\"https:\/\/joyasyasmin.com\/fr\/producto\/bracelet-trois-archanges\/#breadcrumb\"},\"inLanguage\":\"fr-FR\",\"potentialAction\":[{\"@type\":\"ReadAction\",\"target\":[\"https:\/\/joyasyasmin.com\/fr\/producto\/bracelet-trois-archanges\/\"]}]},{\"@type\":\"ImageObject\",\"inLanguage\":\"fr-FR\",\"@id\":\"https:\/\/joyasyasmin.com\/fr\/producto\/bracelet-trois-archanges\/#primaryimage\",\"url\":\"https:\/\/joyasyasmin.com\/wp-content\/uploads\/2025\/03\/pulsera-tres-arcangeles-de-plata.jpg\",\"contentUrl\":\"https:\/\/joyasyasmin.com\/wp-content\/uploads\/2025\/03\/pulsera-tres-arcangeles-de-plata.jpg\",\"width\":1000,\"height\":1000,\"caption\":\"Bracelet Trois Archanges en vente en argent 925\"},{\"@type\":\"BreadcrumbList\",\"@id\":\"https:\/\/joyasyasmin.com\/fr\/producto\/bracelet-trois-archanges\/#breadcrumb\",\"itemListElement\":[{\"@type\":\"ListItem\",\"position\":1,\"name\":\"Portada\",\"item\":\"https:\/\/joyasyasmin.com\/fr\/domicile\/\"},{\"@type\":\"ListItem\",\"position\":2,\"name\":\"Boutique\",\"item\":\"https:\/\/joyasyasmin.com\/fr\/boutique\/\"},{\"@type\":\"ListItem\",\"position\":3,\"name\":\"Bracelet Trois Archanges\"}]},{\"@type\":\"WebSite\",\"@id\":\"https:\/\/joyasyasmin.com\/fr\/#website\",\"url\":\"https:\/\/joyasyasmin.com\/fr\/\",\"name\":\"Yasmin\",\"description\":\"Joyer\u00eda de Plata 925 - Pendientes, pulseras, anillos, colgantes y m\u00e1s!\",\"publisher\":{\"@id\":\"https:\/\/joyasyasmin.com\/fr\/#organization\"},\"potentialAction\":[{\"@type\":\"SearchAction\",\"target\":{\"@type\":\"EntryPoint\",\"urlTemplate\":\"https:\/\/joyasyasmin.com\/fr\/?s={search_term_string}\"},\"query-input\":{\"@type\":\"PropertyValueSpecification\",\"valueRequired\":true,\"valueName\":\"search_term_string\"}}],\"inLanguage\":\"fr-FR\"},{\"@type\":\"Organization\",\"@id\":\"https:\/\/joyasyasmin.com\/fr\/#organization\",\"name\":\"joyas yasmin\",\"url\":\"https:\/\/joyasyasmin.com\/fr\/\",\"logo\":{\"@type\":\"ImageObject\",\"inLanguage\":\"fr-FR\",\"@id\":\"https:\/\/joyasyasmin.com\/fr\/#\/schema\/logo\/image\/\",\"url\":\"https:\/\/joyasyasmin.com\/wp-content\/uploads\/2017\/06\/IMG-20200429-WA0051.jpg\",\"contentUrl\":\"https:\/\/joyasyasmin.com\/wp-content\/uploads\/2017\/06\/IMG-20200429-WA0051.jpg\",\"width\":1080,\"height\":545,\"caption\":\"joyas yasmin\"},\"image\":{\"@id\":\"https:\/\/joyasyasmin.com\/fr\/#\/schema\/logo\/image\/\"},\"sameAs\":[\"https:\/\/www.facebook.com\/Joyas-Yasmin-217664058934169\/\",\"https:\/\/www.instagram.com\/invites\/contact\/\"]}]}<\/script>\n<!-- \/ Yoast SEO plugin. -->","yoast_head_json":{"title":"Bracelet Trois Archanges - Yasmin","description":"Bracelet Trois Archanges en Argent 925 : Saint Michel, Saint Rapha\u00ebl et Saint Uriel. Design \u00e9l\u00e9gant avec placage grav\u00e9 au laser, r\u00e9glable (17 + 3 cm). Protection et foi.","robots":{"index":"index","follow":"follow","max-snippet":"max-snippet:-1","max-image-preview":"max-image-preview:large","max-video-preview":"max-video-preview:-1"},"canonical":"https:\/\/joyasyasmin.com\/fr\/producto\/bracelet-trois-archanges\/","og_locale":"fr_FR","og_title":"Bracelet Trois Archanges - Yasmin","og_description":"Bracelet Trois Archanges en Argent 925 : Saint Michel, Saint Rapha\u00ebl et Saint Uriel. Design \u00e9l\u00e9gant avec placage grav\u00e9 au laser, r\u00e9glable (17 + 3 cm). Protection et foi.","og_url":"https:\/\/joyasyasmin.com\/fr\/producto\/bracelet-trois-archanges\/","og_site_name":"Yasmin","article_publisher":"https:\/\/www.facebook.com\/Joyas-Yasmin-217664058934169\/","og_image":[{"width":1000,"height":1000,"url":"https:\/\/joyasyasmin.com\/wp-content\/uploads\/2025\/03\/pulsera-tres-arcangeles-de-plata.jpg","type":"image\/jpeg"}],"twitter_card":"summary_large_image","schema":{"@context":"https:\/\/schema.org","@graph":[{"@type":["WebPage","ItemPage"],"@id":"https:\/\/joyasyasmin.com\/fr\/producto\/bracelet-trois-archanges\/","url":"https:\/\/joyasyasmin.com\/fr\/producto\/bracelet-trois-archanges\/","name":"Bracelet Trois Archanges - Yasmin","isPartOf":{"@id":"https:\/\/joyasyasmin.com\/fr\/#website"},"primaryImageOfPage":{"@id":"https:\/\/joyasyasmin.com\/fr\/producto\/bracelet-trois-archanges\/#primaryimage"},"image":{"@id":"https:\/\/joyasyasmin.com\/fr\/producto\/bracelet-trois-archanges\/#primaryimage"},"thumbnailUrl":"https:\/\/joyasyasmin.com\/wp-content\/uploads\/2025\/03\/pulsera-tres-arcangeles-de-plata.jpg","datePublished":"2025-03-12T22:10:41+00:00","description":"Bracelet Trois Archanges en Argent 925 : Saint Michel, Saint Rapha\u00ebl et Saint Uriel. Design \u00e9l\u00e9gant avec placage grav\u00e9 au laser, r\u00e9glable (17 + 3 cm). Protection et foi.","breadcrumb":{"@id":"https:\/\/joyasyasmin.com\/fr\/producto\/bracelet-trois-archanges\/#breadcrumb"},"inLanguage":"fr-FR","potentialAction":[{"@type":"ReadAction","target":["https:\/\/joyasyasmin.com\/fr\/producto\/bracelet-trois-archanges\/"]}]},{"@type":"ImageObject","inLanguage":"fr-FR","@id":"https:\/\/joyasyasmin.com\/fr\/producto\/bracelet-trois-archanges\/#primaryimage","url":"https:\/\/joyasyasmin.com\/wp-content\/uploads\/2025\/03\/pulsera-tres-arcangeles-de-plata.jpg","contentUrl":"https:\/\/joyasyasmin.com\/wp-content\/uploads\/2025\/03\/pulsera-tres-arcangeles-de-plata.jpg","width":1000,"height":1000,"caption":"Bracelet Trois Archanges en vente en argent 925"},{"@type":"BreadcrumbList","@id":"https:\/\/joyasyasmin.com\/fr\/producto\/bracelet-trois-archanges\/#breadcrumb","itemListElement":[{"@type":"ListItem","position":1,"name":"Portada","item":"https:\/\/joyasyasmin.com\/fr\/domicile\/"},{"@type":"ListItem","position":2,"name":"Boutique","item":"https:\/\/joyasyasmin.com\/fr\/boutique\/"},{"@type":"ListItem","position":3,"name":"Bracelet Trois Archanges"}]},{"@type":"WebSite","@id":"https:\/\/joyasyasmin.com\/fr\/#website","url":"https:\/\/joyasyasmin.com\/fr\/","name":"Yasmin","description":"Joyer\u00eda de Plata 925 - Pendientes, pulseras, anillos, colgantes y m\u00e1s!","publisher":{"@id":"https:\/\/joyasyasmin.com\/fr\/#organization"},"potentialAction":[{"@type":"SearchAction","target":{"@type":"EntryPoint","urlTemplate":"https:\/\/joyasyasmin.com\/fr\/?s={search_term_string}"},"query-input":{"@type":"PropertyValueSpecification","valueRequired":true,"valueName":"search_term_string"}}],"inLanguage":"fr-FR"},{"@type":"Organization","@id":"https:\/\/joyasyasmin.com\/fr\/#organization","name":"joyas yasmin","url":"https:\/\/joyasyasmin.com\/fr\/","logo":{"@type":"ImageObject","inLanguage":"fr-FR","@id":"https:\/\/joyasyasmin.com\/fr\/#\/schema\/logo\/image\/","url":"https:\/\/joyasyasmin.com\/wp-content\/uploads\/2017\/06\/IMG-20200429-WA0051.jpg","contentUrl":"https:\/\/joyasyasmin.com\/wp-content\/uploads\/2017\/06\/IMG-20200429-WA0051.jpg","width":1080,"height":545,"caption":"joyas yasmin"},"image":{"@id":"https:\/\/joyasyasmin.com\/fr\/#\/schema\/logo\/image\/"},"sameAs":["https:\/\/www.facebook.com\/Joyas-Yasmin-217664058934169\/","https:\/\/www.instagram.com\/invites\/contact\/"]}]}},"_links":{"self":[{"href":"https:\/\/joyasyasmin.com\/fr\/wp-json\/wp\/v2\/product\/31146","targetHints":{"allow":["GET"]}}],"collection":[{"href":"https:\/\/joyasyasmin.com\/fr\/wp-json\/wp\/v2\/product"}],"about":[{"href":"https:\/\/joyasyasmin.com\/fr\/wp-json\/wp\/v2\/types\/product"}],"replies":[{"embeddable":true,"href":"https:\/\/joyasyasmin.com\/fr\/wp-json\/wp\/v2\/comments?post=31146"}],"version-history":[{"count":0,"href":"https:\/\/joyasyasmin.com\/fr\/wp-json\/wp\/v2\/product\/31146\/revisions"}],"wp:featuredmedia":[{"embeddable":true,"href":"https:\/\/joyasyasmin.com\/fr\/wp-json\/wp\/v2\/media\/31033"}],"wp:attachment":[{"href":"https:\/\/joyasyasmin.com\/fr\/wp-json\/wp\/v2\/media?parent=31146"}],"wp:term":[{"taxonomy":"product_brand","embeddable":true,"href":"https:\/\/joyasyasmin.com\/fr\/wp-json\/wp\/v2\/product_brand?post=31146"},{"taxonomy":"product_cat","embeddable":true,"href":"https:\/\/joyasyasmin.com\/fr\/wp-json\/wp\/v2\/product_cat?post=31146"},{"taxonomy":"product_tag","embeddable":true,"href":"https:\/\/joyasyasmin.com\/fr\/wp-json\/wp\/v2\/product_tag?post=31146"}],"curies":[{"name":"wp","href":"https:\/\/api.w.org\/{rel}","templated":true}]}}