{"id":31170,"date":"2025-03-18T20:22:29","date_gmt":"2025-03-18T20:22:29","guid":{"rendered":"https:\/\/joyasyasmin.com\/producto\/boucle-doreille-papillon-aile-de-lumiere\/"},"modified":"2025-03-18T20:22:29","modified_gmt":"2025-03-18T20:22:29","slug":"boucle-doreille-papillon-aile-de-lumiere","status":"publish","type":"product","link":"https:\/\/joyasyasmin.com\/fr\/producto\/boucle-doreille-papillon-aile-de-lumiere\/","title":{"rendered":"Boucle d\u2019oreille papillon aile de lumi\u00e8re"},"content":{"rendered":"","protected":false},"excerpt":{"rendered":"<p>D\u00e9couvrez la d\u00e9licatesse et l\u2019\u00e9clat de ces exquises boucles d\u2019oreilles en forme de papillon, fabriqu\u00e9es en <strong>argent 925<\/strong>. Avec un design harmonieux, l\u2019une de ses ailes brille de <strong>zircons blancs<\/strong>, tandis que l\u2019autre arbore une belle <strong>pierre color\u00e9e<\/strong>, apportant une touche vibrante et sophistiqu\u00e9e. Leur <strong>taille de 1 cm<\/strong> les rend id\u00e9ales pour un look subtil et \u00e9l\u00e9gant. De plus, ils sont dot\u00e9s d\u2019une <strong>fermeture \u00e0 mousqueton<\/strong> pratique, assurant confort et s\u00e9curit\u00e9 lors de leur utilisation.   <\/p>\n<p>\ud83c\udf38 <strong>Parfait pour rehausser votre style avec une touche de lumi\u00e8re et de couleur.<\/strong> \ud83c\udf38<\/p>\n","protected":false},"featured_media":31118,"comment_status":"open","ping_status":"closed","template":"","meta":{"_acf_changed":false,"_joinchat":[]},"product_brand":[],"product_cat":[1775],"product_tag":[1920],"class_list":{"0":"post-31170","1":"product","2":"type-product","3":"status-publish","4":"has-post-thumbnail","6":"product_cat-boucles-doreilles-et-boucles-doreilles","7":"product_tag-nouvelles","9":"first","10":"instock","11":"shipping-taxable","12":"purchasable","13":"product-type-simple"},"acf":[],"yoast_head":"<!-- This site is optimized with the Yoast SEO plugin v27.2 - https:\/\/yoast.com\/product\/yoast-seo-wordpress\/ -->\n<title>Boucle d\u2019oreille papillon aile de lumi\u00e8re - Yasmin<\/title>\n<meta name=\"description\" content=\"Boucles d\u2019oreilles papillon aile l\u00e9g\u00e8re, avec des zircons blancs sur une aile et une pierre color\u00e9e sur l\u2019autre. Taille 1 cm, fermeture \u00e0 bouton-pression. \u00c9l\u00e9gance et brillance. Argent 925.\" \/>\n<meta name=\"robots\" content=\"index, follow, max-snippet:-1, max-image-preview:large, max-video-preview:-1\" \/>\n<link rel=\"canonical\" href=\"https:\/\/joyasyasmin.com\/fr\/producto\/boucle-doreille-papillon-aile-de-lumiere\/\" \/>\n<meta property=\"og:locale\" content=\"fr_FR\" \/>\n<meta property=\"og:title\" content=\"Boucle d\u2019oreille papillon aile de lumi\u00e8re - Yasmin\" \/>\n<meta property=\"og:description\" content=\"Boucles d\u2019oreilles papillon aile l\u00e9g\u00e8re, avec des zircons blancs sur une aile et une pierre color\u00e9e sur l\u2019autre. Taille 1 cm, fermeture \u00e0 bouton-pression. \u00c9l\u00e9gance et brillance. Argent 925.\" \/>\n<meta property=\"og:url\" content=\"https:\/\/joyasyasmin.com\/fr\/producto\/boucle-doreille-papillon-aile-de-lumiere\/\" \/>\n<meta property=\"og:site_name\" content=\"Yasmin\" \/>\n<meta property=\"article:publisher\" content=\"https:\/\/www.facebook.com\/Joyas-Yasmin-217664058934169\/\" \/>\n<meta property=\"og:image\" content=\"https:\/\/joyasyasmin.com\/wp-content\/uploads\/2025\/03\/pendiente-mariposa-vuela-libre-color.jpg\" \/>\n\t<meta property=\"og:image:width\" content=\"1000\" \/>\n\t<meta property=\"og:image:height\" content=\"1000\" \/>\n\t<meta property=\"og:image:type\" content=\"image\/jpeg\" \/>\n<meta name=\"twitter:card\" content=\"summary_large_image\" \/>\n<script type=\"application\/ld+json\" class=\"yoast-schema-graph\">{\"@context\":\"https:\/\/schema.org\",\"@graph\":[{\"@type\":[\"WebPage\",\"ItemPage\"],\"@id\":\"https:\/\/joyasyasmin.com\/fr\/producto\/boucle-doreille-papillon-aile-de-lumiere\/\",\"url\":\"https:\/\/joyasyasmin.com\/fr\/producto\/boucle-doreille-papillon-aile-de-lumiere\/\",\"name\":\"Boucle d\u2019oreille papillon aile de lumi\u00e8re - Yasmin\",\"isPartOf\":{\"@id\":\"https:\/\/joyasyasmin.com\/fr\/#website\"},\"primaryImageOfPage\":{\"@id\":\"https:\/\/joyasyasmin.com\/fr\/producto\/boucle-doreille-papillon-aile-de-lumiere\/#primaryimage\"},\"image\":{\"@id\":\"https:\/\/joyasyasmin.com\/fr\/producto\/boucle-doreille-papillon-aile-de-lumiere\/#primaryimage\"},\"thumbnailUrl\":\"https:\/\/joyasyasmin.com\/wp-content\/uploads\/2025\/03\/pendiente-mariposa-vuela-libre-color.jpg\",\"datePublished\":\"2025-03-18T20:22:29+00:00\",\"description\":\"Boucles d\u2019oreilles papillon aile l\u00e9g\u00e8re, avec des zircons blancs sur une aile et une pierre color\u00e9e sur l\u2019autre. Taille 1 cm, fermeture \u00e0 bouton-pression. \u00c9l\u00e9gance et brillance. Argent 925.\",\"breadcrumb\":{\"@id\":\"https:\/\/joyasyasmin.com\/fr\/producto\/boucle-doreille-papillon-aile-de-lumiere\/#breadcrumb\"},\"inLanguage\":\"fr-FR\",\"potentialAction\":[{\"@type\":\"ReadAction\",\"target\":[\"https:\/\/joyasyasmin.com\/fr\/producto\/boucle-doreille-papillon-aile-de-lumiere\/\"]}]},{\"@type\":\"ImageObject\",\"inLanguage\":\"fr-FR\",\"@id\":\"https:\/\/joyasyasmin.com\/fr\/producto\/boucle-doreille-papillon-aile-de-lumiere\/#primaryimage\",\"url\":\"https:\/\/joyasyasmin.com\/wp-content\/uploads\/2025\/03\/pendiente-mariposa-vuela-libre-color.jpg\",\"contentUrl\":\"https:\/\/joyasyasmin.com\/wp-content\/uploads\/2025\/03\/pendiente-mariposa-vuela-libre-color.jpg\",\"width\":1000,\"height\":1000,\"caption\":\"Vente de boucles d\u2019oreilles papillon Fly Free en argent 925\"},{\"@type\":\"BreadcrumbList\",\"@id\":\"https:\/\/joyasyasmin.com\/fr\/producto\/boucle-doreille-papillon-aile-de-lumiere\/#breadcrumb\",\"itemListElement\":[{\"@type\":\"ListItem\",\"position\":1,\"name\":\"Portada\",\"item\":\"https:\/\/joyasyasmin.com\/fr\/domicile\/\"},{\"@type\":\"ListItem\",\"position\":2,\"name\":\"Boutique\",\"item\":\"https:\/\/joyasyasmin.com\/fr\/boutique\/\"},{\"@type\":\"ListItem\",\"position\":3,\"name\":\"Boucle d\u2019oreille papillon aile de lumi\u00e8re\"}]},{\"@type\":\"WebSite\",\"@id\":\"https:\/\/joyasyasmin.com\/fr\/#website\",\"url\":\"https:\/\/joyasyasmin.com\/fr\/\",\"name\":\"Yasmin\",\"description\":\"Joyer\u00eda de Plata 925 - Pendientes, pulseras, anillos, colgantes y m\u00e1s!\",\"publisher\":{\"@id\":\"https:\/\/joyasyasmin.com\/fr\/#organization\"},\"potentialAction\":[{\"@type\":\"SearchAction\",\"target\":{\"@type\":\"EntryPoint\",\"urlTemplate\":\"https:\/\/joyasyasmin.com\/fr\/?s={search_term_string}\"},\"query-input\":{\"@type\":\"PropertyValueSpecification\",\"valueRequired\":true,\"valueName\":\"search_term_string\"}}],\"inLanguage\":\"fr-FR\"},{\"@type\":\"Organization\",\"@id\":\"https:\/\/joyasyasmin.com\/fr\/#organization\",\"name\":\"joyas yasmin\",\"url\":\"https:\/\/joyasyasmin.com\/fr\/\",\"logo\":{\"@type\":\"ImageObject\",\"inLanguage\":\"fr-FR\",\"@id\":\"https:\/\/joyasyasmin.com\/fr\/#\/schema\/logo\/image\/\",\"url\":\"https:\/\/joyasyasmin.com\/wp-content\/uploads\/2017\/06\/IMG-20200429-WA0051.jpg\",\"contentUrl\":\"https:\/\/joyasyasmin.com\/wp-content\/uploads\/2017\/06\/IMG-20200429-WA0051.jpg\",\"width\":1080,\"height\":545,\"caption\":\"joyas yasmin\"},\"image\":{\"@id\":\"https:\/\/joyasyasmin.com\/fr\/#\/schema\/logo\/image\/\"},\"sameAs\":[\"https:\/\/www.facebook.com\/Joyas-Yasmin-217664058934169\/\",\"https:\/\/www.instagram.com\/invites\/contact\/\"]}]}<\/script>\n<!-- \/ Yoast SEO plugin. -->","yoast_head_json":{"title":"Boucle d\u2019oreille papillon aile de lumi\u00e8re - Yasmin","description":"Boucles d\u2019oreilles papillon aile l\u00e9g\u00e8re, avec des zircons blancs sur une aile et une pierre color\u00e9e sur l\u2019autre. Taille 1 cm, fermeture \u00e0 bouton-pression. \u00c9l\u00e9gance et brillance. Argent 925.","robots":{"index":"index","follow":"follow","max-snippet":"max-snippet:-1","max-image-preview":"max-image-preview:large","max-video-preview":"max-video-preview:-1"},"canonical":"https:\/\/joyasyasmin.com\/fr\/producto\/boucle-doreille-papillon-aile-de-lumiere\/","og_locale":"fr_FR","og_title":"Boucle d\u2019oreille papillon aile de lumi\u00e8re - Yasmin","og_description":"Boucles d\u2019oreilles papillon aile l\u00e9g\u00e8re, avec des zircons blancs sur une aile et une pierre color\u00e9e sur l\u2019autre. Taille 1 cm, fermeture \u00e0 bouton-pression. \u00c9l\u00e9gance et brillance. Argent 925.","og_url":"https:\/\/joyasyasmin.com\/fr\/producto\/boucle-doreille-papillon-aile-de-lumiere\/","og_site_name":"Yasmin","article_publisher":"https:\/\/www.facebook.com\/Joyas-Yasmin-217664058934169\/","og_image":[{"width":1000,"height":1000,"url":"https:\/\/joyasyasmin.com\/wp-content\/uploads\/2025\/03\/pendiente-mariposa-vuela-libre-color.jpg","type":"image\/jpeg"}],"twitter_card":"summary_large_image","schema":{"@context":"https:\/\/schema.org","@graph":[{"@type":["WebPage","ItemPage"],"@id":"https:\/\/joyasyasmin.com\/fr\/producto\/boucle-doreille-papillon-aile-de-lumiere\/","url":"https:\/\/joyasyasmin.com\/fr\/producto\/boucle-doreille-papillon-aile-de-lumiere\/","name":"Boucle d\u2019oreille papillon aile de lumi\u00e8re - Yasmin","isPartOf":{"@id":"https:\/\/joyasyasmin.com\/fr\/#website"},"primaryImageOfPage":{"@id":"https:\/\/joyasyasmin.com\/fr\/producto\/boucle-doreille-papillon-aile-de-lumiere\/#primaryimage"},"image":{"@id":"https:\/\/joyasyasmin.com\/fr\/producto\/boucle-doreille-papillon-aile-de-lumiere\/#primaryimage"},"thumbnailUrl":"https:\/\/joyasyasmin.com\/wp-content\/uploads\/2025\/03\/pendiente-mariposa-vuela-libre-color.jpg","datePublished":"2025-03-18T20:22:29+00:00","description":"Boucles d\u2019oreilles papillon aile l\u00e9g\u00e8re, avec des zircons blancs sur une aile et une pierre color\u00e9e sur l\u2019autre. Taille 1 cm, fermeture \u00e0 bouton-pression. \u00c9l\u00e9gance et brillance. Argent 925.","breadcrumb":{"@id":"https:\/\/joyasyasmin.com\/fr\/producto\/boucle-doreille-papillon-aile-de-lumiere\/#breadcrumb"},"inLanguage":"fr-FR","potentialAction":[{"@type":"ReadAction","target":["https:\/\/joyasyasmin.com\/fr\/producto\/boucle-doreille-papillon-aile-de-lumiere\/"]}]},{"@type":"ImageObject","inLanguage":"fr-FR","@id":"https:\/\/joyasyasmin.com\/fr\/producto\/boucle-doreille-papillon-aile-de-lumiere\/#primaryimage","url":"https:\/\/joyasyasmin.com\/wp-content\/uploads\/2025\/03\/pendiente-mariposa-vuela-libre-color.jpg","contentUrl":"https:\/\/joyasyasmin.com\/wp-content\/uploads\/2025\/03\/pendiente-mariposa-vuela-libre-color.jpg","width":1000,"height":1000,"caption":"Vente de boucles d\u2019oreilles papillon Fly Free en argent 925"},{"@type":"BreadcrumbList","@id":"https:\/\/joyasyasmin.com\/fr\/producto\/boucle-doreille-papillon-aile-de-lumiere\/#breadcrumb","itemListElement":[{"@type":"ListItem","position":1,"name":"Portada","item":"https:\/\/joyasyasmin.com\/fr\/domicile\/"},{"@type":"ListItem","position":2,"name":"Boutique","item":"https:\/\/joyasyasmin.com\/fr\/boutique\/"},{"@type":"ListItem","position":3,"name":"Boucle d\u2019oreille papillon aile de lumi\u00e8re"}]},{"@type":"WebSite","@id":"https:\/\/joyasyasmin.com\/fr\/#website","url":"https:\/\/joyasyasmin.com\/fr\/","name":"Yasmin","description":"Joyer\u00eda de Plata 925 - Pendientes, pulseras, anillos, colgantes y m\u00e1s!","publisher":{"@id":"https:\/\/joyasyasmin.com\/fr\/#organization"},"potentialAction":[{"@type":"SearchAction","target":{"@type":"EntryPoint","urlTemplate":"https:\/\/joyasyasmin.com\/fr\/?s={search_term_string}"},"query-input":{"@type":"PropertyValueSpecification","valueRequired":true,"valueName":"search_term_string"}}],"inLanguage":"fr-FR"},{"@type":"Organization","@id":"https:\/\/joyasyasmin.com\/fr\/#organization","name":"joyas yasmin","url":"https:\/\/joyasyasmin.com\/fr\/","logo":{"@type":"ImageObject","inLanguage":"fr-FR","@id":"https:\/\/joyasyasmin.com\/fr\/#\/schema\/logo\/image\/","url":"https:\/\/joyasyasmin.com\/wp-content\/uploads\/2017\/06\/IMG-20200429-WA0051.jpg","contentUrl":"https:\/\/joyasyasmin.com\/wp-content\/uploads\/2017\/06\/IMG-20200429-WA0051.jpg","width":1080,"height":545,"caption":"joyas yasmin"},"image":{"@id":"https:\/\/joyasyasmin.com\/fr\/#\/schema\/logo\/image\/"},"sameAs":["https:\/\/www.facebook.com\/Joyas-Yasmin-217664058934169\/","https:\/\/www.instagram.com\/invites\/contact\/"]}]}},"_links":{"self":[{"href":"https:\/\/joyasyasmin.com\/fr\/wp-json\/wp\/v2\/product\/31170","targetHints":{"allow":["GET"]}}],"collection":[{"href":"https:\/\/joyasyasmin.com\/fr\/wp-json\/wp\/v2\/product"}],"about":[{"href":"https:\/\/joyasyasmin.com\/fr\/wp-json\/wp\/v2\/types\/product"}],"replies":[{"embeddable":true,"href":"https:\/\/joyasyasmin.com\/fr\/wp-json\/wp\/v2\/comments?post=31170"}],"version-history":[{"count":0,"href":"https:\/\/joyasyasmin.com\/fr\/wp-json\/wp\/v2\/product\/31170\/revisions"}],"wp:featuredmedia":[{"embeddable":true,"href":"https:\/\/joyasyasmin.com\/fr\/wp-json\/wp\/v2\/media\/31118"}],"wp:attachment":[{"href":"https:\/\/joyasyasmin.com\/fr\/wp-json\/wp\/v2\/media?parent=31170"}],"wp:term":[{"taxonomy":"product_brand","embeddable":true,"href":"https:\/\/joyasyasmin.com\/fr\/wp-json\/wp\/v2\/product_brand?post=31170"},{"taxonomy":"product_cat","embeddable":true,"href":"https:\/\/joyasyasmin.com\/fr\/wp-json\/wp\/v2\/product_cat?post=31170"},{"taxonomy":"product_tag","embeddable":true,"href":"https:\/\/joyasyasmin.com\/fr\/wp-json\/wp\/v2\/product_tag?post=31170"}],"curies":[{"name":"wp","href":"https:\/\/api.w.org\/{rel}","templated":true}]}}