{"id":32198,"date":"2025-04-19T14:14:54","date_gmt":"2025-04-19T14:14:54","guid":{"rendered":"https:\/\/joyasyasmin.com\/producto\/cerceaux-a-ongles-avec-zircone\/"},"modified":"2025-04-19T14:14:54","modified_gmt":"2025-04-19T14:14:54","slug":"cerceaux-a-ongles-avec-zircone","status":"publish","type":"product","link":"https:\/\/joyasyasmin.com\/fr\/producto\/cerceaux-a-ongles-avec-zircone\/","title":{"rendered":"Cerceaux \u00e0 ongles avec zircone"},"content":{"rendered":"","protected":false},"excerpt":{"rendered":"<p>Anneau de fermeture \u00e0 clic en argent 925, design moderne en forme de clou qui enveloppe l\u2019oreille avec style. La t\u00eate de l\u2019ongle est \u00e9maill\u00e9e d\u2019une couleur vibrante, tandis que la pointe brille d\u2019une zircone sertie. Avec un diam\u00e8tre de 15 mm, c\u2019est un bijou frappant et sophistiqu\u00e9. Id\u00e9al pour rehausser n\u2019importe quel look avec une touche unique.   <\/p>\n","protected":false},"featured_media":31710,"comment_status":"open","ping_status":"closed","template":"","meta":{"_acf_changed":false,"_joinchat":[]},"product_brand":[],"product_cat":[1775],"product_tag":[],"class_list":{"0":"post-32198","1":"product","2":"type-product","3":"status-publish","4":"has-post-thumbnail","6":"product_cat-boucles-doreilles-et-boucles-doreilles","8":"first","9":"instock","10":"shipping-taxable","11":"purchasable","12":"product-type-simple"},"acf":[],"yoast_head":"<!-- This site is optimized with the Yoast SEO plugin v27.2 - https:\/\/yoast.com\/product\/yoast-seo-wordpress\/ -->\n<title>Cerceaux \u00e0 ongles avec zircone - Yasmin<\/title>\n<meta name=\"description\" content=\"Cr\u00e9ole en argent 925 avec motif en forme de clou, t\u00eate \u00e9maill\u00e9e et pointe en zircone. Diam\u00e8tre de 15 mm, moderne et sophistiqu\u00e9, id\u00e9al pour un usage quotidien.\" \/>\n<meta name=\"robots\" content=\"index, follow, max-snippet:-1, max-image-preview:large, max-video-preview:-1\" \/>\n<link rel=\"canonical\" href=\"https:\/\/joyasyasmin.com\/fr\/producto\/cerceaux-a-ongles-avec-zircone\/\" \/>\n<meta property=\"og:locale\" content=\"fr_FR\" \/>\n<meta property=\"og:title\" content=\"Cerceaux \u00e0 ongles avec zircone - Yasmin\" \/>\n<meta property=\"og:description\" content=\"Cr\u00e9ole en argent 925 avec motif en forme de clou, t\u00eate \u00e9maill\u00e9e et pointe en zircone. Diam\u00e8tre de 15 mm, moderne et sophistiqu\u00e9, id\u00e9al pour un usage quotidien.\" \/>\n<meta property=\"og:url\" content=\"https:\/\/joyasyasmin.com\/fr\/producto\/cerceaux-a-ongles-avec-zircone\/\" \/>\n<meta property=\"og:site_name\" content=\"Yasmin\" \/>\n<meta property=\"article:publisher\" content=\"https:\/\/www.facebook.com\/Joyas-Yasmin-217664058934169\/\" \/>\n<meta property=\"og:image\" content=\"https:\/\/joyasyasmin.com\/wp-content\/uploads\/2025\/04\/pendiente-clavo-con-nacar.jpg\" \/>\n\t<meta property=\"og:image:width\" content=\"1000\" \/>\n\t<meta property=\"og:image:height\" content=\"1000\" \/>\n\t<meta property=\"og:image:type\" content=\"image\/jpeg\" \/>\n<meta name=\"twitter:card\" content=\"summary_large_image\" \/>\n<script type=\"application\/ld+json\" class=\"yoast-schema-graph\">{\"@context\":\"https:\/\/schema.org\",\"@graph\":[{\"@type\":[\"WebPage\",\"ItemPage\"],\"@id\":\"https:\/\/joyasyasmin.com\/fr\/producto\/cerceaux-a-ongles-avec-zircone\/\",\"url\":\"https:\/\/joyasyasmin.com\/fr\/producto\/cerceaux-a-ongles-avec-zircone\/\",\"name\":\"Cerceaux \u00e0 ongles avec zircone - Yasmin\",\"isPartOf\":{\"@id\":\"https:\/\/joyasyasmin.com\/fr\/#website\"},\"primaryImageOfPage\":{\"@id\":\"https:\/\/joyasyasmin.com\/fr\/producto\/cerceaux-a-ongles-avec-zircone\/#primaryimage\"},\"image\":{\"@id\":\"https:\/\/joyasyasmin.com\/fr\/producto\/cerceaux-a-ongles-avec-zircone\/#primaryimage\"},\"thumbnailUrl\":\"https:\/\/joyasyasmin.com\/wp-content\/uploads\/2025\/04\/pendiente-clavo-con-nacar.jpg\",\"datePublished\":\"2025-04-19T14:14:54+00:00\",\"description\":\"Cr\u00e9ole en argent 925 avec motif en forme de clou, t\u00eate \u00e9maill\u00e9e et pointe en zircone. Diam\u00e8tre de 15 mm, moderne et sophistiqu\u00e9, id\u00e9al pour un usage quotidien.\",\"breadcrumb\":{\"@id\":\"https:\/\/joyasyasmin.com\/fr\/producto\/cerceaux-a-ongles-avec-zircone\/#breadcrumb\"},\"inLanguage\":\"fr-FR\",\"potentialAction\":[{\"@type\":\"ReadAction\",\"target\":[\"https:\/\/joyasyasmin.com\/fr\/producto\/cerceaux-a-ongles-avec-zircone\/\"]}]},{\"@type\":\"ImageObject\",\"inLanguage\":\"fr-FR\",\"@id\":\"https:\/\/joyasyasmin.com\/fr\/producto\/cerceaux-a-ongles-avec-zircone\/#primaryimage\",\"url\":\"https:\/\/joyasyasmin.com\/wp-content\/uploads\/2025\/04\/pendiente-clavo-con-nacar.jpg\",\"contentUrl\":\"https:\/\/joyasyasmin.com\/wp-content\/uploads\/2025\/04\/pendiente-clavo-con-nacar.jpg\",\"width\":1000,\"height\":1000,\"caption\":\"Anneaux clout\u00e9s avec zircons en argent 925\"},{\"@type\":\"BreadcrumbList\",\"@id\":\"https:\/\/joyasyasmin.com\/fr\/producto\/cerceaux-a-ongles-avec-zircone\/#breadcrumb\",\"itemListElement\":[{\"@type\":\"ListItem\",\"position\":1,\"name\":\"Portada\",\"item\":\"https:\/\/joyasyasmin.com\/fr\/domicile\/\"},{\"@type\":\"ListItem\",\"position\":2,\"name\":\"Boutique\",\"item\":\"https:\/\/joyasyasmin.com\/fr\/boutique\/\"},{\"@type\":\"ListItem\",\"position\":3,\"name\":\"Cerceaux \u00e0 ongles avec zircone\"}]},{\"@type\":\"WebSite\",\"@id\":\"https:\/\/joyasyasmin.com\/fr\/#website\",\"url\":\"https:\/\/joyasyasmin.com\/fr\/\",\"name\":\"Yasmin\",\"description\":\"Joyer\u00eda de Plata 925 - Pendientes, pulseras, anillos, colgantes y m\u00e1s!\",\"publisher\":{\"@id\":\"https:\/\/joyasyasmin.com\/fr\/#organization\"},\"potentialAction\":[{\"@type\":\"SearchAction\",\"target\":{\"@type\":\"EntryPoint\",\"urlTemplate\":\"https:\/\/joyasyasmin.com\/fr\/?s={search_term_string}\"},\"query-input\":{\"@type\":\"PropertyValueSpecification\",\"valueRequired\":true,\"valueName\":\"search_term_string\"}}],\"inLanguage\":\"fr-FR\"},{\"@type\":\"Organization\",\"@id\":\"https:\/\/joyasyasmin.com\/fr\/#organization\",\"name\":\"joyas yasmin\",\"url\":\"https:\/\/joyasyasmin.com\/fr\/\",\"logo\":{\"@type\":\"ImageObject\",\"inLanguage\":\"fr-FR\",\"@id\":\"https:\/\/joyasyasmin.com\/fr\/#\/schema\/logo\/image\/\",\"url\":\"https:\/\/joyasyasmin.com\/wp-content\/uploads\/2017\/06\/IMG-20200429-WA0051.jpg\",\"contentUrl\":\"https:\/\/joyasyasmin.com\/wp-content\/uploads\/2017\/06\/IMG-20200429-WA0051.jpg\",\"width\":1080,\"height\":545,\"caption\":\"joyas yasmin\"},\"image\":{\"@id\":\"https:\/\/joyasyasmin.com\/fr\/#\/schema\/logo\/image\/\"},\"sameAs\":[\"https:\/\/www.facebook.com\/Joyas-Yasmin-217664058934169\/\",\"https:\/\/www.instagram.com\/invites\/contact\/\"]}]}<\/script>\n<!-- \/ Yoast SEO plugin. -->","yoast_head_json":{"title":"Cerceaux \u00e0 ongles avec zircone - Yasmin","description":"Cr\u00e9ole en argent 925 avec motif en forme de clou, t\u00eate \u00e9maill\u00e9e et pointe en zircone. Diam\u00e8tre de 15 mm, moderne et sophistiqu\u00e9, id\u00e9al pour un usage quotidien.","robots":{"index":"index","follow":"follow","max-snippet":"max-snippet:-1","max-image-preview":"max-image-preview:large","max-video-preview":"max-video-preview:-1"},"canonical":"https:\/\/joyasyasmin.com\/fr\/producto\/cerceaux-a-ongles-avec-zircone\/","og_locale":"fr_FR","og_title":"Cerceaux \u00e0 ongles avec zircone - Yasmin","og_description":"Cr\u00e9ole en argent 925 avec motif en forme de clou, t\u00eate \u00e9maill\u00e9e et pointe en zircone. Diam\u00e8tre de 15 mm, moderne et sophistiqu\u00e9, id\u00e9al pour un usage quotidien.","og_url":"https:\/\/joyasyasmin.com\/fr\/producto\/cerceaux-a-ongles-avec-zircone\/","og_site_name":"Yasmin","article_publisher":"https:\/\/www.facebook.com\/Joyas-Yasmin-217664058934169\/","og_image":[{"width":1000,"height":1000,"url":"https:\/\/joyasyasmin.com\/wp-content\/uploads\/2025\/04\/pendiente-clavo-con-nacar.jpg","type":"image\/jpeg"}],"twitter_card":"summary_large_image","schema":{"@context":"https:\/\/schema.org","@graph":[{"@type":["WebPage","ItemPage"],"@id":"https:\/\/joyasyasmin.com\/fr\/producto\/cerceaux-a-ongles-avec-zircone\/","url":"https:\/\/joyasyasmin.com\/fr\/producto\/cerceaux-a-ongles-avec-zircone\/","name":"Cerceaux \u00e0 ongles avec zircone - Yasmin","isPartOf":{"@id":"https:\/\/joyasyasmin.com\/fr\/#website"},"primaryImageOfPage":{"@id":"https:\/\/joyasyasmin.com\/fr\/producto\/cerceaux-a-ongles-avec-zircone\/#primaryimage"},"image":{"@id":"https:\/\/joyasyasmin.com\/fr\/producto\/cerceaux-a-ongles-avec-zircone\/#primaryimage"},"thumbnailUrl":"https:\/\/joyasyasmin.com\/wp-content\/uploads\/2025\/04\/pendiente-clavo-con-nacar.jpg","datePublished":"2025-04-19T14:14:54+00:00","description":"Cr\u00e9ole en argent 925 avec motif en forme de clou, t\u00eate \u00e9maill\u00e9e et pointe en zircone. Diam\u00e8tre de 15 mm, moderne et sophistiqu\u00e9, id\u00e9al pour un usage quotidien.","breadcrumb":{"@id":"https:\/\/joyasyasmin.com\/fr\/producto\/cerceaux-a-ongles-avec-zircone\/#breadcrumb"},"inLanguage":"fr-FR","potentialAction":[{"@type":"ReadAction","target":["https:\/\/joyasyasmin.com\/fr\/producto\/cerceaux-a-ongles-avec-zircone\/"]}]},{"@type":"ImageObject","inLanguage":"fr-FR","@id":"https:\/\/joyasyasmin.com\/fr\/producto\/cerceaux-a-ongles-avec-zircone\/#primaryimage","url":"https:\/\/joyasyasmin.com\/wp-content\/uploads\/2025\/04\/pendiente-clavo-con-nacar.jpg","contentUrl":"https:\/\/joyasyasmin.com\/wp-content\/uploads\/2025\/04\/pendiente-clavo-con-nacar.jpg","width":1000,"height":1000,"caption":"Anneaux clout\u00e9s avec zircons en argent 925"},{"@type":"BreadcrumbList","@id":"https:\/\/joyasyasmin.com\/fr\/producto\/cerceaux-a-ongles-avec-zircone\/#breadcrumb","itemListElement":[{"@type":"ListItem","position":1,"name":"Portada","item":"https:\/\/joyasyasmin.com\/fr\/domicile\/"},{"@type":"ListItem","position":2,"name":"Boutique","item":"https:\/\/joyasyasmin.com\/fr\/boutique\/"},{"@type":"ListItem","position":3,"name":"Cerceaux \u00e0 ongles avec zircone"}]},{"@type":"WebSite","@id":"https:\/\/joyasyasmin.com\/fr\/#website","url":"https:\/\/joyasyasmin.com\/fr\/","name":"Yasmin","description":"Joyer\u00eda de Plata 925 - Pendientes, pulseras, anillos, colgantes y m\u00e1s!","publisher":{"@id":"https:\/\/joyasyasmin.com\/fr\/#organization"},"potentialAction":[{"@type":"SearchAction","target":{"@type":"EntryPoint","urlTemplate":"https:\/\/joyasyasmin.com\/fr\/?s={search_term_string}"},"query-input":{"@type":"PropertyValueSpecification","valueRequired":true,"valueName":"search_term_string"}}],"inLanguage":"fr-FR"},{"@type":"Organization","@id":"https:\/\/joyasyasmin.com\/fr\/#organization","name":"joyas yasmin","url":"https:\/\/joyasyasmin.com\/fr\/","logo":{"@type":"ImageObject","inLanguage":"fr-FR","@id":"https:\/\/joyasyasmin.com\/fr\/#\/schema\/logo\/image\/","url":"https:\/\/joyasyasmin.com\/wp-content\/uploads\/2017\/06\/IMG-20200429-WA0051.jpg","contentUrl":"https:\/\/joyasyasmin.com\/wp-content\/uploads\/2017\/06\/IMG-20200429-WA0051.jpg","width":1080,"height":545,"caption":"joyas yasmin"},"image":{"@id":"https:\/\/joyasyasmin.com\/fr\/#\/schema\/logo\/image\/"},"sameAs":["https:\/\/www.facebook.com\/Joyas-Yasmin-217664058934169\/","https:\/\/www.instagram.com\/invites\/contact\/"]}]}},"_links":{"self":[{"href":"https:\/\/joyasyasmin.com\/fr\/wp-json\/wp\/v2\/product\/32198","targetHints":{"allow":["GET"]}}],"collection":[{"href":"https:\/\/joyasyasmin.com\/fr\/wp-json\/wp\/v2\/product"}],"about":[{"href":"https:\/\/joyasyasmin.com\/fr\/wp-json\/wp\/v2\/types\/product"}],"replies":[{"embeddable":true,"href":"https:\/\/joyasyasmin.com\/fr\/wp-json\/wp\/v2\/comments?post=32198"}],"version-history":[{"count":0,"href":"https:\/\/joyasyasmin.com\/fr\/wp-json\/wp\/v2\/product\/32198\/revisions"}],"wp:featuredmedia":[{"embeddable":true,"href":"https:\/\/joyasyasmin.com\/fr\/wp-json\/wp\/v2\/media\/31710"}],"wp:attachment":[{"href":"https:\/\/joyasyasmin.com\/fr\/wp-json\/wp\/v2\/media?parent=32198"}],"wp:term":[{"taxonomy":"product_brand","embeddable":true,"href":"https:\/\/joyasyasmin.com\/fr\/wp-json\/wp\/v2\/product_brand?post=32198"},{"taxonomy":"product_cat","embeddable":true,"href":"https:\/\/joyasyasmin.com\/fr\/wp-json\/wp\/v2\/product_cat?post=32198"},{"taxonomy":"product_tag","embeddable":true,"href":"https:\/\/joyasyasmin.com\/fr\/wp-json\/wp\/v2\/product_tag?post=32198"}],"curies":[{"name":"wp","href":"https:\/\/api.w.org\/{rel}","templated":true}]}}