{"id":32292,"date":"2025-04-19T14:31:01","date_gmt":"2025-04-19T14:31:01","guid":{"rendered":"https:\/\/joyasyasmin.com\/producto\/cerceaux-estrella-carre\/"},"modified":"2025-04-19T14:31:01","modified_gmt":"2025-04-19T14:31:01","slug":"cerceaux-estrella-carre","status":"publish","type":"product","link":"https:\/\/joyasyasmin.com\/fr\/producto\/cerceaux-estrella-carre\/","title":{"rendered":"Cerceaux Estrella Carr\u00e9"},"content":{"rendered":"","protected":false},"excerpt":{"rendered":"<p>Bague avec fermeture \u00e0 clic en argent 925, design d\u00e9licat en forme d\u2019\u00e9toile d\u00e9cor\u00e9e de zircons carr\u00e9s qui apportent une brillance \u00e9l\u00e9gante. Sa forme sym\u00e9trique et sa finition polie en font une pi\u00e8ce moderne et polyvalente. Id\u00e9al pour donner une touche sp\u00e9ciale \u00e0 votre style quotidien ou \u00e0 des looks plus sophistiqu\u00e9s. Taille 17mm.   <\/p>\n","protected":false},"featured_media":31730,"comment_status":"open","ping_status":"closed","template":"","meta":{"_acf_changed":false,"_joinchat":[]},"product_brand":[],"product_cat":[1775],"product_tag":[],"class_list":{"0":"post-32292","1":"product","2":"type-product","3":"status-publish","4":"has-post-thumbnail","6":"product_cat-boucles-doreilles-et-boucles-doreilles","8":"first","9":"instock","10":"shipping-taxable","11":"purchasable","12":"product-type-simple"},"acf":[],"yoast_head":"<!-- This site is optimized with the Yoast SEO plugin v27.2 - https:\/\/yoast.com\/product\/yoast-seo-wordpress\/ -->\n<title>Cerceaux Estrella Carr\u00e9 - Yasmin<\/title>\n<meta name=\"description\" content=\"Anneau en argent 925 avec motif d\u2019\u00e9toile et zircon carr\u00e9. Lumineuse, moderne et polyvalente, id\u00e9ale pour illuminer n\u2019importe quel look avec style. Sa taille est de 17mm.\" \/>\n<meta name=\"robots\" content=\"index, follow, max-snippet:-1, max-image-preview:large, max-video-preview:-1\" \/>\n<link rel=\"canonical\" href=\"https:\/\/joyasyasmin.com\/fr\/producto\/cerceaux-estrella-carre\/\" \/>\n<meta property=\"og:locale\" content=\"fr_FR\" \/>\n<meta property=\"og:title\" content=\"Cerceaux Estrella Carr\u00e9 - Yasmin\" \/>\n<meta property=\"og:description\" content=\"Anneau en argent 925 avec motif d\u2019\u00e9toile et zircon carr\u00e9. Lumineuse, moderne et polyvalente, id\u00e9ale pour illuminer n\u2019importe quel look avec style. Sa taille est de 17mm.\" \/>\n<meta property=\"og:url\" content=\"https:\/\/joyasyasmin.com\/fr\/producto\/cerceaux-estrella-carre\/\" \/>\n<meta property=\"og:site_name\" content=\"Yasmin\" \/>\n<meta property=\"article:publisher\" content=\"https:\/\/www.facebook.com\/Joyas-Yasmin-217664058934169\/\" \/>\n<meta property=\"og:image\" content=\"https:\/\/joyasyasmin.com\/wp-content\/uploads\/2025\/04\/aro-estrella-circonitas.jpg\" \/>\n\t<meta property=\"og:image:width\" content=\"1000\" \/>\n\t<meta property=\"og:image:height\" content=\"1000\" \/>\n\t<meta property=\"og:image:type\" content=\"image\/jpeg\" \/>\n<meta name=\"twitter:card\" content=\"summary_large_image\" \/>\n<script type=\"application\/ld+json\" class=\"yoast-schema-graph\">{\"@context\":\"https:\/\/schema.org\",\"@graph\":[{\"@type\":[\"WebPage\",\"ItemPage\"],\"@id\":\"https:\/\/joyasyasmin.com\/fr\/producto\/cerceaux-estrella-carre\/\",\"url\":\"https:\/\/joyasyasmin.com\/fr\/producto\/cerceaux-estrella-carre\/\",\"name\":\"Cerceaux Estrella Carr\u00e9 - Yasmin\",\"isPartOf\":{\"@id\":\"https:\/\/joyasyasmin.com\/fr\/#website\"},\"primaryImageOfPage\":{\"@id\":\"https:\/\/joyasyasmin.com\/fr\/producto\/cerceaux-estrella-carre\/#primaryimage\"},\"image\":{\"@id\":\"https:\/\/joyasyasmin.com\/fr\/producto\/cerceaux-estrella-carre\/#primaryimage\"},\"thumbnailUrl\":\"https:\/\/joyasyasmin.com\/wp-content\/uploads\/2025\/04\/aro-estrella-circonitas.jpg\",\"datePublished\":\"2025-04-19T14:31:01+00:00\",\"description\":\"Anneau en argent 925 avec motif d\u2019\u00e9toile et zircon carr\u00e9. Lumineuse, moderne et polyvalente, id\u00e9ale pour illuminer n\u2019importe quel look avec style. Sa taille est de 17mm.\",\"breadcrumb\":{\"@id\":\"https:\/\/joyasyasmin.com\/fr\/producto\/cerceaux-estrella-carre\/#breadcrumb\"},\"inLanguage\":\"fr-FR\",\"potentialAction\":[{\"@type\":\"ReadAction\",\"target\":[\"https:\/\/joyasyasmin.com\/fr\/producto\/cerceaux-estrella-carre\/\"]}]},{\"@type\":\"ImageObject\",\"inLanguage\":\"fr-FR\",\"@id\":\"https:\/\/joyasyasmin.com\/fr\/producto\/cerceaux-estrella-carre\/#primaryimage\",\"url\":\"https:\/\/joyasyasmin.com\/wp-content\/uploads\/2025\/04\/aro-estrella-circonitas.jpg\",\"contentUrl\":\"https:\/\/joyasyasmin.com\/wp-content\/uploads\/2025\/04\/aro-estrella-circonitas.jpg\",\"width\":1000,\"height\":1000,\"caption\":\"Anneaux \u00e9toiles \u00e0 vendre Zircone en argent 925\"},{\"@type\":\"BreadcrumbList\",\"@id\":\"https:\/\/joyasyasmin.com\/fr\/producto\/cerceaux-estrella-carre\/#breadcrumb\",\"itemListElement\":[{\"@type\":\"ListItem\",\"position\":1,\"name\":\"Portada\",\"item\":\"https:\/\/joyasyasmin.com\/fr\/domicile\/\"},{\"@type\":\"ListItem\",\"position\":2,\"name\":\"Boutique\",\"item\":\"https:\/\/joyasyasmin.com\/fr\/boutique\/\"},{\"@type\":\"ListItem\",\"position\":3,\"name\":\"Cerceaux Estrella Carr\u00e9\"}]},{\"@type\":\"WebSite\",\"@id\":\"https:\/\/joyasyasmin.com\/fr\/#website\",\"url\":\"https:\/\/joyasyasmin.com\/fr\/\",\"name\":\"Yasmin\",\"description\":\"Joyer\u00eda de Plata 925 - Pendientes, pulseras, anillos, colgantes y m\u00e1s!\",\"publisher\":{\"@id\":\"https:\/\/joyasyasmin.com\/fr\/#organization\"},\"potentialAction\":[{\"@type\":\"SearchAction\",\"target\":{\"@type\":\"EntryPoint\",\"urlTemplate\":\"https:\/\/joyasyasmin.com\/fr\/?s={search_term_string}\"},\"query-input\":{\"@type\":\"PropertyValueSpecification\",\"valueRequired\":true,\"valueName\":\"search_term_string\"}}],\"inLanguage\":\"fr-FR\"},{\"@type\":\"Organization\",\"@id\":\"https:\/\/joyasyasmin.com\/fr\/#organization\",\"name\":\"joyas yasmin\",\"url\":\"https:\/\/joyasyasmin.com\/fr\/\",\"logo\":{\"@type\":\"ImageObject\",\"inLanguage\":\"fr-FR\",\"@id\":\"https:\/\/joyasyasmin.com\/fr\/#\/schema\/logo\/image\/\",\"url\":\"https:\/\/joyasyasmin.com\/wp-content\/uploads\/2017\/06\/IMG-20200429-WA0051.jpg\",\"contentUrl\":\"https:\/\/joyasyasmin.com\/wp-content\/uploads\/2017\/06\/IMG-20200429-WA0051.jpg\",\"width\":1080,\"height\":545,\"caption\":\"joyas yasmin\"},\"image\":{\"@id\":\"https:\/\/joyasyasmin.com\/fr\/#\/schema\/logo\/image\/\"},\"sameAs\":[\"https:\/\/www.facebook.com\/Joyas-Yasmin-217664058934169\/\",\"https:\/\/www.instagram.com\/invites\/contact\/\"]}]}<\/script>\n<!-- \/ Yoast SEO plugin. -->","yoast_head_json":{"title":"Cerceaux Estrella Carr\u00e9 - Yasmin","description":"Anneau en argent 925 avec motif d\u2019\u00e9toile et zircon carr\u00e9. Lumineuse, moderne et polyvalente, id\u00e9ale pour illuminer n\u2019importe quel look avec style. Sa taille est de 17mm.","robots":{"index":"index","follow":"follow","max-snippet":"max-snippet:-1","max-image-preview":"max-image-preview:large","max-video-preview":"max-video-preview:-1"},"canonical":"https:\/\/joyasyasmin.com\/fr\/producto\/cerceaux-estrella-carre\/","og_locale":"fr_FR","og_title":"Cerceaux Estrella Carr\u00e9 - Yasmin","og_description":"Anneau en argent 925 avec motif d\u2019\u00e9toile et zircon carr\u00e9. Lumineuse, moderne et polyvalente, id\u00e9ale pour illuminer n\u2019importe quel look avec style. Sa taille est de 17mm.","og_url":"https:\/\/joyasyasmin.com\/fr\/producto\/cerceaux-estrella-carre\/","og_site_name":"Yasmin","article_publisher":"https:\/\/www.facebook.com\/Joyas-Yasmin-217664058934169\/","og_image":[{"width":1000,"height":1000,"url":"https:\/\/joyasyasmin.com\/wp-content\/uploads\/2025\/04\/aro-estrella-circonitas.jpg","type":"image\/jpeg"}],"twitter_card":"summary_large_image","schema":{"@context":"https:\/\/schema.org","@graph":[{"@type":["WebPage","ItemPage"],"@id":"https:\/\/joyasyasmin.com\/fr\/producto\/cerceaux-estrella-carre\/","url":"https:\/\/joyasyasmin.com\/fr\/producto\/cerceaux-estrella-carre\/","name":"Cerceaux Estrella Carr\u00e9 - Yasmin","isPartOf":{"@id":"https:\/\/joyasyasmin.com\/fr\/#website"},"primaryImageOfPage":{"@id":"https:\/\/joyasyasmin.com\/fr\/producto\/cerceaux-estrella-carre\/#primaryimage"},"image":{"@id":"https:\/\/joyasyasmin.com\/fr\/producto\/cerceaux-estrella-carre\/#primaryimage"},"thumbnailUrl":"https:\/\/joyasyasmin.com\/wp-content\/uploads\/2025\/04\/aro-estrella-circonitas.jpg","datePublished":"2025-04-19T14:31:01+00:00","description":"Anneau en argent 925 avec motif d\u2019\u00e9toile et zircon carr\u00e9. Lumineuse, moderne et polyvalente, id\u00e9ale pour illuminer n\u2019importe quel look avec style. Sa taille est de 17mm.","breadcrumb":{"@id":"https:\/\/joyasyasmin.com\/fr\/producto\/cerceaux-estrella-carre\/#breadcrumb"},"inLanguage":"fr-FR","potentialAction":[{"@type":"ReadAction","target":["https:\/\/joyasyasmin.com\/fr\/producto\/cerceaux-estrella-carre\/"]}]},{"@type":"ImageObject","inLanguage":"fr-FR","@id":"https:\/\/joyasyasmin.com\/fr\/producto\/cerceaux-estrella-carre\/#primaryimage","url":"https:\/\/joyasyasmin.com\/wp-content\/uploads\/2025\/04\/aro-estrella-circonitas.jpg","contentUrl":"https:\/\/joyasyasmin.com\/wp-content\/uploads\/2025\/04\/aro-estrella-circonitas.jpg","width":1000,"height":1000,"caption":"Anneaux \u00e9toiles \u00e0 vendre Zircone en argent 925"},{"@type":"BreadcrumbList","@id":"https:\/\/joyasyasmin.com\/fr\/producto\/cerceaux-estrella-carre\/#breadcrumb","itemListElement":[{"@type":"ListItem","position":1,"name":"Portada","item":"https:\/\/joyasyasmin.com\/fr\/domicile\/"},{"@type":"ListItem","position":2,"name":"Boutique","item":"https:\/\/joyasyasmin.com\/fr\/boutique\/"},{"@type":"ListItem","position":3,"name":"Cerceaux Estrella Carr\u00e9"}]},{"@type":"WebSite","@id":"https:\/\/joyasyasmin.com\/fr\/#website","url":"https:\/\/joyasyasmin.com\/fr\/","name":"Yasmin","description":"Joyer\u00eda de Plata 925 - Pendientes, pulseras, anillos, colgantes y m\u00e1s!","publisher":{"@id":"https:\/\/joyasyasmin.com\/fr\/#organization"},"potentialAction":[{"@type":"SearchAction","target":{"@type":"EntryPoint","urlTemplate":"https:\/\/joyasyasmin.com\/fr\/?s={search_term_string}"},"query-input":{"@type":"PropertyValueSpecification","valueRequired":true,"valueName":"search_term_string"}}],"inLanguage":"fr-FR"},{"@type":"Organization","@id":"https:\/\/joyasyasmin.com\/fr\/#organization","name":"joyas yasmin","url":"https:\/\/joyasyasmin.com\/fr\/","logo":{"@type":"ImageObject","inLanguage":"fr-FR","@id":"https:\/\/joyasyasmin.com\/fr\/#\/schema\/logo\/image\/","url":"https:\/\/joyasyasmin.com\/wp-content\/uploads\/2017\/06\/IMG-20200429-WA0051.jpg","contentUrl":"https:\/\/joyasyasmin.com\/wp-content\/uploads\/2017\/06\/IMG-20200429-WA0051.jpg","width":1080,"height":545,"caption":"joyas yasmin"},"image":{"@id":"https:\/\/joyasyasmin.com\/fr\/#\/schema\/logo\/image\/"},"sameAs":["https:\/\/www.facebook.com\/Joyas-Yasmin-217664058934169\/","https:\/\/www.instagram.com\/invites\/contact\/"]}]}},"_links":{"self":[{"href":"https:\/\/joyasyasmin.com\/fr\/wp-json\/wp\/v2\/product\/32292","targetHints":{"allow":["GET"]}}],"collection":[{"href":"https:\/\/joyasyasmin.com\/fr\/wp-json\/wp\/v2\/product"}],"about":[{"href":"https:\/\/joyasyasmin.com\/fr\/wp-json\/wp\/v2\/types\/product"}],"replies":[{"embeddable":true,"href":"https:\/\/joyasyasmin.com\/fr\/wp-json\/wp\/v2\/comments?post=32292"}],"version-history":[{"count":0,"href":"https:\/\/joyasyasmin.com\/fr\/wp-json\/wp\/v2\/product\/32292\/revisions"}],"wp:featuredmedia":[{"embeddable":true,"href":"https:\/\/joyasyasmin.com\/fr\/wp-json\/wp\/v2\/media\/31730"}],"wp:attachment":[{"href":"https:\/\/joyasyasmin.com\/fr\/wp-json\/wp\/v2\/media?parent=32292"}],"wp:term":[{"taxonomy":"product_brand","embeddable":true,"href":"https:\/\/joyasyasmin.com\/fr\/wp-json\/wp\/v2\/product_brand?post=32292"},{"taxonomy":"product_cat","embeddable":true,"href":"https:\/\/joyasyasmin.com\/fr\/wp-json\/wp\/v2\/product_cat?post=32292"},{"taxonomy":"product_tag","embeddable":true,"href":"https:\/\/joyasyasmin.com\/fr\/wp-json\/wp\/v2\/product_tag?post=32292"}],"curies":[{"name":"wp","href":"https:\/\/api.w.org\/{rel}","templated":true}]}}