{"id":32305,"date":"2025-04-29T13:46:33","date_gmt":"2025-04-29T13:46:33","guid":{"rendered":"https:\/\/joyasyasmin.com\/producto\/murmure-du-cerceau-de-la-foret\/"},"modified":"2025-05-13T07:46:38","modified_gmt":"2025-05-13T07:46:38","slug":"murmure-du-cerceau-de-la-foret","status":"publish","type":"product","link":"https:\/\/joyasyasmin.com\/fr\/producto\/murmure-du-cerceau-de-la-foret\/","title":{"rendered":"Murmure du cerceau de la for\u00eat"},"content":{"rendered":"","protected":false},"excerpt":{"rendered":"<p>Cr\u00e9ole de 10 mm avec fermoir \u00e0 clic en argent sterling 925, orn\u00e9e d\u2019une d\u00e9licate cha\u00eene de suspension.<br data-start=\"181\" data-end=\"184\">Il comporte une fleur au d\u00e9but et un papillon \u00e0 la fin, apportant une touche f\u00e9minine et polyvalente.<br data-start=\"272\" data-end=\"275\" data-is-only-node=\"\">Vous pouvez le placer comme bon vous semble pour personnaliser votre style. Longueur totale de la boucle d\u2019oreille : 4,5 cm. <\/p>\n","protected":false},"featured_media":31938,"comment_status":"open","ping_status":"closed","template":"","meta":{"_acf_changed":false,"_joinchat":[]},"product_brand":[],"product_cat":[1775],"product_tag":[],"class_list":{"0":"post-32305","1":"product","2":"type-product","3":"status-publish","4":"has-post-thumbnail","6":"product_cat-boucles-doreilles-et-boucles-doreilles","8":"first","9":"outofstock","10":"shipping-taxable","11":"purchasable","12":"product-type-simple"},"acf":[],"yoast_head":"<!-- This site is optimized with the Yoast SEO plugin v27.3 - https:\/\/yoast.com\/product\/yoast-seo-wordpress\/ -->\n<title>Murmure du cerceau de la for\u00eat - Yasmin<\/title>\n<meta name=\"description\" content=\"Cerceau Forest Whisper de 10 mm avec cha\u00eene suspendue, fleur et papillon en argent 925. Longueur de 4,5 cm. F\u00e9minine, polyvalente et avec son propre style.\" \/>\n<meta name=\"robots\" content=\"index, follow, max-snippet:-1, max-image-preview:large, max-video-preview:-1\" \/>\n<link rel=\"canonical\" href=\"https:\/\/joyasyasmin.com\/fr\/producto\/murmure-du-cerceau-de-la-foret\/\" \/>\n<meta property=\"og:locale\" content=\"fr_FR\" \/>\n<meta property=\"og:title\" content=\"Murmure du cerceau de la for\u00eat - Yasmin\" \/>\n<meta property=\"og:description\" content=\"Cerceau Forest Whisper de 10 mm avec cha\u00eene suspendue, fleur et papillon en argent 925. Longueur de 4,5 cm. F\u00e9minine, polyvalente et avec son propre style.\" \/>\n<meta property=\"og:url\" content=\"https:\/\/joyasyasmin.com\/fr\/producto\/murmure-du-cerceau-de-la-foret\/\" \/>\n<meta property=\"og:site_name\" content=\"Yasmin\" \/>\n<meta property=\"article:publisher\" content=\"https:\/\/www.facebook.com\/Joyas-Yasmin-217664058934169\/\" \/>\n<meta property=\"article:modified_time\" content=\"2025-05-13T07:46:38+00:00\" \/>\n<meta property=\"og:image\" content=\"https:\/\/joyasyasmin.com\/wp-content\/uploads\/2025\/04\/aro-susurro-del-bosque.jpg\" \/>\n\t<meta property=\"og:image:width\" content=\"1000\" \/>\n\t<meta property=\"og:image:height\" content=\"1000\" \/>\n\t<meta property=\"og:image:type\" content=\"image\/jpeg\" \/>\n<meta name=\"twitter:card\" content=\"summary_large_image\" \/>\n<script type=\"application\/ld+json\" class=\"yoast-schema-graph\">{\"@context\":\"https:\\\/\\\/schema.org\",\"@graph\":[{\"@type\":[\"WebPage\",\"ItemPage\"],\"@id\":\"https:\\\/\\\/joyasyasmin.com\\\/fr\\\/producto\\\/murmure-du-cerceau-de-la-foret\\\/\",\"url\":\"https:\\\/\\\/joyasyasmin.com\\\/fr\\\/producto\\\/murmure-du-cerceau-de-la-foret\\\/\",\"name\":\"Murmure du cerceau de la for\u00eat - Yasmin\",\"isPartOf\":{\"@id\":\"https:\\\/\\\/joyasyasmin.com\\\/fr\\\/#website\"},\"primaryImageOfPage\":{\"@id\":\"https:\\\/\\\/joyasyasmin.com\\\/fr\\\/producto\\\/murmure-du-cerceau-de-la-foret\\\/#primaryimage\"},\"image\":{\"@id\":\"https:\\\/\\\/joyasyasmin.com\\\/fr\\\/producto\\\/murmure-du-cerceau-de-la-foret\\\/#primaryimage\"},\"thumbnailUrl\":\"https:\\\/\\\/joyasyasmin.com\\\/wp-content\\\/uploads\\\/2025\\\/04\\\/aro-susurro-del-bosque.jpg\",\"datePublished\":\"2025-04-29T13:46:33+00:00\",\"dateModified\":\"2025-05-13T07:46:38+00:00\",\"description\":\"Cerceau Forest Whisper de 10 mm avec cha\u00eene suspendue, fleur et papillon en argent 925. Longueur de 4,5 cm. F\u00e9minine, polyvalente et avec son propre style.\",\"breadcrumb\":{\"@id\":\"https:\\\/\\\/joyasyasmin.com\\\/fr\\\/producto\\\/murmure-du-cerceau-de-la-foret\\\/#breadcrumb\"},\"inLanguage\":\"fr-FR\",\"potentialAction\":[{\"@type\":\"ReadAction\",\"target\":[\"https:\\\/\\\/joyasyasmin.com\\\/fr\\\/producto\\\/murmure-du-cerceau-de-la-foret\\\/\"]}]},{\"@type\":\"ImageObject\",\"inLanguage\":\"fr-FR\",\"@id\":\"https:\\\/\\\/joyasyasmin.com\\\/fr\\\/producto\\\/murmure-du-cerceau-de-la-foret\\\/#primaryimage\",\"url\":\"https:\\\/\\\/joyasyasmin.com\\\/wp-content\\\/uploads\\\/2025\\\/04\\\/aro-susurro-del-bosque.jpg\",\"contentUrl\":\"https:\\\/\\\/joyasyasmin.com\\\/wp-content\\\/uploads\\\/2025\\\/04\\\/aro-susurro-del-bosque.jpg\",\"width\":1000,\"height\":1000,\"caption\":\"Murmure de la for\u00eat Boucles d\u2019oreilles cr\u00e9oles \u00e0 vendre Argent 925\"},{\"@type\":\"BreadcrumbList\",\"@id\":\"https:\\\/\\\/joyasyasmin.com\\\/fr\\\/producto\\\/murmure-du-cerceau-de-la-foret\\\/#breadcrumb\",\"itemListElement\":[{\"@type\":\"ListItem\",\"position\":1,\"name\":\"Portada\",\"item\":\"https:\\\/\\\/joyasyasmin.com\\\/fr\\\/domicile\\\/\"},{\"@type\":\"ListItem\",\"position\":2,\"name\":\"Boutique\",\"item\":\"https:\\\/\\\/joyasyasmin.com\\\/fr\\\/boutique\\\/\"},{\"@type\":\"ListItem\",\"position\":3,\"name\":\"Murmure du cerceau de la for\u00eat\"}]},{\"@type\":\"WebSite\",\"@id\":\"https:\\\/\\\/joyasyasmin.com\\\/fr\\\/#website\",\"url\":\"https:\\\/\\\/joyasyasmin.com\\\/fr\\\/\",\"name\":\"Yasmin\",\"description\":\"Joyer\u00eda de Plata 925 - Pendientes, pulseras, anillos, colgantes y m\u00e1s!\",\"publisher\":{\"@id\":\"https:\\\/\\\/joyasyasmin.com\\\/fr\\\/#organization\"},\"potentialAction\":[{\"@type\":\"SearchAction\",\"target\":{\"@type\":\"EntryPoint\",\"urlTemplate\":\"https:\\\/\\\/joyasyasmin.com\\\/fr\\\/?s={search_term_string}\"},\"query-input\":{\"@type\":\"PropertyValueSpecification\",\"valueRequired\":true,\"valueName\":\"search_term_string\"}}],\"inLanguage\":\"fr-FR\"},{\"@type\":\"Organization\",\"@id\":\"https:\\\/\\\/joyasyasmin.com\\\/fr\\\/#organization\",\"name\":\"joyas yasmin\",\"url\":\"https:\\\/\\\/joyasyasmin.com\\\/fr\\\/\",\"logo\":{\"@type\":\"ImageObject\",\"inLanguage\":\"fr-FR\",\"@id\":\"https:\\\/\\\/joyasyasmin.com\\\/fr\\\/#\\\/schema\\\/logo\\\/image\\\/\",\"url\":\"https:\\\/\\\/joyasyasmin.com\\\/wp-content\\\/uploads\\\/2017\\\/06\\\/IMG-20200429-WA0051.jpg\",\"contentUrl\":\"https:\\\/\\\/joyasyasmin.com\\\/wp-content\\\/uploads\\\/2017\\\/06\\\/IMG-20200429-WA0051.jpg\",\"width\":1080,\"height\":545,\"caption\":\"joyas yasmin\"},\"image\":{\"@id\":\"https:\\\/\\\/joyasyasmin.com\\\/fr\\\/#\\\/schema\\\/logo\\\/image\\\/\"},\"sameAs\":[\"https:\\\/\\\/www.facebook.com\\\/Joyas-Yasmin-217664058934169\\\/\",\"https:\\\/\\\/www.instagram.com\\\/invites\\\/contact\\\/\"]}]}<\/script>\n<!-- \/ Yoast SEO plugin. -->","yoast_head_json":{"title":"Murmure du cerceau de la for\u00eat - Yasmin","description":"Cerceau Forest Whisper de 10 mm avec cha\u00eene suspendue, fleur et papillon en argent 925. Longueur de 4,5 cm. F\u00e9minine, polyvalente et avec son propre style.","robots":{"index":"index","follow":"follow","max-snippet":"max-snippet:-1","max-image-preview":"max-image-preview:large","max-video-preview":"max-video-preview:-1"},"canonical":"https:\/\/joyasyasmin.com\/fr\/producto\/murmure-du-cerceau-de-la-foret\/","og_locale":"fr_FR","og_title":"Murmure du cerceau de la for\u00eat - Yasmin","og_description":"Cerceau Forest Whisper de 10 mm avec cha\u00eene suspendue, fleur et papillon en argent 925. Longueur de 4,5 cm. F\u00e9minine, polyvalente et avec son propre style.","og_url":"https:\/\/joyasyasmin.com\/fr\/producto\/murmure-du-cerceau-de-la-foret\/","og_site_name":"Yasmin","article_publisher":"https:\/\/www.facebook.com\/Joyas-Yasmin-217664058934169\/","article_modified_time":"2025-05-13T07:46:38+00:00","og_image":[{"width":1000,"height":1000,"url":"https:\/\/joyasyasmin.com\/wp-content\/uploads\/2025\/04\/aro-susurro-del-bosque.jpg","type":"image\/jpeg"}],"twitter_card":"summary_large_image","schema":{"@context":"https:\/\/schema.org","@graph":[{"@type":["WebPage","ItemPage"],"@id":"https:\/\/joyasyasmin.com\/fr\/producto\/murmure-du-cerceau-de-la-foret\/","url":"https:\/\/joyasyasmin.com\/fr\/producto\/murmure-du-cerceau-de-la-foret\/","name":"Murmure du cerceau de la for\u00eat - Yasmin","isPartOf":{"@id":"https:\/\/joyasyasmin.com\/fr\/#website"},"primaryImageOfPage":{"@id":"https:\/\/joyasyasmin.com\/fr\/producto\/murmure-du-cerceau-de-la-foret\/#primaryimage"},"image":{"@id":"https:\/\/joyasyasmin.com\/fr\/producto\/murmure-du-cerceau-de-la-foret\/#primaryimage"},"thumbnailUrl":"https:\/\/joyasyasmin.com\/wp-content\/uploads\/2025\/04\/aro-susurro-del-bosque.jpg","datePublished":"2025-04-29T13:46:33+00:00","dateModified":"2025-05-13T07:46:38+00:00","description":"Cerceau Forest Whisper de 10 mm avec cha\u00eene suspendue, fleur et papillon en argent 925. Longueur de 4,5 cm. F\u00e9minine, polyvalente et avec son propre style.","breadcrumb":{"@id":"https:\/\/joyasyasmin.com\/fr\/producto\/murmure-du-cerceau-de-la-foret\/#breadcrumb"},"inLanguage":"fr-FR","potentialAction":[{"@type":"ReadAction","target":["https:\/\/joyasyasmin.com\/fr\/producto\/murmure-du-cerceau-de-la-foret\/"]}]},{"@type":"ImageObject","inLanguage":"fr-FR","@id":"https:\/\/joyasyasmin.com\/fr\/producto\/murmure-du-cerceau-de-la-foret\/#primaryimage","url":"https:\/\/joyasyasmin.com\/wp-content\/uploads\/2025\/04\/aro-susurro-del-bosque.jpg","contentUrl":"https:\/\/joyasyasmin.com\/wp-content\/uploads\/2025\/04\/aro-susurro-del-bosque.jpg","width":1000,"height":1000,"caption":"Murmure de la for\u00eat Boucles d\u2019oreilles cr\u00e9oles \u00e0 vendre Argent 925"},{"@type":"BreadcrumbList","@id":"https:\/\/joyasyasmin.com\/fr\/producto\/murmure-du-cerceau-de-la-foret\/#breadcrumb","itemListElement":[{"@type":"ListItem","position":1,"name":"Portada","item":"https:\/\/joyasyasmin.com\/fr\/domicile\/"},{"@type":"ListItem","position":2,"name":"Boutique","item":"https:\/\/joyasyasmin.com\/fr\/boutique\/"},{"@type":"ListItem","position":3,"name":"Murmure du cerceau de la for\u00eat"}]},{"@type":"WebSite","@id":"https:\/\/joyasyasmin.com\/fr\/#website","url":"https:\/\/joyasyasmin.com\/fr\/","name":"Yasmin","description":"Joyer\u00eda de Plata 925 - Pendientes, pulseras, anillos, colgantes y m\u00e1s!","publisher":{"@id":"https:\/\/joyasyasmin.com\/fr\/#organization"},"potentialAction":[{"@type":"SearchAction","target":{"@type":"EntryPoint","urlTemplate":"https:\/\/joyasyasmin.com\/fr\/?s={search_term_string}"},"query-input":{"@type":"PropertyValueSpecification","valueRequired":true,"valueName":"search_term_string"}}],"inLanguage":"fr-FR"},{"@type":"Organization","@id":"https:\/\/joyasyasmin.com\/fr\/#organization","name":"joyas yasmin","url":"https:\/\/joyasyasmin.com\/fr\/","logo":{"@type":"ImageObject","inLanguage":"fr-FR","@id":"https:\/\/joyasyasmin.com\/fr\/#\/schema\/logo\/image\/","url":"https:\/\/joyasyasmin.com\/wp-content\/uploads\/2017\/06\/IMG-20200429-WA0051.jpg","contentUrl":"https:\/\/joyasyasmin.com\/wp-content\/uploads\/2017\/06\/IMG-20200429-WA0051.jpg","width":1080,"height":545,"caption":"joyas yasmin"},"image":{"@id":"https:\/\/joyasyasmin.com\/fr\/#\/schema\/logo\/image\/"},"sameAs":["https:\/\/www.facebook.com\/Joyas-Yasmin-217664058934169\/","https:\/\/www.instagram.com\/invites\/contact\/"]}]}},"_links":{"self":[{"href":"https:\/\/joyasyasmin.com\/fr\/wp-json\/wp\/v2\/product\/32305","targetHints":{"allow":["GET"]}}],"collection":[{"href":"https:\/\/joyasyasmin.com\/fr\/wp-json\/wp\/v2\/product"}],"about":[{"href":"https:\/\/joyasyasmin.com\/fr\/wp-json\/wp\/v2\/types\/product"}],"replies":[{"embeddable":true,"href":"https:\/\/joyasyasmin.com\/fr\/wp-json\/wp\/v2\/comments?post=32305"}],"version-history":[{"count":1,"href":"https:\/\/joyasyasmin.com\/fr\/wp-json\/wp\/v2\/product\/32305\/revisions"}],"predecessor-version":[{"id":32325,"href":"https:\/\/joyasyasmin.com\/fr\/wp-json\/wp\/v2\/product\/32305\/revisions\/32325"}],"wp:featuredmedia":[{"embeddable":true,"href":"https:\/\/joyasyasmin.com\/fr\/wp-json\/wp\/v2\/media\/31938"}],"wp:attachment":[{"href":"https:\/\/joyasyasmin.com\/fr\/wp-json\/wp\/v2\/media?parent=32305"}],"wp:term":[{"taxonomy":"product_brand","embeddable":true,"href":"https:\/\/joyasyasmin.com\/fr\/wp-json\/wp\/v2\/product_brand?post=32305"},{"taxonomy":"product_cat","embeddable":true,"href":"https:\/\/joyasyasmin.com\/fr\/wp-json\/wp\/v2\/product_cat?post=32305"},{"taxonomy":"product_tag","embeddable":true,"href":"https:\/\/joyasyasmin.com\/fr\/wp-json\/wp\/v2\/product_tag?post=32305"}],"curies":[{"name":"wp","href":"https:\/\/api.w.org\/{rel}","templated":true}]}}