{"id":32370,"date":"2025-04-12T14:20:37","date_gmt":"2025-04-12T14:20:37","guid":{"rendered":"https:\/\/joyasyasmin.com\/producto\/creoles-legeres-pearl-shell\/"},"modified":"2025-09-08T18:32:29","modified_gmt":"2025-09-08T18:32:29","slug":"creoles-legeres-pearl-shell","status":"publish","type":"product","link":"https:\/\/joyasyasmin.com\/fr\/producto\/creoles-legeres-pearl-shell\/","title":{"rendered":"Cr\u00e9oles l\u00e9g\u00e8res Pearl Shell"},"content":{"rendered":"","protected":false},"excerpt":{"rendered":"<p>Faites preuve d\u2019une \u00e9l\u00e9gance intemporelle avec nos boucles d\u2019oreilles cr\u00e9oles en perles Shell en argent 925. Con\u00e7ues avec un anneau de 23 mm de diam\u00e8tre et orn\u00e9es de d\u00e9licates perles de 3 mm tout autour, ces boucles d\u2019oreilles sont dot\u00e9es d\u2019une fermeture \u00e0 pression pratique pour plus de confort et de s\u00e9curit\u00e9. Parfait pour ajouter une touche sophistiqu\u00e9e \u00e0 n\u2019importe quel look.  <\/p>\n","protected":false},"featured_media":31563,"comment_status":"open","ping_status":"closed","template":"","meta":{"_acf_changed":false,"_joinchat":[]},"product_brand":[],"product_cat":[1775],"product_tag":[5416,1931],"class_list":{"0":"post-32370","1":"product","2":"type-product","3":"status-publish","4":"has-post-thumbnail","6":"product_cat-boucles-doreilles-et-boucles-doreilles","7":"product_tag-creoles-avec-perle","8":"product_tag-nouvelle-collection","10":"first","11":"instock","12":"shipping-taxable","13":"purchasable","14":"product-type-simple"},"acf":[],"yoast_head":"<!-- This site is optimized with the Yoast SEO plugin v27.2 - https:\/\/yoast.com\/product\/yoast-seo-wordpress\/ -->\n<title>Cr\u00e9oles l\u00e9g\u00e8res Pearl Shell - Yasmin<\/title>\n<meta name=\"description\" content=\"Boucle d\u2019oreille cr\u00e9ole en argent 925 avec perles de 3 mm et fermeture \u00e0 pression. L\u2019\u00e9l\u00e9gance classique dans un design de 23 mm, id\u00e9al pour toutes les occasions.\" \/>\n<meta name=\"robots\" content=\"index, follow, max-snippet:-1, max-image-preview:large, max-video-preview:-1\" \/>\n<link rel=\"canonical\" href=\"https:\/\/joyasyasmin.com\/fr\/producto\/creoles-legeres-pearl-shell\/\" \/>\n<meta property=\"og:locale\" content=\"fr_FR\" \/>\n<meta property=\"og:title\" content=\"Cr\u00e9oles l\u00e9g\u00e8res Pearl Shell - Yasmin\" \/>\n<meta property=\"og:description\" content=\"Boucle d\u2019oreille cr\u00e9ole en argent 925 avec perles de 3 mm et fermeture \u00e0 pression. L\u2019\u00e9l\u00e9gance classique dans un design de 23 mm, id\u00e9al pour toutes les occasions.\" \/>\n<meta property=\"og:url\" content=\"https:\/\/joyasyasmin.com\/fr\/producto\/creoles-legeres-pearl-shell\/\" \/>\n<meta property=\"og:site_name\" content=\"Yasmin\" \/>\n<meta property=\"article:publisher\" content=\"https:\/\/www.facebook.com\/Joyas-Yasmin-217664058934169\/\" \/>\n<meta property=\"article:modified_time\" content=\"2025-09-08T18:32:29+00:00\" \/>\n<meta property=\"og:image\" content=\"https:\/\/joyasyasmin.com\/wp-content\/uploads\/2025\/04\/aros-perla-shell.jpg\" \/>\n\t<meta property=\"og:image:width\" content=\"1000\" \/>\n\t<meta property=\"og:image:height\" content=\"1000\" \/>\n\t<meta property=\"og:image:type\" content=\"image\/jpeg\" \/>\n<meta name=\"twitter:card\" content=\"summary_large_image\" \/>\n<script type=\"application\/ld+json\" class=\"yoast-schema-graph\">{\"@context\":\"https:\/\/schema.org\",\"@graph\":[{\"@type\":[\"WebPage\",\"ItemPage\"],\"@id\":\"https:\/\/joyasyasmin.com\/fr\/producto\/creoles-legeres-pearl-shell\/\",\"url\":\"https:\/\/joyasyasmin.com\/fr\/producto\/creoles-legeres-pearl-shell\/\",\"name\":\"Cr\u00e9oles l\u00e9g\u00e8res Pearl Shell - Yasmin\",\"isPartOf\":{\"@id\":\"https:\/\/joyasyasmin.com\/fr\/#website\"},\"primaryImageOfPage\":{\"@id\":\"https:\/\/joyasyasmin.com\/fr\/producto\/creoles-legeres-pearl-shell\/#primaryimage\"},\"image\":{\"@id\":\"https:\/\/joyasyasmin.com\/fr\/producto\/creoles-legeres-pearl-shell\/#primaryimage\"},\"thumbnailUrl\":\"https:\/\/joyasyasmin.com\/wp-content\/uploads\/2025\/04\/aros-perla-shell.jpg\",\"datePublished\":\"2025-04-12T14:20:37+00:00\",\"dateModified\":\"2025-09-08T18:32:29+00:00\",\"description\":\"Boucle d\u2019oreille cr\u00e9ole en argent 925 avec perles de 3 mm et fermeture \u00e0 pression. L\u2019\u00e9l\u00e9gance classique dans un design de 23 mm, id\u00e9al pour toutes les occasions.\",\"breadcrumb\":{\"@id\":\"https:\/\/joyasyasmin.com\/fr\/producto\/creoles-legeres-pearl-shell\/#breadcrumb\"},\"inLanguage\":\"fr-FR\",\"potentialAction\":[{\"@type\":\"ReadAction\",\"target\":[\"https:\/\/joyasyasmin.com\/fr\/producto\/creoles-legeres-pearl-shell\/\"]}]},{\"@type\":\"ImageObject\",\"inLanguage\":\"fr-FR\",\"@id\":\"https:\/\/joyasyasmin.com\/fr\/producto\/creoles-legeres-pearl-shell\/#primaryimage\",\"url\":\"https:\/\/joyasyasmin.com\/wp-content\/uploads\/2025\/04\/aros-perla-shell.jpg\",\"contentUrl\":\"https:\/\/joyasyasmin.com\/wp-content\/uploads\/2025\/04\/aros-perla-shell.jpg\",\"width\":1000,\"height\":1000,\"caption\":\"Pearl Shell Light 925 Boucles d\u2019oreilles en argent \u00e0 vendre, Pearl is Sell Cultured\"},{\"@type\":\"BreadcrumbList\",\"@id\":\"https:\/\/joyasyasmin.com\/fr\/producto\/creoles-legeres-pearl-shell\/#breadcrumb\",\"itemListElement\":[{\"@type\":\"ListItem\",\"position\":1,\"name\":\"Portada\",\"item\":\"https:\/\/joyasyasmin.com\/fr\/domicile\/\"},{\"@type\":\"ListItem\",\"position\":2,\"name\":\"Boutique\",\"item\":\"https:\/\/joyasyasmin.com\/fr\/boutique\/\"},{\"@type\":\"ListItem\",\"position\":3,\"name\":\"Cr\u00e9oles l\u00e9g\u00e8res Pearl Shell\"}]},{\"@type\":\"WebSite\",\"@id\":\"https:\/\/joyasyasmin.com\/fr\/#website\",\"url\":\"https:\/\/joyasyasmin.com\/fr\/\",\"name\":\"Yasmin\",\"description\":\"Joyer\u00eda de Plata 925 - Pendientes, pulseras, anillos, colgantes y m\u00e1s!\",\"publisher\":{\"@id\":\"https:\/\/joyasyasmin.com\/fr\/#organization\"},\"potentialAction\":[{\"@type\":\"SearchAction\",\"target\":{\"@type\":\"EntryPoint\",\"urlTemplate\":\"https:\/\/joyasyasmin.com\/fr\/?s={search_term_string}\"},\"query-input\":{\"@type\":\"PropertyValueSpecification\",\"valueRequired\":true,\"valueName\":\"search_term_string\"}}],\"inLanguage\":\"fr-FR\"},{\"@type\":\"Organization\",\"@id\":\"https:\/\/joyasyasmin.com\/fr\/#organization\",\"name\":\"joyas yasmin\",\"url\":\"https:\/\/joyasyasmin.com\/fr\/\",\"logo\":{\"@type\":\"ImageObject\",\"inLanguage\":\"fr-FR\",\"@id\":\"https:\/\/joyasyasmin.com\/fr\/#\/schema\/logo\/image\/\",\"url\":\"https:\/\/joyasyasmin.com\/wp-content\/uploads\/2017\/06\/IMG-20200429-WA0051.jpg\",\"contentUrl\":\"https:\/\/joyasyasmin.com\/wp-content\/uploads\/2017\/06\/IMG-20200429-WA0051.jpg\",\"width\":1080,\"height\":545,\"caption\":\"joyas yasmin\"},\"image\":{\"@id\":\"https:\/\/joyasyasmin.com\/fr\/#\/schema\/logo\/image\/\"},\"sameAs\":[\"https:\/\/www.facebook.com\/Joyas-Yasmin-217664058934169\/\",\"https:\/\/www.instagram.com\/invites\/contact\/\"]}]}<\/script>\n<!-- \/ Yoast SEO plugin. -->","yoast_head_json":{"title":"Cr\u00e9oles l\u00e9g\u00e8res Pearl Shell - Yasmin","description":"Boucle d\u2019oreille cr\u00e9ole en argent 925 avec perles de 3 mm et fermeture \u00e0 pression. L\u2019\u00e9l\u00e9gance classique dans un design de 23 mm, id\u00e9al pour toutes les occasions.","robots":{"index":"index","follow":"follow","max-snippet":"max-snippet:-1","max-image-preview":"max-image-preview:large","max-video-preview":"max-video-preview:-1"},"canonical":"https:\/\/joyasyasmin.com\/fr\/producto\/creoles-legeres-pearl-shell\/","og_locale":"fr_FR","og_title":"Cr\u00e9oles l\u00e9g\u00e8res Pearl Shell - Yasmin","og_description":"Boucle d\u2019oreille cr\u00e9ole en argent 925 avec perles de 3 mm et fermeture \u00e0 pression. L\u2019\u00e9l\u00e9gance classique dans un design de 23 mm, id\u00e9al pour toutes les occasions.","og_url":"https:\/\/joyasyasmin.com\/fr\/producto\/creoles-legeres-pearl-shell\/","og_site_name":"Yasmin","article_publisher":"https:\/\/www.facebook.com\/Joyas-Yasmin-217664058934169\/","article_modified_time":"2025-09-08T18:32:29+00:00","og_image":[{"width":1000,"height":1000,"url":"https:\/\/joyasyasmin.com\/wp-content\/uploads\/2025\/04\/aros-perla-shell.jpg","type":"image\/jpeg"}],"twitter_card":"summary_large_image","schema":{"@context":"https:\/\/schema.org","@graph":[{"@type":["WebPage","ItemPage"],"@id":"https:\/\/joyasyasmin.com\/fr\/producto\/creoles-legeres-pearl-shell\/","url":"https:\/\/joyasyasmin.com\/fr\/producto\/creoles-legeres-pearl-shell\/","name":"Cr\u00e9oles l\u00e9g\u00e8res Pearl Shell - Yasmin","isPartOf":{"@id":"https:\/\/joyasyasmin.com\/fr\/#website"},"primaryImageOfPage":{"@id":"https:\/\/joyasyasmin.com\/fr\/producto\/creoles-legeres-pearl-shell\/#primaryimage"},"image":{"@id":"https:\/\/joyasyasmin.com\/fr\/producto\/creoles-legeres-pearl-shell\/#primaryimage"},"thumbnailUrl":"https:\/\/joyasyasmin.com\/wp-content\/uploads\/2025\/04\/aros-perla-shell.jpg","datePublished":"2025-04-12T14:20:37+00:00","dateModified":"2025-09-08T18:32:29+00:00","description":"Boucle d\u2019oreille cr\u00e9ole en argent 925 avec perles de 3 mm et fermeture \u00e0 pression. L\u2019\u00e9l\u00e9gance classique dans un design de 23 mm, id\u00e9al pour toutes les occasions.","breadcrumb":{"@id":"https:\/\/joyasyasmin.com\/fr\/producto\/creoles-legeres-pearl-shell\/#breadcrumb"},"inLanguage":"fr-FR","potentialAction":[{"@type":"ReadAction","target":["https:\/\/joyasyasmin.com\/fr\/producto\/creoles-legeres-pearl-shell\/"]}]},{"@type":"ImageObject","inLanguage":"fr-FR","@id":"https:\/\/joyasyasmin.com\/fr\/producto\/creoles-legeres-pearl-shell\/#primaryimage","url":"https:\/\/joyasyasmin.com\/wp-content\/uploads\/2025\/04\/aros-perla-shell.jpg","contentUrl":"https:\/\/joyasyasmin.com\/wp-content\/uploads\/2025\/04\/aros-perla-shell.jpg","width":1000,"height":1000,"caption":"Pearl Shell Light 925 Boucles d\u2019oreilles en argent \u00e0 vendre, Pearl is Sell Cultured"},{"@type":"BreadcrumbList","@id":"https:\/\/joyasyasmin.com\/fr\/producto\/creoles-legeres-pearl-shell\/#breadcrumb","itemListElement":[{"@type":"ListItem","position":1,"name":"Portada","item":"https:\/\/joyasyasmin.com\/fr\/domicile\/"},{"@type":"ListItem","position":2,"name":"Boutique","item":"https:\/\/joyasyasmin.com\/fr\/boutique\/"},{"@type":"ListItem","position":3,"name":"Cr\u00e9oles l\u00e9g\u00e8res Pearl Shell"}]},{"@type":"WebSite","@id":"https:\/\/joyasyasmin.com\/fr\/#website","url":"https:\/\/joyasyasmin.com\/fr\/","name":"Yasmin","description":"Joyer\u00eda de Plata 925 - Pendientes, pulseras, anillos, colgantes y m\u00e1s!","publisher":{"@id":"https:\/\/joyasyasmin.com\/fr\/#organization"},"potentialAction":[{"@type":"SearchAction","target":{"@type":"EntryPoint","urlTemplate":"https:\/\/joyasyasmin.com\/fr\/?s={search_term_string}"},"query-input":{"@type":"PropertyValueSpecification","valueRequired":true,"valueName":"search_term_string"}}],"inLanguage":"fr-FR"},{"@type":"Organization","@id":"https:\/\/joyasyasmin.com\/fr\/#organization","name":"joyas yasmin","url":"https:\/\/joyasyasmin.com\/fr\/","logo":{"@type":"ImageObject","inLanguage":"fr-FR","@id":"https:\/\/joyasyasmin.com\/fr\/#\/schema\/logo\/image\/","url":"https:\/\/joyasyasmin.com\/wp-content\/uploads\/2017\/06\/IMG-20200429-WA0051.jpg","contentUrl":"https:\/\/joyasyasmin.com\/wp-content\/uploads\/2017\/06\/IMG-20200429-WA0051.jpg","width":1080,"height":545,"caption":"joyas yasmin"},"image":{"@id":"https:\/\/joyasyasmin.com\/fr\/#\/schema\/logo\/image\/"},"sameAs":["https:\/\/www.facebook.com\/Joyas-Yasmin-217664058934169\/","https:\/\/www.instagram.com\/invites\/contact\/"]}]}},"_links":{"self":[{"href":"https:\/\/joyasyasmin.com\/fr\/wp-json\/wp\/v2\/product\/32370","targetHints":{"allow":["GET"]}}],"collection":[{"href":"https:\/\/joyasyasmin.com\/fr\/wp-json\/wp\/v2\/product"}],"about":[{"href":"https:\/\/joyasyasmin.com\/fr\/wp-json\/wp\/v2\/types\/product"}],"replies":[{"embeddable":true,"href":"https:\/\/joyasyasmin.com\/fr\/wp-json\/wp\/v2\/comments?post=32370"}],"version-history":[{"count":1,"href":"https:\/\/joyasyasmin.com\/fr\/wp-json\/wp\/v2\/product\/32370\/revisions"}],"predecessor-version":[{"id":34429,"href":"https:\/\/joyasyasmin.com\/fr\/wp-json\/wp\/v2\/product\/32370\/revisions\/34429"}],"wp:featuredmedia":[{"embeddable":true,"href":"https:\/\/joyasyasmin.com\/fr\/wp-json\/wp\/v2\/media\/31563"}],"wp:attachment":[{"href":"https:\/\/joyasyasmin.com\/fr\/wp-json\/wp\/v2\/media?parent=32370"}],"wp:term":[{"taxonomy":"product_brand","embeddable":true,"href":"https:\/\/joyasyasmin.com\/fr\/wp-json\/wp\/v2\/product_brand?post=32370"},{"taxonomy":"product_cat","embeddable":true,"href":"https:\/\/joyasyasmin.com\/fr\/wp-json\/wp\/v2\/product_cat?post=32370"},{"taxonomy":"product_tag","embeddable":true,"href":"https:\/\/joyasyasmin.com\/fr\/wp-json\/wp\/v2\/product_tag?post=32370"}],"curies":[{"name":"wp","href":"https:\/\/api.w.org\/{rel}","templated":true}]}}