{"id":32378,"date":"2025-04-12T19:52:38","date_gmt":"2025-04-12T19:52:38","guid":{"rendered":"https:\/\/joyasyasmin.com\/producto\/cerceaux-argentea\/"},"modified":"2025-04-12T19:52:38","modified_gmt":"2025-04-12T19:52:38","slug":"cerceaux-argentea","status":"publish","type":"product","link":"https:\/\/joyasyasmin.com\/fr\/producto\/cerceaux-argentea\/","title":{"rendered":"Cerceaux Argentea"},"content":{"rendered":"","protected":false},"excerpt":{"rendered":"<p>Le cerceau Argentea, en argent 925, pr\u00e9sente un design tourn\u00e9 orn\u00e9 de zircons qui apportent une brillance subtile et \u00e9l\u00e9gante. Au centre, une d\u00e9licate coquille de perle se d\u00e9tache, ajoutant une touche classique et raffin\u00e9e. Avec une taille de 23 mm, c\u2019est une pi\u00e8ce \u00e0 la fois frappante et confortable, id\u00e9ale pour un usage quotidien et des occasions sp\u00e9ciales. Sa fermeture \u00e0 pression assure un placement facile et un maintien s\u00fbr.   <\/p>\n","protected":false},"featured_media":31601,"comment_status":"open","ping_status":"closed","template":"","meta":{"_acf_changed":false,"_joinchat":[]},"product_brand":[],"product_cat":[1775],"product_tag":[],"class_list":{"0":"post-32378","1":"product","2":"type-product","3":"status-publish","4":"has-post-thumbnail","6":"product_cat-boucles-doreilles-et-boucles-doreilles","8":"first","9":"instock","10":"shipping-taxable","11":"purchasable","12":"product-type-simple"},"acf":[],"yoast_head":"<!-- This site is optimized with the Yoast SEO plugin v27.2 - https:\/\/yoast.com\/product\/yoast-seo-wordpress\/ -->\n<title>Cerceaux Argentea - Yasmin<\/title>\n<meta name=\"description\" content=\"Anneaux Argentea en argent 925, avec motif tourn\u00e9, zircon brillant et coquille centrale en perles. Taille 23mm, fermeture \u00e0 pression. Id\u00e9al pour votre journ\u00e9e pr\u00e9f\u00e9r\u00e9e.\" \/>\n<meta name=\"robots\" content=\"index, follow, max-snippet:-1, max-image-preview:large, max-video-preview:-1\" \/>\n<link rel=\"canonical\" href=\"https:\/\/joyasyasmin.com\/fr\/producto\/cerceaux-argentea\/\" \/>\n<meta property=\"og:locale\" content=\"fr_FR\" \/>\n<meta property=\"og:title\" content=\"Cerceaux Argentea - Yasmin\" \/>\n<meta property=\"og:description\" content=\"Anneaux Argentea en argent 925, avec motif tourn\u00e9, zircon brillant et coquille centrale en perles. Taille 23mm, fermeture \u00e0 pression. Id\u00e9al pour votre journ\u00e9e pr\u00e9f\u00e9r\u00e9e.\" \/>\n<meta property=\"og:url\" content=\"https:\/\/joyasyasmin.com\/fr\/producto\/cerceaux-argentea\/\" \/>\n<meta property=\"og:site_name\" content=\"Yasmin\" \/>\n<meta property=\"article:publisher\" content=\"https:\/\/www.facebook.com\/Joyas-Yasmin-217664058934169\/\" \/>\n<meta property=\"og:image\" content=\"https:\/\/joyasyasmin.com\/wp-content\/uploads\/2025\/04\/Aros-Argentea.jpg\" \/>\n\t<meta property=\"og:image:width\" content=\"1000\" \/>\n\t<meta property=\"og:image:height\" content=\"1000\" \/>\n\t<meta property=\"og:image:type\" content=\"image\/jpeg\" \/>\n<meta name=\"twitter:card\" content=\"summary_large_image\" \/>\n<script type=\"application\/ld+json\" class=\"yoast-schema-graph\">{\"@context\":\"https:\/\/schema.org\",\"@graph\":[{\"@type\":[\"WebPage\",\"ItemPage\"],\"@id\":\"https:\/\/joyasyasmin.com\/fr\/producto\/cerceaux-argentea\/\",\"url\":\"https:\/\/joyasyasmin.com\/fr\/producto\/cerceaux-argentea\/\",\"name\":\"Cerceaux Argentea - Yasmin\",\"isPartOf\":{\"@id\":\"https:\/\/joyasyasmin.com\/fr\/#website\"},\"primaryImageOfPage\":{\"@id\":\"https:\/\/joyasyasmin.com\/fr\/producto\/cerceaux-argentea\/#primaryimage\"},\"image\":{\"@id\":\"https:\/\/joyasyasmin.com\/fr\/producto\/cerceaux-argentea\/#primaryimage\"},\"thumbnailUrl\":\"https:\/\/joyasyasmin.com\/wp-content\/uploads\/2025\/04\/Aros-Argentea.jpg\",\"datePublished\":\"2025-04-12T19:52:38+00:00\",\"description\":\"Anneaux Argentea en argent 925, avec motif tourn\u00e9, zircon brillant et coquille centrale en perles. Taille 23mm, fermeture \u00e0 pression. Id\u00e9al pour votre journ\u00e9e pr\u00e9f\u00e9r\u00e9e.\",\"breadcrumb\":{\"@id\":\"https:\/\/joyasyasmin.com\/fr\/producto\/cerceaux-argentea\/#breadcrumb\"},\"inLanguage\":\"fr-FR\",\"potentialAction\":[{\"@type\":\"ReadAction\",\"target\":[\"https:\/\/joyasyasmin.com\/fr\/producto\/cerceaux-argentea\/\"]}]},{\"@type\":\"ImageObject\",\"inLanguage\":\"fr-FR\",\"@id\":\"https:\/\/joyasyasmin.com\/fr\/producto\/cerceaux-argentea\/#primaryimage\",\"url\":\"https:\/\/joyasyasmin.com\/wp-content\/uploads\/2025\/04\/Aros-Argentea.jpg\",\"contentUrl\":\"https:\/\/joyasyasmin.com\/wp-content\/uploads\/2025\/04\/Aros-Argentea.jpg\",\"width\":1000,\"height\":1000,\"caption\":\"Vente de bague en argent sterling 925 avec perle\"},{\"@type\":\"BreadcrumbList\",\"@id\":\"https:\/\/joyasyasmin.com\/fr\/producto\/cerceaux-argentea\/#breadcrumb\",\"itemListElement\":[{\"@type\":\"ListItem\",\"position\":1,\"name\":\"Portada\",\"item\":\"https:\/\/joyasyasmin.com\/fr\/domicile\/\"},{\"@type\":\"ListItem\",\"position\":2,\"name\":\"Boutique\",\"item\":\"https:\/\/joyasyasmin.com\/fr\/boutique\/\"},{\"@type\":\"ListItem\",\"position\":3,\"name\":\"Cerceaux Argentea\"}]},{\"@type\":\"WebSite\",\"@id\":\"https:\/\/joyasyasmin.com\/fr\/#website\",\"url\":\"https:\/\/joyasyasmin.com\/fr\/\",\"name\":\"Yasmin\",\"description\":\"Joyer\u00eda de Plata 925 - Pendientes, pulseras, anillos, colgantes y m\u00e1s!\",\"publisher\":{\"@id\":\"https:\/\/joyasyasmin.com\/fr\/#organization\"},\"potentialAction\":[{\"@type\":\"SearchAction\",\"target\":{\"@type\":\"EntryPoint\",\"urlTemplate\":\"https:\/\/joyasyasmin.com\/fr\/?s={search_term_string}\"},\"query-input\":{\"@type\":\"PropertyValueSpecification\",\"valueRequired\":true,\"valueName\":\"search_term_string\"}}],\"inLanguage\":\"fr-FR\"},{\"@type\":\"Organization\",\"@id\":\"https:\/\/joyasyasmin.com\/fr\/#organization\",\"name\":\"joyas yasmin\",\"url\":\"https:\/\/joyasyasmin.com\/fr\/\",\"logo\":{\"@type\":\"ImageObject\",\"inLanguage\":\"fr-FR\",\"@id\":\"https:\/\/joyasyasmin.com\/fr\/#\/schema\/logo\/image\/\",\"url\":\"https:\/\/joyasyasmin.com\/wp-content\/uploads\/2017\/06\/IMG-20200429-WA0051.jpg\",\"contentUrl\":\"https:\/\/joyasyasmin.com\/wp-content\/uploads\/2017\/06\/IMG-20200429-WA0051.jpg\",\"width\":1080,\"height\":545,\"caption\":\"joyas yasmin\"},\"image\":{\"@id\":\"https:\/\/joyasyasmin.com\/fr\/#\/schema\/logo\/image\/\"},\"sameAs\":[\"https:\/\/www.facebook.com\/Joyas-Yasmin-217664058934169\/\",\"https:\/\/www.instagram.com\/invites\/contact\/\"]}]}<\/script>\n<!-- \/ Yoast SEO plugin. -->","yoast_head_json":{"title":"Cerceaux Argentea - Yasmin","description":"Anneaux Argentea en argent 925, avec motif tourn\u00e9, zircon brillant et coquille centrale en perles. Taille 23mm, fermeture \u00e0 pression. Id\u00e9al pour votre journ\u00e9e pr\u00e9f\u00e9r\u00e9e.","robots":{"index":"index","follow":"follow","max-snippet":"max-snippet:-1","max-image-preview":"max-image-preview:large","max-video-preview":"max-video-preview:-1"},"canonical":"https:\/\/joyasyasmin.com\/fr\/producto\/cerceaux-argentea\/","og_locale":"fr_FR","og_title":"Cerceaux Argentea - Yasmin","og_description":"Anneaux Argentea en argent 925, avec motif tourn\u00e9, zircon brillant et coquille centrale en perles. Taille 23mm, fermeture \u00e0 pression. Id\u00e9al pour votre journ\u00e9e pr\u00e9f\u00e9r\u00e9e.","og_url":"https:\/\/joyasyasmin.com\/fr\/producto\/cerceaux-argentea\/","og_site_name":"Yasmin","article_publisher":"https:\/\/www.facebook.com\/Joyas-Yasmin-217664058934169\/","og_image":[{"width":1000,"height":1000,"url":"https:\/\/joyasyasmin.com\/wp-content\/uploads\/2025\/04\/Aros-Argentea.jpg","type":"image\/jpeg"}],"twitter_card":"summary_large_image","schema":{"@context":"https:\/\/schema.org","@graph":[{"@type":["WebPage","ItemPage"],"@id":"https:\/\/joyasyasmin.com\/fr\/producto\/cerceaux-argentea\/","url":"https:\/\/joyasyasmin.com\/fr\/producto\/cerceaux-argentea\/","name":"Cerceaux Argentea - Yasmin","isPartOf":{"@id":"https:\/\/joyasyasmin.com\/fr\/#website"},"primaryImageOfPage":{"@id":"https:\/\/joyasyasmin.com\/fr\/producto\/cerceaux-argentea\/#primaryimage"},"image":{"@id":"https:\/\/joyasyasmin.com\/fr\/producto\/cerceaux-argentea\/#primaryimage"},"thumbnailUrl":"https:\/\/joyasyasmin.com\/wp-content\/uploads\/2025\/04\/Aros-Argentea.jpg","datePublished":"2025-04-12T19:52:38+00:00","description":"Anneaux Argentea en argent 925, avec motif tourn\u00e9, zircon brillant et coquille centrale en perles. Taille 23mm, fermeture \u00e0 pression. Id\u00e9al pour votre journ\u00e9e pr\u00e9f\u00e9r\u00e9e.","breadcrumb":{"@id":"https:\/\/joyasyasmin.com\/fr\/producto\/cerceaux-argentea\/#breadcrumb"},"inLanguage":"fr-FR","potentialAction":[{"@type":"ReadAction","target":["https:\/\/joyasyasmin.com\/fr\/producto\/cerceaux-argentea\/"]}]},{"@type":"ImageObject","inLanguage":"fr-FR","@id":"https:\/\/joyasyasmin.com\/fr\/producto\/cerceaux-argentea\/#primaryimage","url":"https:\/\/joyasyasmin.com\/wp-content\/uploads\/2025\/04\/Aros-Argentea.jpg","contentUrl":"https:\/\/joyasyasmin.com\/wp-content\/uploads\/2025\/04\/Aros-Argentea.jpg","width":1000,"height":1000,"caption":"Vente de bague en argent sterling 925 avec perle"},{"@type":"BreadcrumbList","@id":"https:\/\/joyasyasmin.com\/fr\/producto\/cerceaux-argentea\/#breadcrumb","itemListElement":[{"@type":"ListItem","position":1,"name":"Portada","item":"https:\/\/joyasyasmin.com\/fr\/domicile\/"},{"@type":"ListItem","position":2,"name":"Boutique","item":"https:\/\/joyasyasmin.com\/fr\/boutique\/"},{"@type":"ListItem","position":3,"name":"Cerceaux Argentea"}]},{"@type":"WebSite","@id":"https:\/\/joyasyasmin.com\/fr\/#website","url":"https:\/\/joyasyasmin.com\/fr\/","name":"Yasmin","description":"Joyer\u00eda de Plata 925 - Pendientes, pulseras, anillos, colgantes y m\u00e1s!","publisher":{"@id":"https:\/\/joyasyasmin.com\/fr\/#organization"},"potentialAction":[{"@type":"SearchAction","target":{"@type":"EntryPoint","urlTemplate":"https:\/\/joyasyasmin.com\/fr\/?s={search_term_string}"},"query-input":{"@type":"PropertyValueSpecification","valueRequired":true,"valueName":"search_term_string"}}],"inLanguage":"fr-FR"},{"@type":"Organization","@id":"https:\/\/joyasyasmin.com\/fr\/#organization","name":"joyas yasmin","url":"https:\/\/joyasyasmin.com\/fr\/","logo":{"@type":"ImageObject","inLanguage":"fr-FR","@id":"https:\/\/joyasyasmin.com\/fr\/#\/schema\/logo\/image\/","url":"https:\/\/joyasyasmin.com\/wp-content\/uploads\/2017\/06\/IMG-20200429-WA0051.jpg","contentUrl":"https:\/\/joyasyasmin.com\/wp-content\/uploads\/2017\/06\/IMG-20200429-WA0051.jpg","width":1080,"height":545,"caption":"joyas yasmin"},"image":{"@id":"https:\/\/joyasyasmin.com\/fr\/#\/schema\/logo\/image\/"},"sameAs":["https:\/\/www.facebook.com\/Joyas-Yasmin-217664058934169\/","https:\/\/www.instagram.com\/invites\/contact\/"]}]}},"_links":{"self":[{"href":"https:\/\/joyasyasmin.com\/fr\/wp-json\/wp\/v2\/product\/32378","targetHints":{"allow":["GET"]}}],"collection":[{"href":"https:\/\/joyasyasmin.com\/fr\/wp-json\/wp\/v2\/product"}],"about":[{"href":"https:\/\/joyasyasmin.com\/fr\/wp-json\/wp\/v2\/types\/product"}],"replies":[{"embeddable":true,"href":"https:\/\/joyasyasmin.com\/fr\/wp-json\/wp\/v2\/comments?post=32378"}],"version-history":[{"count":0,"href":"https:\/\/joyasyasmin.com\/fr\/wp-json\/wp\/v2\/product\/32378\/revisions"}],"wp:featuredmedia":[{"embeddable":true,"href":"https:\/\/joyasyasmin.com\/fr\/wp-json\/wp\/v2\/media\/31601"}],"wp:attachment":[{"href":"https:\/\/joyasyasmin.com\/fr\/wp-json\/wp\/v2\/media?parent=32378"}],"wp:term":[{"taxonomy":"product_brand","embeddable":true,"href":"https:\/\/joyasyasmin.com\/fr\/wp-json\/wp\/v2\/product_brand?post=32378"},{"taxonomy":"product_cat","embeddable":true,"href":"https:\/\/joyasyasmin.com\/fr\/wp-json\/wp\/v2\/product_cat?post=32378"},{"taxonomy":"product_tag","embeddable":true,"href":"https:\/\/joyasyasmin.com\/fr\/wp-json\/wp\/v2\/product_tag?post=32378"}],"curies":[{"name":"wp","href":"https:\/\/api.w.org\/{rel}","templated":true}]}}